{"id":56040,"date":"2024-01-04T22:42:41","date_gmt":"2024-01-04T20:42:41","guid":{"rendered":"https:\/\/miumjau.ee\/toode\/stipra-sienas-kaku-gulvieta-petrebels-box-60-rusty-oak\/"},"modified":"2024-01-04T22:42:41","modified_gmt":"2024-01-04T20:42:41","slug":"stipra-sienas-kaku-gulvieta-petrebels-box-60-rusty-oak","status":"publish","type":"product","link":"https:\/\/miumjau.ee\/lv\/produkts\/stipra-sienas-kaku-gulvieta-petrebels-box-60-rusty-oak\/","title":{"rendered":"Stipra sienas ka\u0137u gu\u013cvieta Petrebels Box 60, rusty oak"},"content":{"rendered":"","protected":false},"excerpt":{"rendered":"<p data-start=\"56\" data-end=\"648\">Ka\u0137i m\u012bl kast\u012btes, t\u0101p\u0113c tas bija m\u016bsu s\u0101kumpunkts, veidojot Box 60 \u2013 person\u012bgu ka\u0137a atp\u016btas vietu. \u0160\u012b ka\u0137u gu\u013cvieta kar\u0101jas pie sienas un ir skaista un ietilp\u012bga. Katrs ka\u0137is v\u0113las taj\u0101 saldi izgul\u0113ties! Papildus tam gu\u013cvietas jumts ir p\u0101rkl\u0101ts ar iztur\u012bgu sisal pakl\u0101ju, kas paredz\u0113ts skr\u0101p\u0113\u0161anai. Box 60 ir da\u013ca no m\u016bsu Wall of Rebels kolekcijas, kur atrad\u012bsit skaistus produktus ka\u0137iem gul\u0113\u0161anai, sp\u0113l\u0113\u0161anai, k\u0101p\u0161anai, skrie\u0161anai un skr\u0101p\u0113\u0161anai. Visus elementus var neierobe\u017eoti kombin\u0113t. Savienojiet gu\u013cvietas ar for\u0161ajiem Bridge vai Scratch 70 mode\u013ciem vai, piem\u0113ram, izmantojot k\u0101pnes.<\/p>\n<p data-start=\"650\" data-end=\"919\" data-is-last-node=\"\" data-is-only-node=\"\">Izm\u0113ri \u2013 garums 60 cm, platums 35 cm, augstums 35 cm<br data-start=\"702\" data-end=\"705\" \/>Produkta svars 8 kg<br data-start=\"724\" data-end=\"727\" data-is-only-node=\"\" \/>Gu\u013cvieta izgatavota no liekta eikalipta finiera un p\u0101rkl\u0101ta ar sisal pakl\u0101ju<br data-start=\"803\" data-end=\"806\" \/>Spilvens 4 cm biezs, mazg\u0101jams un stiprin\u0101ms ar spr\u0101dzi<br data-start=\"861\" data-end=\"864\" \/>Piestiprin\u0101ma ar iztur\u012bgu Z-stieni (iek\u013cauts komplekt\u0101)<\/p>\n","protected":false},"featured_media":56041,"template":"","meta":[],"product_brand":[],"product_cat":[593,573],"product_tag":[],"class_list":{"0":"post-56040","1":"product","2":"type-product","3":"status-publish","4":"has-post-thumbnail","6":"product_cat-kapelesanas-siena-kakiem","7":"product_cat-kaup24-lv","8":"product_shipping_class-pakiautomaati-sobimatu-lv","10":"first","11":"instock","12":"sale","13":"taxable","14":"shipping-taxable","15":"purchasable","16":"product-type-simple"},"yoast_head":"<!-- This site is optimized with the Yoast SEO plugin v27.4 - https:\/\/yoast.com\/product\/yoast-seo-wordpress\/ -->\n<title>Stipra sienas ka\u0137u gu\u013cvieta Petrebels Box 60, rusty oak - MiuMjau<\/title>\n<meta name=\"robots\" content=\"index, follow, max-snippet:-1, max-image-preview:large, max-video-preview:-1\" \/>\n<link rel=\"canonical\" href=\"https:\/\/miumjau.ee\/lv\/produkts\/stipra-sienas-kaku-gulvieta-petrebels-box-60-rusty-oak\/\" \/>\n<meta property=\"og:locale\" content=\"lv_LV\" \/>\n<meta property=\"og:type\" content=\"article\" \/>\n<meta property=\"og:title\" content=\"Stipra sienas ka\u0137u gu\u013cvieta Petrebels Box 60, rusty oak - MiuMjau\" \/>\n<meta property=\"og:description\" content=\"Ka\u0137i m\u012bl kast\u012btes, t\u0101p\u0113c tas bija m\u016bsu s\u0101kumpunkts, veidojot Box 60 \u2013 person\u012bgu ka\u0137a atp\u016btas vietu. \u0160\u012b ka\u0137u gu\u013cvieta kar\u0101jas pie sienas un ir skaista un ietilp\u012bga. Katrs ka\u0137is v\u0113las taj\u0101 saldi izgul\u0113ties! Papildus tam gu\u013cvietas jumts ir p\u0101rkl\u0101ts ar iztur\u012bgu sisal pakl\u0101ju, kas paredz\u0113ts skr\u0101p\u0113\u0161anai. Box 60 ir da\u013ca no m\u016bsu Wall of Rebels kolekcijas, kur atrad\u012bsit skaistus produktus ka\u0137iem gul\u0113\u0161anai, sp\u0113l\u0113\u0161anai, k\u0101p\u0161anai, skrie\u0161anai un skr\u0101p\u0113\u0161anai. Visus elementus var neierobe\u017eoti kombin\u0113t. Savienojiet gu\u013cvietas ar for\u0161ajiem Bridge vai Scratch 70 mode\u013ciem vai, piem\u0113ram, izmantojot k\u0101pnes. Izm\u0113ri \u2013 garums 60 cm, platums 35 cm, augstums 35 cmProdukta svars 8 kgGu\u013cvieta izgatavota no liekta eikalipta finiera un p\u0101rkl\u0101ta ar sisal pakl\u0101juSpilvens 4 cm biezs, mazg\u0101jams un stiprin\u0101ms ar spr\u0101dziPiestiprin\u0101ma ar iztur\u012bgu Z-stieni (iek\u013cauts komplekt\u0101)\" \/>\n<meta property=\"og:url\" content=\"https:\/\/miumjau.ee\/lv\/produkts\/stipra-sienas-kaku-gulvieta-petrebels-box-60-rusty-oak\/\" \/>\n<meta property=\"og:site_name\" content=\"MiuMjau\" \/>\n<meta property=\"article:publisher\" content=\"https:\/\/www.facebook.com\/miumjaupood\/\" \/>\n<meta property=\"og:image\" content=\"https:\/\/miumjau.ee\/wp-content\/uploads\/2023\/12\/seinakinnitusega-pesa-box605.jpg\" \/>\n\t<meta property=\"og:image:width\" content=\"600\" \/>\n\t<meta property=\"og:image:height\" content=\"800\" \/>\n\t<meta property=\"og:image:type\" content=\"image\/jpeg\" \/>\n<meta name=\"twitter:card\" content=\"summary_large_image\" \/>\n<script type=\"application\/ld+json\" class=\"yoast-schema-graph\">{\"@context\":\"https:\\\/\\\/schema.org\",\"@graph\":[{\"@type\":\"WebPage\",\"@id\":\"https:\\\/\\\/miumjau.ee\\\/lv\\\/produkts\\\/stipra-sienas-kaku-gulvieta-petrebels-box-60-rusty-oak\\\/\",\"url\":\"https:\\\/\\\/miumjau.ee\\\/lv\\\/produkts\\\/stipra-sienas-kaku-gulvieta-petrebels-box-60-rusty-oak\\\/\",\"name\":\"Stipra sienas ka\u0137u gu\u013cvieta Petrebels Box 60, rusty oak - MiuMjau\",\"isPartOf\":{\"@id\":\"https:\\\/\\\/miumjau.ee\\\/#website\"},\"primaryImageOfPage\":{\"@id\":\"https:\\\/\\\/miumjau.ee\\\/lv\\\/produkts\\\/stipra-sienas-kaku-gulvieta-petrebels-box-60-rusty-oak\\\/#primaryimage\"},\"image\":{\"@id\":\"https:\\\/\\\/miumjau.ee\\\/lv\\\/produkts\\\/stipra-sienas-kaku-gulvieta-petrebels-box-60-rusty-oak\\\/#primaryimage\"},\"thumbnailUrl\":\"https:\\\/\\\/miumjau.ee\\\/wp-content\\\/uploads\\\/2023\\\/12\\\/seinakinnitusega-pesa-box605.jpg\",\"datePublished\":\"2024-01-04T20:42:41+00:00\",\"breadcrumb\":{\"@id\":\"https:\\\/\\\/miumjau.ee\\\/lv\\\/produkts\\\/stipra-sienas-kaku-gulvieta-petrebels-box-60-rusty-oak\\\/#breadcrumb\"},\"inLanguage\":\"lv-LV\",\"potentialAction\":[{\"@type\":\"ReadAction\",\"target\":[\"https:\\\/\\\/miumjau.ee\\\/lv\\\/produkts\\\/stipra-sienas-kaku-gulvieta-petrebels-box-60-rusty-oak\\\/\"]}]},{\"@type\":\"ImageObject\",\"inLanguage\":\"lv-LV\",\"@id\":\"https:\\\/\\\/miumjau.ee\\\/lv\\\/produkts\\\/stipra-sienas-kaku-gulvieta-petrebels-box-60-rusty-oak\\\/#primaryimage\",\"url\":\"https:\\\/\\\/miumjau.ee\\\/wp-content\\\/uploads\\\/2023\\\/12\\\/seinakinnitusega-pesa-box605.jpg\",\"contentUrl\":\"https:\\\/\\\/miumjau.ee\\\/wp-content\\\/uploads\\\/2023\\\/12\\\/seinakinnitusega-pesa-box605.jpg\",\"width\":600,\"height\":800},{\"@type\":\"BreadcrumbList\",\"@id\":\"https:\\\/\\\/miumjau.ee\\\/lv\\\/produkts\\\/stipra-sienas-kaku-gulvieta-petrebels-box-60-rusty-oak\\\/#breadcrumb\",\"itemListElement\":[{\"@type\":\"ListItem\",\"position\":1,\"name\":\"Home\",\"item\":\"https:\\\/\\\/miumjau.ee\\\/lv\\\/\"},{\"@type\":\"ListItem\",\"position\":2,\"name\":\"Veikals\",\"item\":\"https:\\\/\\\/miumjau.ee\\\/lv\\\/veikals\\\/\"},{\"@type\":\"ListItem\",\"position\":3,\"name\":\"Stipra sienas ka\u0137u gu\u013cvieta Petrebels Box 60, rusty oak\"}]},{\"@type\":\"WebSite\",\"@id\":\"https:\\\/\\\/miumjau.ee\\\/#website\",\"url\":\"https:\\\/\\\/miumjau.ee\\\/\",\"name\":\"MiuMjau\",\"description\":\"Kraapimispuud kassidele\",\"publisher\":{\"@id\":\"https:\\\/\\\/miumjau.ee\\\/#organization\"},\"potentialAction\":[{\"@type\":\"SearchAction\",\"target\":{\"@type\":\"EntryPoint\",\"urlTemplate\":\"https:\\\/\\\/miumjau.ee\\\/?s={search_term_string}\"},\"query-input\":{\"@type\":\"PropertyValueSpecification\",\"valueRequired\":true,\"valueName\":\"search_term_string\"}}],\"inLanguage\":\"lv-LV\"},{\"@type\":\"Organization\",\"@id\":\"https:\\\/\\\/miumjau.ee\\\/#organization\",\"name\":\"MiuMjau O\u00dc\",\"url\":\"https:\\\/\\\/miumjau.ee\\\/\",\"logo\":{\"@type\":\"ImageObject\",\"inLanguage\":\"lv-LV\",\"@id\":\"https:\\\/\\\/miumjau.ee\\\/#\\\/schema\\\/logo\\\/image\\\/\",\"url\":\"https:\\\/\\\/miumjau.ee\\\/wp-content\\\/uploads\\\/2022\\\/04\\\/MiuMjau-logo-kollane.png\",\"contentUrl\":\"https:\\\/\\\/miumjau.ee\\\/wp-content\\\/uploads\\\/2022\\\/04\\\/MiuMjau-logo-kollane.png\",\"width\":219,\"height\":100,\"caption\":\"MiuMjau O\u00dc\"},\"image\":{\"@id\":\"https:\\\/\\\/miumjau.ee\\\/#\\\/schema\\\/logo\\\/image\\\/\"},\"sameAs\":[\"https:\\\/\\\/www.facebook.com\\\/miumjaupood\\\/\"]}]}<\/script>\n<!-- \/ Yoast SEO plugin. -->","yoast_head_json":{"title":"Stipra sienas ka\u0137u gu\u013cvieta Petrebels Box 60, rusty oak - MiuMjau","robots":{"index":"index","follow":"follow","max-snippet":"max-snippet:-1","max-image-preview":"max-image-preview:large","max-video-preview":"max-video-preview:-1"},"canonical":"https:\/\/miumjau.ee\/lv\/produkts\/stipra-sienas-kaku-gulvieta-petrebels-box-60-rusty-oak\/","og_locale":"lv_LV","og_type":"article","og_title":"Stipra sienas ka\u0137u gu\u013cvieta Petrebels Box 60, rusty oak - MiuMjau","og_description":"Ka\u0137i m\u012bl kast\u012btes, t\u0101p\u0113c tas bija m\u016bsu s\u0101kumpunkts, veidojot Box 60 \u2013 person\u012bgu ka\u0137a atp\u016btas vietu. \u0160\u012b ka\u0137u gu\u013cvieta kar\u0101jas pie sienas un ir skaista un ietilp\u012bga. Katrs ka\u0137is v\u0113las taj\u0101 saldi izgul\u0113ties! Papildus tam gu\u013cvietas jumts ir p\u0101rkl\u0101ts ar iztur\u012bgu sisal pakl\u0101ju, kas paredz\u0113ts skr\u0101p\u0113\u0161anai. Box 60 ir da\u013ca no m\u016bsu Wall of Rebels kolekcijas, kur atrad\u012bsit skaistus produktus ka\u0137iem gul\u0113\u0161anai, sp\u0113l\u0113\u0161anai, k\u0101p\u0161anai, skrie\u0161anai un skr\u0101p\u0113\u0161anai. Visus elementus var neierobe\u017eoti kombin\u0113t. Savienojiet gu\u013cvietas ar for\u0161ajiem Bridge vai Scratch 70 mode\u013ciem vai, piem\u0113ram, izmantojot k\u0101pnes. Izm\u0113ri \u2013 garums 60 cm, platums 35 cm, augstums 35 cmProdukta svars 8 kgGu\u013cvieta izgatavota no liekta eikalipta finiera un p\u0101rkl\u0101ta ar sisal pakl\u0101juSpilvens 4 cm biezs, mazg\u0101jams un stiprin\u0101ms ar spr\u0101dziPiestiprin\u0101ma ar iztur\u012bgu Z-stieni (iek\u013cauts komplekt\u0101)","og_url":"https:\/\/miumjau.ee\/lv\/produkts\/stipra-sienas-kaku-gulvieta-petrebels-box-60-rusty-oak\/","og_site_name":"MiuMjau","article_publisher":"https:\/\/www.facebook.com\/miumjaupood\/","og_image":[{"width":600,"height":800,"url":"https:\/\/miumjau.ee\/wp-content\/uploads\/2023\/12\/seinakinnitusega-pesa-box605.jpg","type":"image\/jpeg"}],"twitter_card":"summary_large_image","schema":{"@context":"https:\/\/schema.org","@graph":[{"@type":"WebPage","@id":"https:\/\/miumjau.ee\/lv\/produkts\/stipra-sienas-kaku-gulvieta-petrebels-box-60-rusty-oak\/","url":"https:\/\/miumjau.ee\/lv\/produkts\/stipra-sienas-kaku-gulvieta-petrebels-box-60-rusty-oak\/","name":"Stipra sienas ka\u0137u gu\u013cvieta Petrebels Box 60, rusty oak - MiuMjau","isPartOf":{"@id":"https:\/\/miumjau.ee\/#website"},"primaryImageOfPage":{"@id":"https:\/\/miumjau.ee\/lv\/produkts\/stipra-sienas-kaku-gulvieta-petrebels-box-60-rusty-oak\/#primaryimage"},"image":{"@id":"https:\/\/miumjau.ee\/lv\/produkts\/stipra-sienas-kaku-gulvieta-petrebels-box-60-rusty-oak\/#primaryimage"},"thumbnailUrl":"https:\/\/miumjau.ee\/wp-content\/uploads\/2023\/12\/seinakinnitusega-pesa-box605.jpg","datePublished":"2024-01-04T20:42:41+00:00","breadcrumb":{"@id":"https:\/\/miumjau.ee\/lv\/produkts\/stipra-sienas-kaku-gulvieta-petrebels-box-60-rusty-oak\/#breadcrumb"},"inLanguage":"lv-LV","potentialAction":[{"@type":"ReadAction","target":["https:\/\/miumjau.ee\/lv\/produkts\/stipra-sienas-kaku-gulvieta-petrebels-box-60-rusty-oak\/"]}]},{"@type":"ImageObject","inLanguage":"lv-LV","@id":"https:\/\/miumjau.ee\/lv\/produkts\/stipra-sienas-kaku-gulvieta-petrebels-box-60-rusty-oak\/#primaryimage","url":"https:\/\/miumjau.ee\/wp-content\/uploads\/2023\/12\/seinakinnitusega-pesa-box605.jpg","contentUrl":"https:\/\/miumjau.ee\/wp-content\/uploads\/2023\/12\/seinakinnitusega-pesa-box605.jpg","width":600,"height":800},{"@type":"BreadcrumbList","@id":"https:\/\/miumjau.ee\/lv\/produkts\/stipra-sienas-kaku-gulvieta-petrebels-box-60-rusty-oak\/#breadcrumb","itemListElement":[{"@type":"ListItem","position":1,"name":"Home","item":"https:\/\/miumjau.ee\/lv\/"},{"@type":"ListItem","position":2,"name":"Veikals","item":"https:\/\/miumjau.ee\/lv\/veikals\/"},{"@type":"ListItem","position":3,"name":"Stipra sienas ka\u0137u gu\u013cvieta Petrebels Box 60, rusty oak"}]},{"@type":"WebSite","@id":"https:\/\/miumjau.ee\/#website","url":"https:\/\/miumjau.ee\/","name":"MiuMjau","description":"Kraapimispuud kassidele","publisher":{"@id":"https:\/\/miumjau.ee\/#organization"},"potentialAction":[{"@type":"SearchAction","target":{"@type":"EntryPoint","urlTemplate":"https:\/\/miumjau.ee\/?s={search_term_string}"},"query-input":{"@type":"PropertyValueSpecification","valueRequired":true,"valueName":"search_term_string"}}],"inLanguage":"lv-LV"},{"@type":"Organization","@id":"https:\/\/miumjau.ee\/#organization","name":"MiuMjau O\u00dc","url":"https:\/\/miumjau.ee\/","logo":{"@type":"ImageObject","inLanguage":"lv-LV","@id":"https:\/\/miumjau.ee\/#\/schema\/logo\/image\/","url":"https:\/\/miumjau.ee\/wp-content\/uploads\/2022\/04\/MiuMjau-logo-kollane.png","contentUrl":"https:\/\/miumjau.ee\/wp-content\/uploads\/2022\/04\/MiuMjau-logo-kollane.png","width":219,"height":100,"caption":"MiuMjau O\u00dc"},"image":{"@id":"https:\/\/miumjau.ee\/#\/schema\/logo\/image\/"},"sameAs":["https:\/\/www.facebook.com\/miumjaupood\/"]}]}},"_links":{"self":[{"href":"https:\/\/miumjau.ee\/lv\/wp-json\/wp\/v2\/product\/56040","targetHints":{"allow":["GET"]}}],"collection":[{"href":"https:\/\/miumjau.ee\/lv\/wp-json\/wp\/v2\/product"}],"about":[{"href":"https:\/\/miumjau.ee\/lv\/wp-json\/wp\/v2\/types\/product"}],"wp:featuredmedia":[{"embeddable":true,"href":"https:\/\/miumjau.ee\/lv\/wp-json\/wp\/v2\/media\/56041"}],"wp:attachment":[{"href":"https:\/\/miumjau.ee\/lv\/wp-json\/wp\/v2\/media?parent=56040"}],"wp:term":[{"taxonomy":"product_brand","embeddable":true,"href":"https:\/\/miumjau.ee\/lv\/wp-json\/wp\/v2\/product_brand?post=56040"},{"taxonomy":"product_cat","embeddable":true,"href":"https:\/\/miumjau.ee\/lv\/wp-json\/wp\/v2\/product_cat?post=56040"},{"taxonomy":"product_tag","embeddable":true,"href":"https:\/\/miumjau.ee\/lv\/wp-json\/wp\/v2\/product_tag?post=56040"}],"curies":[{"name":"wp","href":"https:\/\/api.w.org\/{rel}","templated":true}]}}