{"id":56030,"date":"2024-01-04T21:57:45","date_gmt":"2024-01-04T19:57:45","guid":{"rendered":"https:\/\/miumjau.ee\/toode\/petrebels-hang-squere-1240-wenge\/"},"modified":"2024-01-04T21:57:45","modified_gmt":"2024-01-04T19:57:45","slug":"petrebels-hang-squere-1240-wenge","status":"publish","type":"product","link":"https:\/\/miumjau.ee\/lv\/produkts\/petrebels-hang-squere-1240-wenge\/","title":{"rendered":"Petrebels Hang Squere 1240, wenge"},"content":{"rendered":"","protected":false},"excerpt":{"rendered":"<p data-start=\"0\" data-end=\"552\">Sienai piestiprin\u0101ms gu\u013cvietas pods no N\u012bderlandes kvalit\u0101tes z\u012bmola Petrebels ir da\u013ca no j\u016bsu pl\u0101not\u0101s k\u0101p\u0161anas sienas. P\u0101rsteidziet savu ka\u0137i ar visluxus\u012bg\u0101ko un m\u012bkst\u0101ko gu\u013cvietu, kuru ir viegli uztur\u0113t! \u0160im p\u0101rvalkam ir r\u0101v\u0113jsl\u0113dz\u0113js, kas \u013cauj to no\u0146emt un mazg\u0101t ve\u013cas ma\u0161\u012bn\u0101. Tas ir da\u013ca no kolekcijas Wall of Rebels, kur katrs elements sniedz ka\u0137im t\u012bru prieku. Esiet rado\u0161i un izveidojiet sev pat\u012bkamu un ka\u0137a vajadz\u012bb\u0101m atbilsto\u0161u k\u0101p\u0161anas sienu, izmantojot da\u017e\u0101dus elementus, piem\u0113ram, pak\u0101pienus, gu\u013cvietas, skr\u0101p\u0113\u0161anas stat\u012bvus, k\u0101pnes utt.<\/p>\n<p data-start=\"554\" data-end=\"727\">Izm\u0113ri \u2013 40 \u00d7 40 cm, augstums 6 cm<br data-start=\"588\" data-end=\"591\" \/>Komplekt\u0101 iek\u013cauti stiprin\u0101jumi Disc 12 un Hold 12<br data-start=\"641\" data-end=\"644\" data-is-only-node=\"\" \/>Papildus tam komplekt\u0101 ir sienas stiprin\u0101jumi \u2013 viss, kas nepiecie\u0161ams uzst\u0101d\u012b\u0161anai<\/p>\n<p data-start=\"729\" data-end=\"756\" data-is-last-node=\"\" data-is-only-node=\"\">Tik m\u012bksts un tik pat\u012bkams!<\/p>\n","protected":false},"featured_media":56031,"template":"","meta":[],"product_brand":[],"product_cat":[593,573],"product_tag":[],"class_list":{"0":"post-56030","1":"product","2":"type-product","3":"status-publish","4":"has-post-thumbnail","6":"product_cat-kapelesanas-siena-kakiem","7":"product_cat-kaup24-lv","8":"product_shipping_class-pakiautomaati-sobimatu-lv","10":"first","11":"instock","12":"sale","13":"taxable","14":"shipping-taxable","15":"purchasable","16":"product-type-simple"},"yoast_head":"<!-- This site is optimized with the Yoast SEO plugin v27.4 - https:\/\/yoast.com\/product\/yoast-seo-wordpress\/ -->\n<title>Petrebels Hang Squere 1240, wenge - MiuMjau<\/title>\n<meta name=\"robots\" content=\"index, follow, max-snippet:-1, max-image-preview:large, max-video-preview:-1\" \/>\n<link rel=\"canonical\" href=\"https:\/\/miumjau.ee\/lv\/produkts\/petrebels-hang-squere-1240-wenge\/\" \/>\n<meta property=\"og:locale\" content=\"lv_LV\" \/>\n<meta property=\"og:type\" content=\"article\" \/>\n<meta property=\"og:title\" content=\"Petrebels Hang Squere 1240, wenge - MiuMjau\" \/>\n<meta property=\"og:description\" content=\"Sienai piestiprin\u0101ms gu\u013cvietas pods no N\u012bderlandes kvalit\u0101tes z\u012bmola Petrebels ir da\u013ca no j\u016bsu pl\u0101not\u0101s k\u0101p\u0161anas sienas. P\u0101rsteidziet savu ka\u0137i ar visluxus\u012bg\u0101ko un m\u012bkst\u0101ko gu\u013cvietu, kuru ir viegli uztur\u0113t! \u0160im p\u0101rvalkam ir r\u0101v\u0113jsl\u0113dz\u0113js, kas \u013cauj to no\u0146emt un mazg\u0101t ve\u013cas ma\u0161\u012bn\u0101. Tas ir da\u013ca no kolekcijas Wall of Rebels, kur katrs elements sniedz ka\u0137im t\u012bru prieku. Esiet rado\u0161i un izveidojiet sev pat\u012bkamu un ka\u0137a vajadz\u012bb\u0101m atbilsto\u0161u k\u0101p\u0161anas sienu, izmantojot da\u017e\u0101dus elementus, piem\u0113ram, pak\u0101pienus, gu\u013cvietas, skr\u0101p\u0113\u0161anas stat\u012bvus, k\u0101pnes utt. Izm\u0113ri \u2013 40 \u00d7 40 cm, augstums 6 cmKomplekt\u0101 iek\u013cauti stiprin\u0101jumi Disc 12 un Hold 12Papildus tam komplekt\u0101 ir sienas stiprin\u0101jumi \u2013 viss, kas nepiecie\u0161ams uzst\u0101d\u012b\u0161anai Tik m\u012bksts un tik pat\u012bkams!\" \/>\n<meta property=\"og:url\" content=\"https:\/\/miumjau.ee\/lv\/produkts\/petrebels-hang-squere-1240-wenge\/\" \/>\n<meta property=\"og:site_name\" content=\"MiuMjau\" \/>\n<meta property=\"article:publisher\" content=\"https:\/\/www.facebook.com\/miumjaupood\/\" \/>\n<meta property=\"og:image\" content=\"https:\/\/miumjau.ee\/wp-content\/uploads\/2024\/01\/pesa-seinale-hangsquare124011.jpg\" \/>\n\t<meta property=\"og:image:width\" content=\"600\" \/>\n\t<meta property=\"og:image:height\" content=\"800\" \/>\n\t<meta property=\"og:image:type\" content=\"image\/jpeg\" \/>\n<meta name=\"twitter:card\" content=\"summary_large_image\" \/>\n<script type=\"application\/ld+json\" class=\"yoast-schema-graph\">{\"@context\":\"https:\\\/\\\/schema.org\",\"@graph\":[{\"@type\":\"WebPage\",\"@id\":\"https:\\\/\\\/miumjau.ee\\\/lv\\\/produkts\\\/petrebels-hang-squere-1240-wenge\\\/\",\"url\":\"https:\\\/\\\/miumjau.ee\\\/lv\\\/produkts\\\/petrebels-hang-squere-1240-wenge\\\/\",\"name\":\"Petrebels Hang Squere 1240, wenge - MiuMjau\",\"isPartOf\":{\"@id\":\"https:\\\/\\\/miumjau.ee\\\/#website\"},\"primaryImageOfPage\":{\"@id\":\"https:\\\/\\\/miumjau.ee\\\/lv\\\/produkts\\\/petrebels-hang-squere-1240-wenge\\\/#primaryimage\"},\"image\":{\"@id\":\"https:\\\/\\\/miumjau.ee\\\/lv\\\/produkts\\\/petrebels-hang-squere-1240-wenge\\\/#primaryimage\"},\"thumbnailUrl\":\"https:\\\/\\\/miumjau.ee\\\/wp-content\\\/uploads\\\/2024\\\/01\\\/pesa-seinale-hangsquare124011.jpg\",\"datePublished\":\"2024-01-04T19:57:45+00:00\",\"breadcrumb\":{\"@id\":\"https:\\\/\\\/miumjau.ee\\\/lv\\\/produkts\\\/petrebels-hang-squere-1240-wenge\\\/#breadcrumb\"},\"inLanguage\":\"lv-LV\",\"potentialAction\":[{\"@type\":\"ReadAction\",\"target\":[\"https:\\\/\\\/miumjau.ee\\\/lv\\\/produkts\\\/petrebels-hang-squere-1240-wenge\\\/\"]}]},{\"@type\":\"ImageObject\",\"inLanguage\":\"lv-LV\",\"@id\":\"https:\\\/\\\/miumjau.ee\\\/lv\\\/produkts\\\/petrebels-hang-squere-1240-wenge\\\/#primaryimage\",\"url\":\"https:\\\/\\\/miumjau.ee\\\/wp-content\\\/uploads\\\/2024\\\/01\\\/pesa-seinale-hangsquare124011.jpg\",\"contentUrl\":\"https:\\\/\\\/miumjau.ee\\\/wp-content\\\/uploads\\\/2024\\\/01\\\/pesa-seinale-hangsquare124011.jpg\",\"width\":600,\"height\":800},{\"@type\":\"BreadcrumbList\",\"@id\":\"https:\\\/\\\/miumjau.ee\\\/lv\\\/produkts\\\/petrebels-hang-squere-1240-wenge\\\/#breadcrumb\",\"itemListElement\":[{\"@type\":\"ListItem\",\"position\":1,\"name\":\"Home\",\"item\":\"https:\\\/\\\/miumjau.ee\\\/lv\\\/\"},{\"@type\":\"ListItem\",\"position\":2,\"name\":\"Veikals\",\"item\":\"https:\\\/\\\/miumjau.ee\\\/lv\\\/veikals\\\/\"},{\"@type\":\"ListItem\",\"position\":3,\"name\":\"Petrebels Hang Squere 1240, wenge\"}]},{\"@type\":\"WebSite\",\"@id\":\"https:\\\/\\\/miumjau.ee\\\/#website\",\"url\":\"https:\\\/\\\/miumjau.ee\\\/\",\"name\":\"MiuMjau\",\"description\":\"Kraapimispuud kassidele\",\"publisher\":{\"@id\":\"https:\\\/\\\/miumjau.ee\\\/#organization\"},\"potentialAction\":[{\"@type\":\"SearchAction\",\"target\":{\"@type\":\"EntryPoint\",\"urlTemplate\":\"https:\\\/\\\/miumjau.ee\\\/?s={search_term_string}\"},\"query-input\":{\"@type\":\"PropertyValueSpecification\",\"valueRequired\":true,\"valueName\":\"search_term_string\"}}],\"inLanguage\":\"lv-LV\"},{\"@type\":\"Organization\",\"@id\":\"https:\\\/\\\/miumjau.ee\\\/#organization\",\"name\":\"MiuMjau O\u00dc\",\"url\":\"https:\\\/\\\/miumjau.ee\\\/\",\"logo\":{\"@type\":\"ImageObject\",\"inLanguage\":\"lv-LV\",\"@id\":\"https:\\\/\\\/miumjau.ee\\\/#\\\/schema\\\/logo\\\/image\\\/\",\"url\":\"https:\\\/\\\/miumjau.ee\\\/wp-content\\\/uploads\\\/2022\\\/04\\\/MiuMjau-logo-kollane.png\",\"contentUrl\":\"https:\\\/\\\/miumjau.ee\\\/wp-content\\\/uploads\\\/2022\\\/04\\\/MiuMjau-logo-kollane.png\",\"width\":219,\"height\":100,\"caption\":\"MiuMjau O\u00dc\"},\"image\":{\"@id\":\"https:\\\/\\\/miumjau.ee\\\/#\\\/schema\\\/logo\\\/image\\\/\"},\"sameAs\":[\"https:\\\/\\\/www.facebook.com\\\/miumjaupood\\\/\"]}]}<\/script>\n<!-- \/ Yoast SEO plugin. -->","yoast_head_json":{"title":"Petrebels Hang Squere 1240, wenge - MiuMjau","robots":{"index":"index","follow":"follow","max-snippet":"max-snippet:-1","max-image-preview":"max-image-preview:large","max-video-preview":"max-video-preview:-1"},"canonical":"https:\/\/miumjau.ee\/lv\/produkts\/petrebels-hang-squere-1240-wenge\/","og_locale":"lv_LV","og_type":"article","og_title":"Petrebels Hang Squere 1240, wenge - MiuMjau","og_description":"Sienai piestiprin\u0101ms gu\u013cvietas pods no N\u012bderlandes kvalit\u0101tes z\u012bmola Petrebels ir da\u013ca no j\u016bsu pl\u0101not\u0101s k\u0101p\u0161anas sienas. P\u0101rsteidziet savu ka\u0137i ar visluxus\u012bg\u0101ko un m\u012bkst\u0101ko gu\u013cvietu, kuru ir viegli uztur\u0113t! \u0160im p\u0101rvalkam ir r\u0101v\u0113jsl\u0113dz\u0113js, kas \u013cauj to no\u0146emt un mazg\u0101t ve\u013cas ma\u0161\u012bn\u0101. Tas ir da\u013ca no kolekcijas Wall of Rebels, kur katrs elements sniedz ka\u0137im t\u012bru prieku. Esiet rado\u0161i un izveidojiet sev pat\u012bkamu un ka\u0137a vajadz\u012bb\u0101m atbilsto\u0161u k\u0101p\u0161anas sienu, izmantojot da\u017e\u0101dus elementus, piem\u0113ram, pak\u0101pienus, gu\u013cvietas, skr\u0101p\u0113\u0161anas stat\u012bvus, k\u0101pnes utt. Izm\u0113ri \u2013 40 \u00d7 40 cm, augstums 6 cmKomplekt\u0101 iek\u013cauti stiprin\u0101jumi Disc 12 un Hold 12Papildus tam komplekt\u0101 ir sienas stiprin\u0101jumi \u2013 viss, kas nepiecie\u0161ams uzst\u0101d\u012b\u0161anai Tik m\u012bksts un tik pat\u012bkams!","og_url":"https:\/\/miumjau.ee\/lv\/produkts\/petrebels-hang-squere-1240-wenge\/","og_site_name":"MiuMjau","article_publisher":"https:\/\/www.facebook.com\/miumjaupood\/","og_image":[{"width":600,"height":800,"url":"https:\/\/miumjau.ee\/wp-content\/uploads\/2024\/01\/pesa-seinale-hangsquare124011.jpg","type":"image\/jpeg"}],"twitter_card":"summary_large_image","schema":{"@context":"https:\/\/schema.org","@graph":[{"@type":"WebPage","@id":"https:\/\/miumjau.ee\/lv\/produkts\/petrebels-hang-squere-1240-wenge\/","url":"https:\/\/miumjau.ee\/lv\/produkts\/petrebels-hang-squere-1240-wenge\/","name":"Petrebels Hang Squere 1240, wenge - MiuMjau","isPartOf":{"@id":"https:\/\/miumjau.ee\/#website"},"primaryImageOfPage":{"@id":"https:\/\/miumjau.ee\/lv\/produkts\/petrebels-hang-squere-1240-wenge\/#primaryimage"},"image":{"@id":"https:\/\/miumjau.ee\/lv\/produkts\/petrebels-hang-squere-1240-wenge\/#primaryimage"},"thumbnailUrl":"https:\/\/miumjau.ee\/wp-content\/uploads\/2024\/01\/pesa-seinale-hangsquare124011.jpg","datePublished":"2024-01-04T19:57:45+00:00","breadcrumb":{"@id":"https:\/\/miumjau.ee\/lv\/produkts\/petrebels-hang-squere-1240-wenge\/#breadcrumb"},"inLanguage":"lv-LV","potentialAction":[{"@type":"ReadAction","target":["https:\/\/miumjau.ee\/lv\/produkts\/petrebels-hang-squere-1240-wenge\/"]}]},{"@type":"ImageObject","inLanguage":"lv-LV","@id":"https:\/\/miumjau.ee\/lv\/produkts\/petrebels-hang-squere-1240-wenge\/#primaryimage","url":"https:\/\/miumjau.ee\/wp-content\/uploads\/2024\/01\/pesa-seinale-hangsquare124011.jpg","contentUrl":"https:\/\/miumjau.ee\/wp-content\/uploads\/2024\/01\/pesa-seinale-hangsquare124011.jpg","width":600,"height":800},{"@type":"BreadcrumbList","@id":"https:\/\/miumjau.ee\/lv\/produkts\/petrebels-hang-squere-1240-wenge\/#breadcrumb","itemListElement":[{"@type":"ListItem","position":1,"name":"Home","item":"https:\/\/miumjau.ee\/lv\/"},{"@type":"ListItem","position":2,"name":"Veikals","item":"https:\/\/miumjau.ee\/lv\/veikals\/"},{"@type":"ListItem","position":3,"name":"Petrebels Hang Squere 1240, wenge"}]},{"@type":"WebSite","@id":"https:\/\/miumjau.ee\/#website","url":"https:\/\/miumjau.ee\/","name":"MiuMjau","description":"Kraapimispuud kassidele","publisher":{"@id":"https:\/\/miumjau.ee\/#organization"},"potentialAction":[{"@type":"SearchAction","target":{"@type":"EntryPoint","urlTemplate":"https:\/\/miumjau.ee\/?s={search_term_string}"},"query-input":{"@type":"PropertyValueSpecification","valueRequired":true,"valueName":"search_term_string"}}],"inLanguage":"lv-LV"},{"@type":"Organization","@id":"https:\/\/miumjau.ee\/#organization","name":"MiuMjau O\u00dc","url":"https:\/\/miumjau.ee\/","logo":{"@type":"ImageObject","inLanguage":"lv-LV","@id":"https:\/\/miumjau.ee\/#\/schema\/logo\/image\/","url":"https:\/\/miumjau.ee\/wp-content\/uploads\/2022\/04\/MiuMjau-logo-kollane.png","contentUrl":"https:\/\/miumjau.ee\/wp-content\/uploads\/2022\/04\/MiuMjau-logo-kollane.png","width":219,"height":100,"caption":"MiuMjau O\u00dc"},"image":{"@id":"https:\/\/miumjau.ee\/#\/schema\/logo\/image\/"},"sameAs":["https:\/\/www.facebook.com\/miumjaupood\/"]}]}},"_links":{"self":[{"href":"https:\/\/miumjau.ee\/lv\/wp-json\/wp\/v2\/product\/56030","targetHints":{"allow":["GET"]}}],"collection":[{"href":"https:\/\/miumjau.ee\/lv\/wp-json\/wp\/v2\/product"}],"about":[{"href":"https:\/\/miumjau.ee\/lv\/wp-json\/wp\/v2\/types\/product"}],"wp:featuredmedia":[{"embeddable":true,"href":"https:\/\/miumjau.ee\/lv\/wp-json\/wp\/v2\/media\/56031"}],"wp:attachment":[{"href":"https:\/\/miumjau.ee\/lv\/wp-json\/wp\/v2\/media?parent=56030"}],"wp:term":[{"taxonomy":"product_brand","embeddable":true,"href":"https:\/\/miumjau.ee\/lv\/wp-json\/wp\/v2\/product_brand?post=56030"},{"taxonomy":"product_cat","embeddable":true,"href":"https:\/\/miumjau.ee\/lv\/wp-json\/wp\/v2\/product_cat?post=56030"},{"taxonomy":"product_tag","embeddable":true,"href":"https:\/\/miumjau.ee\/lv\/wp-json\/wp\/v2\/product_tag?post=56030"}],"curies":[{"name":"wp","href":"https:\/\/api.w.org\/{rel}","templated":true}]}}