{"id":56019,"date":"2024-01-04T17:02:30","date_gmt":"2024-01-04T15:02:30","guid":{"rendered":"https:\/\/miumjau.ee\/toode\/petrebels-level-40-rusty-oak\/"},"modified":"2024-01-04T17:02:30","modified_gmt":"2024-01-04T15:02:30","slug":"petrebels-level-40-rusty-oak","status":"publish","type":"product","link":"https:\/\/miumjau.ee\/lv\/produkts\/petrebels-level-40-rusty-oak\/","title":{"rendered":"Petrebels Level 40, rusty oak"},"content":{"rendered":"","protected":false},"excerpt":{"rendered":"<p data-start=\"46\" data-end=\"197\">Papildpak\u0101pe Level 40 ir galvenok\u0101rt paredz\u0113ta k\u0101 papildplatforma starp kraapimastiem. Kraapimasti var atrast taj\u0101 pa\u0161\u0101 kategorij\u0101, skat. modeli Climb.<\/p>\n<p data-start=\"199\" data-end=\"621\">Pak\u0101pe piem\u0113rota ka\u0137iem jebkur\u0101 vecum\u0101 un izm\u0113r\u0101, jo t\u0101 galvenok\u0101rt paredz\u0113ta ce\u013ca izveidei l\u012bdz galam\u0113r\u0137im. T\u0101 k\u0101 \u0161\u012b pak\u0101pe ir liel\u0101ka, uz t\u0101s var br\u012bvi ar\u012b atp\u016bsties un k\u0101jas pagarin\u0101t. Wall of Rebels kolekcija sniedz ka\u0137a \u012bpa\u0161niekam neticami lielisku iesp\u0113ju izveidot sev t\u012bkam\u0101 dizaina ka\u0137u k\u0101p\u0161anas sienu. Kombin\u0113jiet elementus p\u0113c savas v\u0113lmes un ka\u0137a vajadz\u012bb\u0101m. P\u0101rsteidziet savu ka\u0137i ar da\u017e\u0101d\u0101m k\u0101p\u0161anas iesp\u0113j\u0101m!<\/p>\n<p data-start=\"623\" data-end=\"696\">Izm\u0113ri \u2013 garums 40 cm, platums 40 cm, augstums 2 cm<br data-start=\"674\" data-end=\"677\" \/>Produkta svars 2 kg<\/p>\n<p data-start=\"698\" data-end=\"912\">Pak\u0101pi var piestiprin\u0101t starp \u0161\u0101diem produktiem vai savienojumiem: Climb 1250, Climb 1560 un Climb 2080<br data-start=\"801\" data-end=\"804\" \/>Segums ir \u0101rk\u0101rt\u012bgi iztur\u012bgs un piestiprin\u0101ts pie pamatnes ar Velcro.<br data-start=\"873\" data-end=\"876\" \/>Pamatne izgatavota no eikalipta koka<\/p>\n<p data-start=\"914\" data-end=\"939\" data-is-last-node=\"\" data-is-only-node=\"\">\u013baujiet fant\u0101zijai lidot!<\/p>\n","protected":false},"featured_media":56020,"template":"","meta":[],"product_brand":[],"product_cat":[593],"product_tag":[],"class_list":{"0":"post-56019","1":"product","2":"type-product","3":"status-publish","4":"has-post-thumbnail","6":"product_cat-kapelesanas-siena-kakiem","7":"product_shipping_class-pakiautomaati-sobimatu-lv","9":"first","10":"instock","11":"sale","12":"taxable","13":"shipping-taxable","14":"purchasable","15":"product-type-simple"},"yoast_head":"<!-- This site is optimized with the Yoast SEO plugin v27.2 - https:\/\/yoast.com\/product\/yoast-seo-wordpress\/ -->\n<title>Petrebels Level 40, rusty oak - MiuMjau<\/title>\n<meta name=\"robots\" content=\"index, follow, max-snippet:-1, max-image-preview:large, max-video-preview:-1\" \/>\n<link rel=\"canonical\" href=\"https:\/\/miumjau.ee\/lv\/produkts\/petrebels-level-40-rusty-oak\/\" \/>\n<meta property=\"og:locale\" content=\"lv_LV\" \/>\n<meta property=\"og:type\" content=\"article\" \/>\n<meta property=\"og:title\" content=\"Petrebels Level 40, rusty oak - MiuMjau\" \/>\n<meta property=\"og:description\" content=\"Papildpak\u0101pe Level 40 ir galvenok\u0101rt paredz\u0113ta k\u0101 papildplatforma starp kraapimastiem. Kraapimasti var atrast taj\u0101 pa\u0161\u0101 kategorij\u0101, skat. modeli Climb. Pak\u0101pe piem\u0113rota ka\u0137iem jebkur\u0101 vecum\u0101 un izm\u0113r\u0101, jo t\u0101 galvenok\u0101rt paredz\u0113ta ce\u013ca izveidei l\u012bdz galam\u0113r\u0137im. T\u0101 k\u0101 \u0161\u012b pak\u0101pe ir liel\u0101ka, uz t\u0101s var br\u012bvi ar\u012b atp\u016bsties un k\u0101jas pagarin\u0101t. Wall of Rebels kolekcija sniedz ka\u0137a \u012bpa\u0161niekam neticami lielisku iesp\u0113ju izveidot sev t\u012bkam\u0101 dizaina ka\u0137u k\u0101p\u0161anas sienu. Kombin\u0113jiet elementus p\u0113c savas v\u0113lmes un ka\u0137a vajadz\u012bb\u0101m. P\u0101rsteidziet savu ka\u0137i ar da\u017e\u0101d\u0101m k\u0101p\u0161anas iesp\u0113j\u0101m! Izm\u0113ri \u2013 garums 40 cm, platums 40 cm, augstums 2 cmProdukta svars 2 kg Pak\u0101pi var piestiprin\u0101t starp \u0161\u0101diem produktiem vai savienojumiem: Climb 1250, Climb 1560 un Climb 2080Segums ir \u0101rk\u0101rt\u012bgi iztur\u012bgs un piestiprin\u0101ts pie pamatnes ar Velcro.Pamatne izgatavota no eikalipta koka \u013baujiet fant\u0101zijai lidot!\" \/>\n<meta property=\"og:url\" content=\"https:\/\/miumjau.ee\/lv\/produkts\/petrebels-level-40-rusty-oak\/\" \/>\n<meta property=\"og:site_name\" content=\"MiuMjau\" \/>\n<meta property=\"article:publisher\" content=\"https:\/\/www.facebook.com\/miumjaupood\/\" \/>\n<meta property=\"og:image\" content=\"https:\/\/miumjau.ee\/wp-content\/uploads\/2023\/12\/lisaplatvorm-level401.jpg\" \/>\n\t<meta property=\"og:image:width\" content=\"600\" \/>\n\t<meta property=\"og:image:height\" content=\"800\" \/>\n\t<meta property=\"og:image:type\" content=\"image\/jpeg\" \/>\n<meta name=\"twitter:card\" content=\"summary_large_image\" \/>\n<script type=\"application\/ld+json\" class=\"yoast-schema-graph\">{\"@context\":\"https:\/\/schema.org\",\"@graph\":[{\"@type\":\"WebPage\",\"@id\":\"https:\/\/miumjau.ee\/lv\/produkts\/petrebels-level-40-rusty-oak\/\",\"url\":\"https:\/\/miumjau.ee\/lv\/produkts\/petrebels-level-40-rusty-oak\/\",\"name\":\"Petrebels Level 40, rusty oak - MiuMjau\",\"isPartOf\":{\"@id\":\"https:\/\/miumjau.ee\/#website\"},\"primaryImageOfPage\":{\"@id\":\"https:\/\/miumjau.ee\/lv\/produkts\/petrebels-level-40-rusty-oak\/#primaryimage\"},\"image\":{\"@id\":\"https:\/\/miumjau.ee\/lv\/produkts\/petrebels-level-40-rusty-oak\/#primaryimage\"},\"thumbnailUrl\":\"https:\/\/miumjau.ee\/wp-content\/uploads\/2023\/12\/lisaplatvorm-level401.jpg\",\"datePublished\":\"2024-01-04T15:02:30+00:00\",\"breadcrumb\":{\"@id\":\"https:\/\/miumjau.ee\/lv\/produkts\/petrebels-level-40-rusty-oak\/#breadcrumb\"},\"inLanguage\":\"lv-LV\",\"potentialAction\":[{\"@type\":\"ReadAction\",\"target\":[\"https:\/\/miumjau.ee\/lv\/produkts\/petrebels-level-40-rusty-oak\/\"]}]},{\"@type\":\"ImageObject\",\"inLanguage\":\"lv-LV\",\"@id\":\"https:\/\/miumjau.ee\/lv\/produkts\/petrebels-level-40-rusty-oak\/#primaryimage\",\"url\":\"https:\/\/miumjau.ee\/wp-content\/uploads\/2023\/12\/lisaplatvorm-level401.jpg\",\"contentUrl\":\"https:\/\/miumjau.ee\/wp-content\/uploads\/2023\/12\/lisaplatvorm-level401.jpg\",\"width\":600,\"height\":800},{\"@type\":\"BreadcrumbList\",\"@id\":\"https:\/\/miumjau.ee\/lv\/produkts\/petrebels-level-40-rusty-oak\/#breadcrumb\",\"itemListElement\":[{\"@type\":\"ListItem\",\"position\":1,\"name\":\"Home\",\"item\":\"https:\/\/miumjau.ee\/lv\/\"},{\"@type\":\"ListItem\",\"position\":2,\"name\":\"Veikals\",\"item\":\"https:\/\/miumjau.ee\/lv\/veikals\/\"},{\"@type\":\"ListItem\",\"position\":3,\"name\":\"Petrebels Level 40, rusty oak\"}]},{\"@type\":\"WebSite\",\"@id\":\"https:\/\/miumjau.ee\/#website\",\"url\":\"https:\/\/miumjau.ee\/\",\"name\":\"MiuMjau\",\"description\":\"Kraapimispuud kassidele\",\"publisher\":{\"@id\":\"https:\/\/miumjau.ee\/#organization\"},\"potentialAction\":[{\"@type\":\"SearchAction\",\"target\":{\"@type\":\"EntryPoint\",\"urlTemplate\":\"https:\/\/miumjau.ee\/?s={search_term_string}\"},\"query-input\":{\"@type\":\"PropertyValueSpecification\",\"valueRequired\":true,\"valueName\":\"search_term_string\"}}],\"inLanguage\":\"lv-LV\"},{\"@type\":\"Organization\",\"@id\":\"https:\/\/miumjau.ee\/#organization\",\"name\":\"MiuMjau O\u00dc\",\"url\":\"https:\/\/miumjau.ee\/\",\"logo\":{\"@type\":\"ImageObject\",\"inLanguage\":\"lv-LV\",\"@id\":\"https:\/\/miumjau.ee\/#\/schema\/logo\/image\/\",\"url\":\"https:\/\/miumjau.ee\/wp-content\/uploads\/2022\/04\/MiuMjau-logo-kollane.png\",\"contentUrl\":\"https:\/\/miumjau.ee\/wp-content\/uploads\/2022\/04\/MiuMjau-logo-kollane.png\",\"width\":219,\"height\":100,\"caption\":\"MiuMjau O\u00dc\"},\"image\":{\"@id\":\"https:\/\/miumjau.ee\/#\/schema\/logo\/image\/\"},\"sameAs\":[\"https:\/\/www.facebook.com\/miumjaupood\/\"]}]}<\/script>\n<!-- \/ Yoast SEO plugin. -->","yoast_head_json":{"title":"Petrebels Level 40, rusty oak - MiuMjau","robots":{"index":"index","follow":"follow","max-snippet":"max-snippet:-1","max-image-preview":"max-image-preview:large","max-video-preview":"max-video-preview:-1"},"canonical":"https:\/\/miumjau.ee\/lv\/produkts\/petrebels-level-40-rusty-oak\/","og_locale":"lv_LV","og_type":"article","og_title":"Petrebels Level 40, rusty oak - MiuMjau","og_description":"Papildpak\u0101pe Level 40 ir galvenok\u0101rt paredz\u0113ta k\u0101 papildplatforma starp kraapimastiem. Kraapimasti var atrast taj\u0101 pa\u0161\u0101 kategorij\u0101, skat. modeli Climb. Pak\u0101pe piem\u0113rota ka\u0137iem jebkur\u0101 vecum\u0101 un izm\u0113r\u0101, jo t\u0101 galvenok\u0101rt paredz\u0113ta ce\u013ca izveidei l\u012bdz galam\u0113r\u0137im. T\u0101 k\u0101 \u0161\u012b pak\u0101pe ir liel\u0101ka, uz t\u0101s var br\u012bvi ar\u012b atp\u016bsties un k\u0101jas pagarin\u0101t. Wall of Rebels kolekcija sniedz ka\u0137a \u012bpa\u0161niekam neticami lielisku iesp\u0113ju izveidot sev t\u012bkam\u0101 dizaina ka\u0137u k\u0101p\u0161anas sienu. Kombin\u0113jiet elementus p\u0113c savas v\u0113lmes un ka\u0137a vajadz\u012bb\u0101m. P\u0101rsteidziet savu ka\u0137i ar da\u017e\u0101d\u0101m k\u0101p\u0161anas iesp\u0113j\u0101m! Izm\u0113ri \u2013 garums 40 cm, platums 40 cm, augstums 2 cmProdukta svars 2 kg Pak\u0101pi var piestiprin\u0101t starp \u0161\u0101diem produktiem vai savienojumiem: Climb 1250, Climb 1560 un Climb 2080Segums ir \u0101rk\u0101rt\u012bgi iztur\u012bgs un piestiprin\u0101ts pie pamatnes ar Velcro.Pamatne izgatavota no eikalipta koka \u013baujiet fant\u0101zijai lidot!","og_url":"https:\/\/miumjau.ee\/lv\/produkts\/petrebels-level-40-rusty-oak\/","og_site_name":"MiuMjau","article_publisher":"https:\/\/www.facebook.com\/miumjaupood\/","og_image":[{"width":600,"height":800,"url":"https:\/\/miumjau.ee\/wp-content\/uploads\/2023\/12\/lisaplatvorm-level401.jpg","type":"image\/jpeg"}],"twitter_card":"summary_large_image","schema":{"@context":"https:\/\/schema.org","@graph":[{"@type":"WebPage","@id":"https:\/\/miumjau.ee\/lv\/produkts\/petrebels-level-40-rusty-oak\/","url":"https:\/\/miumjau.ee\/lv\/produkts\/petrebels-level-40-rusty-oak\/","name":"Petrebels Level 40, rusty oak - MiuMjau","isPartOf":{"@id":"https:\/\/miumjau.ee\/#website"},"primaryImageOfPage":{"@id":"https:\/\/miumjau.ee\/lv\/produkts\/petrebels-level-40-rusty-oak\/#primaryimage"},"image":{"@id":"https:\/\/miumjau.ee\/lv\/produkts\/petrebels-level-40-rusty-oak\/#primaryimage"},"thumbnailUrl":"https:\/\/miumjau.ee\/wp-content\/uploads\/2023\/12\/lisaplatvorm-level401.jpg","datePublished":"2024-01-04T15:02:30+00:00","breadcrumb":{"@id":"https:\/\/miumjau.ee\/lv\/produkts\/petrebels-level-40-rusty-oak\/#breadcrumb"},"inLanguage":"lv-LV","potentialAction":[{"@type":"ReadAction","target":["https:\/\/miumjau.ee\/lv\/produkts\/petrebels-level-40-rusty-oak\/"]}]},{"@type":"ImageObject","inLanguage":"lv-LV","@id":"https:\/\/miumjau.ee\/lv\/produkts\/petrebels-level-40-rusty-oak\/#primaryimage","url":"https:\/\/miumjau.ee\/wp-content\/uploads\/2023\/12\/lisaplatvorm-level401.jpg","contentUrl":"https:\/\/miumjau.ee\/wp-content\/uploads\/2023\/12\/lisaplatvorm-level401.jpg","width":600,"height":800},{"@type":"BreadcrumbList","@id":"https:\/\/miumjau.ee\/lv\/produkts\/petrebels-level-40-rusty-oak\/#breadcrumb","itemListElement":[{"@type":"ListItem","position":1,"name":"Home","item":"https:\/\/miumjau.ee\/lv\/"},{"@type":"ListItem","position":2,"name":"Veikals","item":"https:\/\/miumjau.ee\/lv\/veikals\/"},{"@type":"ListItem","position":3,"name":"Petrebels Level 40, rusty oak"}]},{"@type":"WebSite","@id":"https:\/\/miumjau.ee\/#website","url":"https:\/\/miumjau.ee\/","name":"MiuMjau","description":"Kraapimispuud kassidele","publisher":{"@id":"https:\/\/miumjau.ee\/#organization"},"potentialAction":[{"@type":"SearchAction","target":{"@type":"EntryPoint","urlTemplate":"https:\/\/miumjau.ee\/?s={search_term_string}"},"query-input":{"@type":"PropertyValueSpecification","valueRequired":true,"valueName":"search_term_string"}}],"inLanguage":"lv-LV"},{"@type":"Organization","@id":"https:\/\/miumjau.ee\/#organization","name":"MiuMjau O\u00dc","url":"https:\/\/miumjau.ee\/","logo":{"@type":"ImageObject","inLanguage":"lv-LV","@id":"https:\/\/miumjau.ee\/#\/schema\/logo\/image\/","url":"https:\/\/miumjau.ee\/wp-content\/uploads\/2022\/04\/MiuMjau-logo-kollane.png","contentUrl":"https:\/\/miumjau.ee\/wp-content\/uploads\/2022\/04\/MiuMjau-logo-kollane.png","width":219,"height":100,"caption":"MiuMjau O\u00dc"},"image":{"@id":"https:\/\/miumjau.ee\/#\/schema\/logo\/image\/"},"sameAs":["https:\/\/www.facebook.com\/miumjaupood\/"]}]}},"_links":{"self":[{"href":"https:\/\/miumjau.ee\/lv\/wp-json\/wp\/v2\/product\/56019","targetHints":{"allow":["GET"]}}],"collection":[{"href":"https:\/\/miumjau.ee\/lv\/wp-json\/wp\/v2\/product"}],"about":[{"href":"https:\/\/miumjau.ee\/lv\/wp-json\/wp\/v2\/types\/product"}],"wp:featuredmedia":[{"embeddable":true,"href":"https:\/\/miumjau.ee\/lv\/wp-json\/wp\/v2\/media\/56020"}],"wp:attachment":[{"href":"https:\/\/miumjau.ee\/lv\/wp-json\/wp\/v2\/media?parent=56019"}],"wp:term":[{"taxonomy":"product_brand","embeddable":true,"href":"https:\/\/miumjau.ee\/lv\/wp-json\/wp\/v2\/product_brand?post=56019"},{"taxonomy":"product_cat","embeddable":true,"href":"https:\/\/miumjau.ee\/lv\/wp-json\/wp\/v2\/product_cat?post=56019"},{"taxonomy":"product_tag","embeddable":true,"href":"https:\/\/miumjau.ee\/lv\/wp-json\/wp\/v2\/product_tag?post=56019"}],"curies":[{"name":"wp","href":"https:\/\/api.w.org\/{rel}","templated":true}]}}