{"id":55977,"date":"2024-01-02T22:12:34","date_gmt":"2024-01-02T20:12:34","guid":{"rendered":"https:\/\/miumjau.ee\/toode\/sienas-gulvieta-kakim-petrebels-oval-office-60-wenge\/"},"modified":"2024-01-02T22:12:34","modified_gmt":"2024-01-02T20:12:34","slug":"sienas-gulvieta-kakim-petrebels-oval-office-60-wenge","status":"publish","type":"product","link":"https:\/\/miumjau.ee\/lv\/produkts\/sienas-gulvieta-kakim-petrebels-oval-office-60-wenge\/","title":{"rendered":"Sienas gu\u013cvieta ka\u0137im Petrebels Oval Office 60, wenge"},"content":{"rendered":"","protected":false},"excerpt":{"rendered":"<p data-start=\"59\" data-end=\"94\">Superstil\u012bga sienas gu\u013cvieta ka\u0137im.<\/p>\n<p data-start=\"96\" data-end=\"742\">Vai tie\u0161\u0101m v\u0113laties palutin\u0101t savu ka\u0137i? Palutiniet savu ka\u0137i ar m\u016bsu Oval Office 60 m\u0101j\u012bgo un m\u012bksto ka\u0137u gu\u013cvietu, kuru var piestiprin\u0101t pie sienas. \u0160\u012b gu\u013cvieta ir da\u013ca no m\u016bsu Wall of Rebels kolekcijas, kur atrad\u012bsiet skaistus produktus ka\u0137u gul\u0113\u0161anai, sp\u0113l\u0113\u0161anai, k\u0101p\u0161anai, skrie\u0161anai un skr\u0101p\u0113\u0161anai. Visus elementus var kombin\u0113t bezgal\u012bgi. Apvienojiet gu\u013cvietas ar stil\u012bgajiem Bridge vai Scratch 70 mode\u013ciem un padariet katru vietu viegli pieejamu, papla\u0161inot savu ka\u0137u sienu ar pak\u0101pieniem, platform\u0101m vai k\u0101pn\u0113m. Ja jums ir vair\u0101ki ka\u0137i, varat vi\u0146iem pied\u0101v\u0101t ne tikai atp\u016btas vietu, bet ar\u012b k\u0101du akt\u012bv\u0101s sp\u0113les elementu, piem\u0113ram, Box 60.<\/p>\n<p data-start=\"744\" data-end=\"1048\" data-is-last-node=\"\" data-is-only-node=\"\"><strong data-start=\"744\" data-end=\"754\">Kr\u0101sas<\/strong> \u2013 balts pl\u012b\u0161s un wenge finieris<br data-start=\"786\" data-end=\"789\" \/><strong data-start=\"789\" data-end=\"799\">Izm\u0113ri<\/strong> \u2013 garums 60 cm, platums 40 cm, augstums 35 cm<br data-start=\"845\" data-end=\"848\" data-is-only-node=\"\" \/>Gu\u013cvieta ir izgatavota no liekta eikalipta finiera<br data-start=\"898\" data-end=\"901\" \/>Spilvens ir 2,5 cm biezs, mazg\u0101jams un piestiprin\u0101ms ar spiedpog\u0101m<br data-start=\"967\" data-end=\"970\" \/>Piestiprin\u0101ms pie sienas ar iztur\u012bgu Z veida stiprin\u0101jumu (iek\u013cauts komplekt\u0101)<\/p>\n","protected":false},"featured_media":55978,"template":"","meta":[],"product_brand":[],"product_cat":[593,573],"product_tag":[],"class_list":{"0":"post-55977","1":"product","2":"type-product","3":"status-publish","4":"has-post-thumbnail","6":"product_cat-kapelesanas-siena-kakiem","7":"product_cat-kaup24-lv","8":"product_shipping_class-pakiautomaati-sobimatu-lv","10":"first","11":"instock","12":"sale","13":"taxable","14":"shipping-taxable","15":"purchasable","16":"product-type-simple"},"yoast_head":"<!-- This site is optimized with the Yoast SEO plugin v27.4 - https:\/\/yoast.com\/product\/yoast-seo-wordpress\/ -->\n<title>Sienas gu\u013cvieta ka\u0137im Petrebels Oval Office 60, wenge - MiuMjau<\/title>\n<meta name=\"robots\" content=\"index, follow, max-snippet:-1, max-image-preview:large, max-video-preview:-1\" \/>\n<link rel=\"canonical\" href=\"https:\/\/miumjau.ee\/lv\/produkts\/sienas-gulvieta-kakim-petrebels-oval-office-60-wenge\/\" \/>\n<meta property=\"og:locale\" content=\"lv_LV\" \/>\n<meta property=\"og:type\" content=\"article\" \/>\n<meta property=\"og:title\" content=\"Sienas gu\u013cvieta ka\u0137im Petrebels Oval Office 60, wenge - MiuMjau\" \/>\n<meta property=\"og:description\" content=\"Superstil\u012bga sienas gu\u013cvieta ka\u0137im. Vai tie\u0161\u0101m v\u0113laties palutin\u0101t savu ka\u0137i? Palutiniet savu ka\u0137i ar m\u016bsu Oval Office 60 m\u0101j\u012bgo un m\u012bksto ka\u0137u gu\u013cvietu, kuru var piestiprin\u0101t pie sienas. \u0160\u012b gu\u013cvieta ir da\u013ca no m\u016bsu Wall of Rebels kolekcijas, kur atrad\u012bsiet skaistus produktus ka\u0137u gul\u0113\u0161anai, sp\u0113l\u0113\u0161anai, k\u0101p\u0161anai, skrie\u0161anai un skr\u0101p\u0113\u0161anai. Visus elementus var kombin\u0113t bezgal\u012bgi. Apvienojiet gu\u013cvietas ar stil\u012bgajiem Bridge vai Scratch 70 mode\u013ciem un padariet katru vietu viegli pieejamu, papla\u0161inot savu ka\u0137u sienu ar pak\u0101pieniem, platform\u0101m vai k\u0101pn\u0113m. Ja jums ir vair\u0101ki ka\u0137i, varat vi\u0146iem pied\u0101v\u0101t ne tikai atp\u016btas vietu, bet ar\u012b k\u0101du akt\u012bv\u0101s sp\u0113les elementu, piem\u0113ram, Box 60. Kr\u0101sas \u2013 balts pl\u012b\u0161s un wenge finierisIzm\u0113ri \u2013 garums 60 cm, platums 40 cm, augstums 35 cmGu\u013cvieta ir izgatavota no liekta eikalipta finieraSpilvens ir 2,5 cm biezs, mazg\u0101jams un piestiprin\u0101ms ar spiedpog\u0101mPiestiprin\u0101ms pie sienas ar iztur\u012bgu Z veida stiprin\u0101jumu (iek\u013cauts komplekt\u0101)\" \/>\n<meta property=\"og:url\" content=\"https:\/\/miumjau.ee\/lv\/produkts\/sienas-gulvieta-kakim-petrebels-oval-office-60-wenge\/\" \/>\n<meta property=\"og:site_name\" content=\"MiuMjau\" \/>\n<meta property=\"article:publisher\" content=\"https:\/\/www.facebook.com\/miumjaupood\/\" \/>\n<meta property=\"og:image\" content=\"https:\/\/miumjau.ee\/wp-content\/uploads\/2023\/12\/seinakinnitusega-pesa-ovaloffice601.jpg\" \/>\n\t<meta property=\"og:image:width\" content=\"600\" \/>\n\t<meta property=\"og:image:height\" content=\"800\" \/>\n\t<meta property=\"og:image:type\" content=\"image\/jpeg\" \/>\n<meta name=\"twitter:card\" content=\"summary_large_image\" \/>\n<script type=\"application\/ld+json\" class=\"yoast-schema-graph\">{\"@context\":\"https:\\\/\\\/schema.org\",\"@graph\":[{\"@type\":\"WebPage\",\"@id\":\"https:\\\/\\\/miumjau.ee\\\/lv\\\/produkts\\\/sienas-gulvieta-kakim-petrebels-oval-office-60-wenge\\\/\",\"url\":\"https:\\\/\\\/miumjau.ee\\\/lv\\\/produkts\\\/sienas-gulvieta-kakim-petrebels-oval-office-60-wenge\\\/\",\"name\":\"Sienas gu\u013cvieta ka\u0137im Petrebels Oval Office 60, wenge - MiuMjau\",\"isPartOf\":{\"@id\":\"https:\\\/\\\/miumjau.ee\\\/#website\"},\"primaryImageOfPage\":{\"@id\":\"https:\\\/\\\/miumjau.ee\\\/lv\\\/produkts\\\/sienas-gulvieta-kakim-petrebels-oval-office-60-wenge\\\/#primaryimage\"},\"image\":{\"@id\":\"https:\\\/\\\/miumjau.ee\\\/lv\\\/produkts\\\/sienas-gulvieta-kakim-petrebels-oval-office-60-wenge\\\/#primaryimage\"},\"thumbnailUrl\":\"https:\\\/\\\/miumjau.ee\\\/wp-content\\\/uploads\\\/2023\\\/12\\\/seinakinnitusega-pesa-ovaloffice601.jpg\",\"datePublished\":\"2024-01-02T20:12:34+00:00\",\"breadcrumb\":{\"@id\":\"https:\\\/\\\/miumjau.ee\\\/lv\\\/produkts\\\/sienas-gulvieta-kakim-petrebels-oval-office-60-wenge\\\/#breadcrumb\"},\"inLanguage\":\"lv-LV\",\"potentialAction\":[{\"@type\":\"ReadAction\",\"target\":[\"https:\\\/\\\/miumjau.ee\\\/lv\\\/produkts\\\/sienas-gulvieta-kakim-petrebels-oval-office-60-wenge\\\/\"]}]},{\"@type\":\"ImageObject\",\"inLanguage\":\"lv-LV\",\"@id\":\"https:\\\/\\\/miumjau.ee\\\/lv\\\/produkts\\\/sienas-gulvieta-kakim-petrebels-oval-office-60-wenge\\\/#primaryimage\",\"url\":\"https:\\\/\\\/miumjau.ee\\\/wp-content\\\/uploads\\\/2023\\\/12\\\/seinakinnitusega-pesa-ovaloffice601.jpg\",\"contentUrl\":\"https:\\\/\\\/miumjau.ee\\\/wp-content\\\/uploads\\\/2023\\\/12\\\/seinakinnitusega-pesa-ovaloffice601.jpg\",\"width\":600,\"height\":800},{\"@type\":\"BreadcrumbList\",\"@id\":\"https:\\\/\\\/miumjau.ee\\\/lv\\\/produkts\\\/sienas-gulvieta-kakim-petrebels-oval-office-60-wenge\\\/#breadcrumb\",\"itemListElement\":[{\"@type\":\"ListItem\",\"position\":1,\"name\":\"Home\",\"item\":\"https:\\\/\\\/miumjau.ee\\\/lv\\\/\"},{\"@type\":\"ListItem\",\"position\":2,\"name\":\"Veikals\",\"item\":\"https:\\\/\\\/miumjau.ee\\\/lv\\\/veikals\\\/\"},{\"@type\":\"ListItem\",\"position\":3,\"name\":\"Sienas gu\u013cvieta ka\u0137im Petrebels Oval Office 60, wenge\"}]},{\"@type\":\"WebSite\",\"@id\":\"https:\\\/\\\/miumjau.ee\\\/#website\",\"url\":\"https:\\\/\\\/miumjau.ee\\\/\",\"name\":\"MiuMjau\",\"description\":\"Kraapimispuud kassidele\",\"publisher\":{\"@id\":\"https:\\\/\\\/miumjau.ee\\\/#organization\"},\"potentialAction\":[{\"@type\":\"SearchAction\",\"target\":{\"@type\":\"EntryPoint\",\"urlTemplate\":\"https:\\\/\\\/miumjau.ee\\\/?s={search_term_string}\"},\"query-input\":{\"@type\":\"PropertyValueSpecification\",\"valueRequired\":true,\"valueName\":\"search_term_string\"}}],\"inLanguage\":\"lv-LV\"},{\"@type\":\"Organization\",\"@id\":\"https:\\\/\\\/miumjau.ee\\\/#organization\",\"name\":\"MiuMjau O\u00dc\",\"url\":\"https:\\\/\\\/miumjau.ee\\\/\",\"logo\":{\"@type\":\"ImageObject\",\"inLanguage\":\"lv-LV\",\"@id\":\"https:\\\/\\\/miumjau.ee\\\/#\\\/schema\\\/logo\\\/image\\\/\",\"url\":\"https:\\\/\\\/miumjau.ee\\\/wp-content\\\/uploads\\\/2022\\\/04\\\/MiuMjau-logo-kollane.png\",\"contentUrl\":\"https:\\\/\\\/miumjau.ee\\\/wp-content\\\/uploads\\\/2022\\\/04\\\/MiuMjau-logo-kollane.png\",\"width\":219,\"height\":100,\"caption\":\"MiuMjau O\u00dc\"},\"image\":{\"@id\":\"https:\\\/\\\/miumjau.ee\\\/#\\\/schema\\\/logo\\\/image\\\/\"},\"sameAs\":[\"https:\\\/\\\/www.facebook.com\\\/miumjaupood\\\/\"]}]}<\/script>\n<!-- \/ Yoast SEO plugin. -->","yoast_head_json":{"title":"Sienas gu\u013cvieta ka\u0137im Petrebels Oval Office 60, wenge - MiuMjau","robots":{"index":"index","follow":"follow","max-snippet":"max-snippet:-1","max-image-preview":"max-image-preview:large","max-video-preview":"max-video-preview:-1"},"canonical":"https:\/\/miumjau.ee\/lv\/produkts\/sienas-gulvieta-kakim-petrebels-oval-office-60-wenge\/","og_locale":"lv_LV","og_type":"article","og_title":"Sienas gu\u013cvieta ka\u0137im Petrebels Oval Office 60, wenge - MiuMjau","og_description":"Superstil\u012bga sienas gu\u013cvieta ka\u0137im. Vai tie\u0161\u0101m v\u0113laties palutin\u0101t savu ka\u0137i? Palutiniet savu ka\u0137i ar m\u016bsu Oval Office 60 m\u0101j\u012bgo un m\u012bksto ka\u0137u gu\u013cvietu, kuru var piestiprin\u0101t pie sienas. \u0160\u012b gu\u013cvieta ir da\u013ca no m\u016bsu Wall of Rebels kolekcijas, kur atrad\u012bsiet skaistus produktus ka\u0137u gul\u0113\u0161anai, sp\u0113l\u0113\u0161anai, k\u0101p\u0161anai, skrie\u0161anai un skr\u0101p\u0113\u0161anai. Visus elementus var kombin\u0113t bezgal\u012bgi. Apvienojiet gu\u013cvietas ar stil\u012bgajiem Bridge vai Scratch 70 mode\u013ciem un padariet katru vietu viegli pieejamu, papla\u0161inot savu ka\u0137u sienu ar pak\u0101pieniem, platform\u0101m vai k\u0101pn\u0113m. Ja jums ir vair\u0101ki ka\u0137i, varat vi\u0146iem pied\u0101v\u0101t ne tikai atp\u016btas vietu, bet ar\u012b k\u0101du akt\u012bv\u0101s sp\u0113les elementu, piem\u0113ram, Box 60. Kr\u0101sas \u2013 balts pl\u012b\u0161s un wenge finierisIzm\u0113ri \u2013 garums 60 cm, platums 40 cm, augstums 35 cmGu\u013cvieta ir izgatavota no liekta eikalipta finieraSpilvens ir 2,5 cm biezs, mazg\u0101jams un piestiprin\u0101ms ar spiedpog\u0101mPiestiprin\u0101ms pie sienas ar iztur\u012bgu Z veida stiprin\u0101jumu (iek\u013cauts komplekt\u0101)","og_url":"https:\/\/miumjau.ee\/lv\/produkts\/sienas-gulvieta-kakim-petrebels-oval-office-60-wenge\/","og_site_name":"MiuMjau","article_publisher":"https:\/\/www.facebook.com\/miumjaupood\/","og_image":[{"width":600,"height":800,"url":"https:\/\/miumjau.ee\/wp-content\/uploads\/2023\/12\/seinakinnitusega-pesa-ovaloffice601.jpg","type":"image\/jpeg"}],"twitter_card":"summary_large_image","schema":{"@context":"https:\/\/schema.org","@graph":[{"@type":"WebPage","@id":"https:\/\/miumjau.ee\/lv\/produkts\/sienas-gulvieta-kakim-petrebels-oval-office-60-wenge\/","url":"https:\/\/miumjau.ee\/lv\/produkts\/sienas-gulvieta-kakim-petrebels-oval-office-60-wenge\/","name":"Sienas gu\u013cvieta ka\u0137im Petrebels Oval Office 60, wenge - MiuMjau","isPartOf":{"@id":"https:\/\/miumjau.ee\/#website"},"primaryImageOfPage":{"@id":"https:\/\/miumjau.ee\/lv\/produkts\/sienas-gulvieta-kakim-petrebels-oval-office-60-wenge\/#primaryimage"},"image":{"@id":"https:\/\/miumjau.ee\/lv\/produkts\/sienas-gulvieta-kakim-petrebels-oval-office-60-wenge\/#primaryimage"},"thumbnailUrl":"https:\/\/miumjau.ee\/wp-content\/uploads\/2023\/12\/seinakinnitusega-pesa-ovaloffice601.jpg","datePublished":"2024-01-02T20:12:34+00:00","breadcrumb":{"@id":"https:\/\/miumjau.ee\/lv\/produkts\/sienas-gulvieta-kakim-petrebels-oval-office-60-wenge\/#breadcrumb"},"inLanguage":"lv-LV","potentialAction":[{"@type":"ReadAction","target":["https:\/\/miumjau.ee\/lv\/produkts\/sienas-gulvieta-kakim-petrebels-oval-office-60-wenge\/"]}]},{"@type":"ImageObject","inLanguage":"lv-LV","@id":"https:\/\/miumjau.ee\/lv\/produkts\/sienas-gulvieta-kakim-petrebels-oval-office-60-wenge\/#primaryimage","url":"https:\/\/miumjau.ee\/wp-content\/uploads\/2023\/12\/seinakinnitusega-pesa-ovaloffice601.jpg","contentUrl":"https:\/\/miumjau.ee\/wp-content\/uploads\/2023\/12\/seinakinnitusega-pesa-ovaloffice601.jpg","width":600,"height":800},{"@type":"BreadcrumbList","@id":"https:\/\/miumjau.ee\/lv\/produkts\/sienas-gulvieta-kakim-petrebels-oval-office-60-wenge\/#breadcrumb","itemListElement":[{"@type":"ListItem","position":1,"name":"Home","item":"https:\/\/miumjau.ee\/lv\/"},{"@type":"ListItem","position":2,"name":"Veikals","item":"https:\/\/miumjau.ee\/lv\/veikals\/"},{"@type":"ListItem","position":3,"name":"Sienas gu\u013cvieta ka\u0137im Petrebels Oval Office 60, wenge"}]},{"@type":"WebSite","@id":"https:\/\/miumjau.ee\/#website","url":"https:\/\/miumjau.ee\/","name":"MiuMjau","description":"Kraapimispuud kassidele","publisher":{"@id":"https:\/\/miumjau.ee\/#organization"},"potentialAction":[{"@type":"SearchAction","target":{"@type":"EntryPoint","urlTemplate":"https:\/\/miumjau.ee\/?s={search_term_string}"},"query-input":{"@type":"PropertyValueSpecification","valueRequired":true,"valueName":"search_term_string"}}],"inLanguage":"lv-LV"},{"@type":"Organization","@id":"https:\/\/miumjau.ee\/#organization","name":"MiuMjau O\u00dc","url":"https:\/\/miumjau.ee\/","logo":{"@type":"ImageObject","inLanguage":"lv-LV","@id":"https:\/\/miumjau.ee\/#\/schema\/logo\/image\/","url":"https:\/\/miumjau.ee\/wp-content\/uploads\/2022\/04\/MiuMjau-logo-kollane.png","contentUrl":"https:\/\/miumjau.ee\/wp-content\/uploads\/2022\/04\/MiuMjau-logo-kollane.png","width":219,"height":100,"caption":"MiuMjau O\u00dc"},"image":{"@id":"https:\/\/miumjau.ee\/#\/schema\/logo\/image\/"},"sameAs":["https:\/\/www.facebook.com\/miumjaupood\/"]}]}},"_links":{"self":[{"href":"https:\/\/miumjau.ee\/lv\/wp-json\/wp\/v2\/product\/55977","targetHints":{"allow":["GET"]}}],"collection":[{"href":"https:\/\/miumjau.ee\/lv\/wp-json\/wp\/v2\/product"}],"about":[{"href":"https:\/\/miumjau.ee\/lv\/wp-json\/wp\/v2\/types\/product"}],"wp:featuredmedia":[{"embeddable":true,"href":"https:\/\/miumjau.ee\/lv\/wp-json\/wp\/v2\/media\/55978"}],"wp:attachment":[{"href":"https:\/\/miumjau.ee\/lv\/wp-json\/wp\/v2\/media?parent=55977"}],"wp:term":[{"taxonomy":"product_brand","embeddable":true,"href":"https:\/\/miumjau.ee\/lv\/wp-json\/wp\/v2\/product_brand?post=55977"},{"taxonomy":"product_cat","embeddable":true,"href":"https:\/\/miumjau.ee\/lv\/wp-json\/wp\/v2\/product_cat?post=55977"},{"taxonomy":"product_tag","embeddable":true,"href":"https:\/\/miumjau.ee\/lv\/wp-json\/wp\/v2\/product_tag?post=55977"}],"curies":[{"name":"wp","href":"https:\/\/api.w.org\/{rel}","templated":true}]}}