{"id":55949,"date":"2024-01-01T14:11:24","date_gmt":"2024-01-01T12:11:24","guid":{"rendered":"https:\/\/miumjau.ee\/toode\/skrapesanas-stabs-kapsanas-sienai-2080-dabigs\/"},"modified":"2024-01-01T14:11:24","modified_gmt":"2024-01-01T12:11:24","slug":"skrapesanas-stabs-kapsanas-sienai-2080-dabigs","status":"publish","type":"product","link":"https:\/\/miumjau.ee\/lv\/produkts\/skrapesanas-stabs-kapsanas-sienai-2080-dabigs\/","title":{"rendered":"Skr\u0101p\u0113\u0161anas stabs k\u0101p\u0161anas sienai 2080, dab\u012bgs"},"content":{"rendered":"","protected":false},"excerpt":{"rendered":"<p data-start=\"163\" data-end=\"611\">Skr\u0101p\u0113\u0161anas stabs Post 2080 no Petrebels z\u012bmola ir paredz\u0113ts lieto\u0161anai k\u0101 viens no k\u0101p\u0161anas sienas elementiem. Stabi ir pieejami 3 da\u017e\u0101dos diametros. \u0160is modelis ir pat 20 cm diametr\u0101 un 80 cm augsts. Kombin\u0113jot elementus, iesp\u0113jams pie sienas piestiprin\u0101t garu skr\u0101p\u0113\u0161anas\u2013k\u0101p\u0161anas cauruli, ar kuru var, piem\u0113ram, sasniegt gu\u013cvietu pie griestiem. Visus elementus var kombin\u0113t sev un savam ka\u0137im piem\u0113rot\u0101 veid\u0101. Ierobe\u017eojums ir tikai fant\u0101zija!<\/p>\n<p data-start=\"613\" data-end=\"932\">\u0160is produkts galvenok\u0101rt paredz\u0113ts eso\u0161\u0101 komplekta pagarin\u0101\u0161anai. Ja esat ieg\u0101d\u0101jies produktu Climb 2080 set (skr\u0101p\u0113\u0161anas caurule ar sienas stiprin\u0101jumiem), varat ieg\u0101d\u0101ties papildu elementus, lai cauruli pagarin\u0101tu. Papildus var uzst\u0101d\u012bt papildu pak\u0101pienus un piekaram\u0101s gu\u013cvietas. L\u016bdzu, skatiet ilustrat\u012bvo att\u0113lu.<\/p>\n<p data-start=\"934\" data-end=\"1095\"><strong data-start=\"934\" data-end=\"953\">Produkta svars:<\/strong> 4,2 kg<br data-start=\"960\" data-end=\"963\" \/><strong data-start=\"963\" data-end=\"976\">Diametrs:<\/strong> 20 cm<br data-start=\"982\" data-end=\"985\" \/><strong data-start=\"985\" data-end=\"998\">Augstums:<\/strong> 80 cm<br data-start=\"1004\" data-end=\"1007\" \/><strong data-start=\"1007\" data-end=\"1025\">V\u012btnes izm\u0113rs:<\/strong> M10 (v\u012bt\u0146stie\u0146us var ieg\u0101d\u0101ties gandr\u012bz visos b\u016bvniec\u012bbas veikalos)<\/p>\n<p data-start=\"1097\" data-end=\"1168\">Petrebels ir N\u012bderlandes kvalit\u0101tes z\u012bmols, kur\u0101 j\u016bs nepievilsieties!<\/p>\n","protected":false},"featured_media":55950,"template":"","meta":[],"product_brand":[],"product_cat":[593],"product_tag":[],"class_list":{"0":"post-55949","1":"product","2":"type-product","3":"status-publish","4":"has-post-thumbnail","6":"product_cat-kapelesanas-siena-kakiem","7":"product_shipping_class-pakiautomaati-sobimatu-lv","9":"first","10":"instock","11":"taxable","12":"shipping-taxable","13":"purchasable","14":"product-type-simple"},"yoast_head":"<!-- This site is optimized with the Yoast SEO plugin v27.2 - https:\/\/yoast.com\/product\/yoast-seo-wordpress\/ -->\n<title>Skr\u0101p\u0113\u0161anas stabs k\u0101p\u0161anas sienai 2080, dab\u012bgs - MiuMjau<\/title>\n<meta name=\"robots\" content=\"index, follow, max-snippet:-1, max-image-preview:large, max-video-preview:-1\" \/>\n<link rel=\"canonical\" href=\"https:\/\/miumjau.ee\/lv\/produkts\/skrapesanas-stabs-kapsanas-sienai-2080-dabigs\/\" \/>\n<meta property=\"og:locale\" content=\"lv_LV\" \/>\n<meta property=\"og:type\" content=\"article\" \/>\n<meta property=\"og:title\" content=\"Skr\u0101p\u0113\u0161anas stabs k\u0101p\u0161anas sienai 2080, dab\u012bgs - MiuMjau\" \/>\n<meta property=\"og:description\" content=\"Skr\u0101p\u0113\u0161anas stabs Post 2080 no Petrebels z\u012bmola ir paredz\u0113ts lieto\u0161anai k\u0101 viens no k\u0101p\u0161anas sienas elementiem. Stabi ir pieejami 3 da\u017e\u0101dos diametros. \u0160is modelis ir pat 20 cm diametr\u0101 un 80 cm augsts. Kombin\u0113jot elementus, iesp\u0113jams pie sienas piestiprin\u0101t garu skr\u0101p\u0113\u0161anas\u2013k\u0101p\u0161anas cauruli, ar kuru var, piem\u0113ram, sasniegt gu\u013cvietu pie griestiem. Visus elementus var kombin\u0113t sev un savam ka\u0137im piem\u0113rot\u0101 veid\u0101. Ierobe\u017eojums ir tikai fant\u0101zija! \u0160is produkts galvenok\u0101rt paredz\u0113ts eso\u0161\u0101 komplekta pagarin\u0101\u0161anai. Ja esat ieg\u0101d\u0101jies produktu Climb 2080 set (skr\u0101p\u0113\u0161anas caurule ar sienas stiprin\u0101jumiem), varat ieg\u0101d\u0101ties papildu elementus, lai cauruli pagarin\u0101tu. Papildus var uzst\u0101d\u012bt papildu pak\u0101pienus un piekaram\u0101s gu\u013cvietas. L\u016bdzu, skatiet ilustrat\u012bvo att\u0113lu. Produkta svars: 4,2 kgDiametrs: 20 cmAugstums: 80 cmV\u012btnes izm\u0113rs: M10 (v\u012bt\u0146stie\u0146us var ieg\u0101d\u0101ties gandr\u012bz visos b\u016bvniec\u012bbas veikalos) Petrebels ir N\u012bderlandes kvalit\u0101tes z\u012bmols, kur\u0101 j\u016bs nepievilsieties!\" \/>\n<meta property=\"og:url\" content=\"https:\/\/miumjau.ee\/lv\/produkts\/skrapesanas-stabs-kapsanas-sienai-2080-dabigs\/\" \/>\n<meta property=\"og:site_name\" content=\"MiuMjau\" \/>\n<meta property=\"article:publisher\" content=\"https:\/\/www.facebook.com\/miumjaupood\/\" \/>\n<meta property=\"og:image\" content=\"https:\/\/miumjau.ee\/wp-content\/uploads\/2023\/12\/kraapimispost-20801.jpg\" \/>\n\t<meta property=\"og:image:width\" content=\"600\" \/>\n\t<meta property=\"og:image:height\" content=\"800\" \/>\n\t<meta property=\"og:image:type\" content=\"image\/jpeg\" \/>\n<meta name=\"twitter:card\" content=\"summary_large_image\" \/>\n<script type=\"application\/ld+json\" class=\"yoast-schema-graph\">{\"@context\":\"https:\/\/schema.org\",\"@graph\":[{\"@type\":\"WebPage\",\"@id\":\"https:\/\/miumjau.ee\/lv\/produkts\/skrapesanas-stabs-kapsanas-sienai-2080-dabigs\/\",\"url\":\"https:\/\/miumjau.ee\/lv\/produkts\/skrapesanas-stabs-kapsanas-sienai-2080-dabigs\/\",\"name\":\"Skr\u0101p\u0113\u0161anas stabs k\u0101p\u0161anas sienai 2080, dab\u012bgs - MiuMjau\",\"isPartOf\":{\"@id\":\"https:\/\/miumjau.ee\/#website\"},\"primaryImageOfPage\":{\"@id\":\"https:\/\/miumjau.ee\/lv\/produkts\/skrapesanas-stabs-kapsanas-sienai-2080-dabigs\/#primaryimage\"},\"image\":{\"@id\":\"https:\/\/miumjau.ee\/lv\/produkts\/skrapesanas-stabs-kapsanas-sienai-2080-dabigs\/#primaryimage\"},\"thumbnailUrl\":\"https:\/\/miumjau.ee\/wp-content\/uploads\/2023\/12\/kraapimispost-20801.jpg\",\"datePublished\":\"2024-01-01T12:11:24+00:00\",\"breadcrumb\":{\"@id\":\"https:\/\/miumjau.ee\/lv\/produkts\/skrapesanas-stabs-kapsanas-sienai-2080-dabigs\/#breadcrumb\"},\"inLanguage\":\"lv-LV\",\"potentialAction\":[{\"@type\":\"ReadAction\",\"target\":[\"https:\/\/miumjau.ee\/lv\/produkts\/skrapesanas-stabs-kapsanas-sienai-2080-dabigs\/\"]}]},{\"@type\":\"ImageObject\",\"inLanguage\":\"lv-LV\",\"@id\":\"https:\/\/miumjau.ee\/lv\/produkts\/skrapesanas-stabs-kapsanas-sienai-2080-dabigs\/#primaryimage\",\"url\":\"https:\/\/miumjau.ee\/wp-content\/uploads\/2023\/12\/kraapimispost-20801.jpg\",\"contentUrl\":\"https:\/\/miumjau.ee\/wp-content\/uploads\/2023\/12\/kraapimispost-20801.jpg\",\"width\":600,\"height\":800},{\"@type\":\"BreadcrumbList\",\"@id\":\"https:\/\/miumjau.ee\/lv\/produkts\/skrapesanas-stabs-kapsanas-sienai-2080-dabigs\/#breadcrumb\",\"itemListElement\":[{\"@type\":\"ListItem\",\"position\":1,\"name\":\"Home\",\"item\":\"https:\/\/miumjau.ee\/lv\/\"},{\"@type\":\"ListItem\",\"position\":2,\"name\":\"Veikals\",\"item\":\"https:\/\/miumjau.ee\/lv\/veikals\/\"},{\"@type\":\"ListItem\",\"position\":3,\"name\":\"Skr\u0101p\u0113\u0161anas stabs k\u0101p\u0161anas sienai 2080, dab\u012bgs\"}]},{\"@type\":\"WebSite\",\"@id\":\"https:\/\/miumjau.ee\/#website\",\"url\":\"https:\/\/miumjau.ee\/\",\"name\":\"MiuMjau\",\"description\":\"Kraapimispuud kassidele\",\"publisher\":{\"@id\":\"https:\/\/miumjau.ee\/#organization\"},\"potentialAction\":[{\"@type\":\"SearchAction\",\"target\":{\"@type\":\"EntryPoint\",\"urlTemplate\":\"https:\/\/miumjau.ee\/?s={search_term_string}\"},\"query-input\":{\"@type\":\"PropertyValueSpecification\",\"valueRequired\":true,\"valueName\":\"search_term_string\"}}],\"inLanguage\":\"lv-LV\"},{\"@type\":\"Organization\",\"@id\":\"https:\/\/miumjau.ee\/#organization\",\"name\":\"MiuMjau O\u00dc\",\"url\":\"https:\/\/miumjau.ee\/\",\"logo\":{\"@type\":\"ImageObject\",\"inLanguage\":\"lv-LV\",\"@id\":\"https:\/\/miumjau.ee\/#\/schema\/logo\/image\/\",\"url\":\"https:\/\/miumjau.ee\/wp-content\/uploads\/2022\/04\/MiuMjau-logo-kollane.png\",\"contentUrl\":\"https:\/\/miumjau.ee\/wp-content\/uploads\/2022\/04\/MiuMjau-logo-kollane.png\",\"width\":219,\"height\":100,\"caption\":\"MiuMjau O\u00dc\"},\"image\":{\"@id\":\"https:\/\/miumjau.ee\/#\/schema\/logo\/image\/\"},\"sameAs\":[\"https:\/\/www.facebook.com\/miumjaupood\/\"]}]}<\/script>\n<!-- \/ Yoast SEO plugin. -->","yoast_head_json":{"title":"Skr\u0101p\u0113\u0161anas stabs k\u0101p\u0161anas sienai 2080, dab\u012bgs - MiuMjau","robots":{"index":"index","follow":"follow","max-snippet":"max-snippet:-1","max-image-preview":"max-image-preview:large","max-video-preview":"max-video-preview:-1"},"canonical":"https:\/\/miumjau.ee\/lv\/produkts\/skrapesanas-stabs-kapsanas-sienai-2080-dabigs\/","og_locale":"lv_LV","og_type":"article","og_title":"Skr\u0101p\u0113\u0161anas stabs k\u0101p\u0161anas sienai 2080, dab\u012bgs - MiuMjau","og_description":"Skr\u0101p\u0113\u0161anas stabs Post 2080 no Petrebels z\u012bmola ir paredz\u0113ts lieto\u0161anai k\u0101 viens no k\u0101p\u0161anas sienas elementiem. Stabi ir pieejami 3 da\u017e\u0101dos diametros. \u0160is modelis ir pat 20 cm diametr\u0101 un 80 cm augsts. Kombin\u0113jot elementus, iesp\u0113jams pie sienas piestiprin\u0101t garu skr\u0101p\u0113\u0161anas\u2013k\u0101p\u0161anas cauruli, ar kuru var, piem\u0113ram, sasniegt gu\u013cvietu pie griestiem. Visus elementus var kombin\u0113t sev un savam ka\u0137im piem\u0113rot\u0101 veid\u0101. Ierobe\u017eojums ir tikai fant\u0101zija! \u0160is produkts galvenok\u0101rt paredz\u0113ts eso\u0161\u0101 komplekta pagarin\u0101\u0161anai. Ja esat ieg\u0101d\u0101jies produktu Climb 2080 set (skr\u0101p\u0113\u0161anas caurule ar sienas stiprin\u0101jumiem), varat ieg\u0101d\u0101ties papildu elementus, lai cauruli pagarin\u0101tu. Papildus var uzst\u0101d\u012bt papildu pak\u0101pienus un piekaram\u0101s gu\u013cvietas. L\u016bdzu, skatiet ilustrat\u012bvo att\u0113lu. Produkta svars: 4,2 kgDiametrs: 20 cmAugstums: 80 cmV\u012btnes izm\u0113rs: M10 (v\u012bt\u0146stie\u0146us var ieg\u0101d\u0101ties gandr\u012bz visos b\u016bvniec\u012bbas veikalos) Petrebels ir N\u012bderlandes kvalit\u0101tes z\u012bmols, kur\u0101 j\u016bs nepievilsieties!","og_url":"https:\/\/miumjau.ee\/lv\/produkts\/skrapesanas-stabs-kapsanas-sienai-2080-dabigs\/","og_site_name":"MiuMjau","article_publisher":"https:\/\/www.facebook.com\/miumjaupood\/","og_image":[{"width":600,"height":800,"url":"https:\/\/miumjau.ee\/wp-content\/uploads\/2023\/12\/kraapimispost-20801.jpg","type":"image\/jpeg"}],"twitter_card":"summary_large_image","schema":{"@context":"https:\/\/schema.org","@graph":[{"@type":"WebPage","@id":"https:\/\/miumjau.ee\/lv\/produkts\/skrapesanas-stabs-kapsanas-sienai-2080-dabigs\/","url":"https:\/\/miumjau.ee\/lv\/produkts\/skrapesanas-stabs-kapsanas-sienai-2080-dabigs\/","name":"Skr\u0101p\u0113\u0161anas stabs k\u0101p\u0161anas sienai 2080, dab\u012bgs - MiuMjau","isPartOf":{"@id":"https:\/\/miumjau.ee\/#website"},"primaryImageOfPage":{"@id":"https:\/\/miumjau.ee\/lv\/produkts\/skrapesanas-stabs-kapsanas-sienai-2080-dabigs\/#primaryimage"},"image":{"@id":"https:\/\/miumjau.ee\/lv\/produkts\/skrapesanas-stabs-kapsanas-sienai-2080-dabigs\/#primaryimage"},"thumbnailUrl":"https:\/\/miumjau.ee\/wp-content\/uploads\/2023\/12\/kraapimispost-20801.jpg","datePublished":"2024-01-01T12:11:24+00:00","breadcrumb":{"@id":"https:\/\/miumjau.ee\/lv\/produkts\/skrapesanas-stabs-kapsanas-sienai-2080-dabigs\/#breadcrumb"},"inLanguage":"lv-LV","potentialAction":[{"@type":"ReadAction","target":["https:\/\/miumjau.ee\/lv\/produkts\/skrapesanas-stabs-kapsanas-sienai-2080-dabigs\/"]}]},{"@type":"ImageObject","inLanguage":"lv-LV","@id":"https:\/\/miumjau.ee\/lv\/produkts\/skrapesanas-stabs-kapsanas-sienai-2080-dabigs\/#primaryimage","url":"https:\/\/miumjau.ee\/wp-content\/uploads\/2023\/12\/kraapimispost-20801.jpg","contentUrl":"https:\/\/miumjau.ee\/wp-content\/uploads\/2023\/12\/kraapimispost-20801.jpg","width":600,"height":800},{"@type":"BreadcrumbList","@id":"https:\/\/miumjau.ee\/lv\/produkts\/skrapesanas-stabs-kapsanas-sienai-2080-dabigs\/#breadcrumb","itemListElement":[{"@type":"ListItem","position":1,"name":"Home","item":"https:\/\/miumjau.ee\/lv\/"},{"@type":"ListItem","position":2,"name":"Veikals","item":"https:\/\/miumjau.ee\/lv\/veikals\/"},{"@type":"ListItem","position":3,"name":"Skr\u0101p\u0113\u0161anas stabs k\u0101p\u0161anas sienai 2080, dab\u012bgs"}]},{"@type":"WebSite","@id":"https:\/\/miumjau.ee\/#website","url":"https:\/\/miumjau.ee\/","name":"MiuMjau","description":"Kraapimispuud kassidele","publisher":{"@id":"https:\/\/miumjau.ee\/#organization"},"potentialAction":[{"@type":"SearchAction","target":{"@type":"EntryPoint","urlTemplate":"https:\/\/miumjau.ee\/?s={search_term_string}"},"query-input":{"@type":"PropertyValueSpecification","valueRequired":true,"valueName":"search_term_string"}}],"inLanguage":"lv-LV"},{"@type":"Organization","@id":"https:\/\/miumjau.ee\/#organization","name":"MiuMjau O\u00dc","url":"https:\/\/miumjau.ee\/","logo":{"@type":"ImageObject","inLanguage":"lv-LV","@id":"https:\/\/miumjau.ee\/#\/schema\/logo\/image\/","url":"https:\/\/miumjau.ee\/wp-content\/uploads\/2022\/04\/MiuMjau-logo-kollane.png","contentUrl":"https:\/\/miumjau.ee\/wp-content\/uploads\/2022\/04\/MiuMjau-logo-kollane.png","width":219,"height":100,"caption":"MiuMjau O\u00dc"},"image":{"@id":"https:\/\/miumjau.ee\/#\/schema\/logo\/image\/"},"sameAs":["https:\/\/www.facebook.com\/miumjaupood\/"]}]}},"_links":{"self":[{"href":"https:\/\/miumjau.ee\/lv\/wp-json\/wp\/v2\/product\/55949","targetHints":{"allow":["GET"]}}],"collection":[{"href":"https:\/\/miumjau.ee\/lv\/wp-json\/wp\/v2\/product"}],"about":[{"href":"https:\/\/miumjau.ee\/lv\/wp-json\/wp\/v2\/types\/product"}],"wp:featuredmedia":[{"embeddable":true,"href":"https:\/\/miumjau.ee\/lv\/wp-json\/wp\/v2\/media\/55950"}],"wp:attachment":[{"href":"https:\/\/miumjau.ee\/lv\/wp-json\/wp\/v2\/media?parent=55949"}],"wp:term":[{"taxonomy":"product_brand","embeddable":true,"href":"https:\/\/miumjau.ee\/lv\/wp-json\/wp\/v2\/product_brand?post=55949"},{"taxonomy":"product_cat","embeddable":true,"href":"https:\/\/miumjau.ee\/lv\/wp-json\/wp\/v2\/product_cat?post=55949"},{"taxonomy":"product_tag","embeddable":true,"href":"https:\/\/miumjau.ee\/lv\/wp-json\/wp\/v2\/product_tag?post=55949"}],"curies":[{"name":"wp","href":"https:\/\/api.w.org\/{rel}","templated":true}]}}