{"id":55928,"date":"2024-11-13T12:34:17","date_gmt":"2024-11-13T10:34:17","guid":{"rendered":"https:\/\/miumjau.ee\/toode\/churu-bites-karums-kakiem-ar-vistu-un-tunci-30-g\/"},"modified":"2024-11-13T12:34:17","modified_gmt":"2024-11-13T10:34:17","slug":"churu-bites-karums-kakiem-ar-vistu-un-tunci-30-g","status":"publish","type":"product","link":"https:\/\/miumjau.ee\/lv\/produkts\/churu-bites-karums-kakiem-ar-vistu-un-tunci-30-g\/","title":{"rendered":"Churu Bites k\u0101rums ka\u0137iem ar vistu un tunci 30 g"},"content":{"rendered":"","protected":false},"excerpt":{"rendered":"<p data-start=\"167\" data-end=\"500\">Spilventi\u0146a formas bezgraudu k\u0101rumi ka\u0137iem ar vistu un tunci. Churu Bites ir m\u012bksts spilventi\u0146a formas dab\u012bgs k\u0101rums ar vistu un tunci, bag\u0101tin\u0101ts ar za\u013c\u0101s t\u0113jas ekstraktu un E vitam\u012bnu. Nesatur graudaugus, konservantus vai m\u0101ksl\u012bg\u0101s kr\u0101svielas. Katrs iepakojums satur tr\u012bs atsevi\u0161\u0137us iepakojumus, lai saglab\u0101tu maksim\u0101lu svaigumu.<\/p>\n<p data-start=\"502\" data-end=\"561\">Izgatavots no 100% ferm\u0101 audz\u0113tas vistas un dab\u012bga tun\u010da.<\/p>\n<p data-start=\"563\" data-end=\"775\"><strong data-start=\"563\" data-end=\"583\">Piedevas \/ 1 kg:<\/strong><br data-start=\"583\" data-end=\"586\" \/>Bar\u012bbas piedevas: E vitam\u012bns (3a700) 121 mg<br data-start=\"629\" data-end=\"632\" \/>Tehnolo\u0123isk\u0101s piedevas: guarkumija (E412) 6,3 g<br data-start=\"679\" data-end=\"682\" \/>Sensor\u0101s piedevas: aromatiz\u0113t\u0101ji<br data-start=\"714\" data-end=\"717\" \/>Kr\u0101svielas: dabiskas izcelsmes \u2013 paprika ekstrakts 0,1 g<\/p>\n<p data-start=\"777\" data-end=\"820\"><strong data-start=\"777\" data-end=\"805\">Metaboliz\u0113jam\u0101 ener\u0123ija:<\/strong> 1500 kcal\/kg<\/p>\n<p data-start=\"822\" data-end=\"1048\"><strong data-start=\"822\" data-end=\"846\">Baro\u0161anas ieteikumi:<\/strong> Lietot k\u0101 bar\u012bbas piedevu. Vienm\u0113r nodro\u0161iniet svaigu dzeramo \u016bdeni. P\u0113c atv\u0113r\u0161anas uzglab\u0101t ledusskap\u012b un izlietot p\u0113c iesp\u0113jas \u0101tr\u0101k. Uzglab\u0101t v\u0113s\u0101, saus\u0101 viet\u0101, pasarg\u0101t no tie\u0161iem saules stariem.<\/p>\n<p data-start=\"1050\" data-end=\"1093\"><strong data-start=\"1050\" data-end=\"1065\">Neto svars:<\/strong> 10 g \u00d7 3 iepakojumi, 30 g<\/p>\n","protected":false},"featured_media":55930,"template":"","meta":[],"product_brand":[],"product_cat":[570],"product_tag":[],"class_list":{"0":"post-55928","1":"product","2":"type-product","3":"status-publish","4":"has-post-thumbnail","6":"product_cat-naski","8":"first","9":"instock","10":"sale","11":"taxable","12":"shipping-taxable","13":"purchasable","14":"product-type-simple"},"yoast_head":"<!-- This site is optimized with the Yoast SEO plugin v27.4 - https:\/\/yoast.com\/product\/yoast-seo-wordpress\/ -->\n<title>Churu Bites k\u0101rums ka\u0137iem ar vistu un tunci 30 g - MiuMjau<\/title>\n<meta name=\"robots\" content=\"index, follow, max-snippet:-1, max-image-preview:large, max-video-preview:-1\" \/>\n<link rel=\"canonical\" href=\"https:\/\/miumjau.ee\/lv\/produkts\/churu-bites-karums-kakiem-ar-vistu-un-tunci-30-g\/\" \/>\n<meta property=\"og:locale\" content=\"lv_LV\" \/>\n<meta property=\"og:type\" content=\"article\" \/>\n<meta property=\"og:title\" content=\"Churu Bites k\u0101rums ka\u0137iem ar vistu un tunci 30 g - MiuMjau\" \/>\n<meta property=\"og:description\" content=\"Spilventi\u0146a formas bezgraudu k\u0101rumi ka\u0137iem ar vistu un tunci. Churu Bites ir m\u012bksts spilventi\u0146a formas dab\u012bgs k\u0101rums ar vistu un tunci, bag\u0101tin\u0101ts ar za\u013c\u0101s t\u0113jas ekstraktu un E vitam\u012bnu. Nesatur graudaugus, konservantus vai m\u0101ksl\u012bg\u0101s kr\u0101svielas. Katrs iepakojums satur tr\u012bs atsevi\u0161\u0137us iepakojumus, lai saglab\u0101tu maksim\u0101lu svaigumu. Izgatavots no 100% ferm\u0101 audz\u0113tas vistas un dab\u012bga tun\u010da. Piedevas \/ 1 kg:Bar\u012bbas piedevas: E vitam\u012bns (3a700) 121 mgTehnolo\u0123isk\u0101s piedevas: guarkumija (E412) 6,3 gSensor\u0101s piedevas: aromatiz\u0113t\u0101jiKr\u0101svielas: dabiskas izcelsmes \u2013 paprika ekstrakts 0,1 g Metaboliz\u0113jam\u0101 ener\u0123ija: 1500 kcal\/kg Baro\u0161anas ieteikumi: Lietot k\u0101 bar\u012bbas piedevu. Vienm\u0113r nodro\u0161iniet svaigu dzeramo \u016bdeni. P\u0113c atv\u0113r\u0161anas uzglab\u0101t ledusskap\u012b un izlietot p\u0113c iesp\u0113jas \u0101tr\u0101k. Uzglab\u0101t v\u0113s\u0101, saus\u0101 viet\u0101, pasarg\u0101t no tie\u0161iem saules stariem. Neto svars: 10 g \u00d7 3 iepakojumi, 30 g\" \/>\n<meta property=\"og:url\" content=\"https:\/\/miumjau.ee\/lv\/produkts\/churu-bites-karums-kakiem-ar-vistu-un-tunci-30-g\/\" \/>\n<meta property=\"og:site_name\" content=\"MiuMjau\" \/>\n<meta property=\"article:publisher\" content=\"https:\/\/www.facebook.com\/miumjaupood\/\" \/>\n<meta property=\"og:image\" content=\"https:\/\/miumjau.ee\/wp-content\/uploads\/2024\/11\/churu-bites-kassimaius-30g3.jpg\" \/>\n\t<meta property=\"og:image:width\" content=\"600\" \/>\n\t<meta property=\"og:image:height\" content=\"800\" \/>\n\t<meta property=\"og:image:type\" content=\"image\/jpeg\" \/>\n<meta name=\"twitter:card\" content=\"summary_large_image\" \/>\n<script type=\"application\/ld+json\" class=\"yoast-schema-graph\">{\"@context\":\"https:\\\/\\\/schema.org\",\"@graph\":[{\"@type\":\"WebPage\",\"@id\":\"https:\\\/\\\/miumjau.ee\\\/lv\\\/produkts\\\/churu-bites-karums-kakiem-ar-vistu-un-tunci-30-g\\\/\",\"url\":\"https:\\\/\\\/miumjau.ee\\\/lv\\\/produkts\\\/churu-bites-karums-kakiem-ar-vistu-un-tunci-30-g\\\/\",\"name\":\"Churu Bites k\u0101rums ka\u0137iem ar vistu un tunci 30 g - MiuMjau\",\"isPartOf\":{\"@id\":\"https:\\\/\\\/miumjau.ee\\\/#website\"},\"primaryImageOfPage\":{\"@id\":\"https:\\\/\\\/miumjau.ee\\\/lv\\\/produkts\\\/churu-bites-karums-kakiem-ar-vistu-un-tunci-30-g\\\/#primaryimage\"},\"image\":{\"@id\":\"https:\\\/\\\/miumjau.ee\\\/lv\\\/produkts\\\/churu-bites-karums-kakiem-ar-vistu-un-tunci-30-g\\\/#primaryimage\"},\"thumbnailUrl\":\"https:\\\/\\\/miumjau.ee\\\/wp-content\\\/uploads\\\/2024\\\/11\\\/churu-bites-kassimaius-30g3.jpg\",\"datePublished\":\"2024-11-13T10:34:17+00:00\",\"breadcrumb\":{\"@id\":\"https:\\\/\\\/miumjau.ee\\\/lv\\\/produkts\\\/churu-bites-karums-kakiem-ar-vistu-un-tunci-30-g\\\/#breadcrumb\"},\"inLanguage\":\"lv-LV\",\"potentialAction\":[{\"@type\":\"ReadAction\",\"target\":[\"https:\\\/\\\/miumjau.ee\\\/lv\\\/produkts\\\/churu-bites-karums-kakiem-ar-vistu-un-tunci-30-g\\\/\"]}]},{\"@type\":\"ImageObject\",\"inLanguage\":\"lv-LV\",\"@id\":\"https:\\\/\\\/miumjau.ee\\\/lv\\\/produkts\\\/churu-bites-karums-kakiem-ar-vistu-un-tunci-30-g\\\/#primaryimage\",\"url\":\"https:\\\/\\\/miumjau.ee\\\/wp-content\\\/uploads\\\/2024\\\/11\\\/churu-bites-kassimaius-30g3.jpg\",\"contentUrl\":\"https:\\\/\\\/miumjau.ee\\\/wp-content\\\/uploads\\\/2024\\\/11\\\/churu-bites-kassimaius-30g3.jpg\",\"width\":600,\"height\":800},{\"@type\":\"BreadcrumbList\",\"@id\":\"https:\\\/\\\/miumjau.ee\\\/lv\\\/produkts\\\/churu-bites-karums-kakiem-ar-vistu-un-tunci-30-g\\\/#breadcrumb\",\"itemListElement\":[{\"@type\":\"ListItem\",\"position\":1,\"name\":\"Home\",\"item\":\"https:\\\/\\\/miumjau.ee\\\/lv\\\/\"},{\"@type\":\"ListItem\",\"position\":2,\"name\":\"Veikals\",\"item\":\"https:\\\/\\\/miumjau.ee\\\/lv\\\/veikals\\\/\"},{\"@type\":\"ListItem\",\"position\":3,\"name\":\"Churu Bites k\u0101rums ka\u0137iem ar vistu un tunci 30 g\"}]},{\"@type\":\"WebSite\",\"@id\":\"https:\\\/\\\/miumjau.ee\\\/#website\",\"url\":\"https:\\\/\\\/miumjau.ee\\\/\",\"name\":\"MiuMjau\",\"description\":\"Kraapimispuud kassidele\",\"publisher\":{\"@id\":\"https:\\\/\\\/miumjau.ee\\\/#organization\"},\"potentialAction\":[{\"@type\":\"SearchAction\",\"target\":{\"@type\":\"EntryPoint\",\"urlTemplate\":\"https:\\\/\\\/miumjau.ee\\\/?s={search_term_string}\"},\"query-input\":{\"@type\":\"PropertyValueSpecification\",\"valueRequired\":true,\"valueName\":\"search_term_string\"}}],\"inLanguage\":\"lv-LV\"},{\"@type\":\"Organization\",\"@id\":\"https:\\\/\\\/miumjau.ee\\\/#organization\",\"name\":\"MiuMjau O\u00dc\",\"url\":\"https:\\\/\\\/miumjau.ee\\\/\",\"logo\":{\"@type\":\"ImageObject\",\"inLanguage\":\"lv-LV\",\"@id\":\"https:\\\/\\\/miumjau.ee\\\/#\\\/schema\\\/logo\\\/image\\\/\",\"url\":\"https:\\\/\\\/miumjau.ee\\\/wp-content\\\/uploads\\\/2022\\\/04\\\/MiuMjau-logo-kollane.png\",\"contentUrl\":\"https:\\\/\\\/miumjau.ee\\\/wp-content\\\/uploads\\\/2022\\\/04\\\/MiuMjau-logo-kollane.png\",\"width\":219,\"height\":100,\"caption\":\"MiuMjau O\u00dc\"},\"image\":{\"@id\":\"https:\\\/\\\/miumjau.ee\\\/#\\\/schema\\\/logo\\\/image\\\/\"},\"sameAs\":[\"https:\\\/\\\/www.facebook.com\\\/miumjaupood\\\/\"]}]}<\/script>\n<!-- \/ Yoast SEO plugin. -->","yoast_head_json":{"title":"Churu Bites k\u0101rums ka\u0137iem ar vistu un tunci 30 g - MiuMjau","robots":{"index":"index","follow":"follow","max-snippet":"max-snippet:-1","max-image-preview":"max-image-preview:large","max-video-preview":"max-video-preview:-1"},"canonical":"https:\/\/miumjau.ee\/lv\/produkts\/churu-bites-karums-kakiem-ar-vistu-un-tunci-30-g\/","og_locale":"lv_LV","og_type":"article","og_title":"Churu Bites k\u0101rums ka\u0137iem ar vistu un tunci 30 g - MiuMjau","og_description":"Spilventi\u0146a formas bezgraudu k\u0101rumi ka\u0137iem ar vistu un tunci. Churu Bites ir m\u012bksts spilventi\u0146a formas dab\u012bgs k\u0101rums ar vistu un tunci, bag\u0101tin\u0101ts ar za\u013c\u0101s t\u0113jas ekstraktu un E vitam\u012bnu. Nesatur graudaugus, konservantus vai m\u0101ksl\u012bg\u0101s kr\u0101svielas. Katrs iepakojums satur tr\u012bs atsevi\u0161\u0137us iepakojumus, lai saglab\u0101tu maksim\u0101lu svaigumu. Izgatavots no 100% ferm\u0101 audz\u0113tas vistas un dab\u012bga tun\u010da. Piedevas \/ 1 kg:Bar\u012bbas piedevas: E vitam\u012bns (3a700) 121 mgTehnolo\u0123isk\u0101s piedevas: guarkumija (E412) 6,3 gSensor\u0101s piedevas: aromatiz\u0113t\u0101jiKr\u0101svielas: dabiskas izcelsmes \u2013 paprika ekstrakts 0,1 g Metaboliz\u0113jam\u0101 ener\u0123ija: 1500 kcal\/kg Baro\u0161anas ieteikumi: Lietot k\u0101 bar\u012bbas piedevu. Vienm\u0113r nodro\u0161iniet svaigu dzeramo \u016bdeni. P\u0113c atv\u0113r\u0161anas uzglab\u0101t ledusskap\u012b un izlietot p\u0113c iesp\u0113jas \u0101tr\u0101k. Uzglab\u0101t v\u0113s\u0101, saus\u0101 viet\u0101, pasarg\u0101t no tie\u0161iem saules stariem. Neto svars: 10 g \u00d7 3 iepakojumi, 30 g","og_url":"https:\/\/miumjau.ee\/lv\/produkts\/churu-bites-karums-kakiem-ar-vistu-un-tunci-30-g\/","og_site_name":"MiuMjau","article_publisher":"https:\/\/www.facebook.com\/miumjaupood\/","og_image":[{"width":600,"height":800,"url":"https:\/\/miumjau.ee\/wp-content\/uploads\/2024\/11\/churu-bites-kassimaius-30g3.jpg","type":"image\/jpeg"}],"twitter_card":"summary_large_image","schema":{"@context":"https:\/\/schema.org","@graph":[{"@type":"WebPage","@id":"https:\/\/miumjau.ee\/lv\/produkts\/churu-bites-karums-kakiem-ar-vistu-un-tunci-30-g\/","url":"https:\/\/miumjau.ee\/lv\/produkts\/churu-bites-karums-kakiem-ar-vistu-un-tunci-30-g\/","name":"Churu Bites k\u0101rums ka\u0137iem ar vistu un tunci 30 g - MiuMjau","isPartOf":{"@id":"https:\/\/miumjau.ee\/#website"},"primaryImageOfPage":{"@id":"https:\/\/miumjau.ee\/lv\/produkts\/churu-bites-karums-kakiem-ar-vistu-un-tunci-30-g\/#primaryimage"},"image":{"@id":"https:\/\/miumjau.ee\/lv\/produkts\/churu-bites-karums-kakiem-ar-vistu-un-tunci-30-g\/#primaryimage"},"thumbnailUrl":"https:\/\/miumjau.ee\/wp-content\/uploads\/2024\/11\/churu-bites-kassimaius-30g3.jpg","datePublished":"2024-11-13T10:34:17+00:00","breadcrumb":{"@id":"https:\/\/miumjau.ee\/lv\/produkts\/churu-bites-karums-kakiem-ar-vistu-un-tunci-30-g\/#breadcrumb"},"inLanguage":"lv-LV","potentialAction":[{"@type":"ReadAction","target":["https:\/\/miumjau.ee\/lv\/produkts\/churu-bites-karums-kakiem-ar-vistu-un-tunci-30-g\/"]}]},{"@type":"ImageObject","inLanguage":"lv-LV","@id":"https:\/\/miumjau.ee\/lv\/produkts\/churu-bites-karums-kakiem-ar-vistu-un-tunci-30-g\/#primaryimage","url":"https:\/\/miumjau.ee\/wp-content\/uploads\/2024\/11\/churu-bites-kassimaius-30g3.jpg","contentUrl":"https:\/\/miumjau.ee\/wp-content\/uploads\/2024\/11\/churu-bites-kassimaius-30g3.jpg","width":600,"height":800},{"@type":"BreadcrumbList","@id":"https:\/\/miumjau.ee\/lv\/produkts\/churu-bites-karums-kakiem-ar-vistu-un-tunci-30-g\/#breadcrumb","itemListElement":[{"@type":"ListItem","position":1,"name":"Home","item":"https:\/\/miumjau.ee\/lv\/"},{"@type":"ListItem","position":2,"name":"Veikals","item":"https:\/\/miumjau.ee\/lv\/veikals\/"},{"@type":"ListItem","position":3,"name":"Churu Bites k\u0101rums ka\u0137iem ar vistu un tunci 30 g"}]},{"@type":"WebSite","@id":"https:\/\/miumjau.ee\/#website","url":"https:\/\/miumjau.ee\/","name":"MiuMjau","description":"Kraapimispuud kassidele","publisher":{"@id":"https:\/\/miumjau.ee\/#organization"},"potentialAction":[{"@type":"SearchAction","target":{"@type":"EntryPoint","urlTemplate":"https:\/\/miumjau.ee\/?s={search_term_string}"},"query-input":{"@type":"PropertyValueSpecification","valueRequired":true,"valueName":"search_term_string"}}],"inLanguage":"lv-LV"},{"@type":"Organization","@id":"https:\/\/miumjau.ee\/#organization","name":"MiuMjau O\u00dc","url":"https:\/\/miumjau.ee\/","logo":{"@type":"ImageObject","inLanguage":"lv-LV","@id":"https:\/\/miumjau.ee\/#\/schema\/logo\/image\/","url":"https:\/\/miumjau.ee\/wp-content\/uploads\/2022\/04\/MiuMjau-logo-kollane.png","contentUrl":"https:\/\/miumjau.ee\/wp-content\/uploads\/2022\/04\/MiuMjau-logo-kollane.png","width":219,"height":100,"caption":"MiuMjau O\u00dc"},"image":{"@id":"https:\/\/miumjau.ee\/#\/schema\/logo\/image\/"},"sameAs":["https:\/\/www.facebook.com\/miumjaupood\/"]}]}},"_links":{"self":[{"href":"https:\/\/miumjau.ee\/lv\/wp-json\/wp\/v2\/product\/55928","targetHints":{"allow":["GET"]}}],"collection":[{"href":"https:\/\/miumjau.ee\/lv\/wp-json\/wp\/v2\/product"}],"about":[{"href":"https:\/\/miumjau.ee\/lv\/wp-json\/wp\/v2\/types\/product"}],"wp:featuredmedia":[{"embeddable":true,"href":"https:\/\/miumjau.ee\/lv\/wp-json\/wp\/v2\/media\/55930"}],"wp:attachment":[{"href":"https:\/\/miumjau.ee\/lv\/wp-json\/wp\/v2\/media?parent=55928"}],"wp:term":[{"taxonomy":"product_brand","embeddable":true,"href":"https:\/\/miumjau.ee\/lv\/wp-json\/wp\/v2\/product_brand?post=55928"},{"taxonomy":"product_cat","embeddable":true,"href":"https:\/\/miumjau.ee\/lv\/wp-json\/wp\/v2\/product_cat?post=55928"},{"taxonomy":"product_tag","embeddable":true,"href":"https:\/\/miumjau.ee\/lv\/wp-json\/wp\/v2\/product_tag?post=55928"}],"curies":[{"name":"wp","href":"https:\/\/api.w.org\/{rel}","templated":true}]}}