{"id":55916,"date":"2024-11-13T12:11:56","date_gmt":"2024-11-13T10:11:56","guid":{"rendered":"https:\/\/miumjau.ee\/toode\/churu-pops-karums-kakiem-ar-vistu-un-tunci-60-g\/"},"modified":"2024-11-13T12:11:56","modified_gmt":"2024-11-13T10:11:56","slug":"churu-pops-karums-kakiem-ar-vistu-un-tunci-60-g","status":"publish","type":"product","link":"https:\/\/miumjau.ee\/lv\/produkts\/churu-pops-karums-kakiem-ar-vistu-un-tunci-60-g\/","title":{"rendered":"Churu Pops k\u0101rums ka\u0137iem ar vistu un tunci 60 g"},"content":{"rendered":"","protected":false},"excerpt":{"rendered":"<p data-start=\"168\" data-end=\"558\">Bezgraudu k\u0101rums ka\u0137iem \u2013 biezenis ar tunci un vistu. \u0160ie sul\u012bgie un gar\u0161\u012bgie k\u0101rumi ka\u0137iem ir gatavoti no 100% dab\u012bga tun\u010da un ferm\u0101 audz\u0113tas vistas! Churu Pops k\u0101rumi satur daudz mitruma, kas ir b\u016btiski ka\u0137a vesel\u012bbai. Tie nesatur gabali\u0146us, konservantus vai m\u0101ksl\u012bg\u0101s kr\u0101svielas. Tos var izmantot da\u017e\u0101dos veidos: izspiest no t\u016bbi\u0146as laiz\u012b\u0161anai vai izmantot k\u0101 piedevu sausajai bar\u012bbai.<\/p>\n<ul data-start=\"560\" data-end=\"868\">\n<li data-section-id=\"1vua9cp\" data-start=\"560\" data-end=\"620\">Izgatavots no 100% dab\u012bga tun\u010da un ferm\u0101 audz\u0113tas vistas<\/li>\n<li data-section-id=\"5jhtq6\" data-start=\"621\" data-end=\"679\">Bez graudaugiem, konservantiem un m\u0101ksl\u012bg\u0101m kr\u0101sviel\u0101m<\/li>\n<li data-section-id=\"1mas28p\" data-start=\"680\" data-end=\"717\">Sul\u012bga tekst\u016bra un lieliska gar\u0161a<\/li>\n<li data-section-id=\"1jsro77\" data-start=\"718\" data-end=\"772\">Satur daudz mitruma, kas ir b\u016btiski ka\u0137a vesel\u012bbai<\/li>\n<li data-section-id=\"x3xjpy\" data-start=\"773\" data-end=\"797\">Zems kaloriju saturs<\/li>\n<li data-section-id=\"1tsum1a\" data-start=\"798\" data-end=\"868\">Inovat\u012bvs interakt\u012bvs veids, k\u0101 pavad\u012bt laiku ar savu m\u0101jdz\u012bvnieku<\/li>\n<\/ul>\n<p data-start=\"870\" data-end=\"1089\"><strong data-start=\"870\" data-end=\"890\">Piedevas \/ 1 kg:<\/strong><br data-start=\"890\" data-end=\"893\" \/>Bar\u012bbas piedevas: E vitam\u012bns (3a700) 550 mg<br data-start=\"936\" data-end=\"939\" \/>Tehnolo\u0123isk\u0101s piedevas: agars (E406) 6,7 g, guarkumija (E412) 6,7 g, ksant\u0101na sve\u0137i (E415) 1,7 g<br data-start=\"1035\" data-end=\"1038\" \/>Sensor\u0101s piedevas: arom\u0101tiskie savienojumi 11,3 g<\/p>\n<p data-start=\"1091\" data-end=\"1135\"><strong data-start=\"1091\" data-end=\"1119\">Metaboliz\u0113jam\u0101 ener\u0123ija:<\/strong> 7 kcal\/paci\u0146a<\/p>\n<p data-start=\"1137\" data-end=\"1363\"><strong data-start=\"1137\" data-end=\"1161\">Baro\u0161anas ieteikumi:<\/strong> Lietot k\u0101 bar\u012bbas piedevu. Vienm\u0113r nodro\u0161iniet svaigu dzeramo \u016bdeni. P\u0113c atv\u0113r\u0161anas uzglab\u0101t ledusskap\u012b un izlietot p\u0113c iesp\u0113jas \u0101tr\u0101k. Uzglab\u0101t v\u0113s\u0101, saus\u0101 viet\u0101, pasarg\u0101t no tie\u0161iem saules stariem.<\/p>\n<p data-start=\"1365\" data-end=\"1405\"><strong data-start=\"1365\" data-end=\"1380\">Neto svars:<\/strong> 15 g \u00d7 4 t\u016bbi\u0146as, 60 g<\/p>\n","protected":false},"featured_media":55917,"template":"","meta":[],"product_brand":[],"product_cat":[570],"product_tag":[],"class_list":{"0":"post-55916","1":"product","2":"type-product","3":"status-publish","4":"has-post-thumbnail","6":"product_cat-naski","8":"first","9":"instock","10":"taxable","11":"shipping-taxable","12":"purchasable","13":"product-type-simple"},"yoast_head":"<!-- This site is optimized with the Yoast SEO plugin v27.4 - https:\/\/yoast.com\/product\/yoast-seo-wordpress\/ -->\n<title>Churu Pops k\u0101rums ka\u0137iem ar vistu un tunci 60 g - MiuMjau<\/title>\n<meta name=\"robots\" content=\"index, follow, max-snippet:-1, max-image-preview:large, max-video-preview:-1\" \/>\n<link rel=\"canonical\" href=\"https:\/\/miumjau.ee\/lv\/produkts\/churu-pops-karums-kakiem-ar-vistu-un-tunci-60-g\/\" \/>\n<meta property=\"og:locale\" content=\"lv_LV\" \/>\n<meta property=\"og:type\" content=\"article\" \/>\n<meta property=\"og:title\" content=\"Churu Pops k\u0101rums ka\u0137iem ar vistu un tunci 60 g - MiuMjau\" \/>\n<meta property=\"og:description\" content=\"Bezgraudu k\u0101rums ka\u0137iem \u2013 biezenis ar tunci un vistu. \u0160ie sul\u012bgie un gar\u0161\u012bgie k\u0101rumi ka\u0137iem ir gatavoti no 100% dab\u012bga tun\u010da un ferm\u0101 audz\u0113tas vistas! Churu Pops k\u0101rumi satur daudz mitruma, kas ir b\u016btiski ka\u0137a vesel\u012bbai. Tie nesatur gabali\u0146us, konservantus vai m\u0101ksl\u012bg\u0101s kr\u0101svielas. Tos var izmantot da\u017e\u0101dos veidos: izspiest no t\u016bbi\u0146as laiz\u012b\u0161anai vai izmantot k\u0101 piedevu sausajai bar\u012bbai.    Izgatavots no 100% dab\u012bga tun\u010da un ferm\u0101 audz\u0113tas vistas  Bez graudaugiem, konservantiem un m\u0101ksl\u012bg\u0101m kr\u0101sviel\u0101m  Sul\u012bga tekst\u016bra un lieliska gar\u0161a  Satur daudz mitruma, kas ir b\u016btiski ka\u0137a vesel\u012bbai  Zems kaloriju saturs  Inovat\u012bvs interakt\u012bvs veids, k\u0101 pavad\u012bt laiku ar savu m\u0101jdz\u012bvnieku  Piedevas \/ 1 kg:Bar\u012bbas piedevas: E vitam\u012bns (3a700) 550 mgTehnolo\u0123isk\u0101s piedevas: agars (E406) 6,7 g, guarkumija (E412) 6,7 g, ksant\u0101na sve\u0137i (E415) 1,7 gSensor\u0101s piedevas: arom\u0101tiskie savienojumi 11,3 g Metaboliz\u0113jam\u0101 ener\u0123ija: 7 kcal\/paci\u0146a Baro\u0161anas ieteikumi: Lietot k\u0101 bar\u012bbas piedevu. Vienm\u0113r nodro\u0161iniet svaigu dzeramo \u016bdeni. P\u0113c atv\u0113r\u0161anas uzglab\u0101t ledusskap\u012b un izlietot p\u0113c iesp\u0113jas \u0101tr\u0101k. Uzglab\u0101t v\u0113s\u0101, saus\u0101 viet\u0101, pasarg\u0101t no tie\u0161iem saules stariem. Neto svars: 15 g \u00d7 4 t\u016bbi\u0146as, 60 g\" \/>\n<meta property=\"og:url\" content=\"https:\/\/miumjau.ee\/lv\/produkts\/churu-pops-karums-kakiem-ar-vistu-un-tunci-60-g\/\" \/>\n<meta property=\"og:site_name\" content=\"MiuMjau\" \/>\n<meta property=\"article:publisher\" content=\"https:\/\/www.facebook.com\/miumjaupood\/\" \/>\n<meta property=\"og:image\" content=\"https:\/\/miumjau.ee\/wp-content\/uploads\/2024\/11\/churu-pops-maius-kassidele3.jpg\" \/>\n\t<meta property=\"og:image:width\" content=\"600\" \/>\n\t<meta property=\"og:image:height\" content=\"800\" \/>\n\t<meta property=\"og:image:type\" content=\"image\/jpeg\" \/>\n<meta name=\"twitter:card\" content=\"summary_large_image\" \/>\n<script type=\"application\/ld+json\" class=\"yoast-schema-graph\">{\"@context\":\"https:\\\/\\\/schema.org\",\"@graph\":[{\"@type\":\"WebPage\",\"@id\":\"https:\\\/\\\/miumjau.ee\\\/lv\\\/produkts\\\/churu-pops-karums-kakiem-ar-vistu-un-tunci-60-g\\\/\",\"url\":\"https:\\\/\\\/miumjau.ee\\\/lv\\\/produkts\\\/churu-pops-karums-kakiem-ar-vistu-un-tunci-60-g\\\/\",\"name\":\"Churu Pops k\u0101rums ka\u0137iem ar vistu un tunci 60 g - MiuMjau\",\"isPartOf\":{\"@id\":\"https:\\\/\\\/miumjau.ee\\\/#website\"},\"primaryImageOfPage\":{\"@id\":\"https:\\\/\\\/miumjau.ee\\\/lv\\\/produkts\\\/churu-pops-karums-kakiem-ar-vistu-un-tunci-60-g\\\/#primaryimage\"},\"image\":{\"@id\":\"https:\\\/\\\/miumjau.ee\\\/lv\\\/produkts\\\/churu-pops-karums-kakiem-ar-vistu-un-tunci-60-g\\\/#primaryimage\"},\"thumbnailUrl\":\"https:\\\/\\\/miumjau.ee\\\/wp-content\\\/uploads\\\/2024\\\/11\\\/churu-pops-maius-kassidele3.jpg\",\"datePublished\":\"2024-11-13T10:11:56+00:00\",\"breadcrumb\":{\"@id\":\"https:\\\/\\\/miumjau.ee\\\/lv\\\/produkts\\\/churu-pops-karums-kakiem-ar-vistu-un-tunci-60-g\\\/#breadcrumb\"},\"inLanguage\":\"lv-LV\",\"potentialAction\":[{\"@type\":\"ReadAction\",\"target\":[\"https:\\\/\\\/miumjau.ee\\\/lv\\\/produkts\\\/churu-pops-karums-kakiem-ar-vistu-un-tunci-60-g\\\/\"]}]},{\"@type\":\"ImageObject\",\"inLanguage\":\"lv-LV\",\"@id\":\"https:\\\/\\\/miumjau.ee\\\/lv\\\/produkts\\\/churu-pops-karums-kakiem-ar-vistu-un-tunci-60-g\\\/#primaryimage\",\"url\":\"https:\\\/\\\/miumjau.ee\\\/wp-content\\\/uploads\\\/2024\\\/11\\\/churu-pops-maius-kassidele3.jpg\",\"contentUrl\":\"https:\\\/\\\/miumjau.ee\\\/wp-content\\\/uploads\\\/2024\\\/11\\\/churu-pops-maius-kassidele3.jpg\",\"width\":600,\"height\":800},{\"@type\":\"BreadcrumbList\",\"@id\":\"https:\\\/\\\/miumjau.ee\\\/lv\\\/produkts\\\/churu-pops-karums-kakiem-ar-vistu-un-tunci-60-g\\\/#breadcrumb\",\"itemListElement\":[{\"@type\":\"ListItem\",\"position\":1,\"name\":\"Home\",\"item\":\"https:\\\/\\\/miumjau.ee\\\/lv\\\/\"},{\"@type\":\"ListItem\",\"position\":2,\"name\":\"Veikals\",\"item\":\"https:\\\/\\\/miumjau.ee\\\/lv\\\/veikals\\\/\"},{\"@type\":\"ListItem\",\"position\":3,\"name\":\"Churu Pops k\u0101rums ka\u0137iem ar vistu un tunci 60 g\"}]},{\"@type\":\"WebSite\",\"@id\":\"https:\\\/\\\/miumjau.ee\\\/#website\",\"url\":\"https:\\\/\\\/miumjau.ee\\\/\",\"name\":\"MiuMjau\",\"description\":\"Kraapimispuud kassidele\",\"publisher\":{\"@id\":\"https:\\\/\\\/miumjau.ee\\\/#organization\"},\"potentialAction\":[{\"@type\":\"SearchAction\",\"target\":{\"@type\":\"EntryPoint\",\"urlTemplate\":\"https:\\\/\\\/miumjau.ee\\\/?s={search_term_string}\"},\"query-input\":{\"@type\":\"PropertyValueSpecification\",\"valueRequired\":true,\"valueName\":\"search_term_string\"}}],\"inLanguage\":\"lv-LV\"},{\"@type\":\"Organization\",\"@id\":\"https:\\\/\\\/miumjau.ee\\\/#organization\",\"name\":\"MiuMjau O\u00dc\",\"url\":\"https:\\\/\\\/miumjau.ee\\\/\",\"logo\":{\"@type\":\"ImageObject\",\"inLanguage\":\"lv-LV\",\"@id\":\"https:\\\/\\\/miumjau.ee\\\/#\\\/schema\\\/logo\\\/image\\\/\",\"url\":\"https:\\\/\\\/miumjau.ee\\\/wp-content\\\/uploads\\\/2022\\\/04\\\/MiuMjau-logo-kollane.png\",\"contentUrl\":\"https:\\\/\\\/miumjau.ee\\\/wp-content\\\/uploads\\\/2022\\\/04\\\/MiuMjau-logo-kollane.png\",\"width\":219,\"height\":100,\"caption\":\"MiuMjau O\u00dc\"},\"image\":{\"@id\":\"https:\\\/\\\/miumjau.ee\\\/#\\\/schema\\\/logo\\\/image\\\/\"},\"sameAs\":[\"https:\\\/\\\/www.facebook.com\\\/miumjaupood\\\/\"]}]}<\/script>\n<!-- \/ Yoast SEO plugin. -->","yoast_head_json":{"title":"Churu Pops k\u0101rums ka\u0137iem ar vistu un tunci 60 g - MiuMjau","robots":{"index":"index","follow":"follow","max-snippet":"max-snippet:-1","max-image-preview":"max-image-preview:large","max-video-preview":"max-video-preview:-1"},"canonical":"https:\/\/miumjau.ee\/lv\/produkts\/churu-pops-karums-kakiem-ar-vistu-un-tunci-60-g\/","og_locale":"lv_LV","og_type":"article","og_title":"Churu Pops k\u0101rums ka\u0137iem ar vistu un tunci 60 g - MiuMjau","og_description":"Bezgraudu k\u0101rums ka\u0137iem \u2013 biezenis ar tunci un vistu. \u0160ie sul\u012bgie un gar\u0161\u012bgie k\u0101rumi ka\u0137iem ir gatavoti no 100% dab\u012bga tun\u010da un ferm\u0101 audz\u0113tas vistas! Churu Pops k\u0101rumi satur daudz mitruma, kas ir b\u016btiski ka\u0137a vesel\u012bbai. Tie nesatur gabali\u0146us, konservantus vai m\u0101ksl\u012bg\u0101s kr\u0101svielas. Tos var izmantot da\u017e\u0101dos veidos: izspiest no t\u016bbi\u0146as laiz\u012b\u0161anai vai izmantot k\u0101 piedevu sausajai bar\u012bbai.    Izgatavots no 100% dab\u012bga tun\u010da un ferm\u0101 audz\u0113tas vistas  Bez graudaugiem, konservantiem un m\u0101ksl\u012bg\u0101m kr\u0101sviel\u0101m  Sul\u012bga tekst\u016bra un lieliska gar\u0161a  Satur daudz mitruma, kas ir b\u016btiski ka\u0137a vesel\u012bbai  Zems kaloriju saturs  Inovat\u012bvs interakt\u012bvs veids, k\u0101 pavad\u012bt laiku ar savu m\u0101jdz\u012bvnieku  Piedevas \/ 1 kg:Bar\u012bbas piedevas: E vitam\u012bns (3a700) 550 mgTehnolo\u0123isk\u0101s piedevas: agars (E406) 6,7 g, guarkumija (E412) 6,7 g, ksant\u0101na sve\u0137i (E415) 1,7 gSensor\u0101s piedevas: arom\u0101tiskie savienojumi 11,3 g Metaboliz\u0113jam\u0101 ener\u0123ija: 7 kcal\/paci\u0146a Baro\u0161anas ieteikumi: Lietot k\u0101 bar\u012bbas piedevu. Vienm\u0113r nodro\u0161iniet svaigu dzeramo \u016bdeni. P\u0113c atv\u0113r\u0161anas uzglab\u0101t ledusskap\u012b un izlietot p\u0113c iesp\u0113jas \u0101tr\u0101k. Uzglab\u0101t v\u0113s\u0101, saus\u0101 viet\u0101, pasarg\u0101t no tie\u0161iem saules stariem. Neto svars: 15 g \u00d7 4 t\u016bbi\u0146as, 60 g","og_url":"https:\/\/miumjau.ee\/lv\/produkts\/churu-pops-karums-kakiem-ar-vistu-un-tunci-60-g\/","og_site_name":"MiuMjau","article_publisher":"https:\/\/www.facebook.com\/miumjaupood\/","og_image":[{"width":600,"height":800,"url":"https:\/\/miumjau.ee\/wp-content\/uploads\/2024\/11\/churu-pops-maius-kassidele3.jpg","type":"image\/jpeg"}],"twitter_card":"summary_large_image","schema":{"@context":"https:\/\/schema.org","@graph":[{"@type":"WebPage","@id":"https:\/\/miumjau.ee\/lv\/produkts\/churu-pops-karums-kakiem-ar-vistu-un-tunci-60-g\/","url":"https:\/\/miumjau.ee\/lv\/produkts\/churu-pops-karums-kakiem-ar-vistu-un-tunci-60-g\/","name":"Churu Pops k\u0101rums ka\u0137iem ar vistu un tunci 60 g - MiuMjau","isPartOf":{"@id":"https:\/\/miumjau.ee\/#website"},"primaryImageOfPage":{"@id":"https:\/\/miumjau.ee\/lv\/produkts\/churu-pops-karums-kakiem-ar-vistu-un-tunci-60-g\/#primaryimage"},"image":{"@id":"https:\/\/miumjau.ee\/lv\/produkts\/churu-pops-karums-kakiem-ar-vistu-un-tunci-60-g\/#primaryimage"},"thumbnailUrl":"https:\/\/miumjau.ee\/wp-content\/uploads\/2024\/11\/churu-pops-maius-kassidele3.jpg","datePublished":"2024-11-13T10:11:56+00:00","breadcrumb":{"@id":"https:\/\/miumjau.ee\/lv\/produkts\/churu-pops-karums-kakiem-ar-vistu-un-tunci-60-g\/#breadcrumb"},"inLanguage":"lv-LV","potentialAction":[{"@type":"ReadAction","target":["https:\/\/miumjau.ee\/lv\/produkts\/churu-pops-karums-kakiem-ar-vistu-un-tunci-60-g\/"]}]},{"@type":"ImageObject","inLanguage":"lv-LV","@id":"https:\/\/miumjau.ee\/lv\/produkts\/churu-pops-karums-kakiem-ar-vistu-un-tunci-60-g\/#primaryimage","url":"https:\/\/miumjau.ee\/wp-content\/uploads\/2024\/11\/churu-pops-maius-kassidele3.jpg","contentUrl":"https:\/\/miumjau.ee\/wp-content\/uploads\/2024\/11\/churu-pops-maius-kassidele3.jpg","width":600,"height":800},{"@type":"BreadcrumbList","@id":"https:\/\/miumjau.ee\/lv\/produkts\/churu-pops-karums-kakiem-ar-vistu-un-tunci-60-g\/#breadcrumb","itemListElement":[{"@type":"ListItem","position":1,"name":"Home","item":"https:\/\/miumjau.ee\/lv\/"},{"@type":"ListItem","position":2,"name":"Veikals","item":"https:\/\/miumjau.ee\/lv\/veikals\/"},{"@type":"ListItem","position":3,"name":"Churu Pops k\u0101rums ka\u0137iem ar vistu un tunci 60 g"}]},{"@type":"WebSite","@id":"https:\/\/miumjau.ee\/#website","url":"https:\/\/miumjau.ee\/","name":"MiuMjau","description":"Kraapimispuud kassidele","publisher":{"@id":"https:\/\/miumjau.ee\/#organization"},"potentialAction":[{"@type":"SearchAction","target":{"@type":"EntryPoint","urlTemplate":"https:\/\/miumjau.ee\/?s={search_term_string}"},"query-input":{"@type":"PropertyValueSpecification","valueRequired":true,"valueName":"search_term_string"}}],"inLanguage":"lv-LV"},{"@type":"Organization","@id":"https:\/\/miumjau.ee\/#organization","name":"MiuMjau O\u00dc","url":"https:\/\/miumjau.ee\/","logo":{"@type":"ImageObject","inLanguage":"lv-LV","@id":"https:\/\/miumjau.ee\/#\/schema\/logo\/image\/","url":"https:\/\/miumjau.ee\/wp-content\/uploads\/2022\/04\/MiuMjau-logo-kollane.png","contentUrl":"https:\/\/miumjau.ee\/wp-content\/uploads\/2022\/04\/MiuMjau-logo-kollane.png","width":219,"height":100,"caption":"MiuMjau O\u00dc"},"image":{"@id":"https:\/\/miumjau.ee\/#\/schema\/logo\/image\/"},"sameAs":["https:\/\/www.facebook.com\/miumjaupood\/"]}]}},"_links":{"self":[{"href":"https:\/\/miumjau.ee\/lv\/wp-json\/wp\/v2\/product\/55916","targetHints":{"allow":["GET"]}}],"collection":[{"href":"https:\/\/miumjau.ee\/lv\/wp-json\/wp\/v2\/product"}],"about":[{"href":"https:\/\/miumjau.ee\/lv\/wp-json\/wp\/v2\/types\/product"}],"wp:featuredmedia":[{"embeddable":true,"href":"https:\/\/miumjau.ee\/lv\/wp-json\/wp\/v2\/media\/55917"}],"wp:attachment":[{"href":"https:\/\/miumjau.ee\/lv\/wp-json\/wp\/v2\/media?parent=55916"}],"wp:term":[{"taxonomy":"product_brand","embeddable":true,"href":"https:\/\/miumjau.ee\/lv\/wp-json\/wp\/v2\/product_brand?post=55916"},{"taxonomy":"product_cat","embeddable":true,"href":"https:\/\/miumjau.ee\/lv\/wp-json\/wp\/v2\/product_cat?post=55916"},{"taxonomy":"product_tag","embeddable":true,"href":"https:\/\/miumjau.ee\/lv\/wp-json\/wp\/v2\/product_tag?post=55916"}],"curies":[{"name":"wp","href":"https:\/\/api.w.org\/{rel}","templated":true}]}}