{"id":55898,"date":"2024-11-13T15:06:19","date_gmt":"2024-11-13T13:06:19","guid":{"rendered":"https:\/\/miumjau.ee\/toode\/brit-care-superfruits-100-g-silke-un-smiltserkski\/"},"modified":"2024-11-13T15:06:19","modified_gmt":"2024-11-13T13:06:19","slug":"brit-care-superfruits-100-g-silke-un-smiltserkski","status":"publish","type":"product","link":"https:\/\/miumjau.ee\/lv\/produkts\/brit-care-superfruits-100-g-silke-un-smiltserkski\/","title":{"rendered":"Brit Care Superfruits 100\u202fg, si\u013c\u0137e un smilts\u0113rk\u0161\u0137i"},"content":{"rendered":"","protected":false},"excerpt":{"rendered":"<p data-start=\"175\" data-end=\"384\">Brit Care Superfruits \u2013 papildbar\u012bba steriliz\u0113tiem ka\u0137iem. Krauk\u0161\u0137\u012bgs uzkodu k\u0101rums ar si\u013c\u0137i un \u201cSUPERVAIJS\u201d \u2013 smilts\u0113rk\u0161\u0137iem. Graudaugu nesaturo\u0161as krauk\u0161\u0137\u012bgas uzkodas, kas aicina ka\u0137i jautri pavad\u012bt laiku.<\/p>\n<p data-start=\"386\" data-end=\"702\"><strong data-start=\"386\" data-end=\"398\">Sast\u0101vs:<\/strong> si\u013c\u0137es prote\u012bns (30%), dzelten\u0101s zir\u0146i, vistas tauki (9%), zir\u0146u prote\u012bns, hidroliz\u0113ts vistas olbaltums (8%), \u017e\u0101v\u0113ti smilts\u0113rk\u0161\u0137i (4%), \u017e\u0101v\u0113ta \u0101bolu masa, hidroliz\u0113tas vistas aknas (3%), alus raugs (2%), la\u0161a e\u013c\u013ca (2%), zir\u0146u milti, lins\u0113klas (1%), n\u0101trija hlor\u012bds (0,5%), olu \u010daumalas membr\u0101na (0,1%)<\/p>\n<p data-start=\"704\" data-end=\"887\"><strong data-start=\"704\" data-end=\"731\">Anal\u012btiskie komponenti:<\/strong> olbaltumvielas 37%, tauki 17%, pelni 7%, \u0161\u0137iedra 2,5%, mitrums 10%, kalcijs 1,0%, fosfors 0,8%, n\u0101trijs 0,9%, magnijs 0,05%, omega-3 0,75%, omega-6 2,35%<\/p>\n<p data-start=\"889\" data-end=\"1050\"><strong data-start=\"889\" data-end=\"916\">Baro\u0161anas pievienojumi:<\/strong> satur ES apstiprin\u0101tus antioksidantus: augu e\u013c\u013cu tokoferolu ekstraktus (1b306(i)), askorb\u012blpalmit\u0101tu (1b304) un rozmar\u012bna ekstraktu<\/p>\n<p data-start=\"1052\" data-end=\"1095\"><strong data-start=\"1052\" data-end=\"1080\">Metaboliz\u0113jam\u0101 ener\u0123ija:<\/strong> 3910\u202fkcal\/kg<\/p>\n","protected":false},"featured_media":55893,"template":"","meta":[],"product_brand":[],"product_cat":[570],"product_tag":[],"class_list":{"0":"post-55898","1":"product","2":"type-product","3":"status-publish","4":"has-post-thumbnail","6":"product_cat-naski","8":"first","9":"instock","10":"taxable","11":"shipping-taxable","12":"purchasable","13":"product-type-simple"},"yoast_head":"<!-- This site is optimized with the Yoast SEO plugin v27.4 - https:\/\/yoast.com\/product\/yoast-seo-wordpress\/ -->\n<title>Brit Care Superfruits 100\u202fg, si\u013c\u0137e un smilts\u0113rk\u0161\u0137i - MiuMjau<\/title>\n<meta name=\"robots\" content=\"index, follow, max-snippet:-1, max-image-preview:large, max-video-preview:-1\" \/>\n<link rel=\"canonical\" href=\"https:\/\/miumjau.ee\/lv\/produkts\/brit-care-superfruits-100-g-silke-un-smiltserkski\/\" \/>\n<meta property=\"og:locale\" content=\"lv_LV\" \/>\n<meta property=\"og:type\" content=\"article\" \/>\n<meta property=\"og:title\" content=\"Brit Care Superfruits 100\u202fg, si\u013c\u0137e un smilts\u0113rk\u0161\u0137i - MiuMjau\" \/>\n<meta property=\"og:description\" content=\"Brit Care Superfruits \u2013 papildbar\u012bba steriliz\u0113tiem ka\u0137iem. Krauk\u0161\u0137\u012bgs uzkodu k\u0101rums ar si\u013c\u0137i un \u201cSUPERVAIJS\u201d \u2013 smilts\u0113rk\u0161\u0137iem. Graudaugu nesaturo\u0161as krauk\u0161\u0137\u012bgas uzkodas, kas aicina ka\u0137i jautri pavad\u012bt laiku. Sast\u0101vs: si\u013c\u0137es prote\u012bns (30%), dzelten\u0101s zir\u0146i, vistas tauki (9%), zir\u0146u prote\u012bns, hidroliz\u0113ts vistas olbaltums (8%), \u017e\u0101v\u0113ti smilts\u0113rk\u0161\u0137i (4%), \u017e\u0101v\u0113ta \u0101bolu masa, hidroliz\u0113tas vistas aknas (3%), alus raugs (2%), la\u0161a e\u013c\u013ca (2%), zir\u0146u milti, lins\u0113klas (1%), n\u0101trija hlor\u012bds (0,5%), olu \u010daumalas membr\u0101na (0,1%) Anal\u012btiskie komponenti: olbaltumvielas 37%, tauki 17%, pelni 7%, \u0161\u0137iedra 2,5%, mitrums 10%, kalcijs 1,0%, fosfors 0,8%, n\u0101trijs 0,9%, magnijs 0,05%, omega-3 0,75%, omega-6 2,35% Baro\u0161anas pievienojumi: satur ES apstiprin\u0101tus antioksidantus: augu e\u013c\u013cu tokoferolu ekstraktus (1b306(i)), askorb\u012blpalmit\u0101tu (1b304) un rozmar\u012bna ekstraktu Metaboliz\u0113jam\u0101 ener\u0123ija: 3910\u202fkcal\/kg\" \/>\n<meta property=\"og:url\" content=\"https:\/\/miumjau.ee\/lv\/produkts\/brit-care-superfruits-100-g-silke-un-smiltserkski\/\" \/>\n<meta property=\"og:site_name\" content=\"MiuMjau\" \/>\n<meta property=\"article:publisher\" content=\"https:\/\/www.facebook.com\/miumjaupood\/\" \/>\n<meta property=\"og:image\" content=\"https:\/\/miumjau.ee\/wp-content\/uploads\/2024\/11\/4843-Brit-Care-Superfruits-Herring-with-Sea-Buckthorn.jpg\" \/>\n\t<meta property=\"og:image:width\" content=\"600\" \/>\n\t<meta property=\"og:image:height\" content=\"800\" \/>\n\t<meta property=\"og:image:type\" content=\"image\/jpeg\" \/>\n<meta name=\"twitter:card\" content=\"summary_large_image\" \/>\n<script type=\"application\/ld+json\" class=\"yoast-schema-graph\">{\"@context\":\"https:\\\/\\\/schema.org\",\"@graph\":[{\"@type\":\"WebPage\",\"@id\":\"https:\\\/\\\/miumjau.ee\\\/lv\\\/produkts\\\/brit-care-superfruits-100-g-silke-un-smiltserkski\\\/\",\"url\":\"https:\\\/\\\/miumjau.ee\\\/lv\\\/produkts\\\/brit-care-superfruits-100-g-silke-un-smiltserkski\\\/\",\"name\":\"Brit Care Superfruits 100\u202fg, si\u013c\u0137e un smilts\u0113rk\u0161\u0137i - MiuMjau\",\"isPartOf\":{\"@id\":\"https:\\\/\\\/miumjau.ee\\\/#website\"},\"primaryImageOfPage\":{\"@id\":\"https:\\\/\\\/miumjau.ee\\\/lv\\\/produkts\\\/brit-care-superfruits-100-g-silke-un-smiltserkski\\\/#primaryimage\"},\"image\":{\"@id\":\"https:\\\/\\\/miumjau.ee\\\/lv\\\/produkts\\\/brit-care-superfruits-100-g-silke-un-smiltserkski\\\/#primaryimage\"},\"thumbnailUrl\":\"https:\\\/\\\/miumjau.ee\\\/wp-content\\\/uploads\\\/2024\\\/11\\\/4843-Brit-Care-Superfruits-Herring-with-Sea-Buckthorn.jpg\",\"datePublished\":\"2024-11-13T13:06:19+00:00\",\"breadcrumb\":{\"@id\":\"https:\\\/\\\/miumjau.ee\\\/lv\\\/produkts\\\/brit-care-superfruits-100-g-silke-un-smiltserkski\\\/#breadcrumb\"},\"inLanguage\":\"lv-LV\",\"potentialAction\":[{\"@type\":\"ReadAction\",\"target\":[\"https:\\\/\\\/miumjau.ee\\\/lv\\\/produkts\\\/brit-care-superfruits-100-g-silke-un-smiltserkski\\\/\"]}]},{\"@type\":\"ImageObject\",\"inLanguage\":\"lv-LV\",\"@id\":\"https:\\\/\\\/miumjau.ee\\\/lv\\\/produkts\\\/brit-care-superfruits-100-g-silke-un-smiltserkski\\\/#primaryimage\",\"url\":\"https:\\\/\\\/miumjau.ee\\\/wp-content\\\/uploads\\\/2024\\\/11\\\/4843-Brit-Care-Superfruits-Herring-with-Sea-Buckthorn.jpg\",\"contentUrl\":\"https:\\\/\\\/miumjau.ee\\\/wp-content\\\/uploads\\\/2024\\\/11\\\/4843-Brit-Care-Superfruits-Herring-with-Sea-Buckthorn.jpg\",\"width\":600,\"height\":800},{\"@type\":\"BreadcrumbList\",\"@id\":\"https:\\\/\\\/miumjau.ee\\\/lv\\\/produkts\\\/brit-care-superfruits-100-g-silke-un-smiltserkski\\\/#breadcrumb\",\"itemListElement\":[{\"@type\":\"ListItem\",\"position\":1,\"name\":\"Home\",\"item\":\"https:\\\/\\\/miumjau.ee\\\/lv\\\/\"},{\"@type\":\"ListItem\",\"position\":2,\"name\":\"Veikals\",\"item\":\"https:\\\/\\\/miumjau.ee\\\/lv\\\/veikals\\\/\"},{\"@type\":\"ListItem\",\"position\":3,\"name\":\"Brit Care Superfruits 100\u202fg, si\u013c\u0137e un smilts\u0113rk\u0161\u0137i\"}]},{\"@type\":\"WebSite\",\"@id\":\"https:\\\/\\\/miumjau.ee\\\/#website\",\"url\":\"https:\\\/\\\/miumjau.ee\\\/\",\"name\":\"MiuMjau\",\"description\":\"Kraapimispuud kassidele\",\"publisher\":{\"@id\":\"https:\\\/\\\/miumjau.ee\\\/#organization\"},\"potentialAction\":[{\"@type\":\"SearchAction\",\"target\":{\"@type\":\"EntryPoint\",\"urlTemplate\":\"https:\\\/\\\/miumjau.ee\\\/?s={search_term_string}\"},\"query-input\":{\"@type\":\"PropertyValueSpecification\",\"valueRequired\":true,\"valueName\":\"search_term_string\"}}],\"inLanguage\":\"lv-LV\"},{\"@type\":\"Organization\",\"@id\":\"https:\\\/\\\/miumjau.ee\\\/#organization\",\"name\":\"MiuMjau O\u00dc\",\"url\":\"https:\\\/\\\/miumjau.ee\\\/\",\"logo\":{\"@type\":\"ImageObject\",\"inLanguage\":\"lv-LV\",\"@id\":\"https:\\\/\\\/miumjau.ee\\\/#\\\/schema\\\/logo\\\/image\\\/\",\"url\":\"https:\\\/\\\/miumjau.ee\\\/wp-content\\\/uploads\\\/2022\\\/04\\\/MiuMjau-logo-kollane.png\",\"contentUrl\":\"https:\\\/\\\/miumjau.ee\\\/wp-content\\\/uploads\\\/2022\\\/04\\\/MiuMjau-logo-kollane.png\",\"width\":219,\"height\":100,\"caption\":\"MiuMjau O\u00dc\"},\"image\":{\"@id\":\"https:\\\/\\\/miumjau.ee\\\/#\\\/schema\\\/logo\\\/image\\\/\"},\"sameAs\":[\"https:\\\/\\\/www.facebook.com\\\/miumjaupood\\\/\"]}]}<\/script>\n<!-- \/ Yoast SEO plugin. -->","yoast_head_json":{"title":"Brit Care Superfruits 100\u202fg, si\u013c\u0137e un smilts\u0113rk\u0161\u0137i - MiuMjau","robots":{"index":"index","follow":"follow","max-snippet":"max-snippet:-1","max-image-preview":"max-image-preview:large","max-video-preview":"max-video-preview:-1"},"canonical":"https:\/\/miumjau.ee\/lv\/produkts\/brit-care-superfruits-100-g-silke-un-smiltserkski\/","og_locale":"lv_LV","og_type":"article","og_title":"Brit Care Superfruits 100\u202fg, si\u013c\u0137e un smilts\u0113rk\u0161\u0137i - MiuMjau","og_description":"Brit Care Superfruits \u2013 papildbar\u012bba steriliz\u0113tiem ka\u0137iem. Krauk\u0161\u0137\u012bgs uzkodu k\u0101rums ar si\u013c\u0137i un \u201cSUPERVAIJS\u201d \u2013 smilts\u0113rk\u0161\u0137iem. Graudaugu nesaturo\u0161as krauk\u0161\u0137\u012bgas uzkodas, kas aicina ka\u0137i jautri pavad\u012bt laiku. Sast\u0101vs: si\u013c\u0137es prote\u012bns (30%), dzelten\u0101s zir\u0146i, vistas tauki (9%), zir\u0146u prote\u012bns, hidroliz\u0113ts vistas olbaltums (8%), \u017e\u0101v\u0113ti smilts\u0113rk\u0161\u0137i (4%), \u017e\u0101v\u0113ta \u0101bolu masa, hidroliz\u0113tas vistas aknas (3%), alus raugs (2%), la\u0161a e\u013c\u013ca (2%), zir\u0146u milti, lins\u0113klas (1%), n\u0101trija hlor\u012bds (0,5%), olu \u010daumalas membr\u0101na (0,1%) Anal\u012btiskie komponenti: olbaltumvielas 37%, tauki 17%, pelni 7%, \u0161\u0137iedra 2,5%, mitrums 10%, kalcijs 1,0%, fosfors 0,8%, n\u0101trijs 0,9%, magnijs 0,05%, omega-3 0,75%, omega-6 2,35% Baro\u0161anas pievienojumi: satur ES apstiprin\u0101tus antioksidantus: augu e\u013c\u013cu tokoferolu ekstraktus (1b306(i)), askorb\u012blpalmit\u0101tu (1b304) un rozmar\u012bna ekstraktu Metaboliz\u0113jam\u0101 ener\u0123ija: 3910\u202fkcal\/kg","og_url":"https:\/\/miumjau.ee\/lv\/produkts\/brit-care-superfruits-100-g-silke-un-smiltserkski\/","og_site_name":"MiuMjau","article_publisher":"https:\/\/www.facebook.com\/miumjaupood\/","og_image":[{"width":600,"height":800,"url":"https:\/\/miumjau.ee\/wp-content\/uploads\/2024\/11\/4843-Brit-Care-Superfruits-Herring-with-Sea-Buckthorn.jpg","type":"image\/jpeg"}],"twitter_card":"summary_large_image","schema":{"@context":"https:\/\/schema.org","@graph":[{"@type":"WebPage","@id":"https:\/\/miumjau.ee\/lv\/produkts\/brit-care-superfruits-100-g-silke-un-smiltserkski\/","url":"https:\/\/miumjau.ee\/lv\/produkts\/brit-care-superfruits-100-g-silke-un-smiltserkski\/","name":"Brit Care Superfruits 100\u202fg, si\u013c\u0137e un smilts\u0113rk\u0161\u0137i - MiuMjau","isPartOf":{"@id":"https:\/\/miumjau.ee\/#website"},"primaryImageOfPage":{"@id":"https:\/\/miumjau.ee\/lv\/produkts\/brit-care-superfruits-100-g-silke-un-smiltserkski\/#primaryimage"},"image":{"@id":"https:\/\/miumjau.ee\/lv\/produkts\/brit-care-superfruits-100-g-silke-un-smiltserkski\/#primaryimage"},"thumbnailUrl":"https:\/\/miumjau.ee\/wp-content\/uploads\/2024\/11\/4843-Brit-Care-Superfruits-Herring-with-Sea-Buckthorn.jpg","datePublished":"2024-11-13T13:06:19+00:00","breadcrumb":{"@id":"https:\/\/miumjau.ee\/lv\/produkts\/brit-care-superfruits-100-g-silke-un-smiltserkski\/#breadcrumb"},"inLanguage":"lv-LV","potentialAction":[{"@type":"ReadAction","target":["https:\/\/miumjau.ee\/lv\/produkts\/brit-care-superfruits-100-g-silke-un-smiltserkski\/"]}]},{"@type":"ImageObject","inLanguage":"lv-LV","@id":"https:\/\/miumjau.ee\/lv\/produkts\/brit-care-superfruits-100-g-silke-un-smiltserkski\/#primaryimage","url":"https:\/\/miumjau.ee\/wp-content\/uploads\/2024\/11\/4843-Brit-Care-Superfruits-Herring-with-Sea-Buckthorn.jpg","contentUrl":"https:\/\/miumjau.ee\/wp-content\/uploads\/2024\/11\/4843-Brit-Care-Superfruits-Herring-with-Sea-Buckthorn.jpg","width":600,"height":800},{"@type":"BreadcrumbList","@id":"https:\/\/miumjau.ee\/lv\/produkts\/brit-care-superfruits-100-g-silke-un-smiltserkski\/#breadcrumb","itemListElement":[{"@type":"ListItem","position":1,"name":"Home","item":"https:\/\/miumjau.ee\/lv\/"},{"@type":"ListItem","position":2,"name":"Veikals","item":"https:\/\/miumjau.ee\/lv\/veikals\/"},{"@type":"ListItem","position":3,"name":"Brit Care Superfruits 100\u202fg, si\u013c\u0137e un smilts\u0113rk\u0161\u0137i"}]},{"@type":"WebSite","@id":"https:\/\/miumjau.ee\/#website","url":"https:\/\/miumjau.ee\/","name":"MiuMjau","description":"Kraapimispuud kassidele","publisher":{"@id":"https:\/\/miumjau.ee\/#organization"},"potentialAction":[{"@type":"SearchAction","target":{"@type":"EntryPoint","urlTemplate":"https:\/\/miumjau.ee\/?s={search_term_string}"},"query-input":{"@type":"PropertyValueSpecification","valueRequired":true,"valueName":"search_term_string"}}],"inLanguage":"lv-LV"},{"@type":"Organization","@id":"https:\/\/miumjau.ee\/#organization","name":"MiuMjau O\u00dc","url":"https:\/\/miumjau.ee\/","logo":{"@type":"ImageObject","inLanguage":"lv-LV","@id":"https:\/\/miumjau.ee\/#\/schema\/logo\/image\/","url":"https:\/\/miumjau.ee\/wp-content\/uploads\/2022\/04\/MiuMjau-logo-kollane.png","contentUrl":"https:\/\/miumjau.ee\/wp-content\/uploads\/2022\/04\/MiuMjau-logo-kollane.png","width":219,"height":100,"caption":"MiuMjau O\u00dc"},"image":{"@id":"https:\/\/miumjau.ee\/#\/schema\/logo\/image\/"},"sameAs":["https:\/\/www.facebook.com\/miumjaupood\/"]}]}},"_links":{"self":[{"href":"https:\/\/miumjau.ee\/lv\/wp-json\/wp\/v2\/product\/55898","targetHints":{"allow":["GET"]}}],"collection":[{"href":"https:\/\/miumjau.ee\/lv\/wp-json\/wp\/v2\/product"}],"about":[{"href":"https:\/\/miumjau.ee\/lv\/wp-json\/wp\/v2\/types\/product"}],"wp:featuredmedia":[{"embeddable":true,"href":"https:\/\/miumjau.ee\/lv\/wp-json\/wp\/v2\/media\/55893"}],"wp:attachment":[{"href":"https:\/\/miumjau.ee\/lv\/wp-json\/wp\/v2\/media?parent=55898"}],"wp:term":[{"taxonomy":"product_brand","embeddable":true,"href":"https:\/\/miumjau.ee\/lv\/wp-json\/wp\/v2\/product_brand?post=55898"},{"taxonomy":"product_cat","embeddable":true,"href":"https:\/\/miumjau.ee\/lv\/wp-json\/wp\/v2\/product_cat?post=55898"},{"taxonomy":"product_tag","embeddable":true,"href":"https:\/\/miumjau.ee\/lv\/wp-json\/wp\/v2\/product_tag?post=55898"}],"curies":[{"name":"wp","href":"https:\/\/api.w.org\/{rel}","templated":true}]}}