{"id":55892,"date":"2024-11-13T15:06:15","date_gmt":"2024-11-13T13:06:15","guid":{"rendered":"https:\/\/miumjau.ee\/toode\/brit-care-superfruits-100-g-jera-gala-un-kokosrieksts\/"},"modified":"2024-11-13T15:06:15","modified_gmt":"2024-11-13T13:06:15","slug":"brit-care-superfruits-100-g-jera-gala-un-kokosrieksts","status":"publish","type":"product","link":"https:\/\/miumjau.ee\/lv\/produkts\/brit-care-superfruits-100-g-jera-gala-un-kokosrieksts\/","title":{"rendered":"Brit Care Superfruits 100\u202fg, j\u0113ra ga\u013ca un kokosrieksts"},"content":{"rendered":"","protected":false},"excerpt":{"rendered":"<p data-start=\"173\" data-end=\"355\">Brit Care Superfruits \u2013 papildbar\u012bba ka\u0137iem. Krauk\u0161\u0137\u012bgs uzkodu k\u0101rums ar j\u0113ra ga\u013cu un kokosriekstu. Graudaugu nesaturo\u0161as krauk\u0161\u0137\u012bgas uzkodas, kas aicina ka\u0137i jautri pavad\u012bt laiku.<\/p>\n<p data-start=\"357\" data-end=\"653\"><strong data-start=\"357\" data-end=\"369\">Sast\u0101vs:<\/strong> j\u0113ra ga\u013cas prote\u012bns (30%), dzelten\u0101s zir\u0146i, vistas tauki (10%), zir\u0146u prote\u012bns, hidroliz\u0113ts vistas olbaltums (7%), \u017e\u0101v\u0113ts kokosrieksts (4%), \u017e\u0101v\u0113ta \u0101bolu masa, hidroliz\u0113ta vistas aknas (3%), alus raugs (2%), la\u0161a e\u013c\u013ca (2%), zir\u0146u milti, lins\u0113klas (1%), olu \u010daumalas membr\u0101na (0,1%)<\/p>\n<p data-start=\"655\" data-end=\"834\"><strong data-start=\"655\" data-end=\"682\">Anal\u012btiskie komponenti:<\/strong> olbaltumvielas 34%, tauki 17%, pelni 8%, \u0161\u0137iedra 3,5%, mitrums 10%, kalcijs 1,6%, fosfors 1,2%, n\u0101trijs 0,2%, magnijs 0,1%, omega-3 0,45%, omega-6 2%<\/p>\n<p data-start=\"836\" data-end=\"997\"><strong data-start=\"836\" data-end=\"863\">Baro\u0161anas pievienojumi:<\/strong> satur ES apstiprin\u0101tus antioksidantus: augu e\u013c\u013cu tokoferolu ekstraktus (1b306(i)), askorb\u012blpalmit\u0101tu (1b304) un rozmar\u012bna ekstraktu<\/p>\n<p data-start=\"999\" data-end=\"1042\"><strong data-start=\"999\" data-end=\"1027\">Metaboliz\u0113jam\u0101 ener\u0123ija:<\/strong> 3820\u202fkcal\/kg<\/p>\n","protected":false},"featured_media":55894,"template":"","meta":[],"product_brand":[],"product_cat":[570],"product_tag":[],"class_list":{"0":"post-55892","1":"product","2":"type-product","3":"status-publish","4":"has-post-thumbnail","6":"product_cat-naski","8":"first","9":"instock","10":"taxable","11":"shipping-taxable","12":"purchasable","13":"product-type-simple"},"yoast_head":"<!-- This site is optimized with the Yoast SEO plugin v27.4 - https:\/\/yoast.com\/product\/yoast-seo-wordpress\/ -->\n<title>Brit Care Superfruits 100\u202fg, j\u0113ra ga\u013ca un kokosrieksts - MiuMjau<\/title>\n<meta name=\"robots\" content=\"index, follow, max-snippet:-1, max-image-preview:large, max-video-preview:-1\" \/>\n<link rel=\"canonical\" href=\"https:\/\/miumjau.ee\/lv\/produkts\/brit-care-superfruits-100-g-jera-gala-un-kokosrieksts\/\" \/>\n<meta property=\"og:locale\" content=\"lv_LV\" \/>\n<meta property=\"og:type\" content=\"article\" \/>\n<meta property=\"og:title\" content=\"Brit Care Superfruits 100\u202fg, j\u0113ra ga\u013ca un kokosrieksts - MiuMjau\" \/>\n<meta property=\"og:description\" content=\"Brit Care Superfruits \u2013 papildbar\u012bba ka\u0137iem. Krauk\u0161\u0137\u012bgs uzkodu k\u0101rums ar j\u0113ra ga\u013cu un kokosriekstu. Graudaugu nesaturo\u0161as krauk\u0161\u0137\u012bgas uzkodas, kas aicina ka\u0137i jautri pavad\u012bt laiku. Sast\u0101vs: j\u0113ra ga\u013cas prote\u012bns (30%), dzelten\u0101s zir\u0146i, vistas tauki (10%), zir\u0146u prote\u012bns, hidroliz\u0113ts vistas olbaltums (7%), \u017e\u0101v\u0113ts kokosrieksts (4%), \u017e\u0101v\u0113ta \u0101bolu masa, hidroliz\u0113ta vistas aknas (3%), alus raugs (2%), la\u0161a e\u013c\u013ca (2%), zir\u0146u milti, lins\u0113klas (1%), olu \u010daumalas membr\u0101na (0,1%) Anal\u012btiskie komponenti: olbaltumvielas 34%, tauki 17%, pelni 8%, \u0161\u0137iedra 3,5%, mitrums 10%, kalcijs 1,6%, fosfors 1,2%, n\u0101trijs 0,2%, magnijs 0,1%, omega-3 0,45%, omega-6 2% Baro\u0161anas pievienojumi: satur ES apstiprin\u0101tus antioksidantus: augu e\u013c\u013cu tokoferolu ekstraktus (1b306(i)), askorb\u012blpalmit\u0101tu (1b304) un rozmar\u012bna ekstraktu Metaboliz\u0113jam\u0101 ener\u0123ija: 3820\u202fkcal\/kg\" \/>\n<meta property=\"og:url\" content=\"https:\/\/miumjau.ee\/lv\/produkts\/brit-care-superfruits-100-g-jera-gala-un-kokosrieksts\/\" \/>\n<meta property=\"og:site_name\" content=\"MiuMjau\" \/>\n<meta property=\"article:publisher\" content=\"https:\/\/www.facebook.com\/miumjaupood\/\" \/>\n<meta property=\"og:image\" content=\"https:\/\/miumjau.ee\/wp-content\/uploads\/2024\/11\/brit-care-superfruits-lamb-with-coconut.jpg\" \/>\n\t<meta property=\"og:image:width\" content=\"600\" \/>\n\t<meta property=\"og:image:height\" content=\"800\" \/>\n\t<meta property=\"og:image:type\" content=\"image\/jpeg\" \/>\n<meta name=\"twitter:card\" content=\"summary_large_image\" \/>\n<script type=\"application\/ld+json\" class=\"yoast-schema-graph\">{\"@context\":\"https:\\\/\\\/schema.org\",\"@graph\":[{\"@type\":\"WebPage\",\"@id\":\"https:\\\/\\\/miumjau.ee\\\/lv\\\/produkts\\\/brit-care-superfruits-100-g-jera-gala-un-kokosrieksts\\\/\",\"url\":\"https:\\\/\\\/miumjau.ee\\\/lv\\\/produkts\\\/brit-care-superfruits-100-g-jera-gala-un-kokosrieksts\\\/\",\"name\":\"Brit Care Superfruits 100\u202fg, j\u0113ra ga\u013ca un kokosrieksts - MiuMjau\",\"isPartOf\":{\"@id\":\"https:\\\/\\\/miumjau.ee\\\/#website\"},\"primaryImageOfPage\":{\"@id\":\"https:\\\/\\\/miumjau.ee\\\/lv\\\/produkts\\\/brit-care-superfruits-100-g-jera-gala-un-kokosrieksts\\\/#primaryimage\"},\"image\":{\"@id\":\"https:\\\/\\\/miumjau.ee\\\/lv\\\/produkts\\\/brit-care-superfruits-100-g-jera-gala-un-kokosrieksts\\\/#primaryimage\"},\"thumbnailUrl\":\"https:\\\/\\\/miumjau.ee\\\/wp-content\\\/uploads\\\/2024\\\/11\\\/brit-care-superfruits-lamb-with-coconut.jpg\",\"datePublished\":\"2024-11-13T13:06:15+00:00\",\"breadcrumb\":{\"@id\":\"https:\\\/\\\/miumjau.ee\\\/lv\\\/produkts\\\/brit-care-superfruits-100-g-jera-gala-un-kokosrieksts\\\/#breadcrumb\"},\"inLanguage\":\"lv-LV\",\"potentialAction\":[{\"@type\":\"ReadAction\",\"target\":[\"https:\\\/\\\/miumjau.ee\\\/lv\\\/produkts\\\/brit-care-superfruits-100-g-jera-gala-un-kokosrieksts\\\/\"]}]},{\"@type\":\"ImageObject\",\"inLanguage\":\"lv-LV\",\"@id\":\"https:\\\/\\\/miumjau.ee\\\/lv\\\/produkts\\\/brit-care-superfruits-100-g-jera-gala-un-kokosrieksts\\\/#primaryimage\",\"url\":\"https:\\\/\\\/miumjau.ee\\\/wp-content\\\/uploads\\\/2024\\\/11\\\/brit-care-superfruits-lamb-with-coconut.jpg\",\"contentUrl\":\"https:\\\/\\\/miumjau.ee\\\/wp-content\\\/uploads\\\/2024\\\/11\\\/brit-care-superfruits-lamb-with-coconut.jpg\",\"width\":600,\"height\":800},{\"@type\":\"BreadcrumbList\",\"@id\":\"https:\\\/\\\/miumjau.ee\\\/lv\\\/produkts\\\/brit-care-superfruits-100-g-jera-gala-un-kokosrieksts\\\/#breadcrumb\",\"itemListElement\":[{\"@type\":\"ListItem\",\"position\":1,\"name\":\"Home\",\"item\":\"https:\\\/\\\/miumjau.ee\\\/lv\\\/\"},{\"@type\":\"ListItem\",\"position\":2,\"name\":\"Veikals\",\"item\":\"https:\\\/\\\/miumjau.ee\\\/lv\\\/veikals\\\/\"},{\"@type\":\"ListItem\",\"position\":3,\"name\":\"Brit Care Superfruits 100\u202fg, j\u0113ra ga\u013ca un kokosrieksts\"}]},{\"@type\":\"WebSite\",\"@id\":\"https:\\\/\\\/miumjau.ee\\\/#website\",\"url\":\"https:\\\/\\\/miumjau.ee\\\/\",\"name\":\"MiuMjau\",\"description\":\"Kraapimispuud kassidele\",\"publisher\":{\"@id\":\"https:\\\/\\\/miumjau.ee\\\/#organization\"},\"potentialAction\":[{\"@type\":\"SearchAction\",\"target\":{\"@type\":\"EntryPoint\",\"urlTemplate\":\"https:\\\/\\\/miumjau.ee\\\/?s={search_term_string}\"},\"query-input\":{\"@type\":\"PropertyValueSpecification\",\"valueRequired\":true,\"valueName\":\"search_term_string\"}}],\"inLanguage\":\"lv-LV\"},{\"@type\":\"Organization\",\"@id\":\"https:\\\/\\\/miumjau.ee\\\/#organization\",\"name\":\"MiuMjau O\u00dc\",\"url\":\"https:\\\/\\\/miumjau.ee\\\/\",\"logo\":{\"@type\":\"ImageObject\",\"inLanguage\":\"lv-LV\",\"@id\":\"https:\\\/\\\/miumjau.ee\\\/#\\\/schema\\\/logo\\\/image\\\/\",\"url\":\"https:\\\/\\\/miumjau.ee\\\/wp-content\\\/uploads\\\/2022\\\/04\\\/MiuMjau-logo-kollane.png\",\"contentUrl\":\"https:\\\/\\\/miumjau.ee\\\/wp-content\\\/uploads\\\/2022\\\/04\\\/MiuMjau-logo-kollane.png\",\"width\":219,\"height\":100,\"caption\":\"MiuMjau O\u00dc\"},\"image\":{\"@id\":\"https:\\\/\\\/miumjau.ee\\\/#\\\/schema\\\/logo\\\/image\\\/\"},\"sameAs\":[\"https:\\\/\\\/www.facebook.com\\\/miumjaupood\\\/\"]}]}<\/script>\n<!-- \/ Yoast SEO plugin. -->","yoast_head_json":{"title":"Brit Care Superfruits 100\u202fg, j\u0113ra ga\u013ca un kokosrieksts - MiuMjau","robots":{"index":"index","follow":"follow","max-snippet":"max-snippet:-1","max-image-preview":"max-image-preview:large","max-video-preview":"max-video-preview:-1"},"canonical":"https:\/\/miumjau.ee\/lv\/produkts\/brit-care-superfruits-100-g-jera-gala-un-kokosrieksts\/","og_locale":"lv_LV","og_type":"article","og_title":"Brit Care Superfruits 100\u202fg, j\u0113ra ga\u013ca un kokosrieksts - MiuMjau","og_description":"Brit Care Superfruits \u2013 papildbar\u012bba ka\u0137iem. Krauk\u0161\u0137\u012bgs uzkodu k\u0101rums ar j\u0113ra ga\u013cu un kokosriekstu. Graudaugu nesaturo\u0161as krauk\u0161\u0137\u012bgas uzkodas, kas aicina ka\u0137i jautri pavad\u012bt laiku. Sast\u0101vs: j\u0113ra ga\u013cas prote\u012bns (30%), dzelten\u0101s zir\u0146i, vistas tauki (10%), zir\u0146u prote\u012bns, hidroliz\u0113ts vistas olbaltums (7%), \u017e\u0101v\u0113ts kokosrieksts (4%), \u017e\u0101v\u0113ta \u0101bolu masa, hidroliz\u0113ta vistas aknas (3%), alus raugs (2%), la\u0161a e\u013c\u013ca (2%), zir\u0146u milti, lins\u0113klas (1%), olu \u010daumalas membr\u0101na (0,1%) Anal\u012btiskie komponenti: olbaltumvielas 34%, tauki 17%, pelni 8%, \u0161\u0137iedra 3,5%, mitrums 10%, kalcijs 1,6%, fosfors 1,2%, n\u0101trijs 0,2%, magnijs 0,1%, omega-3 0,45%, omega-6 2% Baro\u0161anas pievienojumi: satur ES apstiprin\u0101tus antioksidantus: augu e\u013c\u013cu tokoferolu ekstraktus (1b306(i)), askorb\u012blpalmit\u0101tu (1b304) un rozmar\u012bna ekstraktu Metaboliz\u0113jam\u0101 ener\u0123ija: 3820\u202fkcal\/kg","og_url":"https:\/\/miumjau.ee\/lv\/produkts\/brit-care-superfruits-100-g-jera-gala-un-kokosrieksts\/","og_site_name":"MiuMjau","article_publisher":"https:\/\/www.facebook.com\/miumjaupood\/","og_image":[{"width":600,"height":800,"url":"https:\/\/miumjau.ee\/wp-content\/uploads\/2024\/11\/brit-care-superfruits-lamb-with-coconut.jpg","type":"image\/jpeg"}],"twitter_card":"summary_large_image","schema":{"@context":"https:\/\/schema.org","@graph":[{"@type":"WebPage","@id":"https:\/\/miumjau.ee\/lv\/produkts\/brit-care-superfruits-100-g-jera-gala-un-kokosrieksts\/","url":"https:\/\/miumjau.ee\/lv\/produkts\/brit-care-superfruits-100-g-jera-gala-un-kokosrieksts\/","name":"Brit Care Superfruits 100\u202fg, j\u0113ra ga\u013ca un kokosrieksts - MiuMjau","isPartOf":{"@id":"https:\/\/miumjau.ee\/#website"},"primaryImageOfPage":{"@id":"https:\/\/miumjau.ee\/lv\/produkts\/brit-care-superfruits-100-g-jera-gala-un-kokosrieksts\/#primaryimage"},"image":{"@id":"https:\/\/miumjau.ee\/lv\/produkts\/brit-care-superfruits-100-g-jera-gala-un-kokosrieksts\/#primaryimage"},"thumbnailUrl":"https:\/\/miumjau.ee\/wp-content\/uploads\/2024\/11\/brit-care-superfruits-lamb-with-coconut.jpg","datePublished":"2024-11-13T13:06:15+00:00","breadcrumb":{"@id":"https:\/\/miumjau.ee\/lv\/produkts\/brit-care-superfruits-100-g-jera-gala-un-kokosrieksts\/#breadcrumb"},"inLanguage":"lv-LV","potentialAction":[{"@type":"ReadAction","target":["https:\/\/miumjau.ee\/lv\/produkts\/brit-care-superfruits-100-g-jera-gala-un-kokosrieksts\/"]}]},{"@type":"ImageObject","inLanguage":"lv-LV","@id":"https:\/\/miumjau.ee\/lv\/produkts\/brit-care-superfruits-100-g-jera-gala-un-kokosrieksts\/#primaryimage","url":"https:\/\/miumjau.ee\/wp-content\/uploads\/2024\/11\/brit-care-superfruits-lamb-with-coconut.jpg","contentUrl":"https:\/\/miumjau.ee\/wp-content\/uploads\/2024\/11\/brit-care-superfruits-lamb-with-coconut.jpg","width":600,"height":800},{"@type":"BreadcrumbList","@id":"https:\/\/miumjau.ee\/lv\/produkts\/brit-care-superfruits-100-g-jera-gala-un-kokosrieksts\/#breadcrumb","itemListElement":[{"@type":"ListItem","position":1,"name":"Home","item":"https:\/\/miumjau.ee\/lv\/"},{"@type":"ListItem","position":2,"name":"Veikals","item":"https:\/\/miumjau.ee\/lv\/veikals\/"},{"@type":"ListItem","position":3,"name":"Brit Care Superfruits 100\u202fg, j\u0113ra ga\u013ca un kokosrieksts"}]},{"@type":"WebSite","@id":"https:\/\/miumjau.ee\/#website","url":"https:\/\/miumjau.ee\/","name":"MiuMjau","description":"Kraapimispuud kassidele","publisher":{"@id":"https:\/\/miumjau.ee\/#organization"},"potentialAction":[{"@type":"SearchAction","target":{"@type":"EntryPoint","urlTemplate":"https:\/\/miumjau.ee\/?s={search_term_string}"},"query-input":{"@type":"PropertyValueSpecification","valueRequired":true,"valueName":"search_term_string"}}],"inLanguage":"lv-LV"},{"@type":"Organization","@id":"https:\/\/miumjau.ee\/#organization","name":"MiuMjau O\u00dc","url":"https:\/\/miumjau.ee\/","logo":{"@type":"ImageObject","inLanguage":"lv-LV","@id":"https:\/\/miumjau.ee\/#\/schema\/logo\/image\/","url":"https:\/\/miumjau.ee\/wp-content\/uploads\/2022\/04\/MiuMjau-logo-kollane.png","contentUrl":"https:\/\/miumjau.ee\/wp-content\/uploads\/2022\/04\/MiuMjau-logo-kollane.png","width":219,"height":100,"caption":"MiuMjau O\u00dc"},"image":{"@id":"https:\/\/miumjau.ee\/#\/schema\/logo\/image\/"},"sameAs":["https:\/\/www.facebook.com\/miumjaupood\/"]}]}},"_links":{"self":[{"href":"https:\/\/miumjau.ee\/lv\/wp-json\/wp\/v2\/product\/55892","targetHints":{"allow":["GET"]}}],"collection":[{"href":"https:\/\/miumjau.ee\/lv\/wp-json\/wp\/v2\/product"}],"about":[{"href":"https:\/\/miumjau.ee\/lv\/wp-json\/wp\/v2\/types\/product"}],"wp:featuredmedia":[{"embeddable":true,"href":"https:\/\/miumjau.ee\/lv\/wp-json\/wp\/v2\/media\/55894"}],"wp:attachment":[{"href":"https:\/\/miumjau.ee\/lv\/wp-json\/wp\/v2\/media?parent=55892"}],"wp:term":[{"taxonomy":"product_brand","embeddable":true,"href":"https:\/\/miumjau.ee\/lv\/wp-json\/wp\/v2\/product_brand?post=55892"},{"taxonomy":"product_cat","embeddable":true,"href":"https:\/\/miumjau.ee\/lv\/wp-json\/wp\/v2\/product_cat?post=55892"},{"taxonomy":"product_tag","embeddable":true,"href":"https:\/\/miumjau.ee\/lv\/wp-json\/wp\/v2\/product_tag?post=55892"}],"curies":[{"name":"wp","href":"https:\/\/api.w.org\/{rel}","templated":true}]}}