{"id":55888,"date":"2024-11-13T13:43:17","date_gmt":"2024-11-13T11:43:17","guid":{"rendered":"https:\/\/miumjau.ee\/toode\/churu-skin-coat-kremveida-karumins-kakiem-ar-vistu-56-g\/"},"modified":"2024-11-13T13:43:17","modified_gmt":"2024-11-13T11:43:17","slug":"churu-skin-coat-kremveida-karumins-kakiem-ar-vistu-56-g","status":"publish","type":"product","link":"https:\/\/miumjau.ee\/lv\/produkts\/churu-skin-coat-kremveida-karumins-kakiem-ar-vistu-56-g\/","title":{"rendered":"Churu Skin &#038; Coat kr\u0113mveida k\u0101rumi\u0146\u0161 ka\u0137iem ar vistu 56\u202fg"},"content":{"rendered":"","protected":false},"excerpt":{"rendered":"<p data-start=\"180\" data-end=\"258\">Churu Cat ir funkcion\u0101ls k\u0101rums ka\u0137iem, kas atbalsta vesel\u012bgu \u0101du un spalvu.<\/p>\n<p data-start=\"260\" data-end=\"391\">Skin &amp; Coat \u012bpa\u0161\u0101 formula ir bag\u0101ta ar omega-3 tauksk\u0101b\u0113m no zivju e\u013c\u013cas, kas pal\u012bdz uztur\u0113t ka\u0137a vesel\u012bgu \u0101du un sp\u012bd\u012bgu spalvu.<\/p>\n<p data-start=\"393\" data-end=\"523\">\u0160ie k\u0101rumi\u0146i, ko var laiz\u012bt, ir gatavoti no kvalitat\u012bv\u0101m sast\u0101vda\u013c\u0101m \u2013 ferm\u0101 audz\u0113tas vistas vai savva\u013c\u0101 nozvejotas tun\u010da ga\u013cas.<\/p>\n<p data-start=\"525\" data-end=\"709\">Churu nesatur graudaugus, konservantus vai m\u0101ksl\u012bg\u0101s kr\u0101svielas. Ka\u0137is tos ap\u0113d\u012bs tie\u0161i no rokas, vai ar\u012b var ielej kaus\u0101 vai izmantot k\u0101 gardu piedevu mitrajai vai sausajai bar\u012bbai.<\/p>\n<ul data-start=\"711\" data-end=\"1033\">\n<li data-section-id=\"8at4w3\" data-start=\"711\" data-end=\"795\">Omega-3 tauksk\u0101bes no zivju e\u013c\u013cas pal\u012bdz uztur\u0113t vesel\u012bgu \u0101du un sp\u012bd\u012bgu spalvu.<\/li>\n<li data-section-id=\"28eg7k\" data-start=\"796\" data-end=\"855\">Gatavots no 100% t\u012bras, dab\u012bgas, ferm\u0101 audz\u0113tas vistas.<\/li>\n<li data-section-id=\"gxrxcy\" data-start=\"856\" data-end=\"918\">Nesatur graudaugus, konservantus vai m\u0101ksl\u012bg\u0101s kr\u0101svielas.<\/li>\n<li data-section-id=\"1tlk1l9\" data-start=\"919\" data-end=\"974\">Satur daudz mitruma, kas ir b\u016btiski ka\u0137a vesel\u012bbai.<\/li>\n<li data-section-id=\"jfykwh\" data-start=\"975\" data-end=\"1033\">Var izmantot k\u0101 piedevu mitrajai vai sausajai bar\u012bbai.<\/li>\n<\/ul>\n<p data-start=\"1035\" data-end=\"1192\"><strong data-start=\"1035\" data-end=\"1055\">Piedevas \/ 1\u202fkg:<\/strong> E vitam\u012bns (3a700) 574\u202fmg, taur\u012bns (3a370) 356\u202fmg<br data-start=\"1105\" data-end=\"1108\" \/><strong data-start=\"1108\" data-end=\"1135\">Tehnolo\u0123isk\u0101s piedevas:<\/strong> guarkumija (E412)<br data-start=\"1153\" data-end=\"1156\" \/><strong data-start=\"1156\" data-end=\"1178\">Sensor\u0101s piedevas:<\/strong> smar\u017evielas<\/p>\n<p data-start=\"1194\" data-end=\"1236\"><strong data-start=\"1194\" data-end=\"1220\">Metaboliz\u0113t\u0101 ener\u0123ija:<\/strong> 9,2\u202fkcal\/paka<\/p>\n<p data-start=\"1238\" data-end=\"1475\"><strong data-start=\"1238\" data-end=\"1264\">Sajauk\u0161anas ieteikumi:<\/strong> Lietot k\u0101 bar\u012bbas piedevu. Vienm\u0113r nodro\u0161iniet pieejamu svaigu dzeramo \u016bdeni. P\u0113c atv\u0113r\u0161anas uzglab\u0101t ledusskap\u012b un pat\u0113r\u0113t p\u0113c iesp\u0113jas \u0101tr\u0101k. Glab\u0101t v\u0113s\u0101 un saus\u0101 viet\u0101, aizsarg\u0101t no tie\u0161iem saules stariem.<\/p>\n<p data-start=\"1477\" data-end=\"1516\"><strong data-start=\"1477\" data-end=\"1491\">Netosvars:<\/strong> 14\u202fg \u00d7 4 t\u016bbi\u0146as, 56\u202fg<\/p>\n","protected":false},"featured_media":55861,"template":"","meta":[],"product_brand":[],"product_cat":[570],"product_tag":[],"class_list":{"0":"post-55888","1":"product","2":"type-product","3":"status-publish","4":"has-post-thumbnail","6":"product_cat-naski","8":"first","9":"instock","10":"sale","11":"taxable","12":"shipping-taxable","13":"purchasable","14":"product-type-simple"},"yoast_head":"<!-- This site is optimized with the Yoast SEO plugin v27.4 - https:\/\/yoast.com\/product\/yoast-seo-wordpress\/ -->\n<title>Churu Skin &amp; Coat kr\u0113mveida k\u0101rumi\u0146\u0161 ka\u0137iem ar vistu 56\u202fg - MiuMjau<\/title>\n<meta name=\"robots\" content=\"index, follow, max-snippet:-1, max-image-preview:large, max-video-preview:-1\" \/>\n<link rel=\"canonical\" href=\"https:\/\/miumjau.ee\/lv\/produkts\/churu-skin-coat-kremveida-karumins-kakiem-ar-vistu-56-g\/\" \/>\n<meta property=\"og:locale\" content=\"lv_LV\" \/>\n<meta property=\"og:type\" content=\"article\" \/>\n<meta property=\"og:title\" content=\"Churu Skin &amp; Coat kr\u0113mveida k\u0101rumi\u0146\u0161 ka\u0137iem ar vistu 56\u202fg - MiuMjau\" \/>\n<meta property=\"og:description\" content=\"Churu Cat ir funkcion\u0101ls k\u0101rums ka\u0137iem, kas atbalsta vesel\u012bgu \u0101du un spalvu. Skin &amp; Coat \u012bpa\u0161\u0101 formula ir bag\u0101ta ar omega-3 tauksk\u0101b\u0113m no zivju e\u013c\u013cas, kas pal\u012bdz uztur\u0113t ka\u0137a vesel\u012bgu \u0101du un sp\u012bd\u012bgu spalvu. \u0160ie k\u0101rumi\u0146i, ko var laiz\u012bt, ir gatavoti no kvalitat\u012bv\u0101m sast\u0101vda\u013c\u0101m \u2013 ferm\u0101 audz\u0113tas vistas vai savva\u013c\u0101 nozvejotas tun\u010da ga\u013cas. Churu nesatur graudaugus, konservantus vai m\u0101ksl\u012bg\u0101s kr\u0101svielas. Ka\u0137is tos ap\u0113d\u012bs tie\u0161i no rokas, vai ar\u012b var ielej kaus\u0101 vai izmantot k\u0101 gardu piedevu mitrajai vai sausajai bar\u012bbai.    Omega-3 tauksk\u0101bes no zivju e\u013c\u013cas pal\u012bdz uztur\u0113t vesel\u012bgu \u0101du un sp\u012bd\u012bgu spalvu.  Gatavots no 100% t\u012bras, dab\u012bgas, ferm\u0101 audz\u0113tas vistas.  Nesatur graudaugus, konservantus vai m\u0101ksl\u012bg\u0101s kr\u0101svielas.  Satur daudz mitruma, kas ir b\u016btiski ka\u0137a vesel\u012bbai.  Var izmantot k\u0101 piedevu mitrajai vai sausajai bar\u012bbai.  Piedevas \/ 1\u202fkg: E vitam\u012bns (3a700) 574\u202fmg, taur\u012bns (3a370) 356\u202fmgTehnolo\u0123isk\u0101s piedevas: guarkumija (E412)Sensor\u0101s piedevas: smar\u017evielas Metaboliz\u0113t\u0101 ener\u0123ija: 9,2\u202fkcal\/paka Sajauk\u0161anas ieteikumi: Lietot k\u0101 bar\u012bbas piedevu. Vienm\u0113r nodro\u0161iniet pieejamu svaigu dzeramo \u016bdeni. P\u0113c atv\u0113r\u0161anas uzglab\u0101t ledusskap\u012b un pat\u0113r\u0113t p\u0113c iesp\u0113jas \u0101tr\u0101k. Glab\u0101t v\u0113s\u0101 un saus\u0101 viet\u0101, aizsarg\u0101t no tie\u0161iem saules stariem. Netosvars: 14\u202fg \u00d7 4 t\u016bbi\u0146as, 56\u202fg\" \/>\n<meta property=\"og:url\" content=\"https:\/\/miumjau.ee\/lv\/produkts\/churu-skin-coat-kremveida-karumins-kakiem-ar-vistu-56-g\/\" \/>\n<meta property=\"og:site_name\" content=\"MiuMjau\" \/>\n<meta property=\"article:publisher\" content=\"https:\/\/www.facebook.com\/miumjaupood\/\" \/>\n<meta property=\"og:image\" content=\"https:\/\/miumjau.ee\/wp-content\/uploads\/2024\/11\/Churu-maius-56g-kassile1.jpg\" \/>\n\t<meta property=\"og:image:width\" content=\"600\" \/>\n\t<meta property=\"og:image:height\" content=\"800\" \/>\n\t<meta property=\"og:image:type\" content=\"image\/jpeg\" \/>\n<meta name=\"twitter:card\" content=\"summary_large_image\" \/>\n<script type=\"application\/ld+json\" class=\"yoast-schema-graph\">{\"@context\":\"https:\\\/\\\/schema.org\",\"@graph\":[{\"@type\":\"WebPage\",\"@id\":\"https:\\\/\\\/miumjau.ee\\\/lv\\\/produkts\\\/churu-skin-coat-kremveida-karumins-kakiem-ar-vistu-56-g\\\/\",\"url\":\"https:\\\/\\\/miumjau.ee\\\/lv\\\/produkts\\\/churu-skin-coat-kremveida-karumins-kakiem-ar-vistu-56-g\\\/\",\"name\":\"Churu Skin & Coat kr\u0113mveida k\u0101rumi\u0146\u0161 ka\u0137iem ar vistu 56\u202fg - MiuMjau\",\"isPartOf\":{\"@id\":\"https:\\\/\\\/miumjau.ee\\\/#website\"},\"primaryImageOfPage\":{\"@id\":\"https:\\\/\\\/miumjau.ee\\\/lv\\\/produkts\\\/churu-skin-coat-kremveida-karumins-kakiem-ar-vistu-56-g\\\/#primaryimage\"},\"image\":{\"@id\":\"https:\\\/\\\/miumjau.ee\\\/lv\\\/produkts\\\/churu-skin-coat-kremveida-karumins-kakiem-ar-vistu-56-g\\\/#primaryimage\"},\"thumbnailUrl\":\"https:\\\/\\\/miumjau.ee\\\/wp-content\\\/uploads\\\/2024\\\/11\\\/Churu-maius-56g-kassile1.jpg\",\"datePublished\":\"2024-11-13T11:43:17+00:00\",\"breadcrumb\":{\"@id\":\"https:\\\/\\\/miumjau.ee\\\/lv\\\/produkts\\\/churu-skin-coat-kremveida-karumins-kakiem-ar-vistu-56-g\\\/#breadcrumb\"},\"inLanguage\":\"lv-LV\",\"potentialAction\":[{\"@type\":\"ReadAction\",\"target\":[\"https:\\\/\\\/miumjau.ee\\\/lv\\\/produkts\\\/churu-skin-coat-kremveida-karumins-kakiem-ar-vistu-56-g\\\/\"]}]},{\"@type\":\"ImageObject\",\"inLanguage\":\"lv-LV\",\"@id\":\"https:\\\/\\\/miumjau.ee\\\/lv\\\/produkts\\\/churu-skin-coat-kremveida-karumins-kakiem-ar-vistu-56-g\\\/#primaryimage\",\"url\":\"https:\\\/\\\/miumjau.ee\\\/wp-content\\\/uploads\\\/2024\\\/11\\\/Churu-maius-56g-kassile1.jpg\",\"contentUrl\":\"https:\\\/\\\/miumjau.ee\\\/wp-content\\\/uploads\\\/2024\\\/11\\\/Churu-maius-56g-kassile1.jpg\",\"width\":600,\"height\":800},{\"@type\":\"BreadcrumbList\",\"@id\":\"https:\\\/\\\/miumjau.ee\\\/lv\\\/produkts\\\/churu-skin-coat-kremveida-karumins-kakiem-ar-vistu-56-g\\\/#breadcrumb\",\"itemListElement\":[{\"@type\":\"ListItem\",\"position\":1,\"name\":\"Home\",\"item\":\"https:\\\/\\\/miumjau.ee\\\/lv\\\/\"},{\"@type\":\"ListItem\",\"position\":2,\"name\":\"Veikals\",\"item\":\"https:\\\/\\\/miumjau.ee\\\/lv\\\/veikals\\\/\"},{\"@type\":\"ListItem\",\"position\":3,\"name\":\"Churu Skin &#038; Coat kr\u0113mveida k\u0101rumi\u0146\u0161 ka\u0137iem ar vistu 56\u202fg\"}]},{\"@type\":\"WebSite\",\"@id\":\"https:\\\/\\\/miumjau.ee\\\/#website\",\"url\":\"https:\\\/\\\/miumjau.ee\\\/\",\"name\":\"MiuMjau\",\"description\":\"Kraapimispuud kassidele\",\"publisher\":{\"@id\":\"https:\\\/\\\/miumjau.ee\\\/#organization\"},\"potentialAction\":[{\"@type\":\"SearchAction\",\"target\":{\"@type\":\"EntryPoint\",\"urlTemplate\":\"https:\\\/\\\/miumjau.ee\\\/?s={search_term_string}\"},\"query-input\":{\"@type\":\"PropertyValueSpecification\",\"valueRequired\":true,\"valueName\":\"search_term_string\"}}],\"inLanguage\":\"lv-LV\"},{\"@type\":\"Organization\",\"@id\":\"https:\\\/\\\/miumjau.ee\\\/#organization\",\"name\":\"MiuMjau O\u00dc\",\"url\":\"https:\\\/\\\/miumjau.ee\\\/\",\"logo\":{\"@type\":\"ImageObject\",\"inLanguage\":\"lv-LV\",\"@id\":\"https:\\\/\\\/miumjau.ee\\\/#\\\/schema\\\/logo\\\/image\\\/\",\"url\":\"https:\\\/\\\/miumjau.ee\\\/wp-content\\\/uploads\\\/2022\\\/04\\\/MiuMjau-logo-kollane.png\",\"contentUrl\":\"https:\\\/\\\/miumjau.ee\\\/wp-content\\\/uploads\\\/2022\\\/04\\\/MiuMjau-logo-kollane.png\",\"width\":219,\"height\":100,\"caption\":\"MiuMjau O\u00dc\"},\"image\":{\"@id\":\"https:\\\/\\\/miumjau.ee\\\/#\\\/schema\\\/logo\\\/image\\\/\"},\"sameAs\":[\"https:\\\/\\\/www.facebook.com\\\/miumjaupood\\\/\"]}]}<\/script>\n<!-- \/ Yoast SEO plugin. -->","yoast_head_json":{"title":"Churu Skin & Coat kr\u0113mveida k\u0101rumi\u0146\u0161 ka\u0137iem ar vistu 56\u202fg - MiuMjau","robots":{"index":"index","follow":"follow","max-snippet":"max-snippet:-1","max-image-preview":"max-image-preview:large","max-video-preview":"max-video-preview:-1"},"canonical":"https:\/\/miumjau.ee\/lv\/produkts\/churu-skin-coat-kremveida-karumins-kakiem-ar-vistu-56-g\/","og_locale":"lv_LV","og_type":"article","og_title":"Churu Skin & Coat kr\u0113mveida k\u0101rumi\u0146\u0161 ka\u0137iem ar vistu 56\u202fg - MiuMjau","og_description":"Churu Cat ir funkcion\u0101ls k\u0101rums ka\u0137iem, kas atbalsta vesel\u012bgu \u0101du un spalvu. Skin &amp; Coat \u012bpa\u0161\u0101 formula ir bag\u0101ta ar omega-3 tauksk\u0101b\u0113m no zivju e\u013c\u013cas, kas pal\u012bdz uztur\u0113t ka\u0137a vesel\u012bgu \u0101du un sp\u012bd\u012bgu spalvu. \u0160ie k\u0101rumi\u0146i, ko var laiz\u012bt, ir gatavoti no kvalitat\u012bv\u0101m sast\u0101vda\u013c\u0101m \u2013 ferm\u0101 audz\u0113tas vistas vai savva\u013c\u0101 nozvejotas tun\u010da ga\u013cas. Churu nesatur graudaugus, konservantus vai m\u0101ksl\u012bg\u0101s kr\u0101svielas. Ka\u0137is tos ap\u0113d\u012bs tie\u0161i no rokas, vai ar\u012b var ielej kaus\u0101 vai izmantot k\u0101 gardu piedevu mitrajai vai sausajai bar\u012bbai.    Omega-3 tauksk\u0101bes no zivju e\u013c\u013cas pal\u012bdz uztur\u0113t vesel\u012bgu \u0101du un sp\u012bd\u012bgu spalvu.  Gatavots no 100% t\u012bras, dab\u012bgas, ferm\u0101 audz\u0113tas vistas.  Nesatur graudaugus, konservantus vai m\u0101ksl\u012bg\u0101s kr\u0101svielas.  Satur daudz mitruma, kas ir b\u016btiski ka\u0137a vesel\u012bbai.  Var izmantot k\u0101 piedevu mitrajai vai sausajai bar\u012bbai.  Piedevas \/ 1\u202fkg: E vitam\u012bns (3a700) 574\u202fmg, taur\u012bns (3a370) 356\u202fmgTehnolo\u0123isk\u0101s piedevas: guarkumija (E412)Sensor\u0101s piedevas: smar\u017evielas Metaboliz\u0113t\u0101 ener\u0123ija: 9,2\u202fkcal\/paka Sajauk\u0161anas ieteikumi: Lietot k\u0101 bar\u012bbas piedevu. Vienm\u0113r nodro\u0161iniet pieejamu svaigu dzeramo \u016bdeni. P\u0113c atv\u0113r\u0161anas uzglab\u0101t ledusskap\u012b un pat\u0113r\u0113t p\u0113c iesp\u0113jas \u0101tr\u0101k. Glab\u0101t v\u0113s\u0101 un saus\u0101 viet\u0101, aizsarg\u0101t no tie\u0161iem saules stariem. Netosvars: 14\u202fg \u00d7 4 t\u016bbi\u0146as, 56\u202fg","og_url":"https:\/\/miumjau.ee\/lv\/produkts\/churu-skin-coat-kremveida-karumins-kakiem-ar-vistu-56-g\/","og_site_name":"MiuMjau","article_publisher":"https:\/\/www.facebook.com\/miumjaupood\/","og_image":[{"width":600,"height":800,"url":"https:\/\/miumjau.ee\/wp-content\/uploads\/2024\/11\/Churu-maius-56g-kassile1.jpg","type":"image\/jpeg"}],"twitter_card":"summary_large_image","schema":{"@context":"https:\/\/schema.org","@graph":[{"@type":"WebPage","@id":"https:\/\/miumjau.ee\/lv\/produkts\/churu-skin-coat-kremveida-karumins-kakiem-ar-vistu-56-g\/","url":"https:\/\/miumjau.ee\/lv\/produkts\/churu-skin-coat-kremveida-karumins-kakiem-ar-vistu-56-g\/","name":"Churu Skin & Coat kr\u0113mveida k\u0101rumi\u0146\u0161 ka\u0137iem ar vistu 56\u202fg - MiuMjau","isPartOf":{"@id":"https:\/\/miumjau.ee\/#website"},"primaryImageOfPage":{"@id":"https:\/\/miumjau.ee\/lv\/produkts\/churu-skin-coat-kremveida-karumins-kakiem-ar-vistu-56-g\/#primaryimage"},"image":{"@id":"https:\/\/miumjau.ee\/lv\/produkts\/churu-skin-coat-kremveida-karumins-kakiem-ar-vistu-56-g\/#primaryimage"},"thumbnailUrl":"https:\/\/miumjau.ee\/wp-content\/uploads\/2024\/11\/Churu-maius-56g-kassile1.jpg","datePublished":"2024-11-13T11:43:17+00:00","breadcrumb":{"@id":"https:\/\/miumjau.ee\/lv\/produkts\/churu-skin-coat-kremveida-karumins-kakiem-ar-vistu-56-g\/#breadcrumb"},"inLanguage":"lv-LV","potentialAction":[{"@type":"ReadAction","target":["https:\/\/miumjau.ee\/lv\/produkts\/churu-skin-coat-kremveida-karumins-kakiem-ar-vistu-56-g\/"]}]},{"@type":"ImageObject","inLanguage":"lv-LV","@id":"https:\/\/miumjau.ee\/lv\/produkts\/churu-skin-coat-kremveida-karumins-kakiem-ar-vistu-56-g\/#primaryimage","url":"https:\/\/miumjau.ee\/wp-content\/uploads\/2024\/11\/Churu-maius-56g-kassile1.jpg","contentUrl":"https:\/\/miumjau.ee\/wp-content\/uploads\/2024\/11\/Churu-maius-56g-kassile1.jpg","width":600,"height":800},{"@type":"BreadcrumbList","@id":"https:\/\/miumjau.ee\/lv\/produkts\/churu-skin-coat-kremveida-karumins-kakiem-ar-vistu-56-g\/#breadcrumb","itemListElement":[{"@type":"ListItem","position":1,"name":"Home","item":"https:\/\/miumjau.ee\/lv\/"},{"@type":"ListItem","position":2,"name":"Veikals","item":"https:\/\/miumjau.ee\/lv\/veikals\/"},{"@type":"ListItem","position":3,"name":"Churu Skin &#038; Coat kr\u0113mveida k\u0101rumi\u0146\u0161 ka\u0137iem ar vistu 56\u202fg"}]},{"@type":"WebSite","@id":"https:\/\/miumjau.ee\/#website","url":"https:\/\/miumjau.ee\/","name":"MiuMjau","description":"Kraapimispuud kassidele","publisher":{"@id":"https:\/\/miumjau.ee\/#organization"},"potentialAction":[{"@type":"SearchAction","target":{"@type":"EntryPoint","urlTemplate":"https:\/\/miumjau.ee\/?s={search_term_string}"},"query-input":{"@type":"PropertyValueSpecification","valueRequired":true,"valueName":"search_term_string"}}],"inLanguage":"lv-LV"},{"@type":"Organization","@id":"https:\/\/miumjau.ee\/#organization","name":"MiuMjau O\u00dc","url":"https:\/\/miumjau.ee\/","logo":{"@type":"ImageObject","inLanguage":"lv-LV","@id":"https:\/\/miumjau.ee\/#\/schema\/logo\/image\/","url":"https:\/\/miumjau.ee\/wp-content\/uploads\/2022\/04\/MiuMjau-logo-kollane.png","contentUrl":"https:\/\/miumjau.ee\/wp-content\/uploads\/2022\/04\/MiuMjau-logo-kollane.png","width":219,"height":100,"caption":"MiuMjau O\u00dc"},"image":{"@id":"https:\/\/miumjau.ee\/#\/schema\/logo\/image\/"},"sameAs":["https:\/\/www.facebook.com\/miumjaupood\/"]}]}},"_links":{"self":[{"href":"https:\/\/miumjau.ee\/lv\/wp-json\/wp\/v2\/product\/55888","targetHints":{"allow":["GET"]}}],"collection":[{"href":"https:\/\/miumjau.ee\/lv\/wp-json\/wp\/v2\/product"}],"about":[{"href":"https:\/\/miumjau.ee\/lv\/wp-json\/wp\/v2\/types\/product"}],"wp:featuredmedia":[{"embeddable":true,"href":"https:\/\/miumjau.ee\/lv\/wp-json\/wp\/v2\/media\/55861"}],"wp:attachment":[{"href":"https:\/\/miumjau.ee\/lv\/wp-json\/wp\/v2\/media?parent=55888"}],"wp:term":[{"taxonomy":"product_brand","embeddable":true,"href":"https:\/\/miumjau.ee\/lv\/wp-json\/wp\/v2\/product_brand?post=55888"},{"taxonomy":"product_cat","embeddable":true,"href":"https:\/\/miumjau.ee\/lv\/wp-json\/wp\/v2\/product_cat?post=55888"},{"taxonomy":"product_tag","embeddable":true,"href":"https:\/\/miumjau.ee\/lv\/wp-json\/wp\/v2\/product_tag?post=55888"}],"curies":[{"name":"wp","href":"https:\/\/api.w.org\/{rel}","templated":true}]}}