{"id":55886,"date":"2024-11-13T13:41:02","date_gmt":"2024-11-13T11:41:02","guid":{"rendered":"https:\/\/miumjau.ee\/toode\/churu-skin-coat-kremveida-karumins-kakiem-ar-tunci-56-g\/"},"modified":"2024-11-13T13:41:02","modified_gmt":"2024-11-13T11:41:02","slug":"churu-skin-coat-kremveida-karumins-kakiem-ar-tunci-56-g","status":"publish","type":"product","link":"https:\/\/miumjau.ee\/lv\/produkts\/churu-skin-coat-kremveida-karumins-kakiem-ar-tunci-56-g\/","title":{"rendered":"Churu Skin &#038; Coat kr\u0113mveida k\u0101rumi\u0146\u0161 ka\u0137iem ar tunci 56\u202fg"},"content":{"rendered":"","protected":false},"excerpt":{"rendered":"<p data-start=\"185\" data-end=\"250\">Funkcion\u0101ls k\u0101rums ka\u0137iem, kas atbalsta vesel\u012bgu \u0101du un spalvu.<\/p>\n<p data-start=\"252\" data-end=\"383\">Skin &amp; Coat \u012bpa\u0161\u0101 formula ir bag\u0101ta ar omega-3 tauksk\u0101b\u0113m no zivju e\u013c\u013cas, kas pal\u012bdz uztur\u0113t ka\u0137a vesel\u012bgu \u0101du un sp\u012bd\u012bgu ka\u017eoku.<\/p>\n<p data-start=\"385\" data-end=\"464\">Graudaugiem br\u012bvs funkcion\u0101ls k\u0101rums \u2013 pur\u0113 ar tunci. Bar\u012bbas piedeva ka\u0137iem.<\/p>\n<p data-start=\"466\" data-end=\"657\">Churu nesatur graudaugus, konservantus vai m\u0101ksl\u012bg\u0101s kr\u0101svielas. Ka\u0137is tos ap\u0113d\u012bs tie\u0161i no tavas rokas, vai ar\u012b vari ielej kaus\u0101 vai izmantot k\u0101 gardu piedevu mitrajai vai sausajai bar\u012bbai.<\/p>\n<p data-start=\"659\" data-end=\"1005\">Churu pur\u0113 ka\u0137iem ar savva\u013cas tun\u010da ga\u013cu, bag\u0101tin\u0101ta ar omega-3 un omega-6 tauksk\u0101b\u0113m, kas pal\u012bdz uztur\u0113t vesel\u012bgu \u0101du un spalvu. Pur\u0113 satur daudz mitruma, kas ir b\u016btiski ka\u0137a vesel\u012bbai. Nesatur graudaugus, konservantus vai m\u0101ksl\u012bg\u0101s kr\u0101svielas. Var izmantot da\u017e\u0101di: izspiest tie\u0161i no t\u016bbas un \u013caut ka\u0137im laiz\u012bt vai k\u0101 piedevu sausajai bar\u012bbai.<\/p>\n<ul data-start=\"1007\" data-end=\"1310\">\n<li data-section-id=\"12mzi78\" data-start=\"1007\" data-end=\"1043\">Izgatavots no 100% dab\u012bga tun\u010da.<\/li>\n<li data-section-id=\"gxrxcy\" data-start=\"1044\" data-end=\"1106\">Nesatur graudaugus, konservantus vai m\u0101ksl\u012bg\u0101s kr\u0101svielas.<\/li>\n<li data-section-id=\"9h7g5f\" data-start=\"1107\" data-end=\"1151\">Kr\u0113mveida tekst\u016bra un viegli s\u0101\u013ca gar\u0161a.<\/li>\n<li data-section-id=\"3vu0i\" data-start=\"1152\" data-end=\"1209\">Pur\u0113 satur daudz mitruma, kas b\u016btiski ka\u0137a vesel\u012bbai.<\/li>\n<li data-section-id=\"1ud5433\" data-start=\"1210\" data-end=\"1237\">Zems kaloriju daudzums.<\/li>\n<li data-section-id=\"jhwkh8\" data-start=\"1238\" data-end=\"1310\">Inovat\u012bvs, interakt\u012bvs veids, k\u0101 pavad\u012bt laiku ar savu m\u0101jdz\u012bvnieku.<\/li>\n<\/ul>\n<p data-start=\"1312\" data-end=\"1481\"><strong data-start=\"1312\" data-end=\"1325\">Piedevas:<\/strong> E vitam\u012bns (3a700) 574\u202fmg, taur\u012bns (3a370) 356\u202fmg<br data-start=\"1375\" data-end=\"1378\" \/><strong data-start=\"1378\" data-end=\"1405\">Tehnolo\u0123isk\u0101s piedevas:<\/strong> guarkumija (E412)<br data-start=\"1423\" data-end=\"1426\" \/><strong data-start=\"1426\" data-end=\"1448\">Sensor\u0101s piedevas:<\/strong> smar\u017evielas, Camelia Thea Link<\/p>\n<p data-start=\"1483\" data-end=\"1523\"><strong data-start=\"1483\" data-end=\"1509\">Metaboliz\u0113t\u0101 ener\u0123ija:<\/strong> 600\u202fkcal\/kg<\/p>\n","protected":false},"featured_media":55869,"template":"","meta":[],"product_brand":[],"product_cat":[570],"product_tag":[],"class_list":{"0":"post-55886","1":"product","2":"type-product","3":"status-publish","4":"has-post-thumbnail","6":"product_cat-naski","8":"first","9":"instock","10":"taxable","11":"shipping-taxable","12":"purchasable","13":"product-type-simple"},"yoast_head":"<!-- This site is optimized with the Yoast SEO plugin v27.4 - https:\/\/yoast.com\/product\/yoast-seo-wordpress\/ -->\n<title>Churu Skin &amp; Coat kr\u0113mveida k\u0101rumi\u0146\u0161 ka\u0137iem ar tunci 56\u202fg - MiuMjau<\/title>\n<meta name=\"robots\" content=\"index, follow, max-snippet:-1, max-image-preview:large, max-video-preview:-1\" \/>\n<link rel=\"canonical\" href=\"https:\/\/miumjau.ee\/lv\/produkts\/churu-skin-coat-kremveida-karumins-kakiem-ar-tunci-56-g\/\" \/>\n<meta property=\"og:locale\" content=\"lv_LV\" \/>\n<meta property=\"og:type\" content=\"article\" \/>\n<meta property=\"og:title\" content=\"Churu Skin &amp; Coat kr\u0113mveida k\u0101rumi\u0146\u0161 ka\u0137iem ar tunci 56\u202fg - MiuMjau\" \/>\n<meta property=\"og:description\" content=\"Funkcion\u0101ls k\u0101rums ka\u0137iem, kas atbalsta vesel\u012bgu \u0101du un spalvu. Skin &amp; Coat \u012bpa\u0161\u0101 formula ir bag\u0101ta ar omega-3 tauksk\u0101b\u0113m no zivju e\u013c\u013cas, kas pal\u012bdz uztur\u0113t ka\u0137a vesel\u012bgu \u0101du un sp\u012bd\u012bgu ka\u017eoku. Graudaugiem br\u012bvs funkcion\u0101ls k\u0101rums \u2013 pur\u0113 ar tunci. Bar\u012bbas piedeva ka\u0137iem. Churu nesatur graudaugus, konservantus vai m\u0101ksl\u012bg\u0101s kr\u0101svielas. Ka\u0137is tos ap\u0113d\u012bs tie\u0161i no tavas rokas, vai ar\u012b vari ielej kaus\u0101 vai izmantot k\u0101 gardu piedevu mitrajai vai sausajai bar\u012bbai. Churu pur\u0113 ka\u0137iem ar savva\u013cas tun\u010da ga\u013cu, bag\u0101tin\u0101ta ar omega-3 un omega-6 tauksk\u0101b\u0113m, kas pal\u012bdz uztur\u0113t vesel\u012bgu \u0101du un spalvu. Pur\u0113 satur daudz mitruma, kas ir b\u016btiski ka\u0137a vesel\u012bbai. Nesatur graudaugus, konservantus vai m\u0101ksl\u012bg\u0101s kr\u0101svielas. Var izmantot da\u017e\u0101di: izspiest tie\u0161i no t\u016bbas un \u013caut ka\u0137im laiz\u012bt vai k\u0101 piedevu sausajai bar\u012bbai.    Izgatavots no 100% dab\u012bga tun\u010da.  Nesatur graudaugus, konservantus vai m\u0101ksl\u012bg\u0101s kr\u0101svielas.  Kr\u0113mveida tekst\u016bra un viegli s\u0101\u013ca gar\u0161a.  Pur\u0113 satur daudz mitruma, kas b\u016btiski ka\u0137a vesel\u012bbai.  Zems kaloriju daudzums.  Inovat\u012bvs, interakt\u012bvs veids, k\u0101 pavad\u012bt laiku ar savu m\u0101jdz\u012bvnieku.  Piedevas: E vitam\u012bns (3a700) 574\u202fmg, taur\u012bns (3a370) 356\u202fmgTehnolo\u0123isk\u0101s piedevas: guarkumija (E412)Sensor\u0101s piedevas: smar\u017evielas, Camelia Thea Link Metaboliz\u0113t\u0101 ener\u0123ija: 600\u202fkcal\/kg\" \/>\n<meta property=\"og:url\" content=\"https:\/\/miumjau.ee\/lv\/produkts\/churu-skin-coat-kremveida-karumins-kakiem-ar-tunci-56-g\/\" \/>\n<meta property=\"og:site_name\" content=\"MiuMjau\" \/>\n<meta property=\"article:publisher\" content=\"https:\/\/www.facebook.com\/miumjaupood\/\" \/>\n<meta property=\"og:image\" content=\"https:\/\/miumjau.ee\/wp-content\/uploads\/2024\/11\/Churu-maius-56g-kassile9.jpg\" \/>\n\t<meta property=\"og:image:width\" content=\"600\" \/>\n\t<meta property=\"og:image:height\" content=\"800\" \/>\n\t<meta property=\"og:image:type\" content=\"image\/jpeg\" \/>\n<meta name=\"twitter:card\" content=\"summary_large_image\" \/>\n<script type=\"application\/ld+json\" class=\"yoast-schema-graph\">{\"@context\":\"https:\\\/\\\/schema.org\",\"@graph\":[{\"@type\":\"WebPage\",\"@id\":\"https:\\\/\\\/miumjau.ee\\\/lv\\\/produkts\\\/churu-skin-coat-kremveida-karumins-kakiem-ar-tunci-56-g\\\/\",\"url\":\"https:\\\/\\\/miumjau.ee\\\/lv\\\/produkts\\\/churu-skin-coat-kremveida-karumins-kakiem-ar-tunci-56-g\\\/\",\"name\":\"Churu Skin & Coat kr\u0113mveida k\u0101rumi\u0146\u0161 ka\u0137iem ar tunci 56\u202fg - MiuMjau\",\"isPartOf\":{\"@id\":\"https:\\\/\\\/miumjau.ee\\\/#website\"},\"primaryImageOfPage\":{\"@id\":\"https:\\\/\\\/miumjau.ee\\\/lv\\\/produkts\\\/churu-skin-coat-kremveida-karumins-kakiem-ar-tunci-56-g\\\/#primaryimage\"},\"image\":{\"@id\":\"https:\\\/\\\/miumjau.ee\\\/lv\\\/produkts\\\/churu-skin-coat-kremveida-karumins-kakiem-ar-tunci-56-g\\\/#primaryimage\"},\"thumbnailUrl\":\"https:\\\/\\\/miumjau.ee\\\/wp-content\\\/uploads\\\/2024\\\/11\\\/Churu-maius-56g-kassile9.jpg\",\"datePublished\":\"2024-11-13T11:41:02+00:00\",\"breadcrumb\":{\"@id\":\"https:\\\/\\\/miumjau.ee\\\/lv\\\/produkts\\\/churu-skin-coat-kremveida-karumins-kakiem-ar-tunci-56-g\\\/#breadcrumb\"},\"inLanguage\":\"lv-LV\",\"potentialAction\":[{\"@type\":\"ReadAction\",\"target\":[\"https:\\\/\\\/miumjau.ee\\\/lv\\\/produkts\\\/churu-skin-coat-kremveida-karumins-kakiem-ar-tunci-56-g\\\/\"]}]},{\"@type\":\"ImageObject\",\"inLanguage\":\"lv-LV\",\"@id\":\"https:\\\/\\\/miumjau.ee\\\/lv\\\/produkts\\\/churu-skin-coat-kremveida-karumins-kakiem-ar-tunci-56-g\\\/#primaryimage\",\"url\":\"https:\\\/\\\/miumjau.ee\\\/wp-content\\\/uploads\\\/2024\\\/11\\\/Churu-maius-56g-kassile9.jpg\",\"contentUrl\":\"https:\\\/\\\/miumjau.ee\\\/wp-content\\\/uploads\\\/2024\\\/11\\\/Churu-maius-56g-kassile9.jpg\",\"width\":600,\"height\":800},{\"@type\":\"BreadcrumbList\",\"@id\":\"https:\\\/\\\/miumjau.ee\\\/lv\\\/produkts\\\/churu-skin-coat-kremveida-karumins-kakiem-ar-tunci-56-g\\\/#breadcrumb\",\"itemListElement\":[{\"@type\":\"ListItem\",\"position\":1,\"name\":\"Home\",\"item\":\"https:\\\/\\\/miumjau.ee\\\/lv\\\/\"},{\"@type\":\"ListItem\",\"position\":2,\"name\":\"Veikals\",\"item\":\"https:\\\/\\\/miumjau.ee\\\/lv\\\/veikals\\\/\"},{\"@type\":\"ListItem\",\"position\":3,\"name\":\"Churu Skin &#038; Coat kr\u0113mveida k\u0101rumi\u0146\u0161 ka\u0137iem ar tunci 56\u202fg\"}]},{\"@type\":\"WebSite\",\"@id\":\"https:\\\/\\\/miumjau.ee\\\/#website\",\"url\":\"https:\\\/\\\/miumjau.ee\\\/\",\"name\":\"MiuMjau\",\"description\":\"Kraapimispuud kassidele\",\"publisher\":{\"@id\":\"https:\\\/\\\/miumjau.ee\\\/#organization\"},\"potentialAction\":[{\"@type\":\"SearchAction\",\"target\":{\"@type\":\"EntryPoint\",\"urlTemplate\":\"https:\\\/\\\/miumjau.ee\\\/?s={search_term_string}\"},\"query-input\":{\"@type\":\"PropertyValueSpecification\",\"valueRequired\":true,\"valueName\":\"search_term_string\"}}],\"inLanguage\":\"lv-LV\"},{\"@type\":\"Organization\",\"@id\":\"https:\\\/\\\/miumjau.ee\\\/#organization\",\"name\":\"MiuMjau O\u00dc\",\"url\":\"https:\\\/\\\/miumjau.ee\\\/\",\"logo\":{\"@type\":\"ImageObject\",\"inLanguage\":\"lv-LV\",\"@id\":\"https:\\\/\\\/miumjau.ee\\\/#\\\/schema\\\/logo\\\/image\\\/\",\"url\":\"https:\\\/\\\/miumjau.ee\\\/wp-content\\\/uploads\\\/2022\\\/04\\\/MiuMjau-logo-kollane.png\",\"contentUrl\":\"https:\\\/\\\/miumjau.ee\\\/wp-content\\\/uploads\\\/2022\\\/04\\\/MiuMjau-logo-kollane.png\",\"width\":219,\"height\":100,\"caption\":\"MiuMjau O\u00dc\"},\"image\":{\"@id\":\"https:\\\/\\\/miumjau.ee\\\/#\\\/schema\\\/logo\\\/image\\\/\"},\"sameAs\":[\"https:\\\/\\\/www.facebook.com\\\/miumjaupood\\\/\"]}]}<\/script>\n<!-- \/ Yoast SEO plugin. -->","yoast_head_json":{"title":"Churu Skin & Coat kr\u0113mveida k\u0101rumi\u0146\u0161 ka\u0137iem ar tunci 56\u202fg - MiuMjau","robots":{"index":"index","follow":"follow","max-snippet":"max-snippet:-1","max-image-preview":"max-image-preview:large","max-video-preview":"max-video-preview:-1"},"canonical":"https:\/\/miumjau.ee\/lv\/produkts\/churu-skin-coat-kremveida-karumins-kakiem-ar-tunci-56-g\/","og_locale":"lv_LV","og_type":"article","og_title":"Churu Skin & Coat kr\u0113mveida k\u0101rumi\u0146\u0161 ka\u0137iem ar tunci 56\u202fg - MiuMjau","og_description":"Funkcion\u0101ls k\u0101rums ka\u0137iem, kas atbalsta vesel\u012bgu \u0101du un spalvu. Skin &amp; Coat \u012bpa\u0161\u0101 formula ir bag\u0101ta ar omega-3 tauksk\u0101b\u0113m no zivju e\u013c\u013cas, kas pal\u012bdz uztur\u0113t ka\u0137a vesel\u012bgu \u0101du un sp\u012bd\u012bgu ka\u017eoku. Graudaugiem br\u012bvs funkcion\u0101ls k\u0101rums \u2013 pur\u0113 ar tunci. Bar\u012bbas piedeva ka\u0137iem. Churu nesatur graudaugus, konservantus vai m\u0101ksl\u012bg\u0101s kr\u0101svielas. Ka\u0137is tos ap\u0113d\u012bs tie\u0161i no tavas rokas, vai ar\u012b vari ielej kaus\u0101 vai izmantot k\u0101 gardu piedevu mitrajai vai sausajai bar\u012bbai. Churu pur\u0113 ka\u0137iem ar savva\u013cas tun\u010da ga\u013cu, bag\u0101tin\u0101ta ar omega-3 un omega-6 tauksk\u0101b\u0113m, kas pal\u012bdz uztur\u0113t vesel\u012bgu \u0101du un spalvu. Pur\u0113 satur daudz mitruma, kas ir b\u016btiski ka\u0137a vesel\u012bbai. Nesatur graudaugus, konservantus vai m\u0101ksl\u012bg\u0101s kr\u0101svielas. Var izmantot da\u017e\u0101di: izspiest tie\u0161i no t\u016bbas un \u013caut ka\u0137im laiz\u012bt vai k\u0101 piedevu sausajai bar\u012bbai.    Izgatavots no 100% dab\u012bga tun\u010da.  Nesatur graudaugus, konservantus vai m\u0101ksl\u012bg\u0101s kr\u0101svielas.  Kr\u0113mveida tekst\u016bra un viegli s\u0101\u013ca gar\u0161a.  Pur\u0113 satur daudz mitruma, kas b\u016btiski ka\u0137a vesel\u012bbai.  Zems kaloriju daudzums.  Inovat\u012bvs, interakt\u012bvs veids, k\u0101 pavad\u012bt laiku ar savu m\u0101jdz\u012bvnieku.  Piedevas: E vitam\u012bns (3a700) 574\u202fmg, taur\u012bns (3a370) 356\u202fmgTehnolo\u0123isk\u0101s piedevas: guarkumija (E412)Sensor\u0101s piedevas: smar\u017evielas, Camelia Thea Link Metaboliz\u0113t\u0101 ener\u0123ija: 600\u202fkcal\/kg","og_url":"https:\/\/miumjau.ee\/lv\/produkts\/churu-skin-coat-kremveida-karumins-kakiem-ar-tunci-56-g\/","og_site_name":"MiuMjau","article_publisher":"https:\/\/www.facebook.com\/miumjaupood\/","og_image":[{"width":600,"height":800,"url":"https:\/\/miumjau.ee\/wp-content\/uploads\/2024\/11\/Churu-maius-56g-kassile9.jpg","type":"image\/jpeg"}],"twitter_card":"summary_large_image","schema":{"@context":"https:\/\/schema.org","@graph":[{"@type":"WebPage","@id":"https:\/\/miumjau.ee\/lv\/produkts\/churu-skin-coat-kremveida-karumins-kakiem-ar-tunci-56-g\/","url":"https:\/\/miumjau.ee\/lv\/produkts\/churu-skin-coat-kremveida-karumins-kakiem-ar-tunci-56-g\/","name":"Churu Skin & Coat kr\u0113mveida k\u0101rumi\u0146\u0161 ka\u0137iem ar tunci 56\u202fg - MiuMjau","isPartOf":{"@id":"https:\/\/miumjau.ee\/#website"},"primaryImageOfPage":{"@id":"https:\/\/miumjau.ee\/lv\/produkts\/churu-skin-coat-kremveida-karumins-kakiem-ar-tunci-56-g\/#primaryimage"},"image":{"@id":"https:\/\/miumjau.ee\/lv\/produkts\/churu-skin-coat-kremveida-karumins-kakiem-ar-tunci-56-g\/#primaryimage"},"thumbnailUrl":"https:\/\/miumjau.ee\/wp-content\/uploads\/2024\/11\/Churu-maius-56g-kassile9.jpg","datePublished":"2024-11-13T11:41:02+00:00","breadcrumb":{"@id":"https:\/\/miumjau.ee\/lv\/produkts\/churu-skin-coat-kremveida-karumins-kakiem-ar-tunci-56-g\/#breadcrumb"},"inLanguage":"lv-LV","potentialAction":[{"@type":"ReadAction","target":["https:\/\/miumjau.ee\/lv\/produkts\/churu-skin-coat-kremveida-karumins-kakiem-ar-tunci-56-g\/"]}]},{"@type":"ImageObject","inLanguage":"lv-LV","@id":"https:\/\/miumjau.ee\/lv\/produkts\/churu-skin-coat-kremveida-karumins-kakiem-ar-tunci-56-g\/#primaryimage","url":"https:\/\/miumjau.ee\/wp-content\/uploads\/2024\/11\/Churu-maius-56g-kassile9.jpg","contentUrl":"https:\/\/miumjau.ee\/wp-content\/uploads\/2024\/11\/Churu-maius-56g-kassile9.jpg","width":600,"height":800},{"@type":"BreadcrumbList","@id":"https:\/\/miumjau.ee\/lv\/produkts\/churu-skin-coat-kremveida-karumins-kakiem-ar-tunci-56-g\/#breadcrumb","itemListElement":[{"@type":"ListItem","position":1,"name":"Home","item":"https:\/\/miumjau.ee\/lv\/"},{"@type":"ListItem","position":2,"name":"Veikals","item":"https:\/\/miumjau.ee\/lv\/veikals\/"},{"@type":"ListItem","position":3,"name":"Churu Skin &#038; Coat kr\u0113mveida k\u0101rumi\u0146\u0161 ka\u0137iem ar tunci 56\u202fg"}]},{"@type":"WebSite","@id":"https:\/\/miumjau.ee\/#website","url":"https:\/\/miumjau.ee\/","name":"MiuMjau","description":"Kraapimispuud kassidele","publisher":{"@id":"https:\/\/miumjau.ee\/#organization"},"potentialAction":[{"@type":"SearchAction","target":{"@type":"EntryPoint","urlTemplate":"https:\/\/miumjau.ee\/?s={search_term_string}"},"query-input":{"@type":"PropertyValueSpecification","valueRequired":true,"valueName":"search_term_string"}}],"inLanguage":"lv-LV"},{"@type":"Organization","@id":"https:\/\/miumjau.ee\/#organization","name":"MiuMjau O\u00dc","url":"https:\/\/miumjau.ee\/","logo":{"@type":"ImageObject","inLanguage":"lv-LV","@id":"https:\/\/miumjau.ee\/#\/schema\/logo\/image\/","url":"https:\/\/miumjau.ee\/wp-content\/uploads\/2022\/04\/MiuMjau-logo-kollane.png","contentUrl":"https:\/\/miumjau.ee\/wp-content\/uploads\/2022\/04\/MiuMjau-logo-kollane.png","width":219,"height":100,"caption":"MiuMjau O\u00dc"},"image":{"@id":"https:\/\/miumjau.ee\/#\/schema\/logo\/image\/"},"sameAs":["https:\/\/www.facebook.com\/miumjaupood\/"]}]}},"_links":{"self":[{"href":"https:\/\/miumjau.ee\/lv\/wp-json\/wp\/v2\/product\/55886","targetHints":{"allow":["GET"]}}],"collection":[{"href":"https:\/\/miumjau.ee\/lv\/wp-json\/wp\/v2\/product"}],"about":[{"href":"https:\/\/miumjau.ee\/lv\/wp-json\/wp\/v2\/types\/product"}],"wp:featuredmedia":[{"embeddable":true,"href":"https:\/\/miumjau.ee\/lv\/wp-json\/wp\/v2\/media\/55869"}],"wp:attachment":[{"href":"https:\/\/miumjau.ee\/lv\/wp-json\/wp\/v2\/media?parent=55886"}],"wp:term":[{"taxonomy":"product_brand","embeddable":true,"href":"https:\/\/miumjau.ee\/lv\/wp-json\/wp\/v2\/product_brand?post=55886"},{"taxonomy":"product_cat","embeddable":true,"href":"https:\/\/miumjau.ee\/lv\/wp-json\/wp\/v2\/product_cat?post=55886"},{"taxonomy":"product_tag","embeddable":true,"href":"https:\/\/miumjau.ee\/lv\/wp-json\/wp\/v2\/product_tag?post=55886"}],"curies":[{"name":"wp","href":"https:\/\/api.w.org\/{rel}","templated":true}]}}