{"id":55882,"date":"2024-11-13T13:36:40","date_gmt":"2024-11-13T11:36:40","guid":{"rendered":"https:\/\/miumjau.ee\/toode\/churu-kremveida-karumins-kakiem-ar-tunci-un-juras-veltem-56-g\/"},"modified":"2024-11-13T13:36:40","modified_gmt":"2024-11-13T11:36:40","slug":"churu-kremveida-karumins-kakiem-ar-tunci-un-juras-veltem-56-g","status":"publish","type":"product","link":"https:\/\/miumjau.ee\/lv\/produkts\/churu-kremveida-karumins-kakiem-ar-tunci-un-juras-veltem-56-g\/","title":{"rendered":"Churu kr\u0113mveida k\u0101rumi\u0146\u0161 ka\u0137iem ar tunci un j\u016bras velt\u0113m 56\u202fg"},"content":{"rendered":"","protected":false},"excerpt":{"rendered":"<p data-start=\"192\" data-end=\"538\">Graudaugiem br\u012bvs k\u0101rums ka\u0137iem \u2013 pur\u0113 ar tunci un j\u016bras velt\u0113m. \u0160ie gardie k\u0101rumi\u0146i ir izgatavoti no 100% t\u012bra dab\u012bga tunci! Churu pur\u0113 satur daudz mitruma, kas ir b\u016btisks ka\u0137a vesel\u012bbai. Nesatur gabali\u0146us, konservantus vai m\u0101ksl\u012bg\u0101s kr\u0101svielas. To var izmantot da\u017e\u0101di: izspiest tie\u0161i no t\u016bbas un \u013caut ka\u0137im laiz\u012bt vai papildin\u0101t sauso bar\u012bbu.<\/p>\n<ul data-start=\"540\" data-end=\"851\">\n<li data-section-id=\"1xwu19x\" data-start=\"540\" data-end=\"584\">Izgatavots no 100% t\u012bra un dab\u012bga tunci.<\/li>\n<li data-section-id=\"gxrxcy\" data-start=\"585\" data-end=\"647\">Nesatur graudaugus, konservantus vai m\u0101ksl\u012bg\u0101s kr\u0101svielas.<\/li>\n<li data-section-id=\"9h7g5f\" data-start=\"648\" data-end=\"692\">Kr\u0113mveida tekst\u016bra un viegli s\u0101\u013ca gar\u0161a.<\/li>\n<li data-section-id=\"l0o5k8\" data-start=\"693\" data-end=\"750\">Pur\u0113 satur daudz mitruma, kas b\u016btisks ka\u0137a vesel\u012bbai.<\/li>\n<li data-section-id=\"1ud5433\" data-start=\"751\" data-end=\"778\">Zems kaloriju daudzums.<\/li>\n<li data-section-id=\"jhwkh8\" data-start=\"779\" data-end=\"851\">Inovat\u012bvs, interakt\u012bvs veids, k\u0101 pavad\u012bt laiku ar savu m\u0101jdz\u012bvnieku.<\/li>\n<\/ul>\n<p data-start=\"853\" data-end=\"1004\"><strong data-start=\"853\" data-end=\"873\">Piedevas \/ 1\u202fkg:<\/strong> E vitam\u012bns (3a700) 310\u202fIU<br data-start=\"899\" data-end=\"902\" \/><strong data-start=\"902\" data-end=\"929\">Tehnolo\u0123isk\u0101s piedevas:<\/strong> pupi\u0146u pasta (E412) 9\u202fg<br data-start=\"953\" data-end=\"956\" \/><strong data-start=\"956\" data-end=\"978\">Sensor\u0101s piedevas:<\/strong> gar\u0161as savienojumi 12\u202fg<\/p>\n<p data-start=\"1006\" data-end=\"1054\"><strong data-start=\"1006\" data-end=\"1032\">Metaboliz\u0113t\u0101 ener\u0123ija:<\/strong> 6\u202fkcal \/ iepakojums<\/p>\n","protected":false},"featured_media":55868,"template":"","meta":[],"product_brand":[],"product_cat":[570],"product_tag":[],"class_list":{"0":"post-55882","1":"product","2":"type-product","3":"status-publish","4":"has-post-thumbnail","6":"product_cat-naski","8":"first","9":"instock","10":"sale","11":"taxable","12":"shipping-taxable","13":"purchasable","14":"product-type-simple"},"yoast_head":"<!-- This site is optimized with the Yoast SEO plugin v27.4 - https:\/\/yoast.com\/product\/yoast-seo-wordpress\/ -->\n<title>Churu kr\u0113mveida k\u0101rumi\u0146\u0161 ka\u0137iem ar tunci un j\u016bras velt\u0113m 56\u202fg - MiuMjau<\/title>\n<meta name=\"robots\" content=\"index, follow, max-snippet:-1, max-image-preview:large, max-video-preview:-1\" \/>\n<link rel=\"canonical\" href=\"https:\/\/miumjau.ee\/lv\/produkts\/churu-kremveida-karumins-kakiem-ar-tunci-un-juras-veltem-56-g\/\" \/>\n<meta property=\"og:locale\" content=\"lv_LV\" \/>\n<meta property=\"og:type\" content=\"article\" \/>\n<meta property=\"og:title\" content=\"Churu kr\u0113mveida k\u0101rumi\u0146\u0161 ka\u0137iem ar tunci un j\u016bras velt\u0113m 56\u202fg - MiuMjau\" \/>\n<meta property=\"og:description\" content=\"Graudaugiem br\u012bvs k\u0101rums ka\u0137iem \u2013 pur\u0113 ar tunci un j\u016bras velt\u0113m. \u0160ie gardie k\u0101rumi\u0146i ir izgatavoti no 100% t\u012bra dab\u012bga tunci! Churu pur\u0113 satur daudz mitruma, kas ir b\u016btisks ka\u0137a vesel\u012bbai. Nesatur gabali\u0146us, konservantus vai m\u0101ksl\u012bg\u0101s kr\u0101svielas. To var izmantot da\u017e\u0101di: izspiest tie\u0161i no t\u016bbas un \u013caut ka\u0137im laiz\u012bt vai papildin\u0101t sauso bar\u012bbu.    Izgatavots no 100% t\u012bra un dab\u012bga tunci.  Nesatur graudaugus, konservantus vai m\u0101ksl\u012bg\u0101s kr\u0101svielas.  Kr\u0113mveida tekst\u016bra un viegli s\u0101\u013ca gar\u0161a.  Pur\u0113 satur daudz mitruma, kas b\u016btisks ka\u0137a vesel\u012bbai.  Zems kaloriju daudzums.  Inovat\u012bvs, interakt\u012bvs veids, k\u0101 pavad\u012bt laiku ar savu m\u0101jdz\u012bvnieku.  Piedevas \/ 1\u202fkg: E vitam\u012bns (3a700) 310\u202fIUTehnolo\u0123isk\u0101s piedevas: pupi\u0146u pasta (E412) 9\u202fgSensor\u0101s piedevas: gar\u0161as savienojumi 12\u202fg Metaboliz\u0113t\u0101 ener\u0123ija: 6\u202fkcal \/ iepakojums\" \/>\n<meta property=\"og:url\" content=\"https:\/\/miumjau.ee\/lv\/produkts\/churu-kremveida-karumins-kakiem-ar-tunci-un-juras-veltem-56-g\/\" \/>\n<meta property=\"og:site_name\" content=\"MiuMjau\" \/>\n<meta property=\"article:publisher\" content=\"https:\/\/www.facebook.com\/miumjaupood\/\" \/>\n<meta property=\"og:image\" content=\"https:\/\/miumjau.ee\/wp-content\/uploads\/2024\/11\/Churu-maius-56g-kassile8.jpg\" \/>\n\t<meta property=\"og:image:width\" content=\"600\" \/>\n\t<meta property=\"og:image:height\" content=\"800\" \/>\n\t<meta property=\"og:image:type\" content=\"image\/jpeg\" \/>\n<meta name=\"twitter:card\" content=\"summary_large_image\" \/>\n<script type=\"application\/ld+json\" class=\"yoast-schema-graph\">{\"@context\":\"https:\\\/\\\/schema.org\",\"@graph\":[{\"@type\":\"WebPage\",\"@id\":\"https:\\\/\\\/miumjau.ee\\\/lv\\\/produkts\\\/churu-kremveida-karumins-kakiem-ar-tunci-un-juras-veltem-56-g\\\/\",\"url\":\"https:\\\/\\\/miumjau.ee\\\/lv\\\/produkts\\\/churu-kremveida-karumins-kakiem-ar-tunci-un-juras-veltem-56-g\\\/\",\"name\":\"Churu kr\u0113mveida k\u0101rumi\u0146\u0161 ka\u0137iem ar tunci un j\u016bras velt\u0113m 56\u202fg - MiuMjau\",\"isPartOf\":{\"@id\":\"https:\\\/\\\/miumjau.ee\\\/#website\"},\"primaryImageOfPage\":{\"@id\":\"https:\\\/\\\/miumjau.ee\\\/lv\\\/produkts\\\/churu-kremveida-karumins-kakiem-ar-tunci-un-juras-veltem-56-g\\\/#primaryimage\"},\"image\":{\"@id\":\"https:\\\/\\\/miumjau.ee\\\/lv\\\/produkts\\\/churu-kremveida-karumins-kakiem-ar-tunci-un-juras-veltem-56-g\\\/#primaryimage\"},\"thumbnailUrl\":\"https:\\\/\\\/miumjau.ee\\\/wp-content\\\/uploads\\\/2024\\\/11\\\/Churu-maius-56g-kassile8.jpg\",\"datePublished\":\"2024-11-13T11:36:40+00:00\",\"breadcrumb\":{\"@id\":\"https:\\\/\\\/miumjau.ee\\\/lv\\\/produkts\\\/churu-kremveida-karumins-kakiem-ar-tunci-un-juras-veltem-56-g\\\/#breadcrumb\"},\"inLanguage\":\"lv-LV\",\"potentialAction\":[{\"@type\":\"ReadAction\",\"target\":[\"https:\\\/\\\/miumjau.ee\\\/lv\\\/produkts\\\/churu-kremveida-karumins-kakiem-ar-tunci-un-juras-veltem-56-g\\\/\"]}]},{\"@type\":\"ImageObject\",\"inLanguage\":\"lv-LV\",\"@id\":\"https:\\\/\\\/miumjau.ee\\\/lv\\\/produkts\\\/churu-kremveida-karumins-kakiem-ar-tunci-un-juras-veltem-56-g\\\/#primaryimage\",\"url\":\"https:\\\/\\\/miumjau.ee\\\/wp-content\\\/uploads\\\/2024\\\/11\\\/Churu-maius-56g-kassile8.jpg\",\"contentUrl\":\"https:\\\/\\\/miumjau.ee\\\/wp-content\\\/uploads\\\/2024\\\/11\\\/Churu-maius-56g-kassile8.jpg\",\"width\":600,\"height\":800},{\"@type\":\"BreadcrumbList\",\"@id\":\"https:\\\/\\\/miumjau.ee\\\/lv\\\/produkts\\\/churu-kremveida-karumins-kakiem-ar-tunci-un-juras-veltem-56-g\\\/#breadcrumb\",\"itemListElement\":[{\"@type\":\"ListItem\",\"position\":1,\"name\":\"Home\",\"item\":\"https:\\\/\\\/miumjau.ee\\\/lv\\\/\"},{\"@type\":\"ListItem\",\"position\":2,\"name\":\"Veikals\",\"item\":\"https:\\\/\\\/miumjau.ee\\\/lv\\\/veikals\\\/\"},{\"@type\":\"ListItem\",\"position\":3,\"name\":\"Churu kr\u0113mveida k\u0101rumi\u0146\u0161 ka\u0137iem ar tunci un j\u016bras velt\u0113m 56\u202fg\"}]},{\"@type\":\"WebSite\",\"@id\":\"https:\\\/\\\/miumjau.ee\\\/#website\",\"url\":\"https:\\\/\\\/miumjau.ee\\\/\",\"name\":\"MiuMjau\",\"description\":\"Kraapimispuud kassidele\",\"publisher\":{\"@id\":\"https:\\\/\\\/miumjau.ee\\\/#organization\"},\"potentialAction\":[{\"@type\":\"SearchAction\",\"target\":{\"@type\":\"EntryPoint\",\"urlTemplate\":\"https:\\\/\\\/miumjau.ee\\\/?s={search_term_string}\"},\"query-input\":{\"@type\":\"PropertyValueSpecification\",\"valueRequired\":true,\"valueName\":\"search_term_string\"}}],\"inLanguage\":\"lv-LV\"},{\"@type\":\"Organization\",\"@id\":\"https:\\\/\\\/miumjau.ee\\\/#organization\",\"name\":\"MiuMjau O\u00dc\",\"url\":\"https:\\\/\\\/miumjau.ee\\\/\",\"logo\":{\"@type\":\"ImageObject\",\"inLanguage\":\"lv-LV\",\"@id\":\"https:\\\/\\\/miumjau.ee\\\/#\\\/schema\\\/logo\\\/image\\\/\",\"url\":\"https:\\\/\\\/miumjau.ee\\\/wp-content\\\/uploads\\\/2022\\\/04\\\/MiuMjau-logo-kollane.png\",\"contentUrl\":\"https:\\\/\\\/miumjau.ee\\\/wp-content\\\/uploads\\\/2022\\\/04\\\/MiuMjau-logo-kollane.png\",\"width\":219,\"height\":100,\"caption\":\"MiuMjau O\u00dc\"},\"image\":{\"@id\":\"https:\\\/\\\/miumjau.ee\\\/#\\\/schema\\\/logo\\\/image\\\/\"},\"sameAs\":[\"https:\\\/\\\/www.facebook.com\\\/miumjaupood\\\/\"]}]}<\/script>\n<!-- \/ Yoast SEO plugin. -->","yoast_head_json":{"title":"Churu kr\u0113mveida k\u0101rumi\u0146\u0161 ka\u0137iem ar tunci un j\u016bras velt\u0113m 56\u202fg - MiuMjau","robots":{"index":"index","follow":"follow","max-snippet":"max-snippet:-1","max-image-preview":"max-image-preview:large","max-video-preview":"max-video-preview:-1"},"canonical":"https:\/\/miumjau.ee\/lv\/produkts\/churu-kremveida-karumins-kakiem-ar-tunci-un-juras-veltem-56-g\/","og_locale":"lv_LV","og_type":"article","og_title":"Churu kr\u0113mveida k\u0101rumi\u0146\u0161 ka\u0137iem ar tunci un j\u016bras velt\u0113m 56\u202fg - MiuMjau","og_description":"Graudaugiem br\u012bvs k\u0101rums ka\u0137iem \u2013 pur\u0113 ar tunci un j\u016bras velt\u0113m. \u0160ie gardie k\u0101rumi\u0146i ir izgatavoti no 100% t\u012bra dab\u012bga tunci! Churu pur\u0113 satur daudz mitruma, kas ir b\u016btisks ka\u0137a vesel\u012bbai. Nesatur gabali\u0146us, konservantus vai m\u0101ksl\u012bg\u0101s kr\u0101svielas. To var izmantot da\u017e\u0101di: izspiest tie\u0161i no t\u016bbas un \u013caut ka\u0137im laiz\u012bt vai papildin\u0101t sauso bar\u012bbu.    Izgatavots no 100% t\u012bra un dab\u012bga tunci.  Nesatur graudaugus, konservantus vai m\u0101ksl\u012bg\u0101s kr\u0101svielas.  Kr\u0113mveida tekst\u016bra un viegli s\u0101\u013ca gar\u0161a.  Pur\u0113 satur daudz mitruma, kas b\u016btisks ka\u0137a vesel\u012bbai.  Zems kaloriju daudzums.  Inovat\u012bvs, interakt\u012bvs veids, k\u0101 pavad\u012bt laiku ar savu m\u0101jdz\u012bvnieku.  Piedevas \/ 1\u202fkg: E vitam\u012bns (3a700) 310\u202fIUTehnolo\u0123isk\u0101s piedevas: pupi\u0146u pasta (E412) 9\u202fgSensor\u0101s piedevas: gar\u0161as savienojumi 12\u202fg Metaboliz\u0113t\u0101 ener\u0123ija: 6\u202fkcal \/ iepakojums","og_url":"https:\/\/miumjau.ee\/lv\/produkts\/churu-kremveida-karumins-kakiem-ar-tunci-un-juras-veltem-56-g\/","og_site_name":"MiuMjau","article_publisher":"https:\/\/www.facebook.com\/miumjaupood\/","og_image":[{"width":600,"height":800,"url":"https:\/\/miumjau.ee\/wp-content\/uploads\/2024\/11\/Churu-maius-56g-kassile8.jpg","type":"image\/jpeg"}],"twitter_card":"summary_large_image","schema":{"@context":"https:\/\/schema.org","@graph":[{"@type":"WebPage","@id":"https:\/\/miumjau.ee\/lv\/produkts\/churu-kremveida-karumins-kakiem-ar-tunci-un-juras-veltem-56-g\/","url":"https:\/\/miumjau.ee\/lv\/produkts\/churu-kremveida-karumins-kakiem-ar-tunci-un-juras-veltem-56-g\/","name":"Churu kr\u0113mveida k\u0101rumi\u0146\u0161 ka\u0137iem ar tunci un j\u016bras velt\u0113m 56\u202fg - MiuMjau","isPartOf":{"@id":"https:\/\/miumjau.ee\/#website"},"primaryImageOfPage":{"@id":"https:\/\/miumjau.ee\/lv\/produkts\/churu-kremveida-karumins-kakiem-ar-tunci-un-juras-veltem-56-g\/#primaryimage"},"image":{"@id":"https:\/\/miumjau.ee\/lv\/produkts\/churu-kremveida-karumins-kakiem-ar-tunci-un-juras-veltem-56-g\/#primaryimage"},"thumbnailUrl":"https:\/\/miumjau.ee\/wp-content\/uploads\/2024\/11\/Churu-maius-56g-kassile8.jpg","datePublished":"2024-11-13T11:36:40+00:00","breadcrumb":{"@id":"https:\/\/miumjau.ee\/lv\/produkts\/churu-kremveida-karumins-kakiem-ar-tunci-un-juras-veltem-56-g\/#breadcrumb"},"inLanguage":"lv-LV","potentialAction":[{"@type":"ReadAction","target":["https:\/\/miumjau.ee\/lv\/produkts\/churu-kremveida-karumins-kakiem-ar-tunci-un-juras-veltem-56-g\/"]}]},{"@type":"ImageObject","inLanguage":"lv-LV","@id":"https:\/\/miumjau.ee\/lv\/produkts\/churu-kremveida-karumins-kakiem-ar-tunci-un-juras-veltem-56-g\/#primaryimage","url":"https:\/\/miumjau.ee\/wp-content\/uploads\/2024\/11\/Churu-maius-56g-kassile8.jpg","contentUrl":"https:\/\/miumjau.ee\/wp-content\/uploads\/2024\/11\/Churu-maius-56g-kassile8.jpg","width":600,"height":800},{"@type":"BreadcrumbList","@id":"https:\/\/miumjau.ee\/lv\/produkts\/churu-kremveida-karumins-kakiem-ar-tunci-un-juras-veltem-56-g\/#breadcrumb","itemListElement":[{"@type":"ListItem","position":1,"name":"Home","item":"https:\/\/miumjau.ee\/lv\/"},{"@type":"ListItem","position":2,"name":"Veikals","item":"https:\/\/miumjau.ee\/lv\/veikals\/"},{"@type":"ListItem","position":3,"name":"Churu kr\u0113mveida k\u0101rumi\u0146\u0161 ka\u0137iem ar tunci un j\u016bras velt\u0113m 56\u202fg"}]},{"@type":"WebSite","@id":"https:\/\/miumjau.ee\/#website","url":"https:\/\/miumjau.ee\/","name":"MiuMjau","description":"Kraapimispuud kassidele","publisher":{"@id":"https:\/\/miumjau.ee\/#organization"},"potentialAction":[{"@type":"SearchAction","target":{"@type":"EntryPoint","urlTemplate":"https:\/\/miumjau.ee\/?s={search_term_string}"},"query-input":{"@type":"PropertyValueSpecification","valueRequired":true,"valueName":"search_term_string"}}],"inLanguage":"lv-LV"},{"@type":"Organization","@id":"https:\/\/miumjau.ee\/#organization","name":"MiuMjau O\u00dc","url":"https:\/\/miumjau.ee\/","logo":{"@type":"ImageObject","inLanguage":"lv-LV","@id":"https:\/\/miumjau.ee\/#\/schema\/logo\/image\/","url":"https:\/\/miumjau.ee\/wp-content\/uploads\/2022\/04\/MiuMjau-logo-kollane.png","contentUrl":"https:\/\/miumjau.ee\/wp-content\/uploads\/2022\/04\/MiuMjau-logo-kollane.png","width":219,"height":100,"caption":"MiuMjau O\u00dc"},"image":{"@id":"https:\/\/miumjau.ee\/#\/schema\/logo\/image\/"},"sameAs":["https:\/\/www.facebook.com\/miumjaupood\/"]}]}},"_links":{"self":[{"href":"https:\/\/miumjau.ee\/lv\/wp-json\/wp\/v2\/product\/55882","targetHints":{"allow":["GET"]}}],"collection":[{"href":"https:\/\/miumjau.ee\/lv\/wp-json\/wp\/v2\/product"}],"about":[{"href":"https:\/\/miumjau.ee\/lv\/wp-json\/wp\/v2\/types\/product"}],"wp:featuredmedia":[{"embeddable":true,"href":"https:\/\/miumjau.ee\/lv\/wp-json\/wp\/v2\/media\/55868"}],"wp:attachment":[{"href":"https:\/\/miumjau.ee\/lv\/wp-json\/wp\/v2\/media?parent=55882"}],"wp:term":[{"taxonomy":"product_brand","embeddable":true,"href":"https:\/\/miumjau.ee\/lv\/wp-json\/wp\/v2\/product_brand?post=55882"},{"taxonomy":"product_cat","embeddable":true,"href":"https:\/\/miumjau.ee\/lv\/wp-json\/wp\/v2\/product_cat?post=55882"},{"taxonomy":"product_tag","embeddable":true,"href":"https:\/\/miumjau.ee\/lv\/wp-json\/wp\/v2\/product_tag?post=55882"}],"curies":[{"name":"wp","href":"https:\/\/api.w.org\/{rel}","templated":true}]}}