{"id":55880,"date":"2024-11-13T13:34:59","date_gmt":"2024-11-13T11:34:59","guid":{"rendered":"https:\/\/miumjau.ee\/toode\/churu-kitten-kremveida-karumins-kakeniem-ar-vistu-56-g\/"},"modified":"2024-11-13T13:34:59","modified_gmt":"2024-11-13T11:34:59","slug":"churu-kitten-kremveida-karumins-kakeniem-ar-vistu-56-g","status":"publish","type":"product","link":"https:\/\/miumjau.ee\/lv\/produkts\/churu-kitten-kremveida-karumins-kakeniem-ar-vistu-56-g\/","title":{"rendered":"Churu Kitten kr\u0113mveida k\u0101rumi\u0146\u0161 ka\u0137\u0113niem ar vistu 56\u202fg"},"content":{"rendered":"","protected":false},"excerpt":{"rendered":"<p data-start=\"167\" data-end=\"238\">Graudaugiem br\u012bvs k\u0101rums ka\u0137iem \u2013 pur\u0113 ar vistu. Papildbar\u012bba ka\u0137iem.<\/p>\n<p data-start=\"240\" data-end=\"591\">Churu pur\u0113 ka\u0137\u0113niem ar ferm\u0101s audz\u0113tu vistu, bag\u0101tin\u0101ts ar omega-3 un omega-6 tauksk\u0101b\u0113m, kas pal\u012bdz uztur\u0113t vesel\u012bgu \u0101du un ka\u017eoku. Churu pur\u0113 satur daudz mitruma, kas ir b\u016btisks ka\u0137a vesel\u012bbai. Nesatur graudaugus, konservantus vai m\u0101ksl\u012bg\u0101s kr\u0101svielas. Var izmantot da\u017e\u0101di: izspiest tie\u0161i no t\u016bbas un \u013caut ka\u0137im laiz\u012bt vai papildin\u0101t sauso bar\u012bbu.<\/p>\n<p data-start=\"593\" data-end=\"749\"><strong data-start=\"593\" data-end=\"625\">Atbalsta smadze\u0146u att\u012bst\u012bbu:<\/strong> DHA, kas atrodas zivju e\u013c\u013c\u0101, atbalsta smadze\u0146u un redzes att\u012bst\u012bbu, EPA veicina vesel\u012bgu aug\u0161anu un im\u016bnsist\u0113mas darb\u012bbu.<\/p>\n<p data-start=\"751\" data-end=\"844\"><strong data-start=\"751\" data-end=\"780\">Vesel\u012bga kaulu att\u012bst\u012bba:<\/strong> Ka\u0137\u0113niem nepiecie\u0161ams kalcijs sp\u0113c\u012bgu kaulu un zobu aug\u0161anai.<\/p>\n<p data-start=\"846\" data-end=\"1011\"><strong data-start=\"846\" data-end=\"872\">Taur\u012bns un E vitam\u012bns:<\/strong> Taur\u012bns ir neaizvietojama aminosk\u0101be, kas pal\u012bdz saglab\u0101t norm\u0101lu redzi, sirds un nervu funkcijas. E vitam\u012bns darbojas k\u0101 antioksidants.<\/p>\n<p data-start=\"1013\" data-end=\"1175\"><strong data-start=\"1013\" data-end=\"1026\">Piedevas:<\/strong> E vitam\u012bns (3a700) 574\u202fmg, taur\u012bns (3a370) 360\u202fmg. Tehnolo\u0123isk\u0101s piedevas: guar gumija (E412). Sensor\u0101s piedevas: arom\u0101ti, Camelia Thea ekstrakts.<\/p>\n<p data-start=\"1177\" data-end=\"1218\"><strong data-start=\"1177\" data-end=\"1203\">Metaboliz\u0113t\u0101 ener\u0123ija:<\/strong> 460\u202fkcal\/kg.<\/p>\n","protected":false},"featured_media":55866,"template":"","meta":[],"product_brand":[],"product_cat":[570],"product_tag":[],"class_list":{"0":"post-55880","1":"product","2":"type-product","3":"status-publish","4":"has-post-thumbnail","6":"product_cat-naski","8":"first","9":"instock","10":"sale","11":"taxable","12":"shipping-taxable","13":"purchasable","14":"product-type-simple"},"yoast_head":"<!-- This site is optimized with the Yoast SEO plugin v27.4 - https:\/\/yoast.com\/product\/yoast-seo-wordpress\/ -->\n<title>Churu Kitten kr\u0113mveida k\u0101rumi\u0146\u0161 ka\u0137\u0113niem ar vistu 56\u202fg - MiuMjau<\/title>\n<meta name=\"robots\" content=\"index, follow, max-snippet:-1, max-image-preview:large, max-video-preview:-1\" \/>\n<link rel=\"canonical\" href=\"https:\/\/miumjau.ee\/lv\/produkts\/churu-kitten-kremveida-karumins-kakeniem-ar-vistu-56-g\/\" \/>\n<meta property=\"og:locale\" content=\"lv_LV\" \/>\n<meta property=\"og:type\" content=\"article\" \/>\n<meta property=\"og:title\" content=\"Churu Kitten kr\u0113mveida k\u0101rumi\u0146\u0161 ka\u0137\u0113niem ar vistu 56\u202fg - MiuMjau\" \/>\n<meta property=\"og:description\" content=\"Graudaugiem br\u012bvs k\u0101rums ka\u0137iem \u2013 pur\u0113 ar vistu. Papildbar\u012bba ka\u0137iem. Churu pur\u0113 ka\u0137\u0113niem ar ferm\u0101s audz\u0113tu vistu, bag\u0101tin\u0101ts ar omega-3 un omega-6 tauksk\u0101b\u0113m, kas pal\u012bdz uztur\u0113t vesel\u012bgu \u0101du un ka\u017eoku. Churu pur\u0113 satur daudz mitruma, kas ir b\u016btisks ka\u0137a vesel\u012bbai. Nesatur graudaugus, konservantus vai m\u0101ksl\u012bg\u0101s kr\u0101svielas. Var izmantot da\u017e\u0101di: izspiest tie\u0161i no t\u016bbas un \u013caut ka\u0137im laiz\u012bt vai papildin\u0101t sauso bar\u012bbu. Atbalsta smadze\u0146u att\u012bst\u012bbu: DHA, kas atrodas zivju e\u013c\u013c\u0101, atbalsta smadze\u0146u un redzes att\u012bst\u012bbu, EPA veicina vesel\u012bgu aug\u0161anu un im\u016bnsist\u0113mas darb\u012bbu. Vesel\u012bga kaulu att\u012bst\u012bba: Ka\u0137\u0113niem nepiecie\u0161ams kalcijs sp\u0113c\u012bgu kaulu un zobu aug\u0161anai. Taur\u012bns un E vitam\u012bns: Taur\u012bns ir neaizvietojama aminosk\u0101be, kas pal\u012bdz saglab\u0101t norm\u0101lu redzi, sirds un nervu funkcijas. E vitam\u012bns darbojas k\u0101 antioksidants. Piedevas: E vitam\u012bns (3a700) 574\u202fmg, taur\u012bns (3a370) 360\u202fmg. Tehnolo\u0123isk\u0101s piedevas: guar gumija (E412). Sensor\u0101s piedevas: arom\u0101ti, Camelia Thea ekstrakts. Metaboliz\u0113t\u0101 ener\u0123ija: 460\u202fkcal\/kg.\" \/>\n<meta property=\"og:url\" content=\"https:\/\/miumjau.ee\/lv\/produkts\/churu-kitten-kremveida-karumins-kakeniem-ar-vistu-56-g\/\" \/>\n<meta property=\"og:site_name\" content=\"MiuMjau\" \/>\n<meta property=\"article:publisher\" content=\"https:\/\/www.facebook.com\/miumjaupood\/\" \/>\n<meta property=\"og:image\" content=\"https:\/\/miumjau.ee\/wp-content\/uploads\/2024\/11\/Churu-maius-56g-kassile6.jpg\" \/>\n\t<meta property=\"og:image:width\" content=\"600\" \/>\n\t<meta property=\"og:image:height\" content=\"800\" \/>\n\t<meta property=\"og:image:type\" content=\"image\/jpeg\" \/>\n<meta name=\"twitter:card\" content=\"summary_large_image\" \/>\n<script type=\"application\/ld+json\" class=\"yoast-schema-graph\">{\"@context\":\"https:\\\/\\\/schema.org\",\"@graph\":[{\"@type\":\"WebPage\",\"@id\":\"https:\\\/\\\/miumjau.ee\\\/lv\\\/produkts\\\/churu-kitten-kremveida-karumins-kakeniem-ar-vistu-56-g\\\/\",\"url\":\"https:\\\/\\\/miumjau.ee\\\/lv\\\/produkts\\\/churu-kitten-kremveida-karumins-kakeniem-ar-vistu-56-g\\\/\",\"name\":\"Churu Kitten kr\u0113mveida k\u0101rumi\u0146\u0161 ka\u0137\u0113niem ar vistu 56\u202fg - MiuMjau\",\"isPartOf\":{\"@id\":\"https:\\\/\\\/miumjau.ee\\\/#website\"},\"primaryImageOfPage\":{\"@id\":\"https:\\\/\\\/miumjau.ee\\\/lv\\\/produkts\\\/churu-kitten-kremveida-karumins-kakeniem-ar-vistu-56-g\\\/#primaryimage\"},\"image\":{\"@id\":\"https:\\\/\\\/miumjau.ee\\\/lv\\\/produkts\\\/churu-kitten-kremveida-karumins-kakeniem-ar-vistu-56-g\\\/#primaryimage\"},\"thumbnailUrl\":\"https:\\\/\\\/miumjau.ee\\\/wp-content\\\/uploads\\\/2024\\\/11\\\/Churu-maius-56g-kassile6.jpg\",\"datePublished\":\"2024-11-13T11:34:59+00:00\",\"breadcrumb\":{\"@id\":\"https:\\\/\\\/miumjau.ee\\\/lv\\\/produkts\\\/churu-kitten-kremveida-karumins-kakeniem-ar-vistu-56-g\\\/#breadcrumb\"},\"inLanguage\":\"lv-LV\",\"potentialAction\":[{\"@type\":\"ReadAction\",\"target\":[\"https:\\\/\\\/miumjau.ee\\\/lv\\\/produkts\\\/churu-kitten-kremveida-karumins-kakeniem-ar-vistu-56-g\\\/\"]}]},{\"@type\":\"ImageObject\",\"inLanguage\":\"lv-LV\",\"@id\":\"https:\\\/\\\/miumjau.ee\\\/lv\\\/produkts\\\/churu-kitten-kremveida-karumins-kakeniem-ar-vistu-56-g\\\/#primaryimage\",\"url\":\"https:\\\/\\\/miumjau.ee\\\/wp-content\\\/uploads\\\/2024\\\/11\\\/Churu-maius-56g-kassile6.jpg\",\"contentUrl\":\"https:\\\/\\\/miumjau.ee\\\/wp-content\\\/uploads\\\/2024\\\/11\\\/Churu-maius-56g-kassile6.jpg\",\"width\":600,\"height\":800},{\"@type\":\"BreadcrumbList\",\"@id\":\"https:\\\/\\\/miumjau.ee\\\/lv\\\/produkts\\\/churu-kitten-kremveida-karumins-kakeniem-ar-vistu-56-g\\\/#breadcrumb\",\"itemListElement\":[{\"@type\":\"ListItem\",\"position\":1,\"name\":\"Home\",\"item\":\"https:\\\/\\\/miumjau.ee\\\/lv\\\/\"},{\"@type\":\"ListItem\",\"position\":2,\"name\":\"Veikals\",\"item\":\"https:\\\/\\\/miumjau.ee\\\/lv\\\/veikals\\\/\"},{\"@type\":\"ListItem\",\"position\":3,\"name\":\"Churu Kitten kr\u0113mveida k\u0101rumi\u0146\u0161 ka\u0137\u0113niem ar vistu 56\u202fg\"}]},{\"@type\":\"WebSite\",\"@id\":\"https:\\\/\\\/miumjau.ee\\\/#website\",\"url\":\"https:\\\/\\\/miumjau.ee\\\/\",\"name\":\"MiuMjau\",\"description\":\"Kraapimispuud kassidele\",\"publisher\":{\"@id\":\"https:\\\/\\\/miumjau.ee\\\/#organization\"},\"potentialAction\":[{\"@type\":\"SearchAction\",\"target\":{\"@type\":\"EntryPoint\",\"urlTemplate\":\"https:\\\/\\\/miumjau.ee\\\/?s={search_term_string}\"},\"query-input\":{\"@type\":\"PropertyValueSpecification\",\"valueRequired\":true,\"valueName\":\"search_term_string\"}}],\"inLanguage\":\"lv-LV\"},{\"@type\":\"Organization\",\"@id\":\"https:\\\/\\\/miumjau.ee\\\/#organization\",\"name\":\"MiuMjau O\u00dc\",\"url\":\"https:\\\/\\\/miumjau.ee\\\/\",\"logo\":{\"@type\":\"ImageObject\",\"inLanguage\":\"lv-LV\",\"@id\":\"https:\\\/\\\/miumjau.ee\\\/#\\\/schema\\\/logo\\\/image\\\/\",\"url\":\"https:\\\/\\\/miumjau.ee\\\/wp-content\\\/uploads\\\/2022\\\/04\\\/MiuMjau-logo-kollane.png\",\"contentUrl\":\"https:\\\/\\\/miumjau.ee\\\/wp-content\\\/uploads\\\/2022\\\/04\\\/MiuMjau-logo-kollane.png\",\"width\":219,\"height\":100,\"caption\":\"MiuMjau O\u00dc\"},\"image\":{\"@id\":\"https:\\\/\\\/miumjau.ee\\\/#\\\/schema\\\/logo\\\/image\\\/\"},\"sameAs\":[\"https:\\\/\\\/www.facebook.com\\\/miumjaupood\\\/\"]}]}<\/script>\n<!-- \/ Yoast SEO plugin. -->","yoast_head_json":{"title":"Churu Kitten kr\u0113mveida k\u0101rumi\u0146\u0161 ka\u0137\u0113niem ar vistu 56\u202fg - MiuMjau","robots":{"index":"index","follow":"follow","max-snippet":"max-snippet:-1","max-image-preview":"max-image-preview:large","max-video-preview":"max-video-preview:-1"},"canonical":"https:\/\/miumjau.ee\/lv\/produkts\/churu-kitten-kremveida-karumins-kakeniem-ar-vistu-56-g\/","og_locale":"lv_LV","og_type":"article","og_title":"Churu Kitten kr\u0113mveida k\u0101rumi\u0146\u0161 ka\u0137\u0113niem ar vistu 56\u202fg - MiuMjau","og_description":"Graudaugiem br\u012bvs k\u0101rums ka\u0137iem \u2013 pur\u0113 ar vistu. Papildbar\u012bba ka\u0137iem. Churu pur\u0113 ka\u0137\u0113niem ar ferm\u0101s audz\u0113tu vistu, bag\u0101tin\u0101ts ar omega-3 un omega-6 tauksk\u0101b\u0113m, kas pal\u012bdz uztur\u0113t vesel\u012bgu \u0101du un ka\u017eoku. Churu pur\u0113 satur daudz mitruma, kas ir b\u016btisks ka\u0137a vesel\u012bbai. Nesatur graudaugus, konservantus vai m\u0101ksl\u012bg\u0101s kr\u0101svielas. Var izmantot da\u017e\u0101di: izspiest tie\u0161i no t\u016bbas un \u013caut ka\u0137im laiz\u012bt vai papildin\u0101t sauso bar\u012bbu. Atbalsta smadze\u0146u att\u012bst\u012bbu: DHA, kas atrodas zivju e\u013c\u013c\u0101, atbalsta smadze\u0146u un redzes att\u012bst\u012bbu, EPA veicina vesel\u012bgu aug\u0161anu un im\u016bnsist\u0113mas darb\u012bbu. Vesel\u012bga kaulu att\u012bst\u012bba: Ka\u0137\u0113niem nepiecie\u0161ams kalcijs sp\u0113c\u012bgu kaulu un zobu aug\u0161anai. Taur\u012bns un E vitam\u012bns: Taur\u012bns ir neaizvietojama aminosk\u0101be, kas pal\u012bdz saglab\u0101t norm\u0101lu redzi, sirds un nervu funkcijas. E vitam\u012bns darbojas k\u0101 antioksidants. Piedevas: E vitam\u012bns (3a700) 574\u202fmg, taur\u012bns (3a370) 360\u202fmg. Tehnolo\u0123isk\u0101s piedevas: guar gumija (E412). Sensor\u0101s piedevas: arom\u0101ti, Camelia Thea ekstrakts. Metaboliz\u0113t\u0101 ener\u0123ija: 460\u202fkcal\/kg.","og_url":"https:\/\/miumjau.ee\/lv\/produkts\/churu-kitten-kremveida-karumins-kakeniem-ar-vistu-56-g\/","og_site_name":"MiuMjau","article_publisher":"https:\/\/www.facebook.com\/miumjaupood\/","og_image":[{"width":600,"height":800,"url":"https:\/\/miumjau.ee\/wp-content\/uploads\/2024\/11\/Churu-maius-56g-kassile6.jpg","type":"image\/jpeg"}],"twitter_card":"summary_large_image","schema":{"@context":"https:\/\/schema.org","@graph":[{"@type":"WebPage","@id":"https:\/\/miumjau.ee\/lv\/produkts\/churu-kitten-kremveida-karumins-kakeniem-ar-vistu-56-g\/","url":"https:\/\/miumjau.ee\/lv\/produkts\/churu-kitten-kremveida-karumins-kakeniem-ar-vistu-56-g\/","name":"Churu Kitten kr\u0113mveida k\u0101rumi\u0146\u0161 ka\u0137\u0113niem ar vistu 56\u202fg - MiuMjau","isPartOf":{"@id":"https:\/\/miumjau.ee\/#website"},"primaryImageOfPage":{"@id":"https:\/\/miumjau.ee\/lv\/produkts\/churu-kitten-kremveida-karumins-kakeniem-ar-vistu-56-g\/#primaryimage"},"image":{"@id":"https:\/\/miumjau.ee\/lv\/produkts\/churu-kitten-kremveida-karumins-kakeniem-ar-vistu-56-g\/#primaryimage"},"thumbnailUrl":"https:\/\/miumjau.ee\/wp-content\/uploads\/2024\/11\/Churu-maius-56g-kassile6.jpg","datePublished":"2024-11-13T11:34:59+00:00","breadcrumb":{"@id":"https:\/\/miumjau.ee\/lv\/produkts\/churu-kitten-kremveida-karumins-kakeniem-ar-vistu-56-g\/#breadcrumb"},"inLanguage":"lv-LV","potentialAction":[{"@type":"ReadAction","target":["https:\/\/miumjau.ee\/lv\/produkts\/churu-kitten-kremveida-karumins-kakeniem-ar-vistu-56-g\/"]}]},{"@type":"ImageObject","inLanguage":"lv-LV","@id":"https:\/\/miumjau.ee\/lv\/produkts\/churu-kitten-kremveida-karumins-kakeniem-ar-vistu-56-g\/#primaryimage","url":"https:\/\/miumjau.ee\/wp-content\/uploads\/2024\/11\/Churu-maius-56g-kassile6.jpg","contentUrl":"https:\/\/miumjau.ee\/wp-content\/uploads\/2024\/11\/Churu-maius-56g-kassile6.jpg","width":600,"height":800},{"@type":"BreadcrumbList","@id":"https:\/\/miumjau.ee\/lv\/produkts\/churu-kitten-kremveida-karumins-kakeniem-ar-vistu-56-g\/#breadcrumb","itemListElement":[{"@type":"ListItem","position":1,"name":"Home","item":"https:\/\/miumjau.ee\/lv\/"},{"@type":"ListItem","position":2,"name":"Veikals","item":"https:\/\/miumjau.ee\/lv\/veikals\/"},{"@type":"ListItem","position":3,"name":"Churu Kitten kr\u0113mveida k\u0101rumi\u0146\u0161 ka\u0137\u0113niem ar vistu 56\u202fg"}]},{"@type":"WebSite","@id":"https:\/\/miumjau.ee\/#website","url":"https:\/\/miumjau.ee\/","name":"MiuMjau","description":"Kraapimispuud kassidele","publisher":{"@id":"https:\/\/miumjau.ee\/#organization"},"potentialAction":[{"@type":"SearchAction","target":{"@type":"EntryPoint","urlTemplate":"https:\/\/miumjau.ee\/?s={search_term_string}"},"query-input":{"@type":"PropertyValueSpecification","valueRequired":true,"valueName":"search_term_string"}}],"inLanguage":"lv-LV"},{"@type":"Organization","@id":"https:\/\/miumjau.ee\/#organization","name":"MiuMjau O\u00dc","url":"https:\/\/miumjau.ee\/","logo":{"@type":"ImageObject","inLanguage":"lv-LV","@id":"https:\/\/miumjau.ee\/#\/schema\/logo\/image\/","url":"https:\/\/miumjau.ee\/wp-content\/uploads\/2022\/04\/MiuMjau-logo-kollane.png","contentUrl":"https:\/\/miumjau.ee\/wp-content\/uploads\/2022\/04\/MiuMjau-logo-kollane.png","width":219,"height":100,"caption":"MiuMjau O\u00dc"},"image":{"@id":"https:\/\/miumjau.ee\/#\/schema\/logo\/image\/"},"sameAs":["https:\/\/www.facebook.com\/miumjaupood\/"]}]}},"_links":{"self":[{"href":"https:\/\/miumjau.ee\/lv\/wp-json\/wp\/v2\/product\/55880","targetHints":{"allow":["GET"]}}],"collection":[{"href":"https:\/\/miumjau.ee\/lv\/wp-json\/wp\/v2\/product"}],"about":[{"href":"https:\/\/miumjau.ee\/lv\/wp-json\/wp\/v2\/types\/product"}],"wp:featuredmedia":[{"embeddable":true,"href":"https:\/\/miumjau.ee\/lv\/wp-json\/wp\/v2\/media\/55866"}],"wp:attachment":[{"href":"https:\/\/miumjau.ee\/lv\/wp-json\/wp\/v2\/media?parent=55880"}],"wp:term":[{"taxonomy":"product_brand","embeddable":true,"href":"https:\/\/miumjau.ee\/lv\/wp-json\/wp\/v2\/product_brand?post=55880"},{"taxonomy":"product_cat","embeddable":true,"href":"https:\/\/miumjau.ee\/lv\/wp-json\/wp\/v2\/product_cat?post=55880"},{"taxonomy":"product_tag","embeddable":true,"href":"https:\/\/miumjau.ee\/lv\/wp-json\/wp\/v2\/product_tag?post=55880"}],"curies":[{"name":"wp","href":"https:\/\/api.w.org\/{rel}","templated":true}]}}