{"id":55860,"date":"2024-11-13T13:33:10","date_gmt":"2024-11-13T11:33:10","guid":{"rendered":"https:\/\/miumjau.ee\/toode\/churu-hairball-kremveida-karumins-kakiem-ar-tunci-56-g\/"},"modified":"2024-11-13T13:33:10","modified_gmt":"2024-11-13T11:33:10","slug":"churu-hairball-kremveida-karumins-kakiem-ar-tunci-56-g","status":"publish","type":"product","link":"https:\/\/miumjau.ee\/lv\/produkts\/churu-hairball-kremveida-karumins-kakiem-ar-tunci-56-g\/","title":{"rendered":"Churu Hairball kr\u0113mveida k\u0101rumi\u0146\u0161 ka\u0137iem ar tunci 56\u202fg"},"content":{"rendered":"","protected":false},"excerpt":{"rendered":"<p data-start=\"179\" data-end=\"317\">Graudaugiem br\u012bvs funkcion\u0101ls k\u0101rums ka\u0137iem, kas paredz\u0113ts, lai samazin\u0101tu matu bumbi\u0146u veido\u0161anos \u2013 pur\u0113 ar tunci. Papildbar\u012bba ka\u0137iem.<\/p>\n<p data-start=\"319\" data-end=\"594\">Churu pur\u0113 ka\u0137iem ar tunci, kas pal\u012bdz samazin\u0101t matu bumbi\u0146as. Churu pur\u0113 satur daudz mitruma, kas ir b\u016btisks ka\u0137a vesel\u012bbai. Tie ar\u012b nesatur graudaugus un m\u0101ksl\u012bg\u0101s kr\u0101svielas. Var izmantot da\u017e\u0101di: izspiest tie\u0161i no t\u016bbas un \u013caut ka\u0137im laiz\u012bt vai papildin\u0101t sauso bar\u012bbu.<\/p>\n<p data-start=\"596\" data-end=\"735\"><strong data-start=\"596\" data-end=\"627\">Veicina vesel\u012bgu gremo\u0161anu:<\/strong> ne\u0161\u0137\u012bsto\u0161\u0101s augu \u0161\u0137iedras pal\u012bdz uztur\u0113t vesel\u012bgu gremo\u0161anas traktu un kontrol\u0113t matu bumbi\u0146u veido\u0161anos.<\/p>\n<p data-start=\"737\" data-end=\"902\"><strong data-start=\"737\" data-end=\"763\">Taur\u012bns un E vitam\u012bns:<\/strong> taur\u012bns ir b\u016btiska aminosk\u0101be, kas pal\u012bdz ka\u0137iem saglab\u0101t norm\u0101lu redzi, sirds un nervu funkcijas. E vitam\u012bns darbojas k\u0101 antioksidants.<\/p>\n<p data-start=\"904\" data-end=\"1085\"><strong data-start=\"904\" data-end=\"930\">Augsts mitruma saturs:<\/strong> ka\u0137i dabiski nedzer tik daudz \u016bdens k\u0101 su\u0146i. Vi\u0146iem vajadz\u012bgs mitruma bag\u0101ts \u0113diens, lai atbalst\u012btu norm\u0101las \u0137erme\u0146a funkcijas un saglab\u0101tu hidrat\u0101ciju.<\/p>\n<p data-start=\"1087\" data-end=\"1249\"><strong data-start=\"1087\" data-end=\"1100\">Piedevas:<\/strong> E vitam\u012bns (3a700) 574\u202fmg, taur\u012bns (3a370) 356\u202fmg. Tehnolo\u0123isk\u0101s piedevas: guar gumija (E412). Sensor\u0101s piedevas: arom\u0101ti, Camelia Thea ekstrakts.<\/p>\n<p data-start=\"1251\" data-end=\"1292\"><strong data-start=\"1251\" data-end=\"1277\">Metaboliz\u0113t\u0101 ener\u0123ija:<\/strong> 440\u202fkcal\/kg.<\/p>\n","protected":false},"featured_media":55863,"template":"","meta":[],"product_brand":[],"product_cat":[570],"product_tag":[],"class_list":{"0":"post-55860","1":"product","2":"type-product","3":"status-publish","4":"has-post-thumbnail","6":"product_cat-naski","8":"first","9":"instock","10":"sale","11":"taxable","12":"shipping-taxable","13":"purchasable","14":"product-type-simple"},"yoast_head":"<!-- This site is optimized with the Yoast SEO plugin v27.4 - https:\/\/yoast.com\/product\/yoast-seo-wordpress\/ -->\n<title>Churu Hairball kr\u0113mveida k\u0101rumi\u0146\u0161 ka\u0137iem ar tunci 56\u202fg - MiuMjau<\/title>\n<meta name=\"robots\" content=\"index, follow, max-snippet:-1, max-image-preview:large, max-video-preview:-1\" \/>\n<link rel=\"canonical\" href=\"https:\/\/miumjau.ee\/lv\/produkts\/churu-hairball-kremveida-karumins-kakiem-ar-tunci-56-g\/\" \/>\n<meta property=\"og:locale\" content=\"lv_LV\" \/>\n<meta property=\"og:type\" content=\"article\" \/>\n<meta property=\"og:title\" content=\"Churu Hairball kr\u0113mveida k\u0101rumi\u0146\u0161 ka\u0137iem ar tunci 56\u202fg - MiuMjau\" \/>\n<meta property=\"og:description\" content=\"Graudaugiem br\u012bvs funkcion\u0101ls k\u0101rums ka\u0137iem, kas paredz\u0113ts, lai samazin\u0101tu matu bumbi\u0146u veido\u0161anos \u2013 pur\u0113 ar tunci. Papildbar\u012bba ka\u0137iem. Churu pur\u0113 ka\u0137iem ar tunci, kas pal\u012bdz samazin\u0101t matu bumbi\u0146as. Churu pur\u0113 satur daudz mitruma, kas ir b\u016btisks ka\u0137a vesel\u012bbai. Tie ar\u012b nesatur graudaugus un m\u0101ksl\u012bg\u0101s kr\u0101svielas. Var izmantot da\u017e\u0101di: izspiest tie\u0161i no t\u016bbas un \u013caut ka\u0137im laiz\u012bt vai papildin\u0101t sauso bar\u012bbu. Veicina vesel\u012bgu gremo\u0161anu: ne\u0161\u0137\u012bsto\u0161\u0101s augu \u0161\u0137iedras pal\u012bdz uztur\u0113t vesel\u012bgu gremo\u0161anas traktu un kontrol\u0113t matu bumbi\u0146u veido\u0161anos. Taur\u012bns un E vitam\u012bns: taur\u012bns ir b\u016btiska aminosk\u0101be, kas pal\u012bdz ka\u0137iem saglab\u0101t norm\u0101lu redzi, sirds un nervu funkcijas. E vitam\u012bns darbojas k\u0101 antioksidants. Augsts mitruma saturs: ka\u0137i dabiski nedzer tik daudz \u016bdens k\u0101 su\u0146i. Vi\u0146iem vajadz\u012bgs mitruma bag\u0101ts \u0113diens, lai atbalst\u012btu norm\u0101las \u0137erme\u0146a funkcijas un saglab\u0101tu hidrat\u0101ciju. Piedevas: E vitam\u012bns (3a700) 574\u202fmg, taur\u012bns (3a370) 356\u202fmg. Tehnolo\u0123isk\u0101s piedevas: guar gumija (E412). Sensor\u0101s piedevas: arom\u0101ti, Camelia Thea ekstrakts. Metaboliz\u0113t\u0101 ener\u0123ija: 440\u202fkcal\/kg.\" \/>\n<meta property=\"og:url\" content=\"https:\/\/miumjau.ee\/lv\/produkts\/churu-hairball-kremveida-karumins-kakiem-ar-tunci-56-g\/\" \/>\n<meta property=\"og:site_name\" content=\"MiuMjau\" \/>\n<meta property=\"article:publisher\" content=\"https:\/\/www.facebook.com\/miumjaupood\/\" \/>\n<meta property=\"og:image\" content=\"https:\/\/miumjau.ee\/wp-content\/uploads\/2024\/11\/Churu-maius-56g-kassile3.jpg\" \/>\n\t<meta property=\"og:image:width\" content=\"600\" \/>\n\t<meta property=\"og:image:height\" content=\"800\" \/>\n\t<meta property=\"og:image:type\" content=\"image\/jpeg\" \/>\n<meta name=\"twitter:card\" content=\"summary_large_image\" \/>\n<script type=\"application\/ld+json\" class=\"yoast-schema-graph\">{\"@context\":\"https:\\\/\\\/schema.org\",\"@graph\":[{\"@type\":\"WebPage\",\"@id\":\"https:\\\/\\\/miumjau.ee\\\/lv\\\/produkts\\\/churu-hairball-kremveida-karumins-kakiem-ar-tunci-56-g\\\/\",\"url\":\"https:\\\/\\\/miumjau.ee\\\/lv\\\/produkts\\\/churu-hairball-kremveida-karumins-kakiem-ar-tunci-56-g\\\/\",\"name\":\"Churu Hairball kr\u0113mveida k\u0101rumi\u0146\u0161 ka\u0137iem ar tunci 56\u202fg - MiuMjau\",\"isPartOf\":{\"@id\":\"https:\\\/\\\/miumjau.ee\\\/#website\"},\"primaryImageOfPage\":{\"@id\":\"https:\\\/\\\/miumjau.ee\\\/lv\\\/produkts\\\/churu-hairball-kremveida-karumins-kakiem-ar-tunci-56-g\\\/#primaryimage\"},\"image\":{\"@id\":\"https:\\\/\\\/miumjau.ee\\\/lv\\\/produkts\\\/churu-hairball-kremveida-karumins-kakiem-ar-tunci-56-g\\\/#primaryimage\"},\"thumbnailUrl\":\"https:\\\/\\\/miumjau.ee\\\/wp-content\\\/uploads\\\/2024\\\/11\\\/Churu-maius-56g-kassile3.jpg\",\"datePublished\":\"2024-11-13T11:33:10+00:00\",\"breadcrumb\":{\"@id\":\"https:\\\/\\\/miumjau.ee\\\/lv\\\/produkts\\\/churu-hairball-kremveida-karumins-kakiem-ar-tunci-56-g\\\/#breadcrumb\"},\"inLanguage\":\"lv-LV\",\"potentialAction\":[{\"@type\":\"ReadAction\",\"target\":[\"https:\\\/\\\/miumjau.ee\\\/lv\\\/produkts\\\/churu-hairball-kremveida-karumins-kakiem-ar-tunci-56-g\\\/\"]}]},{\"@type\":\"ImageObject\",\"inLanguage\":\"lv-LV\",\"@id\":\"https:\\\/\\\/miumjau.ee\\\/lv\\\/produkts\\\/churu-hairball-kremveida-karumins-kakiem-ar-tunci-56-g\\\/#primaryimage\",\"url\":\"https:\\\/\\\/miumjau.ee\\\/wp-content\\\/uploads\\\/2024\\\/11\\\/Churu-maius-56g-kassile3.jpg\",\"contentUrl\":\"https:\\\/\\\/miumjau.ee\\\/wp-content\\\/uploads\\\/2024\\\/11\\\/Churu-maius-56g-kassile3.jpg\",\"width\":600,\"height\":800},{\"@type\":\"BreadcrumbList\",\"@id\":\"https:\\\/\\\/miumjau.ee\\\/lv\\\/produkts\\\/churu-hairball-kremveida-karumins-kakiem-ar-tunci-56-g\\\/#breadcrumb\",\"itemListElement\":[{\"@type\":\"ListItem\",\"position\":1,\"name\":\"Home\",\"item\":\"https:\\\/\\\/miumjau.ee\\\/lv\\\/\"},{\"@type\":\"ListItem\",\"position\":2,\"name\":\"Veikals\",\"item\":\"https:\\\/\\\/miumjau.ee\\\/lv\\\/veikals\\\/\"},{\"@type\":\"ListItem\",\"position\":3,\"name\":\"Churu Hairball kr\u0113mveida k\u0101rumi\u0146\u0161 ka\u0137iem ar tunci 56\u202fg\"}]},{\"@type\":\"WebSite\",\"@id\":\"https:\\\/\\\/miumjau.ee\\\/#website\",\"url\":\"https:\\\/\\\/miumjau.ee\\\/\",\"name\":\"MiuMjau\",\"description\":\"Kraapimispuud kassidele\",\"publisher\":{\"@id\":\"https:\\\/\\\/miumjau.ee\\\/#organization\"},\"potentialAction\":[{\"@type\":\"SearchAction\",\"target\":{\"@type\":\"EntryPoint\",\"urlTemplate\":\"https:\\\/\\\/miumjau.ee\\\/?s={search_term_string}\"},\"query-input\":{\"@type\":\"PropertyValueSpecification\",\"valueRequired\":true,\"valueName\":\"search_term_string\"}}],\"inLanguage\":\"lv-LV\"},{\"@type\":\"Organization\",\"@id\":\"https:\\\/\\\/miumjau.ee\\\/#organization\",\"name\":\"MiuMjau O\u00dc\",\"url\":\"https:\\\/\\\/miumjau.ee\\\/\",\"logo\":{\"@type\":\"ImageObject\",\"inLanguage\":\"lv-LV\",\"@id\":\"https:\\\/\\\/miumjau.ee\\\/#\\\/schema\\\/logo\\\/image\\\/\",\"url\":\"https:\\\/\\\/miumjau.ee\\\/wp-content\\\/uploads\\\/2022\\\/04\\\/MiuMjau-logo-kollane.png\",\"contentUrl\":\"https:\\\/\\\/miumjau.ee\\\/wp-content\\\/uploads\\\/2022\\\/04\\\/MiuMjau-logo-kollane.png\",\"width\":219,\"height\":100,\"caption\":\"MiuMjau O\u00dc\"},\"image\":{\"@id\":\"https:\\\/\\\/miumjau.ee\\\/#\\\/schema\\\/logo\\\/image\\\/\"},\"sameAs\":[\"https:\\\/\\\/www.facebook.com\\\/miumjaupood\\\/\"]}]}<\/script>\n<!-- \/ Yoast SEO plugin. -->","yoast_head_json":{"title":"Churu Hairball kr\u0113mveida k\u0101rumi\u0146\u0161 ka\u0137iem ar tunci 56\u202fg - MiuMjau","robots":{"index":"index","follow":"follow","max-snippet":"max-snippet:-1","max-image-preview":"max-image-preview:large","max-video-preview":"max-video-preview:-1"},"canonical":"https:\/\/miumjau.ee\/lv\/produkts\/churu-hairball-kremveida-karumins-kakiem-ar-tunci-56-g\/","og_locale":"lv_LV","og_type":"article","og_title":"Churu Hairball kr\u0113mveida k\u0101rumi\u0146\u0161 ka\u0137iem ar tunci 56\u202fg - MiuMjau","og_description":"Graudaugiem br\u012bvs funkcion\u0101ls k\u0101rums ka\u0137iem, kas paredz\u0113ts, lai samazin\u0101tu matu bumbi\u0146u veido\u0161anos \u2013 pur\u0113 ar tunci. Papildbar\u012bba ka\u0137iem. Churu pur\u0113 ka\u0137iem ar tunci, kas pal\u012bdz samazin\u0101t matu bumbi\u0146as. Churu pur\u0113 satur daudz mitruma, kas ir b\u016btisks ka\u0137a vesel\u012bbai. Tie ar\u012b nesatur graudaugus un m\u0101ksl\u012bg\u0101s kr\u0101svielas. Var izmantot da\u017e\u0101di: izspiest tie\u0161i no t\u016bbas un \u013caut ka\u0137im laiz\u012bt vai papildin\u0101t sauso bar\u012bbu. Veicina vesel\u012bgu gremo\u0161anu: ne\u0161\u0137\u012bsto\u0161\u0101s augu \u0161\u0137iedras pal\u012bdz uztur\u0113t vesel\u012bgu gremo\u0161anas traktu un kontrol\u0113t matu bumbi\u0146u veido\u0161anos. Taur\u012bns un E vitam\u012bns: taur\u012bns ir b\u016btiska aminosk\u0101be, kas pal\u012bdz ka\u0137iem saglab\u0101t norm\u0101lu redzi, sirds un nervu funkcijas. E vitam\u012bns darbojas k\u0101 antioksidants. Augsts mitruma saturs: ka\u0137i dabiski nedzer tik daudz \u016bdens k\u0101 su\u0146i. Vi\u0146iem vajadz\u012bgs mitruma bag\u0101ts \u0113diens, lai atbalst\u012btu norm\u0101las \u0137erme\u0146a funkcijas un saglab\u0101tu hidrat\u0101ciju. Piedevas: E vitam\u012bns (3a700) 574\u202fmg, taur\u012bns (3a370) 356\u202fmg. Tehnolo\u0123isk\u0101s piedevas: guar gumija (E412). Sensor\u0101s piedevas: arom\u0101ti, Camelia Thea ekstrakts. Metaboliz\u0113t\u0101 ener\u0123ija: 440\u202fkcal\/kg.","og_url":"https:\/\/miumjau.ee\/lv\/produkts\/churu-hairball-kremveida-karumins-kakiem-ar-tunci-56-g\/","og_site_name":"MiuMjau","article_publisher":"https:\/\/www.facebook.com\/miumjaupood\/","og_image":[{"width":600,"height":800,"url":"https:\/\/miumjau.ee\/wp-content\/uploads\/2024\/11\/Churu-maius-56g-kassile3.jpg","type":"image\/jpeg"}],"twitter_card":"summary_large_image","schema":{"@context":"https:\/\/schema.org","@graph":[{"@type":"WebPage","@id":"https:\/\/miumjau.ee\/lv\/produkts\/churu-hairball-kremveida-karumins-kakiem-ar-tunci-56-g\/","url":"https:\/\/miumjau.ee\/lv\/produkts\/churu-hairball-kremveida-karumins-kakiem-ar-tunci-56-g\/","name":"Churu Hairball kr\u0113mveida k\u0101rumi\u0146\u0161 ka\u0137iem ar tunci 56\u202fg - MiuMjau","isPartOf":{"@id":"https:\/\/miumjau.ee\/#website"},"primaryImageOfPage":{"@id":"https:\/\/miumjau.ee\/lv\/produkts\/churu-hairball-kremveida-karumins-kakiem-ar-tunci-56-g\/#primaryimage"},"image":{"@id":"https:\/\/miumjau.ee\/lv\/produkts\/churu-hairball-kremveida-karumins-kakiem-ar-tunci-56-g\/#primaryimage"},"thumbnailUrl":"https:\/\/miumjau.ee\/wp-content\/uploads\/2024\/11\/Churu-maius-56g-kassile3.jpg","datePublished":"2024-11-13T11:33:10+00:00","breadcrumb":{"@id":"https:\/\/miumjau.ee\/lv\/produkts\/churu-hairball-kremveida-karumins-kakiem-ar-tunci-56-g\/#breadcrumb"},"inLanguage":"lv-LV","potentialAction":[{"@type":"ReadAction","target":["https:\/\/miumjau.ee\/lv\/produkts\/churu-hairball-kremveida-karumins-kakiem-ar-tunci-56-g\/"]}]},{"@type":"ImageObject","inLanguage":"lv-LV","@id":"https:\/\/miumjau.ee\/lv\/produkts\/churu-hairball-kremveida-karumins-kakiem-ar-tunci-56-g\/#primaryimage","url":"https:\/\/miumjau.ee\/wp-content\/uploads\/2024\/11\/Churu-maius-56g-kassile3.jpg","contentUrl":"https:\/\/miumjau.ee\/wp-content\/uploads\/2024\/11\/Churu-maius-56g-kassile3.jpg","width":600,"height":800},{"@type":"BreadcrumbList","@id":"https:\/\/miumjau.ee\/lv\/produkts\/churu-hairball-kremveida-karumins-kakiem-ar-tunci-56-g\/#breadcrumb","itemListElement":[{"@type":"ListItem","position":1,"name":"Home","item":"https:\/\/miumjau.ee\/lv\/"},{"@type":"ListItem","position":2,"name":"Veikals","item":"https:\/\/miumjau.ee\/lv\/veikals\/"},{"@type":"ListItem","position":3,"name":"Churu Hairball kr\u0113mveida k\u0101rumi\u0146\u0161 ka\u0137iem ar tunci 56\u202fg"}]},{"@type":"WebSite","@id":"https:\/\/miumjau.ee\/#website","url":"https:\/\/miumjau.ee\/","name":"MiuMjau","description":"Kraapimispuud kassidele","publisher":{"@id":"https:\/\/miumjau.ee\/#organization"},"potentialAction":[{"@type":"SearchAction","target":{"@type":"EntryPoint","urlTemplate":"https:\/\/miumjau.ee\/?s={search_term_string}"},"query-input":{"@type":"PropertyValueSpecification","valueRequired":true,"valueName":"search_term_string"}}],"inLanguage":"lv-LV"},{"@type":"Organization","@id":"https:\/\/miumjau.ee\/#organization","name":"MiuMjau O\u00dc","url":"https:\/\/miumjau.ee\/","logo":{"@type":"ImageObject","inLanguage":"lv-LV","@id":"https:\/\/miumjau.ee\/#\/schema\/logo\/image\/","url":"https:\/\/miumjau.ee\/wp-content\/uploads\/2022\/04\/MiuMjau-logo-kollane.png","contentUrl":"https:\/\/miumjau.ee\/wp-content\/uploads\/2022\/04\/MiuMjau-logo-kollane.png","width":219,"height":100,"caption":"MiuMjau O\u00dc"},"image":{"@id":"https:\/\/miumjau.ee\/#\/schema\/logo\/image\/"},"sameAs":["https:\/\/www.facebook.com\/miumjaupood\/"]}]}},"_links":{"self":[{"href":"https:\/\/miumjau.ee\/lv\/wp-json\/wp\/v2\/product\/55860","targetHints":{"allow":["GET"]}}],"collection":[{"href":"https:\/\/miumjau.ee\/lv\/wp-json\/wp\/v2\/product"}],"about":[{"href":"https:\/\/miumjau.ee\/lv\/wp-json\/wp\/v2\/types\/product"}],"wp:featuredmedia":[{"embeddable":true,"href":"https:\/\/miumjau.ee\/lv\/wp-json\/wp\/v2\/media\/55863"}],"wp:attachment":[{"href":"https:\/\/miumjau.ee\/lv\/wp-json\/wp\/v2\/media?parent=55860"}],"wp:term":[{"taxonomy":"product_brand","embeddable":true,"href":"https:\/\/miumjau.ee\/lv\/wp-json\/wp\/v2\/product_brand?post=55860"},{"taxonomy":"product_cat","embeddable":true,"href":"https:\/\/miumjau.ee\/lv\/wp-json\/wp\/v2\/product_cat?post=55860"},{"taxonomy":"product_tag","embeddable":true,"href":"https:\/\/miumjau.ee\/lv\/wp-json\/wp\/v2\/product_tag?post=55860"}],"curies":[{"name":"wp","href":"https:\/\/api.w.org\/{rel}","templated":true}]}}