{"id":55856,"date":"2024-11-13T19:48:49","date_gmt":"2024-11-13T17:48:49","guid":{"rendered":"https:\/\/miumjau.ee\/toode\/ontario-vistas-dzeriens-kakeniem-135-g\/"},"modified":"2024-11-13T19:48:49","modified_gmt":"2024-11-13T17:48:49","slug":"ontario-vistas-dzeriens-kakeniem-135-g","status":"publish","type":"product","link":"https:\/\/miumjau.ee\/lv\/produkts\/ontario-vistas-dzeriens-kakeniem-135-g\/","title":{"rendered":"Ontario vistas dz\u0113riens ka\u0137\u0113niem 135\u202fg"},"content":{"rendered":"","protected":false},"excerpt":{"rendered":"<p data-start=\"149\" data-end=\"347\">ONTARIO kitten vistas dz\u0113riens \u2013 papildbar\u012bba ka\u0137\u0113niem ar vistas gabali\u0146iem. Pal\u012bdz nov\u0113rst nierakme\u0146u veido\u0161anos. Pietiekams \u0161\u0137idruma daudzums organism\u0101 ir svar\u012bgs gan cilv\u0113kiem, gan dz\u012bvniekiem.<\/p>\n<p data-start=\"349\" data-end=\"707\">Dz\u0113riens ka\u0137\u0113niem burk\u0101, kas nodro\u0161ina ikdienas \u0161\u0137idruma pat\u0113ri\u0146u un pal\u012bdz nov\u0113rst nierakme\u0146u veido\u0161anos.<br data-start=\"455\" data-end=\"458\" \/>Recepte balst\u012bta uz gardu sulu ar maziem svaigas ga\u013cas gabali\u0146iem.<br data-start=\"524\" data-end=\"527\" \/>Var pasniegt kop\u0101 ar sauso bar\u012bbu vai k\u0101 vesel\u012bgu uzkodu starp \u0113dienreiz\u0113m.<br data-start=\"602\" data-end=\"605\" \/>100% sast\u0101va garantija \u2013 zin\u0101si prec\u012bzi, ko dod savai ka\u0137enei.<br data-start=\"667\" data-end=\"670\" \/>Satur tikai dabisk\u0101s kr\u0101sas vielas.<\/p>\n<p data-start=\"709\" data-end=\"735\"><strong data-start=\"709\" data-end=\"727\">Neto daudzums:<\/strong> 135\u202fg<\/p>\n<p data-start=\"737\" data-end=\"927\"><strong data-start=\"737\" data-end=\"753\">Sast\u0101vda\u013cas:<\/strong> \u016bdens 92,69%, vistas ga\u013ca 5%, zivju buljons 0,77%, biezin\u0101t\u0101js 0,67%, saulespu\u0137u e\u013c\u013ca 0,57%, kartupe\u013cu ciete 0,19%, tunzivju e\u013c\u013ca 0,09%, paprika (sarkan\u0101 kr\u0101sviela) 0,02%.<\/p>\n<p data-start=\"929\" data-end=\"1069\"><strong data-start=\"929\" data-end=\"956\">Anal\u012btiskie komponenti:<\/strong><br data-start=\"956\" data-end=\"959\" \/>Toorprote\u012bns vismaz 1,6%, tauki vismaz 1,1%, \u0161\u0137iedrvielas maksimums 0,5%, pelni 0,5%, mitrums maksimums 96%.<\/p>\n<p data-start=\"1071\" data-end=\"1366\"><strong data-start=\"1071\" data-end=\"1096\">Baro\u0161anas nor\u0101d\u012bjumi:<\/strong><br data-start=\"1096\" data-end=\"1099\" \/>2 dienu burkas saturu sadal\u012bt 3\u20134 porcij\u0101s. P\u0113c atv\u0113r\u0161anas uzglab\u0101t ledusskap\u012b un izmantot 2 dienu laik\u0101. Stundu pirms pasnieg\u0161anas iz\u0146emt burku un \u013caut sasilt istabas temperat\u016br\u0101. Ja baro tikai ar sauso bar\u012bbu, dz\u0113riena daudzums var atbilst dienas \u0161\u0137idruma normai.<\/p>\n","protected":false},"featured_media":55848,"template":"","meta":[],"product_brand":[],"product_cat":[571],"product_tag":[],"class_list":{"0":"post-55856","1":"product","2":"type-product","3":"status-publish","4":"has-post-thumbnail","6":"product_cat-mitra-bariba","8":"first","9":"instock","10":"sale","11":"taxable","12":"shipping-taxable","13":"purchasable","14":"product-type-simple"},"yoast_head":"<!-- This site is optimized with the Yoast SEO plugin v27.4 - https:\/\/yoast.com\/product\/yoast-seo-wordpress\/ -->\n<title>Ontario vistas dz\u0113riens ka\u0137\u0113niem 135\u202fg - MiuMjau<\/title>\n<meta name=\"robots\" content=\"index, follow, max-snippet:-1, max-image-preview:large, max-video-preview:-1\" \/>\n<link rel=\"canonical\" href=\"https:\/\/miumjau.ee\/lv\/produkts\/ontario-vistas-dzeriens-kakeniem-135-g\/\" \/>\n<meta property=\"og:locale\" content=\"lv_LV\" \/>\n<meta property=\"og:type\" content=\"article\" \/>\n<meta property=\"og:title\" content=\"Ontario vistas dz\u0113riens ka\u0137\u0113niem 135\u202fg - MiuMjau\" \/>\n<meta property=\"og:description\" content=\"ONTARIO kitten vistas dz\u0113riens \u2013 papildbar\u012bba ka\u0137\u0113niem ar vistas gabali\u0146iem. Pal\u012bdz nov\u0113rst nierakme\u0146u veido\u0161anos. Pietiekams \u0161\u0137idruma daudzums organism\u0101 ir svar\u012bgs gan cilv\u0113kiem, gan dz\u012bvniekiem. Dz\u0113riens ka\u0137\u0113niem burk\u0101, kas nodro\u0161ina ikdienas \u0161\u0137idruma pat\u0113ri\u0146u un pal\u012bdz nov\u0113rst nierakme\u0146u veido\u0161anos.Recepte balst\u012bta uz gardu sulu ar maziem svaigas ga\u013cas gabali\u0146iem.Var pasniegt kop\u0101 ar sauso bar\u012bbu vai k\u0101 vesel\u012bgu uzkodu starp \u0113dienreiz\u0113m.100% sast\u0101va garantija \u2013 zin\u0101si prec\u012bzi, ko dod savai ka\u0137enei.Satur tikai dabisk\u0101s kr\u0101sas vielas. Neto daudzums: 135\u202fg Sast\u0101vda\u013cas: \u016bdens 92,69%, vistas ga\u013ca 5%, zivju buljons 0,77%, biezin\u0101t\u0101js 0,67%, saulespu\u0137u e\u013c\u013ca 0,57%, kartupe\u013cu ciete 0,19%, tunzivju e\u013c\u013ca 0,09%, paprika (sarkan\u0101 kr\u0101sviela) 0,02%. Anal\u012btiskie komponenti:Toorprote\u012bns vismaz 1,6%, tauki vismaz 1,1%, \u0161\u0137iedrvielas maksimums 0,5%, pelni 0,5%, mitrums maksimums 96%. Baro\u0161anas nor\u0101d\u012bjumi:2 dienu burkas saturu sadal\u012bt 3\u20134 porcij\u0101s. P\u0113c atv\u0113r\u0161anas uzglab\u0101t ledusskap\u012b un izmantot 2 dienu laik\u0101. Stundu pirms pasnieg\u0161anas iz\u0146emt burku un \u013caut sasilt istabas temperat\u016br\u0101. Ja baro tikai ar sauso bar\u012bbu, dz\u0113riena daudzums var atbilst dienas \u0161\u0137idruma normai.\" \/>\n<meta property=\"og:url\" content=\"https:\/\/miumjau.ee\/lv\/produkts\/ontario-vistas-dzeriens-kakeniem-135-g\/\" \/>\n<meta property=\"og:site_name\" content=\"MiuMjau\" \/>\n<meta property=\"article:publisher\" content=\"https:\/\/www.facebook.com\/miumjaupood\/\" \/>\n<meta property=\"og:image\" content=\"https:\/\/miumjau.ee\/wp-content\/uploads\/2024\/11\/ontario-supp-kassidele-135g7.jpg\" \/>\n\t<meta property=\"og:image:width\" content=\"600\" \/>\n\t<meta property=\"og:image:height\" content=\"800\" \/>\n\t<meta property=\"og:image:type\" content=\"image\/jpeg\" \/>\n<meta name=\"twitter:card\" content=\"summary_large_image\" \/>\n<script type=\"application\/ld+json\" class=\"yoast-schema-graph\">{\"@context\":\"https:\\\/\\\/schema.org\",\"@graph\":[{\"@type\":\"WebPage\",\"@id\":\"https:\\\/\\\/miumjau.ee\\\/lv\\\/produkts\\\/ontario-vistas-dzeriens-kakeniem-135-g\\\/\",\"url\":\"https:\\\/\\\/miumjau.ee\\\/lv\\\/produkts\\\/ontario-vistas-dzeriens-kakeniem-135-g\\\/\",\"name\":\"Ontario vistas dz\u0113riens ka\u0137\u0113niem 135\u202fg - MiuMjau\",\"isPartOf\":{\"@id\":\"https:\\\/\\\/miumjau.ee\\\/#website\"},\"primaryImageOfPage\":{\"@id\":\"https:\\\/\\\/miumjau.ee\\\/lv\\\/produkts\\\/ontario-vistas-dzeriens-kakeniem-135-g\\\/#primaryimage\"},\"image\":{\"@id\":\"https:\\\/\\\/miumjau.ee\\\/lv\\\/produkts\\\/ontario-vistas-dzeriens-kakeniem-135-g\\\/#primaryimage\"},\"thumbnailUrl\":\"https:\\\/\\\/miumjau.ee\\\/wp-content\\\/uploads\\\/2024\\\/11\\\/ontario-supp-kassidele-135g7.jpg\",\"datePublished\":\"2024-11-13T17:48:49+00:00\",\"breadcrumb\":{\"@id\":\"https:\\\/\\\/miumjau.ee\\\/lv\\\/produkts\\\/ontario-vistas-dzeriens-kakeniem-135-g\\\/#breadcrumb\"},\"inLanguage\":\"lv-LV\",\"potentialAction\":[{\"@type\":\"ReadAction\",\"target\":[\"https:\\\/\\\/miumjau.ee\\\/lv\\\/produkts\\\/ontario-vistas-dzeriens-kakeniem-135-g\\\/\"]}]},{\"@type\":\"ImageObject\",\"inLanguage\":\"lv-LV\",\"@id\":\"https:\\\/\\\/miumjau.ee\\\/lv\\\/produkts\\\/ontario-vistas-dzeriens-kakeniem-135-g\\\/#primaryimage\",\"url\":\"https:\\\/\\\/miumjau.ee\\\/wp-content\\\/uploads\\\/2024\\\/11\\\/ontario-supp-kassidele-135g7.jpg\",\"contentUrl\":\"https:\\\/\\\/miumjau.ee\\\/wp-content\\\/uploads\\\/2024\\\/11\\\/ontario-supp-kassidele-135g7.jpg\",\"width\":600,\"height\":800},{\"@type\":\"BreadcrumbList\",\"@id\":\"https:\\\/\\\/miumjau.ee\\\/lv\\\/produkts\\\/ontario-vistas-dzeriens-kakeniem-135-g\\\/#breadcrumb\",\"itemListElement\":[{\"@type\":\"ListItem\",\"position\":1,\"name\":\"Home\",\"item\":\"https:\\\/\\\/miumjau.ee\\\/lv\\\/\"},{\"@type\":\"ListItem\",\"position\":2,\"name\":\"Veikals\",\"item\":\"https:\\\/\\\/miumjau.ee\\\/lv\\\/veikals\\\/\"},{\"@type\":\"ListItem\",\"position\":3,\"name\":\"Ontario vistas dz\u0113riens ka\u0137\u0113niem 135\u202fg\"}]},{\"@type\":\"WebSite\",\"@id\":\"https:\\\/\\\/miumjau.ee\\\/#website\",\"url\":\"https:\\\/\\\/miumjau.ee\\\/\",\"name\":\"MiuMjau\",\"description\":\"Kraapimispuud kassidele\",\"publisher\":{\"@id\":\"https:\\\/\\\/miumjau.ee\\\/#organization\"},\"potentialAction\":[{\"@type\":\"SearchAction\",\"target\":{\"@type\":\"EntryPoint\",\"urlTemplate\":\"https:\\\/\\\/miumjau.ee\\\/?s={search_term_string}\"},\"query-input\":{\"@type\":\"PropertyValueSpecification\",\"valueRequired\":true,\"valueName\":\"search_term_string\"}}],\"inLanguage\":\"lv-LV\"},{\"@type\":\"Organization\",\"@id\":\"https:\\\/\\\/miumjau.ee\\\/#organization\",\"name\":\"MiuMjau O\u00dc\",\"url\":\"https:\\\/\\\/miumjau.ee\\\/\",\"logo\":{\"@type\":\"ImageObject\",\"inLanguage\":\"lv-LV\",\"@id\":\"https:\\\/\\\/miumjau.ee\\\/#\\\/schema\\\/logo\\\/image\\\/\",\"url\":\"https:\\\/\\\/miumjau.ee\\\/wp-content\\\/uploads\\\/2022\\\/04\\\/MiuMjau-logo-kollane.png\",\"contentUrl\":\"https:\\\/\\\/miumjau.ee\\\/wp-content\\\/uploads\\\/2022\\\/04\\\/MiuMjau-logo-kollane.png\",\"width\":219,\"height\":100,\"caption\":\"MiuMjau O\u00dc\"},\"image\":{\"@id\":\"https:\\\/\\\/miumjau.ee\\\/#\\\/schema\\\/logo\\\/image\\\/\"},\"sameAs\":[\"https:\\\/\\\/www.facebook.com\\\/miumjaupood\\\/\"]}]}<\/script>\n<!-- \/ Yoast SEO plugin. -->","yoast_head_json":{"title":"Ontario vistas dz\u0113riens ka\u0137\u0113niem 135\u202fg - MiuMjau","robots":{"index":"index","follow":"follow","max-snippet":"max-snippet:-1","max-image-preview":"max-image-preview:large","max-video-preview":"max-video-preview:-1"},"canonical":"https:\/\/miumjau.ee\/lv\/produkts\/ontario-vistas-dzeriens-kakeniem-135-g\/","og_locale":"lv_LV","og_type":"article","og_title":"Ontario vistas dz\u0113riens ka\u0137\u0113niem 135\u202fg - MiuMjau","og_description":"ONTARIO kitten vistas dz\u0113riens \u2013 papildbar\u012bba ka\u0137\u0113niem ar vistas gabali\u0146iem. Pal\u012bdz nov\u0113rst nierakme\u0146u veido\u0161anos. Pietiekams \u0161\u0137idruma daudzums organism\u0101 ir svar\u012bgs gan cilv\u0113kiem, gan dz\u012bvniekiem. Dz\u0113riens ka\u0137\u0113niem burk\u0101, kas nodro\u0161ina ikdienas \u0161\u0137idruma pat\u0113ri\u0146u un pal\u012bdz nov\u0113rst nierakme\u0146u veido\u0161anos.Recepte balst\u012bta uz gardu sulu ar maziem svaigas ga\u013cas gabali\u0146iem.Var pasniegt kop\u0101 ar sauso bar\u012bbu vai k\u0101 vesel\u012bgu uzkodu starp \u0113dienreiz\u0113m.100% sast\u0101va garantija \u2013 zin\u0101si prec\u012bzi, ko dod savai ka\u0137enei.Satur tikai dabisk\u0101s kr\u0101sas vielas. Neto daudzums: 135\u202fg Sast\u0101vda\u013cas: \u016bdens 92,69%, vistas ga\u013ca 5%, zivju buljons 0,77%, biezin\u0101t\u0101js 0,67%, saulespu\u0137u e\u013c\u013ca 0,57%, kartupe\u013cu ciete 0,19%, tunzivju e\u013c\u013ca 0,09%, paprika (sarkan\u0101 kr\u0101sviela) 0,02%. Anal\u012btiskie komponenti:Toorprote\u012bns vismaz 1,6%, tauki vismaz 1,1%, \u0161\u0137iedrvielas maksimums 0,5%, pelni 0,5%, mitrums maksimums 96%. Baro\u0161anas nor\u0101d\u012bjumi:2 dienu burkas saturu sadal\u012bt 3\u20134 porcij\u0101s. P\u0113c atv\u0113r\u0161anas uzglab\u0101t ledusskap\u012b un izmantot 2 dienu laik\u0101. Stundu pirms pasnieg\u0161anas iz\u0146emt burku un \u013caut sasilt istabas temperat\u016br\u0101. Ja baro tikai ar sauso bar\u012bbu, dz\u0113riena daudzums var atbilst dienas \u0161\u0137idruma normai.","og_url":"https:\/\/miumjau.ee\/lv\/produkts\/ontario-vistas-dzeriens-kakeniem-135-g\/","og_site_name":"MiuMjau","article_publisher":"https:\/\/www.facebook.com\/miumjaupood\/","og_image":[{"width":600,"height":800,"url":"https:\/\/miumjau.ee\/wp-content\/uploads\/2024\/11\/ontario-supp-kassidele-135g7.jpg","type":"image\/jpeg"}],"twitter_card":"summary_large_image","schema":{"@context":"https:\/\/schema.org","@graph":[{"@type":"WebPage","@id":"https:\/\/miumjau.ee\/lv\/produkts\/ontario-vistas-dzeriens-kakeniem-135-g\/","url":"https:\/\/miumjau.ee\/lv\/produkts\/ontario-vistas-dzeriens-kakeniem-135-g\/","name":"Ontario vistas dz\u0113riens ka\u0137\u0113niem 135\u202fg - MiuMjau","isPartOf":{"@id":"https:\/\/miumjau.ee\/#website"},"primaryImageOfPage":{"@id":"https:\/\/miumjau.ee\/lv\/produkts\/ontario-vistas-dzeriens-kakeniem-135-g\/#primaryimage"},"image":{"@id":"https:\/\/miumjau.ee\/lv\/produkts\/ontario-vistas-dzeriens-kakeniem-135-g\/#primaryimage"},"thumbnailUrl":"https:\/\/miumjau.ee\/wp-content\/uploads\/2024\/11\/ontario-supp-kassidele-135g7.jpg","datePublished":"2024-11-13T17:48:49+00:00","breadcrumb":{"@id":"https:\/\/miumjau.ee\/lv\/produkts\/ontario-vistas-dzeriens-kakeniem-135-g\/#breadcrumb"},"inLanguage":"lv-LV","potentialAction":[{"@type":"ReadAction","target":["https:\/\/miumjau.ee\/lv\/produkts\/ontario-vistas-dzeriens-kakeniem-135-g\/"]}]},{"@type":"ImageObject","inLanguage":"lv-LV","@id":"https:\/\/miumjau.ee\/lv\/produkts\/ontario-vistas-dzeriens-kakeniem-135-g\/#primaryimage","url":"https:\/\/miumjau.ee\/wp-content\/uploads\/2024\/11\/ontario-supp-kassidele-135g7.jpg","contentUrl":"https:\/\/miumjau.ee\/wp-content\/uploads\/2024\/11\/ontario-supp-kassidele-135g7.jpg","width":600,"height":800},{"@type":"BreadcrumbList","@id":"https:\/\/miumjau.ee\/lv\/produkts\/ontario-vistas-dzeriens-kakeniem-135-g\/#breadcrumb","itemListElement":[{"@type":"ListItem","position":1,"name":"Home","item":"https:\/\/miumjau.ee\/lv\/"},{"@type":"ListItem","position":2,"name":"Veikals","item":"https:\/\/miumjau.ee\/lv\/veikals\/"},{"@type":"ListItem","position":3,"name":"Ontario vistas dz\u0113riens ka\u0137\u0113niem 135\u202fg"}]},{"@type":"WebSite","@id":"https:\/\/miumjau.ee\/#website","url":"https:\/\/miumjau.ee\/","name":"MiuMjau","description":"Kraapimispuud kassidele","publisher":{"@id":"https:\/\/miumjau.ee\/#organization"},"potentialAction":[{"@type":"SearchAction","target":{"@type":"EntryPoint","urlTemplate":"https:\/\/miumjau.ee\/?s={search_term_string}"},"query-input":{"@type":"PropertyValueSpecification","valueRequired":true,"valueName":"search_term_string"}}],"inLanguage":"lv-LV"},{"@type":"Organization","@id":"https:\/\/miumjau.ee\/#organization","name":"MiuMjau O\u00dc","url":"https:\/\/miumjau.ee\/","logo":{"@type":"ImageObject","inLanguage":"lv-LV","@id":"https:\/\/miumjau.ee\/#\/schema\/logo\/image\/","url":"https:\/\/miumjau.ee\/wp-content\/uploads\/2022\/04\/MiuMjau-logo-kollane.png","contentUrl":"https:\/\/miumjau.ee\/wp-content\/uploads\/2022\/04\/MiuMjau-logo-kollane.png","width":219,"height":100,"caption":"MiuMjau O\u00dc"},"image":{"@id":"https:\/\/miumjau.ee\/#\/schema\/logo\/image\/"},"sameAs":["https:\/\/www.facebook.com\/miumjaupood\/"]}]}},"_links":{"self":[{"href":"https:\/\/miumjau.ee\/lv\/wp-json\/wp\/v2\/product\/55856","targetHints":{"allow":["GET"]}}],"collection":[{"href":"https:\/\/miumjau.ee\/lv\/wp-json\/wp\/v2\/product"}],"about":[{"href":"https:\/\/miumjau.ee\/lv\/wp-json\/wp\/v2\/types\/product"}],"wp:featuredmedia":[{"embeddable":true,"href":"https:\/\/miumjau.ee\/lv\/wp-json\/wp\/v2\/media\/55848"}],"wp:attachment":[{"href":"https:\/\/miumjau.ee\/lv\/wp-json\/wp\/v2\/media?parent=55856"}],"wp:term":[{"taxonomy":"product_brand","embeddable":true,"href":"https:\/\/miumjau.ee\/lv\/wp-json\/wp\/v2\/product_brand?post=55856"},{"taxonomy":"product_cat","embeddable":true,"href":"https:\/\/miumjau.ee\/lv\/wp-json\/wp\/v2\/product_cat?post=55856"},{"taxonomy":"product_tag","embeddable":true,"href":"https:\/\/miumjau.ee\/lv\/wp-json\/wp\/v2\/product_tag?post=55856"}],"curies":[{"name":"wp","href":"https:\/\/api.w.org\/{rel}","templated":true}]}}