{"id":55844,"date":"2024-11-13T19:47:41","date_gmt":"2024-11-13T17:47:41","guid":{"rendered":"https:\/\/miumjau.ee\/toode\/ontario-vistas-dzeriens-kakiem-ar-galas-gabaliniem-135-g\/"},"modified":"2024-11-13T19:47:41","modified_gmt":"2024-11-13T17:47:41","slug":"ontario-vistas-dzeriens-kakiem-ar-galas-gabaliniem-135-g","status":"publish","type":"product","link":"https:\/\/miumjau.ee\/lv\/produkts\/ontario-vistas-dzeriens-kakiem-ar-galas-gabaliniem-135-g\/","title":{"rendered":"Ontario vistas dz\u0113riens ka\u0137iem ar ga\u013cas gabali\u0146iem 135\u202fg"},"content":{"rendered":"","protected":false},"excerpt":{"rendered":"<p data-start=\"180\" data-end=\"297\">Ontario Chicken Drink \u2013 papildbar\u012bba pieaugu\u0161iem ka\u0137iem ar vistas gabali\u0146iem. Pal\u012bdz nov\u0113rst nierakme\u0146u veido\u0161anos.<\/p>\n<p data-start=\"299\" data-end=\"655\">Dz\u0113riens ka\u0137iem burk\u0101, kas nodro\u0161ina ikdienas \u0161\u0137idruma pat\u0113ri\u0146u un pal\u012bdz nov\u0113rst nierakme\u0146u veido\u0161anos.<br data-start=\"403\" data-end=\"406\" \/>Recepte balst\u012bta uz gardu sulu ar maziem svaigas ga\u013cas gabali\u0146iem.<br data-start=\"472\" data-end=\"475\" \/>Var pasniegt kop\u0101 ar sauso bar\u012bbu vai k\u0101 vesel\u012bgu uzkodu starp \u0113dienreiz\u0113m.<br data-start=\"550\" data-end=\"553\" \/>100% sast\u0101va garantija \u2013 zin\u0101si prec\u012bzi, ko dod savai ka\u0137enei.<br data-start=\"615\" data-end=\"618\" \/>Satur tikai dabisk\u0101s kr\u0101sas vielas.<\/p>\n<p data-start=\"657\" data-end=\"683\"><strong data-start=\"657\" data-end=\"675\">Neto daudzums:<\/strong> 135\u202fg<\/p>\n<p data-start=\"685\" data-end=\"870\"><strong data-start=\"685\" data-end=\"701\">Sast\u0101vda\u013cas:<\/strong><br data-start=\"701\" data-end=\"704\" \/>\u016adens 85,7%, vistas ga\u013ca 10,67%, vistas buljons 1,1%, glic\u012bns 0,92%, biezin\u0101t\u0101js 0,83%, saulespu\u0137u e\u013c\u013ca 0,55%, kartupe\u013cu ciete 0,18%, paprika (sarkan\u0101 kr\u0101sa) 0,05%.<\/p>\n<p data-start=\"872\" data-end=\"1010\"><strong data-start=\"872\" data-end=\"900\">Anal\u012btisk\u0101s sast\u0101vda\u013cas:<\/strong><br data-start=\"900\" data-end=\"903\" \/>Kopprote\u012bns vismaz 2,6%, tauki vismaz 0,5%, \u0161\u0137iedra l\u012bdz 0,6%, pelni maksimums 1%, mitrums maksimums 95%.<\/p>\n<p data-start=\"1012\" data-end=\"1307\"><strong data-start=\"1012\" data-end=\"1037\">Baro\u0161anas nor\u0101d\u012bjumi:<\/strong><br data-start=\"1037\" data-end=\"1040\" \/>2 dienu burkas saturu sadal\u012bt 3\u20134 porcij\u0101s. P\u0113c atv\u0113r\u0161anas uzglab\u0101t ledusskap\u012b un izmantot 2 dienu laik\u0101. Stundu pirms pasnieg\u0161anas iz\u0146emt burku un \u013caut sasilt istabas temperat\u016br\u0101. Ja baro tikai ar sauso bar\u012bbu, dz\u0113riena daudzums var atbilst dienas \u0161\u0137idruma normai.<\/p>\n","protected":false},"featured_media":55846,"template":"","meta":[],"product_brand":[],"product_cat":[571],"product_tag":[],"class_list":{"0":"post-55844","1":"product","2":"type-product","3":"status-publish","4":"has-post-thumbnail","6":"product_cat-mitra-bariba","8":"first","9":"instock","10":"taxable","11":"shipping-taxable","12":"purchasable","13":"product-type-simple"},"yoast_head":"<!-- This site is optimized with the Yoast SEO plugin v27.4 - https:\/\/yoast.com\/product\/yoast-seo-wordpress\/ -->\n<title>Ontario vistas dz\u0113riens ka\u0137iem ar ga\u013cas gabali\u0146iem 135\u202fg - MiuMjau<\/title>\n<meta name=\"robots\" content=\"index, follow, max-snippet:-1, max-image-preview:large, max-video-preview:-1\" \/>\n<link rel=\"canonical\" href=\"https:\/\/miumjau.ee\/lv\/produkts\/ontario-vistas-dzeriens-kakiem-ar-galas-gabaliniem-135-g\/\" \/>\n<meta property=\"og:locale\" content=\"lv_LV\" \/>\n<meta property=\"og:type\" content=\"article\" \/>\n<meta property=\"og:title\" content=\"Ontario vistas dz\u0113riens ka\u0137iem ar ga\u013cas gabali\u0146iem 135\u202fg - MiuMjau\" \/>\n<meta property=\"og:description\" content=\"Ontario Chicken Drink \u2013 papildbar\u012bba pieaugu\u0161iem ka\u0137iem ar vistas gabali\u0146iem. Pal\u012bdz nov\u0113rst nierakme\u0146u veido\u0161anos. Dz\u0113riens ka\u0137iem burk\u0101, kas nodro\u0161ina ikdienas \u0161\u0137idruma pat\u0113ri\u0146u un pal\u012bdz nov\u0113rst nierakme\u0146u veido\u0161anos.Recepte balst\u012bta uz gardu sulu ar maziem svaigas ga\u013cas gabali\u0146iem.Var pasniegt kop\u0101 ar sauso bar\u012bbu vai k\u0101 vesel\u012bgu uzkodu starp \u0113dienreiz\u0113m.100% sast\u0101va garantija \u2013 zin\u0101si prec\u012bzi, ko dod savai ka\u0137enei.Satur tikai dabisk\u0101s kr\u0101sas vielas. Neto daudzums: 135\u202fg Sast\u0101vda\u013cas:\u016adens 85,7%, vistas ga\u013ca 10,67%, vistas buljons 1,1%, glic\u012bns 0,92%, biezin\u0101t\u0101js 0,83%, saulespu\u0137u e\u013c\u013ca 0,55%, kartupe\u013cu ciete 0,18%, paprika (sarkan\u0101 kr\u0101sa) 0,05%. Anal\u012btisk\u0101s sast\u0101vda\u013cas:Kopprote\u012bns vismaz 2,6%, tauki vismaz 0,5%, \u0161\u0137iedra l\u012bdz 0,6%, pelni maksimums 1%, mitrums maksimums 95%. Baro\u0161anas nor\u0101d\u012bjumi:2 dienu burkas saturu sadal\u012bt 3\u20134 porcij\u0101s. P\u0113c atv\u0113r\u0161anas uzglab\u0101t ledusskap\u012b un izmantot 2 dienu laik\u0101. Stundu pirms pasnieg\u0161anas iz\u0146emt burku un \u013caut sasilt istabas temperat\u016br\u0101. Ja baro tikai ar sauso bar\u012bbu, dz\u0113riena daudzums var atbilst dienas \u0161\u0137idruma normai.\" \/>\n<meta property=\"og:url\" content=\"https:\/\/miumjau.ee\/lv\/produkts\/ontario-vistas-dzeriens-kakiem-ar-galas-gabaliniem-135-g\/\" \/>\n<meta property=\"og:site_name\" content=\"MiuMjau\" \/>\n<meta property=\"article:publisher\" content=\"https:\/\/www.facebook.com\/miumjaupood\/\" \/>\n<meta property=\"og:image\" content=\"https:\/\/miumjau.ee\/wp-content\/uploads\/2024\/11\/ontario-supp-kassidele-135g4.jpg\" \/>\n\t<meta property=\"og:image:width\" content=\"600\" \/>\n\t<meta property=\"og:image:height\" content=\"800\" \/>\n\t<meta property=\"og:image:type\" content=\"image\/jpeg\" \/>\n<meta name=\"twitter:card\" content=\"summary_large_image\" \/>\n<script type=\"application\/ld+json\" class=\"yoast-schema-graph\">{\"@context\":\"https:\\\/\\\/schema.org\",\"@graph\":[{\"@type\":\"WebPage\",\"@id\":\"https:\\\/\\\/miumjau.ee\\\/lv\\\/produkts\\\/ontario-vistas-dzeriens-kakiem-ar-galas-gabaliniem-135-g\\\/\",\"url\":\"https:\\\/\\\/miumjau.ee\\\/lv\\\/produkts\\\/ontario-vistas-dzeriens-kakiem-ar-galas-gabaliniem-135-g\\\/\",\"name\":\"Ontario vistas dz\u0113riens ka\u0137iem ar ga\u013cas gabali\u0146iem 135\u202fg - MiuMjau\",\"isPartOf\":{\"@id\":\"https:\\\/\\\/miumjau.ee\\\/#website\"},\"primaryImageOfPage\":{\"@id\":\"https:\\\/\\\/miumjau.ee\\\/lv\\\/produkts\\\/ontario-vistas-dzeriens-kakiem-ar-galas-gabaliniem-135-g\\\/#primaryimage\"},\"image\":{\"@id\":\"https:\\\/\\\/miumjau.ee\\\/lv\\\/produkts\\\/ontario-vistas-dzeriens-kakiem-ar-galas-gabaliniem-135-g\\\/#primaryimage\"},\"thumbnailUrl\":\"https:\\\/\\\/miumjau.ee\\\/wp-content\\\/uploads\\\/2024\\\/11\\\/ontario-supp-kassidele-135g4.jpg\",\"datePublished\":\"2024-11-13T17:47:41+00:00\",\"breadcrumb\":{\"@id\":\"https:\\\/\\\/miumjau.ee\\\/lv\\\/produkts\\\/ontario-vistas-dzeriens-kakiem-ar-galas-gabaliniem-135-g\\\/#breadcrumb\"},\"inLanguage\":\"lv-LV\",\"potentialAction\":[{\"@type\":\"ReadAction\",\"target\":[\"https:\\\/\\\/miumjau.ee\\\/lv\\\/produkts\\\/ontario-vistas-dzeriens-kakiem-ar-galas-gabaliniem-135-g\\\/\"]}]},{\"@type\":\"ImageObject\",\"inLanguage\":\"lv-LV\",\"@id\":\"https:\\\/\\\/miumjau.ee\\\/lv\\\/produkts\\\/ontario-vistas-dzeriens-kakiem-ar-galas-gabaliniem-135-g\\\/#primaryimage\",\"url\":\"https:\\\/\\\/miumjau.ee\\\/wp-content\\\/uploads\\\/2024\\\/11\\\/ontario-supp-kassidele-135g4.jpg\",\"contentUrl\":\"https:\\\/\\\/miumjau.ee\\\/wp-content\\\/uploads\\\/2024\\\/11\\\/ontario-supp-kassidele-135g4.jpg\",\"width\":600,\"height\":800},{\"@type\":\"BreadcrumbList\",\"@id\":\"https:\\\/\\\/miumjau.ee\\\/lv\\\/produkts\\\/ontario-vistas-dzeriens-kakiem-ar-galas-gabaliniem-135-g\\\/#breadcrumb\",\"itemListElement\":[{\"@type\":\"ListItem\",\"position\":1,\"name\":\"Home\",\"item\":\"https:\\\/\\\/miumjau.ee\\\/lv\\\/\"},{\"@type\":\"ListItem\",\"position\":2,\"name\":\"Veikals\",\"item\":\"https:\\\/\\\/miumjau.ee\\\/lv\\\/veikals\\\/\"},{\"@type\":\"ListItem\",\"position\":3,\"name\":\"Ontario vistas dz\u0113riens ka\u0137iem ar ga\u013cas gabali\u0146iem 135\u202fg\"}]},{\"@type\":\"WebSite\",\"@id\":\"https:\\\/\\\/miumjau.ee\\\/#website\",\"url\":\"https:\\\/\\\/miumjau.ee\\\/\",\"name\":\"MiuMjau\",\"description\":\"Kraapimispuud kassidele\",\"publisher\":{\"@id\":\"https:\\\/\\\/miumjau.ee\\\/#organization\"},\"potentialAction\":[{\"@type\":\"SearchAction\",\"target\":{\"@type\":\"EntryPoint\",\"urlTemplate\":\"https:\\\/\\\/miumjau.ee\\\/?s={search_term_string}\"},\"query-input\":{\"@type\":\"PropertyValueSpecification\",\"valueRequired\":true,\"valueName\":\"search_term_string\"}}],\"inLanguage\":\"lv-LV\"},{\"@type\":\"Organization\",\"@id\":\"https:\\\/\\\/miumjau.ee\\\/#organization\",\"name\":\"MiuMjau O\u00dc\",\"url\":\"https:\\\/\\\/miumjau.ee\\\/\",\"logo\":{\"@type\":\"ImageObject\",\"inLanguage\":\"lv-LV\",\"@id\":\"https:\\\/\\\/miumjau.ee\\\/#\\\/schema\\\/logo\\\/image\\\/\",\"url\":\"https:\\\/\\\/miumjau.ee\\\/wp-content\\\/uploads\\\/2022\\\/04\\\/MiuMjau-logo-kollane.png\",\"contentUrl\":\"https:\\\/\\\/miumjau.ee\\\/wp-content\\\/uploads\\\/2022\\\/04\\\/MiuMjau-logo-kollane.png\",\"width\":219,\"height\":100,\"caption\":\"MiuMjau O\u00dc\"},\"image\":{\"@id\":\"https:\\\/\\\/miumjau.ee\\\/#\\\/schema\\\/logo\\\/image\\\/\"},\"sameAs\":[\"https:\\\/\\\/www.facebook.com\\\/miumjaupood\\\/\"]}]}<\/script>\n<!-- \/ Yoast SEO plugin. -->","yoast_head_json":{"title":"Ontario vistas dz\u0113riens ka\u0137iem ar ga\u013cas gabali\u0146iem 135\u202fg - MiuMjau","robots":{"index":"index","follow":"follow","max-snippet":"max-snippet:-1","max-image-preview":"max-image-preview:large","max-video-preview":"max-video-preview:-1"},"canonical":"https:\/\/miumjau.ee\/lv\/produkts\/ontario-vistas-dzeriens-kakiem-ar-galas-gabaliniem-135-g\/","og_locale":"lv_LV","og_type":"article","og_title":"Ontario vistas dz\u0113riens ka\u0137iem ar ga\u013cas gabali\u0146iem 135\u202fg - MiuMjau","og_description":"Ontario Chicken Drink \u2013 papildbar\u012bba pieaugu\u0161iem ka\u0137iem ar vistas gabali\u0146iem. Pal\u012bdz nov\u0113rst nierakme\u0146u veido\u0161anos. Dz\u0113riens ka\u0137iem burk\u0101, kas nodro\u0161ina ikdienas \u0161\u0137idruma pat\u0113ri\u0146u un pal\u012bdz nov\u0113rst nierakme\u0146u veido\u0161anos.Recepte balst\u012bta uz gardu sulu ar maziem svaigas ga\u013cas gabali\u0146iem.Var pasniegt kop\u0101 ar sauso bar\u012bbu vai k\u0101 vesel\u012bgu uzkodu starp \u0113dienreiz\u0113m.100% sast\u0101va garantija \u2013 zin\u0101si prec\u012bzi, ko dod savai ka\u0137enei.Satur tikai dabisk\u0101s kr\u0101sas vielas. Neto daudzums: 135\u202fg Sast\u0101vda\u013cas:\u016adens 85,7%, vistas ga\u013ca 10,67%, vistas buljons 1,1%, glic\u012bns 0,92%, biezin\u0101t\u0101js 0,83%, saulespu\u0137u e\u013c\u013ca 0,55%, kartupe\u013cu ciete 0,18%, paprika (sarkan\u0101 kr\u0101sa) 0,05%. Anal\u012btisk\u0101s sast\u0101vda\u013cas:Kopprote\u012bns vismaz 2,6%, tauki vismaz 0,5%, \u0161\u0137iedra l\u012bdz 0,6%, pelni maksimums 1%, mitrums maksimums 95%. Baro\u0161anas nor\u0101d\u012bjumi:2 dienu burkas saturu sadal\u012bt 3\u20134 porcij\u0101s. P\u0113c atv\u0113r\u0161anas uzglab\u0101t ledusskap\u012b un izmantot 2 dienu laik\u0101. Stundu pirms pasnieg\u0161anas iz\u0146emt burku un \u013caut sasilt istabas temperat\u016br\u0101. Ja baro tikai ar sauso bar\u012bbu, dz\u0113riena daudzums var atbilst dienas \u0161\u0137idruma normai.","og_url":"https:\/\/miumjau.ee\/lv\/produkts\/ontario-vistas-dzeriens-kakiem-ar-galas-gabaliniem-135-g\/","og_site_name":"MiuMjau","article_publisher":"https:\/\/www.facebook.com\/miumjaupood\/","og_image":[{"width":600,"height":800,"url":"https:\/\/miumjau.ee\/wp-content\/uploads\/2024\/11\/ontario-supp-kassidele-135g4.jpg","type":"image\/jpeg"}],"twitter_card":"summary_large_image","schema":{"@context":"https:\/\/schema.org","@graph":[{"@type":"WebPage","@id":"https:\/\/miumjau.ee\/lv\/produkts\/ontario-vistas-dzeriens-kakiem-ar-galas-gabaliniem-135-g\/","url":"https:\/\/miumjau.ee\/lv\/produkts\/ontario-vistas-dzeriens-kakiem-ar-galas-gabaliniem-135-g\/","name":"Ontario vistas dz\u0113riens ka\u0137iem ar ga\u013cas gabali\u0146iem 135\u202fg - MiuMjau","isPartOf":{"@id":"https:\/\/miumjau.ee\/#website"},"primaryImageOfPage":{"@id":"https:\/\/miumjau.ee\/lv\/produkts\/ontario-vistas-dzeriens-kakiem-ar-galas-gabaliniem-135-g\/#primaryimage"},"image":{"@id":"https:\/\/miumjau.ee\/lv\/produkts\/ontario-vistas-dzeriens-kakiem-ar-galas-gabaliniem-135-g\/#primaryimage"},"thumbnailUrl":"https:\/\/miumjau.ee\/wp-content\/uploads\/2024\/11\/ontario-supp-kassidele-135g4.jpg","datePublished":"2024-11-13T17:47:41+00:00","breadcrumb":{"@id":"https:\/\/miumjau.ee\/lv\/produkts\/ontario-vistas-dzeriens-kakiem-ar-galas-gabaliniem-135-g\/#breadcrumb"},"inLanguage":"lv-LV","potentialAction":[{"@type":"ReadAction","target":["https:\/\/miumjau.ee\/lv\/produkts\/ontario-vistas-dzeriens-kakiem-ar-galas-gabaliniem-135-g\/"]}]},{"@type":"ImageObject","inLanguage":"lv-LV","@id":"https:\/\/miumjau.ee\/lv\/produkts\/ontario-vistas-dzeriens-kakiem-ar-galas-gabaliniem-135-g\/#primaryimage","url":"https:\/\/miumjau.ee\/wp-content\/uploads\/2024\/11\/ontario-supp-kassidele-135g4.jpg","contentUrl":"https:\/\/miumjau.ee\/wp-content\/uploads\/2024\/11\/ontario-supp-kassidele-135g4.jpg","width":600,"height":800},{"@type":"BreadcrumbList","@id":"https:\/\/miumjau.ee\/lv\/produkts\/ontario-vistas-dzeriens-kakiem-ar-galas-gabaliniem-135-g\/#breadcrumb","itemListElement":[{"@type":"ListItem","position":1,"name":"Home","item":"https:\/\/miumjau.ee\/lv\/"},{"@type":"ListItem","position":2,"name":"Veikals","item":"https:\/\/miumjau.ee\/lv\/veikals\/"},{"@type":"ListItem","position":3,"name":"Ontario vistas dz\u0113riens ka\u0137iem ar ga\u013cas gabali\u0146iem 135\u202fg"}]},{"@type":"WebSite","@id":"https:\/\/miumjau.ee\/#website","url":"https:\/\/miumjau.ee\/","name":"MiuMjau","description":"Kraapimispuud kassidele","publisher":{"@id":"https:\/\/miumjau.ee\/#organization"},"potentialAction":[{"@type":"SearchAction","target":{"@type":"EntryPoint","urlTemplate":"https:\/\/miumjau.ee\/?s={search_term_string}"},"query-input":{"@type":"PropertyValueSpecification","valueRequired":true,"valueName":"search_term_string"}}],"inLanguage":"lv-LV"},{"@type":"Organization","@id":"https:\/\/miumjau.ee\/#organization","name":"MiuMjau O\u00dc","url":"https:\/\/miumjau.ee\/","logo":{"@type":"ImageObject","inLanguage":"lv-LV","@id":"https:\/\/miumjau.ee\/#\/schema\/logo\/image\/","url":"https:\/\/miumjau.ee\/wp-content\/uploads\/2022\/04\/MiuMjau-logo-kollane.png","contentUrl":"https:\/\/miumjau.ee\/wp-content\/uploads\/2022\/04\/MiuMjau-logo-kollane.png","width":219,"height":100,"caption":"MiuMjau O\u00dc"},"image":{"@id":"https:\/\/miumjau.ee\/#\/schema\/logo\/image\/"},"sameAs":["https:\/\/www.facebook.com\/miumjaupood\/"]}]}},"_links":{"self":[{"href":"https:\/\/miumjau.ee\/lv\/wp-json\/wp\/v2\/product\/55844","targetHints":{"allow":["GET"]}}],"collection":[{"href":"https:\/\/miumjau.ee\/lv\/wp-json\/wp\/v2\/product"}],"about":[{"href":"https:\/\/miumjau.ee\/lv\/wp-json\/wp\/v2\/types\/product"}],"wp:featuredmedia":[{"embeddable":true,"href":"https:\/\/miumjau.ee\/lv\/wp-json\/wp\/v2\/media\/55846"}],"wp:attachment":[{"href":"https:\/\/miumjau.ee\/lv\/wp-json\/wp\/v2\/media?parent=55844"}],"wp:term":[{"taxonomy":"product_brand","embeddable":true,"href":"https:\/\/miumjau.ee\/lv\/wp-json\/wp\/v2\/product_brand?post=55844"},{"taxonomy":"product_cat","embeddable":true,"href":"https:\/\/miumjau.ee\/lv\/wp-json\/wp\/v2\/product_cat?post=55844"},{"taxonomy":"product_tag","embeddable":true,"href":"https:\/\/miumjau.ee\/lv\/wp-json\/wp\/v2\/product_tag?post=55844"}],"curies":[{"name":"wp","href":"https:\/\/api.w.org\/{rel}","templated":true}]}}