{"id":55836,"date":"2024-11-13T18:42:04","date_gmt":"2024-11-13T16:42:04","guid":{"rendered":"https:\/\/miumjau.ee\/toode\/brit-care-fillets-sterilized-kakiem-ar-trusu-galu-85-g\/"},"modified":"2024-11-13T18:42:04","modified_gmt":"2024-11-13T16:42:04","slug":"brit-care-fillets-sterilized-kakiem-ar-trusu-galu-85-g","status":"publish","type":"product","link":"https:\/\/miumjau.ee\/lv\/produkts\/brit-care-fillets-sterilized-kakiem-ar-trusu-galu-85-g\/","title":{"rendered":"Brit Care Fillets Sterilized ka\u0137iem ar tru\u0161u ga\u013cu 85 g"},"content":{"rendered":"","protected":false},"excerpt":{"rendered":"<p data-start=\"178\" data-end=\"488\">Ka\u0137u bar\u012bbai j\u0101b\u016bt daudzveid\u012bgai, gar\u0161\u012bgai un vesel\u012bgai. Gar\u0161\u012bgu Brit Care Sterilized Filets bar\u012bbu var izmantot k\u0101 pilnv\u0113rt\u012bgu bar\u012bbu vai k\u0101 papildin\u0101jumu sausa bar\u012bbai, lai palielin\u0101tu daudzveid\u012bbu un gar\u0161u. \u012apa\u0161i piem\u0113rota izv\u0113l\u012bgiem ka\u0137iem vai dz\u012bvniekiem ar \u0113\u0161anas probl\u0113m\u0101m. Atbalsta ur\u012bnce\u013cu vesel\u012bbu.<\/p>\n<ul data-start=\"490\" data-end=\"638\">\n<li data-section-id=\"1sw8e5t\" data-start=\"490\" data-end=\"506\">Bez graudiem<\/li>\n<li data-section-id=\"134zp48\" data-start=\"507\" data-end=\"520\">85% ga\u013cas<\/li>\n<li data-section-id=\"k8lyt5\" data-start=\"521\" data-end=\"537\">\u013boti gar\u0161\u012bga<\/li>\n<li data-section-id=\"1o41xy5\" data-start=\"538\" data-end=\"592\">Satur dabiskus antioksidantus: rozmar\u012bna ekstrakts<\/li>\n<li data-section-id=\"1e1ooyk\" data-start=\"593\" data-end=\"638\">Nav pievienots cukurs, nav sojas, nav \u0122MO<\/li>\n<\/ul>\n<p data-start=\"640\" data-end=\"784\"><strong data-start=\"640\" data-end=\"652\">Sast\u0101vs:<\/strong><br data-start=\"652\" data-end=\"655\" \/>85% ga\u013cas fileja (62% vista, 15% aknas, 8% trusis), buljons, 1% ro\u017eu vilk\u0101boli, 0,5% krustnagli\u0146u ziedi, miner\u0101li, zir\u0146u ciete.<\/p>\n<p data-start=\"786\" data-end=\"932\"><strong data-start=\"786\" data-end=\"814\">Anal\u012btisk\u0101s sast\u0101vda\u013cas:<\/strong><br data-start=\"814\" data-end=\"817\" \/>Kopprote\u012bns 9,0%, tauki 3,0%, \u0161\u0137iedra 0,5%, pelni 2,0%, mitrums 82,0%, kalcijs 0,25%, fosfors 0,2%, n\u0101trijs 0,3%.<\/p>\n<p data-start=\"934\" data-end=\"1317\"><strong data-start=\"934\" data-end=\"961\">Uzturv\u0113rt\u012bbas piedevas:<\/strong><br data-start=\"961\" data-end=\"964\" \/>D3 vitam\u012bns (E671) 250 IU, E vitam\u012bns (3a700) 150 mg, biot\u012bns (3a880) 0,5 mg, cinks (3b606) 12 mg, mang\u0101ns (3b502) 3 mg, dzelzs (3b103) 10 mg, var\u0161 0,4 mg, jods (3b201) 0,7 mg, taur\u012bns (3a370) 500 mg, L-metion\u012bns (3c305) 2000 mg. Satur dabiskus antioksidantus: tokoferols augu e\u013c\u013cas ekstrakt\u0101 (1b306), askorbilpalmit\u0101ts (1b304) un rozmar\u012bna ekstrakts.<\/p>\n<p data-start=\"1319\" data-end=\"1358\"><strong data-start=\"1319\" data-end=\"1344\">Metabolisma ener\u0123ija:<\/strong> 840 kcal\/kg<\/p>\n","protected":false},"featured_media":55837,"template":"","meta":[],"product_brand":[],"product_cat":[571],"product_tag":[],"class_list":{"0":"post-55836","1":"product","2":"type-product","3":"status-publish","4":"has-post-thumbnail","6":"product_cat-mitra-bariba","8":"first","9":"instock","10":"sale","11":"taxable","12":"shipping-taxable","13":"purchasable","14":"product-type-simple"},"yoast_head":"<!-- This site is optimized with the Yoast SEO plugin v27.4 - https:\/\/yoast.com\/product\/yoast-seo-wordpress\/ -->\n<title>Brit Care Fillets Sterilized ka\u0137iem ar tru\u0161u ga\u013cu 85 g - MiuMjau<\/title>\n<meta name=\"robots\" content=\"index, follow, max-snippet:-1, max-image-preview:large, max-video-preview:-1\" \/>\n<link rel=\"canonical\" href=\"https:\/\/miumjau.ee\/lv\/produkts\/brit-care-fillets-sterilized-kakiem-ar-trusu-galu-85-g\/\" \/>\n<meta property=\"og:locale\" content=\"lv_LV\" \/>\n<meta property=\"og:type\" content=\"article\" \/>\n<meta property=\"og:title\" content=\"Brit Care Fillets Sterilized ka\u0137iem ar tru\u0161u ga\u013cu 85 g - MiuMjau\" \/>\n<meta property=\"og:description\" content=\"Ka\u0137u bar\u012bbai j\u0101b\u016bt daudzveid\u012bgai, gar\u0161\u012bgai un vesel\u012bgai. Gar\u0161\u012bgu Brit Care Sterilized Filets bar\u012bbu var izmantot k\u0101 pilnv\u0113rt\u012bgu bar\u012bbu vai k\u0101 papildin\u0101jumu sausa bar\u012bbai, lai palielin\u0101tu daudzveid\u012bbu un gar\u0161u. \u012apa\u0161i piem\u0113rota izv\u0113l\u012bgiem ka\u0137iem vai dz\u012bvniekiem ar \u0113\u0161anas probl\u0113m\u0101m. Atbalsta ur\u012bnce\u013cu vesel\u012bbu.    Bez graudiem  85% ga\u013cas  \u013boti gar\u0161\u012bga  Satur dabiskus antioksidantus: rozmar\u012bna ekstrakts  Nav pievienots cukurs, nav sojas, nav \u0122MO  Sast\u0101vs:85% ga\u013cas fileja (62% vista, 15% aknas, 8% trusis), buljons, 1% ro\u017eu vilk\u0101boli, 0,5% krustnagli\u0146u ziedi, miner\u0101li, zir\u0146u ciete. Anal\u012btisk\u0101s sast\u0101vda\u013cas:Kopprote\u012bns 9,0%, tauki 3,0%, \u0161\u0137iedra 0,5%, pelni 2,0%, mitrums 82,0%, kalcijs 0,25%, fosfors 0,2%, n\u0101trijs 0,3%. Uzturv\u0113rt\u012bbas piedevas:D3 vitam\u012bns (E671) 250 IU, E vitam\u012bns (3a700) 150 mg, biot\u012bns (3a880) 0,5 mg, cinks (3b606) 12 mg, mang\u0101ns (3b502) 3 mg, dzelzs (3b103) 10 mg, var\u0161 0,4 mg, jods (3b201) 0,7 mg, taur\u012bns (3a370) 500 mg, L-metion\u012bns (3c305) 2000 mg. Satur dabiskus antioksidantus: tokoferols augu e\u013c\u013cas ekstrakt\u0101 (1b306), askorbilpalmit\u0101ts (1b304) un rozmar\u012bna ekstrakts. Metabolisma ener\u0123ija: 840 kcal\/kg\" \/>\n<meta property=\"og:url\" content=\"https:\/\/miumjau.ee\/lv\/produkts\/brit-care-fillets-sterilized-kakiem-ar-trusu-galu-85-g\/\" \/>\n<meta property=\"og:site_name\" content=\"MiuMjau\" \/>\n<meta property=\"article:publisher\" content=\"https:\/\/www.facebook.com\/miumjaupood\/\" \/>\n<meta property=\"og:image\" content=\"https:\/\/miumjau.ee\/wp-content\/uploads\/2024\/11\/brit-care-fillets-margtoit-kassile1.jpg\" \/>\n\t<meta property=\"og:image:width\" content=\"600\" \/>\n\t<meta property=\"og:image:height\" content=\"800\" \/>\n\t<meta property=\"og:image:type\" content=\"image\/jpeg\" \/>\n<meta name=\"twitter:card\" content=\"summary_large_image\" \/>\n<script type=\"application\/ld+json\" class=\"yoast-schema-graph\">{\"@context\":\"https:\\\/\\\/schema.org\",\"@graph\":[{\"@type\":\"WebPage\",\"@id\":\"https:\\\/\\\/miumjau.ee\\\/lv\\\/produkts\\\/brit-care-fillets-sterilized-kakiem-ar-trusu-galu-85-g\\\/\",\"url\":\"https:\\\/\\\/miumjau.ee\\\/lv\\\/produkts\\\/brit-care-fillets-sterilized-kakiem-ar-trusu-galu-85-g\\\/\",\"name\":\"Brit Care Fillets Sterilized ka\u0137iem ar tru\u0161u ga\u013cu 85 g - MiuMjau\",\"isPartOf\":{\"@id\":\"https:\\\/\\\/miumjau.ee\\\/#website\"},\"primaryImageOfPage\":{\"@id\":\"https:\\\/\\\/miumjau.ee\\\/lv\\\/produkts\\\/brit-care-fillets-sterilized-kakiem-ar-trusu-galu-85-g\\\/#primaryimage\"},\"image\":{\"@id\":\"https:\\\/\\\/miumjau.ee\\\/lv\\\/produkts\\\/brit-care-fillets-sterilized-kakiem-ar-trusu-galu-85-g\\\/#primaryimage\"},\"thumbnailUrl\":\"https:\\\/\\\/miumjau.ee\\\/wp-content\\\/uploads\\\/2024\\\/11\\\/brit-care-fillets-margtoit-kassile1.jpg\",\"datePublished\":\"2024-11-13T16:42:04+00:00\",\"breadcrumb\":{\"@id\":\"https:\\\/\\\/miumjau.ee\\\/lv\\\/produkts\\\/brit-care-fillets-sterilized-kakiem-ar-trusu-galu-85-g\\\/#breadcrumb\"},\"inLanguage\":\"lv-LV\",\"potentialAction\":[{\"@type\":\"ReadAction\",\"target\":[\"https:\\\/\\\/miumjau.ee\\\/lv\\\/produkts\\\/brit-care-fillets-sterilized-kakiem-ar-trusu-galu-85-g\\\/\"]}]},{\"@type\":\"ImageObject\",\"inLanguage\":\"lv-LV\",\"@id\":\"https:\\\/\\\/miumjau.ee\\\/lv\\\/produkts\\\/brit-care-fillets-sterilized-kakiem-ar-trusu-galu-85-g\\\/#primaryimage\",\"url\":\"https:\\\/\\\/miumjau.ee\\\/wp-content\\\/uploads\\\/2024\\\/11\\\/brit-care-fillets-margtoit-kassile1.jpg\",\"contentUrl\":\"https:\\\/\\\/miumjau.ee\\\/wp-content\\\/uploads\\\/2024\\\/11\\\/brit-care-fillets-margtoit-kassile1.jpg\",\"width\":600,\"height\":800},{\"@type\":\"BreadcrumbList\",\"@id\":\"https:\\\/\\\/miumjau.ee\\\/lv\\\/produkts\\\/brit-care-fillets-sterilized-kakiem-ar-trusu-galu-85-g\\\/#breadcrumb\",\"itemListElement\":[{\"@type\":\"ListItem\",\"position\":1,\"name\":\"Home\",\"item\":\"https:\\\/\\\/miumjau.ee\\\/lv\\\/\"},{\"@type\":\"ListItem\",\"position\":2,\"name\":\"Veikals\",\"item\":\"https:\\\/\\\/miumjau.ee\\\/lv\\\/veikals\\\/\"},{\"@type\":\"ListItem\",\"position\":3,\"name\":\"Brit Care Fillets Sterilized ka\u0137iem ar tru\u0161u ga\u013cu 85 g\"}]},{\"@type\":\"WebSite\",\"@id\":\"https:\\\/\\\/miumjau.ee\\\/#website\",\"url\":\"https:\\\/\\\/miumjau.ee\\\/\",\"name\":\"MiuMjau\",\"description\":\"Kraapimispuud kassidele\",\"publisher\":{\"@id\":\"https:\\\/\\\/miumjau.ee\\\/#organization\"},\"potentialAction\":[{\"@type\":\"SearchAction\",\"target\":{\"@type\":\"EntryPoint\",\"urlTemplate\":\"https:\\\/\\\/miumjau.ee\\\/?s={search_term_string}\"},\"query-input\":{\"@type\":\"PropertyValueSpecification\",\"valueRequired\":true,\"valueName\":\"search_term_string\"}}],\"inLanguage\":\"lv-LV\"},{\"@type\":\"Organization\",\"@id\":\"https:\\\/\\\/miumjau.ee\\\/#organization\",\"name\":\"MiuMjau O\u00dc\",\"url\":\"https:\\\/\\\/miumjau.ee\\\/\",\"logo\":{\"@type\":\"ImageObject\",\"inLanguage\":\"lv-LV\",\"@id\":\"https:\\\/\\\/miumjau.ee\\\/#\\\/schema\\\/logo\\\/image\\\/\",\"url\":\"https:\\\/\\\/miumjau.ee\\\/wp-content\\\/uploads\\\/2022\\\/04\\\/MiuMjau-logo-kollane.png\",\"contentUrl\":\"https:\\\/\\\/miumjau.ee\\\/wp-content\\\/uploads\\\/2022\\\/04\\\/MiuMjau-logo-kollane.png\",\"width\":219,\"height\":100,\"caption\":\"MiuMjau O\u00dc\"},\"image\":{\"@id\":\"https:\\\/\\\/miumjau.ee\\\/#\\\/schema\\\/logo\\\/image\\\/\"},\"sameAs\":[\"https:\\\/\\\/www.facebook.com\\\/miumjaupood\\\/\"]}]}<\/script>\n<!-- \/ Yoast SEO plugin. -->","yoast_head_json":{"title":"Brit Care Fillets Sterilized ka\u0137iem ar tru\u0161u ga\u013cu 85 g - MiuMjau","robots":{"index":"index","follow":"follow","max-snippet":"max-snippet:-1","max-image-preview":"max-image-preview:large","max-video-preview":"max-video-preview:-1"},"canonical":"https:\/\/miumjau.ee\/lv\/produkts\/brit-care-fillets-sterilized-kakiem-ar-trusu-galu-85-g\/","og_locale":"lv_LV","og_type":"article","og_title":"Brit Care Fillets Sterilized ka\u0137iem ar tru\u0161u ga\u013cu 85 g - MiuMjau","og_description":"Ka\u0137u bar\u012bbai j\u0101b\u016bt daudzveid\u012bgai, gar\u0161\u012bgai un vesel\u012bgai. Gar\u0161\u012bgu Brit Care Sterilized Filets bar\u012bbu var izmantot k\u0101 pilnv\u0113rt\u012bgu bar\u012bbu vai k\u0101 papildin\u0101jumu sausa bar\u012bbai, lai palielin\u0101tu daudzveid\u012bbu un gar\u0161u. \u012apa\u0161i piem\u0113rota izv\u0113l\u012bgiem ka\u0137iem vai dz\u012bvniekiem ar \u0113\u0161anas probl\u0113m\u0101m. Atbalsta ur\u012bnce\u013cu vesel\u012bbu.    Bez graudiem  85% ga\u013cas  \u013boti gar\u0161\u012bga  Satur dabiskus antioksidantus: rozmar\u012bna ekstrakts  Nav pievienots cukurs, nav sojas, nav \u0122MO  Sast\u0101vs:85% ga\u013cas fileja (62% vista, 15% aknas, 8% trusis), buljons, 1% ro\u017eu vilk\u0101boli, 0,5% krustnagli\u0146u ziedi, miner\u0101li, zir\u0146u ciete. Anal\u012btisk\u0101s sast\u0101vda\u013cas:Kopprote\u012bns 9,0%, tauki 3,0%, \u0161\u0137iedra 0,5%, pelni 2,0%, mitrums 82,0%, kalcijs 0,25%, fosfors 0,2%, n\u0101trijs 0,3%. Uzturv\u0113rt\u012bbas piedevas:D3 vitam\u012bns (E671) 250 IU, E vitam\u012bns (3a700) 150 mg, biot\u012bns (3a880) 0,5 mg, cinks (3b606) 12 mg, mang\u0101ns (3b502) 3 mg, dzelzs (3b103) 10 mg, var\u0161 0,4 mg, jods (3b201) 0,7 mg, taur\u012bns (3a370) 500 mg, L-metion\u012bns (3c305) 2000 mg. Satur dabiskus antioksidantus: tokoferols augu e\u013c\u013cas ekstrakt\u0101 (1b306), askorbilpalmit\u0101ts (1b304) un rozmar\u012bna ekstrakts. Metabolisma ener\u0123ija: 840 kcal\/kg","og_url":"https:\/\/miumjau.ee\/lv\/produkts\/brit-care-fillets-sterilized-kakiem-ar-trusu-galu-85-g\/","og_site_name":"MiuMjau","article_publisher":"https:\/\/www.facebook.com\/miumjaupood\/","og_image":[{"width":600,"height":800,"url":"https:\/\/miumjau.ee\/wp-content\/uploads\/2024\/11\/brit-care-fillets-margtoit-kassile1.jpg","type":"image\/jpeg"}],"twitter_card":"summary_large_image","schema":{"@context":"https:\/\/schema.org","@graph":[{"@type":"WebPage","@id":"https:\/\/miumjau.ee\/lv\/produkts\/brit-care-fillets-sterilized-kakiem-ar-trusu-galu-85-g\/","url":"https:\/\/miumjau.ee\/lv\/produkts\/brit-care-fillets-sterilized-kakiem-ar-trusu-galu-85-g\/","name":"Brit Care Fillets Sterilized ka\u0137iem ar tru\u0161u ga\u013cu 85 g - MiuMjau","isPartOf":{"@id":"https:\/\/miumjau.ee\/#website"},"primaryImageOfPage":{"@id":"https:\/\/miumjau.ee\/lv\/produkts\/brit-care-fillets-sterilized-kakiem-ar-trusu-galu-85-g\/#primaryimage"},"image":{"@id":"https:\/\/miumjau.ee\/lv\/produkts\/brit-care-fillets-sterilized-kakiem-ar-trusu-galu-85-g\/#primaryimage"},"thumbnailUrl":"https:\/\/miumjau.ee\/wp-content\/uploads\/2024\/11\/brit-care-fillets-margtoit-kassile1.jpg","datePublished":"2024-11-13T16:42:04+00:00","breadcrumb":{"@id":"https:\/\/miumjau.ee\/lv\/produkts\/brit-care-fillets-sterilized-kakiem-ar-trusu-galu-85-g\/#breadcrumb"},"inLanguage":"lv-LV","potentialAction":[{"@type":"ReadAction","target":["https:\/\/miumjau.ee\/lv\/produkts\/brit-care-fillets-sterilized-kakiem-ar-trusu-galu-85-g\/"]}]},{"@type":"ImageObject","inLanguage":"lv-LV","@id":"https:\/\/miumjau.ee\/lv\/produkts\/brit-care-fillets-sterilized-kakiem-ar-trusu-galu-85-g\/#primaryimage","url":"https:\/\/miumjau.ee\/wp-content\/uploads\/2024\/11\/brit-care-fillets-margtoit-kassile1.jpg","contentUrl":"https:\/\/miumjau.ee\/wp-content\/uploads\/2024\/11\/brit-care-fillets-margtoit-kassile1.jpg","width":600,"height":800},{"@type":"BreadcrumbList","@id":"https:\/\/miumjau.ee\/lv\/produkts\/brit-care-fillets-sterilized-kakiem-ar-trusu-galu-85-g\/#breadcrumb","itemListElement":[{"@type":"ListItem","position":1,"name":"Home","item":"https:\/\/miumjau.ee\/lv\/"},{"@type":"ListItem","position":2,"name":"Veikals","item":"https:\/\/miumjau.ee\/lv\/veikals\/"},{"@type":"ListItem","position":3,"name":"Brit Care Fillets Sterilized ka\u0137iem ar tru\u0161u ga\u013cu 85 g"}]},{"@type":"WebSite","@id":"https:\/\/miumjau.ee\/#website","url":"https:\/\/miumjau.ee\/","name":"MiuMjau","description":"Kraapimispuud kassidele","publisher":{"@id":"https:\/\/miumjau.ee\/#organization"},"potentialAction":[{"@type":"SearchAction","target":{"@type":"EntryPoint","urlTemplate":"https:\/\/miumjau.ee\/?s={search_term_string}"},"query-input":{"@type":"PropertyValueSpecification","valueRequired":true,"valueName":"search_term_string"}}],"inLanguage":"lv-LV"},{"@type":"Organization","@id":"https:\/\/miumjau.ee\/#organization","name":"MiuMjau O\u00dc","url":"https:\/\/miumjau.ee\/","logo":{"@type":"ImageObject","inLanguage":"lv-LV","@id":"https:\/\/miumjau.ee\/#\/schema\/logo\/image\/","url":"https:\/\/miumjau.ee\/wp-content\/uploads\/2022\/04\/MiuMjau-logo-kollane.png","contentUrl":"https:\/\/miumjau.ee\/wp-content\/uploads\/2022\/04\/MiuMjau-logo-kollane.png","width":219,"height":100,"caption":"MiuMjau O\u00dc"},"image":{"@id":"https:\/\/miumjau.ee\/#\/schema\/logo\/image\/"},"sameAs":["https:\/\/www.facebook.com\/miumjaupood\/"]}]}},"_links":{"self":[{"href":"https:\/\/miumjau.ee\/lv\/wp-json\/wp\/v2\/product\/55836","targetHints":{"allow":["GET"]}}],"collection":[{"href":"https:\/\/miumjau.ee\/lv\/wp-json\/wp\/v2\/product"}],"about":[{"href":"https:\/\/miumjau.ee\/lv\/wp-json\/wp\/v2\/types\/product"}],"wp:featuredmedia":[{"embeddable":true,"href":"https:\/\/miumjau.ee\/lv\/wp-json\/wp\/v2\/media\/55837"}],"wp:attachment":[{"href":"https:\/\/miumjau.ee\/lv\/wp-json\/wp\/v2\/media?parent=55836"}],"wp:term":[{"taxonomy":"product_brand","embeddable":true,"href":"https:\/\/miumjau.ee\/lv\/wp-json\/wp\/v2\/product_brand?post=55836"},{"taxonomy":"product_cat","embeddable":true,"href":"https:\/\/miumjau.ee\/lv\/wp-json\/wp\/v2\/product_cat?post=55836"},{"taxonomy":"product_tag","embeddable":true,"href":"https:\/\/miumjau.ee\/lv\/wp-json\/wp\/v2\/product_tag?post=55836"}],"curies":[{"name":"wp","href":"https:\/\/api.w.org\/{rel}","templated":true}]}}