{"id":55814,"date":"2024-11-13T15:40:32","date_gmt":"2024-11-13T13:40:32","guid":{"rendered":"https:\/\/miumjau.ee\/toode\/brit-premium-mitra-bariba-kakim-ar-mencu-100-g\/"},"modified":"2024-11-13T15:40:32","modified_gmt":"2024-11-13T13:40:32","slug":"brit-premium-mitra-bariba-kakim-ar-mencu-100-g","status":"publish","type":"product","link":"https:\/\/miumjau.ee\/lv\/produkts\/brit-premium-mitra-bariba-kakim-ar-mencu-100-g\/","title":{"rendered":"Brit Premium mitr\u0101 bar\u012bba ka\u0137im ar mencu 100 g"},"content":{"rendered":"","protected":false},"excerpt":{"rendered":"<p data-start=\"164\" data-end=\"266\">Brit Premium konservi ka\u0137iem \u2013 augst\u0101k\u0101s kvalit\u0101tes, \u013coti sul\u012bgi, gar\u0161\u012bgi un ar augstu ga\u013cas saturu.<\/p>\n<p data-start=\"268\" data-end=\"453\"><strong data-start=\"268\" data-end=\"280\">Sast\u0101vs:<\/strong><br data-start=\"280\" data-end=\"283\" \/>60% ga\u013ca un dz\u012bvnieku izcelsmes produkti, 16% zivs un t\u0101s blakusprodukti (menca 8%), augu blakusprodukti (inul\u012bns 0,4%), miner\u0101lvielas. Bez kr\u0101sviel\u0101m un konservantiem.<\/p>\n<p data-start=\"455\" data-end=\"566\"><strong data-start=\"455\" data-end=\"483\">Anal\u012btisk\u0101s sast\u0101vda\u013cas:<\/strong><br data-start=\"483\" data-end=\"486\" \/>Kopprote\u012bns 8,5%, tauki 4,5%, kop\u0113jie pelni 2,5%, \u0161\u0137iedra 0,4%, mitrums 82,0%.<\/p>\n<p data-start=\"568\" data-end=\"716\"><strong data-start=\"568\" data-end=\"588\">Piedevas (1 kg):<\/strong><br data-start=\"588\" data-end=\"591\" \/>D3 vitam\u012bns 250 IU, E vitam\u012bns 100 mg, cinks 10 mg, mang\u0101ns 2 mg, jods 0,7 mg, var\u0161 0,2 mg, taur\u012bns 450 mg, biot\u012bns 0,1 mg.<\/p>\n","protected":false},"featured_media":55815,"template":"","meta":[],"product_brand":[],"product_cat":[571],"product_tag":[],"class_list":{"0":"post-55814","1":"product","2":"type-product","3":"status-publish","4":"has-post-thumbnail","6":"product_cat-mitra-bariba","8":"first","9":"instock","10":"sale","11":"taxable","12":"shipping-taxable","13":"purchasable","14":"product-type-simple"},"yoast_head":"<!-- This site is optimized with the Yoast SEO plugin v27.4 - https:\/\/yoast.com\/product\/yoast-seo-wordpress\/ -->\n<title>Brit Premium mitr\u0101 bar\u012bba ka\u0137im ar mencu 100 g - MiuMjau<\/title>\n<meta name=\"robots\" content=\"index, follow, max-snippet:-1, max-image-preview:large, max-video-preview:-1\" \/>\n<link rel=\"canonical\" href=\"https:\/\/miumjau.ee\/lv\/produkts\/brit-premium-mitra-bariba-kakim-ar-mencu-100-g\/\" \/>\n<meta property=\"og:locale\" content=\"lv_LV\" \/>\n<meta property=\"og:type\" content=\"article\" \/>\n<meta property=\"og:title\" content=\"Brit Premium mitr\u0101 bar\u012bba ka\u0137im ar mencu 100 g - MiuMjau\" \/>\n<meta property=\"og:description\" content=\"Brit Premium konservi ka\u0137iem \u2013 augst\u0101k\u0101s kvalit\u0101tes, \u013coti sul\u012bgi, gar\u0161\u012bgi un ar augstu ga\u013cas saturu. Sast\u0101vs:60% ga\u013ca un dz\u012bvnieku izcelsmes produkti, 16% zivs un t\u0101s blakusprodukti (menca 8%), augu blakusprodukti (inul\u012bns 0,4%), miner\u0101lvielas. Bez kr\u0101sviel\u0101m un konservantiem. Anal\u012btisk\u0101s sast\u0101vda\u013cas:Kopprote\u012bns 8,5%, tauki 4,5%, kop\u0113jie pelni 2,5%, \u0161\u0137iedra 0,4%, mitrums 82,0%. Piedevas (1 kg):D3 vitam\u012bns 250 IU, E vitam\u012bns 100 mg, cinks 10 mg, mang\u0101ns 2 mg, jods 0,7 mg, var\u0161 0,2 mg, taur\u012bns 450 mg, biot\u012bns 0,1 mg.\" \/>\n<meta property=\"og:url\" content=\"https:\/\/miumjau.ee\/lv\/produkts\/brit-premium-mitra-bariba-kakim-ar-mencu-100-g\/\" \/>\n<meta property=\"og:site_name\" content=\"MiuMjau\" \/>\n<meta property=\"article:publisher\" content=\"https:\/\/www.facebook.com\/miumjaupood\/\" \/>\n<meta property=\"og:image\" content=\"https:\/\/miumjau.ee\/wp-content\/uploads\/2024\/11\/Brit-Premium-Cod-Fish-Konservai-Katems-Su-Menke-100g-Photoroom.jpg\" \/>\n\t<meta property=\"og:image:width\" content=\"600\" \/>\n\t<meta property=\"og:image:height\" content=\"800\" \/>\n\t<meta property=\"og:image:type\" content=\"image\/jpeg\" \/>\n<meta name=\"twitter:card\" content=\"summary_large_image\" \/>\n<script type=\"application\/ld+json\" class=\"yoast-schema-graph\">{\"@context\":\"https:\\\/\\\/schema.org\",\"@graph\":[{\"@type\":\"WebPage\",\"@id\":\"https:\\\/\\\/miumjau.ee\\\/lv\\\/produkts\\\/brit-premium-mitra-bariba-kakim-ar-mencu-100-g\\\/\",\"url\":\"https:\\\/\\\/miumjau.ee\\\/lv\\\/produkts\\\/brit-premium-mitra-bariba-kakim-ar-mencu-100-g\\\/\",\"name\":\"Brit Premium mitr\u0101 bar\u012bba ka\u0137im ar mencu 100 g - MiuMjau\",\"isPartOf\":{\"@id\":\"https:\\\/\\\/miumjau.ee\\\/#website\"},\"primaryImageOfPage\":{\"@id\":\"https:\\\/\\\/miumjau.ee\\\/lv\\\/produkts\\\/brit-premium-mitra-bariba-kakim-ar-mencu-100-g\\\/#primaryimage\"},\"image\":{\"@id\":\"https:\\\/\\\/miumjau.ee\\\/lv\\\/produkts\\\/brit-premium-mitra-bariba-kakim-ar-mencu-100-g\\\/#primaryimage\"},\"thumbnailUrl\":\"https:\\\/\\\/miumjau.ee\\\/wp-content\\\/uploads\\\/2024\\\/11\\\/Brit-Premium-Cod-Fish-Konservai-Katems-Su-Menke-100g-Photoroom.jpg\",\"datePublished\":\"2024-11-13T13:40:32+00:00\",\"breadcrumb\":{\"@id\":\"https:\\\/\\\/miumjau.ee\\\/lv\\\/produkts\\\/brit-premium-mitra-bariba-kakim-ar-mencu-100-g\\\/#breadcrumb\"},\"inLanguage\":\"lv-LV\",\"potentialAction\":[{\"@type\":\"ReadAction\",\"target\":[\"https:\\\/\\\/miumjau.ee\\\/lv\\\/produkts\\\/brit-premium-mitra-bariba-kakim-ar-mencu-100-g\\\/\"]}]},{\"@type\":\"ImageObject\",\"inLanguage\":\"lv-LV\",\"@id\":\"https:\\\/\\\/miumjau.ee\\\/lv\\\/produkts\\\/brit-premium-mitra-bariba-kakim-ar-mencu-100-g\\\/#primaryimage\",\"url\":\"https:\\\/\\\/miumjau.ee\\\/wp-content\\\/uploads\\\/2024\\\/11\\\/Brit-Premium-Cod-Fish-Konservai-Katems-Su-Menke-100g-Photoroom.jpg\",\"contentUrl\":\"https:\\\/\\\/miumjau.ee\\\/wp-content\\\/uploads\\\/2024\\\/11\\\/Brit-Premium-Cod-Fish-Konservai-Katems-Su-Menke-100g-Photoroom.jpg\",\"width\":600,\"height\":800},{\"@type\":\"BreadcrumbList\",\"@id\":\"https:\\\/\\\/miumjau.ee\\\/lv\\\/produkts\\\/brit-premium-mitra-bariba-kakim-ar-mencu-100-g\\\/#breadcrumb\",\"itemListElement\":[{\"@type\":\"ListItem\",\"position\":1,\"name\":\"Home\",\"item\":\"https:\\\/\\\/miumjau.ee\\\/lv\\\/\"},{\"@type\":\"ListItem\",\"position\":2,\"name\":\"Veikals\",\"item\":\"https:\\\/\\\/miumjau.ee\\\/lv\\\/veikals\\\/\"},{\"@type\":\"ListItem\",\"position\":3,\"name\":\"Brit Premium mitr\u0101 bar\u012bba ka\u0137im ar mencu 100 g\"}]},{\"@type\":\"WebSite\",\"@id\":\"https:\\\/\\\/miumjau.ee\\\/#website\",\"url\":\"https:\\\/\\\/miumjau.ee\\\/\",\"name\":\"MiuMjau\",\"description\":\"Kraapimispuud kassidele\",\"publisher\":{\"@id\":\"https:\\\/\\\/miumjau.ee\\\/#organization\"},\"potentialAction\":[{\"@type\":\"SearchAction\",\"target\":{\"@type\":\"EntryPoint\",\"urlTemplate\":\"https:\\\/\\\/miumjau.ee\\\/?s={search_term_string}\"},\"query-input\":{\"@type\":\"PropertyValueSpecification\",\"valueRequired\":true,\"valueName\":\"search_term_string\"}}],\"inLanguage\":\"lv-LV\"},{\"@type\":\"Organization\",\"@id\":\"https:\\\/\\\/miumjau.ee\\\/#organization\",\"name\":\"MiuMjau O\u00dc\",\"url\":\"https:\\\/\\\/miumjau.ee\\\/\",\"logo\":{\"@type\":\"ImageObject\",\"inLanguage\":\"lv-LV\",\"@id\":\"https:\\\/\\\/miumjau.ee\\\/#\\\/schema\\\/logo\\\/image\\\/\",\"url\":\"https:\\\/\\\/miumjau.ee\\\/wp-content\\\/uploads\\\/2022\\\/04\\\/MiuMjau-logo-kollane.png\",\"contentUrl\":\"https:\\\/\\\/miumjau.ee\\\/wp-content\\\/uploads\\\/2022\\\/04\\\/MiuMjau-logo-kollane.png\",\"width\":219,\"height\":100,\"caption\":\"MiuMjau O\u00dc\"},\"image\":{\"@id\":\"https:\\\/\\\/miumjau.ee\\\/#\\\/schema\\\/logo\\\/image\\\/\"},\"sameAs\":[\"https:\\\/\\\/www.facebook.com\\\/miumjaupood\\\/\"]}]}<\/script>\n<!-- \/ Yoast SEO plugin. -->","yoast_head_json":{"title":"Brit Premium mitr\u0101 bar\u012bba ka\u0137im ar mencu 100 g - MiuMjau","robots":{"index":"index","follow":"follow","max-snippet":"max-snippet:-1","max-image-preview":"max-image-preview:large","max-video-preview":"max-video-preview:-1"},"canonical":"https:\/\/miumjau.ee\/lv\/produkts\/brit-premium-mitra-bariba-kakim-ar-mencu-100-g\/","og_locale":"lv_LV","og_type":"article","og_title":"Brit Premium mitr\u0101 bar\u012bba ka\u0137im ar mencu 100 g - MiuMjau","og_description":"Brit Premium konservi ka\u0137iem \u2013 augst\u0101k\u0101s kvalit\u0101tes, \u013coti sul\u012bgi, gar\u0161\u012bgi un ar augstu ga\u013cas saturu. Sast\u0101vs:60% ga\u013ca un dz\u012bvnieku izcelsmes produkti, 16% zivs un t\u0101s blakusprodukti (menca 8%), augu blakusprodukti (inul\u012bns 0,4%), miner\u0101lvielas. Bez kr\u0101sviel\u0101m un konservantiem. Anal\u012btisk\u0101s sast\u0101vda\u013cas:Kopprote\u012bns 8,5%, tauki 4,5%, kop\u0113jie pelni 2,5%, \u0161\u0137iedra 0,4%, mitrums 82,0%. Piedevas (1 kg):D3 vitam\u012bns 250 IU, E vitam\u012bns 100 mg, cinks 10 mg, mang\u0101ns 2 mg, jods 0,7 mg, var\u0161 0,2 mg, taur\u012bns 450 mg, biot\u012bns 0,1 mg.","og_url":"https:\/\/miumjau.ee\/lv\/produkts\/brit-premium-mitra-bariba-kakim-ar-mencu-100-g\/","og_site_name":"MiuMjau","article_publisher":"https:\/\/www.facebook.com\/miumjaupood\/","og_image":[{"width":600,"height":800,"url":"https:\/\/miumjau.ee\/wp-content\/uploads\/2024\/11\/Brit-Premium-Cod-Fish-Konservai-Katems-Su-Menke-100g-Photoroom.jpg","type":"image\/jpeg"}],"twitter_card":"summary_large_image","schema":{"@context":"https:\/\/schema.org","@graph":[{"@type":"WebPage","@id":"https:\/\/miumjau.ee\/lv\/produkts\/brit-premium-mitra-bariba-kakim-ar-mencu-100-g\/","url":"https:\/\/miumjau.ee\/lv\/produkts\/brit-premium-mitra-bariba-kakim-ar-mencu-100-g\/","name":"Brit Premium mitr\u0101 bar\u012bba ka\u0137im ar mencu 100 g - MiuMjau","isPartOf":{"@id":"https:\/\/miumjau.ee\/#website"},"primaryImageOfPage":{"@id":"https:\/\/miumjau.ee\/lv\/produkts\/brit-premium-mitra-bariba-kakim-ar-mencu-100-g\/#primaryimage"},"image":{"@id":"https:\/\/miumjau.ee\/lv\/produkts\/brit-premium-mitra-bariba-kakim-ar-mencu-100-g\/#primaryimage"},"thumbnailUrl":"https:\/\/miumjau.ee\/wp-content\/uploads\/2024\/11\/Brit-Premium-Cod-Fish-Konservai-Katems-Su-Menke-100g-Photoroom.jpg","datePublished":"2024-11-13T13:40:32+00:00","breadcrumb":{"@id":"https:\/\/miumjau.ee\/lv\/produkts\/brit-premium-mitra-bariba-kakim-ar-mencu-100-g\/#breadcrumb"},"inLanguage":"lv-LV","potentialAction":[{"@type":"ReadAction","target":["https:\/\/miumjau.ee\/lv\/produkts\/brit-premium-mitra-bariba-kakim-ar-mencu-100-g\/"]}]},{"@type":"ImageObject","inLanguage":"lv-LV","@id":"https:\/\/miumjau.ee\/lv\/produkts\/brit-premium-mitra-bariba-kakim-ar-mencu-100-g\/#primaryimage","url":"https:\/\/miumjau.ee\/wp-content\/uploads\/2024\/11\/Brit-Premium-Cod-Fish-Konservai-Katems-Su-Menke-100g-Photoroom.jpg","contentUrl":"https:\/\/miumjau.ee\/wp-content\/uploads\/2024\/11\/Brit-Premium-Cod-Fish-Konservai-Katems-Su-Menke-100g-Photoroom.jpg","width":600,"height":800},{"@type":"BreadcrumbList","@id":"https:\/\/miumjau.ee\/lv\/produkts\/brit-premium-mitra-bariba-kakim-ar-mencu-100-g\/#breadcrumb","itemListElement":[{"@type":"ListItem","position":1,"name":"Home","item":"https:\/\/miumjau.ee\/lv\/"},{"@type":"ListItem","position":2,"name":"Veikals","item":"https:\/\/miumjau.ee\/lv\/veikals\/"},{"@type":"ListItem","position":3,"name":"Brit Premium mitr\u0101 bar\u012bba ka\u0137im ar mencu 100 g"}]},{"@type":"WebSite","@id":"https:\/\/miumjau.ee\/#website","url":"https:\/\/miumjau.ee\/","name":"MiuMjau","description":"Kraapimispuud kassidele","publisher":{"@id":"https:\/\/miumjau.ee\/#organization"},"potentialAction":[{"@type":"SearchAction","target":{"@type":"EntryPoint","urlTemplate":"https:\/\/miumjau.ee\/?s={search_term_string}"},"query-input":{"@type":"PropertyValueSpecification","valueRequired":true,"valueName":"search_term_string"}}],"inLanguage":"lv-LV"},{"@type":"Organization","@id":"https:\/\/miumjau.ee\/#organization","name":"MiuMjau O\u00dc","url":"https:\/\/miumjau.ee\/","logo":{"@type":"ImageObject","inLanguage":"lv-LV","@id":"https:\/\/miumjau.ee\/#\/schema\/logo\/image\/","url":"https:\/\/miumjau.ee\/wp-content\/uploads\/2022\/04\/MiuMjau-logo-kollane.png","contentUrl":"https:\/\/miumjau.ee\/wp-content\/uploads\/2022\/04\/MiuMjau-logo-kollane.png","width":219,"height":100,"caption":"MiuMjau O\u00dc"},"image":{"@id":"https:\/\/miumjau.ee\/#\/schema\/logo\/image\/"},"sameAs":["https:\/\/www.facebook.com\/miumjaupood\/"]}]}},"_links":{"self":[{"href":"https:\/\/miumjau.ee\/lv\/wp-json\/wp\/v2\/product\/55814","targetHints":{"allow":["GET"]}}],"collection":[{"href":"https:\/\/miumjau.ee\/lv\/wp-json\/wp\/v2\/product"}],"about":[{"href":"https:\/\/miumjau.ee\/lv\/wp-json\/wp\/v2\/types\/product"}],"wp:featuredmedia":[{"embeddable":true,"href":"https:\/\/miumjau.ee\/lv\/wp-json\/wp\/v2\/media\/55815"}],"wp:attachment":[{"href":"https:\/\/miumjau.ee\/lv\/wp-json\/wp\/v2\/media?parent=55814"}],"wp:term":[{"taxonomy":"product_brand","embeddable":true,"href":"https:\/\/miumjau.ee\/lv\/wp-json\/wp\/v2\/product_brand?post=55814"},{"taxonomy":"product_cat","embeddable":true,"href":"https:\/\/miumjau.ee\/lv\/wp-json\/wp\/v2\/product_cat?post=55814"},{"taxonomy":"product_tag","embeddable":true,"href":"https:\/\/miumjau.ee\/lv\/wp-json\/wp\/v2\/product_tag?post=55814"}],"curies":[{"name":"wp","href":"https:\/\/api.w.org\/{rel}","templated":true}]}}