{"id":55808,"date":"2024-11-18T11:14:06","date_gmt":"2024-11-18T09:14:06","guid":{"rendered":"https:\/\/miumjau.ee\/toode\/applaws-sausa-pilnvertiga-bariba-kakiem-ar-vistu-04-kg\/"},"modified":"2024-11-18T11:14:06","modified_gmt":"2024-11-18T09:14:06","slug":"applaws-sausa-pilnvertiga-bariba-kakiem-ar-vistu-04-kg","status":"publish","type":"product","link":"https:\/\/miumjau.ee\/lv\/produkts\/applaws-sausa-pilnvertiga-bariba-kakiem-ar-vistu-04-kg\/","title":{"rendered":"Applaws sausa pilnv\u0113rt\u012bga bar\u012bba ka\u0137iem ar vistu 0,4 kg"},"content":{"rendered":"","protected":false},"excerpt":{"rendered":"<p data-start=\"163\" data-end=\"453\">Dabisks pilnv\u0113rt\u012bgs sausais bar\u012bbas ka\u0137iem ar vistu un dab\u012bgiem ekstraktiem. Applaws saus\u0101 bar\u012bba ir hipoaler\u0123iska un nesatur aler\u0123\u0113nus, piem\u0113ram, sojas pupas, kvie\u0161us, kukur\u016bzu un citus graudaugus. Satur akt\u012bvu probiotiku. Satur sast\u0101vda\u013cas, kas pal\u012bdz nov\u0113rst bumbu\u013cu veido\u0161anos v\u0113der\u0101.<\/p>\n<p data-start=\"455\" data-end=\"926\"><strong data-start=\"455\" data-end=\"512\">Ieteicamais dienas pat\u0113ri\u0146\u0161 un lieto\u0161anas nor\u0101d\u012bjumi:<\/strong><br data-start=\"512\" data-end=\"515\" \/>Pasniegt saus\u0101 veid\u0101. Ka\u0137iem, kas sver 1,25\u20133 kg: 20\u201340 g\/dien\u0101, 3\u20135 kg: 40\u201360 g\/dien\u0101, 5\u20138 kg: 60\u2013100 g\/dien\u0101. Daudzums var at\u0161\u0137irties atkar\u012bb\u0101 no dz\u012bvnieka lieluma, vecuma un aktivit\u0101tes. Vienm\u0113r nodro\u0161iniet pieejamu svaigu \u016bdeni. T\u0101 k\u0101 bar\u012bba ir augstas bar\u012bbas v\u0113rt\u012bbas, porcijas ir maz\u0101kas nek\u0101 parastajai ka\u0137u bar\u012bbai. P\u0101rejas uz jauno bar\u012bbu pirmaj\u0101s baro\u0161anas reiz\u0113s veic pak\u0101peniski 7\u201310 dienu laik\u0101.<\/p>\n<p data-start=\"928\" data-end=\"1308\"><strong data-start=\"928\" data-end=\"940\">Sast\u0101vs:<\/strong><br data-start=\"940\" data-end=\"943\" \/>\u017d\u0101v\u0113ti vistas milti (65%), svaiga malt\u0101 vista (17%), saldie kartupe\u013ci, alus raugs, kartupe\u013ci, bie\u0161u masa, vistas buljons, la\u0161u e\u013c\u013ca, vitam\u012bni un miner\u0101lvielas, \u017e\u0101v\u0113tas olas, augu celiulozes \u0161\u0137iedra (0,03%), n\u0101trija hlor\u012bds, kalcija karbon\u0101ts, j\u016bras a\u013c\u0123es, dz\u0113rvenes, DL-metion\u012bns, k\u0101lija hlor\u012bds, t\u012b\u0123el\u012blijas ekstrakts, citrusaug\u013cu ekstrakts, rozmar\u012bna ekstrakts.<\/p>\n<p data-start=\"1310\" data-end=\"1698\"><strong data-start=\"1310\" data-end=\"1330\">Piedevas (1 kg):<\/strong><br data-start=\"1330\" data-end=\"1333\" \/>A vitam\u012bns (retinilacet\u0101ts) 27 850 IU, D3 vitam\u012bns (holekalciferols) 1 200 IU, E vitam\u012bns (alfa-tokoferols acet\u0101ts) 615 IU, sel\u0113ns (n\u0101trija seleni\u012bts) 0,13 mg, jods (kalcija jod\u0101ts) 1,5 mg, dzelzs (dzelzs(II) sulf\u0101ts monohidr\u0101ts) 80 mg, var\u0161 (vara sulf\u0101ts pentahidr\u0101ts) 48 mg, mang\u0101ns (mang\u0101na sulf\u0101ts monohidr\u0101ts) 38 mg, cinks (cinka sulf\u0101ts monohidr\u0101ts) 135 mg.<\/p>\n<p data-start=\"1700\" data-end=\"1867\"><strong data-start=\"1700\" data-end=\"1727\">Tehnolo\u0123iskie piedevas:<\/strong><br data-start=\"1727\" data-end=\"1730\" \/>E1705 Enterococcus faecium (SF68; NCIMB 10415) 1 000 000 000 CFU\/kg, dab\u012bgs antioksidants: tokoferolu mais\u012bjums un rozmar\u012bna ekstrakts.<\/p>\n<p data-start=\"1869\" data-end=\"2049\"><strong data-start=\"1869\" data-end=\"1897\">Anal\u012btisk\u0101s sast\u0101vda\u013cas:<\/strong> kopprote\u012bns 37%, kop\u0113jie tauki 20%, kop\u0161\u0137iedra 2,1%, kop\u0113jie pelni 10,8%, kalcijs 2,8%, fosfors 1,7%, omega-6 3,8%, omega-3 0,8%, taur\u012bns 2000 mg\/kg.<\/p>\n<p data-start=\"2051\" data-end=\"2092\"><strong data-start=\"2051\" data-end=\"2075\">Ener\u0123\u0113tisk\u0101 v\u0113rt\u012bba:<\/strong> 418 kcal\/100 g<\/p>\n","protected":false},"featured_media":55800,"template":"","meta":[],"product_brand":[],"product_cat":[569],"product_tag":[],"class_list":{"0":"post-55808","1":"product","2":"type-product","3":"status-publish","4":"has-post-thumbnail","6":"product_cat-sausa-bariba","8":"first","9":"outofstock","10":"taxable","11":"shipping-taxable","12":"purchasable","13":"product-type-simple"},"yoast_head":"<!-- This site is optimized with the Yoast SEO plugin v27.4 - https:\/\/yoast.com\/product\/yoast-seo-wordpress\/ -->\n<title>Applaws sausa pilnv\u0113rt\u012bga bar\u012bba ka\u0137iem ar vistu 0,4 kg - MiuMjau<\/title>\n<meta name=\"robots\" content=\"index, follow, max-snippet:-1, max-image-preview:large, max-video-preview:-1\" \/>\n<link rel=\"canonical\" href=\"https:\/\/miumjau.ee\/lv\/produkts\/applaws-sausa-pilnvertiga-bariba-kakiem-ar-vistu-04-kg\/\" \/>\n<meta property=\"og:locale\" content=\"lv_LV\" \/>\n<meta property=\"og:type\" content=\"article\" \/>\n<meta property=\"og:title\" content=\"Applaws sausa pilnv\u0113rt\u012bga bar\u012bba ka\u0137iem ar vistu 0,4 kg - MiuMjau\" \/>\n<meta property=\"og:description\" content=\"Dabisks pilnv\u0113rt\u012bgs sausais bar\u012bbas ka\u0137iem ar vistu un dab\u012bgiem ekstraktiem. Applaws saus\u0101 bar\u012bba ir hipoaler\u0123iska un nesatur aler\u0123\u0113nus, piem\u0113ram, sojas pupas, kvie\u0161us, kukur\u016bzu un citus graudaugus. Satur akt\u012bvu probiotiku. Satur sast\u0101vda\u013cas, kas pal\u012bdz nov\u0113rst bumbu\u013cu veido\u0161anos v\u0113der\u0101. Ieteicamais dienas pat\u0113ri\u0146\u0161 un lieto\u0161anas nor\u0101d\u012bjumi:Pasniegt saus\u0101 veid\u0101. Ka\u0137iem, kas sver 1,25\u20133 kg: 20\u201340 g\/dien\u0101, 3\u20135 kg: 40\u201360 g\/dien\u0101, 5\u20138 kg: 60\u2013100 g\/dien\u0101. Daudzums var at\u0161\u0137irties atkar\u012bb\u0101 no dz\u012bvnieka lieluma, vecuma un aktivit\u0101tes. Vienm\u0113r nodro\u0161iniet pieejamu svaigu \u016bdeni. T\u0101 k\u0101 bar\u012bba ir augstas bar\u012bbas v\u0113rt\u012bbas, porcijas ir maz\u0101kas nek\u0101 parastajai ka\u0137u bar\u012bbai. P\u0101rejas uz jauno bar\u012bbu pirmaj\u0101s baro\u0161anas reiz\u0113s veic pak\u0101peniski 7\u201310 dienu laik\u0101. Sast\u0101vs:\u017d\u0101v\u0113ti vistas milti (65%), svaiga malt\u0101 vista (17%), saldie kartupe\u013ci, alus raugs, kartupe\u013ci, bie\u0161u masa, vistas buljons, la\u0161u e\u013c\u013ca, vitam\u012bni un miner\u0101lvielas, \u017e\u0101v\u0113tas olas, augu celiulozes \u0161\u0137iedra (0,03%), n\u0101trija hlor\u012bds, kalcija karbon\u0101ts, j\u016bras a\u013c\u0123es, dz\u0113rvenes, DL-metion\u012bns, k\u0101lija hlor\u012bds, t\u012b\u0123el\u012blijas ekstrakts, citrusaug\u013cu ekstrakts, rozmar\u012bna ekstrakts. Piedevas (1 kg):A vitam\u012bns (retinilacet\u0101ts) 27 850 IU, D3 vitam\u012bns (holekalciferols) 1 200 IU, E vitam\u012bns (alfa-tokoferols acet\u0101ts) 615 IU, sel\u0113ns (n\u0101trija seleni\u012bts) 0,13 mg, jods (kalcija jod\u0101ts) 1,5 mg, dzelzs (dzelzs(II) sulf\u0101ts monohidr\u0101ts) 80 mg, var\u0161 (vara sulf\u0101ts pentahidr\u0101ts) 48 mg, mang\u0101ns (mang\u0101na sulf\u0101ts monohidr\u0101ts) 38 mg, cinks (cinka sulf\u0101ts monohidr\u0101ts) 135 mg. Tehnolo\u0123iskie piedevas:E1705 Enterococcus faecium (SF68; NCIMB 10415) 1 000 000 000 CFU\/kg, dab\u012bgs antioksidants: tokoferolu mais\u012bjums un rozmar\u012bna ekstrakts. Anal\u012btisk\u0101s sast\u0101vda\u013cas: kopprote\u012bns 37%, kop\u0113jie tauki 20%, kop\u0161\u0137iedra 2,1%, kop\u0113jie pelni 10,8%, kalcijs 2,8%, fosfors 1,7%, omega-6 3,8%, omega-3 0,8%, taur\u012bns 2000 mg\/kg. Ener\u0123\u0113tisk\u0101 v\u0113rt\u012bba: 418 kcal\/100 g\" \/>\n<meta property=\"og:url\" content=\"https:\/\/miumjau.ee\/lv\/produkts\/applaws-sausa-pilnvertiga-bariba-kakiem-ar-vistu-04-kg\/\" \/>\n<meta property=\"og:site_name\" content=\"MiuMjau\" \/>\n<meta property=\"article:publisher\" content=\"https:\/\/www.facebook.com\/miumjaupood\/\" \/>\n<meta property=\"og:image\" content=\"https:\/\/miumjau.ee\/wp-content\/uploads\/2024\/11\/applaws-adult-chicken-400g.jpg\" \/>\n\t<meta property=\"og:image:width\" content=\"600\" \/>\n\t<meta property=\"og:image:height\" content=\"800\" \/>\n\t<meta property=\"og:image:type\" content=\"image\/jpeg\" \/>\n<meta name=\"twitter:card\" content=\"summary_large_image\" \/>\n<script type=\"application\/ld+json\" class=\"yoast-schema-graph\">{\"@context\":\"https:\\\/\\\/schema.org\",\"@graph\":[{\"@type\":\"WebPage\",\"@id\":\"https:\\\/\\\/miumjau.ee\\\/lv\\\/produkts\\\/applaws-sausa-pilnvertiga-bariba-kakiem-ar-vistu-04-kg\\\/\",\"url\":\"https:\\\/\\\/miumjau.ee\\\/lv\\\/produkts\\\/applaws-sausa-pilnvertiga-bariba-kakiem-ar-vistu-04-kg\\\/\",\"name\":\"Applaws sausa pilnv\u0113rt\u012bga bar\u012bba ka\u0137iem ar vistu 0,4 kg - MiuMjau\",\"isPartOf\":{\"@id\":\"https:\\\/\\\/miumjau.ee\\\/#website\"},\"primaryImageOfPage\":{\"@id\":\"https:\\\/\\\/miumjau.ee\\\/lv\\\/produkts\\\/applaws-sausa-pilnvertiga-bariba-kakiem-ar-vistu-04-kg\\\/#primaryimage\"},\"image\":{\"@id\":\"https:\\\/\\\/miumjau.ee\\\/lv\\\/produkts\\\/applaws-sausa-pilnvertiga-bariba-kakiem-ar-vistu-04-kg\\\/#primaryimage\"},\"thumbnailUrl\":\"https:\\\/\\\/miumjau.ee\\\/wp-content\\\/uploads\\\/2024\\\/11\\\/applaws-adult-chicken-400g.jpg\",\"datePublished\":\"2024-11-18T09:14:06+00:00\",\"breadcrumb\":{\"@id\":\"https:\\\/\\\/miumjau.ee\\\/lv\\\/produkts\\\/applaws-sausa-pilnvertiga-bariba-kakiem-ar-vistu-04-kg\\\/#breadcrumb\"},\"inLanguage\":\"lv-LV\",\"potentialAction\":[{\"@type\":\"ReadAction\",\"target\":[\"https:\\\/\\\/miumjau.ee\\\/lv\\\/produkts\\\/applaws-sausa-pilnvertiga-bariba-kakiem-ar-vistu-04-kg\\\/\"]}]},{\"@type\":\"ImageObject\",\"inLanguage\":\"lv-LV\",\"@id\":\"https:\\\/\\\/miumjau.ee\\\/lv\\\/produkts\\\/applaws-sausa-pilnvertiga-bariba-kakiem-ar-vistu-04-kg\\\/#primaryimage\",\"url\":\"https:\\\/\\\/miumjau.ee\\\/wp-content\\\/uploads\\\/2024\\\/11\\\/applaws-adult-chicken-400g.jpg\",\"contentUrl\":\"https:\\\/\\\/miumjau.ee\\\/wp-content\\\/uploads\\\/2024\\\/11\\\/applaws-adult-chicken-400g.jpg\",\"width\":600,\"height\":800},{\"@type\":\"BreadcrumbList\",\"@id\":\"https:\\\/\\\/miumjau.ee\\\/lv\\\/produkts\\\/applaws-sausa-pilnvertiga-bariba-kakiem-ar-vistu-04-kg\\\/#breadcrumb\",\"itemListElement\":[{\"@type\":\"ListItem\",\"position\":1,\"name\":\"Home\",\"item\":\"https:\\\/\\\/miumjau.ee\\\/lv\\\/\"},{\"@type\":\"ListItem\",\"position\":2,\"name\":\"Veikals\",\"item\":\"https:\\\/\\\/miumjau.ee\\\/lv\\\/veikals\\\/\"},{\"@type\":\"ListItem\",\"position\":3,\"name\":\"Applaws sausa pilnv\u0113rt\u012bga bar\u012bba ka\u0137iem ar vistu 0,4 kg\"}]},{\"@type\":\"WebSite\",\"@id\":\"https:\\\/\\\/miumjau.ee\\\/#website\",\"url\":\"https:\\\/\\\/miumjau.ee\\\/\",\"name\":\"MiuMjau\",\"description\":\"Kraapimispuud kassidele\",\"publisher\":{\"@id\":\"https:\\\/\\\/miumjau.ee\\\/#organization\"},\"potentialAction\":[{\"@type\":\"SearchAction\",\"target\":{\"@type\":\"EntryPoint\",\"urlTemplate\":\"https:\\\/\\\/miumjau.ee\\\/?s={search_term_string}\"},\"query-input\":{\"@type\":\"PropertyValueSpecification\",\"valueRequired\":true,\"valueName\":\"search_term_string\"}}],\"inLanguage\":\"lv-LV\"},{\"@type\":\"Organization\",\"@id\":\"https:\\\/\\\/miumjau.ee\\\/#organization\",\"name\":\"MiuMjau O\u00dc\",\"url\":\"https:\\\/\\\/miumjau.ee\\\/\",\"logo\":{\"@type\":\"ImageObject\",\"inLanguage\":\"lv-LV\",\"@id\":\"https:\\\/\\\/miumjau.ee\\\/#\\\/schema\\\/logo\\\/image\\\/\",\"url\":\"https:\\\/\\\/miumjau.ee\\\/wp-content\\\/uploads\\\/2022\\\/04\\\/MiuMjau-logo-kollane.png\",\"contentUrl\":\"https:\\\/\\\/miumjau.ee\\\/wp-content\\\/uploads\\\/2022\\\/04\\\/MiuMjau-logo-kollane.png\",\"width\":219,\"height\":100,\"caption\":\"MiuMjau O\u00dc\"},\"image\":{\"@id\":\"https:\\\/\\\/miumjau.ee\\\/#\\\/schema\\\/logo\\\/image\\\/\"},\"sameAs\":[\"https:\\\/\\\/www.facebook.com\\\/miumjaupood\\\/\"]}]}<\/script>\n<!-- \/ Yoast SEO plugin. -->","yoast_head_json":{"title":"Applaws sausa pilnv\u0113rt\u012bga bar\u012bba ka\u0137iem ar vistu 0,4 kg - MiuMjau","robots":{"index":"index","follow":"follow","max-snippet":"max-snippet:-1","max-image-preview":"max-image-preview:large","max-video-preview":"max-video-preview:-1"},"canonical":"https:\/\/miumjau.ee\/lv\/produkts\/applaws-sausa-pilnvertiga-bariba-kakiem-ar-vistu-04-kg\/","og_locale":"lv_LV","og_type":"article","og_title":"Applaws sausa pilnv\u0113rt\u012bga bar\u012bba ka\u0137iem ar vistu 0,4 kg - MiuMjau","og_description":"Dabisks pilnv\u0113rt\u012bgs sausais bar\u012bbas ka\u0137iem ar vistu un dab\u012bgiem ekstraktiem. Applaws saus\u0101 bar\u012bba ir hipoaler\u0123iska un nesatur aler\u0123\u0113nus, piem\u0113ram, sojas pupas, kvie\u0161us, kukur\u016bzu un citus graudaugus. Satur akt\u012bvu probiotiku. Satur sast\u0101vda\u013cas, kas pal\u012bdz nov\u0113rst bumbu\u013cu veido\u0161anos v\u0113der\u0101. Ieteicamais dienas pat\u0113ri\u0146\u0161 un lieto\u0161anas nor\u0101d\u012bjumi:Pasniegt saus\u0101 veid\u0101. Ka\u0137iem, kas sver 1,25\u20133 kg: 20\u201340 g\/dien\u0101, 3\u20135 kg: 40\u201360 g\/dien\u0101, 5\u20138 kg: 60\u2013100 g\/dien\u0101. Daudzums var at\u0161\u0137irties atkar\u012bb\u0101 no dz\u012bvnieka lieluma, vecuma un aktivit\u0101tes. Vienm\u0113r nodro\u0161iniet pieejamu svaigu \u016bdeni. T\u0101 k\u0101 bar\u012bba ir augstas bar\u012bbas v\u0113rt\u012bbas, porcijas ir maz\u0101kas nek\u0101 parastajai ka\u0137u bar\u012bbai. P\u0101rejas uz jauno bar\u012bbu pirmaj\u0101s baro\u0161anas reiz\u0113s veic pak\u0101peniski 7\u201310 dienu laik\u0101. Sast\u0101vs:\u017d\u0101v\u0113ti vistas milti (65%), svaiga malt\u0101 vista (17%), saldie kartupe\u013ci, alus raugs, kartupe\u013ci, bie\u0161u masa, vistas buljons, la\u0161u e\u013c\u013ca, vitam\u012bni un miner\u0101lvielas, \u017e\u0101v\u0113tas olas, augu celiulozes \u0161\u0137iedra (0,03%), n\u0101trija hlor\u012bds, kalcija karbon\u0101ts, j\u016bras a\u013c\u0123es, dz\u0113rvenes, DL-metion\u012bns, k\u0101lija hlor\u012bds, t\u012b\u0123el\u012blijas ekstrakts, citrusaug\u013cu ekstrakts, rozmar\u012bna ekstrakts. Piedevas (1 kg):A vitam\u012bns (retinilacet\u0101ts) 27 850 IU, D3 vitam\u012bns (holekalciferols) 1 200 IU, E vitam\u012bns (alfa-tokoferols acet\u0101ts) 615 IU, sel\u0113ns (n\u0101trija seleni\u012bts) 0,13 mg, jods (kalcija jod\u0101ts) 1,5 mg, dzelzs (dzelzs(II) sulf\u0101ts monohidr\u0101ts) 80 mg, var\u0161 (vara sulf\u0101ts pentahidr\u0101ts) 48 mg, mang\u0101ns (mang\u0101na sulf\u0101ts monohidr\u0101ts) 38 mg, cinks (cinka sulf\u0101ts monohidr\u0101ts) 135 mg. Tehnolo\u0123iskie piedevas:E1705 Enterococcus faecium (SF68; NCIMB 10415) 1 000 000 000 CFU\/kg, dab\u012bgs antioksidants: tokoferolu mais\u012bjums un rozmar\u012bna ekstrakts. Anal\u012btisk\u0101s sast\u0101vda\u013cas: kopprote\u012bns 37%, kop\u0113jie tauki 20%, kop\u0161\u0137iedra 2,1%, kop\u0113jie pelni 10,8%, kalcijs 2,8%, fosfors 1,7%, omega-6 3,8%, omega-3 0,8%, taur\u012bns 2000 mg\/kg. Ener\u0123\u0113tisk\u0101 v\u0113rt\u012bba: 418 kcal\/100 g","og_url":"https:\/\/miumjau.ee\/lv\/produkts\/applaws-sausa-pilnvertiga-bariba-kakiem-ar-vistu-04-kg\/","og_site_name":"MiuMjau","article_publisher":"https:\/\/www.facebook.com\/miumjaupood\/","og_image":[{"width":600,"height":800,"url":"https:\/\/miumjau.ee\/wp-content\/uploads\/2024\/11\/applaws-adult-chicken-400g.jpg","type":"image\/jpeg"}],"twitter_card":"summary_large_image","schema":{"@context":"https:\/\/schema.org","@graph":[{"@type":"WebPage","@id":"https:\/\/miumjau.ee\/lv\/produkts\/applaws-sausa-pilnvertiga-bariba-kakiem-ar-vistu-04-kg\/","url":"https:\/\/miumjau.ee\/lv\/produkts\/applaws-sausa-pilnvertiga-bariba-kakiem-ar-vistu-04-kg\/","name":"Applaws sausa pilnv\u0113rt\u012bga bar\u012bba ka\u0137iem ar vistu 0,4 kg - MiuMjau","isPartOf":{"@id":"https:\/\/miumjau.ee\/#website"},"primaryImageOfPage":{"@id":"https:\/\/miumjau.ee\/lv\/produkts\/applaws-sausa-pilnvertiga-bariba-kakiem-ar-vistu-04-kg\/#primaryimage"},"image":{"@id":"https:\/\/miumjau.ee\/lv\/produkts\/applaws-sausa-pilnvertiga-bariba-kakiem-ar-vistu-04-kg\/#primaryimage"},"thumbnailUrl":"https:\/\/miumjau.ee\/wp-content\/uploads\/2024\/11\/applaws-adult-chicken-400g.jpg","datePublished":"2024-11-18T09:14:06+00:00","breadcrumb":{"@id":"https:\/\/miumjau.ee\/lv\/produkts\/applaws-sausa-pilnvertiga-bariba-kakiem-ar-vistu-04-kg\/#breadcrumb"},"inLanguage":"lv-LV","potentialAction":[{"@type":"ReadAction","target":["https:\/\/miumjau.ee\/lv\/produkts\/applaws-sausa-pilnvertiga-bariba-kakiem-ar-vistu-04-kg\/"]}]},{"@type":"ImageObject","inLanguage":"lv-LV","@id":"https:\/\/miumjau.ee\/lv\/produkts\/applaws-sausa-pilnvertiga-bariba-kakiem-ar-vistu-04-kg\/#primaryimage","url":"https:\/\/miumjau.ee\/wp-content\/uploads\/2024\/11\/applaws-adult-chicken-400g.jpg","contentUrl":"https:\/\/miumjau.ee\/wp-content\/uploads\/2024\/11\/applaws-adult-chicken-400g.jpg","width":600,"height":800},{"@type":"BreadcrumbList","@id":"https:\/\/miumjau.ee\/lv\/produkts\/applaws-sausa-pilnvertiga-bariba-kakiem-ar-vistu-04-kg\/#breadcrumb","itemListElement":[{"@type":"ListItem","position":1,"name":"Home","item":"https:\/\/miumjau.ee\/lv\/"},{"@type":"ListItem","position":2,"name":"Veikals","item":"https:\/\/miumjau.ee\/lv\/veikals\/"},{"@type":"ListItem","position":3,"name":"Applaws sausa pilnv\u0113rt\u012bga bar\u012bba ka\u0137iem ar vistu 0,4 kg"}]},{"@type":"WebSite","@id":"https:\/\/miumjau.ee\/#website","url":"https:\/\/miumjau.ee\/","name":"MiuMjau","description":"Kraapimispuud kassidele","publisher":{"@id":"https:\/\/miumjau.ee\/#organization"},"potentialAction":[{"@type":"SearchAction","target":{"@type":"EntryPoint","urlTemplate":"https:\/\/miumjau.ee\/?s={search_term_string}"},"query-input":{"@type":"PropertyValueSpecification","valueRequired":true,"valueName":"search_term_string"}}],"inLanguage":"lv-LV"},{"@type":"Organization","@id":"https:\/\/miumjau.ee\/#organization","name":"MiuMjau O\u00dc","url":"https:\/\/miumjau.ee\/","logo":{"@type":"ImageObject","inLanguage":"lv-LV","@id":"https:\/\/miumjau.ee\/#\/schema\/logo\/image\/","url":"https:\/\/miumjau.ee\/wp-content\/uploads\/2022\/04\/MiuMjau-logo-kollane.png","contentUrl":"https:\/\/miumjau.ee\/wp-content\/uploads\/2022\/04\/MiuMjau-logo-kollane.png","width":219,"height":100,"caption":"MiuMjau O\u00dc"},"image":{"@id":"https:\/\/miumjau.ee\/#\/schema\/logo\/image\/"},"sameAs":["https:\/\/www.facebook.com\/miumjaupood\/"]}]}},"_links":{"self":[{"href":"https:\/\/miumjau.ee\/lv\/wp-json\/wp\/v2\/product\/55808","targetHints":{"allow":["GET"]}}],"collection":[{"href":"https:\/\/miumjau.ee\/lv\/wp-json\/wp\/v2\/product"}],"about":[{"href":"https:\/\/miumjau.ee\/lv\/wp-json\/wp\/v2\/types\/product"}],"wp:featuredmedia":[{"embeddable":true,"href":"https:\/\/miumjau.ee\/lv\/wp-json\/wp\/v2\/media\/55800"}],"wp:attachment":[{"href":"https:\/\/miumjau.ee\/lv\/wp-json\/wp\/v2\/media?parent=55808"}],"wp:term":[{"taxonomy":"product_brand","embeddable":true,"href":"https:\/\/miumjau.ee\/lv\/wp-json\/wp\/v2\/product_brand?post=55808"},{"taxonomy":"product_cat","embeddable":true,"href":"https:\/\/miumjau.ee\/lv\/wp-json\/wp\/v2\/product_cat?post=55808"},{"taxonomy":"product_tag","embeddable":true,"href":"https:\/\/miumjau.ee\/lv\/wp-json\/wp\/v2\/product_tag?post=55808"}],"curies":[{"name":"wp","href":"https:\/\/api.w.org\/{rel}","templated":true}]}}