{"id":55798,"date":"2024-11-18T10:40:26","date_gmt":"2024-11-18T08:40:26","guid":{"rendered":"https:\/\/miumjau.ee\/toode\/applaws-pilnvertiga-sausa-bariba-kakiem-ar-vistu-un-lasi-2-kg\/"},"modified":"2024-11-18T10:40:26","modified_gmt":"2024-11-18T08:40:26","slug":"applaws-pilnvertiga-sausa-bariba-kakiem-ar-vistu-un-lasi-2-kg","status":"publish","type":"product","link":"https:\/\/miumjau.ee\/lv\/produkts\/applaws-pilnvertiga-sausa-bariba-kakiem-ar-vistu-un-lasi-2-kg\/","title":{"rendered":"Applaws pilnv\u0113rt\u012bga sausa bar\u012bba ka\u0137iem ar vistu un lasi 2 kg"},"content":{"rendered":"","protected":false},"excerpt":{"rendered":"<p data-start=\"130\" data-end=\"351\">Pilnv\u0113rt\u012bga bar\u012bba pieaugu\u0161iem ka\u0137iem ar vistu un lasi. Piem\u0113rots ar\u012b steriliz\u0113tiem\/kastr\u0113tiem ka\u0137iem. Applaws saus\u0101 bar\u012bba ir hipoaler\u0123iska. Bez graudaugiem. Izgatavota vismaz 80% no dz\u012bvnieku izcelsmes olbaltumviel\u0101m.<\/p>\n<p data-start=\"353\" data-end=\"719\"><strong data-start=\"353\" data-end=\"410\">Ieteicamais dienas pat\u0113ri\u0146\u0161 un lieto\u0161anas nor\u0101d\u012bjumi:<\/strong><br data-start=\"410\" data-end=\"413\" \/>Baro\u0161anas nor\u0101d\u012bjumi: skat\u012bt uz iepakojuma. Daudzums var at\u0161\u0137irties atkar\u012bb\u0101 no dz\u012bvnieka lieluma, vecuma un aktivit\u0101tes. P\u0101rejas uz jauno bar\u012bbu pirmaj\u0101s baro\u0161anas reiz\u0113s veic pak\u0101peniski 7\u201310 dienu laik\u0101. Vienm\u0113r nodro\u0161iniet pieejamu svaigu \u016bdeni. Pasniedziet saus\u0101 veid\u0101. Uzglab\u0101t saus\u0101 un v\u0113s\u0101 viet\u0101.<\/p>\n<p data-start=\"721\" data-end=\"1100\"><strong data-start=\"721\" data-end=\"733\">Sast\u0101vs:<\/strong> vistas milti 40%, kartupe\u013ci*, lasis 9,5% (svaigi gatavots lasis* 5,5%, la\u0161u milti 4%), putnu tauki 8%, vitam\u012bni un miner\u0101lvielas, bie\u0161u masa*, m\u0113rce no putnu ga\u013cas 1,5%, la\u0161u e\u013c\u013ca 0,5%, olu pulveris*, kalt\u0113tas alus rauga* ekstrakts, sikoru ekstrakts* 0,2% (prebiotiska FOS avots), j\u016bras a\u013c\u0123es*, Yucca schidigera ekstrakts*, dz\u0113rve\u0146u pulveris. *Dab\u012bgas sast\u0101vda\u013cas.<\/p>\n<p data-start=\"1102\" data-end=\"1649\"><strong data-start=\"1102\" data-end=\"1145\">Pievienot\u0101s bar\u012bbas piedevas (uz 1 kg):<\/strong><br data-start=\"1145\" data-end=\"1148\" \/>Vitam\u012bni: A vitam\u012bns 29000 IU, D3 vitam\u012bns 1000 IU, E vitam\u012bns 640 mg, taur\u012bns 1000 mg. Aminosk\u0101bes: DL-metion\u012bns 250 mg. Mikroelementi: jods (kalcija jod\u012bds, bez\u016bdens) 1 mg, dzelzs (dzelzs(II)sulf\u0101ta monohidr\u0101ts) 50 mg, cinks (cinka sulf\u0101ta monohidr\u0101ts) 100 mg, mang\u0101ns (mang\u0101na(II) oks\u012bds) 50 mg, var\u0161 (var\u0161(II) sulf\u0101ta pentahidr\u0101ts) 5 mg. Tehnolo\u0123isk\u0101s piedevas: antioksidanti: tokoferola ekstrakti. Precip\u012bt\u0101cijas nov\u0113r\u0161anas l\u012bdzek\u013ci: sepiol\u012bts 300 mg. Sensorisk\u0101s piedevas: rozmar\u012bna ekstrakts.<\/p>\n<p data-start=\"1651\" data-end=\"1847\"><strong data-start=\"1651\" data-end=\"1679\">Anal\u012btisk\u0101s sast\u0101vda\u013cas:<\/strong> kopprote\u012bns 36,5%, kop\u0161\u0137iedra 1,5%, kop\u0113jie tauki 16%, kop\u0113jie pelni 8%, omega-6 3,2%, omega-3 0,6%, kalcijs 2,1%, fosfors 1,2%. Ener\u0123\u0113tisk\u0101 v\u0113rt\u012bba 100 g\/404,4 kcal<\/p>\n","protected":false},"featured_media":55801,"template":"","meta":[],"product_brand":[],"product_cat":[569],"product_tag":[],"class_list":{"0":"post-55798","1":"product","2":"type-product","3":"status-publish","4":"has-post-thumbnail","6":"product_cat-sausa-bariba","8":"first","9":"outofstock","10":"taxable","11":"shipping-taxable","12":"purchasable","13":"product-type-simple"},"yoast_head":"<!-- This site is optimized with the Yoast SEO plugin v27.4 - https:\/\/yoast.com\/product\/yoast-seo-wordpress\/ -->\n<title>Applaws pilnv\u0113rt\u012bga sausa bar\u012bba ka\u0137iem ar vistu un lasi 2 kg - MiuMjau<\/title>\n<meta name=\"robots\" content=\"index, follow, max-snippet:-1, max-image-preview:large, max-video-preview:-1\" \/>\n<link rel=\"canonical\" href=\"https:\/\/miumjau.ee\/lv\/produkts\/applaws-pilnvertiga-sausa-bariba-kakiem-ar-vistu-un-lasi-2-kg\/\" \/>\n<meta property=\"og:locale\" content=\"lv_LV\" \/>\n<meta property=\"og:type\" content=\"article\" \/>\n<meta property=\"og:title\" content=\"Applaws pilnv\u0113rt\u012bga sausa bar\u012bba ka\u0137iem ar vistu un lasi 2 kg - MiuMjau\" \/>\n<meta property=\"og:description\" content=\"Pilnv\u0113rt\u012bga bar\u012bba pieaugu\u0161iem ka\u0137iem ar vistu un lasi. Piem\u0113rots ar\u012b steriliz\u0113tiem\/kastr\u0113tiem ka\u0137iem. Applaws saus\u0101 bar\u012bba ir hipoaler\u0123iska. Bez graudaugiem. Izgatavota vismaz 80% no dz\u012bvnieku izcelsmes olbaltumviel\u0101m. Ieteicamais dienas pat\u0113ri\u0146\u0161 un lieto\u0161anas nor\u0101d\u012bjumi:Baro\u0161anas nor\u0101d\u012bjumi: skat\u012bt uz iepakojuma. Daudzums var at\u0161\u0137irties atkar\u012bb\u0101 no dz\u012bvnieka lieluma, vecuma un aktivit\u0101tes. P\u0101rejas uz jauno bar\u012bbu pirmaj\u0101s baro\u0161anas reiz\u0113s veic pak\u0101peniski 7\u201310 dienu laik\u0101. Vienm\u0113r nodro\u0161iniet pieejamu svaigu \u016bdeni. Pasniedziet saus\u0101 veid\u0101. Uzglab\u0101t saus\u0101 un v\u0113s\u0101 viet\u0101. Sast\u0101vs: vistas milti 40%, kartupe\u013ci*, lasis 9,5% (svaigi gatavots lasis* 5,5%, la\u0161u milti 4%), putnu tauki 8%, vitam\u012bni un miner\u0101lvielas, bie\u0161u masa*, m\u0113rce no putnu ga\u013cas 1,5%, la\u0161u e\u013c\u013ca 0,5%, olu pulveris*, kalt\u0113tas alus rauga* ekstrakts, sikoru ekstrakts* 0,2% (prebiotiska FOS avots), j\u016bras a\u013c\u0123es*, Yucca schidigera ekstrakts*, dz\u0113rve\u0146u pulveris. *Dab\u012bgas sast\u0101vda\u013cas. Pievienot\u0101s bar\u012bbas piedevas (uz 1 kg):Vitam\u012bni: A vitam\u012bns 29000 IU, D3 vitam\u012bns 1000 IU, E vitam\u012bns 640 mg, taur\u012bns 1000 mg. Aminosk\u0101bes: DL-metion\u012bns 250 mg. Mikroelementi: jods (kalcija jod\u012bds, bez\u016bdens) 1 mg, dzelzs (dzelzs(II)sulf\u0101ta monohidr\u0101ts) 50 mg, cinks (cinka sulf\u0101ta monohidr\u0101ts) 100 mg, mang\u0101ns (mang\u0101na(II) oks\u012bds) 50 mg, var\u0161 (var\u0161(II) sulf\u0101ta pentahidr\u0101ts) 5 mg. Tehnolo\u0123isk\u0101s piedevas: antioksidanti: tokoferola ekstrakti. Precip\u012bt\u0101cijas nov\u0113r\u0161anas l\u012bdzek\u013ci: sepiol\u012bts 300 mg. Sensorisk\u0101s piedevas: rozmar\u012bna ekstrakts. Anal\u012btisk\u0101s sast\u0101vda\u013cas: kopprote\u012bns 36,5%, kop\u0161\u0137iedra 1,5%, kop\u0113jie tauki 16%, kop\u0113jie pelni 8%, omega-6 3,2%, omega-3 0,6%, kalcijs 2,1%, fosfors 1,2%. Ener\u0123\u0113tisk\u0101 v\u0113rt\u012bba 100 g\/404,4 kcal\" \/>\n<meta property=\"og:url\" content=\"https:\/\/miumjau.ee\/lv\/produkts\/applaws-pilnvertiga-sausa-bariba-kakiem-ar-vistu-un-lasi-2-kg\/\" \/>\n<meta property=\"og:site_name\" content=\"MiuMjau\" \/>\n<meta property=\"article:publisher\" content=\"https:\/\/www.facebook.com\/miumjaupood\/\" \/>\n<meta property=\"og:image\" content=\"https:\/\/miumjau.ee\/wp-content\/uploads\/2024\/11\/applaws-chicken-salmon-adult-2kg.jpg\" \/>\n\t<meta property=\"og:image:width\" content=\"600\" \/>\n\t<meta property=\"og:image:height\" content=\"800\" \/>\n\t<meta property=\"og:image:type\" content=\"image\/jpeg\" \/>\n<meta name=\"twitter:card\" content=\"summary_large_image\" \/>\n<script type=\"application\/ld+json\" class=\"yoast-schema-graph\">{\"@context\":\"https:\\\/\\\/schema.org\",\"@graph\":[{\"@type\":\"WebPage\",\"@id\":\"https:\\\/\\\/miumjau.ee\\\/lv\\\/produkts\\\/applaws-pilnvertiga-sausa-bariba-kakiem-ar-vistu-un-lasi-2-kg\\\/\",\"url\":\"https:\\\/\\\/miumjau.ee\\\/lv\\\/produkts\\\/applaws-pilnvertiga-sausa-bariba-kakiem-ar-vistu-un-lasi-2-kg\\\/\",\"name\":\"Applaws pilnv\u0113rt\u012bga sausa bar\u012bba ka\u0137iem ar vistu un lasi 2 kg - MiuMjau\",\"isPartOf\":{\"@id\":\"https:\\\/\\\/miumjau.ee\\\/#website\"},\"primaryImageOfPage\":{\"@id\":\"https:\\\/\\\/miumjau.ee\\\/lv\\\/produkts\\\/applaws-pilnvertiga-sausa-bariba-kakiem-ar-vistu-un-lasi-2-kg\\\/#primaryimage\"},\"image\":{\"@id\":\"https:\\\/\\\/miumjau.ee\\\/lv\\\/produkts\\\/applaws-pilnvertiga-sausa-bariba-kakiem-ar-vistu-un-lasi-2-kg\\\/#primaryimage\"},\"thumbnailUrl\":\"https:\\\/\\\/miumjau.ee\\\/wp-content\\\/uploads\\\/2024\\\/11\\\/applaws-chicken-salmon-adult-2kg.jpg\",\"datePublished\":\"2024-11-18T08:40:26+00:00\",\"breadcrumb\":{\"@id\":\"https:\\\/\\\/miumjau.ee\\\/lv\\\/produkts\\\/applaws-pilnvertiga-sausa-bariba-kakiem-ar-vistu-un-lasi-2-kg\\\/#breadcrumb\"},\"inLanguage\":\"lv-LV\",\"potentialAction\":[{\"@type\":\"ReadAction\",\"target\":[\"https:\\\/\\\/miumjau.ee\\\/lv\\\/produkts\\\/applaws-pilnvertiga-sausa-bariba-kakiem-ar-vistu-un-lasi-2-kg\\\/\"]}]},{\"@type\":\"ImageObject\",\"inLanguage\":\"lv-LV\",\"@id\":\"https:\\\/\\\/miumjau.ee\\\/lv\\\/produkts\\\/applaws-pilnvertiga-sausa-bariba-kakiem-ar-vistu-un-lasi-2-kg\\\/#primaryimage\",\"url\":\"https:\\\/\\\/miumjau.ee\\\/wp-content\\\/uploads\\\/2024\\\/11\\\/applaws-chicken-salmon-adult-2kg.jpg\",\"contentUrl\":\"https:\\\/\\\/miumjau.ee\\\/wp-content\\\/uploads\\\/2024\\\/11\\\/applaws-chicken-salmon-adult-2kg.jpg\",\"width\":600,\"height\":800},{\"@type\":\"BreadcrumbList\",\"@id\":\"https:\\\/\\\/miumjau.ee\\\/lv\\\/produkts\\\/applaws-pilnvertiga-sausa-bariba-kakiem-ar-vistu-un-lasi-2-kg\\\/#breadcrumb\",\"itemListElement\":[{\"@type\":\"ListItem\",\"position\":1,\"name\":\"Home\",\"item\":\"https:\\\/\\\/miumjau.ee\\\/lv\\\/\"},{\"@type\":\"ListItem\",\"position\":2,\"name\":\"Veikals\",\"item\":\"https:\\\/\\\/miumjau.ee\\\/lv\\\/veikals\\\/\"},{\"@type\":\"ListItem\",\"position\":3,\"name\":\"Applaws pilnv\u0113rt\u012bga sausa bar\u012bba ka\u0137iem ar vistu un lasi 2 kg\"}]},{\"@type\":\"WebSite\",\"@id\":\"https:\\\/\\\/miumjau.ee\\\/#website\",\"url\":\"https:\\\/\\\/miumjau.ee\\\/\",\"name\":\"MiuMjau\",\"description\":\"Kraapimispuud kassidele\",\"publisher\":{\"@id\":\"https:\\\/\\\/miumjau.ee\\\/#organization\"},\"potentialAction\":[{\"@type\":\"SearchAction\",\"target\":{\"@type\":\"EntryPoint\",\"urlTemplate\":\"https:\\\/\\\/miumjau.ee\\\/?s={search_term_string}\"},\"query-input\":{\"@type\":\"PropertyValueSpecification\",\"valueRequired\":true,\"valueName\":\"search_term_string\"}}],\"inLanguage\":\"lv-LV\"},{\"@type\":\"Organization\",\"@id\":\"https:\\\/\\\/miumjau.ee\\\/#organization\",\"name\":\"MiuMjau O\u00dc\",\"url\":\"https:\\\/\\\/miumjau.ee\\\/\",\"logo\":{\"@type\":\"ImageObject\",\"inLanguage\":\"lv-LV\",\"@id\":\"https:\\\/\\\/miumjau.ee\\\/#\\\/schema\\\/logo\\\/image\\\/\",\"url\":\"https:\\\/\\\/miumjau.ee\\\/wp-content\\\/uploads\\\/2022\\\/04\\\/MiuMjau-logo-kollane.png\",\"contentUrl\":\"https:\\\/\\\/miumjau.ee\\\/wp-content\\\/uploads\\\/2022\\\/04\\\/MiuMjau-logo-kollane.png\",\"width\":219,\"height\":100,\"caption\":\"MiuMjau O\u00dc\"},\"image\":{\"@id\":\"https:\\\/\\\/miumjau.ee\\\/#\\\/schema\\\/logo\\\/image\\\/\"},\"sameAs\":[\"https:\\\/\\\/www.facebook.com\\\/miumjaupood\\\/\"]}]}<\/script>\n<!-- \/ Yoast SEO plugin. -->","yoast_head_json":{"title":"Applaws pilnv\u0113rt\u012bga sausa bar\u012bba ka\u0137iem ar vistu un lasi 2 kg - MiuMjau","robots":{"index":"index","follow":"follow","max-snippet":"max-snippet:-1","max-image-preview":"max-image-preview:large","max-video-preview":"max-video-preview:-1"},"canonical":"https:\/\/miumjau.ee\/lv\/produkts\/applaws-pilnvertiga-sausa-bariba-kakiem-ar-vistu-un-lasi-2-kg\/","og_locale":"lv_LV","og_type":"article","og_title":"Applaws pilnv\u0113rt\u012bga sausa bar\u012bba ka\u0137iem ar vistu un lasi 2 kg - MiuMjau","og_description":"Pilnv\u0113rt\u012bga bar\u012bba pieaugu\u0161iem ka\u0137iem ar vistu un lasi. Piem\u0113rots ar\u012b steriliz\u0113tiem\/kastr\u0113tiem ka\u0137iem. Applaws saus\u0101 bar\u012bba ir hipoaler\u0123iska. Bez graudaugiem. Izgatavota vismaz 80% no dz\u012bvnieku izcelsmes olbaltumviel\u0101m. Ieteicamais dienas pat\u0113ri\u0146\u0161 un lieto\u0161anas nor\u0101d\u012bjumi:Baro\u0161anas nor\u0101d\u012bjumi: skat\u012bt uz iepakojuma. Daudzums var at\u0161\u0137irties atkar\u012bb\u0101 no dz\u012bvnieka lieluma, vecuma un aktivit\u0101tes. P\u0101rejas uz jauno bar\u012bbu pirmaj\u0101s baro\u0161anas reiz\u0113s veic pak\u0101peniski 7\u201310 dienu laik\u0101. Vienm\u0113r nodro\u0161iniet pieejamu svaigu \u016bdeni. Pasniedziet saus\u0101 veid\u0101. Uzglab\u0101t saus\u0101 un v\u0113s\u0101 viet\u0101. Sast\u0101vs: vistas milti 40%, kartupe\u013ci*, lasis 9,5% (svaigi gatavots lasis* 5,5%, la\u0161u milti 4%), putnu tauki 8%, vitam\u012bni un miner\u0101lvielas, bie\u0161u masa*, m\u0113rce no putnu ga\u013cas 1,5%, la\u0161u e\u013c\u013ca 0,5%, olu pulveris*, kalt\u0113tas alus rauga* ekstrakts, sikoru ekstrakts* 0,2% (prebiotiska FOS avots), j\u016bras a\u013c\u0123es*, Yucca schidigera ekstrakts*, dz\u0113rve\u0146u pulveris. *Dab\u012bgas sast\u0101vda\u013cas. Pievienot\u0101s bar\u012bbas piedevas (uz 1 kg):Vitam\u012bni: A vitam\u012bns 29000 IU, D3 vitam\u012bns 1000 IU, E vitam\u012bns 640 mg, taur\u012bns 1000 mg. Aminosk\u0101bes: DL-metion\u012bns 250 mg. Mikroelementi: jods (kalcija jod\u012bds, bez\u016bdens) 1 mg, dzelzs (dzelzs(II)sulf\u0101ta monohidr\u0101ts) 50 mg, cinks (cinka sulf\u0101ta monohidr\u0101ts) 100 mg, mang\u0101ns (mang\u0101na(II) oks\u012bds) 50 mg, var\u0161 (var\u0161(II) sulf\u0101ta pentahidr\u0101ts) 5 mg. Tehnolo\u0123isk\u0101s piedevas: antioksidanti: tokoferola ekstrakti. Precip\u012bt\u0101cijas nov\u0113r\u0161anas l\u012bdzek\u013ci: sepiol\u012bts 300 mg. Sensorisk\u0101s piedevas: rozmar\u012bna ekstrakts. Anal\u012btisk\u0101s sast\u0101vda\u013cas: kopprote\u012bns 36,5%, kop\u0161\u0137iedra 1,5%, kop\u0113jie tauki 16%, kop\u0113jie pelni 8%, omega-6 3,2%, omega-3 0,6%, kalcijs 2,1%, fosfors 1,2%. Ener\u0123\u0113tisk\u0101 v\u0113rt\u012bba 100 g\/404,4 kcal","og_url":"https:\/\/miumjau.ee\/lv\/produkts\/applaws-pilnvertiga-sausa-bariba-kakiem-ar-vistu-un-lasi-2-kg\/","og_site_name":"MiuMjau","article_publisher":"https:\/\/www.facebook.com\/miumjaupood\/","og_image":[{"width":600,"height":800,"url":"https:\/\/miumjau.ee\/wp-content\/uploads\/2024\/11\/applaws-chicken-salmon-adult-2kg.jpg","type":"image\/jpeg"}],"twitter_card":"summary_large_image","schema":{"@context":"https:\/\/schema.org","@graph":[{"@type":"WebPage","@id":"https:\/\/miumjau.ee\/lv\/produkts\/applaws-pilnvertiga-sausa-bariba-kakiem-ar-vistu-un-lasi-2-kg\/","url":"https:\/\/miumjau.ee\/lv\/produkts\/applaws-pilnvertiga-sausa-bariba-kakiem-ar-vistu-un-lasi-2-kg\/","name":"Applaws pilnv\u0113rt\u012bga sausa bar\u012bba ka\u0137iem ar vistu un lasi 2 kg - MiuMjau","isPartOf":{"@id":"https:\/\/miumjau.ee\/#website"},"primaryImageOfPage":{"@id":"https:\/\/miumjau.ee\/lv\/produkts\/applaws-pilnvertiga-sausa-bariba-kakiem-ar-vistu-un-lasi-2-kg\/#primaryimage"},"image":{"@id":"https:\/\/miumjau.ee\/lv\/produkts\/applaws-pilnvertiga-sausa-bariba-kakiem-ar-vistu-un-lasi-2-kg\/#primaryimage"},"thumbnailUrl":"https:\/\/miumjau.ee\/wp-content\/uploads\/2024\/11\/applaws-chicken-salmon-adult-2kg.jpg","datePublished":"2024-11-18T08:40:26+00:00","breadcrumb":{"@id":"https:\/\/miumjau.ee\/lv\/produkts\/applaws-pilnvertiga-sausa-bariba-kakiem-ar-vistu-un-lasi-2-kg\/#breadcrumb"},"inLanguage":"lv-LV","potentialAction":[{"@type":"ReadAction","target":["https:\/\/miumjau.ee\/lv\/produkts\/applaws-pilnvertiga-sausa-bariba-kakiem-ar-vistu-un-lasi-2-kg\/"]}]},{"@type":"ImageObject","inLanguage":"lv-LV","@id":"https:\/\/miumjau.ee\/lv\/produkts\/applaws-pilnvertiga-sausa-bariba-kakiem-ar-vistu-un-lasi-2-kg\/#primaryimage","url":"https:\/\/miumjau.ee\/wp-content\/uploads\/2024\/11\/applaws-chicken-salmon-adult-2kg.jpg","contentUrl":"https:\/\/miumjau.ee\/wp-content\/uploads\/2024\/11\/applaws-chicken-salmon-adult-2kg.jpg","width":600,"height":800},{"@type":"BreadcrumbList","@id":"https:\/\/miumjau.ee\/lv\/produkts\/applaws-pilnvertiga-sausa-bariba-kakiem-ar-vistu-un-lasi-2-kg\/#breadcrumb","itemListElement":[{"@type":"ListItem","position":1,"name":"Home","item":"https:\/\/miumjau.ee\/lv\/"},{"@type":"ListItem","position":2,"name":"Veikals","item":"https:\/\/miumjau.ee\/lv\/veikals\/"},{"@type":"ListItem","position":3,"name":"Applaws pilnv\u0113rt\u012bga sausa bar\u012bba ka\u0137iem ar vistu un lasi 2 kg"}]},{"@type":"WebSite","@id":"https:\/\/miumjau.ee\/#website","url":"https:\/\/miumjau.ee\/","name":"MiuMjau","description":"Kraapimispuud kassidele","publisher":{"@id":"https:\/\/miumjau.ee\/#organization"},"potentialAction":[{"@type":"SearchAction","target":{"@type":"EntryPoint","urlTemplate":"https:\/\/miumjau.ee\/?s={search_term_string}"},"query-input":{"@type":"PropertyValueSpecification","valueRequired":true,"valueName":"search_term_string"}}],"inLanguage":"lv-LV"},{"@type":"Organization","@id":"https:\/\/miumjau.ee\/#organization","name":"MiuMjau O\u00dc","url":"https:\/\/miumjau.ee\/","logo":{"@type":"ImageObject","inLanguage":"lv-LV","@id":"https:\/\/miumjau.ee\/#\/schema\/logo\/image\/","url":"https:\/\/miumjau.ee\/wp-content\/uploads\/2022\/04\/MiuMjau-logo-kollane.png","contentUrl":"https:\/\/miumjau.ee\/wp-content\/uploads\/2022\/04\/MiuMjau-logo-kollane.png","width":219,"height":100,"caption":"MiuMjau O\u00dc"},"image":{"@id":"https:\/\/miumjau.ee\/#\/schema\/logo\/image\/"},"sameAs":["https:\/\/www.facebook.com\/miumjaupood\/"]}]}},"_links":{"self":[{"href":"https:\/\/miumjau.ee\/lv\/wp-json\/wp\/v2\/product\/55798","targetHints":{"allow":["GET"]}}],"collection":[{"href":"https:\/\/miumjau.ee\/lv\/wp-json\/wp\/v2\/product"}],"about":[{"href":"https:\/\/miumjau.ee\/lv\/wp-json\/wp\/v2\/types\/product"}],"wp:featuredmedia":[{"embeddable":true,"href":"https:\/\/miumjau.ee\/lv\/wp-json\/wp\/v2\/media\/55801"}],"wp:attachment":[{"href":"https:\/\/miumjau.ee\/lv\/wp-json\/wp\/v2\/media?parent=55798"}],"wp:term":[{"taxonomy":"product_brand","embeddable":true,"href":"https:\/\/miumjau.ee\/lv\/wp-json\/wp\/v2\/product_brand?post=55798"},{"taxonomy":"product_cat","embeddable":true,"href":"https:\/\/miumjau.ee\/lv\/wp-json\/wp\/v2\/product_cat?post=55798"},{"taxonomy":"product_tag","embeddable":true,"href":"https:\/\/miumjau.ee\/lv\/wp-json\/wp\/v2\/product_tag?post=55798"}],"curies":[{"name":"wp","href":"https:\/\/api.w.org\/{rel}","templated":true}]}}