{"id":55796,"date":"2024-11-15T10:22:01","date_gmt":"2024-11-15T08:22:01","guid":{"rendered":"https:\/\/miumjau.ee\/toode\/aatas-cat-tantalizing-mitrs-baribas-kakiem-ar-tunca-un-garnelem-80-g\/"},"modified":"2024-11-15T10:22:01","modified_gmt":"2024-11-15T08:22:01","slug":"aatas-cat-tantalizing-mitrs-baribas-kakiem-ar-tunca-un-garnelem-80-g","status":"publish","type":"product","link":"https:\/\/miumjau.ee\/lv\/produkts\/aatas-cat-tantalizing-mitrs-baribas-kakiem-ar-tunca-un-garnelem-80-g\/","title":{"rendered":"Aatas Cat Tantalizing mitrs bar\u012bbas ka\u0137iem ar tun\u010da un garnel\u0113m 80 g"},"content":{"rendered":"","protected":false},"excerpt":{"rendered":"<p data-start=\"137\" data-end=\"234\">Vesel\u012bgs un r\u016bp\u012bgi izstr\u0101d\u0101ts mitrs bar\u012bbas produkts ka\u0137iem. Lieliska izv\u0113le vesel\u012bgam uzturam.<\/p>\n<ul data-start=\"236\" data-end=\"363\">\n<li data-section-id=\"9lvynn\" data-start=\"236\" data-end=\"269\">Zems tauku un kaloriju saturs<\/li>\n<li data-section-id=\"1cqvwhu\" data-start=\"270\" data-end=\"309\">Patiks ar\u012b visizv\u0113l\u012bg\u0101kajiem ka\u0137iem<\/li>\n<li data-section-id=\"1g3hbya\" data-start=\"310\" data-end=\"329\">Bez graudaugiem<\/li>\n<li data-section-id=\"xshvo7\" data-start=\"330\" data-end=\"351\">Bez konservantiem<\/li>\n<li data-section-id=\"1d8iid1\" data-start=\"352\" data-end=\"363\">Bez \u0122MO<\/li>\n<\/ul>\n<p data-start=\"365\" data-end=\"424\"><strong data-start=\"365\" data-end=\"377\">Sast\u0101vs:<\/strong> tun\u010da buljons, tuncis, garneles, biezin\u0101t\u0101ji<\/p>\n<p data-start=\"426\" data-end=\"580\"><strong data-start=\"426\" data-end=\"454\">Anal\u012btisk\u0101s sast\u0101vda\u013cas:<\/strong> kopprote\u012bns (min) 11,50%, kop\u0113jie tauki (min) 0,60%, kop\u0161\u0137iedra (max) 0,20%, mitrums (max) 86,0%, kop\u0113jie pelni (max) 1,00%<\/p>\n<p data-start=\"582\" data-end=\"642\"><strong data-start=\"582\" data-end=\"606\">Ener\u0123\u0113tisk\u0101 v\u0113rt\u012bba:<\/strong> 480,0 kcal\/kg, 38,4 kcal\/konservs<\/p>\n","protected":false},"featured_media":55528,"template":"","meta":[],"product_brand":[],"product_cat":[571],"product_tag":[],"class_list":{"0":"post-55796","1":"product","2":"type-product","3":"status-publish","4":"has-post-thumbnail","6":"product_cat-mitra-bariba","8":"first","9":"instock","10":"taxable","11":"shipping-taxable","12":"purchasable","13":"product-type-simple"},"yoast_head":"<!-- This site is optimized with the Yoast SEO plugin v27.4 - https:\/\/yoast.com\/product\/yoast-seo-wordpress\/ -->\n<title>Aatas Cat Tantalizing mitrs bar\u012bbas ka\u0137iem ar tun\u010da un garnel\u0113m 80 g - MiuMjau<\/title>\n<meta name=\"robots\" content=\"index, follow, max-snippet:-1, max-image-preview:large, max-video-preview:-1\" \/>\n<link rel=\"canonical\" href=\"https:\/\/miumjau.ee\/lv\/produkts\/aatas-cat-tantalizing-mitrs-baribas-kakiem-ar-tunca-un-garnelem-80-g\/\" \/>\n<meta property=\"og:locale\" content=\"lv_LV\" \/>\n<meta property=\"og:type\" content=\"article\" \/>\n<meta property=\"og:title\" content=\"Aatas Cat Tantalizing mitrs bar\u012bbas ka\u0137iem ar tun\u010da un garnel\u0113m 80 g - MiuMjau\" \/>\n<meta property=\"og:description\" content=\"Vesel\u012bgs un r\u016bp\u012bgi izstr\u0101d\u0101ts mitrs bar\u012bbas produkts ka\u0137iem. Lieliska izv\u0113le vesel\u012bgam uzturam.    Zems tauku un kaloriju saturs  Patiks ar\u012b visizv\u0113l\u012bg\u0101kajiem ka\u0137iem  Bez graudaugiem  Bez konservantiem  Bez \u0122MO  Sast\u0101vs: tun\u010da buljons, tuncis, garneles, biezin\u0101t\u0101ji Anal\u012btisk\u0101s sast\u0101vda\u013cas: kopprote\u012bns (min) 11,50%, kop\u0113jie tauki (min) 0,60%, kop\u0161\u0137iedra (max) 0,20%, mitrums (max) 86,0%, kop\u0113jie pelni (max) 1,00% Ener\u0123\u0113tisk\u0101 v\u0113rt\u012bba: 480,0 kcal\/kg, 38,4 kcal\/konservs\" \/>\n<meta property=\"og:url\" content=\"https:\/\/miumjau.ee\/lv\/produkts\/aatas-cat-tantalizing-mitrs-baribas-kakiem-ar-tunca-un-garnelem-80-g\/\" \/>\n<meta property=\"og:site_name\" content=\"MiuMjau\" \/>\n<meta property=\"article:publisher\" content=\"https:\/\/www.facebook.com\/miumjaupood\/\" \/>\n<meta property=\"og:image\" content=\"https:\/\/miumjau.ee\/wp-content\/uploads\/2024\/11\/aatas-tantalizing-kosnerv-kassile-tuna-shrimp.jpg\" \/>\n\t<meta property=\"og:image:width\" content=\"600\" \/>\n\t<meta property=\"og:image:height\" content=\"800\" \/>\n\t<meta property=\"og:image:type\" content=\"image\/jpeg\" \/>\n<meta name=\"twitter:card\" content=\"summary_large_image\" \/>\n<script type=\"application\/ld+json\" class=\"yoast-schema-graph\">{\"@context\":\"https:\\\/\\\/schema.org\",\"@graph\":[{\"@type\":\"WebPage\",\"@id\":\"https:\\\/\\\/miumjau.ee\\\/lv\\\/produkts\\\/aatas-cat-tantalizing-mitrs-baribas-kakiem-ar-tunca-un-garnelem-80-g\\\/\",\"url\":\"https:\\\/\\\/miumjau.ee\\\/lv\\\/produkts\\\/aatas-cat-tantalizing-mitrs-baribas-kakiem-ar-tunca-un-garnelem-80-g\\\/\",\"name\":\"Aatas Cat Tantalizing mitrs bar\u012bbas ka\u0137iem ar tun\u010da un garnel\u0113m 80 g - MiuMjau\",\"isPartOf\":{\"@id\":\"https:\\\/\\\/miumjau.ee\\\/#website\"},\"primaryImageOfPage\":{\"@id\":\"https:\\\/\\\/miumjau.ee\\\/lv\\\/produkts\\\/aatas-cat-tantalizing-mitrs-baribas-kakiem-ar-tunca-un-garnelem-80-g\\\/#primaryimage\"},\"image\":{\"@id\":\"https:\\\/\\\/miumjau.ee\\\/lv\\\/produkts\\\/aatas-cat-tantalizing-mitrs-baribas-kakiem-ar-tunca-un-garnelem-80-g\\\/#primaryimage\"},\"thumbnailUrl\":\"https:\\\/\\\/miumjau.ee\\\/wp-content\\\/uploads\\\/2024\\\/11\\\/aatas-tantalizing-kosnerv-kassile-tuna-shrimp.jpg\",\"datePublished\":\"2024-11-15T08:22:01+00:00\",\"breadcrumb\":{\"@id\":\"https:\\\/\\\/miumjau.ee\\\/lv\\\/produkts\\\/aatas-cat-tantalizing-mitrs-baribas-kakiem-ar-tunca-un-garnelem-80-g\\\/#breadcrumb\"},\"inLanguage\":\"lv-LV\",\"potentialAction\":[{\"@type\":\"ReadAction\",\"target\":[\"https:\\\/\\\/miumjau.ee\\\/lv\\\/produkts\\\/aatas-cat-tantalizing-mitrs-baribas-kakiem-ar-tunca-un-garnelem-80-g\\\/\"]}]},{\"@type\":\"ImageObject\",\"inLanguage\":\"lv-LV\",\"@id\":\"https:\\\/\\\/miumjau.ee\\\/lv\\\/produkts\\\/aatas-cat-tantalizing-mitrs-baribas-kakiem-ar-tunca-un-garnelem-80-g\\\/#primaryimage\",\"url\":\"https:\\\/\\\/miumjau.ee\\\/wp-content\\\/uploads\\\/2024\\\/11\\\/aatas-tantalizing-kosnerv-kassile-tuna-shrimp.jpg\",\"contentUrl\":\"https:\\\/\\\/miumjau.ee\\\/wp-content\\\/uploads\\\/2024\\\/11\\\/aatas-tantalizing-kosnerv-kassile-tuna-shrimp.jpg\",\"width\":600,\"height\":800},{\"@type\":\"BreadcrumbList\",\"@id\":\"https:\\\/\\\/miumjau.ee\\\/lv\\\/produkts\\\/aatas-cat-tantalizing-mitrs-baribas-kakiem-ar-tunca-un-garnelem-80-g\\\/#breadcrumb\",\"itemListElement\":[{\"@type\":\"ListItem\",\"position\":1,\"name\":\"Home\",\"item\":\"https:\\\/\\\/miumjau.ee\\\/lv\\\/\"},{\"@type\":\"ListItem\",\"position\":2,\"name\":\"Veikals\",\"item\":\"https:\\\/\\\/miumjau.ee\\\/lv\\\/veikals\\\/\"},{\"@type\":\"ListItem\",\"position\":3,\"name\":\"Aatas Cat Tantalizing mitrs bar\u012bbas ka\u0137iem ar tun\u010da un garnel\u0113m 80 g\"}]},{\"@type\":\"WebSite\",\"@id\":\"https:\\\/\\\/miumjau.ee\\\/#website\",\"url\":\"https:\\\/\\\/miumjau.ee\\\/\",\"name\":\"MiuMjau\",\"description\":\"Kraapimispuud kassidele\",\"publisher\":{\"@id\":\"https:\\\/\\\/miumjau.ee\\\/#organization\"},\"potentialAction\":[{\"@type\":\"SearchAction\",\"target\":{\"@type\":\"EntryPoint\",\"urlTemplate\":\"https:\\\/\\\/miumjau.ee\\\/?s={search_term_string}\"},\"query-input\":{\"@type\":\"PropertyValueSpecification\",\"valueRequired\":true,\"valueName\":\"search_term_string\"}}],\"inLanguage\":\"lv-LV\"},{\"@type\":\"Organization\",\"@id\":\"https:\\\/\\\/miumjau.ee\\\/#organization\",\"name\":\"MiuMjau O\u00dc\",\"url\":\"https:\\\/\\\/miumjau.ee\\\/\",\"logo\":{\"@type\":\"ImageObject\",\"inLanguage\":\"lv-LV\",\"@id\":\"https:\\\/\\\/miumjau.ee\\\/#\\\/schema\\\/logo\\\/image\\\/\",\"url\":\"https:\\\/\\\/miumjau.ee\\\/wp-content\\\/uploads\\\/2022\\\/04\\\/MiuMjau-logo-kollane.png\",\"contentUrl\":\"https:\\\/\\\/miumjau.ee\\\/wp-content\\\/uploads\\\/2022\\\/04\\\/MiuMjau-logo-kollane.png\",\"width\":219,\"height\":100,\"caption\":\"MiuMjau O\u00dc\"},\"image\":{\"@id\":\"https:\\\/\\\/miumjau.ee\\\/#\\\/schema\\\/logo\\\/image\\\/\"},\"sameAs\":[\"https:\\\/\\\/www.facebook.com\\\/miumjaupood\\\/\"]}]}<\/script>\n<!-- \/ Yoast SEO plugin. -->","yoast_head_json":{"title":"Aatas Cat Tantalizing mitrs bar\u012bbas ka\u0137iem ar tun\u010da un garnel\u0113m 80 g - MiuMjau","robots":{"index":"index","follow":"follow","max-snippet":"max-snippet:-1","max-image-preview":"max-image-preview:large","max-video-preview":"max-video-preview:-1"},"canonical":"https:\/\/miumjau.ee\/lv\/produkts\/aatas-cat-tantalizing-mitrs-baribas-kakiem-ar-tunca-un-garnelem-80-g\/","og_locale":"lv_LV","og_type":"article","og_title":"Aatas Cat Tantalizing mitrs bar\u012bbas ka\u0137iem ar tun\u010da un garnel\u0113m 80 g - MiuMjau","og_description":"Vesel\u012bgs un r\u016bp\u012bgi izstr\u0101d\u0101ts mitrs bar\u012bbas produkts ka\u0137iem. Lieliska izv\u0113le vesel\u012bgam uzturam.    Zems tauku un kaloriju saturs  Patiks ar\u012b visizv\u0113l\u012bg\u0101kajiem ka\u0137iem  Bez graudaugiem  Bez konservantiem  Bez \u0122MO  Sast\u0101vs: tun\u010da buljons, tuncis, garneles, biezin\u0101t\u0101ji Anal\u012btisk\u0101s sast\u0101vda\u013cas: kopprote\u012bns (min) 11,50%, kop\u0113jie tauki (min) 0,60%, kop\u0161\u0137iedra (max) 0,20%, mitrums (max) 86,0%, kop\u0113jie pelni (max) 1,00% Ener\u0123\u0113tisk\u0101 v\u0113rt\u012bba: 480,0 kcal\/kg, 38,4 kcal\/konservs","og_url":"https:\/\/miumjau.ee\/lv\/produkts\/aatas-cat-tantalizing-mitrs-baribas-kakiem-ar-tunca-un-garnelem-80-g\/","og_site_name":"MiuMjau","article_publisher":"https:\/\/www.facebook.com\/miumjaupood\/","og_image":[{"width":600,"height":800,"url":"https:\/\/miumjau.ee\/wp-content\/uploads\/2024\/11\/aatas-tantalizing-kosnerv-kassile-tuna-shrimp.jpg","type":"image\/jpeg"}],"twitter_card":"summary_large_image","schema":{"@context":"https:\/\/schema.org","@graph":[{"@type":"WebPage","@id":"https:\/\/miumjau.ee\/lv\/produkts\/aatas-cat-tantalizing-mitrs-baribas-kakiem-ar-tunca-un-garnelem-80-g\/","url":"https:\/\/miumjau.ee\/lv\/produkts\/aatas-cat-tantalizing-mitrs-baribas-kakiem-ar-tunca-un-garnelem-80-g\/","name":"Aatas Cat Tantalizing mitrs bar\u012bbas ka\u0137iem ar tun\u010da un garnel\u0113m 80 g - MiuMjau","isPartOf":{"@id":"https:\/\/miumjau.ee\/#website"},"primaryImageOfPage":{"@id":"https:\/\/miumjau.ee\/lv\/produkts\/aatas-cat-tantalizing-mitrs-baribas-kakiem-ar-tunca-un-garnelem-80-g\/#primaryimage"},"image":{"@id":"https:\/\/miumjau.ee\/lv\/produkts\/aatas-cat-tantalizing-mitrs-baribas-kakiem-ar-tunca-un-garnelem-80-g\/#primaryimage"},"thumbnailUrl":"https:\/\/miumjau.ee\/wp-content\/uploads\/2024\/11\/aatas-tantalizing-kosnerv-kassile-tuna-shrimp.jpg","datePublished":"2024-11-15T08:22:01+00:00","breadcrumb":{"@id":"https:\/\/miumjau.ee\/lv\/produkts\/aatas-cat-tantalizing-mitrs-baribas-kakiem-ar-tunca-un-garnelem-80-g\/#breadcrumb"},"inLanguage":"lv-LV","potentialAction":[{"@type":"ReadAction","target":["https:\/\/miumjau.ee\/lv\/produkts\/aatas-cat-tantalizing-mitrs-baribas-kakiem-ar-tunca-un-garnelem-80-g\/"]}]},{"@type":"ImageObject","inLanguage":"lv-LV","@id":"https:\/\/miumjau.ee\/lv\/produkts\/aatas-cat-tantalizing-mitrs-baribas-kakiem-ar-tunca-un-garnelem-80-g\/#primaryimage","url":"https:\/\/miumjau.ee\/wp-content\/uploads\/2024\/11\/aatas-tantalizing-kosnerv-kassile-tuna-shrimp.jpg","contentUrl":"https:\/\/miumjau.ee\/wp-content\/uploads\/2024\/11\/aatas-tantalizing-kosnerv-kassile-tuna-shrimp.jpg","width":600,"height":800},{"@type":"BreadcrumbList","@id":"https:\/\/miumjau.ee\/lv\/produkts\/aatas-cat-tantalizing-mitrs-baribas-kakiem-ar-tunca-un-garnelem-80-g\/#breadcrumb","itemListElement":[{"@type":"ListItem","position":1,"name":"Home","item":"https:\/\/miumjau.ee\/lv\/"},{"@type":"ListItem","position":2,"name":"Veikals","item":"https:\/\/miumjau.ee\/lv\/veikals\/"},{"@type":"ListItem","position":3,"name":"Aatas Cat Tantalizing mitrs bar\u012bbas ka\u0137iem ar tun\u010da un garnel\u0113m 80 g"}]},{"@type":"WebSite","@id":"https:\/\/miumjau.ee\/#website","url":"https:\/\/miumjau.ee\/","name":"MiuMjau","description":"Kraapimispuud kassidele","publisher":{"@id":"https:\/\/miumjau.ee\/#organization"},"potentialAction":[{"@type":"SearchAction","target":{"@type":"EntryPoint","urlTemplate":"https:\/\/miumjau.ee\/?s={search_term_string}"},"query-input":{"@type":"PropertyValueSpecification","valueRequired":true,"valueName":"search_term_string"}}],"inLanguage":"lv-LV"},{"@type":"Organization","@id":"https:\/\/miumjau.ee\/#organization","name":"MiuMjau O\u00dc","url":"https:\/\/miumjau.ee\/","logo":{"@type":"ImageObject","inLanguage":"lv-LV","@id":"https:\/\/miumjau.ee\/#\/schema\/logo\/image\/","url":"https:\/\/miumjau.ee\/wp-content\/uploads\/2022\/04\/MiuMjau-logo-kollane.png","contentUrl":"https:\/\/miumjau.ee\/wp-content\/uploads\/2022\/04\/MiuMjau-logo-kollane.png","width":219,"height":100,"caption":"MiuMjau O\u00dc"},"image":{"@id":"https:\/\/miumjau.ee\/#\/schema\/logo\/image\/"},"sameAs":["https:\/\/www.facebook.com\/miumjaupood\/"]}]}},"_links":{"self":[{"href":"https:\/\/miumjau.ee\/lv\/wp-json\/wp\/v2\/product\/55796","targetHints":{"allow":["GET"]}}],"collection":[{"href":"https:\/\/miumjau.ee\/lv\/wp-json\/wp\/v2\/product"}],"about":[{"href":"https:\/\/miumjau.ee\/lv\/wp-json\/wp\/v2\/types\/product"}],"wp:featuredmedia":[{"embeddable":true,"href":"https:\/\/miumjau.ee\/lv\/wp-json\/wp\/v2\/media\/55528"}],"wp:attachment":[{"href":"https:\/\/miumjau.ee\/lv\/wp-json\/wp\/v2\/media?parent=55796"}],"wp:term":[{"taxonomy":"product_brand","embeddable":true,"href":"https:\/\/miumjau.ee\/lv\/wp-json\/wp\/v2\/product_brand?post=55796"},{"taxonomy":"product_cat","embeddable":true,"href":"https:\/\/miumjau.ee\/lv\/wp-json\/wp\/v2\/product_cat?post=55796"},{"taxonomy":"product_tag","embeddable":true,"href":"https:\/\/miumjau.ee\/lv\/wp-json\/wp\/v2\/product_tag?post=55796"}],"curies":[{"name":"wp","href":"https:\/\/api.w.org\/{rel}","templated":true}]}}