{"id":55788,"date":"2024-11-15T10:11:30","date_gmt":"2024-11-15T08:11:30","guid":{"rendered":"https:\/\/miumjau.ee\/toode\/ontario-mitrs-baribas-kakiem-vistas-un-tuncisa-buljona-80-g\/"},"modified":"2024-11-15T10:11:30","modified_gmt":"2024-11-15T08:11:30","slug":"ontario-mitrs-baribas-kakiem-vistas-un-tuncisa-buljona-80-g","status":"publish","type":"product","link":"https:\/\/miumjau.ee\/lv\/produkts\/ontario-mitrs-baribas-kakiem-vistas-un-tuncisa-buljona-80-g\/","title":{"rendered":"Ontario mitrs bar\u012bbas ka\u0137iem, vistas un tunc\u012b\u0161a buljon\u0101 80 g"},"content":{"rendered":"","protected":false},"excerpt":{"rendered":"<p data-start=\"129\" data-end=\"221\">ONTARIO Chicken and Codfish in Broth \u2013 konserv\u0113ta bar\u012bba ka\u0137iem ar vistu un mencu buljon\u0101.<\/p>\n<ul data-start=\"223\" data-end=\"601\">\n<li data-section-id=\"qqh74j\" data-start=\"223\" data-end=\"254\">R\u016bp\u012bgi izv\u0113l\u0113tas izejvielas<\/li>\n<li data-section-id=\"ykt7vx\" data-start=\"255\" data-end=\"302\">Ar t\u0113jas ekstraktu, kas veicina svaigu elpu<\/li>\n<li data-section-id=\"1tj60c\" data-start=\"303\" data-end=\"358\">Satur taur\u012bnu, kas atbalsta vesel\u012bgu sirdi un redzi<\/li>\n<li data-section-id=\"19f2s50\" data-start=\"359\" data-end=\"454\">Bag\u0101tin\u0101ts ar d\u0101rze\u0146iem (burk\u0101ni, kukur\u016bza, pupas) gremo\u0161anas atbalstam \u2013 \u0161\u0137iedrvielu avots<\/li>\n<li data-section-id=\"izwq9q\" data-start=\"455\" data-end=\"542\">Gar\u0161\u012bgs ga\u013cas buljons, kas vienlaikus pal\u012bdz nodro\u0161in\u0101t ikdienas \u0161\u0137idruma uz\u0146em\u0161anu<\/li>\n<li data-section-id=\"8oos3s\" data-start=\"543\" data-end=\"585\">Bez pievienot\u0101m m\u0101ksl\u012bgaj\u0101m kr\u0101sviel\u0101m<\/li>\n<li data-section-id=\"18btfab\" data-start=\"586\" data-end=\"601\">Bez glut\u0113na<\/li>\n<\/ul>\n<p data-start=\"603\" data-end=\"882\"><strong data-start=\"603\" data-end=\"615\">Sast\u0101vs:<\/strong> ga\u013ca un dz\u012bvnieku izcelsmes produkti, zivis un zivju produkti 57,56% (vista 45,48%, menca 11,73%, bonito zivis 0,35%), vistas buljons 41,06%, karag\u0113ns 0,9%, ciete 0,39%, taur\u012bns 0,078%, t\u0113jas ekstrakts 0,008%, vitam\u012bni (A, B2, B3, B5, D3, E, polidekstroze) 0,004%.<\/p>\n<p data-start=\"884\" data-end=\"1000\"><strong data-start=\"884\" data-end=\"912\">Anal\u012btisk\u0101s sast\u0101vda\u013cas:<\/strong> kopprote\u012bns 9%, kop\u0113j\u0101s tauki 0,1%, kop\u0161\u0137iedra 0,5%, kop\u0113jie pelni 1,5%, mitrums 89%.<\/p>\n<p data-start=\"1002\" data-end=\"1095\"><strong data-start=\"1002\" data-end=\"1027\">Baro\u0161anas nor\u0101d\u012bjumi:<\/strong> dienas deva atkar\u012bga no j\u016bsu ka\u0137a aktivit\u0101tes, vecuma un \u0161\u0137irnes.<\/p>\n<p data-start=\"1097\" data-end=\"1137\">Piem\u0113rots ka\u0137\u0113niem no 4 m\u0113ne\u0161u vecuma.<\/p>\n","protected":false},"featured_media":55789,"template":"","meta":[],"product_brand":[],"product_cat":[571],"product_tag":[],"class_list":{"0":"post-55788","1":"product","2":"type-product","3":"status-publish","4":"has-post-thumbnail","6":"product_cat-mitra-bariba","8":"first","9":"instock","10":"taxable","11":"shipping-taxable","12":"purchasable","13":"product-type-simple"},"yoast_head":"<!-- This site is optimized with the Yoast SEO plugin v27.4 - https:\/\/yoast.com\/product\/yoast-seo-wordpress\/ -->\n<title>Ontario mitrs bar\u012bbas ka\u0137iem, vistas un tunc\u012b\u0161a buljon\u0101 80 g - MiuMjau<\/title>\n<meta name=\"robots\" content=\"index, follow, max-snippet:-1, max-image-preview:large, max-video-preview:-1\" \/>\n<link rel=\"canonical\" href=\"https:\/\/miumjau.ee\/lv\/produkts\/ontario-mitrs-baribas-kakiem-vistas-un-tuncisa-buljona-80-g\/\" \/>\n<meta property=\"og:locale\" content=\"lv_LV\" \/>\n<meta property=\"og:type\" content=\"article\" \/>\n<meta property=\"og:title\" content=\"Ontario mitrs bar\u012bbas ka\u0137iem, vistas un tunc\u012b\u0161a buljon\u0101 80 g - MiuMjau\" \/>\n<meta property=\"og:description\" content=\"ONTARIO Chicken and Codfish in Broth \u2013 konserv\u0113ta bar\u012bba ka\u0137iem ar vistu un mencu buljon\u0101.    R\u016bp\u012bgi izv\u0113l\u0113tas izejvielas  Ar t\u0113jas ekstraktu, kas veicina svaigu elpu  Satur taur\u012bnu, kas atbalsta vesel\u012bgu sirdi un redzi  Bag\u0101tin\u0101ts ar d\u0101rze\u0146iem (burk\u0101ni, kukur\u016bza, pupas) gremo\u0161anas atbalstam \u2013 \u0161\u0137iedrvielu avots  Gar\u0161\u012bgs ga\u013cas buljons, kas vienlaikus pal\u012bdz nodro\u0161in\u0101t ikdienas \u0161\u0137idruma uz\u0146em\u0161anu  Bez pievienot\u0101m m\u0101ksl\u012bgaj\u0101m kr\u0101sviel\u0101m  Bez glut\u0113na  Sast\u0101vs: ga\u013ca un dz\u012bvnieku izcelsmes produkti, zivis un zivju produkti 57,56% (vista 45,48%, menca 11,73%, bonito zivis 0,35%), vistas buljons 41,06%, karag\u0113ns 0,9%, ciete 0,39%, taur\u012bns 0,078%, t\u0113jas ekstrakts 0,008%, vitam\u012bni (A, B2, B3, B5, D3, E, polidekstroze) 0,004%. Anal\u012btisk\u0101s sast\u0101vda\u013cas: kopprote\u012bns 9%, kop\u0113j\u0101s tauki 0,1%, kop\u0161\u0137iedra 0,5%, kop\u0113jie pelni 1,5%, mitrums 89%. Baro\u0161anas nor\u0101d\u012bjumi: dienas deva atkar\u012bga no j\u016bsu ka\u0137a aktivit\u0101tes, vecuma un \u0161\u0137irnes. Piem\u0113rots ka\u0137\u0113niem no 4 m\u0113ne\u0161u vecuma.\" \/>\n<meta property=\"og:url\" content=\"https:\/\/miumjau.ee\/lv\/produkts\/ontario-mitrs-baribas-kakiem-vistas-un-tuncisa-buljona-80-g\/\" \/>\n<meta property=\"og:site_name\" content=\"MiuMjau\" \/>\n<meta property=\"article:publisher\" content=\"https:\/\/www.facebook.com\/miumjaupood\/\" \/>\n<meta property=\"og:image\" content=\"https:\/\/miumjau.ee\/wp-content\/uploads\/2024\/11\/ontario-margtoit-kassile-puljongis80g1.jpg\" \/>\n\t<meta property=\"og:image:width\" content=\"600\" \/>\n\t<meta property=\"og:image:height\" content=\"800\" \/>\n\t<meta property=\"og:image:type\" content=\"image\/jpeg\" \/>\n<meta name=\"twitter:card\" content=\"summary_large_image\" \/>\n<script type=\"application\/ld+json\" class=\"yoast-schema-graph\">{\"@context\":\"https:\\\/\\\/schema.org\",\"@graph\":[{\"@type\":\"WebPage\",\"@id\":\"https:\\\/\\\/miumjau.ee\\\/lv\\\/produkts\\\/ontario-mitrs-baribas-kakiem-vistas-un-tuncisa-buljona-80-g\\\/\",\"url\":\"https:\\\/\\\/miumjau.ee\\\/lv\\\/produkts\\\/ontario-mitrs-baribas-kakiem-vistas-un-tuncisa-buljona-80-g\\\/\",\"name\":\"Ontario mitrs bar\u012bbas ka\u0137iem, vistas un tunc\u012b\u0161a buljon\u0101 80 g - MiuMjau\",\"isPartOf\":{\"@id\":\"https:\\\/\\\/miumjau.ee\\\/#website\"},\"primaryImageOfPage\":{\"@id\":\"https:\\\/\\\/miumjau.ee\\\/lv\\\/produkts\\\/ontario-mitrs-baribas-kakiem-vistas-un-tuncisa-buljona-80-g\\\/#primaryimage\"},\"image\":{\"@id\":\"https:\\\/\\\/miumjau.ee\\\/lv\\\/produkts\\\/ontario-mitrs-baribas-kakiem-vistas-un-tuncisa-buljona-80-g\\\/#primaryimage\"},\"thumbnailUrl\":\"https:\\\/\\\/miumjau.ee\\\/wp-content\\\/uploads\\\/2024\\\/11\\\/ontario-margtoit-kassile-puljongis80g1.jpg\",\"datePublished\":\"2024-11-15T08:11:30+00:00\",\"breadcrumb\":{\"@id\":\"https:\\\/\\\/miumjau.ee\\\/lv\\\/produkts\\\/ontario-mitrs-baribas-kakiem-vistas-un-tuncisa-buljona-80-g\\\/#breadcrumb\"},\"inLanguage\":\"lv-LV\",\"potentialAction\":[{\"@type\":\"ReadAction\",\"target\":[\"https:\\\/\\\/miumjau.ee\\\/lv\\\/produkts\\\/ontario-mitrs-baribas-kakiem-vistas-un-tuncisa-buljona-80-g\\\/\"]}]},{\"@type\":\"ImageObject\",\"inLanguage\":\"lv-LV\",\"@id\":\"https:\\\/\\\/miumjau.ee\\\/lv\\\/produkts\\\/ontario-mitrs-baribas-kakiem-vistas-un-tuncisa-buljona-80-g\\\/#primaryimage\",\"url\":\"https:\\\/\\\/miumjau.ee\\\/wp-content\\\/uploads\\\/2024\\\/11\\\/ontario-margtoit-kassile-puljongis80g1.jpg\",\"contentUrl\":\"https:\\\/\\\/miumjau.ee\\\/wp-content\\\/uploads\\\/2024\\\/11\\\/ontario-margtoit-kassile-puljongis80g1.jpg\",\"width\":600,\"height\":800},{\"@type\":\"BreadcrumbList\",\"@id\":\"https:\\\/\\\/miumjau.ee\\\/lv\\\/produkts\\\/ontario-mitrs-baribas-kakiem-vistas-un-tuncisa-buljona-80-g\\\/#breadcrumb\",\"itemListElement\":[{\"@type\":\"ListItem\",\"position\":1,\"name\":\"Home\",\"item\":\"https:\\\/\\\/miumjau.ee\\\/lv\\\/\"},{\"@type\":\"ListItem\",\"position\":2,\"name\":\"Veikals\",\"item\":\"https:\\\/\\\/miumjau.ee\\\/lv\\\/veikals\\\/\"},{\"@type\":\"ListItem\",\"position\":3,\"name\":\"Ontario mitrs bar\u012bbas ka\u0137iem, vistas un tunc\u012b\u0161a buljon\u0101 80 g\"}]},{\"@type\":\"WebSite\",\"@id\":\"https:\\\/\\\/miumjau.ee\\\/#website\",\"url\":\"https:\\\/\\\/miumjau.ee\\\/\",\"name\":\"MiuMjau\",\"description\":\"Kraapimispuud kassidele\",\"publisher\":{\"@id\":\"https:\\\/\\\/miumjau.ee\\\/#organization\"},\"potentialAction\":[{\"@type\":\"SearchAction\",\"target\":{\"@type\":\"EntryPoint\",\"urlTemplate\":\"https:\\\/\\\/miumjau.ee\\\/?s={search_term_string}\"},\"query-input\":{\"@type\":\"PropertyValueSpecification\",\"valueRequired\":true,\"valueName\":\"search_term_string\"}}],\"inLanguage\":\"lv-LV\"},{\"@type\":\"Organization\",\"@id\":\"https:\\\/\\\/miumjau.ee\\\/#organization\",\"name\":\"MiuMjau O\u00dc\",\"url\":\"https:\\\/\\\/miumjau.ee\\\/\",\"logo\":{\"@type\":\"ImageObject\",\"inLanguage\":\"lv-LV\",\"@id\":\"https:\\\/\\\/miumjau.ee\\\/#\\\/schema\\\/logo\\\/image\\\/\",\"url\":\"https:\\\/\\\/miumjau.ee\\\/wp-content\\\/uploads\\\/2022\\\/04\\\/MiuMjau-logo-kollane.png\",\"contentUrl\":\"https:\\\/\\\/miumjau.ee\\\/wp-content\\\/uploads\\\/2022\\\/04\\\/MiuMjau-logo-kollane.png\",\"width\":219,\"height\":100,\"caption\":\"MiuMjau O\u00dc\"},\"image\":{\"@id\":\"https:\\\/\\\/miumjau.ee\\\/#\\\/schema\\\/logo\\\/image\\\/\"},\"sameAs\":[\"https:\\\/\\\/www.facebook.com\\\/miumjaupood\\\/\"]}]}<\/script>\n<!-- \/ Yoast SEO plugin. -->","yoast_head_json":{"title":"Ontario mitrs bar\u012bbas ka\u0137iem, vistas un tunc\u012b\u0161a buljon\u0101 80 g - MiuMjau","robots":{"index":"index","follow":"follow","max-snippet":"max-snippet:-1","max-image-preview":"max-image-preview:large","max-video-preview":"max-video-preview:-1"},"canonical":"https:\/\/miumjau.ee\/lv\/produkts\/ontario-mitrs-baribas-kakiem-vistas-un-tuncisa-buljona-80-g\/","og_locale":"lv_LV","og_type":"article","og_title":"Ontario mitrs bar\u012bbas ka\u0137iem, vistas un tunc\u012b\u0161a buljon\u0101 80 g - MiuMjau","og_description":"ONTARIO Chicken and Codfish in Broth \u2013 konserv\u0113ta bar\u012bba ka\u0137iem ar vistu un mencu buljon\u0101.    R\u016bp\u012bgi izv\u0113l\u0113tas izejvielas  Ar t\u0113jas ekstraktu, kas veicina svaigu elpu  Satur taur\u012bnu, kas atbalsta vesel\u012bgu sirdi un redzi  Bag\u0101tin\u0101ts ar d\u0101rze\u0146iem (burk\u0101ni, kukur\u016bza, pupas) gremo\u0161anas atbalstam \u2013 \u0161\u0137iedrvielu avots  Gar\u0161\u012bgs ga\u013cas buljons, kas vienlaikus pal\u012bdz nodro\u0161in\u0101t ikdienas \u0161\u0137idruma uz\u0146em\u0161anu  Bez pievienot\u0101m m\u0101ksl\u012bgaj\u0101m kr\u0101sviel\u0101m  Bez glut\u0113na  Sast\u0101vs: ga\u013ca un dz\u012bvnieku izcelsmes produkti, zivis un zivju produkti 57,56% (vista 45,48%, menca 11,73%, bonito zivis 0,35%), vistas buljons 41,06%, karag\u0113ns 0,9%, ciete 0,39%, taur\u012bns 0,078%, t\u0113jas ekstrakts 0,008%, vitam\u012bni (A, B2, B3, B5, D3, E, polidekstroze) 0,004%. Anal\u012btisk\u0101s sast\u0101vda\u013cas: kopprote\u012bns 9%, kop\u0113j\u0101s tauki 0,1%, kop\u0161\u0137iedra 0,5%, kop\u0113jie pelni 1,5%, mitrums 89%. Baro\u0161anas nor\u0101d\u012bjumi: dienas deva atkar\u012bga no j\u016bsu ka\u0137a aktivit\u0101tes, vecuma un \u0161\u0137irnes. Piem\u0113rots ka\u0137\u0113niem no 4 m\u0113ne\u0161u vecuma.","og_url":"https:\/\/miumjau.ee\/lv\/produkts\/ontario-mitrs-baribas-kakiem-vistas-un-tuncisa-buljona-80-g\/","og_site_name":"MiuMjau","article_publisher":"https:\/\/www.facebook.com\/miumjaupood\/","og_image":[{"width":600,"height":800,"url":"https:\/\/miumjau.ee\/wp-content\/uploads\/2024\/11\/ontario-margtoit-kassile-puljongis80g1.jpg","type":"image\/jpeg"}],"twitter_card":"summary_large_image","schema":{"@context":"https:\/\/schema.org","@graph":[{"@type":"WebPage","@id":"https:\/\/miumjau.ee\/lv\/produkts\/ontario-mitrs-baribas-kakiem-vistas-un-tuncisa-buljona-80-g\/","url":"https:\/\/miumjau.ee\/lv\/produkts\/ontario-mitrs-baribas-kakiem-vistas-un-tuncisa-buljona-80-g\/","name":"Ontario mitrs bar\u012bbas ka\u0137iem, vistas un tunc\u012b\u0161a buljon\u0101 80 g - MiuMjau","isPartOf":{"@id":"https:\/\/miumjau.ee\/#website"},"primaryImageOfPage":{"@id":"https:\/\/miumjau.ee\/lv\/produkts\/ontario-mitrs-baribas-kakiem-vistas-un-tuncisa-buljona-80-g\/#primaryimage"},"image":{"@id":"https:\/\/miumjau.ee\/lv\/produkts\/ontario-mitrs-baribas-kakiem-vistas-un-tuncisa-buljona-80-g\/#primaryimage"},"thumbnailUrl":"https:\/\/miumjau.ee\/wp-content\/uploads\/2024\/11\/ontario-margtoit-kassile-puljongis80g1.jpg","datePublished":"2024-11-15T08:11:30+00:00","breadcrumb":{"@id":"https:\/\/miumjau.ee\/lv\/produkts\/ontario-mitrs-baribas-kakiem-vistas-un-tuncisa-buljona-80-g\/#breadcrumb"},"inLanguage":"lv-LV","potentialAction":[{"@type":"ReadAction","target":["https:\/\/miumjau.ee\/lv\/produkts\/ontario-mitrs-baribas-kakiem-vistas-un-tuncisa-buljona-80-g\/"]}]},{"@type":"ImageObject","inLanguage":"lv-LV","@id":"https:\/\/miumjau.ee\/lv\/produkts\/ontario-mitrs-baribas-kakiem-vistas-un-tuncisa-buljona-80-g\/#primaryimage","url":"https:\/\/miumjau.ee\/wp-content\/uploads\/2024\/11\/ontario-margtoit-kassile-puljongis80g1.jpg","contentUrl":"https:\/\/miumjau.ee\/wp-content\/uploads\/2024\/11\/ontario-margtoit-kassile-puljongis80g1.jpg","width":600,"height":800},{"@type":"BreadcrumbList","@id":"https:\/\/miumjau.ee\/lv\/produkts\/ontario-mitrs-baribas-kakiem-vistas-un-tuncisa-buljona-80-g\/#breadcrumb","itemListElement":[{"@type":"ListItem","position":1,"name":"Home","item":"https:\/\/miumjau.ee\/lv\/"},{"@type":"ListItem","position":2,"name":"Veikals","item":"https:\/\/miumjau.ee\/lv\/veikals\/"},{"@type":"ListItem","position":3,"name":"Ontario mitrs bar\u012bbas ka\u0137iem, vistas un tunc\u012b\u0161a buljon\u0101 80 g"}]},{"@type":"WebSite","@id":"https:\/\/miumjau.ee\/#website","url":"https:\/\/miumjau.ee\/","name":"MiuMjau","description":"Kraapimispuud kassidele","publisher":{"@id":"https:\/\/miumjau.ee\/#organization"},"potentialAction":[{"@type":"SearchAction","target":{"@type":"EntryPoint","urlTemplate":"https:\/\/miumjau.ee\/?s={search_term_string}"},"query-input":{"@type":"PropertyValueSpecification","valueRequired":true,"valueName":"search_term_string"}}],"inLanguage":"lv-LV"},{"@type":"Organization","@id":"https:\/\/miumjau.ee\/#organization","name":"MiuMjau O\u00dc","url":"https:\/\/miumjau.ee\/","logo":{"@type":"ImageObject","inLanguage":"lv-LV","@id":"https:\/\/miumjau.ee\/#\/schema\/logo\/image\/","url":"https:\/\/miumjau.ee\/wp-content\/uploads\/2022\/04\/MiuMjau-logo-kollane.png","contentUrl":"https:\/\/miumjau.ee\/wp-content\/uploads\/2022\/04\/MiuMjau-logo-kollane.png","width":219,"height":100,"caption":"MiuMjau O\u00dc"},"image":{"@id":"https:\/\/miumjau.ee\/#\/schema\/logo\/image\/"},"sameAs":["https:\/\/www.facebook.com\/miumjaupood\/"]}]}},"_links":{"self":[{"href":"https:\/\/miumjau.ee\/lv\/wp-json\/wp\/v2\/product\/55788","targetHints":{"allow":["GET"]}}],"collection":[{"href":"https:\/\/miumjau.ee\/lv\/wp-json\/wp\/v2\/product"}],"about":[{"href":"https:\/\/miumjau.ee\/lv\/wp-json\/wp\/v2\/types\/product"}],"wp:featuredmedia":[{"embeddable":true,"href":"https:\/\/miumjau.ee\/lv\/wp-json\/wp\/v2\/media\/55789"}],"wp:attachment":[{"href":"https:\/\/miumjau.ee\/lv\/wp-json\/wp\/v2\/media?parent=55788"}],"wp:term":[{"taxonomy":"product_brand","embeddable":true,"href":"https:\/\/miumjau.ee\/lv\/wp-json\/wp\/v2\/product_brand?post=55788"},{"taxonomy":"product_cat","embeddable":true,"href":"https:\/\/miumjau.ee\/lv\/wp-json\/wp\/v2\/product_cat?post=55788"},{"taxonomy":"product_tag","embeddable":true,"href":"https:\/\/miumjau.ee\/lv\/wp-json\/wp\/v2\/product_tag?post=55788"}],"curies":[{"name":"wp","href":"https:\/\/api.w.org\/{rel}","templated":true}]}}