{"id":55780,"date":"2024-11-15T10:10:14","date_gmt":"2024-11-15T08:10:14","guid":{"rendered":"https:\/\/miumjau.ee\/toode\/ontario-mitrs-baribas-kakiem-tunca-un-lasa-buljona-80-g\/"},"modified":"2024-11-15T10:10:14","modified_gmt":"2024-11-15T08:10:14","slug":"ontario-mitrs-baribas-kakiem-tunca-un-lasa-buljona-80-g","status":"publish","type":"product","link":"https:\/\/miumjau.ee\/lv\/produkts\/ontario-mitrs-baribas-kakiem-tunca-un-lasa-buljona-80-g\/","title":{"rendered":"Ontario mitrs bar\u012bbas ka\u0137iem, tun\u010da un la\u0161a buljon\u0101 80 g"},"content":{"rendered":"","protected":false},"excerpt":{"rendered":"<p data-start=\"123\" data-end=\"241\">ONTARIO Tuna &amp; Salmon \u2013 mitrs bar\u012bbas produkts ka\u0137iem ar tun\u010da un la\u0161a gabali\u0146iem buljon\u0101. Augst\u0101k\u0101 kvalit\u0101te. 80 g.<\/p>\n<ul data-start=\"243\" data-end=\"621\">\n<li data-section-id=\"qqh74j\" data-start=\"243\" data-end=\"274\">R\u016bp\u012bgi izv\u0113l\u0113tas izejvielas<\/li>\n<li data-section-id=\"ykt7vx\" data-start=\"275\" data-end=\"322\">Ar t\u0113jas ekstraktu, kas veicina svaigu elpu<\/li>\n<li data-section-id=\"1tj60c\" data-start=\"323\" data-end=\"378\">Satur taur\u012bnu, kas atbalsta vesel\u012bgu sirdi un redzi<\/li>\n<li data-section-id=\"19f2s50\" data-start=\"379\" data-end=\"474\">Bag\u0101tin\u0101ts ar d\u0101rze\u0146iem (burk\u0101ni, kukur\u016bza, pupas) gremo\u0161anas atbalstam \u2013 \u0161\u0137iedrvielu avots<\/li>\n<li data-section-id=\"izwq9q\" data-start=\"475\" data-end=\"562\">Gar\u0161\u012bgs ga\u013cas buljons, kas vienlaikus pal\u012bdz nodro\u0161in\u0101t ikdienas \u0161\u0137idruma uz\u0146em\u0161anu<\/li>\n<li data-section-id=\"8oos3s\" data-start=\"563\" data-end=\"605\">Bez pievienot\u0101m m\u0101ksl\u012bgaj\u0101m kr\u0101sviel\u0101m<\/li>\n<li data-section-id=\"18btfab\" data-start=\"606\" data-end=\"621\">Bez glut\u0113na<\/li>\n<\/ul>\n<p data-start=\"623\" data-end=\"646\"><strong data-start=\"623\" data-end=\"639\">Neto saturs:<\/strong> 80 g<\/p>\n<p data-start=\"648\" data-end=\"959\"><strong data-start=\"648\" data-end=\"660\">Sast\u0101vs:<\/strong> ga\u013ca un dz\u012bvnieku produkti, zivis un zivju produkti 72,44% (tun\u010da 39,76%, vistas 30,28%, lasis 2,4%), vistas buljons 25,712%, karag\u0113ns 0,78%, s\u0101ls 0,4%, kvie\u0161u milti 0,24%, ciete 0,22%, glicer\u012bns 0,12%, taur\u012bns 0,08%, t\u0113jas ekstrakts 0,005%, vitam\u012bni (A, B2, B3, B5, D3, E, polidekstroze) 0,003%.<\/p>\n<p data-start=\"961\" data-end=\"1078\"><strong data-start=\"961\" data-end=\"989\">Anal\u012btisk\u0101s sast\u0101vda\u013cas:<\/strong> kopprote\u012bns 12%, kop\u0113j\u0101s tauki 0,5%, kop\u0161\u0137iedra 0,5%, kop\u0113jie pelni 1,5%, mitrums 87%.<\/p>\n<p data-start=\"1080\" data-end=\"1173\"><strong data-start=\"1080\" data-end=\"1105\">Baro\u0161anas nor\u0101d\u012bjumi:<\/strong> dienas deva atkar\u012bga no j\u016bsu ka\u0137a aktivit\u0101tes, vecuma un \u0161\u0137irnes.<\/p>\n<p data-start=\"1175\" data-end=\"1458\">Piem\u0113rots ka\u0137\u0113niem no 4 m\u0113ne\u0161u vecuma.<br data-start=\"1213\" data-end=\"1216\" \/>Lietot k\u0101 papildbar\u012bbu l\u012bdz ka\u0137a parastajai di\u0113tai. Uzglab\u0101t saus\u0101 un v\u0113s\u0101 viet\u0101. P\u0113c atv\u0113r\u0161anas uzglab\u0101t ledusskap\u012b un izmantot 24 stundu laik\u0101. Produkts nav paredz\u0113ts cilv\u0113ku uzturam. Vienm\u0113r nodro\u0161in\u0101t piek\u013cuvi svaigam dzeramajam \u016bdenim.<\/p>\n","protected":false},"featured_media":55781,"template":"","meta":[],"product_brand":[],"product_cat":[571],"product_tag":[],"class_list":{"0":"post-55780","1":"product","2":"type-product","3":"status-publish","4":"has-post-thumbnail","6":"product_cat-mitra-bariba","8":"first","9":"instock","10":"taxable","11":"shipping-taxable","12":"purchasable","13":"product-type-simple"},"yoast_head":"<!-- This site is optimized with the Yoast SEO plugin v27.4 - https:\/\/yoast.com\/product\/yoast-seo-wordpress\/ -->\n<title>Ontario mitrs bar\u012bbas ka\u0137iem, tun\u010da un la\u0161a buljon\u0101 80 g - MiuMjau<\/title>\n<meta name=\"robots\" content=\"index, follow, max-snippet:-1, max-image-preview:large, max-video-preview:-1\" \/>\n<link rel=\"canonical\" href=\"https:\/\/miumjau.ee\/lv\/produkts\/ontario-mitrs-baribas-kakiem-tunca-un-lasa-buljona-80-g\/\" \/>\n<meta property=\"og:locale\" content=\"lv_LV\" \/>\n<meta property=\"og:type\" content=\"article\" \/>\n<meta property=\"og:title\" content=\"Ontario mitrs bar\u012bbas ka\u0137iem, tun\u010da un la\u0161a buljon\u0101 80 g - MiuMjau\" \/>\n<meta property=\"og:description\" content=\"ONTARIO Tuna &amp; Salmon \u2013 mitrs bar\u012bbas produkts ka\u0137iem ar tun\u010da un la\u0161a gabali\u0146iem buljon\u0101. Augst\u0101k\u0101 kvalit\u0101te. 80 g.    R\u016bp\u012bgi izv\u0113l\u0113tas izejvielas  Ar t\u0113jas ekstraktu, kas veicina svaigu elpu  Satur taur\u012bnu, kas atbalsta vesel\u012bgu sirdi un redzi  Bag\u0101tin\u0101ts ar d\u0101rze\u0146iem (burk\u0101ni, kukur\u016bza, pupas) gremo\u0161anas atbalstam \u2013 \u0161\u0137iedrvielu avots  Gar\u0161\u012bgs ga\u013cas buljons, kas vienlaikus pal\u012bdz nodro\u0161in\u0101t ikdienas \u0161\u0137idruma uz\u0146em\u0161anu  Bez pievienot\u0101m m\u0101ksl\u012bgaj\u0101m kr\u0101sviel\u0101m  Bez glut\u0113na  Neto saturs: 80 g Sast\u0101vs: ga\u013ca un dz\u012bvnieku produkti, zivis un zivju produkti 72,44% (tun\u010da 39,76%, vistas 30,28%, lasis 2,4%), vistas buljons 25,712%, karag\u0113ns 0,78%, s\u0101ls 0,4%, kvie\u0161u milti 0,24%, ciete 0,22%, glicer\u012bns 0,12%, taur\u012bns 0,08%, t\u0113jas ekstrakts 0,005%, vitam\u012bni (A, B2, B3, B5, D3, E, polidekstroze) 0,003%. Anal\u012btisk\u0101s sast\u0101vda\u013cas: kopprote\u012bns 12%, kop\u0113j\u0101s tauki 0,5%, kop\u0161\u0137iedra 0,5%, kop\u0113jie pelni 1,5%, mitrums 87%. Baro\u0161anas nor\u0101d\u012bjumi: dienas deva atkar\u012bga no j\u016bsu ka\u0137a aktivit\u0101tes, vecuma un \u0161\u0137irnes. Piem\u0113rots ka\u0137\u0113niem no 4 m\u0113ne\u0161u vecuma.Lietot k\u0101 papildbar\u012bbu l\u012bdz ka\u0137a parastajai di\u0113tai. Uzglab\u0101t saus\u0101 un v\u0113s\u0101 viet\u0101. P\u0113c atv\u0113r\u0161anas uzglab\u0101t ledusskap\u012b un izmantot 24 stundu laik\u0101. Produkts nav paredz\u0113ts cilv\u0113ku uzturam. Vienm\u0113r nodro\u0161in\u0101t piek\u013cuvi svaigam dzeramajam \u016bdenim.\" \/>\n<meta property=\"og:url\" content=\"https:\/\/miumjau.ee\/lv\/produkts\/ontario-mitrs-baribas-kakiem-tunca-un-lasa-buljona-80-g\/\" \/>\n<meta property=\"og:site_name\" content=\"MiuMjau\" \/>\n<meta property=\"article:publisher\" content=\"https:\/\/www.facebook.com\/miumjaupood\/\" \/>\n<meta property=\"og:image\" content=\"https:\/\/miumjau.ee\/wp-content\/uploads\/2024\/11\/ontario-margtoit-kassile-puljongis80g3.jpg\" \/>\n\t<meta property=\"og:image:width\" content=\"600\" \/>\n\t<meta property=\"og:image:height\" content=\"800\" \/>\n\t<meta property=\"og:image:type\" content=\"image\/jpeg\" \/>\n<meta name=\"twitter:card\" content=\"summary_large_image\" \/>\n<script type=\"application\/ld+json\" class=\"yoast-schema-graph\">{\"@context\":\"https:\\\/\\\/schema.org\",\"@graph\":[{\"@type\":\"WebPage\",\"@id\":\"https:\\\/\\\/miumjau.ee\\\/lv\\\/produkts\\\/ontario-mitrs-baribas-kakiem-tunca-un-lasa-buljona-80-g\\\/\",\"url\":\"https:\\\/\\\/miumjau.ee\\\/lv\\\/produkts\\\/ontario-mitrs-baribas-kakiem-tunca-un-lasa-buljona-80-g\\\/\",\"name\":\"Ontario mitrs bar\u012bbas ka\u0137iem, tun\u010da un la\u0161a buljon\u0101 80 g - MiuMjau\",\"isPartOf\":{\"@id\":\"https:\\\/\\\/miumjau.ee\\\/#website\"},\"primaryImageOfPage\":{\"@id\":\"https:\\\/\\\/miumjau.ee\\\/lv\\\/produkts\\\/ontario-mitrs-baribas-kakiem-tunca-un-lasa-buljona-80-g\\\/#primaryimage\"},\"image\":{\"@id\":\"https:\\\/\\\/miumjau.ee\\\/lv\\\/produkts\\\/ontario-mitrs-baribas-kakiem-tunca-un-lasa-buljona-80-g\\\/#primaryimage\"},\"thumbnailUrl\":\"https:\\\/\\\/miumjau.ee\\\/wp-content\\\/uploads\\\/2024\\\/11\\\/ontario-margtoit-kassile-puljongis80g3.jpg\",\"datePublished\":\"2024-11-15T08:10:14+00:00\",\"breadcrumb\":{\"@id\":\"https:\\\/\\\/miumjau.ee\\\/lv\\\/produkts\\\/ontario-mitrs-baribas-kakiem-tunca-un-lasa-buljona-80-g\\\/#breadcrumb\"},\"inLanguage\":\"lv-LV\",\"potentialAction\":[{\"@type\":\"ReadAction\",\"target\":[\"https:\\\/\\\/miumjau.ee\\\/lv\\\/produkts\\\/ontario-mitrs-baribas-kakiem-tunca-un-lasa-buljona-80-g\\\/\"]}]},{\"@type\":\"ImageObject\",\"inLanguage\":\"lv-LV\",\"@id\":\"https:\\\/\\\/miumjau.ee\\\/lv\\\/produkts\\\/ontario-mitrs-baribas-kakiem-tunca-un-lasa-buljona-80-g\\\/#primaryimage\",\"url\":\"https:\\\/\\\/miumjau.ee\\\/wp-content\\\/uploads\\\/2024\\\/11\\\/ontario-margtoit-kassile-puljongis80g3.jpg\",\"contentUrl\":\"https:\\\/\\\/miumjau.ee\\\/wp-content\\\/uploads\\\/2024\\\/11\\\/ontario-margtoit-kassile-puljongis80g3.jpg\",\"width\":600,\"height\":800},{\"@type\":\"BreadcrumbList\",\"@id\":\"https:\\\/\\\/miumjau.ee\\\/lv\\\/produkts\\\/ontario-mitrs-baribas-kakiem-tunca-un-lasa-buljona-80-g\\\/#breadcrumb\",\"itemListElement\":[{\"@type\":\"ListItem\",\"position\":1,\"name\":\"Home\",\"item\":\"https:\\\/\\\/miumjau.ee\\\/lv\\\/\"},{\"@type\":\"ListItem\",\"position\":2,\"name\":\"Veikals\",\"item\":\"https:\\\/\\\/miumjau.ee\\\/lv\\\/veikals\\\/\"},{\"@type\":\"ListItem\",\"position\":3,\"name\":\"Ontario mitrs bar\u012bbas ka\u0137iem, tun\u010da un la\u0161a buljon\u0101 80 g\"}]},{\"@type\":\"WebSite\",\"@id\":\"https:\\\/\\\/miumjau.ee\\\/#website\",\"url\":\"https:\\\/\\\/miumjau.ee\\\/\",\"name\":\"MiuMjau\",\"description\":\"Kraapimispuud kassidele\",\"publisher\":{\"@id\":\"https:\\\/\\\/miumjau.ee\\\/#organization\"},\"potentialAction\":[{\"@type\":\"SearchAction\",\"target\":{\"@type\":\"EntryPoint\",\"urlTemplate\":\"https:\\\/\\\/miumjau.ee\\\/?s={search_term_string}\"},\"query-input\":{\"@type\":\"PropertyValueSpecification\",\"valueRequired\":true,\"valueName\":\"search_term_string\"}}],\"inLanguage\":\"lv-LV\"},{\"@type\":\"Organization\",\"@id\":\"https:\\\/\\\/miumjau.ee\\\/#organization\",\"name\":\"MiuMjau O\u00dc\",\"url\":\"https:\\\/\\\/miumjau.ee\\\/\",\"logo\":{\"@type\":\"ImageObject\",\"inLanguage\":\"lv-LV\",\"@id\":\"https:\\\/\\\/miumjau.ee\\\/#\\\/schema\\\/logo\\\/image\\\/\",\"url\":\"https:\\\/\\\/miumjau.ee\\\/wp-content\\\/uploads\\\/2022\\\/04\\\/MiuMjau-logo-kollane.png\",\"contentUrl\":\"https:\\\/\\\/miumjau.ee\\\/wp-content\\\/uploads\\\/2022\\\/04\\\/MiuMjau-logo-kollane.png\",\"width\":219,\"height\":100,\"caption\":\"MiuMjau O\u00dc\"},\"image\":{\"@id\":\"https:\\\/\\\/miumjau.ee\\\/#\\\/schema\\\/logo\\\/image\\\/\"},\"sameAs\":[\"https:\\\/\\\/www.facebook.com\\\/miumjaupood\\\/\"]}]}<\/script>\n<!-- \/ Yoast SEO plugin. -->","yoast_head_json":{"title":"Ontario mitrs bar\u012bbas ka\u0137iem, tun\u010da un la\u0161a buljon\u0101 80 g - MiuMjau","robots":{"index":"index","follow":"follow","max-snippet":"max-snippet:-1","max-image-preview":"max-image-preview:large","max-video-preview":"max-video-preview:-1"},"canonical":"https:\/\/miumjau.ee\/lv\/produkts\/ontario-mitrs-baribas-kakiem-tunca-un-lasa-buljona-80-g\/","og_locale":"lv_LV","og_type":"article","og_title":"Ontario mitrs bar\u012bbas ka\u0137iem, tun\u010da un la\u0161a buljon\u0101 80 g - MiuMjau","og_description":"ONTARIO Tuna &amp; Salmon \u2013 mitrs bar\u012bbas produkts ka\u0137iem ar tun\u010da un la\u0161a gabali\u0146iem buljon\u0101. Augst\u0101k\u0101 kvalit\u0101te. 80 g.    R\u016bp\u012bgi izv\u0113l\u0113tas izejvielas  Ar t\u0113jas ekstraktu, kas veicina svaigu elpu  Satur taur\u012bnu, kas atbalsta vesel\u012bgu sirdi un redzi  Bag\u0101tin\u0101ts ar d\u0101rze\u0146iem (burk\u0101ni, kukur\u016bza, pupas) gremo\u0161anas atbalstam \u2013 \u0161\u0137iedrvielu avots  Gar\u0161\u012bgs ga\u013cas buljons, kas vienlaikus pal\u012bdz nodro\u0161in\u0101t ikdienas \u0161\u0137idruma uz\u0146em\u0161anu  Bez pievienot\u0101m m\u0101ksl\u012bgaj\u0101m kr\u0101sviel\u0101m  Bez glut\u0113na  Neto saturs: 80 g Sast\u0101vs: ga\u013ca un dz\u012bvnieku produkti, zivis un zivju produkti 72,44% (tun\u010da 39,76%, vistas 30,28%, lasis 2,4%), vistas buljons 25,712%, karag\u0113ns 0,78%, s\u0101ls 0,4%, kvie\u0161u milti 0,24%, ciete 0,22%, glicer\u012bns 0,12%, taur\u012bns 0,08%, t\u0113jas ekstrakts 0,005%, vitam\u012bni (A, B2, B3, B5, D3, E, polidekstroze) 0,003%. Anal\u012btisk\u0101s sast\u0101vda\u013cas: kopprote\u012bns 12%, kop\u0113j\u0101s tauki 0,5%, kop\u0161\u0137iedra 0,5%, kop\u0113jie pelni 1,5%, mitrums 87%. Baro\u0161anas nor\u0101d\u012bjumi: dienas deva atkar\u012bga no j\u016bsu ka\u0137a aktivit\u0101tes, vecuma un \u0161\u0137irnes. Piem\u0113rots ka\u0137\u0113niem no 4 m\u0113ne\u0161u vecuma.Lietot k\u0101 papildbar\u012bbu l\u012bdz ka\u0137a parastajai di\u0113tai. Uzglab\u0101t saus\u0101 un v\u0113s\u0101 viet\u0101. P\u0113c atv\u0113r\u0161anas uzglab\u0101t ledusskap\u012b un izmantot 24 stundu laik\u0101. Produkts nav paredz\u0113ts cilv\u0113ku uzturam. Vienm\u0113r nodro\u0161in\u0101t piek\u013cuvi svaigam dzeramajam \u016bdenim.","og_url":"https:\/\/miumjau.ee\/lv\/produkts\/ontario-mitrs-baribas-kakiem-tunca-un-lasa-buljona-80-g\/","og_site_name":"MiuMjau","article_publisher":"https:\/\/www.facebook.com\/miumjaupood\/","og_image":[{"width":600,"height":800,"url":"https:\/\/miumjau.ee\/wp-content\/uploads\/2024\/11\/ontario-margtoit-kassile-puljongis80g3.jpg","type":"image\/jpeg"}],"twitter_card":"summary_large_image","schema":{"@context":"https:\/\/schema.org","@graph":[{"@type":"WebPage","@id":"https:\/\/miumjau.ee\/lv\/produkts\/ontario-mitrs-baribas-kakiem-tunca-un-lasa-buljona-80-g\/","url":"https:\/\/miumjau.ee\/lv\/produkts\/ontario-mitrs-baribas-kakiem-tunca-un-lasa-buljona-80-g\/","name":"Ontario mitrs bar\u012bbas ka\u0137iem, tun\u010da un la\u0161a buljon\u0101 80 g - MiuMjau","isPartOf":{"@id":"https:\/\/miumjau.ee\/#website"},"primaryImageOfPage":{"@id":"https:\/\/miumjau.ee\/lv\/produkts\/ontario-mitrs-baribas-kakiem-tunca-un-lasa-buljona-80-g\/#primaryimage"},"image":{"@id":"https:\/\/miumjau.ee\/lv\/produkts\/ontario-mitrs-baribas-kakiem-tunca-un-lasa-buljona-80-g\/#primaryimage"},"thumbnailUrl":"https:\/\/miumjau.ee\/wp-content\/uploads\/2024\/11\/ontario-margtoit-kassile-puljongis80g3.jpg","datePublished":"2024-11-15T08:10:14+00:00","breadcrumb":{"@id":"https:\/\/miumjau.ee\/lv\/produkts\/ontario-mitrs-baribas-kakiem-tunca-un-lasa-buljona-80-g\/#breadcrumb"},"inLanguage":"lv-LV","potentialAction":[{"@type":"ReadAction","target":["https:\/\/miumjau.ee\/lv\/produkts\/ontario-mitrs-baribas-kakiem-tunca-un-lasa-buljona-80-g\/"]}]},{"@type":"ImageObject","inLanguage":"lv-LV","@id":"https:\/\/miumjau.ee\/lv\/produkts\/ontario-mitrs-baribas-kakiem-tunca-un-lasa-buljona-80-g\/#primaryimage","url":"https:\/\/miumjau.ee\/wp-content\/uploads\/2024\/11\/ontario-margtoit-kassile-puljongis80g3.jpg","contentUrl":"https:\/\/miumjau.ee\/wp-content\/uploads\/2024\/11\/ontario-margtoit-kassile-puljongis80g3.jpg","width":600,"height":800},{"@type":"BreadcrumbList","@id":"https:\/\/miumjau.ee\/lv\/produkts\/ontario-mitrs-baribas-kakiem-tunca-un-lasa-buljona-80-g\/#breadcrumb","itemListElement":[{"@type":"ListItem","position":1,"name":"Home","item":"https:\/\/miumjau.ee\/lv\/"},{"@type":"ListItem","position":2,"name":"Veikals","item":"https:\/\/miumjau.ee\/lv\/veikals\/"},{"@type":"ListItem","position":3,"name":"Ontario mitrs bar\u012bbas ka\u0137iem, tun\u010da un la\u0161a buljon\u0101 80 g"}]},{"@type":"WebSite","@id":"https:\/\/miumjau.ee\/#website","url":"https:\/\/miumjau.ee\/","name":"MiuMjau","description":"Kraapimispuud kassidele","publisher":{"@id":"https:\/\/miumjau.ee\/#organization"},"potentialAction":[{"@type":"SearchAction","target":{"@type":"EntryPoint","urlTemplate":"https:\/\/miumjau.ee\/?s={search_term_string}"},"query-input":{"@type":"PropertyValueSpecification","valueRequired":true,"valueName":"search_term_string"}}],"inLanguage":"lv-LV"},{"@type":"Organization","@id":"https:\/\/miumjau.ee\/#organization","name":"MiuMjau O\u00dc","url":"https:\/\/miumjau.ee\/","logo":{"@type":"ImageObject","inLanguage":"lv-LV","@id":"https:\/\/miumjau.ee\/#\/schema\/logo\/image\/","url":"https:\/\/miumjau.ee\/wp-content\/uploads\/2022\/04\/MiuMjau-logo-kollane.png","contentUrl":"https:\/\/miumjau.ee\/wp-content\/uploads\/2022\/04\/MiuMjau-logo-kollane.png","width":219,"height":100,"caption":"MiuMjau O\u00dc"},"image":{"@id":"https:\/\/miumjau.ee\/#\/schema\/logo\/image\/"},"sameAs":["https:\/\/www.facebook.com\/miumjaupood\/"]}]}},"_links":{"self":[{"href":"https:\/\/miumjau.ee\/lv\/wp-json\/wp\/v2\/product\/55780","targetHints":{"allow":["GET"]}}],"collection":[{"href":"https:\/\/miumjau.ee\/lv\/wp-json\/wp\/v2\/product"}],"about":[{"href":"https:\/\/miumjau.ee\/lv\/wp-json\/wp\/v2\/types\/product"}],"wp:featuredmedia":[{"embeddable":true,"href":"https:\/\/miumjau.ee\/lv\/wp-json\/wp\/v2\/media\/55781"}],"wp:attachment":[{"href":"https:\/\/miumjau.ee\/lv\/wp-json\/wp\/v2\/media?parent=55780"}],"wp:term":[{"taxonomy":"product_brand","embeddable":true,"href":"https:\/\/miumjau.ee\/lv\/wp-json\/wp\/v2\/product_brand?post=55780"},{"taxonomy":"product_cat","embeddable":true,"href":"https:\/\/miumjau.ee\/lv\/wp-json\/wp\/v2\/product_cat?post=55780"},{"taxonomy":"product_tag","embeddable":true,"href":"https:\/\/miumjau.ee\/lv\/wp-json\/wp\/v2\/product_tag?post=55780"}],"curies":[{"name":"wp","href":"https:\/\/api.w.org\/{rel}","templated":true}]}}