{"id":55776,"date":"2024-11-15T09:55:42","date_gmt":"2024-11-15T07:55:42","guid":{"rendered":"https:\/\/miumjau.ee\/toode\/ontario-garsiga-lasa-paste-kakiem-90-g\/"},"modified":"2024-11-15T09:55:42","modified_gmt":"2024-11-15T07:55:42","slug":"ontario-garsiga-lasa-paste-kakiem-90-g","status":"publish","type":"product","link":"https:\/\/miumjau.ee\/lv\/produkts\/ontario-garsiga-lasa-paste-kakiem-90-g\/","title":{"rendered":"Ontario gar\u0161\u012bga la\u0161a past\u0113 ka\u0137iem, 90 g"},"content":{"rendered":"","protected":false},"excerpt":{"rendered":"<p data-start=\"106\" data-end=\"301\">ONTARIO Salmon Fresh Meat Paste \u2013 papildbar\u012bbas past\u0113 ka\u0137iem ar lasi. 90 g. \u0112rti doz\u0113t un uzglab\u0101t ledusskap\u012b. Kas jauns un interesants j\u016bsu ka\u0137im! Vis\u0101m ka\u0137u dz\u012bves pieredz\u0113m vajadz\u012bga da\u017e\u0101d\u012bba.<\/p>\n<p data-start=\"303\" data-end=\"394\"><strong data-start=\"303\" data-end=\"328\">Baro\u0161anas nor\u0101d\u012bjumi:<\/strong> dienas deva atkar\u012bga no j\u016bsu ka\u0137a aktivit\u0101tes, vecuma un \u0161\u0137irnes.<\/p>\n<p data-start=\"396\" data-end=\"653\"><strong data-start=\"396\" data-end=\"408\">Sast\u0101vs:<\/strong> vistas buljons 79,23%, lasis 14,076%, vistas ga\u013ca 3,62%, ciete 2%, ksant\u0101na gumija 0,4%, s\u0101ls 0,4%, bonito zivju aromatiz\u0113t\u0101js 0,1%, izomaltoze 0,08%, taur\u012bns 0,08%, t\u0113jas ekstrakts 0,008%, vitam\u012bni (A, B2, B3, B5, D3, E, polidekstroze) 0,006%.<\/p>\n<p data-start=\"655\" data-end=\"775\"><strong data-start=\"655\" data-end=\"680\">Anal\u012btiskais sast\u0101vs:<\/strong> kopprote\u012bns 2,5%, mitrums 90%, kop\u0113j\u0101s e\u013c\u013cas un tauki 0,1%, kop\u0113jie pelni 1,2%, kop\u0161\u0137iedra 1%.<\/p>\n","protected":false},"featured_media":55777,"template":"","meta":[],"product_brand":[],"product_cat":[570],"product_tag":[],"class_list":{"0":"post-55776","1":"product","2":"type-product","3":"status-publish","4":"has-post-thumbnail","6":"product_cat-naski","8":"first","9":"instock","10":"taxable","11":"shipping-taxable","12":"purchasable","13":"product-type-simple"},"yoast_head":"<!-- This site is optimized with the Yoast SEO plugin v27.4 - https:\/\/yoast.com\/product\/yoast-seo-wordpress\/ -->\n<title>Ontario gar\u0161\u012bga la\u0161a past\u0113 ka\u0137iem, 90 g - MiuMjau<\/title>\n<meta name=\"robots\" content=\"index, follow, max-snippet:-1, max-image-preview:large, max-video-preview:-1\" \/>\n<link rel=\"canonical\" href=\"https:\/\/miumjau.ee\/lv\/produkts\/ontario-garsiga-lasa-paste-kakiem-90-g\/\" \/>\n<meta property=\"og:locale\" content=\"lv_LV\" \/>\n<meta property=\"og:type\" content=\"article\" \/>\n<meta property=\"og:title\" content=\"Ontario gar\u0161\u012bga la\u0161a past\u0113 ka\u0137iem, 90 g - MiuMjau\" \/>\n<meta property=\"og:description\" content=\"ONTARIO Salmon Fresh Meat Paste \u2013 papildbar\u012bbas past\u0113 ka\u0137iem ar lasi. 90 g. \u0112rti doz\u0113t un uzglab\u0101t ledusskap\u012b. Kas jauns un interesants j\u016bsu ka\u0137im! Vis\u0101m ka\u0137u dz\u012bves pieredz\u0113m vajadz\u012bga da\u017e\u0101d\u012bba. Baro\u0161anas nor\u0101d\u012bjumi: dienas deva atkar\u012bga no j\u016bsu ka\u0137a aktivit\u0101tes, vecuma un \u0161\u0137irnes. Sast\u0101vs: vistas buljons 79,23%, lasis 14,076%, vistas ga\u013ca 3,62%, ciete 2%, ksant\u0101na gumija 0,4%, s\u0101ls 0,4%, bonito zivju aromatiz\u0113t\u0101js 0,1%, izomaltoze 0,08%, taur\u012bns 0,08%, t\u0113jas ekstrakts 0,008%, vitam\u012bni (A, B2, B3, B5, D3, E, polidekstroze) 0,006%. Anal\u012btiskais sast\u0101vs: kopprote\u012bns 2,5%, mitrums 90%, kop\u0113j\u0101s e\u013c\u013cas un tauki 0,1%, kop\u0113jie pelni 1,2%, kop\u0161\u0137iedra 1%.\" \/>\n<meta property=\"og:url\" content=\"https:\/\/miumjau.ee\/lv\/produkts\/ontario-garsiga-lasa-paste-kakiem-90-g\/\" \/>\n<meta property=\"og:site_name\" content=\"MiuMjau\" \/>\n<meta property=\"article:publisher\" content=\"https:\/\/www.facebook.com\/miumjaupood\/\" \/>\n<meta property=\"og:image\" content=\"https:\/\/miumjau.ee\/wp-content\/uploads\/2024\/11\/ONtario-fresh-meat-paste-90g.jpg\" \/>\n\t<meta property=\"og:image:width\" content=\"600\" \/>\n\t<meta property=\"og:image:height\" content=\"800\" \/>\n\t<meta property=\"og:image:type\" content=\"image\/jpeg\" \/>\n<meta name=\"twitter:card\" content=\"summary_large_image\" \/>\n<script type=\"application\/ld+json\" class=\"yoast-schema-graph\">{\"@context\":\"https:\\\/\\\/schema.org\",\"@graph\":[{\"@type\":\"WebPage\",\"@id\":\"https:\\\/\\\/miumjau.ee\\\/lv\\\/produkts\\\/ontario-garsiga-lasa-paste-kakiem-90-g\\\/\",\"url\":\"https:\\\/\\\/miumjau.ee\\\/lv\\\/produkts\\\/ontario-garsiga-lasa-paste-kakiem-90-g\\\/\",\"name\":\"Ontario gar\u0161\u012bga la\u0161a past\u0113 ka\u0137iem, 90 g - MiuMjau\",\"isPartOf\":{\"@id\":\"https:\\\/\\\/miumjau.ee\\\/#website\"},\"primaryImageOfPage\":{\"@id\":\"https:\\\/\\\/miumjau.ee\\\/lv\\\/produkts\\\/ontario-garsiga-lasa-paste-kakiem-90-g\\\/#primaryimage\"},\"image\":{\"@id\":\"https:\\\/\\\/miumjau.ee\\\/lv\\\/produkts\\\/ontario-garsiga-lasa-paste-kakiem-90-g\\\/#primaryimage\"},\"thumbnailUrl\":\"https:\\\/\\\/miumjau.ee\\\/wp-content\\\/uploads\\\/2024\\\/11\\\/ONtario-fresh-meat-paste-90g.jpg\",\"datePublished\":\"2024-11-15T07:55:42+00:00\",\"breadcrumb\":{\"@id\":\"https:\\\/\\\/miumjau.ee\\\/lv\\\/produkts\\\/ontario-garsiga-lasa-paste-kakiem-90-g\\\/#breadcrumb\"},\"inLanguage\":\"lv-LV\",\"potentialAction\":[{\"@type\":\"ReadAction\",\"target\":[\"https:\\\/\\\/miumjau.ee\\\/lv\\\/produkts\\\/ontario-garsiga-lasa-paste-kakiem-90-g\\\/\"]}]},{\"@type\":\"ImageObject\",\"inLanguage\":\"lv-LV\",\"@id\":\"https:\\\/\\\/miumjau.ee\\\/lv\\\/produkts\\\/ontario-garsiga-lasa-paste-kakiem-90-g\\\/#primaryimage\",\"url\":\"https:\\\/\\\/miumjau.ee\\\/wp-content\\\/uploads\\\/2024\\\/11\\\/ONtario-fresh-meat-paste-90g.jpg\",\"contentUrl\":\"https:\\\/\\\/miumjau.ee\\\/wp-content\\\/uploads\\\/2024\\\/11\\\/ONtario-fresh-meat-paste-90g.jpg\",\"width\":600,\"height\":800},{\"@type\":\"BreadcrumbList\",\"@id\":\"https:\\\/\\\/miumjau.ee\\\/lv\\\/produkts\\\/ontario-garsiga-lasa-paste-kakiem-90-g\\\/#breadcrumb\",\"itemListElement\":[{\"@type\":\"ListItem\",\"position\":1,\"name\":\"Home\",\"item\":\"https:\\\/\\\/miumjau.ee\\\/lv\\\/\"},{\"@type\":\"ListItem\",\"position\":2,\"name\":\"Veikals\",\"item\":\"https:\\\/\\\/miumjau.ee\\\/lv\\\/veikals\\\/\"},{\"@type\":\"ListItem\",\"position\":3,\"name\":\"Ontario gar\u0161\u012bga la\u0161a past\u0113 ka\u0137iem, 90 g\"}]},{\"@type\":\"WebSite\",\"@id\":\"https:\\\/\\\/miumjau.ee\\\/#website\",\"url\":\"https:\\\/\\\/miumjau.ee\\\/\",\"name\":\"MiuMjau\",\"description\":\"Kraapimispuud kassidele\",\"publisher\":{\"@id\":\"https:\\\/\\\/miumjau.ee\\\/#organization\"},\"potentialAction\":[{\"@type\":\"SearchAction\",\"target\":{\"@type\":\"EntryPoint\",\"urlTemplate\":\"https:\\\/\\\/miumjau.ee\\\/?s={search_term_string}\"},\"query-input\":{\"@type\":\"PropertyValueSpecification\",\"valueRequired\":true,\"valueName\":\"search_term_string\"}}],\"inLanguage\":\"lv-LV\"},{\"@type\":\"Organization\",\"@id\":\"https:\\\/\\\/miumjau.ee\\\/#organization\",\"name\":\"MiuMjau O\u00dc\",\"url\":\"https:\\\/\\\/miumjau.ee\\\/\",\"logo\":{\"@type\":\"ImageObject\",\"inLanguage\":\"lv-LV\",\"@id\":\"https:\\\/\\\/miumjau.ee\\\/#\\\/schema\\\/logo\\\/image\\\/\",\"url\":\"https:\\\/\\\/miumjau.ee\\\/wp-content\\\/uploads\\\/2022\\\/04\\\/MiuMjau-logo-kollane.png\",\"contentUrl\":\"https:\\\/\\\/miumjau.ee\\\/wp-content\\\/uploads\\\/2022\\\/04\\\/MiuMjau-logo-kollane.png\",\"width\":219,\"height\":100,\"caption\":\"MiuMjau O\u00dc\"},\"image\":{\"@id\":\"https:\\\/\\\/miumjau.ee\\\/#\\\/schema\\\/logo\\\/image\\\/\"},\"sameAs\":[\"https:\\\/\\\/www.facebook.com\\\/miumjaupood\\\/\"]}]}<\/script>\n<!-- \/ Yoast SEO plugin. -->","yoast_head_json":{"title":"Ontario gar\u0161\u012bga la\u0161a past\u0113 ka\u0137iem, 90 g - MiuMjau","robots":{"index":"index","follow":"follow","max-snippet":"max-snippet:-1","max-image-preview":"max-image-preview:large","max-video-preview":"max-video-preview:-1"},"canonical":"https:\/\/miumjau.ee\/lv\/produkts\/ontario-garsiga-lasa-paste-kakiem-90-g\/","og_locale":"lv_LV","og_type":"article","og_title":"Ontario gar\u0161\u012bga la\u0161a past\u0113 ka\u0137iem, 90 g - MiuMjau","og_description":"ONTARIO Salmon Fresh Meat Paste \u2013 papildbar\u012bbas past\u0113 ka\u0137iem ar lasi. 90 g. \u0112rti doz\u0113t un uzglab\u0101t ledusskap\u012b. Kas jauns un interesants j\u016bsu ka\u0137im! Vis\u0101m ka\u0137u dz\u012bves pieredz\u0113m vajadz\u012bga da\u017e\u0101d\u012bba. Baro\u0161anas nor\u0101d\u012bjumi: dienas deva atkar\u012bga no j\u016bsu ka\u0137a aktivit\u0101tes, vecuma un \u0161\u0137irnes. Sast\u0101vs: vistas buljons 79,23%, lasis 14,076%, vistas ga\u013ca 3,62%, ciete 2%, ksant\u0101na gumija 0,4%, s\u0101ls 0,4%, bonito zivju aromatiz\u0113t\u0101js 0,1%, izomaltoze 0,08%, taur\u012bns 0,08%, t\u0113jas ekstrakts 0,008%, vitam\u012bni (A, B2, B3, B5, D3, E, polidekstroze) 0,006%. Anal\u012btiskais sast\u0101vs: kopprote\u012bns 2,5%, mitrums 90%, kop\u0113j\u0101s e\u013c\u013cas un tauki 0,1%, kop\u0113jie pelni 1,2%, kop\u0161\u0137iedra 1%.","og_url":"https:\/\/miumjau.ee\/lv\/produkts\/ontario-garsiga-lasa-paste-kakiem-90-g\/","og_site_name":"MiuMjau","article_publisher":"https:\/\/www.facebook.com\/miumjaupood\/","og_image":[{"width":600,"height":800,"url":"https:\/\/miumjau.ee\/wp-content\/uploads\/2024\/11\/ONtario-fresh-meat-paste-90g.jpg","type":"image\/jpeg"}],"twitter_card":"summary_large_image","schema":{"@context":"https:\/\/schema.org","@graph":[{"@type":"WebPage","@id":"https:\/\/miumjau.ee\/lv\/produkts\/ontario-garsiga-lasa-paste-kakiem-90-g\/","url":"https:\/\/miumjau.ee\/lv\/produkts\/ontario-garsiga-lasa-paste-kakiem-90-g\/","name":"Ontario gar\u0161\u012bga la\u0161a past\u0113 ka\u0137iem, 90 g - MiuMjau","isPartOf":{"@id":"https:\/\/miumjau.ee\/#website"},"primaryImageOfPage":{"@id":"https:\/\/miumjau.ee\/lv\/produkts\/ontario-garsiga-lasa-paste-kakiem-90-g\/#primaryimage"},"image":{"@id":"https:\/\/miumjau.ee\/lv\/produkts\/ontario-garsiga-lasa-paste-kakiem-90-g\/#primaryimage"},"thumbnailUrl":"https:\/\/miumjau.ee\/wp-content\/uploads\/2024\/11\/ONtario-fresh-meat-paste-90g.jpg","datePublished":"2024-11-15T07:55:42+00:00","breadcrumb":{"@id":"https:\/\/miumjau.ee\/lv\/produkts\/ontario-garsiga-lasa-paste-kakiem-90-g\/#breadcrumb"},"inLanguage":"lv-LV","potentialAction":[{"@type":"ReadAction","target":["https:\/\/miumjau.ee\/lv\/produkts\/ontario-garsiga-lasa-paste-kakiem-90-g\/"]}]},{"@type":"ImageObject","inLanguage":"lv-LV","@id":"https:\/\/miumjau.ee\/lv\/produkts\/ontario-garsiga-lasa-paste-kakiem-90-g\/#primaryimage","url":"https:\/\/miumjau.ee\/wp-content\/uploads\/2024\/11\/ONtario-fresh-meat-paste-90g.jpg","contentUrl":"https:\/\/miumjau.ee\/wp-content\/uploads\/2024\/11\/ONtario-fresh-meat-paste-90g.jpg","width":600,"height":800},{"@type":"BreadcrumbList","@id":"https:\/\/miumjau.ee\/lv\/produkts\/ontario-garsiga-lasa-paste-kakiem-90-g\/#breadcrumb","itemListElement":[{"@type":"ListItem","position":1,"name":"Home","item":"https:\/\/miumjau.ee\/lv\/"},{"@type":"ListItem","position":2,"name":"Veikals","item":"https:\/\/miumjau.ee\/lv\/veikals\/"},{"@type":"ListItem","position":3,"name":"Ontario gar\u0161\u012bga la\u0161a past\u0113 ka\u0137iem, 90 g"}]},{"@type":"WebSite","@id":"https:\/\/miumjau.ee\/#website","url":"https:\/\/miumjau.ee\/","name":"MiuMjau","description":"Kraapimispuud kassidele","publisher":{"@id":"https:\/\/miumjau.ee\/#organization"},"potentialAction":[{"@type":"SearchAction","target":{"@type":"EntryPoint","urlTemplate":"https:\/\/miumjau.ee\/?s={search_term_string}"},"query-input":{"@type":"PropertyValueSpecification","valueRequired":true,"valueName":"search_term_string"}}],"inLanguage":"lv-LV"},{"@type":"Organization","@id":"https:\/\/miumjau.ee\/#organization","name":"MiuMjau O\u00dc","url":"https:\/\/miumjau.ee\/","logo":{"@type":"ImageObject","inLanguage":"lv-LV","@id":"https:\/\/miumjau.ee\/#\/schema\/logo\/image\/","url":"https:\/\/miumjau.ee\/wp-content\/uploads\/2022\/04\/MiuMjau-logo-kollane.png","contentUrl":"https:\/\/miumjau.ee\/wp-content\/uploads\/2022\/04\/MiuMjau-logo-kollane.png","width":219,"height":100,"caption":"MiuMjau O\u00dc"},"image":{"@id":"https:\/\/miumjau.ee\/#\/schema\/logo\/image\/"},"sameAs":["https:\/\/www.facebook.com\/miumjaupood\/"]}]}},"_links":{"self":[{"href":"https:\/\/miumjau.ee\/lv\/wp-json\/wp\/v2\/product\/55776","targetHints":{"allow":["GET"]}}],"collection":[{"href":"https:\/\/miumjau.ee\/lv\/wp-json\/wp\/v2\/product"}],"about":[{"href":"https:\/\/miumjau.ee\/lv\/wp-json\/wp\/v2\/types\/product"}],"wp:featuredmedia":[{"embeddable":true,"href":"https:\/\/miumjau.ee\/lv\/wp-json\/wp\/v2\/media\/55777"}],"wp:attachment":[{"href":"https:\/\/miumjau.ee\/lv\/wp-json\/wp\/v2\/media?parent=55776"}],"wp:term":[{"taxonomy":"product_brand","embeddable":true,"href":"https:\/\/miumjau.ee\/lv\/wp-json\/wp\/v2\/product_brand?post=55776"},{"taxonomy":"product_cat","embeddable":true,"href":"https:\/\/miumjau.ee\/lv\/wp-json\/wp\/v2\/product_cat?post=55776"},{"taxonomy":"product_tag","embeddable":true,"href":"https:\/\/miumjau.ee\/lv\/wp-json\/wp\/v2\/product_tag?post=55776"}],"curies":[{"name":"wp","href":"https:\/\/api.w.org\/{rel}","templated":true}]}}