{"id":55772,"date":"2024-11-13T19:48:54","date_gmt":"2024-11-13T17:48:54","guid":{"rendered":"https:\/\/miumjau.ee\/toode\/ontario-piles-dzeriens-kakiem-ar-galas-gabaliniem-135-g\/"},"modified":"2024-11-13T19:48:54","modified_gmt":"2024-11-13T17:48:54","slug":"ontario-piles-dzeriens-kakiem-ar-galas-gabaliniem-135-g","status":"publish","type":"product","link":"https:\/\/miumjau.ee\/lv\/produkts\/ontario-piles-dzeriens-kakiem-ar-galas-gabaliniem-135-g\/","title":{"rendered":"Ontario p\u012bles dz\u0113riens ka\u0137iem ar ga\u013cas gabali\u0146iem 135 g"},"content":{"rendered":"","protected":false},"excerpt":{"rendered":"<p data-start=\"122\" data-end=\"245\">Ontario Duck Drink ir papildbar\u012bba pieaugu\u0161iem ka\u0137iem \u2013 dz\u0113riens ar p\u012bles gabali\u0146iem. Pal\u012bdz nov\u0113rst nierakme\u0146u veido\u0161anos.<\/p>\n<p data-start=\"247\" data-end=\"627\">Dz\u0113riens ka\u0137iem k\u0101 bund\u017e\u0101, kas nodro\u0161ina ikdienas \u0161\u0137idruma uz\u0146em\u0161anu un t\u0101d\u0113j\u0101di pal\u012bdz nov\u0113rst nierakme\u0146u veido\u0161anos.<br data-start=\"365\" data-end=\"368\" \/>Recepte balst\u012bta uz gardu sulu ar maziem gardiem svaigas ga\u013cas gabali\u0146iem.<br data-start=\"442\" data-end=\"445\" \/>To var pasniegt kop\u0101 ar sausbar\u012bbu vai k\u0101 vesel\u012bgu uzkodu starp \u0113dienreiz\u0113m.<br data-start=\"521\" data-end=\"524\" \/>100% sast\u0101va garantija \u2013 j\u016bs prec\u012bzi zin\u0101t, ko d\u0101vin\u0101t savam ka\u0137im.<br data-start=\"591\" data-end=\"594\" \/>Satur tikai dab\u012bg\u0101s kr\u0101svielas.<\/p>\n<p data-start=\"629\" data-end=\"653\"><strong data-start=\"629\" data-end=\"645\">Neto saturs:<\/strong> 135 g<\/p>\n<p data-start=\"655\" data-end=\"838\"><strong data-start=\"655\" data-end=\"667\">Sast\u0101vs:<\/strong> \u016bdens 87,02%, vista 5,33%, p\u012ble 4%, vistas buljons 1,1%, glic\u012bns 0,93%, biezin\u0101t\u0101ji 0,83%, saulespu\u0137u e\u013c\u013ca 0,56%, kartupe\u013cu ciete 0,18%, sarkano piparu kr\u0101sviela 0,05%.<\/p>\n<p data-start=\"840\" data-end=\"1001\"><strong data-start=\"840\" data-end=\"868\">Anal\u012btisk\u0101s sast\u0101vda\u013cas:<\/strong> kopprote\u012bns vismaz 2,6%, kop\u0113j\u0101s tauki vismaz 0,5%, kop\u0161\u0137iedra ne vair\u0101k k\u0101 0,6%, kop\u0113jie pelni ne vair\u0101k k\u0101 1%, mitrums max. 95%.<\/p>\n","protected":false},"featured_media":55773,"template":"","meta":[],"product_brand":[],"product_cat":[571],"product_tag":[],"class_list":{"0":"post-55772","1":"product","2":"type-product","3":"status-publish","4":"has-post-thumbnail","6":"product_cat-mitra-bariba","8":"first","9":"instock","10":"sale","11":"taxable","12":"shipping-taxable","13":"purchasable","14":"product-type-simple"},"yoast_head":"<!-- This site is optimized with the Yoast SEO plugin v27.4 - https:\/\/yoast.com\/product\/yoast-seo-wordpress\/ -->\n<title>Ontario p\u012bles dz\u0113riens ka\u0137iem ar ga\u013cas gabali\u0146iem 135 g - MiuMjau<\/title>\n<meta name=\"robots\" content=\"index, follow, max-snippet:-1, max-image-preview:large, max-video-preview:-1\" \/>\n<link rel=\"canonical\" href=\"https:\/\/miumjau.ee\/lv\/produkts\/ontario-piles-dzeriens-kakiem-ar-galas-gabaliniem-135-g\/\" \/>\n<meta property=\"og:locale\" content=\"lv_LV\" \/>\n<meta property=\"og:type\" content=\"article\" \/>\n<meta property=\"og:title\" content=\"Ontario p\u012bles dz\u0113riens ka\u0137iem ar ga\u013cas gabali\u0146iem 135 g - MiuMjau\" \/>\n<meta property=\"og:description\" content=\"Ontario Duck Drink ir papildbar\u012bba pieaugu\u0161iem ka\u0137iem \u2013 dz\u0113riens ar p\u012bles gabali\u0146iem. Pal\u012bdz nov\u0113rst nierakme\u0146u veido\u0161anos. Dz\u0113riens ka\u0137iem k\u0101 bund\u017e\u0101, kas nodro\u0161ina ikdienas \u0161\u0137idruma uz\u0146em\u0161anu un t\u0101d\u0113j\u0101di pal\u012bdz nov\u0113rst nierakme\u0146u veido\u0161anos.Recepte balst\u012bta uz gardu sulu ar maziem gardiem svaigas ga\u013cas gabali\u0146iem.To var pasniegt kop\u0101 ar sausbar\u012bbu vai k\u0101 vesel\u012bgu uzkodu starp \u0113dienreiz\u0113m.100% sast\u0101va garantija \u2013 j\u016bs prec\u012bzi zin\u0101t, ko d\u0101vin\u0101t savam ka\u0137im.Satur tikai dab\u012bg\u0101s kr\u0101svielas. Neto saturs: 135 g Sast\u0101vs: \u016bdens 87,02%, vista 5,33%, p\u012ble 4%, vistas buljons 1,1%, glic\u012bns 0,93%, biezin\u0101t\u0101ji 0,83%, saulespu\u0137u e\u013c\u013ca 0,56%, kartupe\u013cu ciete 0,18%, sarkano piparu kr\u0101sviela 0,05%. Anal\u012btisk\u0101s sast\u0101vda\u013cas: kopprote\u012bns vismaz 2,6%, kop\u0113j\u0101s tauki vismaz 0,5%, kop\u0161\u0137iedra ne vair\u0101k k\u0101 0,6%, kop\u0113jie pelni ne vair\u0101k k\u0101 1%, mitrums max. 95%.\" \/>\n<meta property=\"og:url\" content=\"https:\/\/miumjau.ee\/lv\/produkts\/ontario-piles-dzeriens-kakiem-ar-galas-gabaliniem-135-g\/\" \/>\n<meta property=\"og:site_name\" content=\"MiuMjau\" \/>\n<meta property=\"article:publisher\" content=\"https:\/\/www.facebook.com\/miumjaupood\/\" \/>\n<meta property=\"og:image\" content=\"https:\/\/miumjau.ee\/wp-content\/uploads\/2024\/11\/ontario-supp-kassidele-135g5.jpg\" \/>\n\t<meta property=\"og:image:width\" content=\"600\" \/>\n\t<meta property=\"og:image:height\" content=\"800\" \/>\n\t<meta property=\"og:image:type\" content=\"image\/jpeg\" \/>\n<meta name=\"twitter:card\" content=\"summary_large_image\" \/>\n<script type=\"application\/ld+json\" class=\"yoast-schema-graph\">{\"@context\":\"https:\\\/\\\/schema.org\",\"@graph\":[{\"@type\":\"WebPage\",\"@id\":\"https:\\\/\\\/miumjau.ee\\\/lv\\\/produkts\\\/ontario-piles-dzeriens-kakiem-ar-galas-gabaliniem-135-g\\\/\",\"url\":\"https:\\\/\\\/miumjau.ee\\\/lv\\\/produkts\\\/ontario-piles-dzeriens-kakiem-ar-galas-gabaliniem-135-g\\\/\",\"name\":\"Ontario p\u012bles dz\u0113riens ka\u0137iem ar ga\u013cas gabali\u0146iem 135 g - MiuMjau\",\"isPartOf\":{\"@id\":\"https:\\\/\\\/miumjau.ee\\\/#website\"},\"primaryImageOfPage\":{\"@id\":\"https:\\\/\\\/miumjau.ee\\\/lv\\\/produkts\\\/ontario-piles-dzeriens-kakiem-ar-galas-gabaliniem-135-g\\\/#primaryimage\"},\"image\":{\"@id\":\"https:\\\/\\\/miumjau.ee\\\/lv\\\/produkts\\\/ontario-piles-dzeriens-kakiem-ar-galas-gabaliniem-135-g\\\/#primaryimage\"},\"thumbnailUrl\":\"https:\\\/\\\/miumjau.ee\\\/wp-content\\\/uploads\\\/2024\\\/11\\\/ontario-supp-kassidele-135g5.jpg\",\"datePublished\":\"2024-11-13T17:48:54+00:00\",\"breadcrumb\":{\"@id\":\"https:\\\/\\\/miumjau.ee\\\/lv\\\/produkts\\\/ontario-piles-dzeriens-kakiem-ar-galas-gabaliniem-135-g\\\/#breadcrumb\"},\"inLanguage\":\"lv-LV\",\"potentialAction\":[{\"@type\":\"ReadAction\",\"target\":[\"https:\\\/\\\/miumjau.ee\\\/lv\\\/produkts\\\/ontario-piles-dzeriens-kakiem-ar-galas-gabaliniem-135-g\\\/\"]}]},{\"@type\":\"ImageObject\",\"inLanguage\":\"lv-LV\",\"@id\":\"https:\\\/\\\/miumjau.ee\\\/lv\\\/produkts\\\/ontario-piles-dzeriens-kakiem-ar-galas-gabaliniem-135-g\\\/#primaryimage\",\"url\":\"https:\\\/\\\/miumjau.ee\\\/wp-content\\\/uploads\\\/2024\\\/11\\\/ontario-supp-kassidele-135g5.jpg\",\"contentUrl\":\"https:\\\/\\\/miumjau.ee\\\/wp-content\\\/uploads\\\/2024\\\/11\\\/ontario-supp-kassidele-135g5.jpg\",\"width\":600,\"height\":800},{\"@type\":\"BreadcrumbList\",\"@id\":\"https:\\\/\\\/miumjau.ee\\\/lv\\\/produkts\\\/ontario-piles-dzeriens-kakiem-ar-galas-gabaliniem-135-g\\\/#breadcrumb\",\"itemListElement\":[{\"@type\":\"ListItem\",\"position\":1,\"name\":\"Home\",\"item\":\"https:\\\/\\\/miumjau.ee\\\/lv\\\/\"},{\"@type\":\"ListItem\",\"position\":2,\"name\":\"Veikals\",\"item\":\"https:\\\/\\\/miumjau.ee\\\/lv\\\/veikals\\\/\"},{\"@type\":\"ListItem\",\"position\":3,\"name\":\"Ontario p\u012bles dz\u0113riens ka\u0137iem ar ga\u013cas gabali\u0146iem 135 g\"}]},{\"@type\":\"WebSite\",\"@id\":\"https:\\\/\\\/miumjau.ee\\\/#website\",\"url\":\"https:\\\/\\\/miumjau.ee\\\/\",\"name\":\"MiuMjau\",\"description\":\"Kraapimispuud kassidele\",\"publisher\":{\"@id\":\"https:\\\/\\\/miumjau.ee\\\/#organization\"},\"potentialAction\":[{\"@type\":\"SearchAction\",\"target\":{\"@type\":\"EntryPoint\",\"urlTemplate\":\"https:\\\/\\\/miumjau.ee\\\/?s={search_term_string}\"},\"query-input\":{\"@type\":\"PropertyValueSpecification\",\"valueRequired\":true,\"valueName\":\"search_term_string\"}}],\"inLanguage\":\"lv-LV\"},{\"@type\":\"Organization\",\"@id\":\"https:\\\/\\\/miumjau.ee\\\/#organization\",\"name\":\"MiuMjau O\u00dc\",\"url\":\"https:\\\/\\\/miumjau.ee\\\/\",\"logo\":{\"@type\":\"ImageObject\",\"inLanguage\":\"lv-LV\",\"@id\":\"https:\\\/\\\/miumjau.ee\\\/#\\\/schema\\\/logo\\\/image\\\/\",\"url\":\"https:\\\/\\\/miumjau.ee\\\/wp-content\\\/uploads\\\/2022\\\/04\\\/MiuMjau-logo-kollane.png\",\"contentUrl\":\"https:\\\/\\\/miumjau.ee\\\/wp-content\\\/uploads\\\/2022\\\/04\\\/MiuMjau-logo-kollane.png\",\"width\":219,\"height\":100,\"caption\":\"MiuMjau O\u00dc\"},\"image\":{\"@id\":\"https:\\\/\\\/miumjau.ee\\\/#\\\/schema\\\/logo\\\/image\\\/\"},\"sameAs\":[\"https:\\\/\\\/www.facebook.com\\\/miumjaupood\\\/\"]}]}<\/script>\n<!-- \/ Yoast SEO plugin. -->","yoast_head_json":{"title":"Ontario p\u012bles dz\u0113riens ka\u0137iem ar ga\u013cas gabali\u0146iem 135 g - MiuMjau","robots":{"index":"index","follow":"follow","max-snippet":"max-snippet:-1","max-image-preview":"max-image-preview:large","max-video-preview":"max-video-preview:-1"},"canonical":"https:\/\/miumjau.ee\/lv\/produkts\/ontario-piles-dzeriens-kakiem-ar-galas-gabaliniem-135-g\/","og_locale":"lv_LV","og_type":"article","og_title":"Ontario p\u012bles dz\u0113riens ka\u0137iem ar ga\u013cas gabali\u0146iem 135 g - MiuMjau","og_description":"Ontario Duck Drink ir papildbar\u012bba pieaugu\u0161iem ka\u0137iem \u2013 dz\u0113riens ar p\u012bles gabali\u0146iem. Pal\u012bdz nov\u0113rst nierakme\u0146u veido\u0161anos. Dz\u0113riens ka\u0137iem k\u0101 bund\u017e\u0101, kas nodro\u0161ina ikdienas \u0161\u0137idruma uz\u0146em\u0161anu un t\u0101d\u0113j\u0101di pal\u012bdz nov\u0113rst nierakme\u0146u veido\u0161anos.Recepte balst\u012bta uz gardu sulu ar maziem gardiem svaigas ga\u013cas gabali\u0146iem.To var pasniegt kop\u0101 ar sausbar\u012bbu vai k\u0101 vesel\u012bgu uzkodu starp \u0113dienreiz\u0113m.100% sast\u0101va garantija \u2013 j\u016bs prec\u012bzi zin\u0101t, ko d\u0101vin\u0101t savam ka\u0137im.Satur tikai dab\u012bg\u0101s kr\u0101svielas. Neto saturs: 135 g Sast\u0101vs: \u016bdens 87,02%, vista 5,33%, p\u012ble 4%, vistas buljons 1,1%, glic\u012bns 0,93%, biezin\u0101t\u0101ji 0,83%, saulespu\u0137u e\u013c\u013ca 0,56%, kartupe\u013cu ciete 0,18%, sarkano piparu kr\u0101sviela 0,05%. Anal\u012btisk\u0101s sast\u0101vda\u013cas: kopprote\u012bns vismaz 2,6%, kop\u0113j\u0101s tauki vismaz 0,5%, kop\u0161\u0137iedra ne vair\u0101k k\u0101 0,6%, kop\u0113jie pelni ne vair\u0101k k\u0101 1%, mitrums max. 95%.","og_url":"https:\/\/miumjau.ee\/lv\/produkts\/ontario-piles-dzeriens-kakiem-ar-galas-gabaliniem-135-g\/","og_site_name":"MiuMjau","article_publisher":"https:\/\/www.facebook.com\/miumjaupood\/","og_image":[{"width":600,"height":800,"url":"https:\/\/miumjau.ee\/wp-content\/uploads\/2024\/11\/ontario-supp-kassidele-135g5.jpg","type":"image\/jpeg"}],"twitter_card":"summary_large_image","schema":{"@context":"https:\/\/schema.org","@graph":[{"@type":"WebPage","@id":"https:\/\/miumjau.ee\/lv\/produkts\/ontario-piles-dzeriens-kakiem-ar-galas-gabaliniem-135-g\/","url":"https:\/\/miumjau.ee\/lv\/produkts\/ontario-piles-dzeriens-kakiem-ar-galas-gabaliniem-135-g\/","name":"Ontario p\u012bles dz\u0113riens ka\u0137iem ar ga\u013cas gabali\u0146iem 135 g - MiuMjau","isPartOf":{"@id":"https:\/\/miumjau.ee\/#website"},"primaryImageOfPage":{"@id":"https:\/\/miumjau.ee\/lv\/produkts\/ontario-piles-dzeriens-kakiem-ar-galas-gabaliniem-135-g\/#primaryimage"},"image":{"@id":"https:\/\/miumjau.ee\/lv\/produkts\/ontario-piles-dzeriens-kakiem-ar-galas-gabaliniem-135-g\/#primaryimage"},"thumbnailUrl":"https:\/\/miumjau.ee\/wp-content\/uploads\/2024\/11\/ontario-supp-kassidele-135g5.jpg","datePublished":"2024-11-13T17:48:54+00:00","breadcrumb":{"@id":"https:\/\/miumjau.ee\/lv\/produkts\/ontario-piles-dzeriens-kakiem-ar-galas-gabaliniem-135-g\/#breadcrumb"},"inLanguage":"lv-LV","potentialAction":[{"@type":"ReadAction","target":["https:\/\/miumjau.ee\/lv\/produkts\/ontario-piles-dzeriens-kakiem-ar-galas-gabaliniem-135-g\/"]}]},{"@type":"ImageObject","inLanguage":"lv-LV","@id":"https:\/\/miumjau.ee\/lv\/produkts\/ontario-piles-dzeriens-kakiem-ar-galas-gabaliniem-135-g\/#primaryimage","url":"https:\/\/miumjau.ee\/wp-content\/uploads\/2024\/11\/ontario-supp-kassidele-135g5.jpg","contentUrl":"https:\/\/miumjau.ee\/wp-content\/uploads\/2024\/11\/ontario-supp-kassidele-135g5.jpg","width":600,"height":800},{"@type":"BreadcrumbList","@id":"https:\/\/miumjau.ee\/lv\/produkts\/ontario-piles-dzeriens-kakiem-ar-galas-gabaliniem-135-g\/#breadcrumb","itemListElement":[{"@type":"ListItem","position":1,"name":"Home","item":"https:\/\/miumjau.ee\/lv\/"},{"@type":"ListItem","position":2,"name":"Veikals","item":"https:\/\/miumjau.ee\/lv\/veikals\/"},{"@type":"ListItem","position":3,"name":"Ontario p\u012bles dz\u0113riens ka\u0137iem ar ga\u013cas gabali\u0146iem 135 g"}]},{"@type":"WebSite","@id":"https:\/\/miumjau.ee\/#website","url":"https:\/\/miumjau.ee\/","name":"MiuMjau","description":"Kraapimispuud kassidele","publisher":{"@id":"https:\/\/miumjau.ee\/#organization"},"potentialAction":[{"@type":"SearchAction","target":{"@type":"EntryPoint","urlTemplate":"https:\/\/miumjau.ee\/?s={search_term_string}"},"query-input":{"@type":"PropertyValueSpecification","valueRequired":true,"valueName":"search_term_string"}}],"inLanguage":"lv-LV"},{"@type":"Organization","@id":"https:\/\/miumjau.ee\/#organization","name":"MiuMjau O\u00dc","url":"https:\/\/miumjau.ee\/","logo":{"@type":"ImageObject","inLanguage":"lv-LV","@id":"https:\/\/miumjau.ee\/#\/schema\/logo\/image\/","url":"https:\/\/miumjau.ee\/wp-content\/uploads\/2022\/04\/MiuMjau-logo-kollane.png","contentUrl":"https:\/\/miumjau.ee\/wp-content\/uploads\/2022\/04\/MiuMjau-logo-kollane.png","width":219,"height":100,"caption":"MiuMjau O\u00dc"},"image":{"@id":"https:\/\/miumjau.ee\/#\/schema\/logo\/image\/"},"sameAs":["https:\/\/www.facebook.com\/miumjaupood\/"]}]}},"_links":{"self":[{"href":"https:\/\/miumjau.ee\/lv\/wp-json\/wp\/v2\/product\/55772","targetHints":{"allow":["GET"]}}],"collection":[{"href":"https:\/\/miumjau.ee\/lv\/wp-json\/wp\/v2\/product"}],"about":[{"href":"https:\/\/miumjau.ee\/lv\/wp-json\/wp\/v2\/types\/product"}],"wp:featuredmedia":[{"embeddable":true,"href":"https:\/\/miumjau.ee\/lv\/wp-json\/wp\/v2\/media\/55773"}],"wp:attachment":[{"href":"https:\/\/miumjau.ee\/lv\/wp-json\/wp\/v2\/media?parent=55772"}],"wp:term":[{"taxonomy":"product_brand","embeddable":true,"href":"https:\/\/miumjau.ee\/lv\/wp-json\/wp\/v2\/product_brand?post=55772"},{"taxonomy":"product_cat","embeddable":true,"href":"https:\/\/miumjau.ee\/lv\/wp-json\/wp\/v2\/product_cat?post=55772"},{"taxonomy":"product_tag","embeddable":true,"href":"https:\/\/miumjau.ee\/lv\/wp-json\/wp\/v2\/product_tag?post=55772"}],"curies":[{"name":"wp","href":"https:\/\/api.w.org\/{rel}","templated":true}]}}