{"id":55732,"date":"2024-11-18T13:26:05","date_gmt":"2024-11-18T11:26:05","guid":{"rendered":"https:\/\/miumjau.ee\/toode\/applaws-kaku-konservu-izlase-komplekts-ar-zivim-12-x-156-g\/"},"modified":"2024-11-18T13:26:05","modified_gmt":"2024-11-18T11:26:05","slug":"applaws-kaku-konservu-izlase-komplekts-ar-zivim-12-x-156-g","status":"publish","type":"product","link":"https:\/\/miumjau.ee\/lv\/produkts\/applaws-kaku-konservu-izlase-komplekts-ar-zivim-12-x-156-g\/","title":{"rendered":"Applaws ka\u0137u konservu izlase komplekts ar ziv\u012bm 12 \u00d7 156 g"},"content":{"rendered":"","protected":false},"excerpt":{"rendered":"<p data-start=\"150\" data-end=\"327\">Papildbar\u012bba ka\u0137iem, piln\u012bgi dab\u012bga un nesatur neko citu, iz\u0146emot nor\u0101d\u012bt\u0101s sast\u0101vda\u013cas. Komplekt\u0101 12 konservi: 4 \u00d7 tun\u010da fileja, 4 \u00d7 oke\u0101na zivis, 4 \u00d7 tun\u010da fileja ar garnel\u0113m.<\/p>\n<p data-start=\"329\" data-end=\"503\"><strong data-start=\"329\" data-end=\"385\">Ieteicamais dienas pat\u0113ri\u0146\u0161 un lieto\u0161anas nor\u0101d\u012bjumi<\/strong><br data-start=\"385\" data-end=\"388\" \/>Baro\u0161anas nor\u0101d\u012bjums atbilsto\u0161i ka\u0137a svaram: 0\u20133 kg: 0,5 konservs \/ 3\u20135 kg: 1 konservs \/ virs 5 kg: 1,5 konservi.<\/p>\n<p data-start=\"505\" data-end=\"757\"><strong data-start=\"505\" data-end=\"528\">Sast\u0101vda\u013cu saraksts<\/strong><br data-start=\"528\" data-end=\"531\" \/>Sast\u0101vs:<br data-start=\"539\" data-end=\"542\" \/>4 \u00d7 Tun\u010da fileja: tun\u010da fileja 75%, zivju buljons, r\u012bsi.<br data-start=\"598\" data-end=\"601\" \/>4 \u00d7 Oke\u0101na zivis: makrele 45%, tun\u010da fileja 30%, zivju buljons, r\u012bsi.<br data-start=\"670\" data-end=\"673\" \/>4 \u00d7 Tun\u010da fileja ar garnel\u0113m: tun\u010da fileja 55%, zivju buljons, garneles 20%, r\u012bsi.<\/p>\n<p data-start=\"759\" data-end=\"1101\"><strong data-start=\"759\" data-end=\"787\">Anal\u012btisk\u0101s sast\u0101vda\u013cas:<\/strong><br data-start=\"787\" data-end=\"790\" \/>4 \u00d7 Tun\u010da fileja: prote\u012bns 16%, kop\u0161\u0137iedra 0,1%, kop\u0113j\u0101s tauki 1%, kop\u0113jie pelni 1%, mitrums 80%.<br data-start=\"887\" data-end=\"890\" \/>4 \u00d7 Oke\u0101na zivis: prote\u012bns 17%, kop\u0161\u0137iedra 0,1%, kop\u0113j\u0101s tauki 2%, kop\u0113jie pelni 1%, mitrums 79%.<br data-start=\"987\" data-end=\"990\" \/>4 \u00d7 Tun\u010da fileja ar garnel\u0113m: prote\u012bns 14%, kop\u0161\u0137iedra 0,1%, kop\u0113j\u0101s tauki 1%, kop\u0113jie pelni 1%, mitrums 81%.<\/p>\n<p data-start=\"1103\" data-end=\"1266\"><strong data-start=\"1103\" data-end=\"1130\">Uzglab\u0101\u0161anas nosac\u012bjumi<\/strong><br data-start=\"1130\" data-end=\"1133\" \/>Uzglab\u0101t saus\u0101 un v\u0113s\u0101 viet\u0101. Vienm\u0113r nodro\u0161in\u0101t t\u012bru un svaigu dzeramo \u016bdeni.<br data-start=\"1211\" data-end=\"1214\" \/>Der\u012bguma termi\u0146\u0161 un partijas nr.: skat\u012bt iepakojumu.<\/p>\n<p data-start=\"1268\" data-end=\"1298\"><strong data-start=\"1268\" data-end=\"1283\">Neto saturs<\/strong><br data-start=\"1283\" data-end=\"1286\" \/>12 \u00d7 156 g<\/p>\n","protected":false},"featured_media":55733,"template":"","meta":[],"product_brand":[],"product_cat":[571],"product_tag":[],"class_list":{"0":"post-55732","1":"product","2":"type-product","3":"status-publish","4":"has-post-thumbnail","6":"product_cat-mitra-bariba","8":"first","9":"instock","10":"taxable","11":"shipping-taxable","12":"purchasable","13":"product-type-simple"},"yoast_head":"<!-- This site is optimized with the Yoast SEO plugin v27.4 - https:\/\/yoast.com\/product\/yoast-seo-wordpress\/ -->\n<title>Applaws ka\u0137u konservu izlase komplekts ar ziv\u012bm 12 \u00d7 156 g - MiuMjau<\/title>\n<meta name=\"robots\" content=\"index, follow, max-snippet:-1, max-image-preview:large, max-video-preview:-1\" \/>\n<link rel=\"canonical\" href=\"https:\/\/miumjau.ee\/lv\/produkts\/applaws-kaku-konservu-izlase-komplekts-ar-zivim-12-x-156-g\/\" \/>\n<meta property=\"og:locale\" content=\"lv_LV\" \/>\n<meta property=\"og:type\" content=\"article\" \/>\n<meta property=\"og:title\" content=\"Applaws ka\u0137u konservu izlase komplekts ar ziv\u012bm 12 \u00d7 156 g - MiuMjau\" \/>\n<meta property=\"og:description\" content=\"Papildbar\u012bba ka\u0137iem, piln\u012bgi dab\u012bga un nesatur neko citu, iz\u0146emot nor\u0101d\u012bt\u0101s sast\u0101vda\u013cas. Komplekt\u0101 12 konservi: 4 \u00d7 tun\u010da fileja, 4 \u00d7 oke\u0101na zivis, 4 \u00d7 tun\u010da fileja ar garnel\u0113m. Ieteicamais dienas pat\u0113ri\u0146\u0161 un lieto\u0161anas nor\u0101d\u012bjumiBaro\u0161anas nor\u0101d\u012bjums atbilsto\u0161i ka\u0137a svaram: 0\u20133 kg: 0,5 konservs \/ 3\u20135 kg: 1 konservs \/ virs 5 kg: 1,5 konservi. Sast\u0101vda\u013cu sarakstsSast\u0101vs:4 \u00d7 Tun\u010da fileja: tun\u010da fileja 75%, zivju buljons, r\u012bsi.4 \u00d7 Oke\u0101na zivis: makrele 45%, tun\u010da fileja 30%, zivju buljons, r\u012bsi.4 \u00d7 Tun\u010da fileja ar garnel\u0113m: tun\u010da fileja 55%, zivju buljons, garneles 20%, r\u012bsi. Anal\u012btisk\u0101s sast\u0101vda\u013cas:4 \u00d7 Tun\u010da fileja: prote\u012bns 16%, kop\u0161\u0137iedra 0,1%, kop\u0113j\u0101s tauki 1%, kop\u0113jie pelni 1%, mitrums 80%.4 \u00d7 Oke\u0101na zivis: prote\u012bns 17%, kop\u0161\u0137iedra 0,1%, kop\u0113j\u0101s tauki 2%, kop\u0113jie pelni 1%, mitrums 79%.4 \u00d7 Tun\u010da fileja ar garnel\u0113m: prote\u012bns 14%, kop\u0161\u0137iedra 0,1%, kop\u0113j\u0101s tauki 1%, kop\u0113jie pelni 1%, mitrums 81%. Uzglab\u0101\u0161anas nosac\u012bjumiUzglab\u0101t saus\u0101 un v\u0113s\u0101 viet\u0101. Vienm\u0113r nodro\u0161in\u0101t t\u012bru un svaigu dzeramo \u016bdeni.Der\u012bguma termi\u0146\u0161 un partijas nr.: skat\u012bt iepakojumu. Neto saturs12 \u00d7 156 g\" \/>\n<meta property=\"og:url\" content=\"https:\/\/miumjau.ee\/lv\/produkts\/applaws-kaku-konservu-izlase-komplekts-ar-zivim-12-x-156-g\/\" \/>\n<meta property=\"og:site_name\" content=\"MiuMjau\" \/>\n<meta property=\"article:publisher\" content=\"https:\/\/www.facebook.com\/miumjaupood\/\" \/>\n<meta property=\"og:image\" content=\"https:\/\/miumjau.ee\/wp-content\/uploads\/2024\/11\/applaws-konserv-kassidele-12x156g-kala.jpg\" \/>\n\t<meta property=\"og:image:width\" content=\"600\" \/>\n\t<meta property=\"og:image:height\" content=\"800\" \/>\n\t<meta property=\"og:image:type\" content=\"image\/jpeg\" \/>\n<meta name=\"twitter:card\" content=\"summary_large_image\" \/>\n<script type=\"application\/ld+json\" class=\"yoast-schema-graph\">{\"@context\":\"https:\\\/\\\/schema.org\",\"@graph\":[{\"@type\":\"WebPage\",\"@id\":\"https:\\\/\\\/miumjau.ee\\\/lv\\\/produkts\\\/applaws-kaku-konservu-izlase-komplekts-ar-zivim-12-x-156-g\\\/\",\"url\":\"https:\\\/\\\/miumjau.ee\\\/lv\\\/produkts\\\/applaws-kaku-konservu-izlase-komplekts-ar-zivim-12-x-156-g\\\/\",\"name\":\"Applaws ka\u0137u konservu izlase komplekts ar ziv\u012bm 12 \u00d7 156 g - MiuMjau\",\"isPartOf\":{\"@id\":\"https:\\\/\\\/miumjau.ee\\\/#website\"},\"primaryImageOfPage\":{\"@id\":\"https:\\\/\\\/miumjau.ee\\\/lv\\\/produkts\\\/applaws-kaku-konservu-izlase-komplekts-ar-zivim-12-x-156-g\\\/#primaryimage\"},\"image\":{\"@id\":\"https:\\\/\\\/miumjau.ee\\\/lv\\\/produkts\\\/applaws-kaku-konservu-izlase-komplekts-ar-zivim-12-x-156-g\\\/#primaryimage\"},\"thumbnailUrl\":\"https:\\\/\\\/miumjau.ee\\\/wp-content\\\/uploads\\\/2024\\\/11\\\/applaws-konserv-kassidele-12x156g-kala.jpg\",\"datePublished\":\"2024-11-18T11:26:05+00:00\",\"breadcrumb\":{\"@id\":\"https:\\\/\\\/miumjau.ee\\\/lv\\\/produkts\\\/applaws-kaku-konservu-izlase-komplekts-ar-zivim-12-x-156-g\\\/#breadcrumb\"},\"inLanguage\":\"lv-LV\",\"potentialAction\":[{\"@type\":\"ReadAction\",\"target\":[\"https:\\\/\\\/miumjau.ee\\\/lv\\\/produkts\\\/applaws-kaku-konservu-izlase-komplekts-ar-zivim-12-x-156-g\\\/\"]}]},{\"@type\":\"ImageObject\",\"inLanguage\":\"lv-LV\",\"@id\":\"https:\\\/\\\/miumjau.ee\\\/lv\\\/produkts\\\/applaws-kaku-konservu-izlase-komplekts-ar-zivim-12-x-156-g\\\/#primaryimage\",\"url\":\"https:\\\/\\\/miumjau.ee\\\/wp-content\\\/uploads\\\/2024\\\/11\\\/applaws-konserv-kassidele-12x156g-kala.jpg\",\"contentUrl\":\"https:\\\/\\\/miumjau.ee\\\/wp-content\\\/uploads\\\/2024\\\/11\\\/applaws-konserv-kassidele-12x156g-kala.jpg\",\"width\":600,\"height\":800},{\"@type\":\"BreadcrumbList\",\"@id\":\"https:\\\/\\\/miumjau.ee\\\/lv\\\/produkts\\\/applaws-kaku-konservu-izlase-komplekts-ar-zivim-12-x-156-g\\\/#breadcrumb\",\"itemListElement\":[{\"@type\":\"ListItem\",\"position\":1,\"name\":\"Home\",\"item\":\"https:\\\/\\\/miumjau.ee\\\/lv\\\/\"},{\"@type\":\"ListItem\",\"position\":2,\"name\":\"Veikals\",\"item\":\"https:\\\/\\\/miumjau.ee\\\/lv\\\/veikals\\\/\"},{\"@type\":\"ListItem\",\"position\":3,\"name\":\"Applaws ka\u0137u konservu izlase komplekts ar ziv\u012bm 12 \u00d7 156 g\"}]},{\"@type\":\"WebSite\",\"@id\":\"https:\\\/\\\/miumjau.ee\\\/#website\",\"url\":\"https:\\\/\\\/miumjau.ee\\\/\",\"name\":\"MiuMjau\",\"description\":\"Kraapimispuud kassidele\",\"publisher\":{\"@id\":\"https:\\\/\\\/miumjau.ee\\\/#organization\"},\"potentialAction\":[{\"@type\":\"SearchAction\",\"target\":{\"@type\":\"EntryPoint\",\"urlTemplate\":\"https:\\\/\\\/miumjau.ee\\\/?s={search_term_string}\"},\"query-input\":{\"@type\":\"PropertyValueSpecification\",\"valueRequired\":true,\"valueName\":\"search_term_string\"}}],\"inLanguage\":\"lv-LV\"},{\"@type\":\"Organization\",\"@id\":\"https:\\\/\\\/miumjau.ee\\\/#organization\",\"name\":\"MiuMjau O\u00dc\",\"url\":\"https:\\\/\\\/miumjau.ee\\\/\",\"logo\":{\"@type\":\"ImageObject\",\"inLanguage\":\"lv-LV\",\"@id\":\"https:\\\/\\\/miumjau.ee\\\/#\\\/schema\\\/logo\\\/image\\\/\",\"url\":\"https:\\\/\\\/miumjau.ee\\\/wp-content\\\/uploads\\\/2022\\\/04\\\/MiuMjau-logo-kollane.png\",\"contentUrl\":\"https:\\\/\\\/miumjau.ee\\\/wp-content\\\/uploads\\\/2022\\\/04\\\/MiuMjau-logo-kollane.png\",\"width\":219,\"height\":100,\"caption\":\"MiuMjau O\u00dc\"},\"image\":{\"@id\":\"https:\\\/\\\/miumjau.ee\\\/#\\\/schema\\\/logo\\\/image\\\/\"},\"sameAs\":[\"https:\\\/\\\/www.facebook.com\\\/miumjaupood\\\/\"]}]}<\/script>\n<!-- \/ Yoast SEO plugin. -->","yoast_head_json":{"title":"Applaws ka\u0137u konservu izlase komplekts ar ziv\u012bm 12 \u00d7 156 g - MiuMjau","robots":{"index":"index","follow":"follow","max-snippet":"max-snippet:-1","max-image-preview":"max-image-preview:large","max-video-preview":"max-video-preview:-1"},"canonical":"https:\/\/miumjau.ee\/lv\/produkts\/applaws-kaku-konservu-izlase-komplekts-ar-zivim-12-x-156-g\/","og_locale":"lv_LV","og_type":"article","og_title":"Applaws ka\u0137u konservu izlase komplekts ar ziv\u012bm 12 \u00d7 156 g - MiuMjau","og_description":"Papildbar\u012bba ka\u0137iem, piln\u012bgi dab\u012bga un nesatur neko citu, iz\u0146emot nor\u0101d\u012bt\u0101s sast\u0101vda\u013cas. Komplekt\u0101 12 konservi: 4 \u00d7 tun\u010da fileja, 4 \u00d7 oke\u0101na zivis, 4 \u00d7 tun\u010da fileja ar garnel\u0113m. Ieteicamais dienas pat\u0113ri\u0146\u0161 un lieto\u0161anas nor\u0101d\u012bjumiBaro\u0161anas nor\u0101d\u012bjums atbilsto\u0161i ka\u0137a svaram: 0\u20133 kg: 0,5 konservs \/ 3\u20135 kg: 1 konservs \/ virs 5 kg: 1,5 konservi. Sast\u0101vda\u013cu sarakstsSast\u0101vs:4 \u00d7 Tun\u010da fileja: tun\u010da fileja 75%, zivju buljons, r\u012bsi.4 \u00d7 Oke\u0101na zivis: makrele 45%, tun\u010da fileja 30%, zivju buljons, r\u012bsi.4 \u00d7 Tun\u010da fileja ar garnel\u0113m: tun\u010da fileja 55%, zivju buljons, garneles 20%, r\u012bsi. Anal\u012btisk\u0101s sast\u0101vda\u013cas:4 \u00d7 Tun\u010da fileja: prote\u012bns 16%, kop\u0161\u0137iedra 0,1%, kop\u0113j\u0101s tauki 1%, kop\u0113jie pelni 1%, mitrums 80%.4 \u00d7 Oke\u0101na zivis: prote\u012bns 17%, kop\u0161\u0137iedra 0,1%, kop\u0113j\u0101s tauki 2%, kop\u0113jie pelni 1%, mitrums 79%.4 \u00d7 Tun\u010da fileja ar garnel\u0113m: prote\u012bns 14%, kop\u0161\u0137iedra 0,1%, kop\u0113j\u0101s tauki 1%, kop\u0113jie pelni 1%, mitrums 81%. Uzglab\u0101\u0161anas nosac\u012bjumiUzglab\u0101t saus\u0101 un v\u0113s\u0101 viet\u0101. Vienm\u0113r nodro\u0161in\u0101t t\u012bru un svaigu dzeramo \u016bdeni.Der\u012bguma termi\u0146\u0161 un partijas nr.: skat\u012bt iepakojumu. Neto saturs12 \u00d7 156 g","og_url":"https:\/\/miumjau.ee\/lv\/produkts\/applaws-kaku-konservu-izlase-komplekts-ar-zivim-12-x-156-g\/","og_site_name":"MiuMjau","article_publisher":"https:\/\/www.facebook.com\/miumjaupood\/","og_image":[{"width":600,"height":800,"url":"https:\/\/miumjau.ee\/wp-content\/uploads\/2024\/11\/applaws-konserv-kassidele-12x156g-kala.jpg","type":"image\/jpeg"}],"twitter_card":"summary_large_image","schema":{"@context":"https:\/\/schema.org","@graph":[{"@type":"WebPage","@id":"https:\/\/miumjau.ee\/lv\/produkts\/applaws-kaku-konservu-izlase-komplekts-ar-zivim-12-x-156-g\/","url":"https:\/\/miumjau.ee\/lv\/produkts\/applaws-kaku-konservu-izlase-komplekts-ar-zivim-12-x-156-g\/","name":"Applaws ka\u0137u konservu izlase komplekts ar ziv\u012bm 12 \u00d7 156 g - MiuMjau","isPartOf":{"@id":"https:\/\/miumjau.ee\/#website"},"primaryImageOfPage":{"@id":"https:\/\/miumjau.ee\/lv\/produkts\/applaws-kaku-konservu-izlase-komplekts-ar-zivim-12-x-156-g\/#primaryimage"},"image":{"@id":"https:\/\/miumjau.ee\/lv\/produkts\/applaws-kaku-konservu-izlase-komplekts-ar-zivim-12-x-156-g\/#primaryimage"},"thumbnailUrl":"https:\/\/miumjau.ee\/wp-content\/uploads\/2024\/11\/applaws-konserv-kassidele-12x156g-kala.jpg","datePublished":"2024-11-18T11:26:05+00:00","breadcrumb":{"@id":"https:\/\/miumjau.ee\/lv\/produkts\/applaws-kaku-konservu-izlase-komplekts-ar-zivim-12-x-156-g\/#breadcrumb"},"inLanguage":"lv-LV","potentialAction":[{"@type":"ReadAction","target":["https:\/\/miumjau.ee\/lv\/produkts\/applaws-kaku-konservu-izlase-komplekts-ar-zivim-12-x-156-g\/"]}]},{"@type":"ImageObject","inLanguage":"lv-LV","@id":"https:\/\/miumjau.ee\/lv\/produkts\/applaws-kaku-konservu-izlase-komplekts-ar-zivim-12-x-156-g\/#primaryimage","url":"https:\/\/miumjau.ee\/wp-content\/uploads\/2024\/11\/applaws-konserv-kassidele-12x156g-kala.jpg","contentUrl":"https:\/\/miumjau.ee\/wp-content\/uploads\/2024\/11\/applaws-konserv-kassidele-12x156g-kala.jpg","width":600,"height":800},{"@type":"BreadcrumbList","@id":"https:\/\/miumjau.ee\/lv\/produkts\/applaws-kaku-konservu-izlase-komplekts-ar-zivim-12-x-156-g\/#breadcrumb","itemListElement":[{"@type":"ListItem","position":1,"name":"Home","item":"https:\/\/miumjau.ee\/lv\/"},{"@type":"ListItem","position":2,"name":"Veikals","item":"https:\/\/miumjau.ee\/lv\/veikals\/"},{"@type":"ListItem","position":3,"name":"Applaws ka\u0137u konservu izlase komplekts ar ziv\u012bm 12 \u00d7 156 g"}]},{"@type":"WebSite","@id":"https:\/\/miumjau.ee\/#website","url":"https:\/\/miumjau.ee\/","name":"MiuMjau","description":"Kraapimispuud kassidele","publisher":{"@id":"https:\/\/miumjau.ee\/#organization"},"potentialAction":[{"@type":"SearchAction","target":{"@type":"EntryPoint","urlTemplate":"https:\/\/miumjau.ee\/?s={search_term_string}"},"query-input":{"@type":"PropertyValueSpecification","valueRequired":true,"valueName":"search_term_string"}}],"inLanguage":"lv-LV"},{"@type":"Organization","@id":"https:\/\/miumjau.ee\/#organization","name":"MiuMjau O\u00dc","url":"https:\/\/miumjau.ee\/","logo":{"@type":"ImageObject","inLanguage":"lv-LV","@id":"https:\/\/miumjau.ee\/#\/schema\/logo\/image\/","url":"https:\/\/miumjau.ee\/wp-content\/uploads\/2022\/04\/MiuMjau-logo-kollane.png","contentUrl":"https:\/\/miumjau.ee\/wp-content\/uploads\/2022\/04\/MiuMjau-logo-kollane.png","width":219,"height":100,"caption":"MiuMjau O\u00dc"},"image":{"@id":"https:\/\/miumjau.ee\/#\/schema\/logo\/image\/"},"sameAs":["https:\/\/www.facebook.com\/miumjaupood\/"]}]}},"_links":{"self":[{"href":"https:\/\/miumjau.ee\/lv\/wp-json\/wp\/v2\/product\/55732","targetHints":{"allow":["GET"]}}],"collection":[{"href":"https:\/\/miumjau.ee\/lv\/wp-json\/wp\/v2\/product"}],"about":[{"href":"https:\/\/miumjau.ee\/lv\/wp-json\/wp\/v2\/types\/product"}],"wp:featuredmedia":[{"embeddable":true,"href":"https:\/\/miumjau.ee\/lv\/wp-json\/wp\/v2\/media\/55733"}],"wp:attachment":[{"href":"https:\/\/miumjau.ee\/lv\/wp-json\/wp\/v2\/media?parent=55732"}],"wp:term":[{"taxonomy":"product_brand","embeddable":true,"href":"https:\/\/miumjau.ee\/lv\/wp-json\/wp\/v2\/product_brand?post=55732"},{"taxonomy":"product_cat","embeddable":true,"href":"https:\/\/miumjau.ee\/lv\/wp-json\/wp\/v2\/product_cat?post=55732"},{"taxonomy":"product_tag","embeddable":true,"href":"https:\/\/miumjau.ee\/lv\/wp-json\/wp\/v2\/product_tag?post=55732"}],"curies":[{"name":"wp","href":"https:\/\/api.w.org\/{rel}","templated":true}]}}