{"id":55690,"date":"2024-11-30T16:41:44","date_gmt":"2024-11-30T14:41:44","guid":{"rendered":"https:\/\/miumjau.ee\/toode\/aatas-cat-tantalizing-mitra-bariba-kakiem-ar-tunci-un-surimi-80-g\/"},"modified":"2024-11-30T16:41:44","modified_gmt":"2024-11-30T14:41:44","slug":"aatas-cat-tantalizing-mitra-bariba-kakiem-ar-tunci-un-surimi-80-g","status":"publish","type":"product","link":"https:\/\/miumjau.ee\/lv\/produkts\/aatas-cat-tantalizing-mitra-bariba-kakiem-ar-tunci-un-surimi-80-g\/","title":{"rendered":"Aatas Cat Tantalizing mitr\u0101 bar\u012bba ka\u0137iem ar tunci un surimi 80 g"},"content":{"rendered":"","protected":false},"excerpt":{"rendered":"<p data-start=\"146\" data-end=\"331\">Lieliskas gar\u0161as mitr\u0101 bar\u012bba ka\u0137iem ar augstu ga\u013cas saturu un visaugst\u0101ko kvalit\u0101ti. J\u016bsu ka\u0137im tas noteikti patiks! Ieg\u0101d\u0101joties bar\u012bbu ar \u012bstu ga\u013cu, j\u016bs atbalst\u0101t sava ka\u0137a vesel\u012bbu.<\/p>\n<p data-start=\"333\" data-end=\"467\">Dab\u012bga ga\u013ca<br data-start=\"344\" data-end=\"347\" \/>Zems tauku un kaloriju saturs<br data-start=\"376\" data-end=\"379\" \/>Patiks pat visizv\u0113l\u012bg\u0101kajiem ka\u0137iem<br data-start=\"414\" data-end=\"417\" \/>Nesatur graudaugus<br data-start=\"435\" data-end=\"438\" \/>Bez konservantiem<br data-start=\"455\" data-end=\"458\" \/>Bez \u0122MO<\/p>\n<p data-start=\"469\" data-end=\"521\">Sast\u0101vs: tun\u010da buljons, tuncis, surimi, biezin\u0101t\u0101ji.<\/p>\n<p data-start=\"523\" data-end=\"564\">Ener\u0123ija: 480,0 kcal\/kg, 38,4 kcal\/bund\u017ea<\/p>\n<p data-start=\"566\" data-end=\"704\">Anal\u012btiskais sast\u0101vs: kopprote\u012bns (min) 11,50%, kop\u0113jie tauki (min) 0,60%, kop\u0161\u0137iedra (max) 0,20%, mitrums (max) 86,0%, pelni (max) 1,50%.<\/p>\n","protected":false},"featured_media":55532,"template":"","meta":[],"product_brand":[],"product_cat":[571],"product_tag":[],"class_list":{"0":"post-55690","1":"product","2":"type-product","3":"status-publish","4":"has-post-thumbnail","6":"product_cat-mitra-bariba","8":"first","9":"instock","10":"taxable","11":"shipping-taxable","12":"purchasable","13":"product-type-simple"},"yoast_head":"<!-- This site is optimized with the Yoast SEO plugin v27.4 - https:\/\/yoast.com\/product\/yoast-seo-wordpress\/ -->\n<title>Aatas Cat Tantalizing mitr\u0101 bar\u012bba ka\u0137iem ar tunci un surimi 80 g - MiuMjau<\/title>\n<meta name=\"robots\" content=\"index, follow, max-snippet:-1, max-image-preview:large, max-video-preview:-1\" \/>\n<link rel=\"canonical\" href=\"https:\/\/miumjau.ee\/lv\/produkts\/aatas-cat-tantalizing-mitra-bariba-kakiem-ar-tunci-un-surimi-80-g\/\" \/>\n<meta property=\"og:locale\" content=\"lv_LV\" \/>\n<meta property=\"og:type\" content=\"article\" \/>\n<meta property=\"og:title\" content=\"Aatas Cat Tantalizing mitr\u0101 bar\u012bba ka\u0137iem ar tunci un surimi 80 g - MiuMjau\" \/>\n<meta property=\"og:description\" content=\"Lieliskas gar\u0161as mitr\u0101 bar\u012bba ka\u0137iem ar augstu ga\u013cas saturu un visaugst\u0101ko kvalit\u0101ti. J\u016bsu ka\u0137im tas noteikti patiks! Ieg\u0101d\u0101joties bar\u012bbu ar \u012bstu ga\u013cu, j\u016bs atbalst\u0101t sava ka\u0137a vesel\u012bbu. Dab\u012bga ga\u013caZems tauku un kaloriju satursPatiks pat visizv\u0113l\u012bg\u0101kajiem ka\u0137iemNesatur graudaugusBez konservantiemBez \u0122MO Sast\u0101vs: tun\u010da buljons, tuncis, surimi, biezin\u0101t\u0101ji. Ener\u0123ija: 480,0 kcal\/kg, 38,4 kcal\/bund\u017ea Anal\u012btiskais sast\u0101vs: kopprote\u012bns (min) 11,50%, kop\u0113jie tauki (min) 0,60%, kop\u0161\u0137iedra (max) 0,20%, mitrums (max) 86,0%, pelni (max) 1,50%.\" \/>\n<meta property=\"og:url\" content=\"https:\/\/miumjau.ee\/lv\/produkts\/aatas-cat-tantalizing-mitra-bariba-kakiem-ar-tunci-un-surimi-80-g\/\" \/>\n<meta property=\"og:site_name\" content=\"MiuMjau\" \/>\n<meta property=\"article:publisher\" content=\"https:\/\/www.facebook.com\/miumjaupood\/\" \/>\n<meta property=\"og:image\" content=\"https:\/\/miumjau.ee\/wp-content\/uploads\/2024\/11\/Tuna-_-Surimi-Photoroom.jpg\" \/>\n\t<meta property=\"og:image:width\" content=\"600\" \/>\n\t<meta property=\"og:image:height\" content=\"800\" \/>\n\t<meta property=\"og:image:type\" content=\"image\/jpeg\" \/>\n<meta name=\"twitter:card\" content=\"summary_large_image\" \/>\n<script type=\"application\/ld+json\" class=\"yoast-schema-graph\">{\"@context\":\"https:\\\/\\\/schema.org\",\"@graph\":[{\"@type\":\"WebPage\",\"@id\":\"https:\\\/\\\/miumjau.ee\\\/lv\\\/produkts\\\/aatas-cat-tantalizing-mitra-bariba-kakiem-ar-tunci-un-surimi-80-g\\\/\",\"url\":\"https:\\\/\\\/miumjau.ee\\\/lv\\\/produkts\\\/aatas-cat-tantalizing-mitra-bariba-kakiem-ar-tunci-un-surimi-80-g\\\/\",\"name\":\"Aatas Cat Tantalizing mitr\u0101 bar\u012bba ka\u0137iem ar tunci un surimi 80 g - MiuMjau\",\"isPartOf\":{\"@id\":\"https:\\\/\\\/miumjau.ee\\\/#website\"},\"primaryImageOfPage\":{\"@id\":\"https:\\\/\\\/miumjau.ee\\\/lv\\\/produkts\\\/aatas-cat-tantalizing-mitra-bariba-kakiem-ar-tunci-un-surimi-80-g\\\/#primaryimage\"},\"image\":{\"@id\":\"https:\\\/\\\/miumjau.ee\\\/lv\\\/produkts\\\/aatas-cat-tantalizing-mitra-bariba-kakiem-ar-tunci-un-surimi-80-g\\\/#primaryimage\"},\"thumbnailUrl\":\"https:\\\/\\\/miumjau.ee\\\/wp-content\\\/uploads\\\/2024\\\/11\\\/Tuna-_-Surimi-Photoroom.jpg\",\"datePublished\":\"2024-11-30T14:41:44+00:00\",\"breadcrumb\":{\"@id\":\"https:\\\/\\\/miumjau.ee\\\/lv\\\/produkts\\\/aatas-cat-tantalizing-mitra-bariba-kakiem-ar-tunci-un-surimi-80-g\\\/#breadcrumb\"},\"inLanguage\":\"lv-LV\",\"potentialAction\":[{\"@type\":\"ReadAction\",\"target\":[\"https:\\\/\\\/miumjau.ee\\\/lv\\\/produkts\\\/aatas-cat-tantalizing-mitra-bariba-kakiem-ar-tunci-un-surimi-80-g\\\/\"]}]},{\"@type\":\"ImageObject\",\"inLanguage\":\"lv-LV\",\"@id\":\"https:\\\/\\\/miumjau.ee\\\/lv\\\/produkts\\\/aatas-cat-tantalizing-mitra-bariba-kakiem-ar-tunci-un-surimi-80-g\\\/#primaryimage\",\"url\":\"https:\\\/\\\/miumjau.ee\\\/wp-content\\\/uploads\\\/2024\\\/11\\\/Tuna-_-Surimi-Photoroom.jpg\",\"contentUrl\":\"https:\\\/\\\/miumjau.ee\\\/wp-content\\\/uploads\\\/2024\\\/11\\\/Tuna-_-Surimi-Photoroom.jpg\",\"width\":600,\"height\":800},{\"@type\":\"BreadcrumbList\",\"@id\":\"https:\\\/\\\/miumjau.ee\\\/lv\\\/produkts\\\/aatas-cat-tantalizing-mitra-bariba-kakiem-ar-tunci-un-surimi-80-g\\\/#breadcrumb\",\"itemListElement\":[{\"@type\":\"ListItem\",\"position\":1,\"name\":\"Home\",\"item\":\"https:\\\/\\\/miumjau.ee\\\/lv\\\/\"},{\"@type\":\"ListItem\",\"position\":2,\"name\":\"Veikals\",\"item\":\"https:\\\/\\\/miumjau.ee\\\/lv\\\/veikals\\\/\"},{\"@type\":\"ListItem\",\"position\":3,\"name\":\"Aatas Cat Tantalizing mitr\u0101 bar\u012bba ka\u0137iem ar tunci un surimi 80 g\"}]},{\"@type\":\"WebSite\",\"@id\":\"https:\\\/\\\/miumjau.ee\\\/#website\",\"url\":\"https:\\\/\\\/miumjau.ee\\\/\",\"name\":\"MiuMjau\",\"description\":\"Kraapimispuud kassidele\",\"publisher\":{\"@id\":\"https:\\\/\\\/miumjau.ee\\\/#organization\"},\"potentialAction\":[{\"@type\":\"SearchAction\",\"target\":{\"@type\":\"EntryPoint\",\"urlTemplate\":\"https:\\\/\\\/miumjau.ee\\\/?s={search_term_string}\"},\"query-input\":{\"@type\":\"PropertyValueSpecification\",\"valueRequired\":true,\"valueName\":\"search_term_string\"}}],\"inLanguage\":\"lv-LV\"},{\"@type\":\"Organization\",\"@id\":\"https:\\\/\\\/miumjau.ee\\\/#organization\",\"name\":\"MiuMjau O\u00dc\",\"url\":\"https:\\\/\\\/miumjau.ee\\\/\",\"logo\":{\"@type\":\"ImageObject\",\"inLanguage\":\"lv-LV\",\"@id\":\"https:\\\/\\\/miumjau.ee\\\/#\\\/schema\\\/logo\\\/image\\\/\",\"url\":\"https:\\\/\\\/miumjau.ee\\\/wp-content\\\/uploads\\\/2022\\\/04\\\/MiuMjau-logo-kollane.png\",\"contentUrl\":\"https:\\\/\\\/miumjau.ee\\\/wp-content\\\/uploads\\\/2022\\\/04\\\/MiuMjau-logo-kollane.png\",\"width\":219,\"height\":100,\"caption\":\"MiuMjau O\u00dc\"},\"image\":{\"@id\":\"https:\\\/\\\/miumjau.ee\\\/#\\\/schema\\\/logo\\\/image\\\/\"},\"sameAs\":[\"https:\\\/\\\/www.facebook.com\\\/miumjaupood\\\/\"]}]}<\/script>\n<!-- \/ Yoast SEO plugin. -->","yoast_head_json":{"title":"Aatas Cat Tantalizing mitr\u0101 bar\u012bba ka\u0137iem ar tunci un surimi 80 g - MiuMjau","robots":{"index":"index","follow":"follow","max-snippet":"max-snippet:-1","max-image-preview":"max-image-preview:large","max-video-preview":"max-video-preview:-1"},"canonical":"https:\/\/miumjau.ee\/lv\/produkts\/aatas-cat-tantalizing-mitra-bariba-kakiem-ar-tunci-un-surimi-80-g\/","og_locale":"lv_LV","og_type":"article","og_title":"Aatas Cat Tantalizing mitr\u0101 bar\u012bba ka\u0137iem ar tunci un surimi 80 g - MiuMjau","og_description":"Lieliskas gar\u0161as mitr\u0101 bar\u012bba ka\u0137iem ar augstu ga\u013cas saturu un visaugst\u0101ko kvalit\u0101ti. J\u016bsu ka\u0137im tas noteikti patiks! Ieg\u0101d\u0101joties bar\u012bbu ar \u012bstu ga\u013cu, j\u016bs atbalst\u0101t sava ka\u0137a vesel\u012bbu. Dab\u012bga ga\u013caZems tauku un kaloriju satursPatiks pat visizv\u0113l\u012bg\u0101kajiem ka\u0137iemNesatur graudaugusBez konservantiemBez \u0122MO Sast\u0101vs: tun\u010da buljons, tuncis, surimi, biezin\u0101t\u0101ji. Ener\u0123ija: 480,0 kcal\/kg, 38,4 kcal\/bund\u017ea Anal\u012btiskais sast\u0101vs: kopprote\u012bns (min) 11,50%, kop\u0113jie tauki (min) 0,60%, kop\u0161\u0137iedra (max) 0,20%, mitrums (max) 86,0%, pelni (max) 1,50%.","og_url":"https:\/\/miumjau.ee\/lv\/produkts\/aatas-cat-tantalizing-mitra-bariba-kakiem-ar-tunci-un-surimi-80-g\/","og_site_name":"MiuMjau","article_publisher":"https:\/\/www.facebook.com\/miumjaupood\/","og_image":[{"width":600,"height":800,"url":"https:\/\/miumjau.ee\/wp-content\/uploads\/2024\/11\/Tuna-_-Surimi-Photoroom.jpg","type":"image\/jpeg"}],"twitter_card":"summary_large_image","schema":{"@context":"https:\/\/schema.org","@graph":[{"@type":"WebPage","@id":"https:\/\/miumjau.ee\/lv\/produkts\/aatas-cat-tantalizing-mitra-bariba-kakiem-ar-tunci-un-surimi-80-g\/","url":"https:\/\/miumjau.ee\/lv\/produkts\/aatas-cat-tantalizing-mitra-bariba-kakiem-ar-tunci-un-surimi-80-g\/","name":"Aatas Cat Tantalizing mitr\u0101 bar\u012bba ka\u0137iem ar tunci un surimi 80 g - MiuMjau","isPartOf":{"@id":"https:\/\/miumjau.ee\/#website"},"primaryImageOfPage":{"@id":"https:\/\/miumjau.ee\/lv\/produkts\/aatas-cat-tantalizing-mitra-bariba-kakiem-ar-tunci-un-surimi-80-g\/#primaryimage"},"image":{"@id":"https:\/\/miumjau.ee\/lv\/produkts\/aatas-cat-tantalizing-mitra-bariba-kakiem-ar-tunci-un-surimi-80-g\/#primaryimage"},"thumbnailUrl":"https:\/\/miumjau.ee\/wp-content\/uploads\/2024\/11\/Tuna-_-Surimi-Photoroom.jpg","datePublished":"2024-11-30T14:41:44+00:00","breadcrumb":{"@id":"https:\/\/miumjau.ee\/lv\/produkts\/aatas-cat-tantalizing-mitra-bariba-kakiem-ar-tunci-un-surimi-80-g\/#breadcrumb"},"inLanguage":"lv-LV","potentialAction":[{"@type":"ReadAction","target":["https:\/\/miumjau.ee\/lv\/produkts\/aatas-cat-tantalizing-mitra-bariba-kakiem-ar-tunci-un-surimi-80-g\/"]}]},{"@type":"ImageObject","inLanguage":"lv-LV","@id":"https:\/\/miumjau.ee\/lv\/produkts\/aatas-cat-tantalizing-mitra-bariba-kakiem-ar-tunci-un-surimi-80-g\/#primaryimage","url":"https:\/\/miumjau.ee\/wp-content\/uploads\/2024\/11\/Tuna-_-Surimi-Photoroom.jpg","contentUrl":"https:\/\/miumjau.ee\/wp-content\/uploads\/2024\/11\/Tuna-_-Surimi-Photoroom.jpg","width":600,"height":800},{"@type":"BreadcrumbList","@id":"https:\/\/miumjau.ee\/lv\/produkts\/aatas-cat-tantalizing-mitra-bariba-kakiem-ar-tunci-un-surimi-80-g\/#breadcrumb","itemListElement":[{"@type":"ListItem","position":1,"name":"Home","item":"https:\/\/miumjau.ee\/lv\/"},{"@type":"ListItem","position":2,"name":"Veikals","item":"https:\/\/miumjau.ee\/lv\/veikals\/"},{"@type":"ListItem","position":3,"name":"Aatas Cat Tantalizing mitr\u0101 bar\u012bba ka\u0137iem ar tunci un surimi 80 g"}]},{"@type":"WebSite","@id":"https:\/\/miumjau.ee\/#website","url":"https:\/\/miumjau.ee\/","name":"MiuMjau","description":"Kraapimispuud kassidele","publisher":{"@id":"https:\/\/miumjau.ee\/#organization"},"potentialAction":[{"@type":"SearchAction","target":{"@type":"EntryPoint","urlTemplate":"https:\/\/miumjau.ee\/?s={search_term_string}"},"query-input":{"@type":"PropertyValueSpecification","valueRequired":true,"valueName":"search_term_string"}}],"inLanguage":"lv-LV"},{"@type":"Organization","@id":"https:\/\/miumjau.ee\/#organization","name":"MiuMjau O\u00dc","url":"https:\/\/miumjau.ee\/","logo":{"@type":"ImageObject","inLanguage":"lv-LV","@id":"https:\/\/miumjau.ee\/#\/schema\/logo\/image\/","url":"https:\/\/miumjau.ee\/wp-content\/uploads\/2022\/04\/MiuMjau-logo-kollane.png","contentUrl":"https:\/\/miumjau.ee\/wp-content\/uploads\/2022\/04\/MiuMjau-logo-kollane.png","width":219,"height":100,"caption":"MiuMjau O\u00dc"},"image":{"@id":"https:\/\/miumjau.ee\/#\/schema\/logo\/image\/"},"sameAs":["https:\/\/www.facebook.com\/miumjaupood\/"]}]}},"_links":{"self":[{"href":"https:\/\/miumjau.ee\/lv\/wp-json\/wp\/v2\/product\/55690","targetHints":{"allow":["GET"]}}],"collection":[{"href":"https:\/\/miumjau.ee\/lv\/wp-json\/wp\/v2\/product"}],"about":[{"href":"https:\/\/miumjau.ee\/lv\/wp-json\/wp\/v2\/types\/product"}],"wp:featuredmedia":[{"embeddable":true,"href":"https:\/\/miumjau.ee\/lv\/wp-json\/wp\/v2\/media\/55532"}],"wp:attachment":[{"href":"https:\/\/miumjau.ee\/lv\/wp-json\/wp\/v2\/media?parent=55690"}],"wp:term":[{"taxonomy":"product_brand","embeddable":true,"href":"https:\/\/miumjau.ee\/lv\/wp-json\/wp\/v2\/product_brand?post=55690"},{"taxonomy":"product_cat","embeddable":true,"href":"https:\/\/miumjau.ee\/lv\/wp-json\/wp\/v2\/product_cat?post=55690"},{"taxonomy":"product_tag","embeddable":true,"href":"https:\/\/miumjau.ee\/lv\/wp-json\/wp\/v2\/product_tag?post=55690"}],"curies":[{"name":"wp","href":"https:\/\/api.w.org\/{rel}","templated":true}]}}