{"id":55684,"date":"2024-11-20T11:02:35","date_gmt":"2024-11-20T09:02:35","guid":{"rendered":"https:\/\/miumjau.ee\/toode\/applaws-kaku-baribas-pacinu-izlase-ar-zivim-zeleja-12-x-70-g\/"},"modified":"2024-11-20T11:02:35","modified_gmt":"2024-11-20T09:02:35","slug":"applaws-kaku-baribas-pacinu-izlase-ar-zivim-zeleja-12-x-70-g","status":"publish","type":"product","link":"https:\/\/miumjau.ee\/lv\/produkts\/applaws-kaku-baribas-pacinu-izlase-ar-zivim-zeleja-12-x-70-g\/","title":{"rendered":"Applaws ka\u0137u bar\u012bbas paci\u0146u izlase ar ziv\u012bm \u017eelej\u0101 12 \u00d7 70 g"},"content":{"rendered":"","protected":false},"excerpt":{"rendered":"<p data-start=\"141\" data-end=\"231\">Applaws bar\u012bbas paci\u0146u izlases iepakojums ka\u0137iem ar ziv\u012bm, 12 \u00d7 70 g. Papildbar\u012bba ka\u0137iem.<\/p>\n<p data-start=\"233\" data-end=\"450\">Baro\u0161anas nor\u0101d\u012bjumi atbilsto\u0161i dz\u012bvnieka svaram: 0\u20133 kg \u2013 l\u012bdz 1 paci\u0146ai, 3\u20135 kg \u2013 l\u012bdz 2 paci\u0146\u0101m, 5+ kg \u2013 l\u012bdz 3 paci\u0146\u0101m.<br data-start=\"356\" data-end=\"359\" \/>Svaigam dzeramajam \u016bdenim vienm\u0113r j\u0101b\u016bt dz\u012bvniekam pieejamam. Uzglab\u0101t v\u0113s\u0101 un saus\u0101 viet\u0101.<\/p>\n<p data-start=\"452\" data-end=\"759\">Sast\u0101vda\u013cu saraksts<br data-start=\"471\" data-end=\"474\" \/>Sast\u0101vs:<br data-start=\"482\" data-end=\"485\" \/>4 \u00d7 tun\u010da fileja: tun\u010da fileja 60%<em data-start=\"519\" data-end=\"533\">, r\u012bsu milti<\/em>, augu izcelsmes \u017eelejviela.<br data-start=\"561\" data-end=\"564\" \/>4 \u00d7 tun\u010da fileja ar makreli: tun\u010da fileja* 55%, makrele* 5%, r\u012bsu milti*, augu izcelsmes \u017eelejviela.<br data-start=\"664\" data-end=\"667\" \/>4 \u00d7 tun\u010da fileja ar lasi: tun\u010da fileja* 55%, lasis*, r\u012bsu milti*, augu izcelsmes \u017eelejviela.<\/p>\n<p data-start=\"761\" data-end=\"1092\">Anal\u012btisk\u0101s sast\u0101vda\u013cas:<br data-start=\"785\" data-end=\"788\" \/>Tun\u010da fileja: prote\u012bns 13%, kop\u0161\u0137iedra 0,1%, kop\u0113jie tauki 1%, kop\u0113jie pelni 1%, mitrums 83%.<br data-start=\"881\" data-end=\"884\" \/>Tun\u010da fileja ar makreli: prote\u012bns 13%, kop\u0161\u0137iedra 0,1%, kop\u0113jie tauki 2%, kop\u0113jie pelni 1%, mitrums 82%.<br data-start=\"988\" data-end=\"991\" \/>Tun\u010da fileja ar lasi: prote\u012bns 13%, kop\u0161\u0137iedra 0,1%, kop\u0113jie tauki 2%, kop\u0113jie pelni 1%, mitrums 82%.<\/p>\n","protected":false},"featured_media":55685,"template":"","meta":[],"product_brand":[],"product_cat":[571],"product_tag":[],"class_list":{"0":"post-55684","1":"product","2":"type-product","3":"status-publish","4":"has-post-thumbnail","6":"product_cat-mitra-bariba","8":"first","9":"instock","10":"taxable","11":"shipping-taxable","12":"purchasable","13":"product-type-simple"},"yoast_head":"<!-- This site is optimized with the Yoast SEO plugin v27.4 - https:\/\/yoast.com\/product\/yoast-seo-wordpress\/ -->\n<title>Applaws ka\u0137u bar\u012bbas paci\u0146u izlase ar ziv\u012bm \u017eelej\u0101 12 \u00d7 70 g - MiuMjau<\/title>\n<meta name=\"robots\" content=\"index, follow, max-snippet:-1, max-image-preview:large, max-video-preview:-1\" \/>\n<link rel=\"canonical\" href=\"https:\/\/miumjau.ee\/lv\/produkts\/applaws-kaku-baribas-pacinu-izlase-ar-zivim-zeleja-12-x-70-g\/\" \/>\n<meta property=\"og:locale\" content=\"lv_LV\" \/>\n<meta property=\"og:type\" content=\"article\" \/>\n<meta property=\"og:title\" content=\"Applaws ka\u0137u bar\u012bbas paci\u0146u izlase ar ziv\u012bm \u017eelej\u0101 12 \u00d7 70 g - MiuMjau\" \/>\n<meta property=\"og:description\" content=\"Applaws bar\u012bbas paci\u0146u izlases iepakojums ka\u0137iem ar ziv\u012bm, 12 \u00d7 70 g. Papildbar\u012bba ka\u0137iem. Baro\u0161anas nor\u0101d\u012bjumi atbilsto\u0161i dz\u012bvnieka svaram: 0\u20133 kg \u2013 l\u012bdz 1 paci\u0146ai, 3\u20135 kg \u2013 l\u012bdz 2 paci\u0146\u0101m, 5+ kg \u2013 l\u012bdz 3 paci\u0146\u0101m.Svaigam dzeramajam \u016bdenim vienm\u0113r j\u0101b\u016bt dz\u012bvniekam pieejamam. Uzglab\u0101t v\u0113s\u0101 un saus\u0101 viet\u0101. Sast\u0101vda\u013cu sarakstsSast\u0101vs:4 \u00d7 tun\u010da fileja: tun\u010da fileja 60%, r\u012bsu milti, augu izcelsmes \u017eelejviela.4 \u00d7 tun\u010da fileja ar makreli: tun\u010da fileja* 55%, makrele* 5%, r\u012bsu milti*, augu izcelsmes \u017eelejviela.4 \u00d7 tun\u010da fileja ar lasi: tun\u010da fileja* 55%, lasis*, r\u012bsu milti*, augu izcelsmes \u017eelejviela. Anal\u012btisk\u0101s sast\u0101vda\u013cas:Tun\u010da fileja: prote\u012bns 13%, kop\u0161\u0137iedra 0,1%, kop\u0113jie tauki 1%, kop\u0113jie pelni 1%, mitrums 83%.Tun\u010da fileja ar makreli: prote\u012bns 13%, kop\u0161\u0137iedra 0,1%, kop\u0113jie tauki 2%, kop\u0113jie pelni 1%, mitrums 82%.Tun\u010da fileja ar lasi: prote\u012bns 13%, kop\u0161\u0137iedra 0,1%, kop\u0113jie tauki 2%, kop\u0113jie pelni 1%, mitrums 82%.\" \/>\n<meta property=\"og:url\" content=\"https:\/\/miumjau.ee\/lv\/produkts\/applaws-kaku-baribas-pacinu-izlase-ar-zivim-zeleja-12-x-70-g\/\" \/>\n<meta property=\"og:site_name\" content=\"MiuMjau\" \/>\n<meta property=\"article:publisher\" content=\"https:\/\/www.facebook.com\/miumjaupood\/\" \/>\n<meta property=\"og:image\" content=\"https:\/\/miumjau.ee\/wp-content\/uploads\/2024\/11\/applaws-eienkotikeste-valikpakk-kalaga-tarrenis-12x70g.jpg\" \/>\n\t<meta property=\"og:image:width\" content=\"600\" \/>\n\t<meta property=\"og:image:height\" content=\"800\" \/>\n\t<meta property=\"og:image:type\" content=\"image\/jpeg\" \/>\n<meta name=\"twitter:card\" content=\"summary_large_image\" \/>\n<script type=\"application\/ld+json\" class=\"yoast-schema-graph\">{\"@context\":\"https:\\\/\\\/schema.org\",\"@graph\":[{\"@type\":\"WebPage\",\"@id\":\"https:\\\/\\\/miumjau.ee\\\/lv\\\/produkts\\\/applaws-kaku-baribas-pacinu-izlase-ar-zivim-zeleja-12-x-70-g\\\/\",\"url\":\"https:\\\/\\\/miumjau.ee\\\/lv\\\/produkts\\\/applaws-kaku-baribas-pacinu-izlase-ar-zivim-zeleja-12-x-70-g\\\/\",\"name\":\"Applaws ka\u0137u bar\u012bbas paci\u0146u izlase ar ziv\u012bm \u017eelej\u0101 12 \u00d7 70 g - MiuMjau\",\"isPartOf\":{\"@id\":\"https:\\\/\\\/miumjau.ee\\\/#website\"},\"primaryImageOfPage\":{\"@id\":\"https:\\\/\\\/miumjau.ee\\\/lv\\\/produkts\\\/applaws-kaku-baribas-pacinu-izlase-ar-zivim-zeleja-12-x-70-g\\\/#primaryimage\"},\"image\":{\"@id\":\"https:\\\/\\\/miumjau.ee\\\/lv\\\/produkts\\\/applaws-kaku-baribas-pacinu-izlase-ar-zivim-zeleja-12-x-70-g\\\/#primaryimage\"},\"thumbnailUrl\":\"https:\\\/\\\/miumjau.ee\\\/wp-content\\\/uploads\\\/2024\\\/11\\\/applaws-eienkotikeste-valikpakk-kalaga-tarrenis-12x70g.jpg\",\"datePublished\":\"2024-11-20T09:02:35+00:00\",\"breadcrumb\":{\"@id\":\"https:\\\/\\\/miumjau.ee\\\/lv\\\/produkts\\\/applaws-kaku-baribas-pacinu-izlase-ar-zivim-zeleja-12-x-70-g\\\/#breadcrumb\"},\"inLanguage\":\"lv-LV\",\"potentialAction\":[{\"@type\":\"ReadAction\",\"target\":[\"https:\\\/\\\/miumjau.ee\\\/lv\\\/produkts\\\/applaws-kaku-baribas-pacinu-izlase-ar-zivim-zeleja-12-x-70-g\\\/\"]}]},{\"@type\":\"ImageObject\",\"inLanguage\":\"lv-LV\",\"@id\":\"https:\\\/\\\/miumjau.ee\\\/lv\\\/produkts\\\/applaws-kaku-baribas-pacinu-izlase-ar-zivim-zeleja-12-x-70-g\\\/#primaryimage\",\"url\":\"https:\\\/\\\/miumjau.ee\\\/wp-content\\\/uploads\\\/2024\\\/11\\\/applaws-eienkotikeste-valikpakk-kalaga-tarrenis-12x70g.jpg\",\"contentUrl\":\"https:\\\/\\\/miumjau.ee\\\/wp-content\\\/uploads\\\/2024\\\/11\\\/applaws-eienkotikeste-valikpakk-kalaga-tarrenis-12x70g.jpg\",\"width\":600,\"height\":800},{\"@type\":\"BreadcrumbList\",\"@id\":\"https:\\\/\\\/miumjau.ee\\\/lv\\\/produkts\\\/applaws-kaku-baribas-pacinu-izlase-ar-zivim-zeleja-12-x-70-g\\\/#breadcrumb\",\"itemListElement\":[{\"@type\":\"ListItem\",\"position\":1,\"name\":\"Home\",\"item\":\"https:\\\/\\\/miumjau.ee\\\/lv\\\/\"},{\"@type\":\"ListItem\",\"position\":2,\"name\":\"Veikals\",\"item\":\"https:\\\/\\\/miumjau.ee\\\/lv\\\/veikals\\\/\"},{\"@type\":\"ListItem\",\"position\":3,\"name\":\"Applaws ka\u0137u bar\u012bbas paci\u0146u izlase ar ziv\u012bm \u017eelej\u0101 12 \u00d7 70 g\"}]},{\"@type\":\"WebSite\",\"@id\":\"https:\\\/\\\/miumjau.ee\\\/#website\",\"url\":\"https:\\\/\\\/miumjau.ee\\\/\",\"name\":\"MiuMjau\",\"description\":\"Kraapimispuud kassidele\",\"publisher\":{\"@id\":\"https:\\\/\\\/miumjau.ee\\\/#organization\"},\"potentialAction\":[{\"@type\":\"SearchAction\",\"target\":{\"@type\":\"EntryPoint\",\"urlTemplate\":\"https:\\\/\\\/miumjau.ee\\\/?s={search_term_string}\"},\"query-input\":{\"@type\":\"PropertyValueSpecification\",\"valueRequired\":true,\"valueName\":\"search_term_string\"}}],\"inLanguage\":\"lv-LV\"},{\"@type\":\"Organization\",\"@id\":\"https:\\\/\\\/miumjau.ee\\\/#organization\",\"name\":\"MiuMjau O\u00dc\",\"url\":\"https:\\\/\\\/miumjau.ee\\\/\",\"logo\":{\"@type\":\"ImageObject\",\"inLanguage\":\"lv-LV\",\"@id\":\"https:\\\/\\\/miumjau.ee\\\/#\\\/schema\\\/logo\\\/image\\\/\",\"url\":\"https:\\\/\\\/miumjau.ee\\\/wp-content\\\/uploads\\\/2022\\\/04\\\/MiuMjau-logo-kollane.png\",\"contentUrl\":\"https:\\\/\\\/miumjau.ee\\\/wp-content\\\/uploads\\\/2022\\\/04\\\/MiuMjau-logo-kollane.png\",\"width\":219,\"height\":100,\"caption\":\"MiuMjau O\u00dc\"},\"image\":{\"@id\":\"https:\\\/\\\/miumjau.ee\\\/#\\\/schema\\\/logo\\\/image\\\/\"},\"sameAs\":[\"https:\\\/\\\/www.facebook.com\\\/miumjaupood\\\/\"]}]}<\/script>\n<!-- \/ Yoast SEO plugin. -->","yoast_head_json":{"title":"Applaws ka\u0137u bar\u012bbas paci\u0146u izlase ar ziv\u012bm \u017eelej\u0101 12 \u00d7 70 g - MiuMjau","robots":{"index":"index","follow":"follow","max-snippet":"max-snippet:-1","max-image-preview":"max-image-preview:large","max-video-preview":"max-video-preview:-1"},"canonical":"https:\/\/miumjau.ee\/lv\/produkts\/applaws-kaku-baribas-pacinu-izlase-ar-zivim-zeleja-12-x-70-g\/","og_locale":"lv_LV","og_type":"article","og_title":"Applaws ka\u0137u bar\u012bbas paci\u0146u izlase ar ziv\u012bm \u017eelej\u0101 12 \u00d7 70 g - MiuMjau","og_description":"Applaws bar\u012bbas paci\u0146u izlases iepakojums ka\u0137iem ar ziv\u012bm, 12 \u00d7 70 g. Papildbar\u012bba ka\u0137iem. Baro\u0161anas nor\u0101d\u012bjumi atbilsto\u0161i dz\u012bvnieka svaram: 0\u20133 kg \u2013 l\u012bdz 1 paci\u0146ai, 3\u20135 kg \u2013 l\u012bdz 2 paci\u0146\u0101m, 5+ kg \u2013 l\u012bdz 3 paci\u0146\u0101m.Svaigam dzeramajam \u016bdenim vienm\u0113r j\u0101b\u016bt dz\u012bvniekam pieejamam. Uzglab\u0101t v\u0113s\u0101 un saus\u0101 viet\u0101. Sast\u0101vda\u013cu sarakstsSast\u0101vs:4 \u00d7 tun\u010da fileja: tun\u010da fileja 60%, r\u012bsu milti, augu izcelsmes \u017eelejviela.4 \u00d7 tun\u010da fileja ar makreli: tun\u010da fileja* 55%, makrele* 5%, r\u012bsu milti*, augu izcelsmes \u017eelejviela.4 \u00d7 tun\u010da fileja ar lasi: tun\u010da fileja* 55%, lasis*, r\u012bsu milti*, augu izcelsmes \u017eelejviela. Anal\u012btisk\u0101s sast\u0101vda\u013cas:Tun\u010da fileja: prote\u012bns 13%, kop\u0161\u0137iedra 0,1%, kop\u0113jie tauki 1%, kop\u0113jie pelni 1%, mitrums 83%.Tun\u010da fileja ar makreli: prote\u012bns 13%, kop\u0161\u0137iedra 0,1%, kop\u0113jie tauki 2%, kop\u0113jie pelni 1%, mitrums 82%.Tun\u010da fileja ar lasi: prote\u012bns 13%, kop\u0161\u0137iedra 0,1%, kop\u0113jie tauki 2%, kop\u0113jie pelni 1%, mitrums 82%.","og_url":"https:\/\/miumjau.ee\/lv\/produkts\/applaws-kaku-baribas-pacinu-izlase-ar-zivim-zeleja-12-x-70-g\/","og_site_name":"MiuMjau","article_publisher":"https:\/\/www.facebook.com\/miumjaupood\/","og_image":[{"width":600,"height":800,"url":"https:\/\/miumjau.ee\/wp-content\/uploads\/2024\/11\/applaws-eienkotikeste-valikpakk-kalaga-tarrenis-12x70g.jpg","type":"image\/jpeg"}],"twitter_card":"summary_large_image","schema":{"@context":"https:\/\/schema.org","@graph":[{"@type":"WebPage","@id":"https:\/\/miumjau.ee\/lv\/produkts\/applaws-kaku-baribas-pacinu-izlase-ar-zivim-zeleja-12-x-70-g\/","url":"https:\/\/miumjau.ee\/lv\/produkts\/applaws-kaku-baribas-pacinu-izlase-ar-zivim-zeleja-12-x-70-g\/","name":"Applaws ka\u0137u bar\u012bbas paci\u0146u izlase ar ziv\u012bm \u017eelej\u0101 12 \u00d7 70 g - MiuMjau","isPartOf":{"@id":"https:\/\/miumjau.ee\/#website"},"primaryImageOfPage":{"@id":"https:\/\/miumjau.ee\/lv\/produkts\/applaws-kaku-baribas-pacinu-izlase-ar-zivim-zeleja-12-x-70-g\/#primaryimage"},"image":{"@id":"https:\/\/miumjau.ee\/lv\/produkts\/applaws-kaku-baribas-pacinu-izlase-ar-zivim-zeleja-12-x-70-g\/#primaryimage"},"thumbnailUrl":"https:\/\/miumjau.ee\/wp-content\/uploads\/2024\/11\/applaws-eienkotikeste-valikpakk-kalaga-tarrenis-12x70g.jpg","datePublished":"2024-11-20T09:02:35+00:00","breadcrumb":{"@id":"https:\/\/miumjau.ee\/lv\/produkts\/applaws-kaku-baribas-pacinu-izlase-ar-zivim-zeleja-12-x-70-g\/#breadcrumb"},"inLanguage":"lv-LV","potentialAction":[{"@type":"ReadAction","target":["https:\/\/miumjau.ee\/lv\/produkts\/applaws-kaku-baribas-pacinu-izlase-ar-zivim-zeleja-12-x-70-g\/"]}]},{"@type":"ImageObject","inLanguage":"lv-LV","@id":"https:\/\/miumjau.ee\/lv\/produkts\/applaws-kaku-baribas-pacinu-izlase-ar-zivim-zeleja-12-x-70-g\/#primaryimage","url":"https:\/\/miumjau.ee\/wp-content\/uploads\/2024\/11\/applaws-eienkotikeste-valikpakk-kalaga-tarrenis-12x70g.jpg","contentUrl":"https:\/\/miumjau.ee\/wp-content\/uploads\/2024\/11\/applaws-eienkotikeste-valikpakk-kalaga-tarrenis-12x70g.jpg","width":600,"height":800},{"@type":"BreadcrumbList","@id":"https:\/\/miumjau.ee\/lv\/produkts\/applaws-kaku-baribas-pacinu-izlase-ar-zivim-zeleja-12-x-70-g\/#breadcrumb","itemListElement":[{"@type":"ListItem","position":1,"name":"Home","item":"https:\/\/miumjau.ee\/lv\/"},{"@type":"ListItem","position":2,"name":"Veikals","item":"https:\/\/miumjau.ee\/lv\/veikals\/"},{"@type":"ListItem","position":3,"name":"Applaws ka\u0137u bar\u012bbas paci\u0146u izlase ar ziv\u012bm \u017eelej\u0101 12 \u00d7 70 g"}]},{"@type":"WebSite","@id":"https:\/\/miumjau.ee\/#website","url":"https:\/\/miumjau.ee\/","name":"MiuMjau","description":"Kraapimispuud kassidele","publisher":{"@id":"https:\/\/miumjau.ee\/#organization"},"potentialAction":[{"@type":"SearchAction","target":{"@type":"EntryPoint","urlTemplate":"https:\/\/miumjau.ee\/?s={search_term_string}"},"query-input":{"@type":"PropertyValueSpecification","valueRequired":true,"valueName":"search_term_string"}}],"inLanguage":"lv-LV"},{"@type":"Organization","@id":"https:\/\/miumjau.ee\/#organization","name":"MiuMjau O\u00dc","url":"https:\/\/miumjau.ee\/","logo":{"@type":"ImageObject","inLanguage":"lv-LV","@id":"https:\/\/miumjau.ee\/#\/schema\/logo\/image\/","url":"https:\/\/miumjau.ee\/wp-content\/uploads\/2022\/04\/MiuMjau-logo-kollane.png","contentUrl":"https:\/\/miumjau.ee\/wp-content\/uploads\/2022\/04\/MiuMjau-logo-kollane.png","width":219,"height":100,"caption":"MiuMjau O\u00dc"},"image":{"@id":"https:\/\/miumjau.ee\/#\/schema\/logo\/image\/"},"sameAs":["https:\/\/www.facebook.com\/miumjaupood\/"]}]}},"_links":{"self":[{"href":"https:\/\/miumjau.ee\/lv\/wp-json\/wp\/v2\/product\/55684","targetHints":{"allow":["GET"]}}],"collection":[{"href":"https:\/\/miumjau.ee\/lv\/wp-json\/wp\/v2\/product"}],"about":[{"href":"https:\/\/miumjau.ee\/lv\/wp-json\/wp\/v2\/types\/product"}],"wp:featuredmedia":[{"embeddable":true,"href":"https:\/\/miumjau.ee\/lv\/wp-json\/wp\/v2\/media\/55685"}],"wp:attachment":[{"href":"https:\/\/miumjau.ee\/lv\/wp-json\/wp\/v2\/media?parent=55684"}],"wp:term":[{"taxonomy":"product_brand","embeddable":true,"href":"https:\/\/miumjau.ee\/lv\/wp-json\/wp\/v2\/product_brand?post=55684"},{"taxonomy":"product_cat","embeddable":true,"href":"https:\/\/miumjau.ee\/lv\/wp-json\/wp\/v2\/product_cat?post=55684"},{"taxonomy":"product_tag","embeddable":true,"href":"https:\/\/miumjau.ee\/lv\/wp-json\/wp\/v2\/product_tag?post=55684"}],"curies":[{"name":"wp","href":"https:\/\/api.w.org\/{rel}","templated":true}]}}