{"id":55670,"date":"2025-03-24T19:30:10","date_gmt":"2025-03-24T17:30:10","guid":{"rendered":"https:\/\/miumjau.ee\/toode\/sana-sunu-karums-trusa-burgeri-ar-aboliem-un-lapu-kapostiem-1-kg\/"},"modified":"2025-03-24T19:30:10","modified_gmt":"2025-03-24T17:30:10","slug":"sana-sunu-karums-trusa-burgeri-ar-aboliem-un-lapu-kapostiem-1-kg","status":"publish","type":"product","link":"https:\/\/miumjau.ee\/lv\/produkts\/sana-sunu-karums-trusa-burgeri-ar-aboliem-un-lapu-kapostiem-1-kg\/","title":{"rendered":"Sana su\u0146u k\u0101rums tru\u0161a burgeri ar \u0101boliem un lapu k\u0101postiem 1 kg"},"content":{"rendered":"","protected":false},"excerpt":{"rendered":"<p data-start=\"165\" data-end=\"594\">Sana su\u0146u k\u0101rums ir patie\u0161\u0101m lielisks k\u0101rums! K\u0101p\u0113c? T\u0101p\u0113c, ka tas ir ne tikai \u013coti gar\u0161\u012bgs, bet ar\u012b izgatavots no lab\u0101kaj\u0101m izejviel\u0101m. Papildus augstajam ga\u013cas saturam tam ir pievienoti ar\u012b vitam\u012bniem bag\u0101ti p\u0101rtikas produkti. Nek\u0101 m\u0101ksl\u012bga. Pateicoties m\u016bsu saudz\u012bgajam ra\u017eo\u0161anas procesam, sast\u0101vda\u013cu uzturvielas saglab\u0101jas, pal\u012bdzot sunim ilgsto\u0161i palikt veselam un vit\u0101lam. Neatvair\u0101mi gar\u0161\u012bga un vesel\u012bga uzkoda j\u016bsu sunim.<\/p>\n<p data-start=\"596\" data-end=\"697\">Sast\u0101vs: 90% liellopu ga\u013ca, 4% avenes, 4% spin\u0101ti, 2% dab\u012bgais augu glicer\u012bns.<br data-start=\"674\" data-end=\"677\" \/>Papildbar\u012bba su\u0146iem.<\/p>\n<p data-start=\"699\" data-end=\"786\">Anal\u012bze: Olbaltumvielas &#8211; 38%, Tauki &#8211; 19%, Mitrums &#8211; 8%, Pelni &#8211; 7%, \u0160\u0137iedrvielas &#8211; 2%<\/p>\n<p data-start=\"788\" data-end=\"862\">Uzglab\u0101\u0161ana: Uzglab\u0101t v\u0113s\u0101 un saus\u0101 viet\u0101, prom no tie\u0161iem saules stariem!<\/p>\n<p data-start=\"864\" data-end=\"1020\">Baro\u0161anas nor\u0101d\u012bjumi: Piem\u0113rots kuc\u0113niem no 12 ned\u0113\u013cu vecuma.<br data-start=\"925\" data-end=\"928\" \/>L\u016bdzu, uzraugiet savu suni \u0113\u0161anas laik\u0101 un vienm\u0113r nodro\u0161iniet svaigu un t\u012bru dzeramo \u016bdeni.<\/p>\n","protected":false},"featured_media":55671,"template":"","meta":[],"product_brand":[],"product_cat":[576],"product_tag":[],"class_list":{"0":"post-55670","1":"product","2":"type-product","3":"status-publish","4":"has-post-thumbnail","6":"product_cat-naski-suniem","8":"first","9":"instock","10":"taxable","11":"shipping-taxable","12":"purchasable","13":"product-type-simple"},"yoast_head":"<!-- This site is optimized with the Yoast SEO plugin v27.4 - https:\/\/yoast.com\/product\/yoast-seo-wordpress\/ -->\n<title>Sana su\u0146u k\u0101rums tru\u0161a burgeri ar \u0101boliem un lapu k\u0101postiem 1 kg - MiuMjau<\/title>\n<meta name=\"robots\" content=\"index, follow, max-snippet:-1, max-image-preview:large, max-video-preview:-1\" \/>\n<link rel=\"canonical\" href=\"https:\/\/miumjau.ee\/lv\/produkts\/sana-sunu-karums-trusa-burgeri-ar-aboliem-un-lapu-kapostiem-1-kg\/\" \/>\n<meta property=\"og:locale\" content=\"lv_LV\" \/>\n<meta property=\"og:type\" content=\"article\" \/>\n<meta property=\"og:title\" content=\"Sana su\u0146u k\u0101rums tru\u0161a burgeri ar \u0101boliem un lapu k\u0101postiem 1 kg - MiuMjau\" \/>\n<meta property=\"og:description\" content=\"Sana su\u0146u k\u0101rums ir patie\u0161\u0101m lielisks k\u0101rums! K\u0101p\u0113c? T\u0101p\u0113c, ka tas ir ne tikai \u013coti gar\u0161\u012bgs, bet ar\u012b izgatavots no lab\u0101kaj\u0101m izejviel\u0101m. Papildus augstajam ga\u013cas saturam tam ir pievienoti ar\u012b vitam\u012bniem bag\u0101ti p\u0101rtikas produkti. Nek\u0101 m\u0101ksl\u012bga. Pateicoties m\u016bsu saudz\u012bgajam ra\u017eo\u0161anas procesam, sast\u0101vda\u013cu uzturvielas saglab\u0101jas, pal\u012bdzot sunim ilgsto\u0161i palikt veselam un vit\u0101lam. Neatvair\u0101mi gar\u0161\u012bga un vesel\u012bga uzkoda j\u016bsu sunim. Sast\u0101vs: 90% liellopu ga\u013ca, 4% avenes, 4% spin\u0101ti, 2% dab\u012bgais augu glicer\u012bns.Papildbar\u012bba su\u0146iem. Anal\u012bze: Olbaltumvielas - 38%, Tauki - 19%, Mitrums - 8%, Pelni - 7%, \u0160\u0137iedrvielas - 2% Uzglab\u0101\u0161ana: Uzglab\u0101t v\u0113s\u0101 un saus\u0101 viet\u0101, prom no tie\u0161iem saules stariem! Baro\u0161anas nor\u0101d\u012bjumi: Piem\u0113rots kuc\u0113niem no 12 ned\u0113\u013cu vecuma.L\u016bdzu, uzraugiet savu suni \u0113\u0161anas laik\u0101 un vienm\u0113r nodro\u0161iniet svaigu un t\u012bru dzeramo \u016bdeni.\" \/>\n<meta property=\"og:url\" content=\"https:\/\/miumjau.ee\/lv\/produkts\/sana-sunu-karums-trusa-burgeri-ar-aboliem-un-lapu-kapostiem-1-kg\/\" \/>\n<meta property=\"og:site_name\" content=\"MiuMjau\" \/>\n<meta property=\"article:publisher\" content=\"https:\/\/www.facebook.com\/miumjaupood\/\" \/>\n<meta property=\"og:image\" content=\"https:\/\/miumjau.ee\/wp-content\/uploads\/2025\/03\/sana-ohkkuivatatud-maius-janeseburgerid-superfoods-1kg.webp\" \/>\n\t<meta property=\"og:image:width\" content=\"600\" \/>\n\t<meta property=\"og:image:height\" content=\"800\" \/>\n\t<meta property=\"og:image:type\" content=\"image\/webp\" \/>\n<meta name=\"twitter:card\" content=\"summary_large_image\" \/>\n<script type=\"application\/ld+json\" class=\"yoast-schema-graph\">{\"@context\":\"https:\\\/\\\/schema.org\",\"@graph\":[{\"@type\":\"WebPage\",\"@id\":\"https:\\\/\\\/miumjau.ee\\\/lv\\\/produkts\\\/sana-sunu-karums-trusa-burgeri-ar-aboliem-un-lapu-kapostiem-1-kg\\\/\",\"url\":\"https:\\\/\\\/miumjau.ee\\\/lv\\\/produkts\\\/sana-sunu-karums-trusa-burgeri-ar-aboliem-un-lapu-kapostiem-1-kg\\\/\",\"name\":\"Sana su\u0146u k\u0101rums tru\u0161a burgeri ar \u0101boliem un lapu k\u0101postiem 1 kg - MiuMjau\",\"isPartOf\":{\"@id\":\"https:\\\/\\\/miumjau.ee\\\/#website\"},\"primaryImageOfPage\":{\"@id\":\"https:\\\/\\\/miumjau.ee\\\/lv\\\/produkts\\\/sana-sunu-karums-trusa-burgeri-ar-aboliem-un-lapu-kapostiem-1-kg\\\/#primaryimage\"},\"image\":{\"@id\":\"https:\\\/\\\/miumjau.ee\\\/lv\\\/produkts\\\/sana-sunu-karums-trusa-burgeri-ar-aboliem-un-lapu-kapostiem-1-kg\\\/#primaryimage\"},\"thumbnailUrl\":\"https:\\\/\\\/miumjau.ee\\\/wp-content\\\/uploads\\\/2025\\\/03\\\/sana-ohkkuivatatud-maius-janeseburgerid-superfoods-1kg.webp\",\"datePublished\":\"2025-03-24T17:30:10+00:00\",\"breadcrumb\":{\"@id\":\"https:\\\/\\\/miumjau.ee\\\/lv\\\/produkts\\\/sana-sunu-karums-trusa-burgeri-ar-aboliem-un-lapu-kapostiem-1-kg\\\/#breadcrumb\"},\"inLanguage\":\"lv-LV\",\"potentialAction\":[{\"@type\":\"ReadAction\",\"target\":[\"https:\\\/\\\/miumjau.ee\\\/lv\\\/produkts\\\/sana-sunu-karums-trusa-burgeri-ar-aboliem-un-lapu-kapostiem-1-kg\\\/\"]}]},{\"@type\":\"ImageObject\",\"inLanguage\":\"lv-LV\",\"@id\":\"https:\\\/\\\/miumjau.ee\\\/lv\\\/produkts\\\/sana-sunu-karums-trusa-burgeri-ar-aboliem-un-lapu-kapostiem-1-kg\\\/#primaryimage\",\"url\":\"https:\\\/\\\/miumjau.ee\\\/wp-content\\\/uploads\\\/2025\\\/03\\\/sana-ohkkuivatatud-maius-janeseburgerid-superfoods-1kg.webp\",\"contentUrl\":\"https:\\\/\\\/miumjau.ee\\\/wp-content\\\/uploads\\\/2025\\\/03\\\/sana-ohkkuivatatud-maius-janeseburgerid-superfoods-1kg.webp\",\"width\":600,\"height\":800},{\"@type\":\"BreadcrumbList\",\"@id\":\"https:\\\/\\\/miumjau.ee\\\/lv\\\/produkts\\\/sana-sunu-karums-trusa-burgeri-ar-aboliem-un-lapu-kapostiem-1-kg\\\/#breadcrumb\",\"itemListElement\":[{\"@type\":\"ListItem\",\"position\":1,\"name\":\"Home\",\"item\":\"https:\\\/\\\/miumjau.ee\\\/lv\\\/\"},{\"@type\":\"ListItem\",\"position\":2,\"name\":\"Veikals\",\"item\":\"https:\\\/\\\/miumjau.ee\\\/lv\\\/veikals\\\/\"},{\"@type\":\"ListItem\",\"position\":3,\"name\":\"Sana su\u0146u k\u0101rums tru\u0161a burgeri ar \u0101boliem un lapu k\u0101postiem 1 kg\"}]},{\"@type\":\"WebSite\",\"@id\":\"https:\\\/\\\/miumjau.ee\\\/#website\",\"url\":\"https:\\\/\\\/miumjau.ee\\\/\",\"name\":\"MiuMjau\",\"description\":\"Kraapimispuud kassidele\",\"publisher\":{\"@id\":\"https:\\\/\\\/miumjau.ee\\\/#organization\"},\"potentialAction\":[{\"@type\":\"SearchAction\",\"target\":{\"@type\":\"EntryPoint\",\"urlTemplate\":\"https:\\\/\\\/miumjau.ee\\\/?s={search_term_string}\"},\"query-input\":{\"@type\":\"PropertyValueSpecification\",\"valueRequired\":true,\"valueName\":\"search_term_string\"}}],\"inLanguage\":\"lv-LV\"},{\"@type\":\"Organization\",\"@id\":\"https:\\\/\\\/miumjau.ee\\\/#organization\",\"name\":\"MiuMjau O\u00dc\",\"url\":\"https:\\\/\\\/miumjau.ee\\\/\",\"logo\":{\"@type\":\"ImageObject\",\"inLanguage\":\"lv-LV\",\"@id\":\"https:\\\/\\\/miumjau.ee\\\/#\\\/schema\\\/logo\\\/image\\\/\",\"url\":\"https:\\\/\\\/miumjau.ee\\\/wp-content\\\/uploads\\\/2022\\\/04\\\/MiuMjau-logo-kollane.png\",\"contentUrl\":\"https:\\\/\\\/miumjau.ee\\\/wp-content\\\/uploads\\\/2022\\\/04\\\/MiuMjau-logo-kollane.png\",\"width\":219,\"height\":100,\"caption\":\"MiuMjau O\u00dc\"},\"image\":{\"@id\":\"https:\\\/\\\/miumjau.ee\\\/#\\\/schema\\\/logo\\\/image\\\/\"},\"sameAs\":[\"https:\\\/\\\/www.facebook.com\\\/miumjaupood\\\/\"]}]}<\/script>\n<!-- \/ Yoast SEO plugin. -->","yoast_head_json":{"title":"Sana su\u0146u k\u0101rums tru\u0161a burgeri ar \u0101boliem un lapu k\u0101postiem 1 kg - MiuMjau","robots":{"index":"index","follow":"follow","max-snippet":"max-snippet:-1","max-image-preview":"max-image-preview:large","max-video-preview":"max-video-preview:-1"},"canonical":"https:\/\/miumjau.ee\/lv\/produkts\/sana-sunu-karums-trusa-burgeri-ar-aboliem-un-lapu-kapostiem-1-kg\/","og_locale":"lv_LV","og_type":"article","og_title":"Sana su\u0146u k\u0101rums tru\u0161a burgeri ar \u0101boliem un lapu k\u0101postiem 1 kg - MiuMjau","og_description":"Sana su\u0146u k\u0101rums ir patie\u0161\u0101m lielisks k\u0101rums! K\u0101p\u0113c? T\u0101p\u0113c, ka tas ir ne tikai \u013coti gar\u0161\u012bgs, bet ar\u012b izgatavots no lab\u0101kaj\u0101m izejviel\u0101m. Papildus augstajam ga\u013cas saturam tam ir pievienoti ar\u012b vitam\u012bniem bag\u0101ti p\u0101rtikas produkti. Nek\u0101 m\u0101ksl\u012bga. Pateicoties m\u016bsu saudz\u012bgajam ra\u017eo\u0161anas procesam, sast\u0101vda\u013cu uzturvielas saglab\u0101jas, pal\u012bdzot sunim ilgsto\u0161i palikt veselam un vit\u0101lam. Neatvair\u0101mi gar\u0161\u012bga un vesel\u012bga uzkoda j\u016bsu sunim. Sast\u0101vs: 90% liellopu ga\u013ca, 4% avenes, 4% spin\u0101ti, 2% dab\u012bgais augu glicer\u012bns.Papildbar\u012bba su\u0146iem. Anal\u012bze: Olbaltumvielas - 38%, Tauki - 19%, Mitrums - 8%, Pelni - 7%, \u0160\u0137iedrvielas - 2% Uzglab\u0101\u0161ana: Uzglab\u0101t v\u0113s\u0101 un saus\u0101 viet\u0101, prom no tie\u0161iem saules stariem! Baro\u0161anas nor\u0101d\u012bjumi: Piem\u0113rots kuc\u0113niem no 12 ned\u0113\u013cu vecuma.L\u016bdzu, uzraugiet savu suni \u0113\u0161anas laik\u0101 un vienm\u0113r nodro\u0161iniet svaigu un t\u012bru dzeramo \u016bdeni.","og_url":"https:\/\/miumjau.ee\/lv\/produkts\/sana-sunu-karums-trusa-burgeri-ar-aboliem-un-lapu-kapostiem-1-kg\/","og_site_name":"MiuMjau","article_publisher":"https:\/\/www.facebook.com\/miumjaupood\/","og_image":[{"width":600,"height":800,"url":"https:\/\/miumjau.ee\/wp-content\/uploads\/2025\/03\/sana-ohkkuivatatud-maius-janeseburgerid-superfoods-1kg.webp","type":"image\/webp"}],"twitter_card":"summary_large_image","schema":{"@context":"https:\/\/schema.org","@graph":[{"@type":"WebPage","@id":"https:\/\/miumjau.ee\/lv\/produkts\/sana-sunu-karums-trusa-burgeri-ar-aboliem-un-lapu-kapostiem-1-kg\/","url":"https:\/\/miumjau.ee\/lv\/produkts\/sana-sunu-karums-trusa-burgeri-ar-aboliem-un-lapu-kapostiem-1-kg\/","name":"Sana su\u0146u k\u0101rums tru\u0161a burgeri ar \u0101boliem un lapu k\u0101postiem 1 kg - MiuMjau","isPartOf":{"@id":"https:\/\/miumjau.ee\/#website"},"primaryImageOfPage":{"@id":"https:\/\/miumjau.ee\/lv\/produkts\/sana-sunu-karums-trusa-burgeri-ar-aboliem-un-lapu-kapostiem-1-kg\/#primaryimage"},"image":{"@id":"https:\/\/miumjau.ee\/lv\/produkts\/sana-sunu-karums-trusa-burgeri-ar-aboliem-un-lapu-kapostiem-1-kg\/#primaryimage"},"thumbnailUrl":"https:\/\/miumjau.ee\/wp-content\/uploads\/2025\/03\/sana-ohkkuivatatud-maius-janeseburgerid-superfoods-1kg.webp","datePublished":"2025-03-24T17:30:10+00:00","breadcrumb":{"@id":"https:\/\/miumjau.ee\/lv\/produkts\/sana-sunu-karums-trusa-burgeri-ar-aboliem-un-lapu-kapostiem-1-kg\/#breadcrumb"},"inLanguage":"lv-LV","potentialAction":[{"@type":"ReadAction","target":["https:\/\/miumjau.ee\/lv\/produkts\/sana-sunu-karums-trusa-burgeri-ar-aboliem-un-lapu-kapostiem-1-kg\/"]}]},{"@type":"ImageObject","inLanguage":"lv-LV","@id":"https:\/\/miumjau.ee\/lv\/produkts\/sana-sunu-karums-trusa-burgeri-ar-aboliem-un-lapu-kapostiem-1-kg\/#primaryimage","url":"https:\/\/miumjau.ee\/wp-content\/uploads\/2025\/03\/sana-ohkkuivatatud-maius-janeseburgerid-superfoods-1kg.webp","contentUrl":"https:\/\/miumjau.ee\/wp-content\/uploads\/2025\/03\/sana-ohkkuivatatud-maius-janeseburgerid-superfoods-1kg.webp","width":600,"height":800},{"@type":"BreadcrumbList","@id":"https:\/\/miumjau.ee\/lv\/produkts\/sana-sunu-karums-trusa-burgeri-ar-aboliem-un-lapu-kapostiem-1-kg\/#breadcrumb","itemListElement":[{"@type":"ListItem","position":1,"name":"Home","item":"https:\/\/miumjau.ee\/lv\/"},{"@type":"ListItem","position":2,"name":"Veikals","item":"https:\/\/miumjau.ee\/lv\/veikals\/"},{"@type":"ListItem","position":3,"name":"Sana su\u0146u k\u0101rums tru\u0161a burgeri ar \u0101boliem un lapu k\u0101postiem 1 kg"}]},{"@type":"WebSite","@id":"https:\/\/miumjau.ee\/#website","url":"https:\/\/miumjau.ee\/","name":"MiuMjau","description":"Kraapimispuud kassidele","publisher":{"@id":"https:\/\/miumjau.ee\/#organization"},"potentialAction":[{"@type":"SearchAction","target":{"@type":"EntryPoint","urlTemplate":"https:\/\/miumjau.ee\/?s={search_term_string}"},"query-input":{"@type":"PropertyValueSpecification","valueRequired":true,"valueName":"search_term_string"}}],"inLanguage":"lv-LV"},{"@type":"Organization","@id":"https:\/\/miumjau.ee\/#organization","name":"MiuMjau O\u00dc","url":"https:\/\/miumjau.ee\/","logo":{"@type":"ImageObject","inLanguage":"lv-LV","@id":"https:\/\/miumjau.ee\/#\/schema\/logo\/image\/","url":"https:\/\/miumjau.ee\/wp-content\/uploads\/2022\/04\/MiuMjau-logo-kollane.png","contentUrl":"https:\/\/miumjau.ee\/wp-content\/uploads\/2022\/04\/MiuMjau-logo-kollane.png","width":219,"height":100,"caption":"MiuMjau O\u00dc"},"image":{"@id":"https:\/\/miumjau.ee\/#\/schema\/logo\/image\/"},"sameAs":["https:\/\/www.facebook.com\/miumjaupood\/"]}]}},"_links":{"self":[{"href":"https:\/\/miumjau.ee\/lv\/wp-json\/wp\/v2\/product\/55670","targetHints":{"allow":["GET"]}}],"collection":[{"href":"https:\/\/miumjau.ee\/lv\/wp-json\/wp\/v2\/product"}],"about":[{"href":"https:\/\/miumjau.ee\/lv\/wp-json\/wp\/v2\/types\/product"}],"wp:featuredmedia":[{"embeddable":true,"href":"https:\/\/miumjau.ee\/lv\/wp-json\/wp\/v2\/media\/55671"}],"wp:attachment":[{"href":"https:\/\/miumjau.ee\/lv\/wp-json\/wp\/v2\/media?parent=55670"}],"wp:term":[{"taxonomy":"product_brand","embeddable":true,"href":"https:\/\/miumjau.ee\/lv\/wp-json\/wp\/v2\/product_brand?post=55670"},{"taxonomy":"product_cat","embeddable":true,"href":"https:\/\/miumjau.ee\/lv\/wp-json\/wp\/v2\/product_cat?post=55670"},{"taxonomy":"product_tag","embeddable":true,"href":"https:\/\/miumjau.ee\/lv\/wp-json\/wp\/v2\/product_tag?post=55670"}],"curies":[{"name":"wp","href":"https:\/\/api.w.org\/{rel}","templated":true}]}}