{"id":55665,"date":"2025-03-25T11:18:38","date_gmt":"2025-03-25T09:18:38","guid":{"rendered":"https:\/\/miumjau.ee\/toode\/zaveti-trusa-ausu-gabali-ar-spalvu-500-g\/"},"modified":"2025-03-25T11:18:38","modified_gmt":"2025-03-25T09:18:38","slug":"zaveti-trusa-ausu-gabali-ar-spalvu-500-g","status":"publish","type":"product","link":"https:\/\/miumjau.ee\/lv\/produkts\/zaveti-trusa-ausu-gabali-ar-spalvu-500-g\/","title":{"rendered":"\u017d\u0101v\u0113ti tru\u0161a ausu gabali ar spalvu 500 g"},"content":{"rendered":"","protected":false},"excerpt":{"rendered":"<p data-start=\"769\" data-end=\"908\">Tru\u0161a ausu gabali tiek p\u0101rdoti p\u0113c svara un tiek pieg\u0101d\u0101ti klientam caursp\u012bd\u012bg\u0101 atk\u0101rtoti aizveram\u0101 maisi\u0146\u0101 atbilsto\u0161i v\u0113lamajam daudzumam.<\/p>\n<p data-start=\"910\" data-end=\"1042\">\u017d\u0101v\u0113tas tru\u0161a ausis sast\u0101v no 100% gar\u0161\u012bga un ar zemu tauku saturu skrim\u0161\u013ca, kas stiprina ko\u0161\u013c\u0101\u0161anas musku\u013cus un pal\u012bdz t\u012br\u012bt zobus.<\/p>\n<p data-start=\"1044\" data-end=\"1143\">Sast\u0101vda\u013cas: 100% tru\u0161a ausis. Vienas sast\u0101vda\u013cas, augsta olbaltumvielu satura papildbar\u012bba su\u0146iem.<\/p>\n<p data-start=\"1145\" data-end=\"1243\">Uzturv\u0113rt\u012bba: Olbaltumvielas \u2013 72%, Tauki \u2013 12,9%, Mitrums \u2013 7%, Pelni \u2013 3,2%, \u0160\u0137iedrvielas \u2013 2,5%<\/p>\n<p data-start=\"1245\" data-end=\"1386\">Piem\u0113rots kuc\u0113niem no 12 ned\u0113\u013cu vecuma.<br data-start=\"1284\" data-end=\"1287\" \/>L\u016bdzu, uzraugiet savu suni k\u0101ruma \u0113\u0161anas laik\u0101 un vienm\u0113r nodro\u0161iniet svaigu un t\u012bru dzeramo \u016bdeni.<\/p>\n","protected":false},"featured_media":55666,"template":"","meta":[],"product_brand":[],"product_cat":[576],"product_tag":[],"class_list":{"0":"post-55665","1":"product","2":"type-product","3":"status-publish","4":"has-post-thumbnail","6":"product_cat-naski-suniem","8":"first","9":"instock","10":"sale","11":"taxable","12":"shipping-taxable","13":"purchasable","14":"product-type-simple"},"yoast_head":"<!-- This site is optimized with the Yoast SEO plugin v27.4 - https:\/\/yoast.com\/product\/yoast-seo-wordpress\/ -->\n<title>\u017d\u0101v\u0113ti tru\u0161a ausu gabali ar spalvu 500 g - MiuMjau<\/title>\n<meta name=\"robots\" content=\"index, follow, max-snippet:-1, max-image-preview:large, max-video-preview:-1\" \/>\n<link rel=\"canonical\" href=\"https:\/\/miumjau.ee\/lv\/produkts\/zaveti-trusa-ausu-gabali-ar-spalvu-500-g\/\" \/>\n<meta property=\"og:locale\" content=\"lv_LV\" \/>\n<meta property=\"og:type\" content=\"article\" \/>\n<meta property=\"og:title\" content=\"\u017d\u0101v\u0113ti tru\u0161a ausu gabali ar spalvu 500 g - MiuMjau\" \/>\n<meta property=\"og:description\" content=\"Tru\u0161a ausu gabali tiek p\u0101rdoti p\u0113c svara un tiek pieg\u0101d\u0101ti klientam caursp\u012bd\u012bg\u0101 atk\u0101rtoti aizveram\u0101 maisi\u0146\u0101 atbilsto\u0161i v\u0113lamajam daudzumam. \u017d\u0101v\u0113tas tru\u0161a ausis sast\u0101v no 100% gar\u0161\u012bga un ar zemu tauku saturu skrim\u0161\u013ca, kas stiprina ko\u0161\u013c\u0101\u0161anas musku\u013cus un pal\u012bdz t\u012br\u012bt zobus. Sast\u0101vda\u013cas: 100% tru\u0161a ausis. Vienas sast\u0101vda\u013cas, augsta olbaltumvielu satura papildbar\u012bba su\u0146iem. Uzturv\u0113rt\u012bba: Olbaltumvielas \u2013 72%, Tauki \u2013 12,9%, Mitrums \u2013 7%, Pelni \u2013 3,2%, \u0160\u0137iedrvielas \u2013 2,5% Piem\u0113rots kuc\u0113niem no 12 ned\u0113\u013cu vecuma.L\u016bdzu, uzraugiet savu suni k\u0101ruma \u0113\u0161anas laik\u0101 un vienm\u0113r nodro\u0161iniet svaigu un t\u012bru dzeramo \u016bdeni.\" \/>\n<meta property=\"og:url\" content=\"https:\/\/miumjau.ee\/lv\/produkts\/zaveti-trusa-ausu-gabali-ar-spalvu-500-g\/\" \/>\n<meta property=\"og:site_name\" content=\"MiuMjau\" \/>\n<meta property=\"article:publisher\" content=\"https:\/\/www.facebook.com\/miumjaupood\/\" \/>\n<meta property=\"og:image\" content=\"https:\/\/miumjau.ee\/wp-content\/uploads\/2025\/03\/janese-korva-ribad-Photoroom.webp\" \/>\n\t<meta property=\"og:image:width\" content=\"600\" \/>\n\t<meta property=\"og:image:height\" content=\"800\" \/>\n\t<meta property=\"og:image:type\" content=\"image\/webp\" \/>\n<meta name=\"twitter:card\" content=\"summary_large_image\" \/>\n<script type=\"application\/ld+json\" class=\"yoast-schema-graph\">{\"@context\":\"https:\\\/\\\/schema.org\",\"@graph\":[{\"@type\":\"WebPage\",\"@id\":\"https:\\\/\\\/miumjau.ee\\\/lv\\\/produkts\\\/zaveti-trusa-ausu-gabali-ar-spalvu-500-g\\\/\",\"url\":\"https:\\\/\\\/miumjau.ee\\\/lv\\\/produkts\\\/zaveti-trusa-ausu-gabali-ar-spalvu-500-g\\\/\",\"name\":\"\u017d\u0101v\u0113ti tru\u0161a ausu gabali ar spalvu 500 g - MiuMjau\",\"isPartOf\":{\"@id\":\"https:\\\/\\\/miumjau.ee\\\/#website\"},\"primaryImageOfPage\":{\"@id\":\"https:\\\/\\\/miumjau.ee\\\/lv\\\/produkts\\\/zaveti-trusa-ausu-gabali-ar-spalvu-500-g\\\/#primaryimage\"},\"image\":{\"@id\":\"https:\\\/\\\/miumjau.ee\\\/lv\\\/produkts\\\/zaveti-trusa-ausu-gabali-ar-spalvu-500-g\\\/#primaryimage\"},\"thumbnailUrl\":\"https:\\\/\\\/miumjau.ee\\\/wp-content\\\/uploads\\\/2025\\\/03\\\/janese-korva-ribad-Photoroom.webp\",\"datePublished\":\"2025-03-25T09:18:38+00:00\",\"breadcrumb\":{\"@id\":\"https:\\\/\\\/miumjau.ee\\\/lv\\\/produkts\\\/zaveti-trusa-ausu-gabali-ar-spalvu-500-g\\\/#breadcrumb\"},\"inLanguage\":\"lv-LV\",\"potentialAction\":[{\"@type\":\"ReadAction\",\"target\":[\"https:\\\/\\\/miumjau.ee\\\/lv\\\/produkts\\\/zaveti-trusa-ausu-gabali-ar-spalvu-500-g\\\/\"]}]},{\"@type\":\"ImageObject\",\"inLanguage\":\"lv-LV\",\"@id\":\"https:\\\/\\\/miumjau.ee\\\/lv\\\/produkts\\\/zaveti-trusa-ausu-gabali-ar-spalvu-500-g\\\/#primaryimage\",\"url\":\"https:\\\/\\\/miumjau.ee\\\/wp-content\\\/uploads\\\/2025\\\/03\\\/janese-korva-ribad-Photoroom.webp\",\"contentUrl\":\"https:\\\/\\\/miumjau.ee\\\/wp-content\\\/uploads\\\/2025\\\/03\\\/janese-korva-ribad-Photoroom.webp\",\"width\":600,\"height\":800},{\"@type\":\"BreadcrumbList\",\"@id\":\"https:\\\/\\\/miumjau.ee\\\/lv\\\/produkts\\\/zaveti-trusa-ausu-gabali-ar-spalvu-500-g\\\/#breadcrumb\",\"itemListElement\":[{\"@type\":\"ListItem\",\"position\":1,\"name\":\"Home\",\"item\":\"https:\\\/\\\/miumjau.ee\\\/lv\\\/\"},{\"@type\":\"ListItem\",\"position\":2,\"name\":\"Veikals\",\"item\":\"https:\\\/\\\/miumjau.ee\\\/lv\\\/veikals\\\/\"},{\"@type\":\"ListItem\",\"position\":3,\"name\":\"\u017d\u0101v\u0113ti tru\u0161a ausu gabali ar spalvu 500 g\"}]},{\"@type\":\"WebSite\",\"@id\":\"https:\\\/\\\/miumjau.ee\\\/#website\",\"url\":\"https:\\\/\\\/miumjau.ee\\\/\",\"name\":\"MiuMjau\",\"description\":\"Kraapimispuud kassidele\",\"publisher\":{\"@id\":\"https:\\\/\\\/miumjau.ee\\\/#organization\"},\"potentialAction\":[{\"@type\":\"SearchAction\",\"target\":{\"@type\":\"EntryPoint\",\"urlTemplate\":\"https:\\\/\\\/miumjau.ee\\\/?s={search_term_string}\"},\"query-input\":{\"@type\":\"PropertyValueSpecification\",\"valueRequired\":true,\"valueName\":\"search_term_string\"}}],\"inLanguage\":\"lv-LV\"},{\"@type\":\"Organization\",\"@id\":\"https:\\\/\\\/miumjau.ee\\\/#organization\",\"name\":\"MiuMjau O\u00dc\",\"url\":\"https:\\\/\\\/miumjau.ee\\\/\",\"logo\":{\"@type\":\"ImageObject\",\"inLanguage\":\"lv-LV\",\"@id\":\"https:\\\/\\\/miumjau.ee\\\/#\\\/schema\\\/logo\\\/image\\\/\",\"url\":\"https:\\\/\\\/miumjau.ee\\\/wp-content\\\/uploads\\\/2022\\\/04\\\/MiuMjau-logo-kollane.png\",\"contentUrl\":\"https:\\\/\\\/miumjau.ee\\\/wp-content\\\/uploads\\\/2022\\\/04\\\/MiuMjau-logo-kollane.png\",\"width\":219,\"height\":100,\"caption\":\"MiuMjau O\u00dc\"},\"image\":{\"@id\":\"https:\\\/\\\/miumjau.ee\\\/#\\\/schema\\\/logo\\\/image\\\/\"},\"sameAs\":[\"https:\\\/\\\/www.facebook.com\\\/miumjaupood\\\/\"]}]}<\/script>\n<!-- \/ Yoast SEO plugin. -->","yoast_head_json":{"title":"\u017d\u0101v\u0113ti tru\u0161a ausu gabali ar spalvu 500 g - MiuMjau","robots":{"index":"index","follow":"follow","max-snippet":"max-snippet:-1","max-image-preview":"max-image-preview:large","max-video-preview":"max-video-preview:-1"},"canonical":"https:\/\/miumjau.ee\/lv\/produkts\/zaveti-trusa-ausu-gabali-ar-spalvu-500-g\/","og_locale":"lv_LV","og_type":"article","og_title":"\u017d\u0101v\u0113ti tru\u0161a ausu gabali ar spalvu 500 g - MiuMjau","og_description":"Tru\u0161a ausu gabali tiek p\u0101rdoti p\u0113c svara un tiek pieg\u0101d\u0101ti klientam caursp\u012bd\u012bg\u0101 atk\u0101rtoti aizveram\u0101 maisi\u0146\u0101 atbilsto\u0161i v\u0113lamajam daudzumam. \u017d\u0101v\u0113tas tru\u0161a ausis sast\u0101v no 100% gar\u0161\u012bga un ar zemu tauku saturu skrim\u0161\u013ca, kas stiprina ko\u0161\u013c\u0101\u0161anas musku\u013cus un pal\u012bdz t\u012br\u012bt zobus. Sast\u0101vda\u013cas: 100% tru\u0161a ausis. Vienas sast\u0101vda\u013cas, augsta olbaltumvielu satura papildbar\u012bba su\u0146iem. Uzturv\u0113rt\u012bba: Olbaltumvielas \u2013 72%, Tauki \u2013 12,9%, Mitrums \u2013 7%, Pelni \u2013 3,2%, \u0160\u0137iedrvielas \u2013 2,5% Piem\u0113rots kuc\u0113niem no 12 ned\u0113\u013cu vecuma.L\u016bdzu, uzraugiet savu suni k\u0101ruma \u0113\u0161anas laik\u0101 un vienm\u0113r nodro\u0161iniet svaigu un t\u012bru dzeramo \u016bdeni.","og_url":"https:\/\/miumjau.ee\/lv\/produkts\/zaveti-trusa-ausu-gabali-ar-spalvu-500-g\/","og_site_name":"MiuMjau","article_publisher":"https:\/\/www.facebook.com\/miumjaupood\/","og_image":[{"width":600,"height":800,"url":"https:\/\/miumjau.ee\/wp-content\/uploads\/2025\/03\/janese-korva-ribad-Photoroom.webp","type":"image\/webp"}],"twitter_card":"summary_large_image","schema":{"@context":"https:\/\/schema.org","@graph":[{"@type":"WebPage","@id":"https:\/\/miumjau.ee\/lv\/produkts\/zaveti-trusa-ausu-gabali-ar-spalvu-500-g\/","url":"https:\/\/miumjau.ee\/lv\/produkts\/zaveti-trusa-ausu-gabali-ar-spalvu-500-g\/","name":"\u017d\u0101v\u0113ti tru\u0161a ausu gabali ar spalvu 500 g - MiuMjau","isPartOf":{"@id":"https:\/\/miumjau.ee\/#website"},"primaryImageOfPage":{"@id":"https:\/\/miumjau.ee\/lv\/produkts\/zaveti-trusa-ausu-gabali-ar-spalvu-500-g\/#primaryimage"},"image":{"@id":"https:\/\/miumjau.ee\/lv\/produkts\/zaveti-trusa-ausu-gabali-ar-spalvu-500-g\/#primaryimage"},"thumbnailUrl":"https:\/\/miumjau.ee\/wp-content\/uploads\/2025\/03\/janese-korva-ribad-Photoroom.webp","datePublished":"2025-03-25T09:18:38+00:00","breadcrumb":{"@id":"https:\/\/miumjau.ee\/lv\/produkts\/zaveti-trusa-ausu-gabali-ar-spalvu-500-g\/#breadcrumb"},"inLanguage":"lv-LV","potentialAction":[{"@type":"ReadAction","target":["https:\/\/miumjau.ee\/lv\/produkts\/zaveti-trusa-ausu-gabali-ar-spalvu-500-g\/"]}]},{"@type":"ImageObject","inLanguage":"lv-LV","@id":"https:\/\/miumjau.ee\/lv\/produkts\/zaveti-trusa-ausu-gabali-ar-spalvu-500-g\/#primaryimage","url":"https:\/\/miumjau.ee\/wp-content\/uploads\/2025\/03\/janese-korva-ribad-Photoroom.webp","contentUrl":"https:\/\/miumjau.ee\/wp-content\/uploads\/2025\/03\/janese-korva-ribad-Photoroom.webp","width":600,"height":800},{"@type":"BreadcrumbList","@id":"https:\/\/miumjau.ee\/lv\/produkts\/zaveti-trusa-ausu-gabali-ar-spalvu-500-g\/#breadcrumb","itemListElement":[{"@type":"ListItem","position":1,"name":"Home","item":"https:\/\/miumjau.ee\/lv\/"},{"@type":"ListItem","position":2,"name":"Veikals","item":"https:\/\/miumjau.ee\/lv\/veikals\/"},{"@type":"ListItem","position":3,"name":"\u017d\u0101v\u0113ti tru\u0161a ausu gabali ar spalvu 500 g"}]},{"@type":"WebSite","@id":"https:\/\/miumjau.ee\/#website","url":"https:\/\/miumjau.ee\/","name":"MiuMjau","description":"Kraapimispuud kassidele","publisher":{"@id":"https:\/\/miumjau.ee\/#organization"},"potentialAction":[{"@type":"SearchAction","target":{"@type":"EntryPoint","urlTemplate":"https:\/\/miumjau.ee\/?s={search_term_string}"},"query-input":{"@type":"PropertyValueSpecification","valueRequired":true,"valueName":"search_term_string"}}],"inLanguage":"lv-LV"},{"@type":"Organization","@id":"https:\/\/miumjau.ee\/#organization","name":"MiuMjau O\u00dc","url":"https:\/\/miumjau.ee\/","logo":{"@type":"ImageObject","inLanguage":"lv-LV","@id":"https:\/\/miumjau.ee\/#\/schema\/logo\/image\/","url":"https:\/\/miumjau.ee\/wp-content\/uploads\/2022\/04\/MiuMjau-logo-kollane.png","contentUrl":"https:\/\/miumjau.ee\/wp-content\/uploads\/2022\/04\/MiuMjau-logo-kollane.png","width":219,"height":100,"caption":"MiuMjau O\u00dc"},"image":{"@id":"https:\/\/miumjau.ee\/#\/schema\/logo\/image\/"},"sameAs":["https:\/\/www.facebook.com\/miumjaupood\/"]}]}},"_links":{"self":[{"href":"https:\/\/miumjau.ee\/lv\/wp-json\/wp\/v2\/product\/55665","targetHints":{"allow":["GET"]}}],"collection":[{"href":"https:\/\/miumjau.ee\/lv\/wp-json\/wp\/v2\/product"}],"about":[{"href":"https:\/\/miumjau.ee\/lv\/wp-json\/wp\/v2\/types\/product"}],"wp:featuredmedia":[{"embeddable":true,"href":"https:\/\/miumjau.ee\/lv\/wp-json\/wp\/v2\/media\/55666"}],"wp:attachment":[{"href":"https:\/\/miumjau.ee\/lv\/wp-json\/wp\/v2\/media?parent=55665"}],"wp:term":[{"taxonomy":"product_brand","embeddable":true,"href":"https:\/\/miumjau.ee\/lv\/wp-json\/wp\/v2\/product_brand?post=55665"},{"taxonomy":"product_cat","embeddable":true,"href":"https:\/\/miumjau.ee\/lv\/wp-json\/wp\/v2\/product_cat?post=55665"},{"taxonomy":"product_tag","embeddable":true,"href":"https:\/\/miumjau.ee\/lv\/wp-json\/wp\/v2\/product_tag?post=55665"}],"curies":[{"name":"wp","href":"https:\/\/api.w.org\/{rel}","templated":true}]}}