{"id":55657,"date":"2024-12-31T18:19:56","date_gmt":"2024-12-31T16:19:56","guid":{"rendered":"https:\/\/miumjau.ee\/toode\/yeowww-spelmanta-ar-kaku-pipari-taurins-zils\/"},"modified":"2024-12-31T18:19:56","modified_gmt":"2024-12-31T16:19:56","slug":"yeowww-spelmanta-ar-kaku-pipari-taurins-zils","status":"publish","type":"product","link":"https:\/\/miumjau.ee\/lv\/produkts\/yeowww-spelmanta-ar-kaku-pipari-taurins-zils\/","title":{"rendered":"Yeowww! Sp\u0113\u013cmanta ar ka\u0137u pipari \u2013 Tauri\u0146\u0161, zils"},"content":{"rendered":"","protected":false},"excerpt":{"rendered":"<p data-start=\"156\" data-end=\"426\">Yeowww! sp\u0113\u013cmanta ir piepild\u012bta ar dab\u012bgu ka\u0137u piparu (catnip), kas nodro\u0161ina ka\u0137iem jautru un stimul\u0113jo\u0161u sp\u0113l\u0113\u0161an\u0101s laiku. Dab\u012bga un dro\u0161a rota\u013clieta. Ka\u0137iem \u013coti pat\u012bk to satvert ar \u0137ep\u0101m, ko\u0161\u013c\u0101t un traki vicin\u0101t ar k\u0101j\u0101m. Tas sniedz daudz prieka! Priec\u012bgs dizains.<\/p>\n<p data-start=\"428\" data-end=\"492\"><strong data-start=\"428\" data-end=\"439\">Izm\u0113ri:<\/strong> aptuveni 13 x 6 cm, sp\u0101rni no krauk\u0161\u0137\u012bga materi\u0101la<\/p>\n","protected":false},"featured_media":55658,"template":"","meta":[],"product_brand":[],"product_cat":[590],"product_tag":[],"class_list":{"0":"post-55657","1":"product","2":"type-product","3":"status-publish","4":"has-post-thumbnail","6":"product_cat-kaku-rotallietas","8":"first","9":"instock","10":"taxable","11":"shipping-taxable","12":"purchasable","13":"product-type-simple"},"yoast_head":"<!-- This site is optimized with the Yoast SEO plugin v27.4 - https:\/\/yoast.com\/product\/yoast-seo-wordpress\/ -->\n<title>Yeowww! Sp\u0113\u013cmanta ar ka\u0137u pipari \u2013 Tauri\u0146\u0161, zils - MiuMjau<\/title>\n<meta name=\"robots\" content=\"index, follow, max-snippet:-1, max-image-preview:large, max-video-preview:-1\" \/>\n<link rel=\"canonical\" href=\"https:\/\/miumjau.ee\/lv\/produkts\/yeowww-spelmanta-ar-kaku-pipari-taurins-zils\/\" \/>\n<meta property=\"og:locale\" content=\"lv_LV\" \/>\n<meta property=\"og:type\" content=\"article\" \/>\n<meta property=\"og:title\" content=\"Yeowww! Sp\u0113\u013cmanta ar ka\u0137u pipari \u2013 Tauri\u0146\u0161, zils - MiuMjau\" \/>\n<meta property=\"og:description\" content=\"Yeowww! sp\u0113\u013cmanta ir piepild\u012bta ar dab\u012bgu ka\u0137u piparu (catnip), kas nodro\u0161ina ka\u0137iem jautru un stimul\u0113jo\u0161u sp\u0113l\u0113\u0161an\u0101s laiku. Dab\u012bga un dro\u0161a rota\u013clieta. Ka\u0137iem \u013coti pat\u012bk to satvert ar \u0137ep\u0101m, ko\u0161\u013c\u0101t un traki vicin\u0101t ar k\u0101j\u0101m. Tas sniedz daudz prieka! Priec\u012bgs dizains. Izm\u0113ri: aptuveni 13 x 6 cm, sp\u0101rni no krauk\u0161\u0137\u012bga materi\u0101la\" \/>\n<meta property=\"og:url\" content=\"https:\/\/miumjau.ee\/lv\/produkts\/yeowww-spelmanta-ar-kaku-pipari-taurins-zils\/\" \/>\n<meta property=\"og:site_name\" content=\"MiuMjau\" \/>\n<meta property=\"article:publisher\" content=\"https:\/\/www.facebook.com\/miumjaupood\/\" \/>\n<meta property=\"og:image\" content=\"https:\/\/miumjau.ee\/wp-content\/uploads\/2024\/12\/yeowww-manguasjad-kassidele3.jpg\" \/>\n\t<meta property=\"og:image:width\" content=\"600\" \/>\n\t<meta property=\"og:image:height\" content=\"800\" \/>\n\t<meta property=\"og:image:type\" content=\"image\/jpeg\" \/>\n<meta name=\"twitter:card\" content=\"summary_large_image\" \/>\n<script type=\"application\/ld+json\" class=\"yoast-schema-graph\">{\"@context\":\"https:\\\/\\\/schema.org\",\"@graph\":[{\"@type\":\"WebPage\",\"@id\":\"https:\\\/\\\/miumjau.ee\\\/lv\\\/produkts\\\/yeowww-spelmanta-ar-kaku-pipari-taurins-zils\\\/\",\"url\":\"https:\\\/\\\/miumjau.ee\\\/lv\\\/produkts\\\/yeowww-spelmanta-ar-kaku-pipari-taurins-zils\\\/\",\"name\":\"Yeowww! Sp\u0113\u013cmanta ar ka\u0137u pipari \u2013 Tauri\u0146\u0161, zils - MiuMjau\",\"isPartOf\":{\"@id\":\"https:\\\/\\\/miumjau.ee\\\/#website\"},\"primaryImageOfPage\":{\"@id\":\"https:\\\/\\\/miumjau.ee\\\/lv\\\/produkts\\\/yeowww-spelmanta-ar-kaku-pipari-taurins-zils\\\/#primaryimage\"},\"image\":{\"@id\":\"https:\\\/\\\/miumjau.ee\\\/lv\\\/produkts\\\/yeowww-spelmanta-ar-kaku-pipari-taurins-zils\\\/#primaryimage\"},\"thumbnailUrl\":\"https:\\\/\\\/miumjau.ee\\\/wp-content\\\/uploads\\\/2024\\\/12\\\/yeowww-manguasjad-kassidele3.jpg\",\"datePublished\":\"2024-12-31T16:19:56+00:00\",\"breadcrumb\":{\"@id\":\"https:\\\/\\\/miumjau.ee\\\/lv\\\/produkts\\\/yeowww-spelmanta-ar-kaku-pipari-taurins-zils\\\/#breadcrumb\"},\"inLanguage\":\"lv-LV\",\"potentialAction\":[{\"@type\":\"ReadAction\",\"target\":[\"https:\\\/\\\/miumjau.ee\\\/lv\\\/produkts\\\/yeowww-spelmanta-ar-kaku-pipari-taurins-zils\\\/\"]}]},{\"@type\":\"ImageObject\",\"inLanguage\":\"lv-LV\",\"@id\":\"https:\\\/\\\/miumjau.ee\\\/lv\\\/produkts\\\/yeowww-spelmanta-ar-kaku-pipari-taurins-zils\\\/#primaryimage\",\"url\":\"https:\\\/\\\/miumjau.ee\\\/wp-content\\\/uploads\\\/2024\\\/12\\\/yeowww-manguasjad-kassidele3.jpg\",\"contentUrl\":\"https:\\\/\\\/miumjau.ee\\\/wp-content\\\/uploads\\\/2024\\\/12\\\/yeowww-manguasjad-kassidele3.jpg\",\"width\":600,\"height\":800},{\"@type\":\"BreadcrumbList\",\"@id\":\"https:\\\/\\\/miumjau.ee\\\/lv\\\/produkts\\\/yeowww-spelmanta-ar-kaku-pipari-taurins-zils\\\/#breadcrumb\",\"itemListElement\":[{\"@type\":\"ListItem\",\"position\":1,\"name\":\"Home\",\"item\":\"https:\\\/\\\/miumjau.ee\\\/lv\\\/\"},{\"@type\":\"ListItem\",\"position\":2,\"name\":\"Veikals\",\"item\":\"https:\\\/\\\/miumjau.ee\\\/lv\\\/veikals\\\/\"},{\"@type\":\"ListItem\",\"position\":3,\"name\":\"Yeowww! Sp\u0113\u013cmanta ar ka\u0137u pipari \u2013 Tauri\u0146\u0161, zils\"}]},{\"@type\":\"WebSite\",\"@id\":\"https:\\\/\\\/miumjau.ee\\\/#website\",\"url\":\"https:\\\/\\\/miumjau.ee\\\/\",\"name\":\"MiuMjau\",\"description\":\"Kraapimispuud kassidele\",\"publisher\":{\"@id\":\"https:\\\/\\\/miumjau.ee\\\/#organization\"},\"potentialAction\":[{\"@type\":\"SearchAction\",\"target\":{\"@type\":\"EntryPoint\",\"urlTemplate\":\"https:\\\/\\\/miumjau.ee\\\/?s={search_term_string}\"},\"query-input\":{\"@type\":\"PropertyValueSpecification\",\"valueRequired\":true,\"valueName\":\"search_term_string\"}}],\"inLanguage\":\"lv-LV\"},{\"@type\":\"Organization\",\"@id\":\"https:\\\/\\\/miumjau.ee\\\/#organization\",\"name\":\"MiuMjau O\u00dc\",\"url\":\"https:\\\/\\\/miumjau.ee\\\/\",\"logo\":{\"@type\":\"ImageObject\",\"inLanguage\":\"lv-LV\",\"@id\":\"https:\\\/\\\/miumjau.ee\\\/#\\\/schema\\\/logo\\\/image\\\/\",\"url\":\"https:\\\/\\\/miumjau.ee\\\/wp-content\\\/uploads\\\/2022\\\/04\\\/MiuMjau-logo-kollane.png\",\"contentUrl\":\"https:\\\/\\\/miumjau.ee\\\/wp-content\\\/uploads\\\/2022\\\/04\\\/MiuMjau-logo-kollane.png\",\"width\":219,\"height\":100,\"caption\":\"MiuMjau O\u00dc\"},\"image\":{\"@id\":\"https:\\\/\\\/miumjau.ee\\\/#\\\/schema\\\/logo\\\/image\\\/\"},\"sameAs\":[\"https:\\\/\\\/www.facebook.com\\\/miumjaupood\\\/\"]}]}<\/script>\n<!-- \/ Yoast SEO plugin. -->","yoast_head_json":{"title":"Yeowww! Sp\u0113\u013cmanta ar ka\u0137u pipari \u2013 Tauri\u0146\u0161, zils - MiuMjau","robots":{"index":"index","follow":"follow","max-snippet":"max-snippet:-1","max-image-preview":"max-image-preview:large","max-video-preview":"max-video-preview:-1"},"canonical":"https:\/\/miumjau.ee\/lv\/produkts\/yeowww-spelmanta-ar-kaku-pipari-taurins-zils\/","og_locale":"lv_LV","og_type":"article","og_title":"Yeowww! Sp\u0113\u013cmanta ar ka\u0137u pipari \u2013 Tauri\u0146\u0161, zils - MiuMjau","og_description":"Yeowww! sp\u0113\u013cmanta ir piepild\u012bta ar dab\u012bgu ka\u0137u piparu (catnip), kas nodro\u0161ina ka\u0137iem jautru un stimul\u0113jo\u0161u sp\u0113l\u0113\u0161an\u0101s laiku. Dab\u012bga un dro\u0161a rota\u013clieta. Ka\u0137iem \u013coti pat\u012bk to satvert ar \u0137ep\u0101m, ko\u0161\u013c\u0101t un traki vicin\u0101t ar k\u0101j\u0101m. Tas sniedz daudz prieka! Priec\u012bgs dizains. Izm\u0113ri: aptuveni 13 x 6 cm, sp\u0101rni no krauk\u0161\u0137\u012bga materi\u0101la","og_url":"https:\/\/miumjau.ee\/lv\/produkts\/yeowww-spelmanta-ar-kaku-pipari-taurins-zils\/","og_site_name":"MiuMjau","article_publisher":"https:\/\/www.facebook.com\/miumjaupood\/","og_image":[{"width":600,"height":800,"url":"https:\/\/miumjau.ee\/wp-content\/uploads\/2024\/12\/yeowww-manguasjad-kassidele3.jpg","type":"image\/jpeg"}],"twitter_card":"summary_large_image","schema":{"@context":"https:\/\/schema.org","@graph":[{"@type":"WebPage","@id":"https:\/\/miumjau.ee\/lv\/produkts\/yeowww-spelmanta-ar-kaku-pipari-taurins-zils\/","url":"https:\/\/miumjau.ee\/lv\/produkts\/yeowww-spelmanta-ar-kaku-pipari-taurins-zils\/","name":"Yeowww! Sp\u0113\u013cmanta ar ka\u0137u pipari \u2013 Tauri\u0146\u0161, zils - MiuMjau","isPartOf":{"@id":"https:\/\/miumjau.ee\/#website"},"primaryImageOfPage":{"@id":"https:\/\/miumjau.ee\/lv\/produkts\/yeowww-spelmanta-ar-kaku-pipari-taurins-zils\/#primaryimage"},"image":{"@id":"https:\/\/miumjau.ee\/lv\/produkts\/yeowww-spelmanta-ar-kaku-pipari-taurins-zils\/#primaryimage"},"thumbnailUrl":"https:\/\/miumjau.ee\/wp-content\/uploads\/2024\/12\/yeowww-manguasjad-kassidele3.jpg","datePublished":"2024-12-31T16:19:56+00:00","breadcrumb":{"@id":"https:\/\/miumjau.ee\/lv\/produkts\/yeowww-spelmanta-ar-kaku-pipari-taurins-zils\/#breadcrumb"},"inLanguage":"lv-LV","potentialAction":[{"@type":"ReadAction","target":["https:\/\/miumjau.ee\/lv\/produkts\/yeowww-spelmanta-ar-kaku-pipari-taurins-zils\/"]}]},{"@type":"ImageObject","inLanguage":"lv-LV","@id":"https:\/\/miumjau.ee\/lv\/produkts\/yeowww-spelmanta-ar-kaku-pipari-taurins-zils\/#primaryimage","url":"https:\/\/miumjau.ee\/wp-content\/uploads\/2024\/12\/yeowww-manguasjad-kassidele3.jpg","contentUrl":"https:\/\/miumjau.ee\/wp-content\/uploads\/2024\/12\/yeowww-manguasjad-kassidele3.jpg","width":600,"height":800},{"@type":"BreadcrumbList","@id":"https:\/\/miumjau.ee\/lv\/produkts\/yeowww-spelmanta-ar-kaku-pipari-taurins-zils\/#breadcrumb","itemListElement":[{"@type":"ListItem","position":1,"name":"Home","item":"https:\/\/miumjau.ee\/lv\/"},{"@type":"ListItem","position":2,"name":"Veikals","item":"https:\/\/miumjau.ee\/lv\/veikals\/"},{"@type":"ListItem","position":3,"name":"Yeowww! Sp\u0113\u013cmanta ar ka\u0137u pipari \u2013 Tauri\u0146\u0161, zils"}]},{"@type":"WebSite","@id":"https:\/\/miumjau.ee\/#website","url":"https:\/\/miumjau.ee\/","name":"MiuMjau","description":"Kraapimispuud kassidele","publisher":{"@id":"https:\/\/miumjau.ee\/#organization"},"potentialAction":[{"@type":"SearchAction","target":{"@type":"EntryPoint","urlTemplate":"https:\/\/miumjau.ee\/?s={search_term_string}"},"query-input":{"@type":"PropertyValueSpecification","valueRequired":true,"valueName":"search_term_string"}}],"inLanguage":"lv-LV"},{"@type":"Organization","@id":"https:\/\/miumjau.ee\/#organization","name":"MiuMjau O\u00dc","url":"https:\/\/miumjau.ee\/","logo":{"@type":"ImageObject","inLanguage":"lv-LV","@id":"https:\/\/miumjau.ee\/#\/schema\/logo\/image\/","url":"https:\/\/miumjau.ee\/wp-content\/uploads\/2022\/04\/MiuMjau-logo-kollane.png","contentUrl":"https:\/\/miumjau.ee\/wp-content\/uploads\/2022\/04\/MiuMjau-logo-kollane.png","width":219,"height":100,"caption":"MiuMjau O\u00dc"},"image":{"@id":"https:\/\/miumjau.ee\/#\/schema\/logo\/image\/"},"sameAs":["https:\/\/www.facebook.com\/miumjaupood\/"]}]}},"_links":{"self":[{"href":"https:\/\/miumjau.ee\/lv\/wp-json\/wp\/v2\/product\/55657","targetHints":{"allow":["GET"]}}],"collection":[{"href":"https:\/\/miumjau.ee\/lv\/wp-json\/wp\/v2\/product"}],"about":[{"href":"https:\/\/miumjau.ee\/lv\/wp-json\/wp\/v2\/types\/product"}],"wp:featuredmedia":[{"embeddable":true,"href":"https:\/\/miumjau.ee\/lv\/wp-json\/wp\/v2\/media\/55658"}],"wp:attachment":[{"href":"https:\/\/miumjau.ee\/lv\/wp-json\/wp\/v2\/media?parent=55657"}],"wp:term":[{"taxonomy":"product_brand","embeddable":true,"href":"https:\/\/miumjau.ee\/lv\/wp-json\/wp\/v2\/product_brand?post=55657"},{"taxonomy":"product_cat","embeddable":true,"href":"https:\/\/miumjau.ee\/lv\/wp-json\/wp\/v2\/product_cat?post=55657"},{"taxonomy":"product_tag","embeddable":true,"href":"https:\/\/miumjau.ee\/lv\/wp-json\/wp\/v2\/product_tag?post=55657"}],"curies":[{"name":"wp","href":"https:\/\/api.w.org\/{rel}","templated":true}]}}