{"id":55655,"date":"2024-12-20T19:10:30","date_gmt":"2024-12-20T17:10:30","guid":{"rendered":"https:\/\/miumjau.ee\/toode\/churu-skidras-uzkodas-kakiem-ar-tunzivim-60x14-g\/"},"modified":"2024-12-20T19:10:30","modified_gmt":"2024-12-20T17:10:30","slug":"churu-skidras-uzkodas-kakiem-ar-tunzivim-60x14-g","status":"publish","type":"product","link":"https:\/\/miumjau.ee\/lv\/produkts\/churu-skidras-uzkodas-kakiem-ar-tunzivim-60x14-g\/","title":{"rendered":"Churu \u0161\u0137idr\u0101s uzkodas ka\u0137iem ar tunziv\u012bm, 60&#215;14\u202fg"},"content":{"rendered":"","protected":false},"excerpt":{"rendered":"<p data-start=\"172\" data-end=\"460\">R\u016bp\u0113jies par savu ka\u0137i ar gardaj\u0101m un sul\u012bgaj\u0101m Churu \u0161\u0137idr\u0101m uzkod\u0101m. Vai m\u0101j\u0101s ir vair\u0101ki ka\u0137i un pat\u0113ri\u0146\u0161 liels? Vai vienk\u0101r\u0161i v\u0113lies pied\u0101v\u0101t savam ka\u0137im da\u017e\u0101d\u012bbu? \u0160is multipakete \u013caus tev vienm\u0113r tur\u0113t lab\u0101k\u0101s uzkodas pie rokas! Ieg\u016bsti sava m\u012b\u013c\u0101 m\u012blu\u013ca sirdi, r\u016bp\u0113joties par vi\u0146u.<\/p>\n<p data-start=\"462\" data-end=\"488\"><strong data-start=\"462\" data-end=\"486\">Recep\u0161u veidi kast\u0113:<\/strong><\/p>\n<ul data-start=\"489\" data-end=\"1566\">\n<li data-section-id=\"rt0wii\" data-start=\"489\" data-end=\"658\">\n<p data-start=\"491\" data-end=\"658\">Tunzivis ar lasi x10: \u016bdens, tunzivis, lasis, tapioka ciete, dabisk\u0101s gar\u0161as, dabisk\u0101 tunzivju gar\u0161a, guar gumija, E vitam\u012bna piedeva, taur\u012bns, za\u013c\u0101s t\u0113jas ekstrakts<\/p>\n<\/li>\n<li data-section-id=\"1qnhq4n\" data-start=\"659\" data-end=\"857\">\n<p data-start=\"661\" data-end=\"857\">Tunzivis ar sieru x10: \u016bdens, tunzivis, siers (piens, \u016bdens, fosforsk\u0101be), tapioka ciete, dabisk\u0101s gar\u0161as, guar gumija, dabisk\u0101 tunzivju gar\u0161a, E vitam\u012bna piedeva, taur\u012bns, za\u013c\u0101s t\u0113jas ekstrakts<\/p>\n<\/li>\n<li data-section-id=\"1bbs1ca\" data-start=\"858\" data-end=\"1041\">\n<p data-start=\"860\" data-end=\"1041\">Tunzivis ar glieme\u017eu gar\u0161u x10: \u016bdens, tunzivis, tapioka ciete, dabisk\u0101s smar\u017eas un gar\u0161as, guar gumija, dabisk\u0101 glieme\u017eu gar\u0161a, E vitam\u012bna piedeva, taur\u012bns, za\u013c\u0101s t\u0113jas ekstrakts<\/p>\n<\/li>\n<li data-section-id=\"ixv0j4\" data-start=\"1042\" data-end=\"1210\">\n<p data-start=\"1044\" data-end=\"1210\">Tunzivis ar krabju gar\u0161u x10: \u016bdens, tunzivis, tapioka ciete, dabisk\u0101s gar\u0161as, guar gumija, dabisk\u0101 krabju gar\u0161a, E vitam\u012bna piedeva, taur\u012bns, za\u013c\u0101s t\u0113jas ekstrakts<\/p>\n<\/li>\n<li data-section-id=\"bf2qmw\" data-start=\"1211\" data-end=\"1377\">\n<p data-start=\"1213\" data-end=\"1377\">Tunzivis ar garnel\u0113m x10: \u016bdens, tunzivis, tapioka ciete, dabisk\u0101s gar\u0161as, guar gumija, dabisk\u0101 garneles gar\u0161a, E vitam\u012bna piedeva, taur\u012bns, za\u013c\u0101s t\u0113jas ekstrakts<\/p>\n<\/li>\n<li data-section-id=\"vu6dzr\" data-start=\"1378\" data-end=\"1566\">\n<p data-start=\"1380\" data-end=\"1566\">Tunzivis ar bonito p\u0101rsl\u0101m x10: \u016bdens, tunzivis, tapioka ciete, dabisk\u0101s gar\u0161as, bonito p\u0101rslas, guar gumija, dabisk\u0101 tunzivju gar\u0161a, E vitam\u012bna piedeva, taur\u012bns, za\u013c\u0101s t\u0113jas ekstrakts<\/p>\n<\/li>\n<\/ul>\n<p data-start=\"1568\" data-end=\"1742\"><strong data-start=\"1568\" data-end=\"1596\">Anal\u012btisk\u0101s sast\u0101vda\u013cas:<\/strong> prote\u012bns (min.) 7,00%, tauki (min.) 0,20%, \u0161\u0137iedrvielas (max.) 0,30%, mitrums (max.) 91,00%, E vitam\u012bns (min.) 310 IU\/kg, taur\u012bns (min.) 0,025%<\/p>\n","protected":false},"featured_media":55645,"template":"","meta":[],"product_brand":[],"product_cat":[570],"product_tag":[],"class_list":{"0":"post-55655","1":"product","2":"type-product","3":"status-publish","4":"has-post-thumbnail","6":"product_cat-naski","8":"first","9":"instock","10":"taxable","11":"shipping-taxable","12":"purchasable","13":"product-type-simple"},"yoast_head":"<!-- This site is optimized with the Yoast SEO plugin v27.4 - https:\/\/yoast.com\/product\/yoast-seo-wordpress\/ -->\n<title>Churu \u0161\u0137idr\u0101s uzkodas ka\u0137iem ar tunziv\u012bm, 60x14\u202fg - MiuMjau<\/title>\n<meta name=\"robots\" content=\"index, follow, max-snippet:-1, max-image-preview:large, max-video-preview:-1\" \/>\n<link rel=\"canonical\" href=\"https:\/\/miumjau.ee\/lv\/produkts\/churu-skidras-uzkodas-kakiem-ar-tunzivim-60x14-g\/\" \/>\n<meta property=\"og:locale\" content=\"lv_LV\" \/>\n<meta property=\"og:type\" content=\"article\" \/>\n<meta property=\"og:title\" content=\"Churu \u0161\u0137idr\u0101s uzkodas ka\u0137iem ar tunziv\u012bm, 60x14\u202fg - MiuMjau\" \/>\n<meta property=\"og:description\" content=\"R\u016bp\u0113jies par savu ka\u0137i ar gardaj\u0101m un sul\u012bgaj\u0101m Churu \u0161\u0137idr\u0101m uzkod\u0101m. Vai m\u0101j\u0101s ir vair\u0101ki ka\u0137i un pat\u0113ri\u0146\u0161 liels? Vai vienk\u0101r\u0161i v\u0113lies pied\u0101v\u0101t savam ka\u0137im da\u017e\u0101d\u012bbu? \u0160is multipakete \u013caus tev vienm\u0113r tur\u0113t lab\u0101k\u0101s uzkodas pie rokas! Ieg\u016bsti sava m\u012b\u013c\u0101 m\u012blu\u013ca sirdi, r\u016bp\u0113joties par vi\u0146u. Recep\u0161u veidi kast\u0113:     Tunzivis ar lasi x10: \u016bdens, tunzivis, lasis, tapioka ciete, dabisk\u0101s gar\u0161as, dabisk\u0101 tunzivju gar\u0161a, guar gumija, E vitam\u012bna piedeva, taur\u012bns, za\u013c\u0101s t\u0113jas ekstrakts    Tunzivis ar sieru x10: \u016bdens, tunzivis, siers (piens, \u016bdens, fosforsk\u0101be), tapioka ciete, dabisk\u0101s gar\u0161as, guar gumija, dabisk\u0101 tunzivju gar\u0161a, E vitam\u012bna piedeva, taur\u012bns, za\u013c\u0101s t\u0113jas ekstrakts    Tunzivis ar glieme\u017eu gar\u0161u x10: \u016bdens, tunzivis, tapioka ciete, dabisk\u0101s smar\u017eas un gar\u0161as, guar gumija, dabisk\u0101 glieme\u017eu gar\u0161a, E vitam\u012bna piedeva, taur\u012bns, za\u013c\u0101s t\u0113jas ekstrakts    Tunzivis ar krabju gar\u0161u x10: \u016bdens, tunzivis, tapioka ciete, dabisk\u0101s gar\u0161as, guar gumija, dabisk\u0101 krabju gar\u0161a, E vitam\u012bna piedeva, taur\u012bns, za\u013c\u0101s t\u0113jas ekstrakts    Tunzivis ar garnel\u0113m x10: \u016bdens, tunzivis, tapioka ciete, dabisk\u0101s gar\u0161as, guar gumija, dabisk\u0101 garneles gar\u0161a, E vitam\u012bna piedeva, taur\u012bns, za\u013c\u0101s t\u0113jas ekstrakts    Tunzivis ar bonito p\u0101rsl\u0101m x10: \u016bdens, tunzivis, tapioka ciete, dabisk\u0101s gar\u0161as, bonito p\u0101rslas, guar gumija, dabisk\u0101 tunzivju gar\u0161a, E vitam\u012bna piedeva, taur\u012bns, za\u013c\u0101s t\u0113jas ekstrakts   Anal\u012btisk\u0101s sast\u0101vda\u013cas: prote\u012bns (min.) 7,00%, tauki (min.) 0,20%, \u0161\u0137iedrvielas (max.) 0,30%, mitrums (max.) 91,00%, E vitam\u012bns (min.) 310 IU\/kg, taur\u012bns (min.) 0,025%\" \/>\n<meta property=\"og:url\" content=\"https:\/\/miumjau.ee\/lv\/produkts\/churu-skidras-uzkodas-kakiem-ar-tunzivim-60x14-g\/\" \/>\n<meta property=\"og:site_name\" content=\"MiuMjau\" \/>\n<meta property=\"article:publisher\" content=\"https:\/\/www.facebook.com\/miumjaupood\/\" \/>\n<meta property=\"og:image\" content=\"https:\/\/miumjau.ee\/wp-content\/uploads\/2024\/12\/churu-vedelmaiuste-valikpakk4.jpg\" \/>\n\t<meta property=\"og:image:width\" content=\"600\" \/>\n\t<meta property=\"og:image:height\" content=\"800\" \/>\n\t<meta property=\"og:image:type\" content=\"image\/jpeg\" \/>\n<meta name=\"twitter:card\" content=\"summary_large_image\" \/>\n<script type=\"application\/ld+json\" class=\"yoast-schema-graph\">{\"@context\":\"https:\\\/\\\/schema.org\",\"@graph\":[{\"@type\":\"WebPage\",\"@id\":\"https:\\\/\\\/miumjau.ee\\\/lv\\\/produkts\\\/churu-skidras-uzkodas-kakiem-ar-tunzivim-60x14-g\\\/\",\"url\":\"https:\\\/\\\/miumjau.ee\\\/lv\\\/produkts\\\/churu-skidras-uzkodas-kakiem-ar-tunzivim-60x14-g\\\/\",\"name\":\"Churu \u0161\u0137idr\u0101s uzkodas ka\u0137iem ar tunziv\u012bm, 60x14\u202fg - MiuMjau\",\"isPartOf\":{\"@id\":\"https:\\\/\\\/miumjau.ee\\\/#website\"},\"primaryImageOfPage\":{\"@id\":\"https:\\\/\\\/miumjau.ee\\\/lv\\\/produkts\\\/churu-skidras-uzkodas-kakiem-ar-tunzivim-60x14-g\\\/#primaryimage\"},\"image\":{\"@id\":\"https:\\\/\\\/miumjau.ee\\\/lv\\\/produkts\\\/churu-skidras-uzkodas-kakiem-ar-tunzivim-60x14-g\\\/#primaryimage\"},\"thumbnailUrl\":\"https:\\\/\\\/miumjau.ee\\\/wp-content\\\/uploads\\\/2024\\\/12\\\/churu-vedelmaiuste-valikpakk4.jpg\",\"datePublished\":\"2024-12-20T17:10:30+00:00\",\"breadcrumb\":{\"@id\":\"https:\\\/\\\/miumjau.ee\\\/lv\\\/produkts\\\/churu-skidras-uzkodas-kakiem-ar-tunzivim-60x14-g\\\/#breadcrumb\"},\"inLanguage\":\"lv-LV\",\"potentialAction\":[{\"@type\":\"ReadAction\",\"target\":[\"https:\\\/\\\/miumjau.ee\\\/lv\\\/produkts\\\/churu-skidras-uzkodas-kakiem-ar-tunzivim-60x14-g\\\/\"]}]},{\"@type\":\"ImageObject\",\"inLanguage\":\"lv-LV\",\"@id\":\"https:\\\/\\\/miumjau.ee\\\/lv\\\/produkts\\\/churu-skidras-uzkodas-kakiem-ar-tunzivim-60x14-g\\\/#primaryimage\",\"url\":\"https:\\\/\\\/miumjau.ee\\\/wp-content\\\/uploads\\\/2024\\\/12\\\/churu-vedelmaiuste-valikpakk4.jpg\",\"contentUrl\":\"https:\\\/\\\/miumjau.ee\\\/wp-content\\\/uploads\\\/2024\\\/12\\\/churu-vedelmaiuste-valikpakk4.jpg\",\"width\":600,\"height\":800},{\"@type\":\"BreadcrumbList\",\"@id\":\"https:\\\/\\\/miumjau.ee\\\/lv\\\/produkts\\\/churu-skidras-uzkodas-kakiem-ar-tunzivim-60x14-g\\\/#breadcrumb\",\"itemListElement\":[{\"@type\":\"ListItem\",\"position\":1,\"name\":\"Home\",\"item\":\"https:\\\/\\\/miumjau.ee\\\/lv\\\/\"},{\"@type\":\"ListItem\",\"position\":2,\"name\":\"Veikals\",\"item\":\"https:\\\/\\\/miumjau.ee\\\/lv\\\/veikals\\\/\"},{\"@type\":\"ListItem\",\"position\":3,\"name\":\"Churu \u0161\u0137idr\u0101s uzkodas ka\u0137iem ar tunziv\u012bm, 60&#215;14\u202fg\"}]},{\"@type\":\"WebSite\",\"@id\":\"https:\\\/\\\/miumjau.ee\\\/#website\",\"url\":\"https:\\\/\\\/miumjau.ee\\\/\",\"name\":\"MiuMjau\",\"description\":\"Kraapimispuud kassidele\",\"publisher\":{\"@id\":\"https:\\\/\\\/miumjau.ee\\\/#organization\"},\"potentialAction\":[{\"@type\":\"SearchAction\",\"target\":{\"@type\":\"EntryPoint\",\"urlTemplate\":\"https:\\\/\\\/miumjau.ee\\\/?s={search_term_string}\"},\"query-input\":{\"@type\":\"PropertyValueSpecification\",\"valueRequired\":true,\"valueName\":\"search_term_string\"}}],\"inLanguage\":\"lv-LV\"},{\"@type\":\"Organization\",\"@id\":\"https:\\\/\\\/miumjau.ee\\\/#organization\",\"name\":\"MiuMjau O\u00dc\",\"url\":\"https:\\\/\\\/miumjau.ee\\\/\",\"logo\":{\"@type\":\"ImageObject\",\"inLanguage\":\"lv-LV\",\"@id\":\"https:\\\/\\\/miumjau.ee\\\/#\\\/schema\\\/logo\\\/image\\\/\",\"url\":\"https:\\\/\\\/miumjau.ee\\\/wp-content\\\/uploads\\\/2022\\\/04\\\/MiuMjau-logo-kollane.png\",\"contentUrl\":\"https:\\\/\\\/miumjau.ee\\\/wp-content\\\/uploads\\\/2022\\\/04\\\/MiuMjau-logo-kollane.png\",\"width\":219,\"height\":100,\"caption\":\"MiuMjau O\u00dc\"},\"image\":{\"@id\":\"https:\\\/\\\/miumjau.ee\\\/#\\\/schema\\\/logo\\\/image\\\/\"},\"sameAs\":[\"https:\\\/\\\/www.facebook.com\\\/miumjaupood\\\/\"]}]}<\/script>\n<!-- \/ Yoast SEO plugin. -->","yoast_head_json":{"title":"Churu \u0161\u0137idr\u0101s uzkodas ka\u0137iem ar tunziv\u012bm, 60x14\u202fg - MiuMjau","robots":{"index":"index","follow":"follow","max-snippet":"max-snippet:-1","max-image-preview":"max-image-preview:large","max-video-preview":"max-video-preview:-1"},"canonical":"https:\/\/miumjau.ee\/lv\/produkts\/churu-skidras-uzkodas-kakiem-ar-tunzivim-60x14-g\/","og_locale":"lv_LV","og_type":"article","og_title":"Churu \u0161\u0137idr\u0101s uzkodas ka\u0137iem ar tunziv\u012bm, 60x14\u202fg - MiuMjau","og_description":"R\u016bp\u0113jies par savu ka\u0137i ar gardaj\u0101m un sul\u012bgaj\u0101m Churu \u0161\u0137idr\u0101m uzkod\u0101m. Vai m\u0101j\u0101s ir vair\u0101ki ka\u0137i un pat\u0113ri\u0146\u0161 liels? Vai vienk\u0101r\u0161i v\u0113lies pied\u0101v\u0101t savam ka\u0137im da\u017e\u0101d\u012bbu? \u0160is multipakete \u013caus tev vienm\u0113r tur\u0113t lab\u0101k\u0101s uzkodas pie rokas! Ieg\u016bsti sava m\u012b\u013c\u0101 m\u012blu\u013ca sirdi, r\u016bp\u0113joties par vi\u0146u. Recep\u0161u veidi kast\u0113:     Tunzivis ar lasi x10: \u016bdens, tunzivis, lasis, tapioka ciete, dabisk\u0101s gar\u0161as, dabisk\u0101 tunzivju gar\u0161a, guar gumija, E vitam\u012bna piedeva, taur\u012bns, za\u013c\u0101s t\u0113jas ekstrakts    Tunzivis ar sieru x10: \u016bdens, tunzivis, siers (piens, \u016bdens, fosforsk\u0101be), tapioka ciete, dabisk\u0101s gar\u0161as, guar gumija, dabisk\u0101 tunzivju gar\u0161a, E vitam\u012bna piedeva, taur\u012bns, za\u013c\u0101s t\u0113jas ekstrakts    Tunzivis ar glieme\u017eu gar\u0161u x10: \u016bdens, tunzivis, tapioka ciete, dabisk\u0101s smar\u017eas un gar\u0161as, guar gumija, dabisk\u0101 glieme\u017eu gar\u0161a, E vitam\u012bna piedeva, taur\u012bns, za\u013c\u0101s t\u0113jas ekstrakts    Tunzivis ar krabju gar\u0161u x10: \u016bdens, tunzivis, tapioka ciete, dabisk\u0101s gar\u0161as, guar gumija, dabisk\u0101 krabju gar\u0161a, E vitam\u012bna piedeva, taur\u012bns, za\u013c\u0101s t\u0113jas ekstrakts    Tunzivis ar garnel\u0113m x10: \u016bdens, tunzivis, tapioka ciete, dabisk\u0101s gar\u0161as, guar gumija, dabisk\u0101 garneles gar\u0161a, E vitam\u012bna piedeva, taur\u012bns, za\u013c\u0101s t\u0113jas ekstrakts    Tunzivis ar bonito p\u0101rsl\u0101m x10: \u016bdens, tunzivis, tapioka ciete, dabisk\u0101s gar\u0161as, bonito p\u0101rslas, guar gumija, dabisk\u0101 tunzivju gar\u0161a, E vitam\u012bna piedeva, taur\u012bns, za\u013c\u0101s t\u0113jas ekstrakts   Anal\u012btisk\u0101s sast\u0101vda\u013cas: prote\u012bns (min.) 7,00%, tauki (min.) 0,20%, \u0161\u0137iedrvielas (max.) 0,30%, mitrums (max.) 91,00%, E vitam\u012bns (min.) 310 IU\/kg, taur\u012bns (min.) 0,025%","og_url":"https:\/\/miumjau.ee\/lv\/produkts\/churu-skidras-uzkodas-kakiem-ar-tunzivim-60x14-g\/","og_site_name":"MiuMjau","article_publisher":"https:\/\/www.facebook.com\/miumjaupood\/","og_image":[{"width":600,"height":800,"url":"https:\/\/miumjau.ee\/wp-content\/uploads\/2024\/12\/churu-vedelmaiuste-valikpakk4.jpg","type":"image\/jpeg"}],"twitter_card":"summary_large_image","schema":{"@context":"https:\/\/schema.org","@graph":[{"@type":"WebPage","@id":"https:\/\/miumjau.ee\/lv\/produkts\/churu-skidras-uzkodas-kakiem-ar-tunzivim-60x14-g\/","url":"https:\/\/miumjau.ee\/lv\/produkts\/churu-skidras-uzkodas-kakiem-ar-tunzivim-60x14-g\/","name":"Churu \u0161\u0137idr\u0101s uzkodas ka\u0137iem ar tunziv\u012bm, 60x14\u202fg - MiuMjau","isPartOf":{"@id":"https:\/\/miumjau.ee\/#website"},"primaryImageOfPage":{"@id":"https:\/\/miumjau.ee\/lv\/produkts\/churu-skidras-uzkodas-kakiem-ar-tunzivim-60x14-g\/#primaryimage"},"image":{"@id":"https:\/\/miumjau.ee\/lv\/produkts\/churu-skidras-uzkodas-kakiem-ar-tunzivim-60x14-g\/#primaryimage"},"thumbnailUrl":"https:\/\/miumjau.ee\/wp-content\/uploads\/2024\/12\/churu-vedelmaiuste-valikpakk4.jpg","datePublished":"2024-12-20T17:10:30+00:00","breadcrumb":{"@id":"https:\/\/miumjau.ee\/lv\/produkts\/churu-skidras-uzkodas-kakiem-ar-tunzivim-60x14-g\/#breadcrumb"},"inLanguage":"lv-LV","potentialAction":[{"@type":"ReadAction","target":["https:\/\/miumjau.ee\/lv\/produkts\/churu-skidras-uzkodas-kakiem-ar-tunzivim-60x14-g\/"]}]},{"@type":"ImageObject","inLanguage":"lv-LV","@id":"https:\/\/miumjau.ee\/lv\/produkts\/churu-skidras-uzkodas-kakiem-ar-tunzivim-60x14-g\/#primaryimage","url":"https:\/\/miumjau.ee\/wp-content\/uploads\/2024\/12\/churu-vedelmaiuste-valikpakk4.jpg","contentUrl":"https:\/\/miumjau.ee\/wp-content\/uploads\/2024\/12\/churu-vedelmaiuste-valikpakk4.jpg","width":600,"height":800},{"@type":"BreadcrumbList","@id":"https:\/\/miumjau.ee\/lv\/produkts\/churu-skidras-uzkodas-kakiem-ar-tunzivim-60x14-g\/#breadcrumb","itemListElement":[{"@type":"ListItem","position":1,"name":"Home","item":"https:\/\/miumjau.ee\/lv\/"},{"@type":"ListItem","position":2,"name":"Veikals","item":"https:\/\/miumjau.ee\/lv\/veikals\/"},{"@type":"ListItem","position":3,"name":"Churu \u0161\u0137idr\u0101s uzkodas ka\u0137iem ar tunziv\u012bm, 60&#215;14\u202fg"}]},{"@type":"WebSite","@id":"https:\/\/miumjau.ee\/#website","url":"https:\/\/miumjau.ee\/","name":"MiuMjau","description":"Kraapimispuud kassidele","publisher":{"@id":"https:\/\/miumjau.ee\/#organization"},"potentialAction":[{"@type":"SearchAction","target":{"@type":"EntryPoint","urlTemplate":"https:\/\/miumjau.ee\/?s={search_term_string}"},"query-input":{"@type":"PropertyValueSpecification","valueRequired":true,"valueName":"search_term_string"}}],"inLanguage":"lv-LV"},{"@type":"Organization","@id":"https:\/\/miumjau.ee\/#organization","name":"MiuMjau O\u00dc","url":"https:\/\/miumjau.ee\/","logo":{"@type":"ImageObject","inLanguage":"lv-LV","@id":"https:\/\/miumjau.ee\/#\/schema\/logo\/image\/","url":"https:\/\/miumjau.ee\/wp-content\/uploads\/2022\/04\/MiuMjau-logo-kollane.png","contentUrl":"https:\/\/miumjau.ee\/wp-content\/uploads\/2022\/04\/MiuMjau-logo-kollane.png","width":219,"height":100,"caption":"MiuMjau O\u00dc"},"image":{"@id":"https:\/\/miumjau.ee\/#\/schema\/logo\/image\/"},"sameAs":["https:\/\/www.facebook.com\/miumjaupood\/"]}]}},"_links":{"self":[{"href":"https:\/\/miumjau.ee\/lv\/wp-json\/wp\/v2\/product\/55655","targetHints":{"allow":["GET"]}}],"collection":[{"href":"https:\/\/miumjau.ee\/lv\/wp-json\/wp\/v2\/product"}],"about":[{"href":"https:\/\/miumjau.ee\/lv\/wp-json\/wp\/v2\/types\/product"}],"wp:featuredmedia":[{"embeddable":true,"href":"https:\/\/miumjau.ee\/lv\/wp-json\/wp\/v2\/media\/55645"}],"wp:attachment":[{"href":"https:\/\/miumjau.ee\/lv\/wp-json\/wp\/v2\/media?parent=55655"}],"wp:term":[{"taxonomy":"product_brand","embeddable":true,"href":"https:\/\/miumjau.ee\/lv\/wp-json\/wp\/v2\/product_brand?post=55655"},{"taxonomy":"product_cat","embeddable":true,"href":"https:\/\/miumjau.ee\/lv\/wp-json\/wp\/v2\/product_cat?post=55655"},{"taxonomy":"product_tag","embeddable":true,"href":"https:\/\/miumjau.ee\/lv\/wp-json\/wp\/v2\/product_tag?post=55655"}],"curies":[{"name":"wp","href":"https:\/\/api.w.org\/{rel}","templated":true}]}}