{"id":55653,"date":"2024-12-20T19:08:00","date_gmt":"2024-12-20T17:08:00","guid":{"rendered":"https:\/\/miumjau.ee\/toode\/churu-skidras-uzkodas-kakiem-ar-tunzivim-20x14-g\/"},"modified":"2024-12-20T19:08:00","modified_gmt":"2024-12-20T17:08:00","slug":"churu-skidras-uzkodas-kakiem-ar-tunzivim-20x14-g","status":"publish","type":"product","link":"https:\/\/miumjau.ee\/lv\/produkts\/churu-skidras-uzkodas-kakiem-ar-tunzivim-20x14-g\/","title":{"rendered":"Churu \u0161\u0137idr\u0101s uzkodas ka\u0137iem ar tunziv\u012bm, 20&#215;14\u202fg"},"content":{"rendered":"","protected":false},"excerpt":{"rendered":"<p data-start=\"172\" data-end=\"460\">R\u016bp\u0113jies par savu ka\u0137i ar gardaj\u0101m un sul\u012bgaj\u0101m Churu \u0161\u0137idr\u0101m uzkod\u0101m. Vai m\u0101j\u0101s ir vair\u0101ki ka\u0137i un pat\u0113ri\u0146\u0161 liels? Vai vienk\u0101r\u0161i v\u0113lies pied\u0101v\u0101t savam ka\u0137im da\u017e\u0101d\u012bbu? \u0160is multipakete \u013caus tev vienm\u0113r tur\u0113t lab\u0101k\u0101s uzkodas pie rokas! Ieg\u016bsti sava m\u012b\u013c\u0101 m\u012blu\u013ca sirdi, r\u016bp\u0113joties par vi\u0146u.<\/p>\n<p data-start=\"462\" data-end=\"488\"><strong data-start=\"462\" data-end=\"486\">Recep\u0161u veidi kast\u0113:<\/strong><\/p>\n<ul data-start=\"489\" data-end=\"1188\">\n<li data-section-id=\"v52kle\" data-start=\"489\" data-end=\"642\">\n<p data-start=\"491\" data-end=\"642\">Tunzivis x5: \u016bdens, tunzivis, tapioka ciete, dabisk\u0101s gar\u0161as, guar gumija, dabisk\u0101 tunzivju gar\u0161a, E vitam\u012bna piedeva, taur\u012bns, za\u013c\u0101s t\u0113jas ekstrakts<\/p>\n<\/li>\n<li data-section-id=\"f4ixzd\" data-start=\"643\" data-end=\"812\">\n<p data-start=\"645\" data-end=\"812\">Tunzivis ar vistu x5: \u016bdens, tunzivis, vista, tapioka ciete, dabisk\u0101s gar\u0161as, guar gumija, dabisk\u0101 tunzivju gar\u0161a, E vitam\u012bna piedeva, taur\u012bns, za\u013c\u0101s t\u0113jas ekstrakts<\/p>\n<\/li>\n<li data-section-id=\"1m8dtxg\" data-start=\"813\" data-end=\"990\">\n<p data-start=\"815\" data-end=\"990\">Tunzivis ar glieme\u017eiem x5: \u016bdens, tunzivis, tapioka ciete, glieme\u017ei, dabisk\u0101 glieme\u017eu gar\u0161a, dabisk\u0101s gar\u0161as, guar gumija, E vitam\u012bna piedeva, taur\u012bns, za\u013c\u0101s t\u0113jas ekstrakts<\/p>\n<\/li>\n<li data-section-id=\"5wjdtf\" data-start=\"991\" data-end=\"1188\">\n<p data-start=\"993\" data-end=\"1188\">Tunzivis ar sieru x5: \u016bdens, tunzivis, siers (piens, \u016bdens, fosforsk\u0101be), tapioka ciete, dabisk\u0101s gar\u0161as, guar gumija, dabisk\u0101 tunzivju gar\u0161a, E vitam\u012bna piedeva, taur\u012bns, za\u013c\u0101s t\u0113jas ekstrakts<\/p>\n<\/li>\n<\/ul>\n<p data-start=\"1190\" data-end=\"1364\"><strong data-start=\"1190\" data-end=\"1218\">Anal\u012btisk\u0101s sast\u0101vda\u013cas:<\/strong> prote\u012bns (min.) 7,00%, tauki (min.) 0,20%, \u0161\u0137iedrvielas (max.) 0,30%, mitrums (max.) 91,00%, E vitam\u012bns (min.) 310 IU\/kg, taur\u012bns (min.) 0,025%<\/p>\n","protected":false},"featured_media":55643,"template":"","meta":[],"product_brand":[],"product_cat":[570],"product_tag":[],"class_list":{"0":"post-55653","1":"product","2":"type-product","3":"status-publish","4":"has-post-thumbnail","6":"product_cat-naski","8":"first","9":"instock","10":"taxable","11":"shipping-taxable","12":"purchasable","13":"product-type-simple"},"yoast_head":"<!-- This site is optimized with the Yoast SEO plugin v27.4 - https:\/\/yoast.com\/product\/yoast-seo-wordpress\/ -->\n<title>Churu \u0161\u0137idr\u0101s uzkodas ka\u0137iem ar tunziv\u012bm, 20x14\u202fg - MiuMjau<\/title>\n<meta name=\"robots\" content=\"index, follow, max-snippet:-1, max-image-preview:large, max-video-preview:-1\" \/>\n<link rel=\"canonical\" href=\"https:\/\/miumjau.ee\/lv\/produkts\/churu-skidras-uzkodas-kakiem-ar-tunzivim-20x14-g\/\" \/>\n<meta property=\"og:locale\" content=\"lv_LV\" \/>\n<meta property=\"og:type\" content=\"article\" \/>\n<meta property=\"og:title\" content=\"Churu \u0161\u0137idr\u0101s uzkodas ka\u0137iem ar tunziv\u012bm, 20x14\u202fg - MiuMjau\" \/>\n<meta property=\"og:description\" content=\"R\u016bp\u0113jies par savu ka\u0137i ar gardaj\u0101m un sul\u012bgaj\u0101m Churu \u0161\u0137idr\u0101m uzkod\u0101m. Vai m\u0101j\u0101s ir vair\u0101ki ka\u0137i un pat\u0113ri\u0146\u0161 liels? Vai vienk\u0101r\u0161i v\u0113lies pied\u0101v\u0101t savam ka\u0137im da\u017e\u0101d\u012bbu? \u0160is multipakete \u013caus tev vienm\u0113r tur\u0113t lab\u0101k\u0101s uzkodas pie rokas! Ieg\u016bsti sava m\u012b\u013c\u0101 m\u012blu\u013ca sirdi, r\u016bp\u0113joties par vi\u0146u. Recep\u0161u veidi kast\u0113:     Tunzivis x5: \u016bdens, tunzivis, tapioka ciete, dabisk\u0101s gar\u0161as, guar gumija, dabisk\u0101 tunzivju gar\u0161a, E vitam\u012bna piedeva, taur\u012bns, za\u013c\u0101s t\u0113jas ekstrakts    Tunzivis ar vistu x5: \u016bdens, tunzivis, vista, tapioka ciete, dabisk\u0101s gar\u0161as, guar gumija, dabisk\u0101 tunzivju gar\u0161a, E vitam\u012bna piedeva, taur\u012bns, za\u013c\u0101s t\u0113jas ekstrakts    Tunzivis ar glieme\u017eiem x5: \u016bdens, tunzivis, tapioka ciete, glieme\u017ei, dabisk\u0101 glieme\u017eu gar\u0161a, dabisk\u0101s gar\u0161as, guar gumija, E vitam\u012bna piedeva, taur\u012bns, za\u013c\u0101s t\u0113jas ekstrakts    Tunzivis ar sieru x5: \u016bdens, tunzivis, siers (piens, \u016bdens, fosforsk\u0101be), tapioka ciete, dabisk\u0101s gar\u0161as, guar gumija, dabisk\u0101 tunzivju gar\u0161a, E vitam\u012bna piedeva, taur\u012bns, za\u013c\u0101s t\u0113jas ekstrakts   Anal\u012btisk\u0101s sast\u0101vda\u013cas: prote\u012bns (min.) 7,00%, tauki (min.) 0,20%, \u0161\u0137iedrvielas (max.) 0,30%, mitrums (max.) 91,00%, E vitam\u012bns (min.) 310 IU\/kg, taur\u012bns (min.) 0,025%\" \/>\n<meta property=\"og:url\" content=\"https:\/\/miumjau.ee\/lv\/produkts\/churu-skidras-uzkodas-kakiem-ar-tunzivim-20x14-g\/\" \/>\n<meta property=\"og:site_name\" content=\"MiuMjau\" \/>\n<meta property=\"article:publisher\" content=\"https:\/\/www.facebook.com\/miumjaupood\/\" \/>\n<meta property=\"og:image\" content=\"https:\/\/miumjau.ee\/wp-content\/uploads\/2024\/12\/churu-vedelmaiuste-valikpakk2.jpg\" \/>\n\t<meta property=\"og:image:width\" content=\"600\" \/>\n\t<meta property=\"og:image:height\" content=\"800\" \/>\n\t<meta property=\"og:image:type\" content=\"image\/jpeg\" \/>\n<meta name=\"twitter:card\" content=\"summary_large_image\" \/>\n<script type=\"application\/ld+json\" class=\"yoast-schema-graph\">{\"@context\":\"https:\\\/\\\/schema.org\",\"@graph\":[{\"@type\":\"WebPage\",\"@id\":\"https:\\\/\\\/miumjau.ee\\\/lv\\\/produkts\\\/churu-skidras-uzkodas-kakiem-ar-tunzivim-20x14-g\\\/\",\"url\":\"https:\\\/\\\/miumjau.ee\\\/lv\\\/produkts\\\/churu-skidras-uzkodas-kakiem-ar-tunzivim-20x14-g\\\/\",\"name\":\"Churu \u0161\u0137idr\u0101s uzkodas ka\u0137iem ar tunziv\u012bm, 20x14\u202fg - MiuMjau\",\"isPartOf\":{\"@id\":\"https:\\\/\\\/miumjau.ee\\\/#website\"},\"primaryImageOfPage\":{\"@id\":\"https:\\\/\\\/miumjau.ee\\\/lv\\\/produkts\\\/churu-skidras-uzkodas-kakiem-ar-tunzivim-20x14-g\\\/#primaryimage\"},\"image\":{\"@id\":\"https:\\\/\\\/miumjau.ee\\\/lv\\\/produkts\\\/churu-skidras-uzkodas-kakiem-ar-tunzivim-20x14-g\\\/#primaryimage\"},\"thumbnailUrl\":\"https:\\\/\\\/miumjau.ee\\\/wp-content\\\/uploads\\\/2024\\\/12\\\/churu-vedelmaiuste-valikpakk2.jpg\",\"datePublished\":\"2024-12-20T17:08:00+00:00\",\"breadcrumb\":{\"@id\":\"https:\\\/\\\/miumjau.ee\\\/lv\\\/produkts\\\/churu-skidras-uzkodas-kakiem-ar-tunzivim-20x14-g\\\/#breadcrumb\"},\"inLanguage\":\"lv-LV\",\"potentialAction\":[{\"@type\":\"ReadAction\",\"target\":[\"https:\\\/\\\/miumjau.ee\\\/lv\\\/produkts\\\/churu-skidras-uzkodas-kakiem-ar-tunzivim-20x14-g\\\/\"]}]},{\"@type\":\"ImageObject\",\"inLanguage\":\"lv-LV\",\"@id\":\"https:\\\/\\\/miumjau.ee\\\/lv\\\/produkts\\\/churu-skidras-uzkodas-kakiem-ar-tunzivim-20x14-g\\\/#primaryimage\",\"url\":\"https:\\\/\\\/miumjau.ee\\\/wp-content\\\/uploads\\\/2024\\\/12\\\/churu-vedelmaiuste-valikpakk2.jpg\",\"contentUrl\":\"https:\\\/\\\/miumjau.ee\\\/wp-content\\\/uploads\\\/2024\\\/12\\\/churu-vedelmaiuste-valikpakk2.jpg\",\"width\":600,\"height\":800},{\"@type\":\"BreadcrumbList\",\"@id\":\"https:\\\/\\\/miumjau.ee\\\/lv\\\/produkts\\\/churu-skidras-uzkodas-kakiem-ar-tunzivim-20x14-g\\\/#breadcrumb\",\"itemListElement\":[{\"@type\":\"ListItem\",\"position\":1,\"name\":\"Home\",\"item\":\"https:\\\/\\\/miumjau.ee\\\/lv\\\/\"},{\"@type\":\"ListItem\",\"position\":2,\"name\":\"Veikals\",\"item\":\"https:\\\/\\\/miumjau.ee\\\/lv\\\/veikals\\\/\"},{\"@type\":\"ListItem\",\"position\":3,\"name\":\"Churu \u0161\u0137idr\u0101s uzkodas ka\u0137iem ar tunziv\u012bm, 20&#215;14\u202fg\"}]},{\"@type\":\"WebSite\",\"@id\":\"https:\\\/\\\/miumjau.ee\\\/#website\",\"url\":\"https:\\\/\\\/miumjau.ee\\\/\",\"name\":\"MiuMjau\",\"description\":\"Kraapimispuud kassidele\",\"publisher\":{\"@id\":\"https:\\\/\\\/miumjau.ee\\\/#organization\"},\"potentialAction\":[{\"@type\":\"SearchAction\",\"target\":{\"@type\":\"EntryPoint\",\"urlTemplate\":\"https:\\\/\\\/miumjau.ee\\\/?s={search_term_string}\"},\"query-input\":{\"@type\":\"PropertyValueSpecification\",\"valueRequired\":true,\"valueName\":\"search_term_string\"}}],\"inLanguage\":\"lv-LV\"},{\"@type\":\"Organization\",\"@id\":\"https:\\\/\\\/miumjau.ee\\\/#organization\",\"name\":\"MiuMjau O\u00dc\",\"url\":\"https:\\\/\\\/miumjau.ee\\\/\",\"logo\":{\"@type\":\"ImageObject\",\"inLanguage\":\"lv-LV\",\"@id\":\"https:\\\/\\\/miumjau.ee\\\/#\\\/schema\\\/logo\\\/image\\\/\",\"url\":\"https:\\\/\\\/miumjau.ee\\\/wp-content\\\/uploads\\\/2022\\\/04\\\/MiuMjau-logo-kollane.png\",\"contentUrl\":\"https:\\\/\\\/miumjau.ee\\\/wp-content\\\/uploads\\\/2022\\\/04\\\/MiuMjau-logo-kollane.png\",\"width\":219,\"height\":100,\"caption\":\"MiuMjau O\u00dc\"},\"image\":{\"@id\":\"https:\\\/\\\/miumjau.ee\\\/#\\\/schema\\\/logo\\\/image\\\/\"},\"sameAs\":[\"https:\\\/\\\/www.facebook.com\\\/miumjaupood\\\/\"]}]}<\/script>\n<!-- \/ Yoast SEO plugin. -->","yoast_head_json":{"title":"Churu \u0161\u0137idr\u0101s uzkodas ka\u0137iem ar tunziv\u012bm, 20x14\u202fg - MiuMjau","robots":{"index":"index","follow":"follow","max-snippet":"max-snippet:-1","max-image-preview":"max-image-preview:large","max-video-preview":"max-video-preview:-1"},"canonical":"https:\/\/miumjau.ee\/lv\/produkts\/churu-skidras-uzkodas-kakiem-ar-tunzivim-20x14-g\/","og_locale":"lv_LV","og_type":"article","og_title":"Churu \u0161\u0137idr\u0101s uzkodas ka\u0137iem ar tunziv\u012bm, 20x14\u202fg - MiuMjau","og_description":"R\u016bp\u0113jies par savu ka\u0137i ar gardaj\u0101m un sul\u012bgaj\u0101m Churu \u0161\u0137idr\u0101m uzkod\u0101m. Vai m\u0101j\u0101s ir vair\u0101ki ka\u0137i un pat\u0113ri\u0146\u0161 liels? Vai vienk\u0101r\u0161i v\u0113lies pied\u0101v\u0101t savam ka\u0137im da\u017e\u0101d\u012bbu? \u0160is multipakete \u013caus tev vienm\u0113r tur\u0113t lab\u0101k\u0101s uzkodas pie rokas! Ieg\u016bsti sava m\u012b\u013c\u0101 m\u012blu\u013ca sirdi, r\u016bp\u0113joties par vi\u0146u. Recep\u0161u veidi kast\u0113:     Tunzivis x5: \u016bdens, tunzivis, tapioka ciete, dabisk\u0101s gar\u0161as, guar gumija, dabisk\u0101 tunzivju gar\u0161a, E vitam\u012bna piedeva, taur\u012bns, za\u013c\u0101s t\u0113jas ekstrakts    Tunzivis ar vistu x5: \u016bdens, tunzivis, vista, tapioka ciete, dabisk\u0101s gar\u0161as, guar gumija, dabisk\u0101 tunzivju gar\u0161a, E vitam\u012bna piedeva, taur\u012bns, za\u013c\u0101s t\u0113jas ekstrakts    Tunzivis ar glieme\u017eiem x5: \u016bdens, tunzivis, tapioka ciete, glieme\u017ei, dabisk\u0101 glieme\u017eu gar\u0161a, dabisk\u0101s gar\u0161as, guar gumija, E vitam\u012bna piedeva, taur\u012bns, za\u013c\u0101s t\u0113jas ekstrakts    Tunzivis ar sieru x5: \u016bdens, tunzivis, siers (piens, \u016bdens, fosforsk\u0101be), tapioka ciete, dabisk\u0101s gar\u0161as, guar gumija, dabisk\u0101 tunzivju gar\u0161a, E vitam\u012bna piedeva, taur\u012bns, za\u013c\u0101s t\u0113jas ekstrakts   Anal\u012btisk\u0101s sast\u0101vda\u013cas: prote\u012bns (min.) 7,00%, tauki (min.) 0,20%, \u0161\u0137iedrvielas (max.) 0,30%, mitrums (max.) 91,00%, E vitam\u012bns (min.) 310 IU\/kg, taur\u012bns (min.) 0,025%","og_url":"https:\/\/miumjau.ee\/lv\/produkts\/churu-skidras-uzkodas-kakiem-ar-tunzivim-20x14-g\/","og_site_name":"MiuMjau","article_publisher":"https:\/\/www.facebook.com\/miumjaupood\/","og_image":[{"width":600,"height":800,"url":"https:\/\/miumjau.ee\/wp-content\/uploads\/2024\/12\/churu-vedelmaiuste-valikpakk2.jpg","type":"image\/jpeg"}],"twitter_card":"summary_large_image","schema":{"@context":"https:\/\/schema.org","@graph":[{"@type":"WebPage","@id":"https:\/\/miumjau.ee\/lv\/produkts\/churu-skidras-uzkodas-kakiem-ar-tunzivim-20x14-g\/","url":"https:\/\/miumjau.ee\/lv\/produkts\/churu-skidras-uzkodas-kakiem-ar-tunzivim-20x14-g\/","name":"Churu \u0161\u0137idr\u0101s uzkodas ka\u0137iem ar tunziv\u012bm, 20x14\u202fg - MiuMjau","isPartOf":{"@id":"https:\/\/miumjau.ee\/#website"},"primaryImageOfPage":{"@id":"https:\/\/miumjau.ee\/lv\/produkts\/churu-skidras-uzkodas-kakiem-ar-tunzivim-20x14-g\/#primaryimage"},"image":{"@id":"https:\/\/miumjau.ee\/lv\/produkts\/churu-skidras-uzkodas-kakiem-ar-tunzivim-20x14-g\/#primaryimage"},"thumbnailUrl":"https:\/\/miumjau.ee\/wp-content\/uploads\/2024\/12\/churu-vedelmaiuste-valikpakk2.jpg","datePublished":"2024-12-20T17:08:00+00:00","breadcrumb":{"@id":"https:\/\/miumjau.ee\/lv\/produkts\/churu-skidras-uzkodas-kakiem-ar-tunzivim-20x14-g\/#breadcrumb"},"inLanguage":"lv-LV","potentialAction":[{"@type":"ReadAction","target":["https:\/\/miumjau.ee\/lv\/produkts\/churu-skidras-uzkodas-kakiem-ar-tunzivim-20x14-g\/"]}]},{"@type":"ImageObject","inLanguage":"lv-LV","@id":"https:\/\/miumjau.ee\/lv\/produkts\/churu-skidras-uzkodas-kakiem-ar-tunzivim-20x14-g\/#primaryimage","url":"https:\/\/miumjau.ee\/wp-content\/uploads\/2024\/12\/churu-vedelmaiuste-valikpakk2.jpg","contentUrl":"https:\/\/miumjau.ee\/wp-content\/uploads\/2024\/12\/churu-vedelmaiuste-valikpakk2.jpg","width":600,"height":800},{"@type":"BreadcrumbList","@id":"https:\/\/miumjau.ee\/lv\/produkts\/churu-skidras-uzkodas-kakiem-ar-tunzivim-20x14-g\/#breadcrumb","itemListElement":[{"@type":"ListItem","position":1,"name":"Home","item":"https:\/\/miumjau.ee\/lv\/"},{"@type":"ListItem","position":2,"name":"Veikals","item":"https:\/\/miumjau.ee\/lv\/veikals\/"},{"@type":"ListItem","position":3,"name":"Churu \u0161\u0137idr\u0101s uzkodas ka\u0137iem ar tunziv\u012bm, 20&#215;14\u202fg"}]},{"@type":"WebSite","@id":"https:\/\/miumjau.ee\/#website","url":"https:\/\/miumjau.ee\/","name":"MiuMjau","description":"Kraapimispuud kassidele","publisher":{"@id":"https:\/\/miumjau.ee\/#organization"},"potentialAction":[{"@type":"SearchAction","target":{"@type":"EntryPoint","urlTemplate":"https:\/\/miumjau.ee\/?s={search_term_string}"},"query-input":{"@type":"PropertyValueSpecification","valueRequired":true,"valueName":"search_term_string"}}],"inLanguage":"lv-LV"},{"@type":"Organization","@id":"https:\/\/miumjau.ee\/#organization","name":"MiuMjau O\u00dc","url":"https:\/\/miumjau.ee\/","logo":{"@type":"ImageObject","inLanguage":"lv-LV","@id":"https:\/\/miumjau.ee\/#\/schema\/logo\/image\/","url":"https:\/\/miumjau.ee\/wp-content\/uploads\/2022\/04\/MiuMjau-logo-kollane.png","contentUrl":"https:\/\/miumjau.ee\/wp-content\/uploads\/2022\/04\/MiuMjau-logo-kollane.png","width":219,"height":100,"caption":"MiuMjau O\u00dc"},"image":{"@id":"https:\/\/miumjau.ee\/#\/schema\/logo\/image\/"},"sameAs":["https:\/\/www.facebook.com\/miumjaupood\/"]}]}},"_links":{"self":[{"href":"https:\/\/miumjau.ee\/lv\/wp-json\/wp\/v2\/product\/55653","targetHints":{"allow":["GET"]}}],"collection":[{"href":"https:\/\/miumjau.ee\/lv\/wp-json\/wp\/v2\/product"}],"about":[{"href":"https:\/\/miumjau.ee\/lv\/wp-json\/wp\/v2\/types\/product"}],"wp:featuredmedia":[{"embeddable":true,"href":"https:\/\/miumjau.ee\/lv\/wp-json\/wp\/v2\/media\/55643"}],"wp:attachment":[{"href":"https:\/\/miumjau.ee\/lv\/wp-json\/wp\/v2\/media?parent=55653"}],"wp:term":[{"taxonomy":"product_brand","embeddable":true,"href":"https:\/\/miumjau.ee\/lv\/wp-json\/wp\/v2\/product_brand?post=55653"},{"taxonomy":"product_cat","embeddable":true,"href":"https:\/\/miumjau.ee\/lv\/wp-json\/wp\/v2\/product_cat?post=55653"},{"taxonomy":"product_tag","embeddable":true,"href":"https:\/\/miumjau.ee\/lv\/wp-json\/wp\/v2\/product_tag?post=55653"}],"curies":[{"name":"wp","href":"https:\/\/api.w.org\/{rel}","templated":true}]}}