{"id":55651,"date":"2024-12-20T19:06:07","date_gmt":"2024-12-20T17:06:07","guid":{"rendered":"https:\/\/miumjau.ee\/toode\/churu-skidras-uzkodas-kakiem-ar-vistu-60x14-g\/"},"modified":"2024-12-20T19:06:07","modified_gmt":"2024-12-20T17:06:07","slug":"churu-skidras-uzkodas-kakiem-ar-vistu-60x14-g","status":"publish","type":"product","link":"https:\/\/miumjau.ee\/lv\/produkts\/churu-skidras-uzkodas-kakiem-ar-vistu-60x14-g\/","title":{"rendered":"Churu \u0161\u0137idr\u0101s uzkodas ka\u0137iem ar vistu, 60&#215;14\u202fg"},"content":{"rendered":"","protected":false},"excerpt":{"rendered":"<p data-start=\"164\" data-end=\"452\">R\u016bp\u0113jies par savu ka\u0137i ar gardaj\u0101m un sul\u012bgaj\u0101m Churu \u0161\u0137idr\u0101m uzkod\u0101m. Vai m\u0101j\u0101s ir vair\u0101ki ka\u0137i un pat\u0113ri\u0146\u0161 liels? Vai vienk\u0101r\u0161i v\u0113lies pied\u0101v\u0101t savam ka\u0137im da\u017e\u0101d\u012bbu? \u0160is multipakete \u013caus tev vienm\u0113r tur\u0113t lab\u0101k\u0101s uzkodas pie rokas! Ieg\u016bsti sava m\u012b\u013c\u0101 m\u012blu\u013ca sirdi, r\u016bp\u0113joties par vi\u0146u.<\/p>\n<p data-start=\"454\" data-end=\"480\"><strong data-start=\"454\" data-end=\"478\">Recep\u0161u veidi kast\u0113:<\/strong><\/p>\n<ul data-start=\"481\" data-end=\"1573\">\n<li data-section-id=\"1kzqv7t\" data-start=\"481\" data-end=\"634\">\n<p data-start=\"483\" data-end=\"634\">Vistas recepte: \u016bdens, vista, tapioka ciete, dabisk\u0101s gar\u0161as, dabisk\u0101 glieme\u017ea gar\u0161a, guar gumija, E vitam\u012bna piedeva, taur\u012bns, za\u013c\u0101s t\u0113jas ekstrakts<\/p>\n<\/li>\n<li data-section-id=\"11x7ey2\" data-start=\"635\" data-end=\"810\">\n<p data-start=\"637\" data-end=\"810\">Vistas ar glieme\u017eu recepte: \u016bdens, vista, tapioka ciete, glieme\u017ei, dabisk\u0101s gar\u0161as, dabisk\u0101 glieme\u017ea gar\u0161a, guar gumija, E vitam\u012bna piedeva, taur\u012bns, za\u013c\u0101s t\u0113jas ekstrakts<\/p>\n<\/li>\n<li data-section-id=\"11ixzka\" data-start=\"811\" data-end=\"1012\">\n<p data-start=\"813\" data-end=\"1012\">Vistas ar sieru recepte: \u016bdens, vistas ga\u013ca, siers (piens, \u016bdens, fosforsk\u0101be), tapioka ciete, dabisk\u0101s gar\u0161as, dabisk\u0101 vistas gar\u0161a, guar gumija, E vitam\u012bna piedeva, taur\u012bns, za\u013c\u0101s t\u0113jas ekstrakts<\/p>\n<\/li>\n<li data-section-id=\"q1ey3s\" data-start=\"1013\" data-end=\"1188\">\n<p data-start=\"1015\" data-end=\"1188\">Vistas ar liellopu ga\u013cu: \u016bdens, vista, tapioka ciete, liellopu ga\u013ca, dabisk\u0101s gar\u0161as, dabisk\u0101 vistas gar\u0161a, guar gumija, E vitam\u012bna piedeva, taur\u012bns, za\u013c\u0101s t\u0113jas ekstrakts<\/p>\n<\/li>\n<li data-section-id=\"xnprf8\" data-start=\"1189\" data-end=\"1412\">\n<p data-start=\"1191\" data-end=\"1412\">Vistas, liellopu ga\u013ca un siers: \u016bdens, vistas ga\u013ca, siers (piens, \u016bdens, fosforsk\u0101be), tapioka ciete, liellopu ga\u013ca, dabisk\u0101s gar\u0161as, dabisk\u0101 vistas gar\u0161a, guar gumija, E vitam\u012bna piedeva, taur\u012bns, za\u013c\u0101s t\u0113jas ekstrakts<\/p>\n<\/li>\n<li data-section-id=\"1ecwm45\" data-start=\"1413\" data-end=\"1573\">\n<p data-start=\"1415\" data-end=\"1573\">Vistas ar lasi: \u016bdens, vista, tapioka ciete, lasis, dabisk\u0101s gar\u0161as, dabisk\u0101 glieme\u017ea gar\u0161a, guar gumija, E vitam\u012bna piedeva, taur\u012bns, za\u013c\u0101s t\u0113jas ekstrakts<\/p>\n<\/li>\n<\/ul>\n<p data-start=\"1575\" data-end=\"1749\"><strong data-start=\"1575\" data-end=\"1603\">Anal\u012btisk\u0101s sast\u0101vda\u013cas:<\/strong> prote\u012bns (min.) 7,00%, tauki (min.) 0,20%, \u0161\u0137iedrvielas (max.) 0,30%, mitrums (max.) 91,00%, E vitam\u012bns (min.) 310 IU\/kg, taur\u012bns (min.) 0,025%<\/p>\n","protected":false},"featured_media":55644,"template":"","meta":[],"product_brand":[],"product_cat":[570],"product_tag":[],"class_list":{"0":"post-55651","1":"product","2":"type-product","3":"status-publish","4":"has-post-thumbnail","6":"product_cat-naski","8":"first","9":"instock","10":"sale","11":"taxable","12":"shipping-taxable","13":"purchasable","14":"product-type-simple"},"yoast_head":"<!-- This site is optimized with the Yoast SEO plugin v27.4 - https:\/\/yoast.com\/product\/yoast-seo-wordpress\/ -->\n<title>Churu \u0161\u0137idr\u0101s uzkodas ka\u0137iem ar vistu, 60x14\u202fg - MiuMjau<\/title>\n<meta name=\"robots\" content=\"index, follow, max-snippet:-1, max-image-preview:large, max-video-preview:-1\" \/>\n<link rel=\"canonical\" href=\"https:\/\/miumjau.ee\/lv\/produkts\/churu-skidras-uzkodas-kakiem-ar-vistu-60x14-g\/\" \/>\n<meta property=\"og:locale\" content=\"lv_LV\" \/>\n<meta property=\"og:type\" content=\"article\" \/>\n<meta property=\"og:title\" content=\"Churu \u0161\u0137idr\u0101s uzkodas ka\u0137iem ar vistu, 60x14\u202fg - MiuMjau\" \/>\n<meta property=\"og:description\" content=\"R\u016bp\u0113jies par savu ka\u0137i ar gardaj\u0101m un sul\u012bgaj\u0101m Churu \u0161\u0137idr\u0101m uzkod\u0101m. Vai m\u0101j\u0101s ir vair\u0101ki ka\u0137i un pat\u0113ri\u0146\u0161 liels? Vai vienk\u0101r\u0161i v\u0113lies pied\u0101v\u0101t savam ka\u0137im da\u017e\u0101d\u012bbu? \u0160is multipakete \u013caus tev vienm\u0113r tur\u0113t lab\u0101k\u0101s uzkodas pie rokas! Ieg\u016bsti sava m\u012b\u013c\u0101 m\u012blu\u013ca sirdi, r\u016bp\u0113joties par vi\u0146u. Recep\u0161u veidi kast\u0113:     Vistas recepte: \u016bdens, vista, tapioka ciete, dabisk\u0101s gar\u0161as, dabisk\u0101 glieme\u017ea gar\u0161a, guar gumija, E vitam\u012bna piedeva, taur\u012bns, za\u013c\u0101s t\u0113jas ekstrakts    Vistas ar glieme\u017eu recepte: \u016bdens, vista, tapioka ciete, glieme\u017ei, dabisk\u0101s gar\u0161as, dabisk\u0101 glieme\u017ea gar\u0161a, guar gumija, E vitam\u012bna piedeva, taur\u012bns, za\u013c\u0101s t\u0113jas ekstrakts    Vistas ar sieru recepte: \u016bdens, vistas ga\u013ca, siers (piens, \u016bdens, fosforsk\u0101be), tapioka ciete, dabisk\u0101s gar\u0161as, dabisk\u0101 vistas gar\u0161a, guar gumija, E vitam\u012bna piedeva, taur\u012bns, za\u013c\u0101s t\u0113jas ekstrakts    Vistas ar liellopu ga\u013cu: \u016bdens, vista, tapioka ciete, liellopu ga\u013ca, dabisk\u0101s gar\u0161as, dabisk\u0101 vistas gar\u0161a, guar gumija, E vitam\u012bna piedeva, taur\u012bns, za\u013c\u0101s t\u0113jas ekstrakts    Vistas, liellopu ga\u013ca un siers: \u016bdens, vistas ga\u013ca, siers (piens, \u016bdens, fosforsk\u0101be), tapioka ciete, liellopu ga\u013ca, dabisk\u0101s gar\u0161as, dabisk\u0101 vistas gar\u0161a, guar gumija, E vitam\u012bna piedeva, taur\u012bns, za\u013c\u0101s t\u0113jas ekstrakts    Vistas ar lasi: \u016bdens, vista, tapioka ciete, lasis, dabisk\u0101s gar\u0161as, dabisk\u0101 glieme\u017ea gar\u0161a, guar gumija, E vitam\u012bna piedeva, taur\u012bns, za\u013c\u0101s t\u0113jas ekstrakts   Anal\u012btisk\u0101s sast\u0101vda\u013cas: prote\u012bns (min.) 7,00%, tauki (min.) 0,20%, \u0161\u0137iedrvielas (max.) 0,30%, mitrums (max.) 91,00%, E vitam\u012bns (min.) 310 IU\/kg, taur\u012bns (min.) 0,025%\" \/>\n<meta property=\"og:url\" content=\"https:\/\/miumjau.ee\/lv\/produkts\/churu-skidras-uzkodas-kakiem-ar-vistu-60x14-g\/\" \/>\n<meta property=\"og:site_name\" content=\"MiuMjau\" \/>\n<meta property=\"article:publisher\" content=\"https:\/\/www.facebook.com\/miumjaupood\/\" \/>\n<meta property=\"og:image\" content=\"https:\/\/miumjau.ee\/wp-content\/uploads\/2024\/12\/churu-vedelmaiuste-valikpakk3.jpg\" \/>\n\t<meta property=\"og:image:width\" content=\"600\" \/>\n\t<meta property=\"og:image:height\" content=\"800\" \/>\n\t<meta property=\"og:image:type\" content=\"image\/jpeg\" \/>\n<meta name=\"twitter:card\" content=\"summary_large_image\" \/>\n<script type=\"application\/ld+json\" class=\"yoast-schema-graph\">{\"@context\":\"https:\\\/\\\/schema.org\",\"@graph\":[{\"@type\":\"WebPage\",\"@id\":\"https:\\\/\\\/miumjau.ee\\\/lv\\\/produkts\\\/churu-skidras-uzkodas-kakiem-ar-vistu-60x14-g\\\/\",\"url\":\"https:\\\/\\\/miumjau.ee\\\/lv\\\/produkts\\\/churu-skidras-uzkodas-kakiem-ar-vistu-60x14-g\\\/\",\"name\":\"Churu \u0161\u0137idr\u0101s uzkodas ka\u0137iem ar vistu, 60x14\u202fg - MiuMjau\",\"isPartOf\":{\"@id\":\"https:\\\/\\\/miumjau.ee\\\/#website\"},\"primaryImageOfPage\":{\"@id\":\"https:\\\/\\\/miumjau.ee\\\/lv\\\/produkts\\\/churu-skidras-uzkodas-kakiem-ar-vistu-60x14-g\\\/#primaryimage\"},\"image\":{\"@id\":\"https:\\\/\\\/miumjau.ee\\\/lv\\\/produkts\\\/churu-skidras-uzkodas-kakiem-ar-vistu-60x14-g\\\/#primaryimage\"},\"thumbnailUrl\":\"https:\\\/\\\/miumjau.ee\\\/wp-content\\\/uploads\\\/2024\\\/12\\\/churu-vedelmaiuste-valikpakk3.jpg\",\"datePublished\":\"2024-12-20T17:06:07+00:00\",\"breadcrumb\":{\"@id\":\"https:\\\/\\\/miumjau.ee\\\/lv\\\/produkts\\\/churu-skidras-uzkodas-kakiem-ar-vistu-60x14-g\\\/#breadcrumb\"},\"inLanguage\":\"lv-LV\",\"potentialAction\":[{\"@type\":\"ReadAction\",\"target\":[\"https:\\\/\\\/miumjau.ee\\\/lv\\\/produkts\\\/churu-skidras-uzkodas-kakiem-ar-vistu-60x14-g\\\/\"]}]},{\"@type\":\"ImageObject\",\"inLanguage\":\"lv-LV\",\"@id\":\"https:\\\/\\\/miumjau.ee\\\/lv\\\/produkts\\\/churu-skidras-uzkodas-kakiem-ar-vistu-60x14-g\\\/#primaryimage\",\"url\":\"https:\\\/\\\/miumjau.ee\\\/wp-content\\\/uploads\\\/2024\\\/12\\\/churu-vedelmaiuste-valikpakk3.jpg\",\"contentUrl\":\"https:\\\/\\\/miumjau.ee\\\/wp-content\\\/uploads\\\/2024\\\/12\\\/churu-vedelmaiuste-valikpakk3.jpg\",\"width\":600,\"height\":800},{\"@type\":\"BreadcrumbList\",\"@id\":\"https:\\\/\\\/miumjau.ee\\\/lv\\\/produkts\\\/churu-skidras-uzkodas-kakiem-ar-vistu-60x14-g\\\/#breadcrumb\",\"itemListElement\":[{\"@type\":\"ListItem\",\"position\":1,\"name\":\"Home\",\"item\":\"https:\\\/\\\/miumjau.ee\\\/lv\\\/\"},{\"@type\":\"ListItem\",\"position\":2,\"name\":\"Veikals\",\"item\":\"https:\\\/\\\/miumjau.ee\\\/lv\\\/veikals\\\/\"},{\"@type\":\"ListItem\",\"position\":3,\"name\":\"Churu \u0161\u0137idr\u0101s uzkodas ka\u0137iem ar vistu, 60&#215;14\u202fg\"}]},{\"@type\":\"WebSite\",\"@id\":\"https:\\\/\\\/miumjau.ee\\\/#website\",\"url\":\"https:\\\/\\\/miumjau.ee\\\/\",\"name\":\"MiuMjau\",\"description\":\"Kraapimispuud kassidele\",\"publisher\":{\"@id\":\"https:\\\/\\\/miumjau.ee\\\/#organization\"},\"potentialAction\":[{\"@type\":\"SearchAction\",\"target\":{\"@type\":\"EntryPoint\",\"urlTemplate\":\"https:\\\/\\\/miumjau.ee\\\/?s={search_term_string}\"},\"query-input\":{\"@type\":\"PropertyValueSpecification\",\"valueRequired\":true,\"valueName\":\"search_term_string\"}}],\"inLanguage\":\"lv-LV\"},{\"@type\":\"Organization\",\"@id\":\"https:\\\/\\\/miumjau.ee\\\/#organization\",\"name\":\"MiuMjau O\u00dc\",\"url\":\"https:\\\/\\\/miumjau.ee\\\/\",\"logo\":{\"@type\":\"ImageObject\",\"inLanguage\":\"lv-LV\",\"@id\":\"https:\\\/\\\/miumjau.ee\\\/#\\\/schema\\\/logo\\\/image\\\/\",\"url\":\"https:\\\/\\\/miumjau.ee\\\/wp-content\\\/uploads\\\/2022\\\/04\\\/MiuMjau-logo-kollane.png\",\"contentUrl\":\"https:\\\/\\\/miumjau.ee\\\/wp-content\\\/uploads\\\/2022\\\/04\\\/MiuMjau-logo-kollane.png\",\"width\":219,\"height\":100,\"caption\":\"MiuMjau O\u00dc\"},\"image\":{\"@id\":\"https:\\\/\\\/miumjau.ee\\\/#\\\/schema\\\/logo\\\/image\\\/\"},\"sameAs\":[\"https:\\\/\\\/www.facebook.com\\\/miumjaupood\\\/\"]}]}<\/script>\n<!-- \/ Yoast SEO plugin. -->","yoast_head_json":{"title":"Churu \u0161\u0137idr\u0101s uzkodas ka\u0137iem ar vistu, 60x14\u202fg - MiuMjau","robots":{"index":"index","follow":"follow","max-snippet":"max-snippet:-1","max-image-preview":"max-image-preview:large","max-video-preview":"max-video-preview:-1"},"canonical":"https:\/\/miumjau.ee\/lv\/produkts\/churu-skidras-uzkodas-kakiem-ar-vistu-60x14-g\/","og_locale":"lv_LV","og_type":"article","og_title":"Churu \u0161\u0137idr\u0101s uzkodas ka\u0137iem ar vistu, 60x14\u202fg - MiuMjau","og_description":"R\u016bp\u0113jies par savu ka\u0137i ar gardaj\u0101m un sul\u012bgaj\u0101m Churu \u0161\u0137idr\u0101m uzkod\u0101m. Vai m\u0101j\u0101s ir vair\u0101ki ka\u0137i un pat\u0113ri\u0146\u0161 liels? Vai vienk\u0101r\u0161i v\u0113lies pied\u0101v\u0101t savam ka\u0137im da\u017e\u0101d\u012bbu? \u0160is multipakete \u013caus tev vienm\u0113r tur\u0113t lab\u0101k\u0101s uzkodas pie rokas! Ieg\u016bsti sava m\u012b\u013c\u0101 m\u012blu\u013ca sirdi, r\u016bp\u0113joties par vi\u0146u. Recep\u0161u veidi kast\u0113:     Vistas recepte: \u016bdens, vista, tapioka ciete, dabisk\u0101s gar\u0161as, dabisk\u0101 glieme\u017ea gar\u0161a, guar gumija, E vitam\u012bna piedeva, taur\u012bns, za\u013c\u0101s t\u0113jas ekstrakts    Vistas ar glieme\u017eu recepte: \u016bdens, vista, tapioka ciete, glieme\u017ei, dabisk\u0101s gar\u0161as, dabisk\u0101 glieme\u017ea gar\u0161a, guar gumija, E vitam\u012bna piedeva, taur\u012bns, za\u013c\u0101s t\u0113jas ekstrakts    Vistas ar sieru recepte: \u016bdens, vistas ga\u013ca, siers (piens, \u016bdens, fosforsk\u0101be), tapioka ciete, dabisk\u0101s gar\u0161as, dabisk\u0101 vistas gar\u0161a, guar gumija, E vitam\u012bna piedeva, taur\u012bns, za\u013c\u0101s t\u0113jas ekstrakts    Vistas ar liellopu ga\u013cu: \u016bdens, vista, tapioka ciete, liellopu ga\u013ca, dabisk\u0101s gar\u0161as, dabisk\u0101 vistas gar\u0161a, guar gumija, E vitam\u012bna piedeva, taur\u012bns, za\u013c\u0101s t\u0113jas ekstrakts    Vistas, liellopu ga\u013ca un siers: \u016bdens, vistas ga\u013ca, siers (piens, \u016bdens, fosforsk\u0101be), tapioka ciete, liellopu ga\u013ca, dabisk\u0101s gar\u0161as, dabisk\u0101 vistas gar\u0161a, guar gumija, E vitam\u012bna piedeva, taur\u012bns, za\u013c\u0101s t\u0113jas ekstrakts    Vistas ar lasi: \u016bdens, vista, tapioka ciete, lasis, dabisk\u0101s gar\u0161as, dabisk\u0101 glieme\u017ea gar\u0161a, guar gumija, E vitam\u012bna piedeva, taur\u012bns, za\u013c\u0101s t\u0113jas ekstrakts   Anal\u012btisk\u0101s sast\u0101vda\u013cas: prote\u012bns (min.) 7,00%, tauki (min.) 0,20%, \u0161\u0137iedrvielas (max.) 0,30%, mitrums (max.) 91,00%, E vitam\u012bns (min.) 310 IU\/kg, taur\u012bns (min.) 0,025%","og_url":"https:\/\/miumjau.ee\/lv\/produkts\/churu-skidras-uzkodas-kakiem-ar-vistu-60x14-g\/","og_site_name":"MiuMjau","article_publisher":"https:\/\/www.facebook.com\/miumjaupood\/","og_image":[{"width":600,"height":800,"url":"https:\/\/miumjau.ee\/wp-content\/uploads\/2024\/12\/churu-vedelmaiuste-valikpakk3.jpg","type":"image\/jpeg"}],"twitter_card":"summary_large_image","schema":{"@context":"https:\/\/schema.org","@graph":[{"@type":"WebPage","@id":"https:\/\/miumjau.ee\/lv\/produkts\/churu-skidras-uzkodas-kakiem-ar-vistu-60x14-g\/","url":"https:\/\/miumjau.ee\/lv\/produkts\/churu-skidras-uzkodas-kakiem-ar-vistu-60x14-g\/","name":"Churu \u0161\u0137idr\u0101s uzkodas ka\u0137iem ar vistu, 60x14\u202fg - MiuMjau","isPartOf":{"@id":"https:\/\/miumjau.ee\/#website"},"primaryImageOfPage":{"@id":"https:\/\/miumjau.ee\/lv\/produkts\/churu-skidras-uzkodas-kakiem-ar-vistu-60x14-g\/#primaryimage"},"image":{"@id":"https:\/\/miumjau.ee\/lv\/produkts\/churu-skidras-uzkodas-kakiem-ar-vistu-60x14-g\/#primaryimage"},"thumbnailUrl":"https:\/\/miumjau.ee\/wp-content\/uploads\/2024\/12\/churu-vedelmaiuste-valikpakk3.jpg","datePublished":"2024-12-20T17:06:07+00:00","breadcrumb":{"@id":"https:\/\/miumjau.ee\/lv\/produkts\/churu-skidras-uzkodas-kakiem-ar-vistu-60x14-g\/#breadcrumb"},"inLanguage":"lv-LV","potentialAction":[{"@type":"ReadAction","target":["https:\/\/miumjau.ee\/lv\/produkts\/churu-skidras-uzkodas-kakiem-ar-vistu-60x14-g\/"]}]},{"@type":"ImageObject","inLanguage":"lv-LV","@id":"https:\/\/miumjau.ee\/lv\/produkts\/churu-skidras-uzkodas-kakiem-ar-vistu-60x14-g\/#primaryimage","url":"https:\/\/miumjau.ee\/wp-content\/uploads\/2024\/12\/churu-vedelmaiuste-valikpakk3.jpg","contentUrl":"https:\/\/miumjau.ee\/wp-content\/uploads\/2024\/12\/churu-vedelmaiuste-valikpakk3.jpg","width":600,"height":800},{"@type":"BreadcrumbList","@id":"https:\/\/miumjau.ee\/lv\/produkts\/churu-skidras-uzkodas-kakiem-ar-vistu-60x14-g\/#breadcrumb","itemListElement":[{"@type":"ListItem","position":1,"name":"Home","item":"https:\/\/miumjau.ee\/lv\/"},{"@type":"ListItem","position":2,"name":"Veikals","item":"https:\/\/miumjau.ee\/lv\/veikals\/"},{"@type":"ListItem","position":3,"name":"Churu \u0161\u0137idr\u0101s uzkodas ka\u0137iem ar vistu, 60&#215;14\u202fg"}]},{"@type":"WebSite","@id":"https:\/\/miumjau.ee\/#website","url":"https:\/\/miumjau.ee\/","name":"MiuMjau","description":"Kraapimispuud kassidele","publisher":{"@id":"https:\/\/miumjau.ee\/#organization"},"potentialAction":[{"@type":"SearchAction","target":{"@type":"EntryPoint","urlTemplate":"https:\/\/miumjau.ee\/?s={search_term_string}"},"query-input":{"@type":"PropertyValueSpecification","valueRequired":true,"valueName":"search_term_string"}}],"inLanguage":"lv-LV"},{"@type":"Organization","@id":"https:\/\/miumjau.ee\/#organization","name":"MiuMjau O\u00dc","url":"https:\/\/miumjau.ee\/","logo":{"@type":"ImageObject","inLanguage":"lv-LV","@id":"https:\/\/miumjau.ee\/#\/schema\/logo\/image\/","url":"https:\/\/miumjau.ee\/wp-content\/uploads\/2022\/04\/MiuMjau-logo-kollane.png","contentUrl":"https:\/\/miumjau.ee\/wp-content\/uploads\/2022\/04\/MiuMjau-logo-kollane.png","width":219,"height":100,"caption":"MiuMjau O\u00dc"},"image":{"@id":"https:\/\/miumjau.ee\/#\/schema\/logo\/image\/"},"sameAs":["https:\/\/www.facebook.com\/miumjaupood\/"]}]}},"_links":{"self":[{"href":"https:\/\/miumjau.ee\/lv\/wp-json\/wp\/v2\/product\/55651","targetHints":{"allow":["GET"]}}],"collection":[{"href":"https:\/\/miumjau.ee\/lv\/wp-json\/wp\/v2\/product"}],"about":[{"href":"https:\/\/miumjau.ee\/lv\/wp-json\/wp\/v2\/types\/product"}],"wp:featuredmedia":[{"embeddable":true,"href":"https:\/\/miumjau.ee\/lv\/wp-json\/wp\/v2\/media\/55644"}],"wp:attachment":[{"href":"https:\/\/miumjau.ee\/lv\/wp-json\/wp\/v2\/media?parent=55651"}],"wp:term":[{"taxonomy":"product_brand","embeddable":true,"href":"https:\/\/miumjau.ee\/lv\/wp-json\/wp\/v2\/product_brand?post=55651"},{"taxonomy":"product_cat","embeddable":true,"href":"https:\/\/miumjau.ee\/lv\/wp-json\/wp\/v2\/product_cat?post=55651"},{"taxonomy":"product_tag","embeddable":true,"href":"https:\/\/miumjau.ee\/lv\/wp-json\/wp\/v2\/product_tag?post=55651"}],"curies":[{"name":"wp","href":"https:\/\/api.w.org\/{rel}","templated":true}]}}