{"id":55629,"date":"2024-12-20T17:18:38","date_gmt":"2024-12-20T15:18:38","guid":{"rendered":"https:\/\/miumjau.ee\/toode\/churu-skidrais-karums-kakiem-hairball-chicken-4x14g\/"},"modified":"2024-12-20T17:18:38","modified_gmt":"2024-12-20T15:18:38","slug":"churu-skidrais-karums-kakiem-hairball-chicken-4x14g","status":"publish","type":"product","link":"https:\/\/miumjau.ee\/lv\/produkts\/churu-skidrais-karums-kakiem-hairball-chicken-4x14g\/","title":{"rendered":"Churu \u0161\u0137idrais k\u0101rums ka\u0137iem \u201cHairball Chicken\u201d 4x14g"},"content":{"rendered":"","protected":false},"excerpt":{"rendered":"<p data-start=\"173\" data-end=\"429\"><strong data-start=\"173\" data-end=\"212\">Pirm\u0101 \u0161\u0101da veida kr\u0113mveida biezenis<\/strong>, kas izstr\u0101d\u0101ts, lai kontrol\u0113tu ka\u0137u spalvu bumbi\u0146u veido\u0161anos. M\u016bsu ori\u0123in\u0101l\u0101 Churu formula satur \u0161\u0137\u012bsto\u0161\u0101s un ne\u0161\u0137\u012bsto\u0161\u0101s augu \u0161\u0137iedras, kas atbalsta vesel\u012bgu gremo\u0161anu un pal\u012bdz nov\u0113rst spalvu kamolu veido\u0161anos.<\/p>\n<p data-start=\"431\" data-end=\"612\"><strong data-start=\"431\" data-end=\"482\">RA\u017dOTS NO UZTICAMIEM UN VESEL\u012aGIEM SAST\u0100VDA\u013b\u0100M:<\/strong> katrs Inaba produkts ir izgatavots no kvalitat\u012bv\u0101m sast\u0101vda\u013c\u0101m, tostarp ferm\u0101s audz\u0113tas vistas un\/vai dab\u012bgi nozvejotas tuncis.<\/p>\n<p data-start=\"614\" data-end=\"763\">Katra gard\u0101, kr\u0113m\u012bg\u0101 Churu t\u016bbi\u0146a satur <strong data-start=\"654\" data-end=\"669\">91% mitruma<\/strong> un tikai 6 kalorijas, kas padara to par vesel\u012bgu uzkodu, ko var dot ar mier\u012bgu sirdsapzi\u0146u.<\/p>\n<p data-start=\"765\" data-end=\"944\">M\u016bsu ka\u0137u draugi mums ir svar\u012bgi, t\u0101p\u0113c \u0161aj\u0101 uzkod\u0101 <strong data-start=\"817\" data-end=\"879\">nav graudu, konservantu, m\u0101ksl\u012bgo kr\u0101svielu vai karrage\u0113na<\/strong>, bet ir pievienots <strong data-start=\"899\" data-end=\"910\">taur\u012bns<\/strong>, lai veicin\u0101tu kop\u0113jo vesel\u012bbu.<\/p>\n<p data-start=\"946\" data-end=\"1164\"><strong data-start=\"946\" data-end=\"977\">LIETO K\u0100 INTERAKT\u012aVU SN\u0100KU:<\/strong> \u0161\u012bs t\u016bbi\u0146as ar biezeni ir paredz\u0113tas roku baro\u0161anai, lai pavad\u012btu kvalitat\u012bvu laiku kop\u0101 ar savu ka\u0137i. Tos var izmantot ar\u012b k\u0101 p\u0101rkl\u0101jumu mitrajai\/sausajai bar\u012bbai vai z\u0101\u013cu mask\u0113\u0161anai.<\/p>\n<p data-start=\"1166\" data-end=\"1351\"><strong data-start=\"1166\" data-end=\"1178\">Sast\u0101vs:<\/strong> \u016bdens, vistas ga\u013ca, tapioka ciete, celulozes pulveris, dab\u012bg\u0101s gar\u0161as vielas, guar gumija, dab\u012bg\u0101 j\u016bras glieme\u017ea gar\u0161a, E vitam\u012bna piedeva, taur\u012bns, za\u013c\u0101s t\u0113jas ekstrakts<\/p>\n<p data-start=\"1353\" data-end=\"1527\"><strong data-start=\"1353\" data-end=\"1381\">Anal\u012btisk\u0101s sast\u0101vda\u013cas:<\/strong> prote\u012bns (min.) 7,00%, tauki (min.) 0,20%, \u0161\u0137iedrvielas (max.) 0,60%, mitrums (max.) 88,00%, E vitam\u012bns (min.) 310 IU\/kg, taur\u012bns (min.) 0,025%<\/p>\n","protected":false},"featured_media":55630,"template":"","meta":[],"product_brand":[],"product_cat":[570],"product_tag":[],"class_list":{"0":"post-55629","1":"product","2":"type-product","3":"status-publish","4":"has-post-thumbnail","6":"product_cat-naski","8":"first","9":"instock","10":"sale","11":"taxable","12":"shipping-taxable","13":"purchasable","14":"product-type-simple"},"yoast_head":"<!-- This site is optimized with the Yoast SEO plugin v27.4 - https:\/\/yoast.com\/product\/yoast-seo-wordpress\/ -->\n<title>Churu \u0161\u0137idrais k\u0101rums ka\u0137iem \u201cHairball Chicken\u201d 4x14g - MiuMjau<\/title>\n<meta name=\"robots\" content=\"index, follow, max-snippet:-1, max-image-preview:large, max-video-preview:-1\" \/>\n<link rel=\"canonical\" href=\"https:\/\/miumjau.ee\/lv\/produkts\/churu-skidrais-karums-kakiem-hairball-chicken-4x14g\/\" \/>\n<meta property=\"og:locale\" content=\"lv_LV\" \/>\n<meta property=\"og:type\" content=\"article\" \/>\n<meta property=\"og:title\" content=\"Churu \u0161\u0137idrais k\u0101rums ka\u0137iem \u201cHairball Chicken\u201d 4x14g - MiuMjau\" \/>\n<meta property=\"og:description\" content=\"Pirm\u0101 \u0161\u0101da veida kr\u0113mveida biezenis, kas izstr\u0101d\u0101ts, lai kontrol\u0113tu ka\u0137u spalvu bumbi\u0146u veido\u0161anos. M\u016bsu ori\u0123in\u0101l\u0101 Churu formula satur \u0161\u0137\u012bsto\u0161\u0101s un ne\u0161\u0137\u012bsto\u0161\u0101s augu \u0161\u0137iedras, kas atbalsta vesel\u012bgu gremo\u0161anu un pal\u012bdz nov\u0113rst spalvu kamolu veido\u0161anos. RA\u017dOTS NO UZTICAMIEM UN VESEL\u012aGIEM SAST\u0100VDA\u013b\u0100M: katrs Inaba produkts ir izgatavots no kvalitat\u012bv\u0101m sast\u0101vda\u013c\u0101m, tostarp ferm\u0101s audz\u0113tas vistas un\/vai dab\u012bgi nozvejotas tuncis. Katra gard\u0101, kr\u0113m\u012bg\u0101 Churu t\u016bbi\u0146a satur 91% mitruma un tikai 6 kalorijas, kas padara to par vesel\u012bgu uzkodu, ko var dot ar mier\u012bgu sirdsapzi\u0146u. M\u016bsu ka\u0137u draugi mums ir svar\u012bgi, t\u0101p\u0113c \u0161aj\u0101 uzkod\u0101 nav graudu, konservantu, m\u0101ksl\u012bgo kr\u0101svielu vai karrage\u0113na, bet ir pievienots taur\u012bns, lai veicin\u0101tu kop\u0113jo vesel\u012bbu. LIETO K\u0100 INTERAKT\u012aVU SN\u0100KU: \u0161\u012bs t\u016bbi\u0146as ar biezeni ir paredz\u0113tas roku baro\u0161anai, lai pavad\u012btu kvalitat\u012bvu laiku kop\u0101 ar savu ka\u0137i. Tos var izmantot ar\u012b k\u0101 p\u0101rkl\u0101jumu mitrajai\/sausajai bar\u012bbai vai z\u0101\u013cu mask\u0113\u0161anai. Sast\u0101vs: \u016bdens, vistas ga\u013ca, tapioka ciete, celulozes pulveris, dab\u012bg\u0101s gar\u0161as vielas, guar gumija, dab\u012bg\u0101 j\u016bras glieme\u017ea gar\u0161a, E vitam\u012bna piedeva, taur\u012bns, za\u013c\u0101s t\u0113jas ekstrakts Anal\u012btisk\u0101s sast\u0101vda\u013cas: prote\u012bns (min.) 7,00%, tauki (min.) 0,20%, \u0161\u0137iedrvielas (max.) 0,60%, mitrums (max.) 88,00%, E vitam\u012bns (min.) 310 IU\/kg, taur\u012bns (min.) 0,025%\" \/>\n<meta property=\"og:url\" content=\"https:\/\/miumjau.ee\/lv\/produkts\/churu-skidrais-karums-kakiem-hairball-chicken-4x14g\/\" \/>\n<meta property=\"og:site_name\" content=\"MiuMjau\" \/>\n<meta property=\"article:publisher\" content=\"https:\/\/www.facebook.com\/miumjaupood\/\" \/>\n<meta property=\"og:image\" content=\"https:\/\/miumjau.ee\/wp-content\/uploads\/2024\/12\/churu-vedelmaius-hairball-chicken.jpg\" \/>\n\t<meta property=\"og:image:width\" content=\"600\" \/>\n\t<meta property=\"og:image:height\" content=\"800\" \/>\n\t<meta property=\"og:image:type\" content=\"image\/jpeg\" \/>\n<meta name=\"twitter:card\" content=\"summary_large_image\" \/>\n<script type=\"application\/ld+json\" class=\"yoast-schema-graph\">{\"@context\":\"https:\\\/\\\/schema.org\",\"@graph\":[{\"@type\":\"WebPage\",\"@id\":\"https:\\\/\\\/miumjau.ee\\\/lv\\\/produkts\\\/churu-skidrais-karums-kakiem-hairball-chicken-4x14g\\\/\",\"url\":\"https:\\\/\\\/miumjau.ee\\\/lv\\\/produkts\\\/churu-skidrais-karums-kakiem-hairball-chicken-4x14g\\\/\",\"name\":\"Churu \u0161\u0137idrais k\u0101rums ka\u0137iem \u201cHairball Chicken\u201d 4x14g - MiuMjau\",\"isPartOf\":{\"@id\":\"https:\\\/\\\/miumjau.ee\\\/#website\"},\"primaryImageOfPage\":{\"@id\":\"https:\\\/\\\/miumjau.ee\\\/lv\\\/produkts\\\/churu-skidrais-karums-kakiem-hairball-chicken-4x14g\\\/#primaryimage\"},\"image\":{\"@id\":\"https:\\\/\\\/miumjau.ee\\\/lv\\\/produkts\\\/churu-skidrais-karums-kakiem-hairball-chicken-4x14g\\\/#primaryimage\"},\"thumbnailUrl\":\"https:\\\/\\\/miumjau.ee\\\/wp-content\\\/uploads\\\/2024\\\/12\\\/churu-vedelmaius-hairball-chicken.jpg\",\"datePublished\":\"2024-12-20T15:18:38+00:00\",\"breadcrumb\":{\"@id\":\"https:\\\/\\\/miumjau.ee\\\/lv\\\/produkts\\\/churu-skidrais-karums-kakiem-hairball-chicken-4x14g\\\/#breadcrumb\"},\"inLanguage\":\"lv-LV\",\"potentialAction\":[{\"@type\":\"ReadAction\",\"target\":[\"https:\\\/\\\/miumjau.ee\\\/lv\\\/produkts\\\/churu-skidrais-karums-kakiem-hairball-chicken-4x14g\\\/\"]}]},{\"@type\":\"ImageObject\",\"inLanguage\":\"lv-LV\",\"@id\":\"https:\\\/\\\/miumjau.ee\\\/lv\\\/produkts\\\/churu-skidrais-karums-kakiem-hairball-chicken-4x14g\\\/#primaryimage\",\"url\":\"https:\\\/\\\/miumjau.ee\\\/wp-content\\\/uploads\\\/2024\\\/12\\\/churu-vedelmaius-hairball-chicken.jpg\",\"contentUrl\":\"https:\\\/\\\/miumjau.ee\\\/wp-content\\\/uploads\\\/2024\\\/12\\\/churu-vedelmaius-hairball-chicken.jpg\",\"width\":600,\"height\":800},{\"@type\":\"BreadcrumbList\",\"@id\":\"https:\\\/\\\/miumjau.ee\\\/lv\\\/produkts\\\/churu-skidrais-karums-kakiem-hairball-chicken-4x14g\\\/#breadcrumb\",\"itemListElement\":[{\"@type\":\"ListItem\",\"position\":1,\"name\":\"Home\",\"item\":\"https:\\\/\\\/miumjau.ee\\\/lv\\\/\"},{\"@type\":\"ListItem\",\"position\":2,\"name\":\"Veikals\",\"item\":\"https:\\\/\\\/miumjau.ee\\\/lv\\\/veikals\\\/\"},{\"@type\":\"ListItem\",\"position\":3,\"name\":\"Churu \u0161\u0137idrais k\u0101rums ka\u0137iem \u201cHairball Chicken\u201d 4x14g\"}]},{\"@type\":\"WebSite\",\"@id\":\"https:\\\/\\\/miumjau.ee\\\/#website\",\"url\":\"https:\\\/\\\/miumjau.ee\\\/\",\"name\":\"MiuMjau\",\"description\":\"Kraapimispuud kassidele\",\"publisher\":{\"@id\":\"https:\\\/\\\/miumjau.ee\\\/#organization\"},\"potentialAction\":[{\"@type\":\"SearchAction\",\"target\":{\"@type\":\"EntryPoint\",\"urlTemplate\":\"https:\\\/\\\/miumjau.ee\\\/?s={search_term_string}\"},\"query-input\":{\"@type\":\"PropertyValueSpecification\",\"valueRequired\":true,\"valueName\":\"search_term_string\"}}],\"inLanguage\":\"lv-LV\"},{\"@type\":\"Organization\",\"@id\":\"https:\\\/\\\/miumjau.ee\\\/#organization\",\"name\":\"MiuMjau O\u00dc\",\"url\":\"https:\\\/\\\/miumjau.ee\\\/\",\"logo\":{\"@type\":\"ImageObject\",\"inLanguage\":\"lv-LV\",\"@id\":\"https:\\\/\\\/miumjau.ee\\\/#\\\/schema\\\/logo\\\/image\\\/\",\"url\":\"https:\\\/\\\/miumjau.ee\\\/wp-content\\\/uploads\\\/2022\\\/04\\\/MiuMjau-logo-kollane.png\",\"contentUrl\":\"https:\\\/\\\/miumjau.ee\\\/wp-content\\\/uploads\\\/2022\\\/04\\\/MiuMjau-logo-kollane.png\",\"width\":219,\"height\":100,\"caption\":\"MiuMjau O\u00dc\"},\"image\":{\"@id\":\"https:\\\/\\\/miumjau.ee\\\/#\\\/schema\\\/logo\\\/image\\\/\"},\"sameAs\":[\"https:\\\/\\\/www.facebook.com\\\/miumjaupood\\\/\"]}]}<\/script>\n<!-- \/ Yoast SEO plugin. -->","yoast_head_json":{"title":"Churu \u0161\u0137idrais k\u0101rums ka\u0137iem \u201cHairball Chicken\u201d 4x14g - MiuMjau","robots":{"index":"index","follow":"follow","max-snippet":"max-snippet:-1","max-image-preview":"max-image-preview:large","max-video-preview":"max-video-preview:-1"},"canonical":"https:\/\/miumjau.ee\/lv\/produkts\/churu-skidrais-karums-kakiem-hairball-chicken-4x14g\/","og_locale":"lv_LV","og_type":"article","og_title":"Churu \u0161\u0137idrais k\u0101rums ka\u0137iem \u201cHairball Chicken\u201d 4x14g - MiuMjau","og_description":"Pirm\u0101 \u0161\u0101da veida kr\u0113mveida biezenis, kas izstr\u0101d\u0101ts, lai kontrol\u0113tu ka\u0137u spalvu bumbi\u0146u veido\u0161anos. M\u016bsu ori\u0123in\u0101l\u0101 Churu formula satur \u0161\u0137\u012bsto\u0161\u0101s un ne\u0161\u0137\u012bsto\u0161\u0101s augu \u0161\u0137iedras, kas atbalsta vesel\u012bgu gremo\u0161anu un pal\u012bdz nov\u0113rst spalvu kamolu veido\u0161anos. RA\u017dOTS NO UZTICAMIEM UN VESEL\u012aGIEM SAST\u0100VDA\u013b\u0100M: katrs Inaba produkts ir izgatavots no kvalitat\u012bv\u0101m sast\u0101vda\u013c\u0101m, tostarp ferm\u0101s audz\u0113tas vistas un\/vai dab\u012bgi nozvejotas tuncis. Katra gard\u0101, kr\u0113m\u012bg\u0101 Churu t\u016bbi\u0146a satur 91% mitruma un tikai 6 kalorijas, kas padara to par vesel\u012bgu uzkodu, ko var dot ar mier\u012bgu sirdsapzi\u0146u. M\u016bsu ka\u0137u draugi mums ir svar\u012bgi, t\u0101p\u0113c \u0161aj\u0101 uzkod\u0101 nav graudu, konservantu, m\u0101ksl\u012bgo kr\u0101svielu vai karrage\u0113na, bet ir pievienots taur\u012bns, lai veicin\u0101tu kop\u0113jo vesel\u012bbu. LIETO K\u0100 INTERAKT\u012aVU SN\u0100KU: \u0161\u012bs t\u016bbi\u0146as ar biezeni ir paredz\u0113tas roku baro\u0161anai, lai pavad\u012btu kvalitat\u012bvu laiku kop\u0101 ar savu ka\u0137i. Tos var izmantot ar\u012b k\u0101 p\u0101rkl\u0101jumu mitrajai\/sausajai bar\u012bbai vai z\u0101\u013cu mask\u0113\u0161anai. Sast\u0101vs: \u016bdens, vistas ga\u013ca, tapioka ciete, celulozes pulveris, dab\u012bg\u0101s gar\u0161as vielas, guar gumija, dab\u012bg\u0101 j\u016bras glieme\u017ea gar\u0161a, E vitam\u012bna piedeva, taur\u012bns, za\u013c\u0101s t\u0113jas ekstrakts Anal\u012btisk\u0101s sast\u0101vda\u013cas: prote\u012bns (min.) 7,00%, tauki (min.) 0,20%, \u0161\u0137iedrvielas (max.) 0,60%, mitrums (max.) 88,00%, E vitam\u012bns (min.) 310 IU\/kg, taur\u012bns (min.) 0,025%","og_url":"https:\/\/miumjau.ee\/lv\/produkts\/churu-skidrais-karums-kakiem-hairball-chicken-4x14g\/","og_site_name":"MiuMjau","article_publisher":"https:\/\/www.facebook.com\/miumjaupood\/","og_image":[{"width":600,"height":800,"url":"https:\/\/miumjau.ee\/wp-content\/uploads\/2024\/12\/churu-vedelmaius-hairball-chicken.jpg","type":"image\/jpeg"}],"twitter_card":"summary_large_image","schema":{"@context":"https:\/\/schema.org","@graph":[{"@type":"WebPage","@id":"https:\/\/miumjau.ee\/lv\/produkts\/churu-skidrais-karums-kakiem-hairball-chicken-4x14g\/","url":"https:\/\/miumjau.ee\/lv\/produkts\/churu-skidrais-karums-kakiem-hairball-chicken-4x14g\/","name":"Churu \u0161\u0137idrais k\u0101rums ka\u0137iem \u201cHairball Chicken\u201d 4x14g - MiuMjau","isPartOf":{"@id":"https:\/\/miumjau.ee\/#website"},"primaryImageOfPage":{"@id":"https:\/\/miumjau.ee\/lv\/produkts\/churu-skidrais-karums-kakiem-hairball-chicken-4x14g\/#primaryimage"},"image":{"@id":"https:\/\/miumjau.ee\/lv\/produkts\/churu-skidrais-karums-kakiem-hairball-chicken-4x14g\/#primaryimage"},"thumbnailUrl":"https:\/\/miumjau.ee\/wp-content\/uploads\/2024\/12\/churu-vedelmaius-hairball-chicken.jpg","datePublished":"2024-12-20T15:18:38+00:00","breadcrumb":{"@id":"https:\/\/miumjau.ee\/lv\/produkts\/churu-skidrais-karums-kakiem-hairball-chicken-4x14g\/#breadcrumb"},"inLanguage":"lv-LV","potentialAction":[{"@type":"ReadAction","target":["https:\/\/miumjau.ee\/lv\/produkts\/churu-skidrais-karums-kakiem-hairball-chicken-4x14g\/"]}]},{"@type":"ImageObject","inLanguage":"lv-LV","@id":"https:\/\/miumjau.ee\/lv\/produkts\/churu-skidrais-karums-kakiem-hairball-chicken-4x14g\/#primaryimage","url":"https:\/\/miumjau.ee\/wp-content\/uploads\/2024\/12\/churu-vedelmaius-hairball-chicken.jpg","contentUrl":"https:\/\/miumjau.ee\/wp-content\/uploads\/2024\/12\/churu-vedelmaius-hairball-chicken.jpg","width":600,"height":800},{"@type":"BreadcrumbList","@id":"https:\/\/miumjau.ee\/lv\/produkts\/churu-skidrais-karums-kakiem-hairball-chicken-4x14g\/#breadcrumb","itemListElement":[{"@type":"ListItem","position":1,"name":"Home","item":"https:\/\/miumjau.ee\/lv\/"},{"@type":"ListItem","position":2,"name":"Veikals","item":"https:\/\/miumjau.ee\/lv\/veikals\/"},{"@type":"ListItem","position":3,"name":"Churu \u0161\u0137idrais k\u0101rums ka\u0137iem \u201cHairball Chicken\u201d 4x14g"}]},{"@type":"WebSite","@id":"https:\/\/miumjau.ee\/#website","url":"https:\/\/miumjau.ee\/","name":"MiuMjau","description":"Kraapimispuud kassidele","publisher":{"@id":"https:\/\/miumjau.ee\/#organization"},"potentialAction":[{"@type":"SearchAction","target":{"@type":"EntryPoint","urlTemplate":"https:\/\/miumjau.ee\/?s={search_term_string}"},"query-input":{"@type":"PropertyValueSpecification","valueRequired":true,"valueName":"search_term_string"}}],"inLanguage":"lv-LV"},{"@type":"Organization","@id":"https:\/\/miumjau.ee\/#organization","name":"MiuMjau O\u00dc","url":"https:\/\/miumjau.ee\/","logo":{"@type":"ImageObject","inLanguage":"lv-LV","@id":"https:\/\/miumjau.ee\/#\/schema\/logo\/image\/","url":"https:\/\/miumjau.ee\/wp-content\/uploads\/2022\/04\/MiuMjau-logo-kollane.png","contentUrl":"https:\/\/miumjau.ee\/wp-content\/uploads\/2022\/04\/MiuMjau-logo-kollane.png","width":219,"height":100,"caption":"MiuMjau O\u00dc"},"image":{"@id":"https:\/\/miumjau.ee\/#\/schema\/logo\/image\/"},"sameAs":["https:\/\/www.facebook.com\/miumjaupood\/"]}]}},"_links":{"self":[{"href":"https:\/\/miumjau.ee\/lv\/wp-json\/wp\/v2\/product\/55629","targetHints":{"allow":["GET"]}}],"collection":[{"href":"https:\/\/miumjau.ee\/lv\/wp-json\/wp\/v2\/product"}],"about":[{"href":"https:\/\/miumjau.ee\/lv\/wp-json\/wp\/v2\/types\/product"}],"wp:featuredmedia":[{"embeddable":true,"href":"https:\/\/miumjau.ee\/lv\/wp-json\/wp\/v2\/media\/55630"}],"wp:attachment":[{"href":"https:\/\/miumjau.ee\/lv\/wp-json\/wp\/v2\/media?parent=55629"}],"wp:term":[{"taxonomy":"product_brand","embeddable":true,"href":"https:\/\/miumjau.ee\/lv\/wp-json\/wp\/v2\/product_brand?post=55629"},{"taxonomy":"product_cat","embeddable":true,"href":"https:\/\/miumjau.ee\/lv\/wp-json\/wp\/v2\/product_cat?post=55629"},{"taxonomy":"product_tag","embeddable":true,"href":"https:\/\/miumjau.ee\/lv\/wp-json\/wp\/v2\/product_tag?post=55629"}],"curies":[{"name":"wp","href":"https:\/\/api.w.org\/{rel}","templated":true}]}}