{"id":55621,"date":"2024-12-20T14:42:50","date_gmt":"2024-12-20T12:42:50","guid":{"rendered":"https:\/\/miumjau.ee\/toode\/petrebels-l-karajama-gulvieta-sleeper-l-40cm-grey\/"},"modified":"2024-12-20T14:42:50","modified_gmt":"2024-12-20T12:42:50","slug":"petrebels-l-karajama-gulvieta-sleeper-l-40cm-grey","status":"publish","type":"product","link":"https:\/\/miumjau.ee\/lv\/produkts\/petrebels-l-karajama-gulvieta-sleeper-l-40cm-grey\/","title":{"rendered":"Petrebels L kar\u0101jam\u0101 gu\u013cvieta Sleeper L 40cm, grey"},"content":{"rendered":"","protected":false},"excerpt":{"rendered":"<p data-start=\"134\" data-end=\"566\">\u0160\u012b liel\u0101 <strong data-start=\"143\" data-end=\"158\">Sleeper ZIP<\/strong> kar\u0101jam\u0101 gulta izgatavota no \u012bpa\u0161i m\u012bksta un kvalitat\u012bva pl\u012b\u0161a, ar ide\u0101li apa\u013cu formu. Perfekta vieta ka\u0137iem atp\u016btai! J\u016bsu m\u012blulim noteikti b\u016bs sava vieta ikdienas pusdienu vai ilgsto\u0161ai atp\u016btai. Un iesp\u0113jams, ka k\u0101du br\u012bdi v\u0113l\u0101k jums b\u016bs vajadz\u012bga jauna kar\u0101jam\u0101 gulta, pat ja skr\u0101pju stabs joproj\u0101m ir lielisk\u0101 st\u0101vokl\u012b. T\u0101p\u0113c m\u0113s p\u0101rdodam katru da\u013cu atsevi\u0161\u0137i \u2013 tas ir labs gan j\u016bsu maci\u0146am, gan videi.<\/p>\n<p data-start=\"568\" data-end=\"583\"><strong data-start=\"568\" data-end=\"581\">\u012apa\u0161\u012bbas:<\/strong><\/p>\n<ul data-start=\"584\" data-end=\"880\">\n<li data-section-id=\"14c6161\" data-start=\"584\" data-end=\"603\">\n<p data-start=\"586\" data-end=\"603\">Diametrs: 40 cm<\/p>\n<\/li>\n<li data-section-id=\"1t8yzcg\" data-start=\"604\" data-end=\"651\">\n<p data-start=\"606\" data-end=\"651\">Piem\u0113rots skr\u0101pju stabiem \u00d8 9 cm un \u00d8 12 cm<\/p>\n<\/li>\n<li data-section-id=\"gbsh6c\" data-start=\"652\" data-end=\"701\">\n<p data-start=\"654\" data-end=\"701\">Ar r\u0101v\u0113jsl\u0113dz\u0113ju, mazg\u0101jams ve\u013cas ma\u0161\u012bn\u0101 30\u00b0C<\/p>\n<\/li>\n<li data-section-id=\"j4xjvk\" data-start=\"702\" data-end=\"880\">\n<p data-start=\"704\" data-end=\"880\">Piem\u0113rots katram ka\u0137im, kas sver l\u012bdz 15 kg<br data-start=\"747\" data-end=\"750\" \/><strong data-start=\"750\" data-end=\"761\">Padoms:<\/strong> \u0145emiet v\u0113r\u0101, ka met\u0101la r\u0101mis var padar\u012bt skr\u0101pju stabu mazliet nestabilu, ja gulta tiek pievienota k\u0101 papildin\u0101jums.<\/p>\n<\/li>\n<\/ul>\n","protected":false},"featured_media":55624,"template":"","meta":[],"product_brand":[],"product_cat":[591],"product_tag":[],"class_list":{"0":"post-55621","1":"product","2":"type-product","3":"status-publish","4":"has-post-thumbnail","6":"product_cat-rezerves-dalas","7":"product_shipping_class-pakiautomaati-sobimatu-lv","9":"first","10":"instock","11":"taxable","12":"shipping-taxable","13":"purchasable","14":"product-type-simple"},"yoast_head":"<!-- This site is optimized with the Yoast SEO plugin v27.4 - https:\/\/yoast.com\/product\/yoast-seo-wordpress\/ -->\n<title>Petrebels L kar\u0101jam\u0101 gu\u013cvieta Sleeper L 40cm, grey - MiuMjau<\/title>\n<meta name=\"robots\" content=\"index, follow, max-snippet:-1, max-image-preview:large, max-video-preview:-1\" \/>\n<link rel=\"canonical\" href=\"https:\/\/miumjau.ee\/lv\/produkts\/petrebels-l-karajama-gulvieta-sleeper-l-40cm-grey\/\" \/>\n<meta property=\"og:locale\" content=\"lv_LV\" \/>\n<meta property=\"og:type\" content=\"article\" \/>\n<meta property=\"og:title\" content=\"Petrebels L kar\u0101jam\u0101 gu\u013cvieta Sleeper L 40cm, grey - MiuMjau\" \/>\n<meta property=\"og:description\" content=\"\u0160\u012b liel\u0101 Sleeper ZIP kar\u0101jam\u0101 gulta izgatavota no \u012bpa\u0161i m\u012bksta un kvalitat\u012bva pl\u012b\u0161a, ar ide\u0101li apa\u013cu formu. Perfekta vieta ka\u0137iem atp\u016btai! J\u016bsu m\u012blulim noteikti b\u016bs sava vieta ikdienas pusdienu vai ilgsto\u0161ai atp\u016btai. Un iesp\u0113jams, ka k\u0101du br\u012bdi v\u0113l\u0101k jums b\u016bs vajadz\u012bga jauna kar\u0101jam\u0101 gulta, pat ja skr\u0101pju stabs joproj\u0101m ir lielisk\u0101 st\u0101vokl\u012b. T\u0101p\u0113c m\u0113s p\u0101rdodam katru da\u013cu atsevi\u0161\u0137i \u2013 tas ir labs gan j\u016bsu maci\u0146am, gan videi. \u012apa\u0161\u012bbas:     Diametrs: 40 cm    Piem\u0113rots skr\u0101pju stabiem \u00d8 9 cm un \u00d8 12 cm    Ar r\u0101v\u0113jsl\u0113dz\u0113ju, mazg\u0101jams ve\u013cas ma\u0161\u012bn\u0101 30\u00b0C    Piem\u0113rots katram ka\u0137im, kas sver l\u012bdz 15 kgPadoms: \u0145emiet v\u0113r\u0101, ka met\u0101la r\u0101mis var padar\u012bt skr\u0101pju stabu mazliet nestabilu, ja gulta tiek pievienota k\u0101 papildin\u0101jums.\" \/>\n<meta property=\"og:url\" content=\"https:\/\/miumjau.ee\/lv\/produkts\/petrebels-l-karajama-gulvieta-sleeper-l-40cm-grey\/\" \/>\n<meta property=\"og:site_name\" content=\"MiuMjau\" \/>\n<meta property=\"article:publisher\" content=\"https:\/\/www.facebook.com\/miumjaupood\/\" \/>\n<meta property=\"og:image\" content=\"https:\/\/miumjau.ee\/wp-content\/uploads\/2024\/12\/rippkiik-petrebels-zip-L8.jpg\" \/>\n\t<meta property=\"og:image:width\" content=\"600\" \/>\n\t<meta property=\"og:image:height\" content=\"800\" \/>\n\t<meta property=\"og:image:type\" content=\"image\/jpeg\" \/>\n<meta name=\"twitter:card\" content=\"summary_large_image\" \/>\n<script type=\"application\/ld+json\" class=\"yoast-schema-graph\">{\"@context\":\"https:\\\/\\\/schema.org\",\"@graph\":[{\"@type\":\"WebPage\",\"@id\":\"https:\\\/\\\/miumjau.ee\\\/lv\\\/produkts\\\/petrebels-l-karajama-gulvieta-sleeper-l-40cm-grey\\\/\",\"url\":\"https:\\\/\\\/miumjau.ee\\\/lv\\\/produkts\\\/petrebels-l-karajama-gulvieta-sleeper-l-40cm-grey\\\/\",\"name\":\"Petrebels L kar\u0101jam\u0101 gu\u013cvieta Sleeper L 40cm, grey - MiuMjau\",\"isPartOf\":{\"@id\":\"https:\\\/\\\/miumjau.ee\\\/#website\"},\"primaryImageOfPage\":{\"@id\":\"https:\\\/\\\/miumjau.ee\\\/lv\\\/produkts\\\/petrebels-l-karajama-gulvieta-sleeper-l-40cm-grey\\\/#primaryimage\"},\"image\":{\"@id\":\"https:\\\/\\\/miumjau.ee\\\/lv\\\/produkts\\\/petrebels-l-karajama-gulvieta-sleeper-l-40cm-grey\\\/#primaryimage\"},\"thumbnailUrl\":\"https:\\\/\\\/miumjau.ee\\\/wp-content\\\/uploads\\\/2024\\\/12\\\/rippkiik-petrebels-zip-L8.jpg\",\"datePublished\":\"2024-12-20T12:42:50+00:00\",\"breadcrumb\":{\"@id\":\"https:\\\/\\\/miumjau.ee\\\/lv\\\/produkts\\\/petrebels-l-karajama-gulvieta-sleeper-l-40cm-grey\\\/#breadcrumb\"},\"inLanguage\":\"lv-LV\",\"potentialAction\":[{\"@type\":\"ReadAction\",\"target\":[\"https:\\\/\\\/miumjau.ee\\\/lv\\\/produkts\\\/petrebels-l-karajama-gulvieta-sleeper-l-40cm-grey\\\/\"]}]},{\"@type\":\"ImageObject\",\"inLanguage\":\"lv-LV\",\"@id\":\"https:\\\/\\\/miumjau.ee\\\/lv\\\/produkts\\\/petrebels-l-karajama-gulvieta-sleeper-l-40cm-grey\\\/#primaryimage\",\"url\":\"https:\\\/\\\/miumjau.ee\\\/wp-content\\\/uploads\\\/2024\\\/12\\\/rippkiik-petrebels-zip-L8.jpg\",\"contentUrl\":\"https:\\\/\\\/miumjau.ee\\\/wp-content\\\/uploads\\\/2024\\\/12\\\/rippkiik-petrebels-zip-L8.jpg\",\"width\":600,\"height\":800},{\"@type\":\"BreadcrumbList\",\"@id\":\"https:\\\/\\\/miumjau.ee\\\/lv\\\/produkts\\\/petrebels-l-karajama-gulvieta-sleeper-l-40cm-grey\\\/#breadcrumb\",\"itemListElement\":[{\"@type\":\"ListItem\",\"position\":1,\"name\":\"Home\",\"item\":\"https:\\\/\\\/miumjau.ee\\\/lv\\\/\"},{\"@type\":\"ListItem\",\"position\":2,\"name\":\"Veikals\",\"item\":\"https:\\\/\\\/miumjau.ee\\\/lv\\\/veikals\\\/\"},{\"@type\":\"ListItem\",\"position\":3,\"name\":\"Petrebels L kar\u0101jam\u0101 gu\u013cvieta Sleeper L 40cm, grey\"}]},{\"@type\":\"WebSite\",\"@id\":\"https:\\\/\\\/miumjau.ee\\\/#website\",\"url\":\"https:\\\/\\\/miumjau.ee\\\/\",\"name\":\"MiuMjau\",\"description\":\"Kraapimispuud kassidele\",\"publisher\":{\"@id\":\"https:\\\/\\\/miumjau.ee\\\/#organization\"},\"potentialAction\":[{\"@type\":\"SearchAction\",\"target\":{\"@type\":\"EntryPoint\",\"urlTemplate\":\"https:\\\/\\\/miumjau.ee\\\/?s={search_term_string}\"},\"query-input\":{\"@type\":\"PropertyValueSpecification\",\"valueRequired\":true,\"valueName\":\"search_term_string\"}}],\"inLanguage\":\"lv-LV\"},{\"@type\":\"Organization\",\"@id\":\"https:\\\/\\\/miumjau.ee\\\/#organization\",\"name\":\"MiuMjau O\u00dc\",\"url\":\"https:\\\/\\\/miumjau.ee\\\/\",\"logo\":{\"@type\":\"ImageObject\",\"inLanguage\":\"lv-LV\",\"@id\":\"https:\\\/\\\/miumjau.ee\\\/#\\\/schema\\\/logo\\\/image\\\/\",\"url\":\"https:\\\/\\\/miumjau.ee\\\/wp-content\\\/uploads\\\/2022\\\/04\\\/MiuMjau-logo-kollane.png\",\"contentUrl\":\"https:\\\/\\\/miumjau.ee\\\/wp-content\\\/uploads\\\/2022\\\/04\\\/MiuMjau-logo-kollane.png\",\"width\":219,\"height\":100,\"caption\":\"MiuMjau O\u00dc\"},\"image\":{\"@id\":\"https:\\\/\\\/miumjau.ee\\\/#\\\/schema\\\/logo\\\/image\\\/\"},\"sameAs\":[\"https:\\\/\\\/www.facebook.com\\\/miumjaupood\\\/\"]}]}<\/script>\n<!-- \/ Yoast SEO plugin. -->","yoast_head_json":{"title":"Petrebels L kar\u0101jam\u0101 gu\u013cvieta Sleeper L 40cm, grey - MiuMjau","robots":{"index":"index","follow":"follow","max-snippet":"max-snippet:-1","max-image-preview":"max-image-preview:large","max-video-preview":"max-video-preview:-1"},"canonical":"https:\/\/miumjau.ee\/lv\/produkts\/petrebels-l-karajama-gulvieta-sleeper-l-40cm-grey\/","og_locale":"lv_LV","og_type":"article","og_title":"Petrebels L kar\u0101jam\u0101 gu\u013cvieta Sleeper L 40cm, grey - MiuMjau","og_description":"\u0160\u012b liel\u0101 Sleeper ZIP kar\u0101jam\u0101 gulta izgatavota no \u012bpa\u0161i m\u012bksta un kvalitat\u012bva pl\u012b\u0161a, ar ide\u0101li apa\u013cu formu. Perfekta vieta ka\u0137iem atp\u016btai! J\u016bsu m\u012blulim noteikti b\u016bs sava vieta ikdienas pusdienu vai ilgsto\u0161ai atp\u016btai. Un iesp\u0113jams, ka k\u0101du br\u012bdi v\u0113l\u0101k jums b\u016bs vajadz\u012bga jauna kar\u0101jam\u0101 gulta, pat ja skr\u0101pju stabs joproj\u0101m ir lielisk\u0101 st\u0101vokl\u012b. T\u0101p\u0113c m\u0113s p\u0101rdodam katru da\u013cu atsevi\u0161\u0137i \u2013 tas ir labs gan j\u016bsu maci\u0146am, gan videi. \u012apa\u0161\u012bbas:     Diametrs: 40 cm    Piem\u0113rots skr\u0101pju stabiem \u00d8 9 cm un \u00d8 12 cm    Ar r\u0101v\u0113jsl\u0113dz\u0113ju, mazg\u0101jams ve\u013cas ma\u0161\u012bn\u0101 30\u00b0C    Piem\u0113rots katram ka\u0137im, kas sver l\u012bdz 15 kgPadoms: \u0145emiet v\u0113r\u0101, ka met\u0101la r\u0101mis var padar\u012bt skr\u0101pju stabu mazliet nestabilu, ja gulta tiek pievienota k\u0101 papildin\u0101jums.","og_url":"https:\/\/miumjau.ee\/lv\/produkts\/petrebels-l-karajama-gulvieta-sleeper-l-40cm-grey\/","og_site_name":"MiuMjau","article_publisher":"https:\/\/www.facebook.com\/miumjaupood\/","og_image":[{"width":600,"height":800,"url":"https:\/\/miumjau.ee\/wp-content\/uploads\/2024\/12\/rippkiik-petrebels-zip-L8.jpg","type":"image\/jpeg"}],"twitter_card":"summary_large_image","schema":{"@context":"https:\/\/schema.org","@graph":[{"@type":"WebPage","@id":"https:\/\/miumjau.ee\/lv\/produkts\/petrebels-l-karajama-gulvieta-sleeper-l-40cm-grey\/","url":"https:\/\/miumjau.ee\/lv\/produkts\/petrebels-l-karajama-gulvieta-sleeper-l-40cm-grey\/","name":"Petrebels L kar\u0101jam\u0101 gu\u013cvieta Sleeper L 40cm, grey - MiuMjau","isPartOf":{"@id":"https:\/\/miumjau.ee\/#website"},"primaryImageOfPage":{"@id":"https:\/\/miumjau.ee\/lv\/produkts\/petrebels-l-karajama-gulvieta-sleeper-l-40cm-grey\/#primaryimage"},"image":{"@id":"https:\/\/miumjau.ee\/lv\/produkts\/petrebels-l-karajama-gulvieta-sleeper-l-40cm-grey\/#primaryimage"},"thumbnailUrl":"https:\/\/miumjau.ee\/wp-content\/uploads\/2024\/12\/rippkiik-petrebels-zip-L8.jpg","datePublished":"2024-12-20T12:42:50+00:00","breadcrumb":{"@id":"https:\/\/miumjau.ee\/lv\/produkts\/petrebels-l-karajama-gulvieta-sleeper-l-40cm-grey\/#breadcrumb"},"inLanguage":"lv-LV","potentialAction":[{"@type":"ReadAction","target":["https:\/\/miumjau.ee\/lv\/produkts\/petrebels-l-karajama-gulvieta-sleeper-l-40cm-grey\/"]}]},{"@type":"ImageObject","inLanguage":"lv-LV","@id":"https:\/\/miumjau.ee\/lv\/produkts\/petrebels-l-karajama-gulvieta-sleeper-l-40cm-grey\/#primaryimage","url":"https:\/\/miumjau.ee\/wp-content\/uploads\/2024\/12\/rippkiik-petrebels-zip-L8.jpg","contentUrl":"https:\/\/miumjau.ee\/wp-content\/uploads\/2024\/12\/rippkiik-petrebels-zip-L8.jpg","width":600,"height":800},{"@type":"BreadcrumbList","@id":"https:\/\/miumjau.ee\/lv\/produkts\/petrebels-l-karajama-gulvieta-sleeper-l-40cm-grey\/#breadcrumb","itemListElement":[{"@type":"ListItem","position":1,"name":"Home","item":"https:\/\/miumjau.ee\/lv\/"},{"@type":"ListItem","position":2,"name":"Veikals","item":"https:\/\/miumjau.ee\/lv\/veikals\/"},{"@type":"ListItem","position":3,"name":"Petrebels L kar\u0101jam\u0101 gu\u013cvieta Sleeper L 40cm, grey"}]},{"@type":"WebSite","@id":"https:\/\/miumjau.ee\/#website","url":"https:\/\/miumjau.ee\/","name":"MiuMjau","description":"Kraapimispuud kassidele","publisher":{"@id":"https:\/\/miumjau.ee\/#organization"},"potentialAction":[{"@type":"SearchAction","target":{"@type":"EntryPoint","urlTemplate":"https:\/\/miumjau.ee\/?s={search_term_string}"},"query-input":{"@type":"PropertyValueSpecification","valueRequired":true,"valueName":"search_term_string"}}],"inLanguage":"lv-LV"},{"@type":"Organization","@id":"https:\/\/miumjau.ee\/#organization","name":"MiuMjau O\u00dc","url":"https:\/\/miumjau.ee\/","logo":{"@type":"ImageObject","inLanguage":"lv-LV","@id":"https:\/\/miumjau.ee\/#\/schema\/logo\/image\/","url":"https:\/\/miumjau.ee\/wp-content\/uploads\/2022\/04\/MiuMjau-logo-kollane.png","contentUrl":"https:\/\/miumjau.ee\/wp-content\/uploads\/2022\/04\/MiuMjau-logo-kollane.png","width":219,"height":100,"caption":"MiuMjau O\u00dc"},"image":{"@id":"https:\/\/miumjau.ee\/#\/schema\/logo\/image\/"},"sameAs":["https:\/\/www.facebook.com\/miumjaupood\/"]}]}},"_links":{"self":[{"href":"https:\/\/miumjau.ee\/lv\/wp-json\/wp\/v2\/product\/55621","targetHints":{"allow":["GET"]}}],"collection":[{"href":"https:\/\/miumjau.ee\/lv\/wp-json\/wp\/v2\/product"}],"about":[{"href":"https:\/\/miumjau.ee\/lv\/wp-json\/wp\/v2\/types\/product"}],"wp:featuredmedia":[{"embeddable":true,"href":"https:\/\/miumjau.ee\/lv\/wp-json\/wp\/v2\/media\/55624"}],"wp:attachment":[{"href":"https:\/\/miumjau.ee\/lv\/wp-json\/wp\/v2\/media?parent=55621"}],"wp:term":[{"taxonomy":"product_brand","embeddable":true,"href":"https:\/\/miumjau.ee\/lv\/wp-json\/wp\/v2\/product_brand?post=55621"},{"taxonomy":"product_cat","embeddable":true,"href":"https:\/\/miumjau.ee\/lv\/wp-json\/wp\/v2\/product_cat?post=55621"},{"taxonomy":"product_tag","embeddable":true,"href":"https:\/\/miumjau.ee\/lv\/wp-json\/wp\/v2\/product_tag?post=55621"}],"curies":[{"name":"wp","href":"https:\/\/api.w.org\/{rel}","templated":true}]}}