{"id":55611,"date":"2024-12-20T10:51:32","date_gmt":"2024-12-20T08:51:32","guid":{"rendered":"https:\/\/miumjau.ee\/toode\/petrebels-xl-karajama-gulvieta-sleeper-xl-48cm-cream\/"},"modified":"2024-12-20T10:51:32","modified_gmt":"2024-12-20T08:51:32","slug":"petrebels-xl-karajama-gulvieta-sleeper-xl-48cm-cream","status":"publish","type":"product","link":"https:\/\/miumjau.ee\/lv\/produkts\/petrebels-xl-karajama-gulvieta-sleeper-xl-48cm-cream\/","title":{"rendered":"Petrebels XL kar\u0101jam\u0101 gu\u013cvieta Sleeper XL 48cm, cream"},"content":{"rendered":"","protected":false},"excerpt":{"rendered":"<p data-start=\"137\" data-end=\"193\">XL kar\u0101jam\u0101 gulta paredz\u0113ta smagiem un lieliem ka\u0137iem.<\/p>\n<p data-start=\"195\" data-end=\"562\">Vai jums ir liels ka\u0137is vai liela \u0161\u0137irne? Maine Coon, Norv\u0113\u0123ijas me\u017eac\u016bka vai Ragdoll? Tad j\u016bsu m\u012blulis nepiecie\u0161ams iztur\u012bgi materi\u0101li un \u0113rtas gu\u013cvietas. M\u016bsu XL <strong data-start=\"359\" data-end=\"374\">Sleeper ZIP<\/strong> kar\u0101jam\u0101 gulta ir \u012bpa\u0161i liela, un m\u012bksts polster\u0113jums \u013cauj iztur\u0113t l\u012bdz <strong data-start=\"447\" data-end=\"456\">25 kg<\/strong>. Izmantojiet \u0161o lielisko ka\u0137u gu\u013cvietu k\u0101 papildin\u0101jumu krauk\u0161\u0137\u012bgajam stabi\u0146am vai eso\u0161o da\u013cu nomai\u0146ai.<\/p>\n<p data-start=\"564\" data-end=\"579\"><strong data-start=\"564\" data-end=\"577\">\u012apa\u0161\u012bbas:<\/strong><\/p>\n<ul data-start=\"580\" data-end=\"870\">\n<li data-section-id=\"19ik481\" data-start=\"580\" data-end=\"599\">\n<p data-start=\"582\" data-end=\"599\">Diametrs: 48 cm<\/p>\n<\/li>\n<li data-section-id=\"1r40k5r\" data-start=\"600\" data-end=\"663\">\n<p data-start=\"602\" data-end=\"663\">Ide\u0101li piem\u0113rots lieliem ka\u0137iem, bet piem\u0113rots ar\u012b maz\u0101kiem<\/p>\n<\/li>\n<li data-section-id=\"gbsh6c\" data-start=\"664\" data-end=\"713\">\n<p data-start=\"666\" data-end=\"713\">Ar r\u0101v\u0113jsl\u0113dz\u0113ju, mazg\u0101jams ve\u013cas ma\u0161\u012bn\u0101 30\u00b0C<\/p>\n<\/li>\n<li data-section-id=\"1pyw44c\" data-start=\"714\" data-end=\"870\">\n<p data-start=\"716\" data-end=\"870\">Dom\u0101ts lieto\u0161anai ar skr\u0101pju stabiem \u00d8 12 cm, \u00d8 15 cm un \u00d8 20 cm<br data-start=\"780\" data-end=\"783\" \/><strong data-start=\"783\" data-end=\"794\">Padoms:<\/strong> \u0145emiet v\u0113r\u0101, ka met\u0101la r\u0101mis var padar\u012bt skr\u0101pju stabu mazliet nestabilu.<\/p>\n<\/li>\n<\/ul>\n","protected":false},"featured_media":55615,"template":"","meta":[],"product_brand":[],"product_cat":[591],"product_tag":[],"class_list":{"0":"post-55611","1":"product","2":"type-product","3":"status-publish","4":"has-post-thumbnail","6":"product_cat-rezerves-dalas","7":"product_shipping_class-pakiautomaati-sobimatu-lv","9":"first","10":"instock","11":"taxable","12":"shipping-taxable","13":"purchasable","14":"product-type-simple"},"yoast_head":"<!-- This site is optimized with the Yoast SEO plugin v27.4 - https:\/\/yoast.com\/product\/yoast-seo-wordpress\/ -->\n<title>Petrebels XL kar\u0101jam\u0101 gu\u013cvieta Sleeper XL 48cm, cream - MiuMjau<\/title>\n<meta name=\"robots\" content=\"index, follow, max-snippet:-1, max-image-preview:large, max-video-preview:-1\" \/>\n<link rel=\"canonical\" href=\"https:\/\/miumjau.ee\/lv\/produkts\/petrebels-xl-karajama-gulvieta-sleeper-xl-48cm-cream\/\" \/>\n<meta property=\"og:locale\" content=\"lv_LV\" \/>\n<meta property=\"og:type\" content=\"article\" \/>\n<meta property=\"og:title\" content=\"Petrebels XL kar\u0101jam\u0101 gu\u013cvieta Sleeper XL 48cm, cream - MiuMjau\" \/>\n<meta property=\"og:description\" content=\"XL kar\u0101jam\u0101 gulta paredz\u0113ta smagiem un lieliem ka\u0137iem. Vai jums ir liels ka\u0137is vai liela \u0161\u0137irne? Maine Coon, Norv\u0113\u0123ijas me\u017eac\u016bka vai Ragdoll? Tad j\u016bsu m\u012blulis nepiecie\u0161ams iztur\u012bgi materi\u0101li un \u0113rtas gu\u013cvietas. M\u016bsu XL Sleeper ZIP kar\u0101jam\u0101 gulta ir \u012bpa\u0161i liela, un m\u012bksts polster\u0113jums \u013cauj iztur\u0113t l\u012bdz 25 kg. Izmantojiet \u0161o lielisko ka\u0137u gu\u013cvietu k\u0101 papildin\u0101jumu krauk\u0161\u0137\u012bgajam stabi\u0146am vai eso\u0161o da\u013cu nomai\u0146ai. \u012apa\u0161\u012bbas:     Diametrs: 48 cm    Ide\u0101li piem\u0113rots lieliem ka\u0137iem, bet piem\u0113rots ar\u012b maz\u0101kiem    Ar r\u0101v\u0113jsl\u0113dz\u0113ju, mazg\u0101jams ve\u013cas ma\u0161\u012bn\u0101 30\u00b0C    Dom\u0101ts lieto\u0161anai ar skr\u0101pju stabiem \u00d8 12 cm, \u00d8 15 cm un \u00d8 20 cmPadoms: \u0145emiet v\u0113r\u0101, ka met\u0101la r\u0101mis var padar\u012bt skr\u0101pju stabu mazliet nestabilu.\" \/>\n<meta property=\"og:url\" content=\"https:\/\/miumjau.ee\/lv\/produkts\/petrebels-xl-karajama-gulvieta-sleeper-xl-48cm-cream\/\" \/>\n<meta property=\"og:site_name\" content=\"MiuMjau\" \/>\n<meta property=\"article:publisher\" content=\"https:\/\/www.facebook.com\/miumjaupood\/\" \/>\n<meta property=\"og:image\" content=\"https:\/\/miumjau.ee\/wp-content\/uploads\/2024\/12\/rippkiik-petrebels-sleeper-xl-48cm13.jpg\" \/>\n\t<meta property=\"og:image:width\" content=\"600\" \/>\n\t<meta property=\"og:image:height\" content=\"800\" \/>\n\t<meta property=\"og:image:type\" content=\"image\/jpeg\" \/>\n<meta name=\"twitter:card\" content=\"summary_large_image\" \/>\n<script type=\"application\/ld+json\" class=\"yoast-schema-graph\">{\"@context\":\"https:\\\/\\\/schema.org\",\"@graph\":[{\"@type\":\"WebPage\",\"@id\":\"https:\\\/\\\/miumjau.ee\\\/lv\\\/produkts\\\/petrebels-xl-karajama-gulvieta-sleeper-xl-48cm-cream\\\/\",\"url\":\"https:\\\/\\\/miumjau.ee\\\/lv\\\/produkts\\\/petrebels-xl-karajama-gulvieta-sleeper-xl-48cm-cream\\\/\",\"name\":\"Petrebels XL kar\u0101jam\u0101 gu\u013cvieta Sleeper XL 48cm, cream - MiuMjau\",\"isPartOf\":{\"@id\":\"https:\\\/\\\/miumjau.ee\\\/#website\"},\"primaryImageOfPage\":{\"@id\":\"https:\\\/\\\/miumjau.ee\\\/lv\\\/produkts\\\/petrebels-xl-karajama-gulvieta-sleeper-xl-48cm-cream\\\/#primaryimage\"},\"image\":{\"@id\":\"https:\\\/\\\/miumjau.ee\\\/lv\\\/produkts\\\/petrebels-xl-karajama-gulvieta-sleeper-xl-48cm-cream\\\/#primaryimage\"},\"thumbnailUrl\":\"https:\\\/\\\/miumjau.ee\\\/wp-content\\\/uploads\\\/2024\\\/12\\\/rippkiik-petrebels-sleeper-xl-48cm13.jpg\",\"datePublished\":\"2024-12-20T08:51:32+00:00\",\"breadcrumb\":{\"@id\":\"https:\\\/\\\/miumjau.ee\\\/lv\\\/produkts\\\/petrebels-xl-karajama-gulvieta-sleeper-xl-48cm-cream\\\/#breadcrumb\"},\"inLanguage\":\"lv-LV\",\"potentialAction\":[{\"@type\":\"ReadAction\",\"target\":[\"https:\\\/\\\/miumjau.ee\\\/lv\\\/produkts\\\/petrebels-xl-karajama-gulvieta-sleeper-xl-48cm-cream\\\/\"]}]},{\"@type\":\"ImageObject\",\"inLanguage\":\"lv-LV\",\"@id\":\"https:\\\/\\\/miumjau.ee\\\/lv\\\/produkts\\\/petrebels-xl-karajama-gulvieta-sleeper-xl-48cm-cream\\\/#primaryimage\",\"url\":\"https:\\\/\\\/miumjau.ee\\\/wp-content\\\/uploads\\\/2024\\\/12\\\/rippkiik-petrebels-sleeper-xl-48cm13.jpg\",\"contentUrl\":\"https:\\\/\\\/miumjau.ee\\\/wp-content\\\/uploads\\\/2024\\\/12\\\/rippkiik-petrebels-sleeper-xl-48cm13.jpg\",\"width\":600,\"height\":800},{\"@type\":\"BreadcrumbList\",\"@id\":\"https:\\\/\\\/miumjau.ee\\\/lv\\\/produkts\\\/petrebels-xl-karajama-gulvieta-sleeper-xl-48cm-cream\\\/#breadcrumb\",\"itemListElement\":[{\"@type\":\"ListItem\",\"position\":1,\"name\":\"Home\",\"item\":\"https:\\\/\\\/miumjau.ee\\\/lv\\\/\"},{\"@type\":\"ListItem\",\"position\":2,\"name\":\"Veikals\",\"item\":\"https:\\\/\\\/miumjau.ee\\\/lv\\\/veikals\\\/\"},{\"@type\":\"ListItem\",\"position\":3,\"name\":\"Petrebels XL kar\u0101jam\u0101 gu\u013cvieta Sleeper XL 48cm, cream\"}]},{\"@type\":\"WebSite\",\"@id\":\"https:\\\/\\\/miumjau.ee\\\/#website\",\"url\":\"https:\\\/\\\/miumjau.ee\\\/\",\"name\":\"MiuMjau\",\"description\":\"Kraapimispuud kassidele\",\"publisher\":{\"@id\":\"https:\\\/\\\/miumjau.ee\\\/#organization\"},\"potentialAction\":[{\"@type\":\"SearchAction\",\"target\":{\"@type\":\"EntryPoint\",\"urlTemplate\":\"https:\\\/\\\/miumjau.ee\\\/?s={search_term_string}\"},\"query-input\":{\"@type\":\"PropertyValueSpecification\",\"valueRequired\":true,\"valueName\":\"search_term_string\"}}],\"inLanguage\":\"lv-LV\"},{\"@type\":\"Organization\",\"@id\":\"https:\\\/\\\/miumjau.ee\\\/#organization\",\"name\":\"MiuMjau O\u00dc\",\"url\":\"https:\\\/\\\/miumjau.ee\\\/\",\"logo\":{\"@type\":\"ImageObject\",\"inLanguage\":\"lv-LV\",\"@id\":\"https:\\\/\\\/miumjau.ee\\\/#\\\/schema\\\/logo\\\/image\\\/\",\"url\":\"https:\\\/\\\/miumjau.ee\\\/wp-content\\\/uploads\\\/2022\\\/04\\\/MiuMjau-logo-kollane.png\",\"contentUrl\":\"https:\\\/\\\/miumjau.ee\\\/wp-content\\\/uploads\\\/2022\\\/04\\\/MiuMjau-logo-kollane.png\",\"width\":219,\"height\":100,\"caption\":\"MiuMjau O\u00dc\"},\"image\":{\"@id\":\"https:\\\/\\\/miumjau.ee\\\/#\\\/schema\\\/logo\\\/image\\\/\"},\"sameAs\":[\"https:\\\/\\\/www.facebook.com\\\/miumjaupood\\\/\"]}]}<\/script>\n<!-- \/ Yoast SEO plugin. -->","yoast_head_json":{"title":"Petrebels XL kar\u0101jam\u0101 gu\u013cvieta Sleeper XL 48cm, cream - MiuMjau","robots":{"index":"index","follow":"follow","max-snippet":"max-snippet:-1","max-image-preview":"max-image-preview:large","max-video-preview":"max-video-preview:-1"},"canonical":"https:\/\/miumjau.ee\/lv\/produkts\/petrebels-xl-karajama-gulvieta-sleeper-xl-48cm-cream\/","og_locale":"lv_LV","og_type":"article","og_title":"Petrebels XL kar\u0101jam\u0101 gu\u013cvieta Sleeper XL 48cm, cream - MiuMjau","og_description":"XL kar\u0101jam\u0101 gulta paredz\u0113ta smagiem un lieliem ka\u0137iem. Vai jums ir liels ka\u0137is vai liela \u0161\u0137irne? Maine Coon, Norv\u0113\u0123ijas me\u017eac\u016bka vai Ragdoll? Tad j\u016bsu m\u012blulis nepiecie\u0161ams iztur\u012bgi materi\u0101li un \u0113rtas gu\u013cvietas. M\u016bsu XL Sleeper ZIP kar\u0101jam\u0101 gulta ir \u012bpa\u0161i liela, un m\u012bksts polster\u0113jums \u013cauj iztur\u0113t l\u012bdz 25 kg. Izmantojiet \u0161o lielisko ka\u0137u gu\u013cvietu k\u0101 papildin\u0101jumu krauk\u0161\u0137\u012bgajam stabi\u0146am vai eso\u0161o da\u013cu nomai\u0146ai. \u012apa\u0161\u012bbas:     Diametrs: 48 cm    Ide\u0101li piem\u0113rots lieliem ka\u0137iem, bet piem\u0113rots ar\u012b maz\u0101kiem    Ar r\u0101v\u0113jsl\u0113dz\u0113ju, mazg\u0101jams ve\u013cas ma\u0161\u012bn\u0101 30\u00b0C    Dom\u0101ts lieto\u0161anai ar skr\u0101pju stabiem \u00d8 12 cm, \u00d8 15 cm un \u00d8 20 cmPadoms: \u0145emiet v\u0113r\u0101, ka met\u0101la r\u0101mis var padar\u012bt skr\u0101pju stabu mazliet nestabilu.","og_url":"https:\/\/miumjau.ee\/lv\/produkts\/petrebels-xl-karajama-gulvieta-sleeper-xl-48cm-cream\/","og_site_name":"MiuMjau","article_publisher":"https:\/\/www.facebook.com\/miumjaupood\/","og_image":[{"width":600,"height":800,"url":"https:\/\/miumjau.ee\/wp-content\/uploads\/2024\/12\/rippkiik-petrebels-sleeper-xl-48cm13.jpg","type":"image\/jpeg"}],"twitter_card":"summary_large_image","schema":{"@context":"https:\/\/schema.org","@graph":[{"@type":"WebPage","@id":"https:\/\/miumjau.ee\/lv\/produkts\/petrebels-xl-karajama-gulvieta-sleeper-xl-48cm-cream\/","url":"https:\/\/miumjau.ee\/lv\/produkts\/petrebels-xl-karajama-gulvieta-sleeper-xl-48cm-cream\/","name":"Petrebels XL kar\u0101jam\u0101 gu\u013cvieta Sleeper XL 48cm, cream - MiuMjau","isPartOf":{"@id":"https:\/\/miumjau.ee\/#website"},"primaryImageOfPage":{"@id":"https:\/\/miumjau.ee\/lv\/produkts\/petrebels-xl-karajama-gulvieta-sleeper-xl-48cm-cream\/#primaryimage"},"image":{"@id":"https:\/\/miumjau.ee\/lv\/produkts\/petrebels-xl-karajama-gulvieta-sleeper-xl-48cm-cream\/#primaryimage"},"thumbnailUrl":"https:\/\/miumjau.ee\/wp-content\/uploads\/2024\/12\/rippkiik-petrebels-sleeper-xl-48cm13.jpg","datePublished":"2024-12-20T08:51:32+00:00","breadcrumb":{"@id":"https:\/\/miumjau.ee\/lv\/produkts\/petrebels-xl-karajama-gulvieta-sleeper-xl-48cm-cream\/#breadcrumb"},"inLanguage":"lv-LV","potentialAction":[{"@type":"ReadAction","target":["https:\/\/miumjau.ee\/lv\/produkts\/petrebels-xl-karajama-gulvieta-sleeper-xl-48cm-cream\/"]}]},{"@type":"ImageObject","inLanguage":"lv-LV","@id":"https:\/\/miumjau.ee\/lv\/produkts\/petrebels-xl-karajama-gulvieta-sleeper-xl-48cm-cream\/#primaryimage","url":"https:\/\/miumjau.ee\/wp-content\/uploads\/2024\/12\/rippkiik-petrebels-sleeper-xl-48cm13.jpg","contentUrl":"https:\/\/miumjau.ee\/wp-content\/uploads\/2024\/12\/rippkiik-petrebels-sleeper-xl-48cm13.jpg","width":600,"height":800},{"@type":"BreadcrumbList","@id":"https:\/\/miumjau.ee\/lv\/produkts\/petrebels-xl-karajama-gulvieta-sleeper-xl-48cm-cream\/#breadcrumb","itemListElement":[{"@type":"ListItem","position":1,"name":"Home","item":"https:\/\/miumjau.ee\/lv\/"},{"@type":"ListItem","position":2,"name":"Veikals","item":"https:\/\/miumjau.ee\/lv\/veikals\/"},{"@type":"ListItem","position":3,"name":"Petrebels XL kar\u0101jam\u0101 gu\u013cvieta Sleeper XL 48cm, cream"}]},{"@type":"WebSite","@id":"https:\/\/miumjau.ee\/#website","url":"https:\/\/miumjau.ee\/","name":"MiuMjau","description":"Kraapimispuud kassidele","publisher":{"@id":"https:\/\/miumjau.ee\/#organization"},"potentialAction":[{"@type":"SearchAction","target":{"@type":"EntryPoint","urlTemplate":"https:\/\/miumjau.ee\/?s={search_term_string}"},"query-input":{"@type":"PropertyValueSpecification","valueRequired":true,"valueName":"search_term_string"}}],"inLanguage":"lv-LV"},{"@type":"Organization","@id":"https:\/\/miumjau.ee\/#organization","name":"MiuMjau O\u00dc","url":"https:\/\/miumjau.ee\/","logo":{"@type":"ImageObject","inLanguage":"lv-LV","@id":"https:\/\/miumjau.ee\/#\/schema\/logo\/image\/","url":"https:\/\/miumjau.ee\/wp-content\/uploads\/2022\/04\/MiuMjau-logo-kollane.png","contentUrl":"https:\/\/miumjau.ee\/wp-content\/uploads\/2022\/04\/MiuMjau-logo-kollane.png","width":219,"height":100,"caption":"MiuMjau O\u00dc"},"image":{"@id":"https:\/\/miumjau.ee\/#\/schema\/logo\/image\/"},"sameAs":["https:\/\/www.facebook.com\/miumjaupood\/"]}]}},"_links":{"self":[{"href":"https:\/\/miumjau.ee\/lv\/wp-json\/wp\/v2\/product\/55611","targetHints":{"allow":["GET"]}}],"collection":[{"href":"https:\/\/miumjau.ee\/lv\/wp-json\/wp\/v2\/product"}],"about":[{"href":"https:\/\/miumjau.ee\/lv\/wp-json\/wp\/v2\/types\/product"}],"wp:featuredmedia":[{"embeddable":true,"href":"https:\/\/miumjau.ee\/lv\/wp-json\/wp\/v2\/media\/55615"}],"wp:attachment":[{"href":"https:\/\/miumjau.ee\/lv\/wp-json\/wp\/v2\/media?parent=55611"}],"wp:term":[{"taxonomy":"product_brand","embeddable":true,"href":"https:\/\/miumjau.ee\/lv\/wp-json\/wp\/v2\/product_brand?post=55611"},{"taxonomy":"product_cat","embeddable":true,"href":"https:\/\/miumjau.ee\/lv\/wp-json\/wp\/v2\/product_cat?post=55611"},{"taxonomy":"product_tag","embeddable":true,"href":"https:\/\/miumjau.ee\/lv\/wp-json\/wp\/v2\/product_tag?post=55611"}],"curies":[{"name":"wp","href":"https:\/\/api.w.org\/{rel}","templated":true}]}}