{"id":55551,"date":"2024-12-13T20:52:33","date_gmt":"2024-12-13T18:52:33","guid":{"rendered":"https:\/\/miumjau.ee\/toode\/petrebels-zip-kvadratveida-karajamais-gulvietas-xl-45cm-kapucino\/"},"modified":"2024-12-13T20:52:33","modified_gmt":"2024-12-13T18:52:33","slug":"petrebels-zip-kvadratveida-karajamais-gulvietas-xl-45cm-kapucino","status":"publish","type":"product","link":"https:\/\/miumjau.ee\/lv\/produkts\/petrebels-zip-kvadratveida-karajamais-gulvietas-xl-45cm-kapucino\/","title":{"rendered":"Petrebels ZIP kvadr\u0101tveida kar\u0101jamais gu\u013cvietas XL 45cm, kapu\u010d\u012bno"},"content":{"rendered":"","protected":false},"excerpt":{"rendered":"<p data-start=\"150\" data-end=\"507\">M\u016bsu <strong data-start=\"155\" data-end=\"177\">Sleeper ZIP Square<\/strong> ir \u012bpa\u0161i izstr\u0101d\u0101ts Norv\u0113\u0123ijas me\u017eac\u016bk\u0101m, Maine Coon, Ragdoll un cit\u0101m liel\u0101m ka\u0137u \u0161\u0137irn\u0113m. Pateicoties lielajam izm\u0113ram un polster\u0113tajam audumam, \u0161\u012b kar\u0101jam\u0101 gulta var iztur\u0113t l\u012bdz <strong data-start=\"360\" data-end=\"369\">25 kg<\/strong>! Protams, \u0161aj\u0101 super luksusa kar\u0101jamaj\u0101 gu\u013cviet\u0101 ir laipni gaid\u012bti ar\u012b visi citi ka\u0137i. Jo cik pat\u012bkami ir reiz\u0113m vienk\u0101r\u0161i izstiepties?<\/p>\n<p data-start=\"509\" data-end=\"524\"><strong data-start=\"509\" data-end=\"522\">\u012apa\u0161\u012bbas:<\/strong><\/p>\n<ul data-start=\"525\" data-end=\"769\">\n<li data-section-id=\"wjy1yi\" data-start=\"525\" data-end=\"558\">\n<p data-start=\"527\" data-end=\"558\">Piem\u0113rots visiem ka\u0137u veidiem<\/p>\n<\/li>\n<li data-section-id=\"1uf11m0\" data-start=\"559\" data-end=\"581\">\n<p data-start=\"561\" data-end=\"581\">Izm\u0113rs: 45 x 45 cm<\/p>\n<\/li>\n<li data-section-id=\"1aqeitp\" data-start=\"582\" data-end=\"636\">\n<p data-start=\"584\" data-end=\"636\">Der skr\u0101pju stabiem ar \u00d8 12 cm, \u00d8 15 cm un \u00d8 20 cm<\/p>\n<\/li>\n<li data-section-id=\"b2wtow\" data-start=\"637\" data-end=\"769\">\n<p data-start=\"639\" data-end=\"769\">Ar r\u0101v\u0113jsl\u0113dz\u0113ju, mazg\u0101jams ve\u013cas ma\u0161\u012bn\u0101 30\u00b0C<br data-start=\"684\" data-end=\"687\" \/><strong data-start=\"687\" data-end=\"698\">Padoms:<\/strong> \u0145emiet v\u0113r\u0101, ka met\u0101la r\u0101mis padara skr\u0101pju stabu mazliet nestabilu.<\/p>\n<\/li>\n<\/ul>\n","protected":false},"featured_media":55552,"template":"","meta":[],"product_brand":[],"product_cat":[591],"product_tag":[],"class_list":{"0":"post-55551","1":"product","2":"type-product","3":"status-publish","4":"has-post-thumbnail","6":"product_cat-rezerves-dalas","7":"product_shipping_class-pakiautomaati-sobimatu-lv","9":"first","10":"instock","11":"taxable","12":"shipping-taxable","13":"purchasable","14":"product-type-simple"},"yoast_head":"<!-- This site is optimized with the Yoast SEO plugin v27.4 - https:\/\/yoast.com\/product\/yoast-seo-wordpress\/ -->\n<title>Petrebels ZIP kvadr\u0101tveida kar\u0101jamais gu\u013cvietas XL 45cm, kapu\u010d\u012bno - MiuMjau<\/title>\n<meta name=\"robots\" content=\"index, follow, max-snippet:-1, max-image-preview:large, max-video-preview:-1\" \/>\n<link rel=\"canonical\" href=\"https:\/\/miumjau.ee\/lv\/produkts\/petrebels-zip-kvadratveida-karajamais-gulvietas-xl-45cm-kapucino\/\" \/>\n<meta property=\"og:locale\" content=\"lv_LV\" \/>\n<meta property=\"og:type\" content=\"article\" \/>\n<meta property=\"og:title\" content=\"Petrebels ZIP kvadr\u0101tveida kar\u0101jamais gu\u013cvietas XL 45cm, kapu\u010d\u012bno - MiuMjau\" \/>\n<meta property=\"og:description\" content=\"M\u016bsu Sleeper ZIP Square ir \u012bpa\u0161i izstr\u0101d\u0101ts Norv\u0113\u0123ijas me\u017eac\u016bk\u0101m, Maine Coon, Ragdoll un cit\u0101m liel\u0101m ka\u0137u \u0161\u0137irn\u0113m. Pateicoties lielajam izm\u0113ram un polster\u0113tajam audumam, \u0161\u012b kar\u0101jam\u0101 gulta var iztur\u0113t l\u012bdz 25 kg! Protams, \u0161aj\u0101 super luksusa kar\u0101jamaj\u0101 gu\u013cviet\u0101 ir laipni gaid\u012bti ar\u012b visi citi ka\u0137i. Jo cik pat\u012bkami ir reiz\u0113m vienk\u0101r\u0161i izstiepties? \u012apa\u0161\u012bbas:     Piem\u0113rots visiem ka\u0137u veidiem    Izm\u0113rs: 45 x 45 cm    Der skr\u0101pju stabiem ar \u00d8 12 cm, \u00d8 15 cm un \u00d8 20 cm    Ar r\u0101v\u0113jsl\u0113dz\u0113ju, mazg\u0101jams ve\u013cas ma\u0161\u012bn\u0101 30\u00b0CPadoms: \u0145emiet v\u0113r\u0101, ka met\u0101la r\u0101mis padara skr\u0101pju stabu mazliet nestabilu.\" \/>\n<meta property=\"og:url\" content=\"https:\/\/miumjau.ee\/lv\/produkts\/petrebels-zip-kvadratveida-karajamais-gulvietas-xl-45cm-kapucino\/\" \/>\n<meta property=\"og:site_name\" content=\"MiuMjau\" \/>\n<meta property=\"article:publisher\" content=\"https:\/\/www.facebook.com\/miumjaupood\/\" \/>\n<meta property=\"og:image\" content=\"https:\/\/miumjau.ee\/wp-content\/uploads\/2024\/12\/rippkiik-petrebels-SQ-45cm-XL17.jpg\" \/>\n\t<meta property=\"og:image:width\" content=\"600\" \/>\n\t<meta property=\"og:image:height\" content=\"800\" \/>\n\t<meta property=\"og:image:type\" content=\"image\/jpeg\" \/>\n<meta name=\"twitter:card\" content=\"summary_large_image\" \/>\n<script type=\"application\/ld+json\" class=\"yoast-schema-graph\">{\"@context\":\"https:\\\/\\\/schema.org\",\"@graph\":[{\"@type\":\"WebPage\",\"@id\":\"https:\\\/\\\/miumjau.ee\\\/lv\\\/produkts\\\/petrebels-zip-kvadratveida-karajamais-gulvietas-xl-45cm-kapucino\\\/\",\"url\":\"https:\\\/\\\/miumjau.ee\\\/lv\\\/produkts\\\/petrebels-zip-kvadratveida-karajamais-gulvietas-xl-45cm-kapucino\\\/\",\"name\":\"Petrebels ZIP kvadr\u0101tveida kar\u0101jamais gu\u013cvietas XL 45cm, kapu\u010d\u012bno - MiuMjau\",\"isPartOf\":{\"@id\":\"https:\\\/\\\/miumjau.ee\\\/#website\"},\"primaryImageOfPage\":{\"@id\":\"https:\\\/\\\/miumjau.ee\\\/lv\\\/produkts\\\/petrebels-zip-kvadratveida-karajamais-gulvietas-xl-45cm-kapucino\\\/#primaryimage\"},\"image\":{\"@id\":\"https:\\\/\\\/miumjau.ee\\\/lv\\\/produkts\\\/petrebels-zip-kvadratveida-karajamais-gulvietas-xl-45cm-kapucino\\\/#primaryimage\"},\"thumbnailUrl\":\"https:\\\/\\\/miumjau.ee\\\/wp-content\\\/uploads\\\/2024\\\/12\\\/rippkiik-petrebels-SQ-45cm-XL17.jpg\",\"datePublished\":\"2024-12-13T18:52:33+00:00\",\"breadcrumb\":{\"@id\":\"https:\\\/\\\/miumjau.ee\\\/lv\\\/produkts\\\/petrebels-zip-kvadratveida-karajamais-gulvietas-xl-45cm-kapucino\\\/#breadcrumb\"},\"inLanguage\":\"lv-LV\",\"potentialAction\":[{\"@type\":\"ReadAction\",\"target\":[\"https:\\\/\\\/miumjau.ee\\\/lv\\\/produkts\\\/petrebels-zip-kvadratveida-karajamais-gulvietas-xl-45cm-kapucino\\\/\"]}]},{\"@type\":\"ImageObject\",\"inLanguage\":\"lv-LV\",\"@id\":\"https:\\\/\\\/miumjau.ee\\\/lv\\\/produkts\\\/petrebels-zip-kvadratveida-karajamais-gulvietas-xl-45cm-kapucino\\\/#primaryimage\",\"url\":\"https:\\\/\\\/miumjau.ee\\\/wp-content\\\/uploads\\\/2024\\\/12\\\/rippkiik-petrebels-SQ-45cm-XL17.jpg\",\"contentUrl\":\"https:\\\/\\\/miumjau.ee\\\/wp-content\\\/uploads\\\/2024\\\/12\\\/rippkiik-petrebels-SQ-45cm-XL17.jpg\",\"width\":600,\"height\":800},{\"@type\":\"BreadcrumbList\",\"@id\":\"https:\\\/\\\/miumjau.ee\\\/lv\\\/produkts\\\/petrebels-zip-kvadratveida-karajamais-gulvietas-xl-45cm-kapucino\\\/#breadcrumb\",\"itemListElement\":[{\"@type\":\"ListItem\",\"position\":1,\"name\":\"Home\",\"item\":\"https:\\\/\\\/miumjau.ee\\\/lv\\\/\"},{\"@type\":\"ListItem\",\"position\":2,\"name\":\"Veikals\",\"item\":\"https:\\\/\\\/miumjau.ee\\\/lv\\\/veikals\\\/\"},{\"@type\":\"ListItem\",\"position\":3,\"name\":\"Petrebels ZIP kvadr\u0101tveida kar\u0101jamais gu\u013cvietas XL 45cm, kapu\u010d\u012bno\"}]},{\"@type\":\"WebSite\",\"@id\":\"https:\\\/\\\/miumjau.ee\\\/#website\",\"url\":\"https:\\\/\\\/miumjau.ee\\\/\",\"name\":\"MiuMjau\",\"description\":\"Kraapimispuud kassidele\",\"publisher\":{\"@id\":\"https:\\\/\\\/miumjau.ee\\\/#organization\"},\"potentialAction\":[{\"@type\":\"SearchAction\",\"target\":{\"@type\":\"EntryPoint\",\"urlTemplate\":\"https:\\\/\\\/miumjau.ee\\\/?s={search_term_string}\"},\"query-input\":{\"@type\":\"PropertyValueSpecification\",\"valueRequired\":true,\"valueName\":\"search_term_string\"}}],\"inLanguage\":\"lv-LV\"},{\"@type\":\"Organization\",\"@id\":\"https:\\\/\\\/miumjau.ee\\\/#organization\",\"name\":\"MiuMjau O\u00dc\",\"url\":\"https:\\\/\\\/miumjau.ee\\\/\",\"logo\":{\"@type\":\"ImageObject\",\"inLanguage\":\"lv-LV\",\"@id\":\"https:\\\/\\\/miumjau.ee\\\/#\\\/schema\\\/logo\\\/image\\\/\",\"url\":\"https:\\\/\\\/miumjau.ee\\\/wp-content\\\/uploads\\\/2022\\\/04\\\/MiuMjau-logo-kollane.png\",\"contentUrl\":\"https:\\\/\\\/miumjau.ee\\\/wp-content\\\/uploads\\\/2022\\\/04\\\/MiuMjau-logo-kollane.png\",\"width\":219,\"height\":100,\"caption\":\"MiuMjau O\u00dc\"},\"image\":{\"@id\":\"https:\\\/\\\/miumjau.ee\\\/#\\\/schema\\\/logo\\\/image\\\/\"},\"sameAs\":[\"https:\\\/\\\/www.facebook.com\\\/miumjaupood\\\/\"]}]}<\/script>\n<!-- \/ Yoast SEO plugin. -->","yoast_head_json":{"title":"Petrebels ZIP kvadr\u0101tveida kar\u0101jamais gu\u013cvietas XL 45cm, kapu\u010d\u012bno - MiuMjau","robots":{"index":"index","follow":"follow","max-snippet":"max-snippet:-1","max-image-preview":"max-image-preview:large","max-video-preview":"max-video-preview:-1"},"canonical":"https:\/\/miumjau.ee\/lv\/produkts\/petrebels-zip-kvadratveida-karajamais-gulvietas-xl-45cm-kapucino\/","og_locale":"lv_LV","og_type":"article","og_title":"Petrebels ZIP kvadr\u0101tveida kar\u0101jamais gu\u013cvietas XL 45cm, kapu\u010d\u012bno - MiuMjau","og_description":"M\u016bsu Sleeper ZIP Square ir \u012bpa\u0161i izstr\u0101d\u0101ts Norv\u0113\u0123ijas me\u017eac\u016bk\u0101m, Maine Coon, Ragdoll un cit\u0101m liel\u0101m ka\u0137u \u0161\u0137irn\u0113m. Pateicoties lielajam izm\u0113ram un polster\u0113tajam audumam, \u0161\u012b kar\u0101jam\u0101 gulta var iztur\u0113t l\u012bdz 25 kg! Protams, \u0161aj\u0101 super luksusa kar\u0101jamaj\u0101 gu\u013cviet\u0101 ir laipni gaid\u012bti ar\u012b visi citi ka\u0137i. Jo cik pat\u012bkami ir reiz\u0113m vienk\u0101r\u0161i izstiepties? \u012apa\u0161\u012bbas:     Piem\u0113rots visiem ka\u0137u veidiem    Izm\u0113rs: 45 x 45 cm    Der skr\u0101pju stabiem ar \u00d8 12 cm, \u00d8 15 cm un \u00d8 20 cm    Ar r\u0101v\u0113jsl\u0113dz\u0113ju, mazg\u0101jams ve\u013cas ma\u0161\u012bn\u0101 30\u00b0CPadoms: \u0145emiet v\u0113r\u0101, ka met\u0101la r\u0101mis padara skr\u0101pju stabu mazliet nestabilu.","og_url":"https:\/\/miumjau.ee\/lv\/produkts\/petrebels-zip-kvadratveida-karajamais-gulvietas-xl-45cm-kapucino\/","og_site_name":"MiuMjau","article_publisher":"https:\/\/www.facebook.com\/miumjaupood\/","og_image":[{"width":600,"height":800,"url":"https:\/\/miumjau.ee\/wp-content\/uploads\/2024\/12\/rippkiik-petrebels-SQ-45cm-XL17.jpg","type":"image\/jpeg"}],"twitter_card":"summary_large_image","schema":{"@context":"https:\/\/schema.org","@graph":[{"@type":"WebPage","@id":"https:\/\/miumjau.ee\/lv\/produkts\/petrebels-zip-kvadratveida-karajamais-gulvietas-xl-45cm-kapucino\/","url":"https:\/\/miumjau.ee\/lv\/produkts\/petrebels-zip-kvadratveida-karajamais-gulvietas-xl-45cm-kapucino\/","name":"Petrebels ZIP kvadr\u0101tveida kar\u0101jamais gu\u013cvietas XL 45cm, kapu\u010d\u012bno - MiuMjau","isPartOf":{"@id":"https:\/\/miumjau.ee\/#website"},"primaryImageOfPage":{"@id":"https:\/\/miumjau.ee\/lv\/produkts\/petrebels-zip-kvadratveida-karajamais-gulvietas-xl-45cm-kapucino\/#primaryimage"},"image":{"@id":"https:\/\/miumjau.ee\/lv\/produkts\/petrebels-zip-kvadratveida-karajamais-gulvietas-xl-45cm-kapucino\/#primaryimage"},"thumbnailUrl":"https:\/\/miumjau.ee\/wp-content\/uploads\/2024\/12\/rippkiik-petrebels-SQ-45cm-XL17.jpg","datePublished":"2024-12-13T18:52:33+00:00","breadcrumb":{"@id":"https:\/\/miumjau.ee\/lv\/produkts\/petrebels-zip-kvadratveida-karajamais-gulvietas-xl-45cm-kapucino\/#breadcrumb"},"inLanguage":"lv-LV","potentialAction":[{"@type":"ReadAction","target":["https:\/\/miumjau.ee\/lv\/produkts\/petrebels-zip-kvadratveida-karajamais-gulvietas-xl-45cm-kapucino\/"]}]},{"@type":"ImageObject","inLanguage":"lv-LV","@id":"https:\/\/miumjau.ee\/lv\/produkts\/petrebels-zip-kvadratveida-karajamais-gulvietas-xl-45cm-kapucino\/#primaryimage","url":"https:\/\/miumjau.ee\/wp-content\/uploads\/2024\/12\/rippkiik-petrebels-SQ-45cm-XL17.jpg","contentUrl":"https:\/\/miumjau.ee\/wp-content\/uploads\/2024\/12\/rippkiik-petrebels-SQ-45cm-XL17.jpg","width":600,"height":800},{"@type":"BreadcrumbList","@id":"https:\/\/miumjau.ee\/lv\/produkts\/petrebels-zip-kvadratveida-karajamais-gulvietas-xl-45cm-kapucino\/#breadcrumb","itemListElement":[{"@type":"ListItem","position":1,"name":"Home","item":"https:\/\/miumjau.ee\/lv\/"},{"@type":"ListItem","position":2,"name":"Veikals","item":"https:\/\/miumjau.ee\/lv\/veikals\/"},{"@type":"ListItem","position":3,"name":"Petrebels ZIP kvadr\u0101tveida kar\u0101jamais gu\u013cvietas XL 45cm, kapu\u010d\u012bno"}]},{"@type":"WebSite","@id":"https:\/\/miumjau.ee\/#website","url":"https:\/\/miumjau.ee\/","name":"MiuMjau","description":"Kraapimispuud kassidele","publisher":{"@id":"https:\/\/miumjau.ee\/#organization"},"potentialAction":[{"@type":"SearchAction","target":{"@type":"EntryPoint","urlTemplate":"https:\/\/miumjau.ee\/?s={search_term_string}"},"query-input":{"@type":"PropertyValueSpecification","valueRequired":true,"valueName":"search_term_string"}}],"inLanguage":"lv-LV"},{"@type":"Organization","@id":"https:\/\/miumjau.ee\/#organization","name":"MiuMjau O\u00dc","url":"https:\/\/miumjau.ee\/","logo":{"@type":"ImageObject","inLanguage":"lv-LV","@id":"https:\/\/miumjau.ee\/#\/schema\/logo\/image\/","url":"https:\/\/miumjau.ee\/wp-content\/uploads\/2022\/04\/MiuMjau-logo-kollane.png","contentUrl":"https:\/\/miumjau.ee\/wp-content\/uploads\/2022\/04\/MiuMjau-logo-kollane.png","width":219,"height":100,"caption":"MiuMjau O\u00dc"},"image":{"@id":"https:\/\/miumjau.ee\/#\/schema\/logo\/image\/"},"sameAs":["https:\/\/www.facebook.com\/miumjaupood\/"]}]}},"_links":{"self":[{"href":"https:\/\/miumjau.ee\/lv\/wp-json\/wp\/v2\/product\/55551","targetHints":{"allow":["GET"]}}],"collection":[{"href":"https:\/\/miumjau.ee\/lv\/wp-json\/wp\/v2\/product"}],"about":[{"href":"https:\/\/miumjau.ee\/lv\/wp-json\/wp\/v2\/types\/product"}],"wp:featuredmedia":[{"embeddable":true,"href":"https:\/\/miumjau.ee\/lv\/wp-json\/wp\/v2\/media\/55552"}],"wp:attachment":[{"href":"https:\/\/miumjau.ee\/lv\/wp-json\/wp\/v2\/media?parent=55551"}],"wp:term":[{"taxonomy":"product_brand","embeddable":true,"href":"https:\/\/miumjau.ee\/lv\/wp-json\/wp\/v2\/product_brand?post=55551"},{"taxonomy":"product_cat","embeddable":true,"href":"https:\/\/miumjau.ee\/lv\/wp-json\/wp\/v2\/product_cat?post=55551"},{"taxonomy":"product_tag","embeddable":true,"href":"https:\/\/miumjau.ee\/lv\/wp-json\/wp\/v2\/product_tag?post=55551"}],"curies":[{"name":"wp","href":"https:\/\/api.w.org\/{rel}","templated":true}]}}