{"id":55531,"date":"2024-12-03T11:09:04","date_gmt":"2024-12-03T09:09:04","guid":{"rendered":"https:\/\/miumjau.ee\/toode\/aatas-cat-tantalizing-mitras-baribas-kakiem-ar-tunci-un-surimi-24-x-80g\/"},"modified":"2024-12-03T11:09:04","modified_gmt":"2024-12-03T09:09:04","slug":"aatas-cat-tantalizing-mitras-baribas-kakiem-ar-tunci-un-surimi-24-x-80g","status":"publish","type":"product","link":"https:\/\/miumjau.ee\/lv\/produkts\/aatas-cat-tantalizing-mitras-baribas-kakiem-ar-tunci-un-surimi-24-x-80g\/","title":{"rendered":"Aatas Cat Tantalizing mitras bar\u012bbas ka\u0137iem ar tunci un surimi 24 x 80g"},"content":{"rendered":"","protected":false},"excerpt":{"rendered":"<p data-start=\"157\" data-end=\"332\">Gar\u0161\u012bga mitr\u0101 bar\u012bba ka\u0137iem ar augstu ga\u013cas saturu un augst\u0101ko kvalit\u0101ti. J\u016bsu ka\u0137im tas noteikti patiks! Ieg\u0101d\u0101joties \u0113dienu ar \u012bstu ga\u013cu, j\u016bs atbalst\u0101t sava ka\u0137a vesel\u012bbu.<\/p>\n<p data-start=\"334\" data-end=\"349\"><strong data-start=\"334\" data-end=\"347\">\u012apa\u0161\u012bbas:<\/strong><\/p>\n<ul data-start=\"350\" data-end=\"489\">\n<li data-section-id=\"159ca49\" data-start=\"350\" data-end=\"365\">\n<p data-start=\"352\" data-end=\"365\">Dab\u012bga ga\u013ca<\/p>\n<\/li>\n<li data-section-id=\"178bd6s\" data-start=\"366\" data-end=\"401\">\n<p data-start=\"368\" data-end=\"401\">Zems tauku un kaloriju daudzums<\/p>\n<\/li>\n<li data-section-id=\"1cvfde6\" data-start=\"402\" data-end=\"438\">\n<p data-start=\"404\" data-end=\"438\">Patiks ar\u012b izv\u0113l\u012bg\u0101kajiem ka\u0137iem<\/p>\n<\/li>\n<li data-section-id=\"1sw8e5t\" data-start=\"439\" data-end=\"455\">\n<p data-start=\"441\" data-end=\"455\">Bez graudiem<\/p>\n<\/li>\n<li data-section-id=\"xshvo7\" data-start=\"456\" data-end=\"477\">\n<p data-start=\"458\" data-end=\"477\">Bez konservantiem<\/p>\n<\/li>\n<li data-section-id=\"1d8iid1\" data-start=\"478\" data-end=\"489\">\n<p data-start=\"480\" data-end=\"489\">Bez \u0122MO<\/p>\n<\/li>\n<\/ul>\n<p data-start=\"491\" data-end=\"549\"><strong data-start=\"491\" data-end=\"503\">Sast\u0101vs:<\/strong><br data-start=\"503\" data-end=\"506\" \/>Tunci buljons, tunci, surimi, biezin\u0101t\u0101ji<\/p>\n<p data-start=\"551\" data-end=\"581\"><strong data-start=\"551\" data-end=\"579\">Anal\u012btisk\u0101s sast\u0101vda\u013cas:<\/strong><\/p>\n<ul data-start=\"582\" data-end=\"711\">\n<li data-section-id=\"1fgzwth\" data-start=\"582\" data-end=\"614\">\n<p data-start=\"584\" data-end=\"614\">Olbaltumvielas (min.) 11,50%<\/p>\n<\/li>\n<li data-section-id=\"12radkg\" data-start=\"615\" data-end=\"637\">\n<p data-start=\"617\" data-end=\"637\">Tauki (min.) 0,60%<\/p>\n<\/li>\n<li data-section-id=\"1dn91qv\" data-start=\"638\" data-end=\"663\">\n<p data-start=\"640\" data-end=\"663\">\u0160\u0137iedras (max.) 0,20%<\/p>\n<\/li>\n<li data-section-id=\"ypbq6l\" data-start=\"664\" data-end=\"688\">\n<p data-start=\"666\" data-end=\"688\">Mitrums (max.) 86,0%<\/p>\n<\/li>\n<li data-section-id=\"16l7swg\" data-start=\"689\" data-end=\"711\">\n<p data-start=\"691\" data-end=\"711\">Pelni (max.) 1,50%<\/p>\n<\/li>\n<\/ul>\n<p data-start=\"713\" data-end=\"771\"><strong data-start=\"713\" data-end=\"737\">Ener\u0123\u0113tisk\u0101 v\u0113rt\u012bba:<\/strong> 480 kcal\/kg, 38,4 kcal\/konservs<\/p>\n","protected":false},"featured_media":55532,"template":"","meta":[],"product_brand":[],"product_cat":[573,571],"product_tag":[],"class_list":{"0":"post-55531","1":"product","2":"type-product","3":"status-publish","4":"has-post-thumbnail","6":"product_cat-kaup24-lv","7":"product_cat-mitra-bariba","9":"first","10":"instock","11":"taxable","12":"shipping-taxable","13":"purchasable","14":"product-type-simple"},"yoast_head":"<!-- This site is optimized with the Yoast SEO plugin v27.4 - https:\/\/yoast.com\/product\/yoast-seo-wordpress\/ -->\n<title>Aatas Cat Tantalizing mitras bar\u012bbas ka\u0137iem ar tunci un surimi 24 x 80g - MiuMjau<\/title>\n<meta name=\"robots\" content=\"index, follow, max-snippet:-1, max-image-preview:large, max-video-preview:-1\" \/>\n<link rel=\"canonical\" href=\"https:\/\/miumjau.ee\/lv\/produkts\/aatas-cat-tantalizing-mitras-baribas-kakiem-ar-tunci-un-surimi-24-x-80g\/\" \/>\n<meta property=\"og:locale\" content=\"lv_LV\" \/>\n<meta property=\"og:type\" content=\"article\" \/>\n<meta property=\"og:title\" content=\"Aatas Cat Tantalizing mitras bar\u012bbas ka\u0137iem ar tunci un surimi 24 x 80g - MiuMjau\" \/>\n<meta property=\"og:description\" content=\"Gar\u0161\u012bga mitr\u0101 bar\u012bba ka\u0137iem ar augstu ga\u013cas saturu un augst\u0101ko kvalit\u0101ti. J\u016bsu ka\u0137im tas noteikti patiks! Ieg\u0101d\u0101joties \u0113dienu ar \u012bstu ga\u013cu, j\u016bs atbalst\u0101t sava ka\u0137a vesel\u012bbu. \u012apa\u0161\u012bbas:     Dab\u012bga ga\u013ca    Zems tauku un kaloriju daudzums    Patiks ar\u012b izv\u0113l\u012bg\u0101kajiem ka\u0137iem    Bez graudiem    Bez konservantiem    Bez \u0122MO   Sast\u0101vs:Tunci buljons, tunci, surimi, biezin\u0101t\u0101ji Anal\u012btisk\u0101s sast\u0101vda\u013cas:     Olbaltumvielas (min.) 11,50%    Tauki (min.) 0,60%    \u0160\u0137iedras (max.) 0,20%    Mitrums (max.) 86,0%    Pelni (max.) 1,50%   Ener\u0123\u0113tisk\u0101 v\u0113rt\u012bba: 480 kcal\/kg, 38,4 kcal\/konservs\" \/>\n<meta property=\"og:url\" content=\"https:\/\/miumjau.ee\/lv\/produkts\/aatas-cat-tantalizing-mitras-baribas-kakiem-ar-tunci-un-surimi-24-x-80g\/\" \/>\n<meta property=\"og:site_name\" content=\"MiuMjau\" \/>\n<meta property=\"article:publisher\" content=\"https:\/\/www.facebook.com\/miumjaupood\/\" \/>\n<meta property=\"og:image\" content=\"https:\/\/miumjau.ee\/wp-content\/uploads\/2024\/11\/Tuna-_-Surimi-Photoroom.jpg\" \/>\n\t<meta property=\"og:image:width\" content=\"600\" \/>\n\t<meta property=\"og:image:height\" content=\"800\" \/>\n\t<meta property=\"og:image:type\" content=\"image\/jpeg\" \/>\n<meta name=\"twitter:card\" content=\"summary_large_image\" \/>\n<script type=\"application\/ld+json\" class=\"yoast-schema-graph\">{\"@context\":\"https:\\\/\\\/schema.org\",\"@graph\":[{\"@type\":\"WebPage\",\"@id\":\"https:\\\/\\\/miumjau.ee\\\/lv\\\/produkts\\\/aatas-cat-tantalizing-mitras-baribas-kakiem-ar-tunci-un-surimi-24-x-80g\\\/\",\"url\":\"https:\\\/\\\/miumjau.ee\\\/lv\\\/produkts\\\/aatas-cat-tantalizing-mitras-baribas-kakiem-ar-tunci-un-surimi-24-x-80g\\\/\",\"name\":\"Aatas Cat Tantalizing mitras bar\u012bbas ka\u0137iem ar tunci un surimi 24 x 80g - MiuMjau\",\"isPartOf\":{\"@id\":\"https:\\\/\\\/miumjau.ee\\\/#website\"},\"primaryImageOfPage\":{\"@id\":\"https:\\\/\\\/miumjau.ee\\\/lv\\\/produkts\\\/aatas-cat-tantalizing-mitras-baribas-kakiem-ar-tunci-un-surimi-24-x-80g\\\/#primaryimage\"},\"image\":{\"@id\":\"https:\\\/\\\/miumjau.ee\\\/lv\\\/produkts\\\/aatas-cat-tantalizing-mitras-baribas-kakiem-ar-tunci-un-surimi-24-x-80g\\\/#primaryimage\"},\"thumbnailUrl\":\"https:\\\/\\\/miumjau.ee\\\/wp-content\\\/uploads\\\/2024\\\/11\\\/Tuna-_-Surimi-Photoroom.jpg\",\"datePublished\":\"2024-12-03T09:09:04+00:00\",\"breadcrumb\":{\"@id\":\"https:\\\/\\\/miumjau.ee\\\/lv\\\/produkts\\\/aatas-cat-tantalizing-mitras-baribas-kakiem-ar-tunci-un-surimi-24-x-80g\\\/#breadcrumb\"},\"inLanguage\":\"lv-LV\",\"potentialAction\":[{\"@type\":\"ReadAction\",\"target\":[\"https:\\\/\\\/miumjau.ee\\\/lv\\\/produkts\\\/aatas-cat-tantalizing-mitras-baribas-kakiem-ar-tunci-un-surimi-24-x-80g\\\/\"]}]},{\"@type\":\"ImageObject\",\"inLanguage\":\"lv-LV\",\"@id\":\"https:\\\/\\\/miumjau.ee\\\/lv\\\/produkts\\\/aatas-cat-tantalizing-mitras-baribas-kakiem-ar-tunci-un-surimi-24-x-80g\\\/#primaryimage\",\"url\":\"https:\\\/\\\/miumjau.ee\\\/wp-content\\\/uploads\\\/2024\\\/11\\\/Tuna-_-Surimi-Photoroom.jpg\",\"contentUrl\":\"https:\\\/\\\/miumjau.ee\\\/wp-content\\\/uploads\\\/2024\\\/11\\\/Tuna-_-Surimi-Photoroom.jpg\",\"width\":600,\"height\":800},{\"@type\":\"BreadcrumbList\",\"@id\":\"https:\\\/\\\/miumjau.ee\\\/lv\\\/produkts\\\/aatas-cat-tantalizing-mitras-baribas-kakiem-ar-tunci-un-surimi-24-x-80g\\\/#breadcrumb\",\"itemListElement\":[{\"@type\":\"ListItem\",\"position\":1,\"name\":\"Home\",\"item\":\"https:\\\/\\\/miumjau.ee\\\/lv\\\/\"},{\"@type\":\"ListItem\",\"position\":2,\"name\":\"Veikals\",\"item\":\"https:\\\/\\\/miumjau.ee\\\/lv\\\/veikals\\\/\"},{\"@type\":\"ListItem\",\"position\":3,\"name\":\"Aatas Cat Tantalizing mitras bar\u012bbas ka\u0137iem ar tunci un surimi 24 x 80g\"}]},{\"@type\":\"WebSite\",\"@id\":\"https:\\\/\\\/miumjau.ee\\\/#website\",\"url\":\"https:\\\/\\\/miumjau.ee\\\/\",\"name\":\"MiuMjau\",\"description\":\"Kraapimispuud kassidele\",\"publisher\":{\"@id\":\"https:\\\/\\\/miumjau.ee\\\/#organization\"},\"potentialAction\":[{\"@type\":\"SearchAction\",\"target\":{\"@type\":\"EntryPoint\",\"urlTemplate\":\"https:\\\/\\\/miumjau.ee\\\/?s={search_term_string}\"},\"query-input\":{\"@type\":\"PropertyValueSpecification\",\"valueRequired\":true,\"valueName\":\"search_term_string\"}}],\"inLanguage\":\"lv-LV\"},{\"@type\":\"Organization\",\"@id\":\"https:\\\/\\\/miumjau.ee\\\/#organization\",\"name\":\"MiuMjau O\u00dc\",\"url\":\"https:\\\/\\\/miumjau.ee\\\/\",\"logo\":{\"@type\":\"ImageObject\",\"inLanguage\":\"lv-LV\",\"@id\":\"https:\\\/\\\/miumjau.ee\\\/#\\\/schema\\\/logo\\\/image\\\/\",\"url\":\"https:\\\/\\\/miumjau.ee\\\/wp-content\\\/uploads\\\/2022\\\/04\\\/MiuMjau-logo-kollane.png\",\"contentUrl\":\"https:\\\/\\\/miumjau.ee\\\/wp-content\\\/uploads\\\/2022\\\/04\\\/MiuMjau-logo-kollane.png\",\"width\":219,\"height\":100,\"caption\":\"MiuMjau O\u00dc\"},\"image\":{\"@id\":\"https:\\\/\\\/miumjau.ee\\\/#\\\/schema\\\/logo\\\/image\\\/\"},\"sameAs\":[\"https:\\\/\\\/www.facebook.com\\\/miumjaupood\\\/\"]}]}<\/script>\n<!-- \/ Yoast SEO plugin. -->","yoast_head_json":{"title":"Aatas Cat Tantalizing mitras bar\u012bbas ka\u0137iem ar tunci un surimi 24 x 80g - MiuMjau","robots":{"index":"index","follow":"follow","max-snippet":"max-snippet:-1","max-image-preview":"max-image-preview:large","max-video-preview":"max-video-preview:-1"},"canonical":"https:\/\/miumjau.ee\/lv\/produkts\/aatas-cat-tantalizing-mitras-baribas-kakiem-ar-tunci-un-surimi-24-x-80g\/","og_locale":"lv_LV","og_type":"article","og_title":"Aatas Cat Tantalizing mitras bar\u012bbas ka\u0137iem ar tunci un surimi 24 x 80g - MiuMjau","og_description":"Gar\u0161\u012bga mitr\u0101 bar\u012bba ka\u0137iem ar augstu ga\u013cas saturu un augst\u0101ko kvalit\u0101ti. J\u016bsu ka\u0137im tas noteikti patiks! Ieg\u0101d\u0101joties \u0113dienu ar \u012bstu ga\u013cu, j\u016bs atbalst\u0101t sava ka\u0137a vesel\u012bbu. \u012apa\u0161\u012bbas:     Dab\u012bga ga\u013ca    Zems tauku un kaloriju daudzums    Patiks ar\u012b izv\u0113l\u012bg\u0101kajiem ka\u0137iem    Bez graudiem    Bez konservantiem    Bez \u0122MO   Sast\u0101vs:Tunci buljons, tunci, surimi, biezin\u0101t\u0101ji Anal\u012btisk\u0101s sast\u0101vda\u013cas:     Olbaltumvielas (min.) 11,50%    Tauki (min.) 0,60%    \u0160\u0137iedras (max.) 0,20%    Mitrums (max.) 86,0%    Pelni (max.) 1,50%   Ener\u0123\u0113tisk\u0101 v\u0113rt\u012bba: 480 kcal\/kg, 38,4 kcal\/konservs","og_url":"https:\/\/miumjau.ee\/lv\/produkts\/aatas-cat-tantalizing-mitras-baribas-kakiem-ar-tunci-un-surimi-24-x-80g\/","og_site_name":"MiuMjau","article_publisher":"https:\/\/www.facebook.com\/miumjaupood\/","og_image":[{"width":600,"height":800,"url":"https:\/\/miumjau.ee\/wp-content\/uploads\/2024\/11\/Tuna-_-Surimi-Photoroom.jpg","type":"image\/jpeg"}],"twitter_card":"summary_large_image","schema":{"@context":"https:\/\/schema.org","@graph":[{"@type":"WebPage","@id":"https:\/\/miumjau.ee\/lv\/produkts\/aatas-cat-tantalizing-mitras-baribas-kakiem-ar-tunci-un-surimi-24-x-80g\/","url":"https:\/\/miumjau.ee\/lv\/produkts\/aatas-cat-tantalizing-mitras-baribas-kakiem-ar-tunci-un-surimi-24-x-80g\/","name":"Aatas Cat Tantalizing mitras bar\u012bbas ka\u0137iem ar tunci un surimi 24 x 80g - MiuMjau","isPartOf":{"@id":"https:\/\/miumjau.ee\/#website"},"primaryImageOfPage":{"@id":"https:\/\/miumjau.ee\/lv\/produkts\/aatas-cat-tantalizing-mitras-baribas-kakiem-ar-tunci-un-surimi-24-x-80g\/#primaryimage"},"image":{"@id":"https:\/\/miumjau.ee\/lv\/produkts\/aatas-cat-tantalizing-mitras-baribas-kakiem-ar-tunci-un-surimi-24-x-80g\/#primaryimage"},"thumbnailUrl":"https:\/\/miumjau.ee\/wp-content\/uploads\/2024\/11\/Tuna-_-Surimi-Photoroom.jpg","datePublished":"2024-12-03T09:09:04+00:00","breadcrumb":{"@id":"https:\/\/miumjau.ee\/lv\/produkts\/aatas-cat-tantalizing-mitras-baribas-kakiem-ar-tunci-un-surimi-24-x-80g\/#breadcrumb"},"inLanguage":"lv-LV","potentialAction":[{"@type":"ReadAction","target":["https:\/\/miumjau.ee\/lv\/produkts\/aatas-cat-tantalizing-mitras-baribas-kakiem-ar-tunci-un-surimi-24-x-80g\/"]}]},{"@type":"ImageObject","inLanguage":"lv-LV","@id":"https:\/\/miumjau.ee\/lv\/produkts\/aatas-cat-tantalizing-mitras-baribas-kakiem-ar-tunci-un-surimi-24-x-80g\/#primaryimage","url":"https:\/\/miumjau.ee\/wp-content\/uploads\/2024\/11\/Tuna-_-Surimi-Photoroom.jpg","contentUrl":"https:\/\/miumjau.ee\/wp-content\/uploads\/2024\/11\/Tuna-_-Surimi-Photoroom.jpg","width":600,"height":800},{"@type":"BreadcrumbList","@id":"https:\/\/miumjau.ee\/lv\/produkts\/aatas-cat-tantalizing-mitras-baribas-kakiem-ar-tunci-un-surimi-24-x-80g\/#breadcrumb","itemListElement":[{"@type":"ListItem","position":1,"name":"Home","item":"https:\/\/miumjau.ee\/lv\/"},{"@type":"ListItem","position":2,"name":"Veikals","item":"https:\/\/miumjau.ee\/lv\/veikals\/"},{"@type":"ListItem","position":3,"name":"Aatas Cat Tantalizing mitras bar\u012bbas ka\u0137iem ar tunci un surimi 24 x 80g"}]},{"@type":"WebSite","@id":"https:\/\/miumjau.ee\/#website","url":"https:\/\/miumjau.ee\/","name":"MiuMjau","description":"Kraapimispuud kassidele","publisher":{"@id":"https:\/\/miumjau.ee\/#organization"},"potentialAction":[{"@type":"SearchAction","target":{"@type":"EntryPoint","urlTemplate":"https:\/\/miumjau.ee\/?s={search_term_string}"},"query-input":{"@type":"PropertyValueSpecification","valueRequired":true,"valueName":"search_term_string"}}],"inLanguage":"lv-LV"},{"@type":"Organization","@id":"https:\/\/miumjau.ee\/#organization","name":"MiuMjau O\u00dc","url":"https:\/\/miumjau.ee\/","logo":{"@type":"ImageObject","inLanguage":"lv-LV","@id":"https:\/\/miumjau.ee\/#\/schema\/logo\/image\/","url":"https:\/\/miumjau.ee\/wp-content\/uploads\/2022\/04\/MiuMjau-logo-kollane.png","contentUrl":"https:\/\/miumjau.ee\/wp-content\/uploads\/2022\/04\/MiuMjau-logo-kollane.png","width":219,"height":100,"caption":"MiuMjau O\u00dc"},"image":{"@id":"https:\/\/miumjau.ee\/#\/schema\/logo\/image\/"},"sameAs":["https:\/\/www.facebook.com\/miumjaupood\/"]}]}},"_links":{"self":[{"href":"https:\/\/miumjau.ee\/lv\/wp-json\/wp\/v2\/product\/55531","targetHints":{"allow":["GET"]}}],"collection":[{"href":"https:\/\/miumjau.ee\/lv\/wp-json\/wp\/v2\/product"}],"about":[{"href":"https:\/\/miumjau.ee\/lv\/wp-json\/wp\/v2\/types\/product"}],"wp:featuredmedia":[{"embeddable":true,"href":"https:\/\/miumjau.ee\/lv\/wp-json\/wp\/v2\/media\/55532"}],"wp:attachment":[{"href":"https:\/\/miumjau.ee\/lv\/wp-json\/wp\/v2\/media?parent=55531"}],"wp:term":[{"taxonomy":"product_brand","embeddable":true,"href":"https:\/\/miumjau.ee\/lv\/wp-json\/wp\/v2\/product_brand?post=55531"},{"taxonomy":"product_cat","embeddable":true,"href":"https:\/\/miumjau.ee\/lv\/wp-json\/wp\/v2\/product_cat?post=55531"},{"taxonomy":"product_tag","embeddable":true,"href":"https:\/\/miumjau.ee\/lv\/wp-json\/wp\/v2\/product_tag?post=55531"}],"curies":[{"name":"wp","href":"https:\/\/api.w.org\/{rel}","templated":true}]}}