{"id":55527,"date":"2024-12-03T11:09:01","date_gmt":"2024-12-03T09:09:01","guid":{"rendered":"https:\/\/miumjau.ee\/toode\/aatas-cat-tantalizing-mitras-baribas-kakiem-ar-tunci-un-garnelem-24-x-80g\/"},"modified":"2024-12-03T11:09:01","modified_gmt":"2024-12-03T09:09:01","slug":"aatas-cat-tantalizing-mitras-baribas-kakiem-ar-tunci-un-garnelem-24-x-80g","status":"publish","type":"product","link":"https:\/\/miumjau.ee\/lv\/produkts\/aatas-cat-tantalizing-mitras-baribas-kakiem-ar-tunci-un-garnelem-24-x-80g\/","title":{"rendered":"Aatas Cat Tantalizing mitras bar\u012bbas ka\u0137iem ar tunci un garnel\u0113m 24 x 80g"},"content":{"rendered":"","protected":false},"excerpt":{"rendered":"<p data-start=\"148\" data-end=\"236\">Vesel\u012bga un r\u016bp\u012bgi izstr\u0101d\u0101ta mitr\u0101 bar\u012bba ka\u0137iem. Lieliska izv\u0113le vesel\u012bgai \u0113dienrei.<\/p>\n<ul data-start=\"238\" data-end=\"361\">\n<li data-section-id=\"178bd6s\" data-start=\"238\" data-end=\"273\">\n<p data-start=\"240\" data-end=\"273\">Zems tauku un kaloriju daudzums<\/p>\n<\/li>\n<li data-section-id=\"1cvfde6\" data-start=\"274\" data-end=\"310\">\n<p data-start=\"276\" data-end=\"310\">Patiks ar\u012b izv\u0113l\u012bg\u0101kajiem ka\u0137iem<\/p>\n<\/li>\n<li data-section-id=\"1sw8e5t\" data-start=\"311\" data-end=\"327\">\n<p data-start=\"313\" data-end=\"327\">Bez graudiem<\/p>\n<\/li>\n<li data-section-id=\"xshvo7\" data-start=\"328\" data-end=\"349\">\n<p data-start=\"330\" data-end=\"349\">Bez konservantiem<\/p>\n<\/li>\n<li data-section-id=\"1d8iid1\" data-start=\"350\" data-end=\"361\">\n<p data-start=\"352\" data-end=\"361\">Bez \u0122MO<\/p>\n<\/li>\n<\/ul>\n<p data-start=\"363\" data-end=\"423\"><strong data-start=\"363\" data-end=\"375\">Sast\u0101vs:<\/strong><br data-start=\"375\" data-end=\"378\" \/>Tunci buljons, tunci, garneles, biezin\u0101t\u0101ji<\/p>\n<p data-start=\"425\" data-end=\"455\"><strong data-start=\"425\" data-end=\"453\">Anal\u012btisk\u0101s sast\u0101vda\u013cas:<\/strong><\/p>\n<ul data-start=\"456\" data-end=\"585\">\n<li data-section-id=\"1fgzwth\" data-start=\"456\" data-end=\"488\">\n<p data-start=\"458\" data-end=\"488\">Olbaltumvielas (min.) 11,50%<\/p>\n<\/li>\n<li data-section-id=\"12radkg\" data-start=\"489\" data-end=\"511\">\n<p data-start=\"491\" data-end=\"511\">Tauki (min.) 0,60%<\/p>\n<\/li>\n<li data-section-id=\"1dn91qv\" data-start=\"512\" data-end=\"537\">\n<p data-start=\"514\" data-end=\"537\">\u0160\u0137iedras (max.) 0,20%<\/p>\n<\/li>\n<li data-section-id=\"ypbq6l\" data-start=\"538\" data-end=\"562\">\n<p data-start=\"540\" data-end=\"562\">Mitrums (max.) 86,0%<\/p>\n<\/li>\n<li data-section-id=\"16j2711\" data-start=\"563\" data-end=\"585\">\n<p data-start=\"565\" data-end=\"585\">Pelni (max.) 1,00%<\/p>\n<\/li>\n<\/ul>\n<p data-start=\"587\" data-end=\"645\"><strong data-start=\"587\" data-end=\"611\">Ener\u0123\u0113tisk\u0101 v\u0113rt\u012bba:<\/strong> 480 kcal\/kg, 38,4 kcal\/konservs<\/p>\n","protected":false},"featured_media":55528,"template":"","meta":[],"product_brand":[],"product_cat":[573,571],"product_tag":[],"class_list":{"0":"post-55527","1":"product","2":"type-product","3":"status-publish","4":"has-post-thumbnail","6":"product_cat-kaup24-lv","7":"product_cat-mitra-bariba","9":"first","10":"instock","11":"taxable","12":"shipping-taxable","13":"purchasable","14":"product-type-simple"},"yoast_head":"<!-- This site is optimized with the Yoast SEO plugin v27.4 - https:\/\/yoast.com\/product\/yoast-seo-wordpress\/ -->\n<title>Aatas Cat Tantalizing mitras bar\u012bbas ka\u0137iem ar tunci un garnel\u0113m 24 x 80g - MiuMjau<\/title>\n<meta name=\"robots\" content=\"index, follow, max-snippet:-1, max-image-preview:large, max-video-preview:-1\" \/>\n<link rel=\"canonical\" href=\"https:\/\/miumjau.ee\/lv\/produkts\/aatas-cat-tantalizing-mitras-baribas-kakiem-ar-tunci-un-garnelem-24-x-80g\/\" \/>\n<meta property=\"og:locale\" content=\"lv_LV\" \/>\n<meta property=\"og:type\" content=\"article\" \/>\n<meta property=\"og:title\" content=\"Aatas Cat Tantalizing mitras bar\u012bbas ka\u0137iem ar tunci un garnel\u0113m 24 x 80g - MiuMjau\" \/>\n<meta property=\"og:description\" content=\"Vesel\u012bga un r\u016bp\u012bgi izstr\u0101d\u0101ta mitr\u0101 bar\u012bba ka\u0137iem. Lieliska izv\u0113le vesel\u012bgai \u0113dienrei.     Zems tauku un kaloriju daudzums    Patiks ar\u012b izv\u0113l\u012bg\u0101kajiem ka\u0137iem    Bez graudiem    Bez konservantiem    Bez \u0122MO   Sast\u0101vs:Tunci buljons, tunci, garneles, biezin\u0101t\u0101ji Anal\u012btisk\u0101s sast\u0101vda\u013cas:     Olbaltumvielas (min.) 11,50%    Tauki (min.) 0,60%    \u0160\u0137iedras (max.) 0,20%    Mitrums (max.) 86,0%    Pelni (max.) 1,00%   Ener\u0123\u0113tisk\u0101 v\u0113rt\u012bba: 480 kcal\/kg, 38,4 kcal\/konservs\" \/>\n<meta property=\"og:url\" content=\"https:\/\/miumjau.ee\/lv\/produkts\/aatas-cat-tantalizing-mitras-baribas-kakiem-ar-tunci-un-garnelem-24-x-80g\/\" \/>\n<meta property=\"og:site_name\" content=\"MiuMjau\" \/>\n<meta property=\"article:publisher\" content=\"https:\/\/www.facebook.com\/miumjaupood\/\" \/>\n<meta property=\"og:image\" content=\"https:\/\/miumjau.ee\/wp-content\/uploads\/2024\/11\/aatas-tantalizing-kosnerv-kassile-tuna-shrimp.jpg\" \/>\n\t<meta property=\"og:image:width\" content=\"600\" \/>\n\t<meta property=\"og:image:height\" content=\"800\" \/>\n\t<meta property=\"og:image:type\" content=\"image\/jpeg\" \/>\n<meta name=\"twitter:card\" content=\"summary_large_image\" \/>\n<script type=\"application\/ld+json\" class=\"yoast-schema-graph\">{\"@context\":\"https:\\\/\\\/schema.org\",\"@graph\":[{\"@type\":\"WebPage\",\"@id\":\"https:\\\/\\\/miumjau.ee\\\/lv\\\/produkts\\\/aatas-cat-tantalizing-mitras-baribas-kakiem-ar-tunci-un-garnelem-24-x-80g\\\/\",\"url\":\"https:\\\/\\\/miumjau.ee\\\/lv\\\/produkts\\\/aatas-cat-tantalizing-mitras-baribas-kakiem-ar-tunci-un-garnelem-24-x-80g\\\/\",\"name\":\"Aatas Cat Tantalizing mitras bar\u012bbas ka\u0137iem ar tunci un garnel\u0113m 24 x 80g - MiuMjau\",\"isPartOf\":{\"@id\":\"https:\\\/\\\/miumjau.ee\\\/#website\"},\"primaryImageOfPage\":{\"@id\":\"https:\\\/\\\/miumjau.ee\\\/lv\\\/produkts\\\/aatas-cat-tantalizing-mitras-baribas-kakiem-ar-tunci-un-garnelem-24-x-80g\\\/#primaryimage\"},\"image\":{\"@id\":\"https:\\\/\\\/miumjau.ee\\\/lv\\\/produkts\\\/aatas-cat-tantalizing-mitras-baribas-kakiem-ar-tunci-un-garnelem-24-x-80g\\\/#primaryimage\"},\"thumbnailUrl\":\"https:\\\/\\\/miumjau.ee\\\/wp-content\\\/uploads\\\/2024\\\/11\\\/aatas-tantalizing-kosnerv-kassile-tuna-shrimp.jpg\",\"datePublished\":\"2024-12-03T09:09:01+00:00\",\"breadcrumb\":{\"@id\":\"https:\\\/\\\/miumjau.ee\\\/lv\\\/produkts\\\/aatas-cat-tantalizing-mitras-baribas-kakiem-ar-tunci-un-garnelem-24-x-80g\\\/#breadcrumb\"},\"inLanguage\":\"lv-LV\",\"potentialAction\":[{\"@type\":\"ReadAction\",\"target\":[\"https:\\\/\\\/miumjau.ee\\\/lv\\\/produkts\\\/aatas-cat-tantalizing-mitras-baribas-kakiem-ar-tunci-un-garnelem-24-x-80g\\\/\"]}]},{\"@type\":\"ImageObject\",\"inLanguage\":\"lv-LV\",\"@id\":\"https:\\\/\\\/miumjau.ee\\\/lv\\\/produkts\\\/aatas-cat-tantalizing-mitras-baribas-kakiem-ar-tunci-un-garnelem-24-x-80g\\\/#primaryimage\",\"url\":\"https:\\\/\\\/miumjau.ee\\\/wp-content\\\/uploads\\\/2024\\\/11\\\/aatas-tantalizing-kosnerv-kassile-tuna-shrimp.jpg\",\"contentUrl\":\"https:\\\/\\\/miumjau.ee\\\/wp-content\\\/uploads\\\/2024\\\/11\\\/aatas-tantalizing-kosnerv-kassile-tuna-shrimp.jpg\",\"width\":600,\"height\":800},{\"@type\":\"BreadcrumbList\",\"@id\":\"https:\\\/\\\/miumjau.ee\\\/lv\\\/produkts\\\/aatas-cat-tantalizing-mitras-baribas-kakiem-ar-tunci-un-garnelem-24-x-80g\\\/#breadcrumb\",\"itemListElement\":[{\"@type\":\"ListItem\",\"position\":1,\"name\":\"Home\",\"item\":\"https:\\\/\\\/miumjau.ee\\\/lv\\\/\"},{\"@type\":\"ListItem\",\"position\":2,\"name\":\"Veikals\",\"item\":\"https:\\\/\\\/miumjau.ee\\\/lv\\\/veikals\\\/\"},{\"@type\":\"ListItem\",\"position\":3,\"name\":\"Aatas Cat Tantalizing mitras bar\u012bbas ka\u0137iem ar tunci un garnel\u0113m 24 x 80g\"}]},{\"@type\":\"WebSite\",\"@id\":\"https:\\\/\\\/miumjau.ee\\\/#website\",\"url\":\"https:\\\/\\\/miumjau.ee\\\/\",\"name\":\"MiuMjau\",\"description\":\"Kraapimispuud kassidele\",\"publisher\":{\"@id\":\"https:\\\/\\\/miumjau.ee\\\/#organization\"},\"potentialAction\":[{\"@type\":\"SearchAction\",\"target\":{\"@type\":\"EntryPoint\",\"urlTemplate\":\"https:\\\/\\\/miumjau.ee\\\/?s={search_term_string}\"},\"query-input\":{\"@type\":\"PropertyValueSpecification\",\"valueRequired\":true,\"valueName\":\"search_term_string\"}}],\"inLanguage\":\"lv-LV\"},{\"@type\":\"Organization\",\"@id\":\"https:\\\/\\\/miumjau.ee\\\/#organization\",\"name\":\"MiuMjau O\u00dc\",\"url\":\"https:\\\/\\\/miumjau.ee\\\/\",\"logo\":{\"@type\":\"ImageObject\",\"inLanguage\":\"lv-LV\",\"@id\":\"https:\\\/\\\/miumjau.ee\\\/#\\\/schema\\\/logo\\\/image\\\/\",\"url\":\"https:\\\/\\\/miumjau.ee\\\/wp-content\\\/uploads\\\/2022\\\/04\\\/MiuMjau-logo-kollane.png\",\"contentUrl\":\"https:\\\/\\\/miumjau.ee\\\/wp-content\\\/uploads\\\/2022\\\/04\\\/MiuMjau-logo-kollane.png\",\"width\":219,\"height\":100,\"caption\":\"MiuMjau O\u00dc\"},\"image\":{\"@id\":\"https:\\\/\\\/miumjau.ee\\\/#\\\/schema\\\/logo\\\/image\\\/\"},\"sameAs\":[\"https:\\\/\\\/www.facebook.com\\\/miumjaupood\\\/\"]}]}<\/script>\n<!-- \/ Yoast SEO plugin. -->","yoast_head_json":{"title":"Aatas Cat Tantalizing mitras bar\u012bbas ka\u0137iem ar tunci un garnel\u0113m 24 x 80g - MiuMjau","robots":{"index":"index","follow":"follow","max-snippet":"max-snippet:-1","max-image-preview":"max-image-preview:large","max-video-preview":"max-video-preview:-1"},"canonical":"https:\/\/miumjau.ee\/lv\/produkts\/aatas-cat-tantalizing-mitras-baribas-kakiem-ar-tunci-un-garnelem-24-x-80g\/","og_locale":"lv_LV","og_type":"article","og_title":"Aatas Cat Tantalizing mitras bar\u012bbas ka\u0137iem ar tunci un garnel\u0113m 24 x 80g - MiuMjau","og_description":"Vesel\u012bga un r\u016bp\u012bgi izstr\u0101d\u0101ta mitr\u0101 bar\u012bba ka\u0137iem. Lieliska izv\u0113le vesel\u012bgai \u0113dienrei.     Zems tauku un kaloriju daudzums    Patiks ar\u012b izv\u0113l\u012bg\u0101kajiem ka\u0137iem    Bez graudiem    Bez konservantiem    Bez \u0122MO   Sast\u0101vs:Tunci buljons, tunci, garneles, biezin\u0101t\u0101ji Anal\u012btisk\u0101s sast\u0101vda\u013cas:     Olbaltumvielas (min.) 11,50%    Tauki (min.) 0,60%    \u0160\u0137iedras (max.) 0,20%    Mitrums (max.) 86,0%    Pelni (max.) 1,00%   Ener\u0123\u0113tisk\u0101 v\u0113rt\u012bba: 480 kcal\/kg, 38,4 kcal\/konservs","og_url":"https:\/\/miumjau.ee\/lv\/produkts\/aatas-cat-tantalizing-mitras-baribas-kakiem-ar-tunci-un-garnelem-24-x-80g\/","og_site_name":"MiuMjau","article_publisher":"https:\/\/www.facebook.com\/miumjaupood\/","og_image":[{"width":600,"height":800,"url":"https:\/\/miumjau.ee\/wp-content\/uploads\/2024\/11\/aatas-tantalizing-kosnerv-kassile-tuna-shrimp.jpg","type":"image\/jpeg"}],"twitter_card":"summary_large_image","schema":{"@context":"https:\/\/schema.org","@graph":[{"@type":"WebPage","@id":"https:\/\/miumjau.ee\/lv\/produkts\/aatas-cat-tantalizing-mitras-baribas-kakiem-ar-tunci-un-garnelem-24-x-80g\/","url":"https:\/\/miumjau.ee\/lv\/produkts\/aatas-cat-tantalizing-mitras-baribas-kakiem-ar-tunci-un-garnelem-24-x-80g\/","name":"Aatas Cat Tantalizing mitras bar\u012bbas ka\u0137iem ar tunci un garnel\u0113m 24 x 80g - MiuMjau","isPartOf":{"@id":"https:\/\/miumjau.ee\/#website"},"primaryImageOfPage":{"@id":"https:\/\/miumjau.ee\/lv\/produkts\/aatas-cat-tantalizing-mitras-baribas-kakiem-ar-tunci-un-garnelem-24-x-80g\/#primaryimage"},"image":{"@id":"https:\/\/miumjau.ee\/lv\/produkts\/aatas-cat-tantalizing-mitras-baribas-kakiem-ar-tunci-un-garnelem-24-x-80g\/#primaryimage"},"thumbnailUrl":"https:\/\/miumjau.ee\/wp-content\/uploads\/2024\/11\/aatas-tantalizing-kosnerv-kassile-tuna-shrimp.jpg","datePublished":"2024-12-03T09:09:01+00:00","breadcrumb":{"@id":"https:\/\/miumjau.ee\/lv\/produkts\/aatas-cat-tantalizing-mitras-baribas-kakiem-ar-tunci-un-garnelem-24-x-80g\/#breadcrumb"},"inLanguage":"lv-LV","potentialAction":[{"@type":"ReadAction","target":["https:\/\/miumjau.ee\/lv\/produkts\/aatas-cat-tantalizing-mitras-baribas-kakiem-ar-tunci-un-garnelem-24-x-80g\/"]}]},{"@type":"ImageObject","inLanguage":"lv-LV","@id":"https:\/\/miumjau.ee\/lv\/produkts\/aatas-cat-tantalizing-mitras-baribas-kakiem-ar-tunci-un-garnelem-24-x-80g\/#primaryimage","url":"https:\/\/miumjau.ee\/wp-content\/uploads\/2024\/11\/aatas-tantalizing-kosnerv-kassile-tuna-shrimp.jpg","contentUrl":"https:\/\/miumjau.ee\/wp-content\/uploads\/2024\/11\/aatas-tantalizing-kosnerv-kassile-tuna-shrimp.jpg","width":600,"height":800},{"@type":"BreadcrumbList","@id":"https:\/\/miumjau.ee\/lv\/produkts\/aatas-cat-tantalizing-mitras-baribas-kakiem-ar-tunci-un-garnelem-24-x-80g\/#breadcrumb","itemListElement":[{"@type":"ListItem","position":1,"name":"Home","item":"https:\/\/miumjau.ee\/lv\/"},{"@type":"ListItem","position":2,"name":"Veikals","item":"https:\/\/miumjau.ee\/lv\/veikals\/"},{"@type":"ListItem","position":3,"name":"Aatas Cat Tantalizing mitras bar\u012bbas ka\u0137iem ar tunci un garnel\u0113m 24 x 80g"}]},{"@type":"WebSite","@id":"https:\/\/miumjau.ee\/#website","url":"https:\/\/miumjau.ee\/","name":"MiuMjau","description":"Kraapimispuud kassidele","publisher":{"@id":"https:\/\/miumjau.ee\/#organization"},"potentialAction":[{"@type":"SearchAction","target":{"@type":"EntryPoint","urlTemplate":"https:\/\/miumjau.ee\/?s={search_term_string}"},"query-input":{"@type":"PropertyValueSpecification","valueRequired":true,"valueName":"search_term_string"}}],"inLanguage":"lv-LV"},{"@type":"Organization","@id":"https:\/\/miumjau.ee\/#organization","name":"MiuMjau O\u00dc","url":"https:\/\/miumjau.ee\/","logo":{"@type":"ImageObject","inLanguage":"lv-LV","@id":"https:\/\/miumjau.ee\/#\/schema\/logo\/image\/","url":"https:\/\/miumjau.ee\/wp-content\/uploads\/2022\/04\/MiuMjau-logo-kollane.png","contentUrl":"https:\/\/miumjau.ee\/wp-content\/uploads\/2022\/04\/MiuMjau-logo-kollane.png","width":219,"height":100,"caption":"MiuMjau O\u00dc"},"image":{"@id":"https:\/\/miumjau.ee\/#\/schema\/logo\/image\/"},"sameAs":["https:\/\/www.facebook.com\/miumjaupood\/"]}]}},"_links":{"self":[{"href":"https:\/\/miumjau.ee\/lv\/wp-json\/wp\/v2\/product\/55527","targetHints":{"allow":["GET"]}}],"collection":[{"href":"https:\/\/miumjau.ee\/lv\/wp-json\/wp\/v2\/product"}],"about":[{"href":"https:\/\/miumjau.ee\/lv\/wp-json\/wp\/v2\/types\/product"}],"wp:featuredmedia":[{"embeddable":true,"href":"https:\/\/miumjau.ee\/lv\/wp-json\/wp\/v2\/media\/55528"}],"wp:attachment":[{"href":"https:\/\/miumjau.ee\/lv\/wp-json\/wp\/v2\/media?parent=55527"}],"wp:term":[{"taxonomy":"product_brand","embeddable":true,"href":"https:\/\/miumjau.ee\/lv\/wp-json\/wp\/v2\/product_brand?post=55527"},{"taxonomy":"product_cat","embeddable":true,"href":"https:\/\/miumjau.ee\/lv\/wp-json\/wp\/v2\/product_cat?post=55527"},{"taxonomy":"product_tag","embeddable":true,"href":"https:\/\/miumjau.ee\/lv\/wp-json\/wp\/v2\/product_tag?post=55527"}],"curies":[{"name":"wp","href":"https:\/\/api.w.org\/{rel}","templated":true}]}}