{"id":55521,"date":"2024-12-03T11:08:55","date_gmt":"2024-12-03T09:08:55","guid":{"rendered":"https:\/\/miumjau.ee\/toode\/aatas-cat-tantalizing-mitras-baribas-kakiem-ar-tunci-un-vistu-24-x-80g\/"},"modified":"2024-12-03T11:08:55","modified_gmt":"2024-12-03T09:08:55","slug":"aatas-cat-tantalizing-mitras-baribas-kakiem-ar-tunci-un-vistu-24-x-80g","status":"publish","type":"product","link":"https:\/\/miumjau.ee\/lv\/produkts\/aatas-cat-tantalizing-mitras-baribas-kakiem-ar-tunci-un-vistu-24-x-80g\/","title":{"rendered":"Aatas Cat Tantalizing mitras bar\u012bbas ka\u0137iem ar tunci un vistu 24 x 80g"},"content":{"rendered":"","protected":false},"excerpt":{"rendered":"<p data-start=\"145\" data-end=\"237\">Gar\u0161\u012bga un pilnv\u0113rt\u012bga mitr\u0101 bar\u012bba ka\u0137iem. Lieliska izv\u0113le j\u016bsu m\u012blu\u013ca vesel\u012bgam uzturam.<\/p>\n<p data-start=\"239\" data-end=\"281\"><strong data-start=\"239\" data-end=\"279\">Aatas Cat Tantalizing Tuna \u012bpa\u0161\u012bbas:<\/strong><\/p>\n<ul data-start=\"282\" data-end=\"461\">\n<li data-section-id=\"vyi8in\" data-start=\"282\" data-end=\"295\">\n<p data-start=\"284\" data-end=\"295\">T\u012bra ga\u013ca<\/p>\n<\/li>\n<li data-section-id=\"9lvynn\" data-start=\"296\" data-end=\"329\">\n<p data-start=\"298\" data-end=\"329\">Zems tauku un kaloriju saturs<\/p>\n<\/li>\n<li data-section-id=\"yt6cf6\" data-start=\"330\" data-end=\"365\">\n<p data-start=\"332\" data-end=\"365\">Pat\u012bk pat izv\u0113l\u012bg\u0101kajiem ka\u0137iem<\/p>\n<\/li>\n<li data-section-id=\"1bhq72r\" data-start=\"366\" data-end=\"429\">\n<p data-start=\"368\" data-end=\"429\">Nesatur graudus, \u0122MO, m\u0101ksl\u012bgas kr\u0101svielas vai konservantus<\/p>\n<\/li>\n<li data-section-id=\"107z6ji\" data-start=\"430\" data-end=\"461\">\n<p data-start=\"432\" data-end=\"461\">Dab\u012bga \u2013 vesel\u012bga \u2013 gar\u0161\u012bga<\/p>\n<\/li>\n<\/ul>\n<p data-start=\"463\" data-end=\"524\"><strong data-start=\"463\" data-end=\"479\">Sast\u0101vda\u013cas:<\/strong><br data-start=\"479\" data-end=\"482\" \/>Tunci buljons, tunci, vista, biezin\u0101t\u0101ji<\/p>\n<p data-start=\"526\" data-end=\"556\"><strong data-start=\"526\" data-end=\"554\">Anal\u012btisk\u0101s sast\u0101vda\u013cas:<\/strong><\/p>\n<ul data-start=\"557\" data-end=\"673\">\n<li data-section-id=\"tjppgh\" data-start=\"557\" data-end=\"585\">\n<p data-start=\"559\" data-end=\"585\">Olbaltumvielas (min) 12%<\/p>\n<\/li>\n<li data-section-id=\"mmggi6\" data-start=\"586\" data-end=\"606\">\n<p data-start=\"588\" data-end=\"606\">Tauki (min) 0,6%<\/p>\n<\/li>\n<li data-section-id=\"1d3gwx5\" data-start=\"607\" data-end=\"630\">\n<p data-start=\"609\" data-end=\"630\">\u0160\u0137iedras (max) 0,2%<\/p>\n<\/li>\n<li data-section-id=\"1pbg9wf\" data-start=\"631\" data-end=\"652\">\n<p data-start=\"633\" data-end=\"652\">Mitrums (max) 86%<\/p>\n<\/li>\n<li data-section-id=\"1a34i0e\" data-start=\"653\" data-end=\"673\">\n<p data-start=\"655\" data-end=\"673\">Pelni (max) 1,5%<\/p>\n<\/li>\n<\/ul>\n<p data-start=\"675\" data-end=\"733\"><strong data-start=\"675\" data-end=\"699\">Ener\u0123\u0113tisk\u0101 v\u0113rt\u012bba:<\/strong> 480 kcal\/kg, 38,4 kcal\/konservs<\/p>\n","protected":false},"featured_media":55522,"template":"","meta":[],"product_brand":[],"product_cat":[573,571],"product_tag":[],"class_list":{"0":"post-55521","1":"product","2":"type-product","3":"status-publish","4":"has-post-thumbnail","6":"product_cat-kaup24-lv","7":"product_cat-mitra-bariba","9":"first","10":"instock","11":"taxable","12":"shipping-taxable","13":"purchasable","14":"product-type-simple"},"yoast_head":"<!-- This site is optimized with the Yoast SEO plugin v27.4 - https:\/\/yoast.com\/product\/yoast-seo-wordpress\/ -->\n<title>Aatas Cat Tantalizing mitras bar\u012bbas ka\u0137iem ar tunci un vistu 24 x 80g - MiuMjau<\/title>\n<meta name=\"robots\" content=\"index, follow, max-snippet:-1, max-image-preview:large, max-video-preview:-1\" \/>\n<link rel=\"canonical\" href=\"https:\/\/miumjau.ee\/lv\/produkts\/aatas-cat-tantalizing-mitras-baribas-kakiem-ar-tunci-un-vistu-24-x-80g\/\" \/>\n<meta property=\"og:locale\" content=\"lv_LV\" \/>\n<meta property=\"og:type\" content=\"article\" \/>\n<meta property=\"og:title\" content=\"Aatas Cat Tantalizing mitras bar\u012bbas ka\u0137iem ar tunci un vistu 24 x 80g - MiuMjau\" \/>\n<meta property=\"og:description\" content=\"Gar\u0161\u012bga un pilnv\u0113rt\u012bga mitr\u0101 bar\u012bba ka\u0137iem. Lieliska izv\u0113le j\u016bsu m\u012blu\u013ca vesel\u012bgam uzturam. Aatas Cat Tantalizing Tuna \u012bpa\u0161\u012bbas:     T\u012bra ga\u013ca    Zems tauku un kaloriju saturs    Pat\u012bk pat izv\u0113l\u012bg\u0101kajiem ka\u0137iem    Nesatur graudus, \u0122MO, m\u0101ksl\u012bgas kr\u0101svielas vai konservantus    Dab\u012bga \u2013 vesel\u012bga \u2013 gar\u0161\u012bga   Sast\u0101vda\u013cas:Tunci buljons, tunci, vista, biezin\u0101t\u0101ji Anal\u012btisk\u0101s sast\u0101vda\u013cas:     Olbaltumvielas (min) 12%    Tauki (min) 0,6%    \u0160\u0137iedras (max) 0,2%    Mitrums (max) 86%    Pelni (max) 1,5%   Ener\u0123\u0113tisk\u0101 v\u0113rt\u012bba: 480 kcal\/kg, 38,4 kcal\/konservs\" \/>\n<meta property=\"og:url\" content=\"https:\/\/miumjau.ee\/lv\/produkts\/aatas-cat-tantalizing-mitras-baribas-kakiem-ar-tunci-un-vistu-24-x-80g\/\" \/>\n<meta property=\"og:site_name\" content=\"MiuMjau\" \/>\n<meta property=\"article:publisher\" content=\"https:\/\/www.facebook.com\/miumjaupood\/\" \/>\n<meta property=\"og:image\" content=\"https:\/\/miumjau.ee\/wp-content\/uploads\/2024\/11\/aatas-tantalizing-konserv-kassidele6.jpg\" \/>\n\t<meta property=\"og:image:width\" content=\"600\" \/>\n\t<meta property=\"og:image:height\" content=\"800\" \/>\n\t<meta property=\"og:image:type\" content=\"image\/jpeg\" \/>\n<meta name=\"twitter:card\" content=\"summary_large_image\" \/>\n<script type=\"application\/ld+json\" class=\"yoast-schema-graph\">{\"@context\":\"https:\\\/\\\/schema.org\",\"@graph\":[{\"@type\":\"WebPage\",\"@id\":\"https:\\\/\\\/miumjau.ee\\\/lv\\\/produkts\\\/aatas-cat-tantalizing-mitras-baribas-kakiem-ar-tunci-un-vistu-24-x-80g\\\/\",\"url\":\"https:\\\/\\\/miumjau.ee\\\/lv\\\/produkts\\\/aatas-cat-tantalizing-mitras-baribas-kakiem-ar-tunci-un-vistu-24-x-80g\\\/\",\"name\":\"Aatas Cat Tantalizing mitras bar\u012bbas ka\u0137iem ar tunci un vistu 24 x 80g - MiuMjau\",\"isPartOf\":{\"@id\":\"https:\\\/\\\/miumjau.ee\\\/#website\"},\"primaryImageOfPage\":{\"@id\":\"https:\\\/\\\/miumjau.ee\\\/lv\\\/produkts\\\/aatas-cat-tantalizing-mitras-baribas-kakiem-ar-tunci-un-vistu-24-x-80g\\\/#primaryimage\"},\"image\":{\"@id\":\"https:\\\/\\\/miumjau.ee\\\/lv\\\/produkts\\\/aatas-cat-tantalizing-mitras-baribas-kakiem-ar-tunci-un-vistu-24-x-80g\\\/#primaryimage\"},\"thumbnailUrl\":\"https:\\\/\\\/miumjau.ee\\\/wp-content\\\/uploads\\\/2024\\\/11\\\/aatas-tantalizing-konserv-kassidele6.jpg\",\"datePublished\":\"2024-12-03T09:08:55+00:00\",\"breadcrumb\":{\"@id\":\"https:\\\/\\\/miumjau.ee\\\/lv\\\/produkts\\\/aatas-cat-tantalizing-mitras-baribas-kakiem-ar-tunci-un-vistu-24-x-80g\\\/#breadcrumb\"},\"inLanguage\":\"lv-LV\",\"potentialAction\":[{\"@type\":\"ReadAction\",\"target\":[\"https:\\\/\\\/miumjau.ee\\\/lv\\\/produkts\\\/aatas-cat-tantalizing-mitras-baribas-kakiem-ar-tunci-un-vistu-24-x-80g\\\/\"]}]},{\"@type\":\"ImageObject\",\"inLanguage\":\"lv-LV\",\"@id\":\"https:\\\/\\\/miumjau.ee\\\/lv\\\/produkts\\\/aatas-cat-tantalizing-mitras-baribas-kakiem-ar-tunci-un-vistu-24-x-80g\\\/#primaryimage\",\"url\":\"https:\\\/\\\/miumjau.ee\\\/wp-content\\\/uploads\\\/2024\\\/11\\\/aatas-tantalizing-konserv-kassidele6.jpg\",\"contentUrl\":\"https:\\\/\\\/miumjau.ee\\\/wp-content\\\/uploads\\\/2024\\\/11\\\/aatas-tantalizing-konserv-kassidele6.jpg\",\"width\":600,\"height\":800},{\"@type\":\"BreadcrumbList\",\"@id\":\"https:\\\/\\\/miumjau.ee\\\/lv\\\/produkts\\\/aatas-cat-tantalizing-mitras-baribas-kakiem-ar-tunci-un-vistu-24-x-80g\\\/#breadcrumb\",\"itemListElement\":[{\"@type\":\"ListItem\",\"position\":1,\"name\":\"Home\",\"item\":\"https:\\\/\\\/miumjau.ee\\\/lv\\\/\"},{\"@type\":\"ListItem\",\"position\":2,\"name\":\"Veikals\",\"item\":\"https:\\\/\\\/miumjau.ee\\\/lv\\\/veikals\\\/\"},{\"@type\":\"ListItem\",\"position\":3,\"name\":\"Aatas Cat Tantalizing mitras bar\u012bbas ka\u0137iem ar tunci un vistu 24 x 80g\"}]},{\"@type\":\"WebSite\",\"@id\":\"https:\\\/\\\/miumjau.ee\\\/#website\",\"url\":\"https:\\\/\\\/miumjau.ee\\\/\",\"name\":\"MiuMjau\",\"description\":\"Kraapimispuud kassidele\",\"publisher\":{\"@id\":\"https:\\\/\\\/miumjau.ee\\\/#organization\"},\"potentialAction\":[{\"@type\":\"SearchAction\",\"target\":{\"@type\":\"EntryPoint\",\"urlTemplate\":\"https:\\\/\\\/miumjau.ee\\\/?s={search_term_string}\"},\"query-input\":{\"@type\":\"PropertyValueSpecification\",\"valueRequired\":true,\"valueName\":\"search_term_string\"}}],\"inLanguage\":\"lv-LV\"},{\"@type\":\"Organization\",\"@id\":\"https:\\\/\\\/miumjau.ee\\\/#organization\",\"name\":\"MiuMjau O\u00dc\",\"url\":\"https:\\\/\\\/miumjau.ee\\\/\",\"logo\":{\"@type\":\"ImageObject\",\"inLanguage\":\"lv-LV\",\"@id\":\"https:\\\/\\\/miumjau.ee\\\/#\\\/schema\\\/logo\\\/image\\\/\",\"url\":\"https:\\\/\\\/miumjau.ee\\\/wp-content\\\/uploads\\\/2022\\\/04\\\/MiuMjau-logo-kollane.png\",\"contentUrl\":\"https:\\\/\\\/miumjau.ee\\\/wp-content\\\/uploads\\\/2022\\\/04\\\/MiuMjau-logo-kollane.png\",\"width\":219,\"height\":100,\"caption\":\"MiuMjau O\u00dc\"},\"image\":{\"@id\":\"https:\\\/\\\/miumjau.ee\\\/#\\\/schema\\\/logo\\\/image\\\/\"},\"sameAs\":[\"https:\\\/\\\/www.facebook.com\\\/miumjaupood\\\/\"]}]}<\/script>\n<!-- \/ Yoast SEO plugin. -->","yoast_head_json":{"title":"Aatas Cat Tantalizing mitras bar\u012bbas ka\u0137iem ar tunci un vistu 24 x 80g - MiuMjau","robots":{"index":"index","follow":"follow","max-snippet":"max-snippet:-1","max-image-preview":"max-image-preview:large","max-video-preview":"max-video-preview:-1"},"canonical":"https:\/\/miumjau.ee\/lv\/produkts\/aatas-cat-tantalizing-mitras-baribas-kakiem-ar-tunci-un-vistu-24-x-80g\/","og_locale":"lv_LV","og_type":"article","og_title":"Aatas Cat Tantalizing mitras bar\u012bbas ka\u0137iem ar tunci un vistu 24 x 80g - MiuMjau","og_description":"Gar\u0161\u012bga un pilnv\u0113rt\u012bga mitr\u0101 bar\u012bba ka\u0137iem. Lieliska izv\u0113le j\u016bsu m\u012blu\u013ca vesel\u012bgam uzturam. Aatas Cat Tantalizing Tuna \u012bpa\u0161\u012bbas:     T\u012bra ga\u013ca    Zems tauku un kaloriju saturs    Pat\u012bk pat izv\u0113l\u012bg\u0101kajiem ka\u0137iem    Nesatur graudus, \u0122MO, m\u0101ksl\u012bgas kr\u0101svielas vai konservantus    Dab\u012bga \u2013 vesel\u012bga \u2013 gar\u0161\u012bga   Sast\u0101vda\u013cas:Tunci buljons, tunci, vista, biezin\u0101t\u0101ji Anal\u012btisk\u0101s sast\u0101vda\u013cas:     Olbaltumvielas (min) 12%    Tauki (min) 0,6%    \u0160\u0137iedras (max) 0,2%    Mitrums (max) 86%    Pelni (max) 1,5%   Ener\u0123\u0113tisk\u0101 v\u0113rt\u012bba: 480 kcal\/kg, 38,4 kcal\/konservs","og_url":"https:\/\/miumjau.ee\/lv\/produkts\/aatas-cat-tantalizing-mitras-baribas-kakiem-ar-tunci-un-vistu-24-x-80g\/","og_site_name":"MiuMjau","article_publisher":"https:\/\/www.facebook.com\/miumjaupood\/","og_image":[{"width":600,"height":800,"url":"https:\/\/miumjau.ee\/wp-content\/uploads\/2024\/11\/aatas-tantalizing-konserv-kassidele6.jpg","type":"image\/jpeg"}],"twitter_card":"summary_large_image","schema":{"@context":"https:\/\/schema.org","@graph":[{"@type":"WebPage","@id":"https:\/\/miumjau.ee\/lv\/produkts\/aatas-cat-tantalizing-mitras-baribas-kakiem-ar-tunci-un-vistu-24-x-80g\/","url":"https:\/\/miumjau.ee\/lv\/produkts\/aatas-cat-tantalizing-mitras-baribas-kakiem-ar-tunci-un-vistu-24-x-80g\/","name":"Aatas Cat Tantalizing mitras bar\u012bbas ka\u0137iem ar tunci un vistu 24 x 80g - MiuMjau","isPartOf":{"@id":"https:\/\/miumjau.ee\/#website"},"primaryImageOfPage":{"@id":"https:\/\/miumjau.ee\/lv\/produkts\/aatas-cat-tantalizing-mitras-baribas-kakiem-ar-tunci-un-vistu-24-x-80g\/#primaryimage"},"image":{"@id":"https:\/\/miumjau.ee\/lv\/produkts\/aatas-cat-tantalizing-mitras-baribas-kakiem-ar-tunci-un-vistu-24-x-80g\/#primaryimage"},"thumbnailUrl":"https:\/\/miumjau.ee\/wp-content\/uploads\/2024\/11\/aatas-tantalizing-konserv-kassidele6.jpg","datePublished":"2024-12-03T09:08:55+00:00","breadcrumb":{"@id":"https:\/\/miumjau.ee\/lv\/produkts\/aatas-cat-tantalizing-mitras-baribas-kakiem-ar-tunci-un-vistu-24-x-80g\/#breadcrumb"},"inLanguage":"lv-LV","potentialAction":[{"@type":"ReadAction","target":["https:\/\/miumjau.ee\/lv\/produkts\/aatas-cat-tantalizing-mitras-baribas-kakiem-ar-tunci-un-vistu-24-x-80g\/"]}]},{"@type":"ImageObject","inLanguage":"lv-LV","@id":"https:\/\/miumjau.ee\/lv\/produkts\/aatas-cat-tantalizing-mitras-baribas-kakiem-ar-tunci-un-vistu-24-x-80g\/#primaryimage","url":"https:\/\/miumjau.ee\/wp-content\/uploads\/2024\/11\/aatas-tantalizing-konserv-kassidele6.jpg","contentUrl":"https:\/\/miumjau.ee\/wp-content\/uploads\/2024\/11\/aatas-tantalizing-konserv-kassidele6.jpg","width":600,"height":800},{"@type":"BreadcrumbList","@id":"https:\/\/miumjau.ee\/lv\/produkts\/aatas-cat-tantalizing-mitras-baribas-kakiem-ar-tunci-un-vistu-24-x-80g\/#breadcrumb","itemListElement":[{"@type":"ListItem","position":1,"name":"Home","item":"https:\/\/miumjau.ee\/lv\/"},{"@type":"ListItem","position":2,"name":"Veikals","item":"https:\/\/miumjau.ee\/lv\/veikals\/"},{"@type":"ListItem","position":3,"name":"Aatas Cat Tantalizing mitras bar\u012bbas ka\u0137iem ar tunci un vistu 24 x 80g"}]},{"@type":"WebSite","@id":"https:\/\/miumjau.ee\/#website","url":"https:\/\/miumjau.ee\/","name":"MiuMjau","description":"Kraapimispuud kassidele","publisher":{"@id":"https:\/\/miumjau.ee\/#organization"},"potentialAction":[{"@type":"SearchAction","target":{"@type":"EntryPoint","urlTemplate":"https:\/\/miumjau.ee\/?s={search_term_string}"},"query-input":{"@type":"PropertyValueSpecification","valueRequired":true,"valueName":"search_term_string"}}],"inLanguage":"lv-LV"},{"@type":"Organization","@id":"https:\/\/miumjau.ee\/#organization","name":"MiuMjau O\u00dc","url":"https:\/\/miumjau.ee\/","logo":{"@type":"ImageObject","inLanguage":"lv-LV","@id":"https:\/\/miumjau.ee\/#\/schema\/logo\/image\/","url":"https:\/\/miumjau.ee\/wp-content\/uploads\/2022\/04\/MiuMjau-logo-kollane.png","contentUrl":"https:\/\/miumjau.ee\/wp-content\/uploads\/2022\/04\/MiuMjau-logo-kollane.png","width":219,"height":100,"caption":"MiuMjau O\u00dc"},"image":{"@id":"https:\/\/miumjau.ee\/#\/schema\/logo\/image\/"},"sameAs":["https:\/\/www.facebook.com\/miumjaupood\/"]}]}},"_links":{"self":[{"href":"https:\/\/miumjau.ee\/lv\/wp-json\/wp\/v2\/product\/55521","targetHints":{"allow":["GET"]}}],"collection":[{"href":"https:\/\/miumjau.ee\/lv\/wp-json\/wp\/v2\/product"}],"about":[{"href":"https:\/\/miumjau.ee\/lv\/wp-json\/wp\/v2\/types\/product"}],"wp:featuredmedia":[{"embeddable":true,"href":"https:\/\/miumjau.ee\/lv\/wp-json\/wp\/v2\/media\/55522"}],"wp:attachment":[{"href":"https:\/\/miumjau.ee\/lv\/wp-json\/wp\/v2\/media?parent=55521"}],"wp:term":[{"taxonomy":"product_brand","embeddable":true,"href":"https:\/\/miumjau.ee\/lv\/wp-json\/wp\/v2\/product_brand?post=55521"},{"taxonomy":"product_cat","embeddable":true,"href":"https:\/\/miumjau.ee\/lv\/wp-json\/wp\/v2\/product_cat?post=55521"},{"taxonomy":"product_tag","embeddable":true,"href":"https:\/\/miumjau.ee\/lv\/wp-json\/wp\/v2\/product_tag?post=55521"}],"curies":[{"name":"wp","href":"https:\/\/api.w.org\/{rel}","templated":true}]}}