{"id":55513,"date":"2024-12-03T11:08:47","date_gmt":"2024-12-03T09:08:47","guid":{"rendered":"https:\/\/miumjau.ee\/toode\/aatas-cat-kremveida-konservi-kakiem-ar-vistu-un-krabju-galu-24-x-80g\/"},"modified":"2024-12-03T11:08:47","modified_gmt":"2024-12-03T09:08:47","slug":"aatas-cat-kremveida-konservi-kakiem-ar-vistu-un-krabju-galu-24-x-80g","status":"publish","type":"product","link":"https:\/\/miumjau.ee\/lv\/produkts\/aatas-cat-kremveida-konservi-kakiem-ar-vistu-un-krabju-galu-24-x-80g\/","title":{"rendered":"Aatas Cat kr\u0113mveida konservi ka\u0137iem ar vistu un krabju ga\u013cu 24 x 80g"},"content":{"rendered":"","protected":false},"excerpt":{"rendered":"<p data-start=\"143\" data-end=\"313\">Aatas Cat Creamy Chicken Crab konservi ka\u0137iem 80 g ar vistu un krabju ga\u013cu. Gardas un pilnv\u0113rt\u012bgas mitras bar\u012bbas ka\u0137iem. Lieliska izv\u0113le j\u016bsu m\u012blu\u013ca vesel\u012bgam uzturam.<\/p>\n<p data-start=\"315\" data-end=\"330\"><strong data-start=\"315\" data-end=\"328\">\u012apa\u0161\u012bbas:<\/strong><\/p>\n<ul data-start=\"331\" data-end=\"513\">\n<li data-section-id=\"159ca49\" data-start=\"331\" data-end=\"346\">\n<p data-start=\"333\" data-end=\"346\">Dab\u012bga ga\u013ca<\/p>\n<\/li>\n<li data-section-id=\"9lvynn\" data-start=\"347\" data-end=\"380\">\n<p data-start=\"349\" data-end=\"380\">Zems tauku un kaloriju saturs<\/p>\n<\/li>\n<li data-section-id=\"yt6cf6\" data-start=\"381\" data-end=\"416\">\n<p data-start=\"383\" data-end=\"416\">Pat\u012bk pat izv\u0113l\u012bg\u0101kajiem ka\u0137iem<\/p>\n<\/li>\n<li data-section-id=\"1bhq72r\" data-start=\"417\" data-end=\"480\">\n<p data-start=\"419\" data-end=\"480\">Nesatur graudus, \u0122MO, m\u0101ksl\u012bgas kr\u0101svielas vai konservantus<\/p>\n<\/li>\n<li data-section-id=\"bzf829\" data-start=\"481\" data-end=\"513\">\n<p data-start=\"483\" data-end=\"513\">Dabisks \u2013 vesel\u012bgs \u2013 gar\u0161\u012bgs<\/p>\n<\/li>\n<\/ul>\n<p data-start=\"515\" data-end=\"578\"><strong data-start=\"515\" data-end=\"531\">Sast\u0101vda\u013cas:<\/strong><br data-start=\"531\" data-end=\"534\" \/>Vistas buljons, vista, krabis, biezin\u0101t\u0101ji<\/p>\n<p data-start=\"580\" data-end=\"610\"><strong data-start=\"580\" data-end=\"608\">Anal\u012btisk\u0101s sast\u0101vda\u013cas:<\/strong><\/p>\n<ul data-start=\"611\" data-end=\"729\">\n<li data-section-id=\"15b3ln\" data-start=\"611\" data-end=\"641\">\n<p data-start=\"613\" data-end=\"641\">Olbaltumvielas (min) 11,5%<\/p>\n<\/li>\n<li data-section-id=\"mmggi6\" data-start=\"642\" data-end=\"662\">\n<p data-start=\"644\" data-end=\"662\">Tauki (min) 0,6%<\/p>\n<\/li>\n<li data-section-id=\"1d3gwx5\" data-start=\"663\" data-end=\"686\">\n<p data-start=\"665\" data-end=\"686\">\u0160\u0137iedras (max) 0,2%<\/p>\n<\/li>\n<li data-section-id=\"1pbihry\" data-start=\"687\" data-end=\"708\">\n<p data-start=\"689\" data-end=\"708\">Mitrums (max) 87%<\/p>\n<\/li>\n<li data-section-id=\"1bzlbce\" data-start=\"709\" data-end=\"729\">\n<p data-start=\"711\" data-end=\"729\">Pelni (max) 0,4%<\/p>\n<\/li>\n<\/ul>\n<p data-start=\"731\" data-end=\"787\"><strong data-start=\"731\" data-end=\"755\">Ener\u0123\u0113tisk\u0101 v\u0113rt\u012bba:<\/strong> 500 kcal\/kg, 40 kcal\/konservs<\/p>\n<p data-start=\"789\" data-end=\"957\"><strong data-start=\"789\" data-end=\"816\">Baro\u0161anas instrukcijas:<\/strong><br data-start=\"816\" data-end=\"819\" \/>Neatv\u0113rtus Aatas Cat Creamy Chicken Crab konservus glab\u0101t istabas temperat\u016br\u0101. Nesald\u0113t. P\u0113c atv\u0113r\u0161anas glab\u0101t ledusskap\u012b. Tikai ka\u0137iem.<\/p>\n","protected":false},"featured_media":55514,"template":"","meta":[],"product_brand":[],"product_cat":[571],"product_tag":[],"class_list":{"0":"post-55513","1":"product","2":"type-product","3":"status-publish","4":"has-post-thumbnail","6":"product_cat-mitra-bariba","8":"first","9":"instock","10":"taxable","11":"shipping-taxable","12":"purchasable","13":"product-type-simple"},"yoast_head":"<!-- This site is optimized with the Yoast SEO plugin v27.4 - https:\/\/yoast.com\/product\/yoast-seo-wordpress\/ -->\n<title>Aatas Cat kr\u0113mveida konservi ka\u0137iem ar vistu un krabju ga\u013cu 24 x 80g - MiuMjau<\/title>\n<meta name=\"robots\" content=\"index, follow, max-snippet:-1, max-image-preview:large, max-video-preview:-1\" \/>\n<link rel=\"canonical\" href=\"https:\/\/miumjau.ee\/lv\/produkts\/aatas-cat-kremveida-konservi-kakiem-ar-vistu-un-krabju-galu-24-x-80g\/\" \/>\n<meta property=\"og:locale\" content=\"lv_LV\" \/>\n<meta property=\"og:type\" content=\"article\" \/>\n<meta property=\"og:title\" content=\"Aatas Cat kr\u0113mveida konservi ka\u0137iem ar vistu un krabju ga\u013cu 24 x 80g - MiuMjau\" \/>\n<meta property=\"og:description\" content=\"Aatas Cat Creamy Chicken Crab konservi ka\u0137iem 80 g ar vistu un krabju ga\u013cu. Gardas un pilnv\u0113rt\u012bgas mitras bar\u012bbas ka\u0137iem. Lieliska izv\u0113le j\u016bsu m\u012blu\u013ca vesel\u012bgam uzturam. \u012apa\u0161\u012bbas:     Dab\u012bga ga\u013ca    Zems tauku un kaloriju saturs    Pat\u012bk pat izv\u0113l\u012bg\u0101kajiem ka\u0137iem    Nesatur graudus, \u0122MO, m\u0101ksl\u012bgas kr\u0101svielas vai konservantus    Dabisks \u2013 vesel\u012bgs \u2013 gar\u0161\u012bgs   Sast\u0101vda\u013cas:Vistas buljons, vista, krabis, biezin\u0101t\u0101ji Anal\u012btisk\u0101s sast\u0101vda\u013cas:     Olbaltumvielas (min) 11,5%    Tauki (min) 0,6%    \u0160\u0137iedras (max) 0,2%    Mitrums (max) 87%    Pelni (max) 0,4%   Ener\u0123\u0113tisk\u0101 v\u0113rt\u012bba: 500 kcal\/kg, 40 kcal\/konservs Baro\u0161anas instrukcijas:Neatv\u0113rtus Aatas Cat Creamy Chicken Crab konservus glab\u0101t istabas temperat\u016br\u0101. Nesald\u0113t. P\u0113c atv\u0113r\u0161anas glab\u0101t ledusskap\u012b. Tikai ka\u0137iem.\" \/>\n<meta property=\"og:url\" content=\"https:\/\/miumjau.ee\/lv\/produkts\/aatas-cat-kremveida-konservi-kakiem-ar-vistu-un-krabju-galu-24-x-80g\/\" \/>\n<meta property=\"og:site_name\" content=\"MiuMjau\" \/>\n<meta property=\"article:publisher\" content=\"https:\/\/www.facebook.com\/miumjaupood\/\" \/>\n<meta property=\"og:image\" content=\"https:\/\/miumjau.ee\/wp-content\/uploads\/2024\/11\/aatas-cat-creamy-chicken-amp-crab-konserv-kassidele-Photoroom.jpg\" \/>\n\t<meta property=\"og:image:width\" content=\"600\" \/>\n\t<meta property=\"og:image:height\" content=\"800\" \/>\n\t<meta property=\"og:image:type\" content=\"image\/jpeg\" \/>\n<meta name=\"twitter:card\" content=\"summary_large_image\" \/>\n<script type=\"application\/ld+json\" class=\"yoast-schema-graph\">{\"@context\":\"https:\\\/\\\/schema.org\",\"@graph\":[{\"@type\":\"WebPage\",\"@id\":\"https:\\\/\\\/miumjau.ee\\\/lv\\\/produkts\\\/aatas-cat-kremveida-konservi-kakiem-ar-vistu-un-krabju-galu-24-x-80g\\\/\",\"url\":\"https:\\\/\\\/miumjau.ee\\\/lv\\\/produkts\\\/aatas-cat-kremveida-konservi-kakiem-ar-vistu-un-krabju-galu-24-x-80g\\\/\",\"name\":\"Aatas Cat kr\u0113mveida konservi ka\u0137iem ar vistu un krabju ga\u013cu 24 x 80g - MiuMjau\",\"isPartOf\":{\"@id\":\"https:\\\/\\\/miumjau.ee\\\/#website\"},\"primaryImageOfPage\":{\"@id\":\"https:\\\/\\\/miumjau.ee\\\/lv\\\/produkts\\\/aatas-cat-kremveida-konservi-kakiem-ar-vistu-un-krabju-galu-24-x-80g\\\/#primaryimage\"},\"image\":{\"@id\":\"https:\\\/\\\/miumjau.ee\\\/lv\\\/produkts\\\/aatas-cat-kremveida-konservi-kakiem-ar-vistu-un-krabju-galu-24-x-80g\\\/#primaryimage\"},\"thumbnailUrl\":\"https:\\\/\\\/miumjau.ee\\\/wp-content\\\/uploads\\\/2024\\\/11\\\/aatas-cat-creamy-chicken-amp-crab-konserv-kassidele-Photoroom.jpg\",\"datePublished\":\"2024-12-03T09:08:47+00:00\",\"breadcrumb\":{\"@id\":\"https:\\\/\\\/miumjau.ee\\\/lv\\\/produkts\\\/aatas-cat-kremveida-konservi-kakiem-ar-vistu-un-krabju-galu-24-x-80g\\\/#breadcrumb\"},\"inLanguage\":\"lv-LV\",\"potentialAction\":[{\"@type\":\"ReadAction\",\"target\":[\"https:\\\/\\\/miumjau.ee\\\/lv\\\/produkts\\\/aatas-cat-kremveida-konservi-kakiem-ar-vistu-un-krabju-galu-24-x-80g\\\/\"]}]},{\"@type\":\"ImageObject\",\"inLanguage\":\"lv-LV\",\"@id\":\"https:\\\/\\\/miumjau.ee\\\/lv\\\/produkts\\\/aatas-cat-kremveida-konservi-kakiem-ar-vistu-un-krabju-galu-24-x-80g\\\/#primaryimage\",\"url\":\"https:\\\/\\\/miumjau.ee\\\/wp-content\\\/uploads\\\/2024\\\/11\\\/aatas-cat-creamy-chicken-amp-crab-konserv-kassidele-Photoroom.jpg\",\"contentUrl\":\"https:\\\/\\\/miumjau.ee\\\/wp-content\\\/uploads\\\/2024\\\/11\\\/aatas-cat-creamy-chicken-amp-crab-konserv-kassidele-Photoroom.jpg\",\"width\":600,\"height\":800},{\"@type\":\"BreadcrumbList\",\"@id\":\"https:\\\/\\\/miumjau.ee\\\/lv\\\/produkts\\\/aatas-cat-kremveida-konservi-kakiem-ar-vistu-un-krabju-galu-24-x-80g\\\/#breadcrumb\",\"itemListElement\":[{\"@type\":\"ListItem\",\"position\":1,\"name\":\"Home\",\"item\":\"https:\\\/\\\/miumjau.ee\\\/lv\\\/\"},{\"@type\":\"ListItem\",\"position\":2,\"name\":\"Veikals\",\"item\":\"https:\\\/\\\/miumjau.ee\\\/lv\\\/veikals\\\/\"},{\"@type\":\"ListItem\",\"position\":3,\"name\":\"Aatas Cat kr\u0113mveida konservi ka\u0137iem ar vistu un krabju ga\u013cu 24 x 80g\"}]},{\"@type\":\"WebSite\",\"@id\":\"https:\\\/\\\/miumjau.ee\\\/#website\",\"url\":\"https:\\\/\\\/miumjau.ee\\\/\",\"name\":\"MiuMjau\",\"description\":\"Kraapimispuud kassidele\",\"publisher\":{\"@id\":\"https:\\\/\\\/miumjau.ee\\\/#organization\"},\"potentialAction\":[{\"@type\":\"SearchAction\",\"target\":{\"@type\":\"EntryPoint\",\"urlTemplate\":\"https:\\\/\\\/miumjau.ee\\\/?s={search_term_string}\"},\"query-input\":{\"@type\":\"PropertyValueSpecification\",\"valueRequired\":true,\"valueName\":\"search_term_string\"}}],\"inLanguage\":\"lv-LV\"},{\"@type\":\"Organization\",\"@id\":\"https:\\\/\\\/miumjau.ee\\\/#organization\",\"name\":\"MiuMjau O\u00dc\",\"url\":\"https:\\\/\\\/miumjau.ee\\\/\",\"logo\":{\"@type\":\"ImageObject\",\"inLanguage\":\"lv-LV\",\"@id\":\"https:\\\/\\\/miumjau.ee\\\/#\\\/schema\\\/logo\\\/image\\\/\",\"url\":\"https:\\\/\\\/miumjau.ee\\\/wp-content\\\/uploads\\\/2022\\\/04\\\/MiuMjau-logo-kollane.png\",\"contentUrl\":\"https:\\\/\\\/miumjau.ee\\\/wp-content\\\/uploads\\\/2022\\\/04\\\/MiuMjau-logo-kollane.png\",\"width\":219,\"height\":100,\"caption\":\"MiuMjau O\u00dc\"},\"image\":{\"@id\":\"https:\\\/\\\/miumjau.ee\\\/#\\\/schema\\\/logo\\\/image\\\/\"},\"sameAs\":[\"https:\\\/\\\/www.facebook.com\\\/miumjaupood\\\/\"]}]}<\/script>\n<!-- \/ Yoast SEO plugin. -->","yoast_head_json":{"title":"Aatas Cat kr\u0113mveida konservi ka\u0137iem ar vistu un krabju ga\u013cu 24 x 80g - MiuMjau","robots":{"index":"index","follow":"follow","max-snippet":"max-snippet:-1","max-image-preview":"max-image-preview:large","max-video-preview":"max-video-preview:-1"},"canonical":"https:\/\/miumjau.ee\/lv\/produkts\/aatas-cat-kremveida-konservi-kakiem-ar-vistu-un-krabju-galu-24-x-80g\/","og_locale":"lv_LV","og_type":"article","og_title":"Aatas Cat kr\u0113mveida konservi ka\u0137iem ar vistu un krabju ga\u013cu 24 x 80g - MiuMjau","og_description":"Aatas Cat Creamy Chicken Crab konservi ka\u0137iem 80 g ar vistu un krabju ga\u013cu. Gardas un pilnv\u0113rt\u012bgas mitras bar\u012bbas ka\u0137iem. Lieliska izv\u0113le j\u016bsu m\u012blu\u013ca vesel\u012bgam uzturam. \u012apa\u0161\u012bbas:     Dab\u012bga ga\u013ca    Zems tauku un kaloriju saturs    Pat\u012bk pat izv\u0113l\u012bg\u0101kajiem ka\u0137iem    Nesatur graudus, \u0122MO, m\u0101ksl\u012bgas kr\u0101svielas vai konservantus    Dabisks \u2013 vesel\u012bgs \u2013 gar\u0161\u012bgs   Sast\u0101vda\u013cas:Vistas buljons, vista, krabis, biezin\u0101t\u0101ji Anal\u012btisk\u0101s sast\u0101vda\u013cas:     Olbaltumvielas (min) 11,5%    Tauki (min) 0,6%    \u0160\u0137iedras (max) 0,2%    Mitrums (max) 87%    Pelni (max) 0,4%   Ener\u0123\u0113tisk\u0101 v\u0113rt\u012bba: 500 kcal\/kg, 40 kcal\/konservs Baro\u0161anas instrukcijas:Neatv\u0113rtus Aatas Cat Creamy Chicken Crab konservus glab\u0101t istabas temperat\u016br\u0101. Nesald\u0113t. P\u0113c atv\u0113r\u0161anas glab\u0101t ledusskap\u012b. Tikai ka\u0137iem.","og_url":"https:\/\/miumjau.ee\/lv\/produkts\/aatas-cat-kremveida-konservi-kakiem-ar-vistu-un-krabju-galu-24-x-80g\/","og_site_name":"MiuMjau","article_publisher":"https:\/\/www.facebook.com\/miumjaupood\/","og_image":[{"width":600,"height":800,"url":"https:\/\/miumjau.ee\/wp-content\/uploads\/2024\/11\/aatas-cat-creamy-chicken-amp-crab-konserv-kassidele-Photoroom.jpg","type":"image\/jpeg"}],"twitter_card":"summary_large_image","schema":{"@context":"https:\/\/schema.org","@graph":[{"@type":"WebPage","@id":"https:\/\/miumjau.ee\/lv\/produkts\/aatas-cat-kremveida-konservi-kakiem-ar-vistu-un-krabju-galu-24-x-80g\/","url":"https:\/\/miumjau.ee\/lv\/produkts\/aatas-cat-kremveida-konservi-kakiem-ar-vistu-un-krabju-galu-24-x-80g\/","name":"Aatas Cat kr\u0113mveida konservi ka\u0137iem ar vistu un krabju ga\u013cu 24 x 80g - MiuMjau","isPartOf":{"@id":"https:\/\/miumjau.ee\/#website"},"primaryImageOfPage":{"@id":"https:\/\/miumjau.ee\/lv\/produkts\/aatas-cat-kremveida-konservi-kakiem-ar-vistu-un-krabju-galu-24-x-80g\/#primaryimage"},"image":{"@id":"https:\/\/miumjau.ee\/lv\/produkts\/aatas-cat-kremveida-konservi-kakiem-ar-vistu-un-krabju-galu-24-x-80g\/#primaryimage"},"thumbnailUrl":"https:\/\/miumjau.ee\/wp-content\/uploads\/2024\/11\/aatas-cat-creamy-chicken-amp-crab-konserv-kassidele-Photoroom.jpg","datePublished":"2024-12-03T09:08:47+00:00","breadcrumb":{"@id":"https:\/\/miumjau.ee\/lv\/produkts\/aatas-cat-kremveida-konservi-kakiem-ar-vistu-un-krabju-galu-24-x-80g\/#breadcrumb"},"inLanguage":"lv-LV","potentialAction":[{"@type":"ReadAction","target":["https:\/\/miumjau.ee\/lv\/produkts\/aatas-cat-kremveida-konservi-kakiem-ar-vistu-un-krabju-galu-24-x-80g\/"]}]},{"@type":"ImageObject","inLanguage":"lv-LV","@id":"https:\/\/miumjau.ee\/lv\/produkts\/aatas-cat-kremveida-konservi-kakiem-ar-vistu-un-krabju-galu-24-x-80g\/#primaryimage","url":"https:\/\/miumjau.ee\/wp-content\/uploads\/2024\/11\/aatas-cat-creamy-chicken-amp-crab-konserv-kassidele-Photoroom.jpg","contentUrl":"https:\/\/miumjau.ee\/wp-content\/uploads\/2024\/11\/aatas-cat-creamy-chicken-amp-crab-konserv-kassidele-Photoroom.jpg","width":600,"height":800},{"@type":"BreadcrumbList","@id":"https:\/\/miumjau.ee\/lv\/produkts\/aatas-cat-kremveida-konservi-kakiem-ar-vistu-un-krabju-galu-24-x-80g\/#breadcrumb","itemListElement":[{"@type":"ListItem","position":1,"name":"Home","item":"https:\/\/miumjau.ee\/lv\/"},{"@type":"ListItem","position":2,"name":"Veikals","item":"https:\/\/miumjau.ee\/lv\/veikals\/"},{"@type":"ListItem","position":3,"name":"Aatas Cat kr\u0113mveida konservi ka\u0137iem ar vistu un krabju ga\u013cu 24 x 80g"}]},{"@type":"WebSite","@id":"https:\/\/miumjau.ee\/#website","url":"https:\/\/miumjau.ee\/","name":"MiuMjau","description":"Kraapimispuud kassidele","publisher":{"@id":"https:\/\/miumjau.ee\/#organization"},"potentialAction":[{"@type":"SearchAction","target":{"@type":"EntryPoint","urlTemplate":"https:\/\/miumjau.ee\/?s={search_term_string}"},"query-input":{"@type":"PropertyValueSpecification","valueRequired":true,"valueName":"search_term_string"}}],"inLanguage":"lv-LV"},{"@type":"Organization","@id":"https:\/\/miumjau.ee\/#organization","name":"MiuMjau O\u00dc","url":"https:\/\/miumjau.ee\/","logo":{"@type":"ImageObject","inLanguage":"lv-LV","@id":"https:\/\/miumjau.ee\/#\/schema\/logo\/image\/","url":"https:\/\/miumjau.ee\/wp-content\/uploads\/2022\/04\/MiuMjau-logo-kollane.png","contentUrl":"https:\/\/miumjau.ee\/wp-content\/uploads\/2022\/04\/MiuMjau-logo-kollane.png","width":219,"height":100,"caption":"MiuMjau O\u00dc"},"image":{"@id":"https:\/\/miumjau.ee\/#\/schema\/logo\/image\/"},"sameAs":["https:\/\/www.facebook.com\/miumjaupood\/"]}]}},"_links":{"self":[{"href":"https:\/\/miumjau.ee\/lv\/wp-json\/wp\/v2\/product\/55513","targetHints":{"allow":["GET"]}}],"collection":[{"href":"https:\/\/miumjau.ee\/lv\/wp-json\/wp\/v2\/product"}],"about":[{"href":"https:\/\/miumjau.ee\/lv\/wp-json\/wp\/v2\/types\/product"}],"wp:featuredmedia":[{"embeddable":true,"href":"https:\/\/miumjau.ee\/lv\/wp-json\/wp\/v2\/media\/55514"}],"wp:attachment":[{"href":"https:\/\/miumjau.ee\/lv\/wp-json\/wp\/v2\/media?parent=55513"}],"wp:term":[{"taxonomy":"product_brand","embeddable":true,"href":"https:\/\/miumjau.ee\/lv\/wp-json\/wp\/v2\/product_brand?post=55513"},{"taxonomy":"product_cat","embeddable":true,"href":"https:\/\/miumjau.ee\/lv\/wp-json\/wp\/v2\/product_cat?post=55513"},{"taxonomy":"product_tag","embeddable":true,"href":"https:\/\/miumjau.ee\/lv\/wp-json\/wp\/v2\/product_tag?post=55513"}],"curies":[{"name":"wp","href":"https:\/\/api.w.org\/{rel}","templated":true}]}}