{"id":55511,"date":"2024-12-03T11:08:45","date_gmt":"2024-12-03T09:08:45","guid":{"rendered":"https:\/\/miumjau.ee\/toode\/aatas-cat-kremveida-konservi-kakiem-ar-vistu-un-baltu-zivi-24-x-80g\/"},"modified":"2024-12-03T11:08:45","modified_gmt":"2024-12-03T09:08:45","slug":"aatas-cat-kremveida-konservi-kakiem-ar-vistu-un-baltu-zivi-24-x-80g","status":"publish","type":"product","link":"https:\/\/miumjau.ee\/lv\/produkts\/aatas-cat-kremveida-konservi-kakiem-ar-vistu-un-baltu-zivi-24-x-80g\/","title":{"rendered":"Aatas Cat kr\u0113mveida konservi ka\u0137iem ar vistu un baltu zivi 24 x 80g"},"content":{"rendered":"","protected":false},"excerpt":{"rendered":"<p data-start=\"142\" data-end=\"236\">Gardas un pilnv\u0113rt\u012bgas mitras bar\u012bbas ka\u0137iem. Lieliska izv\u0113le j\u016bsu m\u012blu\u013ca vesel\u012bgam uzturam.<\/p>\n<p data-start=\"238\" data-end=\"253\"><strong data-start=\"238\" data-end=\"251\">\u012apa\u0161\u012bbas:<\/strong><\/p>\n<ul data-start=\"254\" data-end=\"436\">\n<li data-section-id=\"159ca49\" data-start=\"254\" data-end=\"269\">\n<p data-start=\"256\" data-end=\"269\">Dab\u012bga ga\u013ca<\/p>\n<\/li>\n<li data-section-id=\"9lvynn\" data-start=\"270\" data-end=\"303\">\n<p data-start=\"272\" data-end=\"303\">Zems tauku un kaloriju saturs<\/p>\n<\/li>\n<li data-section-id=\"yt6cf6\" data-start=\"304\" data-end=\"339\">\n<p data-start=\"306\" data-end=\"339\">Pat\u012bk pat izv\u0113l\u012bg\u0101kajiem ka\u0137iem<\/p>\n<\/li>\n<li data-section-id=\"1bhq72r\" data-start=\"340\" data-end=\"403\">\n<p data-start=\"342\" data-end=\"403\">Nesatur graudus, \u0122MO, m\u0101ksl\u012bgas kr\u0101svielas vai konservantus<\/p>\n<\/li>\n<li data-section-id=\"bzf829\" data-start=\"404\" data-end=\"436\">\n<p data-start=\"406\" data-end=\"436\">Dabisks \u2013 vesel\u012bgs \u2013 gar\u0161\u012bgs<\/p>\n<\/li>\n<\/ul>\n<p data-start=\"438\" data-end=\"505\"><strong data-start=\"438\" data-end=\"454\">Sast\u0101vda\u013cas:<\/strong><br data-start=\"454\" data-end=\"457\" \/>Vistas buljons, vista, balta zivs, biezin\u0101t\u0101ji<\/p>\n<p data-start=\"507\" data-end=\"537\"><strong data-start=\"507\" data-end=\"535\">Anal\u012btisk\u0101s sast\u0101vda\u013cas:<\/strong><\/p>\n<ul data-start=\"538\" data-end=\"656\">\n<li data-section-id=\"15b3ln\" data-start=\"538\" data-end=\"568\">\n<p data-start=\"540\" data-end=\"568\">Olbaltumvielas (min) 11,5%<\/p>\n<\/li>\n<li data-section-id=\"mmggi6\" data-start=\"569\" data-end=\"589\">\n<p data-start=\"571\" data-end=\"589\">Tauki (min) 0,6%<\/p>\n<\/li>\n<li data-section-id=\"1d3gwx5\" data-start=\"590\" data-end=\"613\">\n<p data-start=\"592\" data-end=\"613\">\u0160\u0137iedras (max) 0,2%<\/p>\n<\/li>\n<li data-section-id=\"1pbg9wf\" data-start=\"614\" data-end=\"635\">\n<p data-start=\"616\" data-end=\"635\">Mitrums (max) 86%<\/p>\n<\/li>\n<li data-section-id=\"1bzlbce\" data-start=\"636\" data-end=\"656\">\n<p data-start=\"638\" data-end=\"656\">Pelni (max) 0,4%<\/p>\n<\/li>\n<\/ul>\n<p data-start=\"658\" data-end=\"714\"><strong data-start=\"658\" data-end=\"682\">Ener\u0123\u0113tisk\u0101 v\u0113rt\u012bba:<\/strong> 500 kcal\/kg, 40 kcal\/konservs<\/p>\n<p data-start=\"716\" data-end=\"890\"><strong data-start=\"716\" data-end=\"743\">Baro\u0161anas instrukcijas:<\/strong><br data-start=\"743\" data-end=\"746\" \/>Neatv\u0113rtus Aatas Cat Creamy Chicken White Fish konservus glab\u0101t istabas temperat\u016br\u0101. Nesald\u0113t. P\u0113c atv\u0113r\u0161anas glab\u0101t ledusskap\u012b. Tikai ka\u0137iem.<\/p>\n","protected":false},"featured_media":55512,"template":"","meta":[],"product_brand":[],"product_cat":[573,571],"product_tag":[],"class_list":{"0":"post-55511","1":"product","2":"type-product","3":"status-publish","4":"has-post-thumbnail","6":"product_cat-kaup24-lv","7":"product_cat-mitra-bariba","9":"first","10":"instock","11":"taxable","12":"shipping-taxable","13":"purchasable","14":"product-type-simple"},"yoast_head":"<!-- This site is optimized with the Yoast SEO plugin v27.4 - https:\/\/yoast.com\/product\/yoast-seo-wordpress\/ -->\n<title>Aatas Cat kr\u0113mveida konservi ka\u0137iem ar vistu un baltu zivi 24 x 80g - MiuMjau<\/title>\n<meta name=\"robots\" content=\"index, follow, max-snippet:-1, max-image-preview:large, max-video-preview:-1\" \/>\n<link rel=\"canonical\" href=\"https:\/\/miumjau.ee\/lv\/produkts\/aatas-cat-kremveida-konservi-kakiem-ar-vistu-un-baltu-zivi-24-x-80g\/\" \/>\n<meta property=\"og:locale\" content=\"lv_LV\" \/>\n<meta property=\"og:type\" content=\"article\" \/>\n<meta property=\"og:title\" content=\"Aatas Cat kr\u0113mveida konservi ka\u0137iem ar vistu un baltu zivi 24 x 80g - MiuMjau\" \/>\n<meta property=\"og:description\" content=\"Gardas un pilnv\u0113rt\u012bgas mitras bar\u012bbas ka\u0137iem. Lieliska izv\u0113le j\u016bsu m\u012blu\u013ca vesel\u012bgam uzturam. \u012apa\u0161\u012bbas:     Dab\u012bga ga\u013ca    Zems tauku un kaloriju saturs    Pat\u012bk pat izv\u0113l\u012bg\u0101kajiem ka\u0137iem    Nesatur graudus, \u0122MO, m\u0101ksl\u012bgas kr\u0101svielas vai konservantus    Dabisks \u2013 vesel\u012bgs \u2013 gar\u0161\u012bgs   Sast\u0101vda\u013cas:Vistas buljons, vista, balta zivs, biezin\u0101t\u0101ji Anal\u012btisk\u0101s sast\u0101vda\u013cas:     Olbaltumvielas (min) 11,5%    Tauki (min) 0,6%    \u0160\u0137iedras (max) 0,2%    Mitrums (max) 86%    Pelni (max) 0,4%   Ener\u0123\u0113tisk\u0101 v\u0113rt\u012bba: 500 kcal\/kg, 40 kcal\/konservs Baro\u0161anas instrukcijas:Neatv\u0113rtus Aatas Cat Creamy Chicken White Fish konservus glab\u0101t istabas temperat\u016br\u0101. Nesald\u0113t. P\u0113c atv\u0113r\u0161anas glab\u0101t ledusskap\u012b. Tikai ka\u0137iem.\" \/>\n<meta property=\"og:url\" content=\"https:\/\/miumjau.ee\/lv\/produkts\/aatas-cat-kremveida-konservi-kakiem-ar-vistu-un-baltu-zivi-24-x-80g\/\" \/>\n<meta property=\"og:site_name\" content=\"MiuMjau\" \/>\n<meta property=\"article:publisher\" content=\"https:\/\/www.facebook.com\/miumjaupood\/\" \/>\n<meta property=\"og:image\" content=\"https:\/\/miumjau.ee\/wp-content\/uploads\/2024\/11\/aatas-cat-creamy-chicken-amp-white-fish-konserv-kassidele-Photoroom.jpg\" \/>\n\t<meta property=\"og:image:width\" content=\"600\" \/>\n\t<meta property=\"og:image:height\" content=\"800\" \/>\n\t<meta property=\"og:image:type\" content=\"image\/jpeg\" \/>\n<meta name=\"twitter:card\" content=\"summary_large_image\" \/>\n<script type=\"application\/ld+json\" class=\"yoast-schema-graph\">{\"@context\":\"https:\\\/\\\/schema.org\",\"@graph\":[{\"@type\":\"WebPage\",\"@id\":\"https:\\\/\\\/miumjau.ee\\\/lv\\\/produkts\\\/aatas-cat-kremveida-konservi-kakiem-ar-vistu-un-baltu-zivi-24-x-80g\\\/\",\"url\":\"https:\\\/\\\/miumjau.ee\\\/lv\\\/produkts\\\/aatas-cat-kremveida-konservi-kakiem-ar-vistu-un-baltu-zivi-24-x-80g\\\/\",\"name\":\"Aatas Cat kr\u0113mveida konservi ka\u0137iem ar vistu un baltu zivi 24 x 80g - MiuMjau\",\"isPartOf\":{\"@id\":\"https:\\\/\\\/miumjau.ee\\\/#website\"},\"primaryImageOfPage\":{\"@id\":\"https:\\\/\\\/miumjau.ee\\\/lv\\\/produkts\\\/aatas-cat-kremveida-konservi-kakiem-ar-vistu-un-baltu-zivi-24-x-80g\\\/#primaryimage\"},\"image\":{\"@id\":\"https:\\\/\\\/miumjau.ee\\\/lv\\\/produkts\\\/aatas-cat-kremveida-konservi-kakiem-ar-vistu-un-baltu-zivi-24-x-80g\\\/#primaryimage\"},\"thumbnailUrl\":\"https:\\\/\\\/miumjau.ee\\\/wp-content\\\/uploads\\\/2024\\\/11\\\/aatas-cat-creamy-chicken-amp-white-fish-konserv-kassidele-Photoroom.jpg\",\"datePublished\":\"2024-12-03T09:08:45+00:00\",\"breadcrumb\":{\"@id\":\"https:\\\/\\\/miumjau.ee\\\/lv\\\/produkts\\\/aatas-cat-kremveida-konservi-kakiem-ar-vistu-un-baltu-zivi-24-x-80g\\\/#breadcrumb\"},\"inLanguage\":\"lv-LV\",\"potentialAction\":[{\"@type\":\"ReadAction\",\"target\":[\"https:\\\/\\\/miumjau.ee\\\/lv\\\/produkts\\\/aatas-cat-kremveida-konservi-kakiem-ar-vistu-un-baltu-zivi-24-x-80g\\\/\"]}]},{\"@type\":\"ImageObject\",\"inLanguage\":\"lv-LV\",\"@id\":\"https:\\\/\\\/miumjau.ee\\\/lv\\\/produkts\\\/aatas-cat-kremveida-konservi-kakiem-ar-vistu-un-baltu-zivi-24-x-80g\\\/#primaryimage\",\"url\":\"https:\\\/\\\/miumjau.ee\\\/wp-content\\\/uploads\\\/2024\\\/11\\\/aatas-cat-creamy-chicken-amp-white-fish-konserv-kassidele-Photoroom.jpg\",\"contentUrl\":\"https:\\\/\\\/miumjau.ee\\\/wp-content\\\/uploads\\\/2024\\\/11\\\/aatas-cat-creamy-chicken-amp-white-fish-konserv-kassidele-Photoroom.jpg\",\"width\":600,\"height\":800},{\"@type\":\"BreadcrumbList\",\"@id\":\"https:\\\/\\\/miumjau.ee\\\/lv\\\/produkts\\\/aatas-cat-kremveida-konservi-kakiem-ar-vistu-un-baltu-zivi-24-x-80g\\\/#breadcrumb\",\"itemListElement\":[{\"@type\":\"ListItem\",\"position\":1,\"name\":\"Home\",\"item\":\"https:\\\/\\\/miumjau.ee\\\/lv\\\/\"},{\"@type\":\"ListItem\",\"position\":2,\"name\":\"Veikals\",\"item\":\"https:\\\/\\\/miumjau.ee\\\/lv\\\/veikals\\\/\"},{\"@type\":\"ListItem\",\"position\":3,\"name\":\"Aatas Cat kr\u0113mveida konservi ka\u0137iem ar vistu un baltu zivi 24 x 80g\"}]},{\"@type\":\"WebSite\",\"@id\":\"https:\\\/\\\/miumjau.ee\\\/#website\",\"url\":\"https:\\\/\\\/miumjau.ee\\\/\",\"name\":\"MiuMjau\",\"description\":\"Kraapimispuud kassidele\",\"publisher\":{\"@id\":\"https:\\\/\\\/miumjau.ee\\\/#organization\"},\"potentialAction\":[{\"@type\":\"SearchAction\",\"target\":{\"@type\":\"EntryPoint\",\"urlTemplate\":\"https:\\\/\\\/miumjau.ee\\\/?s={search_term_string}\"},\"query-input\":{\"@type\":\"PropertyValueSpecification\",\"valueRequired\":true,\"valueName\":\"search_term_string\"}}],\"inLanguage\":\"lv-LV\"},{\"@type\":\"Organization\",\"@id\":\"https:\\\/\\\/miumjau.ee\\\/#organization\",\"name\":\"MiuMjau O\u00dc\",\"url\":\"https:\\\/\\\/miumjau.ee\\\/\",\"logo\":{\"@type\":\"ImageObject\",\"inLanguage\":\"lv-LV\",\"@id\":\"https:\\\/\\\/miumjau.ee\\\/#\\\/schema\\\/logo\\\/image\\\/\",\"url\":\"https:\\\/\\\/miumjau.ee\\\/wp-content\\\/uploads\\\/2022\\\/04\\\/MiuMjau-logo-kollane.png\",\"contentUrl\":\"https:\\\/\\\/miumjau.ee\\\/wp-content\\\/uploads\\\/2022\\\/04\\\/MiuMjau-logo-kollane.png\",\"width\":219,\"height\":100,\"caption\":\"MiuMjau O\u00dc\"},\"image\":{\"@id\":\"https:\\\/\\\/miumjau.ee\\\/#\\\/schema\\\/logo\\\/image\\\/\"},\"sameAs\":[\"https:\\\/\\\/www.facebook.com\\\/miumjaupood\\\/\"]}]}<\/script>\n<!-- \/ Yoast SEO plugin. -->","yoast_head_json":{"title":"Aatas Cat kr\u0113mveida konservi ka\u0137iem ar vistu un baltu zivi 24 x 80g - MiuMjau","robots":{"index":"index","follow":"follow","max-snippet":"max-snippet:-1","max-image-preview":"max-image-preview:large","max-video-preview":"max-video-preview:-1"},"canonical":"https:\/\/miumjau.ee\/lv\/produkts\/aatas-cat-kremveida-konservi-kakiem-ar-vistu-un-baltu-zivi-24-x-80g\/","og_locale":"lv_LV","og_type":"article","og_title":"Aatas Cat kr\u0113mveida konservi ka\u0137iem ar vistu un baltu zivi 24 x 80g - MiuMjau","og_description":"Gardas un pilnv\u0113rt\u012bgas mitras bar\u012bbas ka\u0137iem. Lieliska izv\u0113le j\u016bsu m\u012blu\u013ca vesel\u012bgam uzturam. \u012apa\u0161\u012bbas:     Dab\u012bga ga\u013ca    Zems tauku un kaloriju saturs    Pat\u012bk pat izv\u0113l\u012bg\u0101kajiem ka\u0137iem    Nesatur graudus, \u0122MO, m\u0101ksl\u012bgas kr\u0101svielas vai konservantus    Dabisks \u2013 vesel\u012bgs \u2013 gar\u0161\u012bgs   Sast\u0101vda\u013cas:Vistas buljons, vista, balta zivs, biezin\u0101t\u0101ji Anal\u012btisk\u0101s sast\u0101vda\u013cas:     Olbaltumvielas (min) 11,5%    Tauki (min) 0,6%    \u0160\u0137iedras (max) 0,2%    Mitrums (max) 86%    Pelni (max) 0,4%   Ener\u0123\u0113tisk\u0101 v\u0113rt\u012bba: 500 kcal\/kg, 40 kcal\/konservs Baro\u0161anas instrukcijas:Neatv\u0113rtus Aatas Cat Creamy Chicken White Fish konservus glab\u0101t istabas temperat\u016br\u0101. Nesald\u0113t. P\u0113c atv\u0113r\u0161anas glab\u0101t ledusskap\u012b. Tikai ka\u0137iem.","og_url":"https:\/\/miumjau.ee\/lv\/produkts\/aatas-cat-kremveida-konservi-kakiem-ar-vistu-un-baltu-zivi-24-x-80g\/","og_site_name":"MiuMjau","article_publisher":"https:\/\/www.facebook.com\/miumjaupood\/","og_image":[{"width":600,"height":800,"url":"https:\/\/miumjau.ee\/wp-content\/uploads\/2024\/11\/aatas-cat-creamy-chicken-amp-white-fish-konserv-kassidele-Photoroom.jpg","type":"image\/jpeg"}],"twitter_card":"summary_large_image","schema":{"@context":"https:\/\/schema.org","@graph":[{"@type":"WebPage","@id":"https:\/\/miumjau.ee\/lv\/produkts\/aatas-cat-kremveida-konservi-kakiem-ar-vistu-un-baltu-zivi-24-x-80g\/","url":"https:\/\/miumjau.ee\/lv\/produkts\/aatas-cat-kremveida-konservi-kakiem-ar-vistu-un-baltu-zivi-24-x-80g\/","name":"Aatas Cat kr\u0113mveida konservi ka\u0137iem ar vistu un baltu zivi 24 x 80g - MiuMjau","isPartOf":{"@id":"https:\/\/miumjau.ee\/#website"},"primaryImageOfPage":{"@id":"https:\/\/miumjau.ee\/lv\/produkts\/aatas-cat-kremveida-konservi-kakiem-ar-vistu-un-baltu-zivi-24-x-80g\/#primaryimage"},"image":{"@id":"https:\/\/miumjau.ee\/lv\/produkts\/aatas-cat-kremveida-konservi-kakiem-ar-vistu-un-baltu-zivi-24-x-80g\/#primaryimage"},"thumbnailUrl":"https:\/\/miumjau.ee\/wp-content\/uploads\/2024\/11\/aatas-cat-creamy-chicken-amp-white-fish-konserv-kassidele-Photoroom.jpg","datePublished":"2024-12-03T09:08:45+00:00","breadcrumb":{"@id":"https:\/\/miumjau.ee\/lv\/produkts\/aatas-cat-kremveida-konservi-kakiem-ar-vistu-un-baltu-zivi-24-x-80g\/#breadcrumb"},"inLanguage":"lv-LV","potentialAction":[{"@type":"ReadAction","target":["https:\/\/miumjau.ee\/lv\/produkts\/aatas-cat-kremveida-konservi-kakiem-ar-vistu-un-baltu-zivi-24-x-80g\/"]}]},{"@type":"ImageObject","inLanguage":"lv-LV","@id":"https:\/\/miumjau.ee\/lv\/produkts\/aatas-cat-kremveida-konservi-kakiem-ar-vistu-un-baltu-zivi-24-x-80g\/#primaryimage","url":"https:\/\/miumjau.ee\/wp-content\/uploads\/2024\/11\/aatas-cat-creamy-chicken-amp-white-fish-konserv-kassidele-Photoroom.jpg","contentUrl":"https:\/\/miumjau.ee\/wp-content\/uploads\/2024\/11\/aatas-cat-creamy-chicken-amp-white-fish-konserv-kassidele-Photoroom.jpg","width":600,"height":800},{"@type":"BreadcrumbList","@id":"https:\/\/miumjau.ee\/lv\/produkts\/aatas-cat-kremveida-konservi-kakiem-ar-vistu-un-baltu-zivi-24-x-80g\/#breadcrumb","itemListElement":[{"@type":"ListItem","position":1,"name":"Home","item":"https:\/\/miumjau.ee\/lv\/"},{"@type":"ListItem","position":2,"name":"Veikals","item":"https:\/\/miumjau.ee\/lv\/veikals\/"},{"@type":"ListItem","position":3,"name":"Aatas Cat kr\u0113mveida konservi ka\u0137iem ar vistu un baltu zivi 24 x 80g"}]},{"@type":"WebSite","@id":"https:\/\/miumjau.ee\/#website","url":"https:\/\/miumjau.ee\/","name":"MiuMjau","description":"Kraapimispuud kassidele","publisher":{"@id":"https:\/\/miumjau.ee\/#organization"},"potentialAction":[{"@type":"SearchAction","target":{"@type":"EntryPoint","urlTemplate":"https:\/\/miumjau.ee\/?s={search_term_string}"},"query-input":{"@type":"PropertyValueSpecification","valueRequired":true,"valueName":"search_term_string"}}],"inLanguage":"lv-LV"},{"@type":"Organization","@id":"https:\/\/miumjau.ee\/#organization","name":"MiuMjau O\u00dc","url":"https:\/\/miumjau.ee\/","logo":{"@type":"ImageObject","inLanguage":"lv-LV","@id":"https:\/\/miumjau.ee\/#\/schema\/logo\/image\/","url":"https:\/\/miumjau.ee\/wp-content\/uploads\/2022\/04\/MiuMjau-logo-kollane.png","contentUrl":"https:\/\/miumjau.ee\/wp-content\/uploads\/2022\/04\/MiuMjau-logo-kollane.png","width":219,"height":100,"caption":"MiuMjau O\u00dc"},"image":{"@id":"https:\/\/miumjau.ee\/#\/schema\/logo\/image\/"},"sameAs":["https:\/\/www.facebook.com\/miumjaupood\/"]}]}},"_links":{"self":[{"href":"https:\/\/miumjau.ee\/lv\/wp-json\/wp\/v2\/product\/55511","targetHints":{"allow":["GET"]}}],"collection":[{"href":"https:\/\/miumjau.ee\/lv\/wp-json\/wp\/v2\/product"}],"about":[{"href":"https:\/\/miumjau.ee\/lv\/wp-json\/wp\/v2\/types\/product"}],"wp:featuredmedia":[{"embeddable":true,"href":"https:\/\/miumjau.ee\/lv\/wp-json\/wp\/v2\/media\/55512"}],"wp:attachment":[{"href":"https:\/\/miumjau.ee\/lv\/wp-json\/wp\/v2\/media?parent=55511"}],"wp:term":[{"taxonomy":"product_brand","embeddable":true,"href":"https:\/\/miumjau.ee\/lv\/wp-json\/wp\/v2\/product_brand?post=55511"},{"taxonomy":"product_cat","embeddable":true,"href":"https:\/\/miumjau.ee\/lv\/wp-json\/wp\/v2\/product_cat?post=55511"},{"taxonomy":"product_tag","embeddable":true,"href":"https:\/\/miumjau.ee\/lv\/wp-json\/wp\/v2\/product_tag?post=55511"}],"curies":[{"name":"wp","href":"https:\/\/api.w.org\/{rel}","templated":true}]}}