{"id":55503,"date":"2025-01-11T14:48:59","date_gmt":"2025-01-11T12:48:59","guid":{"rendered":"https:\/\/miumjau.ee\/toode\/applaws-kaku-konservu-komplekts-ar-zivim-12x70g\/"},"modified":"2025-01-11T14:48:59","modified_gmt":"2025-01-11T12:48:59","slug":"applaws-kaku-konservu-komplekts-ar-zivim-12x70g","status":"publish","type":"product","link":"https:\/\/miumjau.ee\/lv\/produkts\/applaws-kaku-konservu-komplekts-ar-zivim-12x70g\/","title":{"rendered":"Applaws ka\u0137u konservu komplekts ar ziv\u012bm 12x70g"},"content":{"rendered":"","protected":false},"excerpt":{"rendered":"<p data-start=\"122\" data-end=\"170\">Applaws konservu komplekts pieaugu\u0161iem ka\u0137iem.<\/p>\n<p data-start=\"172\" data-end=\"203\">Komplekt\u0101 12 x 70 g konservi:<\/p>\n<ul data-start=\"204\" data-end=\"311\">\n<li data-section-id=\"xm68n5\" data-start=\"204\" data-end=\"234\">\n<p data-start=\"206\" data-end=\"234\">3 x ar makreli un sard\u012bn\u0113m<\/p>\n<\/li>\n<li data-section-id=\"cxkjr0\" data-start=\"235\" data-end=\"258\">\n<p data-start=\"237\" data-end=\"258\">3 x ar oke\u0101na ziv\u012bm<\/p>\n<\/li>\n<li data-section-id=\"ospf8j\" data-start=\"259\" data-end=\"287\">\n<p data-start=\"261\" data-end=\"287\">3 x ar tunci un garnel\u0113m<\/p>\n<\/li>\n<li data-section-id=\"1uiekx8\" data-start=\"288\" data-end=\"311\">\n<p data-start=\"290\" data-end=\"311\">3 x ar tunci fileju<\/p>\n<\/li>\n<\/ul>\n<p data-start=\"313\" data-end=\"427\"><strong data-start=\"313\" data-end=\"363\">Ieteicam\u0101 dienas deva un baro\u0161anas nor\u0101d\u012bjumi:<\/strong><br data-start=\"363\" data-end=\"366\" \/>Skat\u012bt iepakojumu. Vienm\u0113r nodro\u0161in\u0101t svaigu dzeramo \u016bdeni.<\/p>\n<p data-start=\"429\" data-end=\"471\"><strong data-start=\"429\" data-end=\"469\">Sast\u0101vda\u013cas un anal\u012btisk\u0101s v\u0113rt\u012bbas:<\/strong><\/p>\n<ul data-start=\"472\" data-end=\"999\">\n<li data-section-id=\"1lg2o75\" data-start=\"472\" data-end=\"610\">\n<p data-start=\"474\" data-end=\"535\">Makrele un sard\u012bnes: makrele, sard\u012bnes, zivju buljons, r\u012bsi<\/p>\n<ul data-start=\"538\" data-end=\"610\">\n<li data-section-id=\"vwtt\" data-start=\"538\" data-end=\"610\">\n<p data-start=\"540\" data-end=\"610\">Prote\u012bns 16%, \u0161\u0137iedrvielas 0,5%, tauki 6,5%, pelni 1,5%, mitrums 75%<\/p>\n<\/li>\n<\/ul>\n<\/li>\n<li data-section-id=\"va4mcr\" data-start=\"611\" data-end=\"740\">\n<p data-start=\"613\" data-end=\"671\">Oke\u0101na zivis: makrele, tunci fileja, zivju buljons, r\u012bsi<\/p>\n<ul data-start=\"674\" data-end=\"740\">\n<li data-section-id=\"1azmqxt\" data-start=\"674\" data-end=\"740\">\n<p data-start=\"676\" data-end=\"740\">Prote\u012bns 12%, \u0161\u0137iedrvielas 1%, tauki 1%, pelni 3%, mitrums 83%<\/p>\n<\/li>\n<\/ul>\n<\/li>\n<li data-section-id=\"pkq0vd\" data-start=\"741\" data-end=\"877\">\n<p data-start=\"743\" data-end=\"808\">Tuncis un garneles: tunci fileja, zivju buljons, garneles, r\u012bsi<\/p>\n<ul data-start=\"811\" data-end=\"877\">\n<li data-section-id=\"1fkac3r\" data-start=\"811\" data-end=\"877\">\n<p data-start=\"813\" data-end=\"877\">Prote\u012bns 14%, \u0161\u0137iedrvielas 1%, tauki 1%, pelni 2%, mitrums 82%<\/p>\n<\/li>\n<\/ul>\n<\/li>\n<li data-section-id=\"sp87jk\" data-start=\"878\" data-end=\"999\">\n<p data-start=\"880\" data-end=\"930\">Tuncis fileja: tunci fileja, zivju buljons, r\u012bsi<\/p>\n<ul data-start=\"933\" data-end=\"999\">\n<li data-section-id=\"5e1br8\" data-start=\"933\" data-end=\"999\">\n<p data-start=\"935\" data-end=\"999\">Prote\u012bns 14%, \u0161\u0137iedrvielas 2%, tauki 1%, pelni 2%, mitrums 82%<\/p>\n<\/li>\n<\/ul>\n<\/li>\n<\/ul>\n<p data-start=\"1001\" data-end=\"1077\"><strong data-start=\"1001\" data-end=\"1017\">Uzglab\u0101\u0161ana:<\/strong> Lab\u0101k pirms datuma un partijas nr.: skat\u012bt uz iepakojuma.<\/p>\n<p data-start=\"1079\" data-end=\"1106\"><strong data-start=\"1079\" data-end=\"1094\">Neto svars:<\/strong> 12 x 70 g<\/p>\n","protected":false},"featured_media":55504,"template":"","meta":[],"product_brand":[],"product_cat":[571],"product_tag":[],"class_list":{"0":"post-55503","1":"product","2":"type-product","3":"status-publish","4":"has-post-thumbnail","6":"product_cat-mitra-bariba","8":"first","9":"instock","10":"taxable","11":"shipping-taxable","12":"purchasable","13":"product-type-simple"},"yoast_head":"<!-- This site is optimized with the Yoast SEO plugin v27.4 - https:\/\/yoast.com\/product\/yoast-seo-wordpress\/ -->\n<title>Applaws ka\u0137u konservu komplekts ar ziv\u012bm 12x70g - MiuMjau<\/title>\n<meta name=\"robots\" content=\"index, follow, max-snippet:-1, max-image-preview:large, max-video-preview:-1\" \/>\n<link rel=\"canonical\" href=\"https:\/\/miumjau.ee\/lv\/produkts\/applaws-kaku-konservu-komplekts-ar-zivim-12x70g\/\" \/>\n<meta property=\"og:locale\" content=\"lv_LV\" \/>\n<meta property=\"og:type\" content=\"article\" \/>\n<meta property=\"og:title\" content=\"Applaws ka\u0137u konservu komplekts ar ziv\u012bm 12x70g - MiuMjau\" \/>\n<meta property=\"og:description\" content=\"Applaws konservu komplekts pieaugu\u0161iem ka\u0137iem. Komplekt\u0101 12 x 70 g konservi:     3 x ar makreli un sard\u012bn\u0113m    3 x ar oke\u0101na ziv\u012bm    3 x ar tunci un garnel\u0113m    3 x ar tunci fileju   Ieteicam\u0101 dienas deva un baro\u0161anas nor\u0101d\u012bjumi:Skat\u012bt iepakojumu. Vienm\u0113r nodro\u0161in\u0101t svaigu dzeramo \u016bdeni. Sast\u0101vda\u013cas un anal\u012btisk\u0101s v\u0113rt\u012bbas:     Makrele un sard\u012bnes: makrele, sard\u012bnes, zivju buljons, r\u012bsi     Prote\u012bns 16%, \u0161\u0137iedrvielas 0,5%, tauki 6,5%, pelni 1,5%, mitrums 75%      Oke\u0101na zivis: makrele, tunci fileja, zivju buljons, r\u012bsi     Prote\u012bns 12%, \u0161\u0137iedrvielas 1%, tauki 1%, pelni 3%, mitrums 83%      Tuncis un garneles: tunci fileja, zivju buljons, garneles, r\u012bsi     Prote\u012bns 14%, \u0161\u0137iedrvielas 1%, tauki 1%, pelni 2%, mitrums 82%      Tuncis fileja: tunci fileja, zivju buljons, r\u012bsi     Prote\u012bns 14%, \u0161\u0137iedrvielas 2%, tauki 1%, pelni 2%, mitrums 82%     Uzglab\u0101\u0161ana: Lab\u0101k pirms datuma un partijas nr.: skat\u012bt uz iepakojuma. Neto svars: 12 x 70 g\" \/>\n<meta property=\"og:url\" content=\"https:\/\/miumjau.ee\/lv\/produkts\/applaws-kaku-konservu-komplekts-ar-zivim-12x70g\/\" \/>\n<meta property=\"og:site_name\" content=\"MiuMjau\" \/>\n<meta property=\"article:publisher\" content=\"https:\/\/www.facebook.com\/miumjaupood\/\" \/>\n<meta property=\"og:image\" content=\"https:\/\/miumjau.ee\/wp-content\/uploads\/2025\/01\/applaws-konservide-valikpakk-kassile3.jpg\" \/>\n\t<meta property=\"og:image:width\" content=\"600\" \/>\n\t<meta property=\"og:image:height\" content=\"800\" \/>\n\t<meta property=\"og:image:type\" content=\"image\/jpeg\" \/>\n<meta name=\"twitter:card\" content=\"summary_large_image\" \/>\n<script type=\"application\/ld+json\" class=\"yoast-schema-graph\">{\"@context\":\"https:\\\/\\\/schema.org\",\"@graph\":[{\"@type\":\"WebPage\",\"@id\":\"https:\\\/\\\/miumjau.ee\\\/lv\\\/produkts\\\/applaws-kaku-konservu-komplekts-ar-zivim-12x70g\\\/\",\"url\":\"https:\\\/\\\/miumjau.ee\\\/lv\\\/produkts\\\/applaws-kaku-konservu-komplekts-ar-zivim-12x70g\\\/\",\"name\":\"Applaws ka\u0137u konservu komplekts ar ziv\u012bm 12x70g - MiuMjau\",\"isPartOf\":{\"@id\":\"https:\\\/\\\/miumjau.ee\\\/#website\"},\"primaryImageOfPage\":{\"@id\":\"https:\\\/\\\/miumjau.ee\\\/lv\\\/produkts\\\/applaws-kaku-konservu-komplekts-ar-zivim-12x70g\\\/#primaryimage\"},\"image\":{\"@id\":\"https:\\\/\\\/miumjau.ee\\\/lv\\\/produkts\\\/applaws-kaku-konservu-komplekts-ar-zivim-12x70g\\\/#primaryimage\"},\"thumbnailUrl\":\"https:\\\/\\\/miumjau.ee\\\/wp-content\\\/uploads\\\/2025\\\/01\\\/applaws-konservide-valikpakk-kassile3.jpg\",\"datePublished\":\"2025-01-11T12:48:59+00:00\",\"breadcrumb\":{\"@id\":\"https:\\\/\\\/miumjau.ee\\\/lv\\\/produkts\\\/applaws-kaku-konservu-komplekts-ar-zivim-12x70g\\\/#breadcrumb\"},\"inLanguage\":\"lv-LV\",\"potentialAction\":[{\"@type\":\"ReadAction\",\"target\":[\"https:\\\/\\\/miumjau.ee\\\/lv\\\/produkts\\\/applaws-kaku-konservu-komplekts-ar-zivim-12x70g\\\/\"]}]},{\"@type\":\"ImageObject\",\"inLanguage\":\"lv-LV\",\"@id\":\"https:\\\/\\\/miumjau.ee\\\/lv\\\/produkts\\\/applaws-kaku-konservu-komplekts-ar-zivim-12x70g\\\/#primaryimage\",\"url\":\"https:\\\/\\\/miumjau.ee\\\/wp-content\\\/uploads\\\/2025\\\/01\\\/applaws-konservide-valikpakk-kassile3.jpg\",\"contentUrl\":\"https:\\\/\\\/miumjau.ee\\\/wp-content\\\/uploads\\\/2025\\\/01\\\/applaws-konservide-valikpakk-kassile3.jpg\",\"width\":600,\"height\":800},{\"@type\":\"BreadcrumbList\",\"@id\":\"https:\\\/\\\/miumjau.ee\\\/lv\\\/produkts\\\/applaws-kaku-konservu-komplekts-ar-zivim-12x70g\\\/#breadcrumb\",\"itemListElement\":[{\"@type\":\"ListItem\",\"position\":1,\"name\":\"Home\",\"item\":\"https:\\\/\\\/miumjau.ee\\\/lv\\\/\"},{\"@type\":\"ListItem\",\"position\":2,\"name\":\"Veikals\",\"item\":\"https:\\\/\\\/miumjau.ee\\\/lv\\\/veikals\\\/\"},{\"@type\":\"ListItem\",\"position\":3,\"name\":\"Applaws ka\u0137u konservu komplekts ar ziv\u012bm 12x70g\"}]},{\"@type\":\"WebSite\",\"@id\":\"https:\\\/\\\/miumjau.ee\\\/#website\",\"url\":\"https:\\\/\\\/miumjau.ee\\\/\",\"name\":\"MiuMjau\",\"description\":\"Kraapimispuud kassidele\",\"publisher\":{\"@id\":\"https:\\\/\\\/miumjau.ee\\\/#organization\"},\"potentialAction\":[{\"@type\":\"SearchAction\",\"target\":{\"@type\":\"EntryPoint\",\"urlTemplate\":\"https:\\\/\\\/miumjau.ee\\\/?s={search_term_string}\"},\"query-input\":{\"@type\":\"PropertyValueSpecification\",\"valueRequired\":true,\"valueName\":\"search_term_string\"}}],\"inLanguage\":\"lv-LV\"},{\"@type\":\"Organization\",\"@id\":\"https:\\\/\\\/miumjau.ee\\\/#organization\",\"name\":\"MiuMjau O\u00dc\",\"url\":\"https:\\\/\\\/miumjau.ee\\\/\",\"logo\":{\"@type\":\"ImageObject\",\"inLanguage\":\"lv-LV\",\"@id\":\"https:\\\/\\\/miumjau.ee\\\/#\\\/schema\\\/logo\\\/image\\\/\",\"url\":\"https:\\\/\\\/miumjau.ee\\\/wp-content\\\/uploads\\\/2022\\\/04\\\/MiuMjau-logo-kollane.png\",\"contentUrl\":\"https:\\\/\\\/miumjau.ee\\\/wp-content\\\/uploads\\\/2022\\\/04\\\/MiuMjau-logo-kollane.png\",\"width\":219,\"height\":100,\"caption\":\"MiuMjau O\u00dc\"},\"image\":{\"@id\":\"https:\\\/\\\/miumjau.ee\\\/#\\\/schema\\\/logo\\\/image\\\/\"},\"sameAs\":[\"https:\\\/\\\/www.facebook.com\\\/miumjaupood\\\/\"]}]}<\/script>\n<!-- \/ Yoast SEO plugin. -->","yoast_head_json":{"title":"Applaws ka\u0137u konservu komplekts ar ziv\u012bm 12x70g - MiuMjau","robots":{"index":"index","follow":"follow","max-snippet":"max-snippet:-1","max-image-preview":"max-image-preview:large","max-video-preview":"max-video-preview:-1"},"canonical":"https:\/\/miumjau.ee\/lv\/produkts\/applaws-kaku-konservu-komplekts-ar-zivim-12x70g\/","og_locale":"lv_LV","og_type":"article","og_title":"Applaws ka\u0137u konservu komplekts ar ziv\u012bm 12x70g - MiuMjau","og_description":"Applaws konservu komplekts pieaugu\u0161iem ka\u0137iem. Komplekt\u0101 12 x 70 g konservi:     3 x ar makreli un sard\u012bn\u0113m    3 x ar oke\u0101na ziv\u012bm    3 x ar tunci un garnel\u0113m    3 x ar tunci fileju   Ieteicam\u0101 dienas deva un baro\u0161anas nor\u0101d\u012bjumi:Skat\u012bt iepakojumu. Vienm\u0113r nodro\u0161in\u0101t svaigu dzeramo \u016bdeni. Sast\u0101vda\u013cas un anal\u012btisk\u0101s v\u0113rt\u012bbas:     Makrele un sard\u012bnes: makrele, sard\u012bnes, zivju buljons, r\u012bsi     Prote\u012bns 16%, \u0161\u0137iedrvielas 0,5%, tauki 6,5%, pelni 1,5%, mitrums 75%      Oke\u0101na zivis: makrele, tunci fileja, zivju buljons, r\u012bsi     Prote\u012bns 12%, \u0161\u0137iedrvielas 1%, tauki 1%, pelni 3%, mitrums 83%      Tuncis un garneles: tunci fileja, zivju buljons, garneles, r\u012bsi     Prote\u012bns 14%, \u0161\u0137iedrvielas 1%, tauki 1%, pelni 2%, mitrums 82%      Tuncis fileja: tunci fileja, zivju buljons, r\u012bsi     Prote\u012bns 14%, \u0161\u0137iedrvielas 2%, tauki 1%, pelni 2%, mitrums 82%     Uzglab\u0101\u0161ana: Lab\u0101k pirms datuma un partijas nr.: skat\u012bt uz iepakojuma. Neto svars: 12 x 70 g","og_url":"https:\/\/miumjau.ee\/lv\/produkts\/applaws-kaku-konservu-komplekts-ar-zivim-12x70g\/","og_site_name":"MiuMjau","article_publisher":"https:\/\/www.facebook.com\/miumjaupood\/","og_image":[{"width":600,"height":800,"url":"https:\/\/miumjau.ee\/wp-content\/uploads\/2025\/01\/applaws-konservide-valikpakk-kassile3.jpg","type":"image\/jpeg"}],"twitter_card":"summary_large_image","schema":{"@context":"https:\/\/schema.org","@graph":[{"@type":"WebPage","@id":"https:\/\/miumjau.ee\/lv\/produkts\/applaws-kaku-konservu-komplekts-ar-zivim-12x70g\/","url":"https:\/\/miumjau.ee\/lv\/produkts\/applaws-kaku-konservu-komplekts-ar-zivim-12x70g\/","name":"Applaws ka\u0137u konservu komplekts ar ziv\u012bm 12x70g - MiuMjau","isPartOf":{"@id":"https:\/\/miumjau.ee\/#website"},"primaryImageOfPage":{"@id":"https:\/\/miumjau.ee\/lv\/produkts\/applaws-kaku-konservu-komplekts-ar-zivim-12x70g\/#primaryimage"},"image":{"@id":"https:\/\/miumjau.ee\/lv\/produkts\/applaws-kaku-konservu-komplekts-ar-zivim-12x70g\/#primaryimage"},"thumbnailUrl":"https:\/\/miumjau.ee\/wp-content\/uploads\/2025\/01\/applaws-konservide-valikpakk-kassile3.jpg","datePublished":"2025-01-11T12:48:59+00:00","breadcrumb":{"@id":"https:\/\/miumjau.ee\/lv\/produkts\/applaws-kaku-konservu-komplekts-ar-zivim-12x70g\/#breadcrumb"},"inLanguage":"lv-LV","potentialAction":[{"@type":"ReadAction","target":["https:\/\/miumjau.ee\/lv\/produkts\/applaws-kaku-konservu-komplekts-ar-zivim-12x70g\/"]}]},{"@type":"ImageObject","inLanguage":"lv-LV","@id":"https:\/\/miumjau.ee\/lv\/produkts\/applaws-kaku-konservu-komplekts-ar-zivim-12x70g\/#primaryimage","url":"https:\/\/miumjau.ee\/wp-content\/uploads\/2025\/01\/applaws-konservide-valikpakk-kassile3.jpg","contentUrl":"https:\/\/miumjau.ee\/wp-content\/uploads\/2025\/01\/applaws-konservide-valikpakk-kassile3.jpg","width":600,"height":800},{"@type":"BreadcrumbList","@id":"https:\/\/miumjau.ee\/lv\/produkts\/applaws-kaku-konservu-komplekts-ar-zivim-12x70g\/#breadcrumb","itemListElement":[{"@type":"ListItem","position":1,"name":"Home","item":"https:\/\/miumjau.ee\/lv\/"},{"@type":"ListItem","position":2,"name":"Veikals","item":"https:\/\/miumjau.ee\/lv\/veikals\/"},{"@type":"ListItem","position":3,"name":"Applaws ka\u0137u konservu komplekts ar ziv\u012bm 12x70g"}]},{"@type":"WebSite","@id":"https:\/\/miumjau.ee\/#website","url":"https:\/\/miumjau.ee\/","name":"MiuMjau","description":"Kraapimispuud kassidele","publisher":{"@id":"https:\/\/miumjau.ee\/#organization"},"potentialAction":[{"@type":"SearchAction","target":{"@type":"EntryPoint","urlTemplate":"https:\/\/miumjau.ee\/?s={search_term_string}"},"query-input":{"@type":"PropertyValueSpecification","valueRequired":true,"valueName":"search_term_string"}}],"inLanguage":"lv-LV"},{"@type":"Organization","@id":"https:\/\/miumjau.ee\/#organization","name":"MiuMjau O\u00dc","url":"https:\/\/miumjau.ee\/","logo":{"@type":"ImageObject","inLanguage":"lv-LV","@id":"https:\/\/miumjau.ee\/#\/schema\/logo\/image\/","url":"https:\/\/miumjau.ee\/wp-content\/uploads\/2022\/04\/MiuMjau-logo-kollane.png","contentUrl":"https:\/\/miumjau.ee\/wp-content\/uploads\/2022\/04\/MiuMjau-logo-kollane.png","width":219,"height":100,"caption":"MiuMjau O\u00dc"},"image":{"@id":"https:\/\/miumjau.ee\/#\/schema\/logo\/image\/"},"sameAs":["https:\/\/www.facebook.com\/miumjaupood\/"]}]}},"_links":{"self":[{"href":"https:\/\/miumjau.ee\/lv\/wp-json\/wp\/v2\/product\/55503","targetHints":{"allow":["GET"]}}],"collection":[{"href":"https:\/\/miumjau.ee\/lv\/wp-json\/wp\/v2\/product"}],"about":[{"href":"https:\/\/miumjau.ee\/lv\/wp-json\/wp\/v2\/types\/product"}],"wp:featuredmedia":[{"embeddable":true,"href":"https:\/\/miumjau.ee\/lv\/wp-json\/wp\/v2\/media\/55504"}],"wp:attachment":[{"href":"https:\/\/miumjau.ee\/lv\/wp-json\/wp\/v2\/media?parent=55503"}],"wp:term":[{"taxonomy":"product_brand","embeddable":true,"href":"https:\/\/miumjau.ee\/lv\/wp-json\/wp\/v2\/product_brand?post=55503"},{"taxonomy":"product_cat","embeddable":true,"href":"https:\/\/miumjau.ee\/lv\/wp-json\/wp\/v2\/product_cat?post=55503"},{"taxonomy":"product_tag","embeddable":true,"href":"https:\/\/miumjau.ee\/lv\/wp-json\/wp\/v2\/product_tag?post=55503"}],"curies":[{"name":"wp","href":"https:\/\/api.w.org\/{rel}","templated":true}]}}