{"id":55495,"date":"2025-01-07T19:04:55","date_gmt":"2025-01-07T17:04:55","guid":{"rendered":"https:\/\/miumjau.ee\/toode\/churu-bites-ar-vistas-tunci-un-lasi-3x10g\/"},"modified":"2025-01-07T19:04:55","modified_gmt":"2025-01-07T17:04:55","slug":"churu-bites-ar-vistas-tunci-un-lasi-3x10g","status":"publish","type":"product","link":"https:\/\/miumjau.ee\/lv\/produkts\/churu-bites-ar-vistas-tunci-un-lasi-3x10g\/","title":{"rendered":"Churu Bites ar vistas, tunci un lasi 3x10g"},"content":{"rendered":"","protected":false},"excerpt":{"rendered":"<p data-start=\"117\" data-end=\"303\"><strong data-start=\"117\" data-end=\"178\">IZGATAVOTS NO VESEL\u012aGIEM SAST\u0100VDA\u013b\u0100M, KAM VAR UZTIC\u0112TIES:<\/strong> Katrs INABA produkts ir izgatavots no kvalitat\u012bv\u0101m sast\u0101vda\u013c\u0101m, tostarp ferm\u0101 audz\u0113tas vistas un dab\u012bgi nozvejotas tuncis.<\/p>\n<p data-start=\"305\" data-end=\"581\"><strong data-start=\"305\" data-end=\"324\">\u012aPA\u0160A TEKST\u016aRA:<\/strong> katrs spilventi\u0146a formas kumoss s\u0101kas ar m\u012bkstu ceptu vistas pastu, kas nesatur graudus, konservantus, karrage\u0113nu vai m\u0101ksl\u012bg\u0101s kr\u0101svielas. P\u0113c tam pild\u0101m \u010daumalas ar INABA gar\u0161\u012bgo Churu pild\u012bjumu, lai j\u016bsu ka\u0137im b\u016btu v\u0113l interesant\u0101ka gar\u0161a un tekst\u016bra.<\/p>\n<p data-start=\"583\" data-end=\"647\">Pat visizv\u0113l\u012bg\u0101kais ka\u0137is \u0113d \u0161os gardumus tie\u0161i no j\u016bsu rokas.<\/p>\n<p data-start=\"649\" data-end=\"892\"><strong data-start=\"649\" data-end=\"661\">Sast\u0101vs:<\/strong> vista, tuncis, \u016bdens, tapioka, olu baltums, n\u0101trija kasein\u0101ts, lasis, guar gumija, dab\u012bg\u0101 vistas gar\u0161a, dab\u012bg\u0101s gar\u0161as, rauga ekstrakts, dab\u012bg\u0101 tunci gar\u0161a, E vitam\u012bna piedeva, paprikas oleorez\u012bns (kr\u0101sa), za\u013c\u0101s t\u0113jas ekstrakts.<\/p>\n<p data-start=\"894\" data-end=\"1046\"><strong data-start=\"894\" data-end=\"922\">Anal\u012btisk\u0101s sast\u0101vda\u013cas:<\/strong> olbaltumvielas (min) 22,00%, tauki (min) 3,00%, \u0161\u0137iedrvielas (max) 0,50%, mitrums (max) 72,00%, E vitam\u012bns (min) 80 IU\/kg<\/p>\n","protected":false},"featured_media":55496,"template":"","meta":[],"product_brand":[],"product_cat":[570],"product_tag":[],"class_list":{"0":"post-55495","1":"product","2":"type-product","3":"status-publish","4":"has-post-thumbnail","6":"product_cat-naski","8":"first","9":"instock","10":"taxable","11":"shipping-taxable","12":"purchasable","13":"product-type-simple"},"yoast_head":"<!-- This site is optimized with the Yoast SEO plugin v27.4 - https:\/\/yoast.com\/product\/yoast-seo-wordpress\/ -->\n<title>Churu Bites ar vistas, tunci un lasi 3x10g - MiuMjau<\/title>\n<meta name=\"robots\" content=\"index, follow, max-snippet:-1, max-image-preview:large, max-video-preview:-1\" \/>\n<link rel=\"canonical\" href=\"https:\/\/miumjau.ee\/lv\/produkts\/churu-bites-ar-vistas-tunci-un-lasi-3x10g\/\" \/>\n<meta property=\"og:locale\" content=\"lv_LV\" \/>\n<meta property=\"og:type\" content=\"article\" \/>\n<meta property=\"og:title\" content=\"Churu Bites ar vistas, tunci un lasi 3x10g - MiuMjau\" \/>\n<meta property=\"og:description\" content=\"IZGATAVOTS NO VESEL\u012aGIEM SAST\u0100VDA\u013b\u0100M, KAM VAR UZTIC\u0112TIES: Katrs INABA produkts ir izgatavots no kvalitat\u012bv\u0101m sast\u0101vda\u013c\u0101m, tostarp ferm\u0101 audz\u0113tas vistas un dab\u012bgi nozvejotas tuncis. \u012aPA\u0160A TEKST\u016aRA: katrs spilventi\u0146a formas kumoss s\u0101kas ar m\u012bkstu ceptu vistas pastu, kas nesatur graudus, konservantus, karrage\u0113nu vai m\u0101ksl\u012bg\u0101s kr\u0101svielas. P\u0113c tam pild\u0101m \u010daumalas ar INABA gar\u0161\u012bgo Churu pild\u012bjumu, lai j\u016bsu ka\u0137im b\u016btu v\u0113l interesant\u0101ka gar\u0161a un tekst\u016bra. Pat visizv\u0113l\u012bg\u0101kais ka\u0137is \u0113d \u0161os gardumus tie\u0161i no j\u016bsu rokas. Sast\u0101vs: vista, tuncis, \u016bdens, tapioka, olu baltums, n\u0101trija kasein\u0101ts, lasis, guar gumija, dab\u012bg\u0101 vistas gar\u0161a, dab\u012bg\u0101s gar\u0161as, rauga ekstrakts, dab\u012bg\u0101 tunci gar\u0161a, E vitam\u012bna piedeva, paprikas oleorez\u012bns (kr\u0101sa), za\u013c\u0101s t\u0113jas ekstrakts. Anal\u012btisk\u0101s sast\u0101vda\u013cas: olbaltumvielas (min) 22,00%, tauki (min) 3,00%, \u0161\u0137iedrvielas (max) 0,50%, mitrums (max) 72,00%, E vitam\u012bns (min) 80 IU\/kg\" \/>\n<meta property=\"og:url\" content=\"https:\/\/miumjau.ee\/lv\/produkts\/churu-bites-ar-vistas-tunci-un-lasi-3x10g\/\" \/>\n<meta property=\"og:site_name\" content=\"MiuMjau\" \/>\n<meta property=\"article:publisher\" content=\"https:\/\/www.facebook.com\/miumjaupood\/\" \/>\n<meta property=\"og:image\" content=\"https:\/\/miumjau.ee\/wp-content\/uploads\/2025\/01\/churu-bites-chicken-tuna-salmon.jpg\" \/>\n\t<meta property=\"og:image:width\" content=\"600\" \/>\n\t<meta property=\"og:image:height\" content=\"800\" \/>\n\t<meta property=\"og:image:type\" content=\"image\/jpeg\" \/>\n<meta name=\"twitter:card\" content=\"summary_large_image\" \/>\n<script type=\"application\/ld+json\" class=\"yoast-schema-graph\">{\"@context\":\"https:\\\/\\\/schema.org\",\"@graph\":[{\"@type\":\"WebPage\",\"@id\":\"https:\\\/\\\/miumjau.ee\\\/lv\\\/produkts\\\/churu-bites-ar-vistas-tunci-un-lasi-3x10g\\\/\",\"url\":\"https:\\\/\\\/miumjau.ee\\\/lv\\\/produkts\\\/churu-bites-ar-vistas-tunci-un-lasi-3x10g\\\/\",\"name\":\"Churu Bites ar vistas, tunci un lasi 3x10g - MiuMjau\",\"isPartOf\":{\"@id\":\"https:\\\/\\\/miumjau.ee\\\/#website\"},\"primaryImageOfPage\":{\"@id\":\"https:\\\/\\\/miumjau.ee\\\/lv\\\/produkts\\\/churu-bites-ar-vistas-tunci-un-lasi-3x10g\\\/#primaryimage\"},\"image\":{\"@id\":\"https:\\\/\\\/miumjau.ee\\\/lv\\\/produkts\\\/churu-bites-ar-vistas-tunci-un-lasi-3x10g\\\/#primaryimage\"},\"thumbnailUrl\":\"https:\\\/\\\/miumjau.ee\\\/wp-content\\\/uploads\\\/2025\\\/01\\\/churu-bites-chicken-tuna-salmon.jpg\",\"datePublished\":\"2025-01-07T17:04:55+00:00\",\"breadcrumb\":{\"@id\":\"https:\\\/\\\/miumjau.ee\\\/lv\\\/produkts\\\/churu-bites-ar-vistas-tunci-un-lasi-3x10g\\\/#breadcrumb\"},\"inLanguage\":\"lv-LV\",\"potentialAction\":[{\"@type\":\"ReadAction\",\"target\":[\"https:\\\/\\\/miumjau.ee\\\/lv\\\/produkts\\\/churu-bites-ar-vistas-tunci-un-lasi-3x10g\\\/\"]}]},{\"@type\":\"ImageObject\",\"inLanguage\":\"lv-LV\",\"@id\":\"https:\\\/\\\/miumjau.ee\\\/lv\\\/produkts\\\/churu-bites-ar-vistas-tunci-un-lasi-3x10g\\\/#primaryimage\",\"url\":\"https:\\\/\\\/miumjau.ee\\\/wp-content\\\/uploads\\\/2025\\\/01\\\/churu-bites-chicken-tuna-salmon.jpg\",\"contentUrl\":\"https:\\\/\\\/miumjau.ee\\\/wp-content\\\/uploads\\\/2025\\\/01\\\/churu-bites-chicken-tuna-salmon.jpg\",\"width\":600,\"height\":800},{\"@type\":\"BreadcrumbList\",\"@id\":\"https:\\\/\\\/miumjau.ee\\\/lv\\\/produkts\\\/churu-bites-ar-vistas-tunci-un-lasi-3x10g\\\/#breadcrumb\",\"itemListElement\":[{\"@type\":\"ListItem\",\"position\":1,\"name\":\"Home\",\"item\":\"https:\\\/\\\/miumjau.ee\\\/lv\\\/\"},{\"@type\":\"ListItem\",\"position\":2,\"name\":\"Veikals\",\"item\":\"https:\\\/\\\/miumjau.ee\\\/lv\\\/veikals\\\/\"},{\"@type\":\"ListItem\",\"position\":3,\"name\":\"Churu Bites ar vistas, tunci un lasi 3x10g\"}]},{\"@type\":\"WebSite\",\"@id\":\"https:\\\/\\\/miumjau.ee\\\/#website\",\"url\":\"https:\\\/\\\/miumjau.ee\\\/\",\"name\":\"MiuMjau\",\"description\":\"Kraapimispuud kassidele\",\"publisher\":{\"@id\":\"https:\\\/\\\/miumjau.ee\\\/#organization\"},\"potentialAction\":[{\"@type\":\"SearchAction\",\"target\":{\"@type\":\"EntryPoint\",\"urlTemplate\":\"https:\\\/\\\/miumjau.ee\\\/?s={search_term_string}\"},\"query-input\":{\"@type\":\"PropertyValueSpecification\",\"valueRequired\":true,\"valueName\":\"search_term_string\"}}],\"inLanguage\":\"lv-LV\"},{\"@type\":\"Organization\",\"@id\":\"https:\\\/\\\/miumjau.ee\\\/#organization\",\"name\":\"MiuMjau O\u00dc\",\"url\":\"https:\\\/\\\/miumjau.ee\\\/\",\"logo\":{\"@type\":\"ImageObject\",\"inLanguage\":\"lv-LV\",\"@id\":\"https:\\\/\\\/miumjau.ee\\\/#\\\/schema\\\/logo\\\/image\\\/\",\"url\":\"https:\\\/\\\/miumjau.ee\\\/wp-content\\\/uploads\\\/2022\\\/04\\\/MiuMjau-logo-kollane.png\",\"contentUrl\":\"https:\\\/\\\/miumjau.ee\\\/wp-content\\\/uploads\\\/2022\\\/04\\\/MiuMjau-logo-kollane.png\",\"width\":219,\"height\":100,\"caption\":\"MiuMjau O\u00dc\"},\"image\":{\"@id\":\"https:\\\/\\\/miumjau.ee\\\/#\\\/schema\\\/logo\\\/image\\\/\"},\"sameAs\":[\"https:\\\/\\\/www.facebook.com\\\/miumjaupood\\\/\"]}]}<\/script>\n<!-- \/ Yoast SEO plugin. -->","yoast_head_json":{"title":"Churu Bites ar vistas, tunci un lasi 3x10g - MiuMjau","robots":{"index":"index","follow":"follow","max-snippet":"max-snippet:-1","max-image-preview":"max-image-preview:large","max-video-preview":"max-video-preview:-1"},"canonical":"https:\/\/miumjau.ee\/lv\/produkts\/churu-bites-ar-vistas-tunci-un-lasi-3x10g\/","og_locale":"lv_LV","og_type":"article","og_title":"Churu Bites ar vistas, tunci un lasi 3x10g - MiuMjau","og_description":"IZGATAVOTS NO VESEL\u012aGIEM SAST\u0100VDA\u013b\u0100M, KAM VAR UZTIC\u0112TIES: Katrs INABA produkts ir izgatavots no kvalitat\u012bv\u0101m sast\u0101vda\u013c\u0101m, tostarp ferm\u0101 audz\u0113tas vistas un dab\u012bgi nozvejotas tuncis. \u012aPA\u0160A TEKST\u016aRA: katrs spilventi\u0146a formas kumoss s\u0101kas ar m\u012bkstu ceptu vistas pastu, kas nesatur graudus, konservantus, karrage\u0113nu vai m\u0101ksl\u012bg\u0101s kr\u0101svielas. P\u0113c tam pild\u0101m \u010daumalas ar INABA gar\u0161\u012bgo Churu pild\u012bjumu, lai j\u016bsu ka\u0137im b\u016btu v\u0113l interesant\u0101ka gar\u0161a un tekst\u016bra. Pat visizv\u0113l\u012bg\u0101kais ka\u0137is \u0113d \u0161os gardumus tie\u0161i no j\u016bsu rokas. Sast\u0101vs: vista, tuncis, \u016bdens, tapioka, olu baltums, n\u0101trija kasein\u0101ts, lasis, guar gumija, dab\u012bg\u0101 vistas gar\u0161a, dab\u012bg\u0101s gar\u0161as, rauga ekstrakts, dab\u012bg\u0101 tunci gar\u0161a, E vitam\u012bna piedeva, paprikas oleorez\u012bns (kr\u0101sa), za\u013c\u0101s t\u0113jas ekstrakts. Anal\u012btisk\u0101s sast\u0101vda\u013cas: olbaltumvielas (min) 22,00%, tauki (min) 3,00%, \u0161\u0137iedrvielas (max) 0,50%, mitrums (max) 72,00%, E vitam\u012bns (min) 80 IU\/kg","og_url":"https:\/\/miumjau.ee\/lv\/produkts\/churu-bites-ar-vistas-tunci-un-lasi-3x10g\/","og_site_name":"MiuMjau","article_publisher":"https:\/\/www.facebook.com\/miumjaupood\/","og_image":[{"width":600,"height":800,"url":"https:\/\/miumjau.ee\/wp-content\/uploads\/2025\/01\/churu-bites-chicken-tuna-salmon.jpg","type":"image\/jpeg"}],"twitter_card":"summary_large_image","schema":{"@context":"https:\/\/schema.org","@graph":[{"@type":"WebPage","@id":"https:\/\/miumjau.ee\/lv\/produkts\/churu-bites-ar-vistas-tunci-un-lasi-3x10g\/","url":"https:\/\/miumjau.ee\/lv\/produkts\/churu-bites-ar-vistas-tunci-un-lasi-3x10g\/","name":"Churu Bites ar vistas, tunci un lasi 3x10g - MiuMjau","isPartOf":{"@id":"https:\/\/miumjau.ee\/#website"},"primaryImageOfPage":{"@id":"https:\/\/miumjau.ee\/lv\/produkts\/churu-bites-ar-vistas-tunci-un-lasi-3x10g\/#primaryimage"},"image":{"@id":"https:\/\/miumjau.ee\/lv\/produkts\/churu-bites-ar-vistas-tunci-un-lasi-3x10g\/#primaryimage"},"thumbnailUrl":"https:\/\/miumjau.ee\/wp-content\/uploads\/2025\/01\/churu-bites-chicken-tuna-salmon.jpg","datePublished":"2025-01-07T17:04:55+00:00","breadcrumb":{"@id":"https:\/\/miumjau.ee\/lv\/produkts\/churu-bites-ar-vistas-tunci-un-lasi-3x10g\/#breadcrumb"},"inLanguage":"lv-LV","potentialAction":[{"@type":"ReadAction","target":["https:\/\/miumjau.ee\/lv\/produkts\/churu-bites-ar-vistas-tunci-un-lasi-3x10g\/"]}]},{"@type":"ImageObject","inLanguage":"lv-LV","@id":"https:\/\/miumjau.ee\/lv\/produkts\/churu-bites-ar-vistas-tunci-un-lasi-3x10g\/#primaryimage","url":"https:\/\/miumjau.ee\/wp-content\/uploads\/2025\/01\/churu-bites-chicken-tuna-salmon.jpg","contentUrl":"https:\/\/miumjau.ee\/wp-content\/uploads\/2025\/01\/churu-bites-chicken-tuna-salmon.jpg","width":600,"height":800},{"@type":"BreadcrumbList","@id":"https:\/\/miumjau.ee\/lv\/produkts\/churu-bites-ar-vistas-tunci-un-lasi-3x10g\/#breadcrumb","itemListElement":[{"@type":"ListItem","position":1,"name":"Home","item":"https:\/\/miumjau.ee\/lv\/"},{"@type":"ListItem","position":2,"name":"Veikals","item":"https:\/\/miumjau.ee\/lv\/veikals\/"},{"@type":"ListItem","position":3,"name":"Churu Bites ar vistas, tunci un lasi 3x10g"}]},{"@type":"WebSite","@id":"https:\/\/miumjau.ee\/#website","url":"https:\/\/miumjau.ee\/","name":"MiuMjau","description":"Kraapimispuud kassidele","publisher":{"@id":"https:\/\/miumjau.ee\/#organization"},"potentialAction":[{"@type":"SearchAction","target":{"@type":"EntryPoint","urlTemplate":"https:\/\/miumjau.ee\/?s={search_term_string}"},"query-input":{"@type":"PropertyValueSpecification","valueRequired":true,"valueName":"search_term_string"}}],"inLanguage":"lv-LV"},{"@type":"Organization","@id":"https:\/\/miumjau.ee\/#organization","name":"MiuMjau O\u00dc","url":"https:\/\/miumjau.ee\/","logo":{"@type":"ImageObject","inLanguage":"lv-LV","@id":"https:\/\/miumjau.ee\/#\/schema\/logo\/image\/","url":"https:\/\/miumjau.ee\/wp-content\/uploads\/2022\/04\/MiuMjau-logo-kollane.png","contentUrl":"https:\/\/miumjau.ee\/wp-content\/uploads\/2022\/04\/MiuMjau-logo-kollane.png","width":219,"height":100,"caption":"MiuMjau O\u00dc"},"image":{"@id":"https:\/\/miumjau.ee\/#\/schema\/logo\/image\/"},"sameAs":["https:\/\/www.facebook.com\/miumjaupood\/"]}]}},"_links":{"self":[{"href":"https:\/\/miumjau.ee\/lv\/wp-json\/wp\/v2\/product\/55495","targetHints":{"allow":["GET"]}}],"collection":[{"href":"https:\/\/miumjau.ee\/lv\/wp-json\/wp\/v2\/product"}],"about":[{"href":"https:\/\/miumjau.ee\/lv\/wp-json\/wp\/v2\/types\/product"}],"wp:featuredmedia":[{"embeddable":true,"href":"https:\/\/miumjau.ee\/lv\/wp-json\/wp\/v2\/media\/55496"}],"wp:attachment":[{"href":"https:\/\/miumjau.ee\/lv\/wp-json\/wp\/v2\/media?parent=55495"}],"wp:term":[{"taxonomy":"product_brand","embeddable":true,"href":"https:\/\/miumjau.ee\/lv\/wp-json\/wp\/v2\/product_brand?post=55495"},{"taxonomy":"product_cat","embeddable":true,"href":"https:\/\/miumjau.ee\/lv\/wp-json\/wp\/v2\/product_cat?post=55495"},{"taxonomy":"product_tag","embeddable":true,"href":"https:\/\/miumjau.ee\/lv\/wp-json\/wp\/v2\/product_tag?post=55495"}],"curies":[{"name":"wp","href":"https:\/\/api.w.org\/{rel}","templated":true}]}}