{"id":55491,"date":"2024-12-31T19:30:14","date_gmt":"2024-12-31T17:30:14","guid":{"rendered":"https:\/\/miumjau.ee\/toode\/kaku-tunelis-afp-find-me-62-cm-gaisi-bruns\/"},"modified":"2024-12-31T19:30:14","modified_gmt":"2024-12-31T17:30:14","slug":"kaku-tunelis-afp-find-me-62-cm-gaisi-bruns","status":"publish","type":"product","link":"https:\/\/miumjau.ee\/lv\/produkts\/kaku-tunelis-afp-find-me-62-cm-gaisi-bruns\/","title":{"rendered":"Ka\u0137u tunelis AFP Find me, 62 cm, gai\u0161i br\u016bns"},"content":{"rendered":"","protected":false},"excerpt":{"rendered":"<p data-start=\"119\" data-end=\"266\">Ka\u0137i m\u012bl sp\u0113l\u0113ties, gul\u0113t un pasl\u0113pties. Tas viss iesp\u0113jams \u0161aj\u0101 tunel\u012b. Tunelis ir m\u012bksts, izgatavots no j\u0113ra vilnas, un aug\u0161pus\u0113 tam ir atvere.<\/p>\n<p data-start=\"268\" data-end=\"375\">Tunel\u012b ir krauk\u0161\u0137\u012bgs materi\u0101ls un tas apr\u012bkots ar jautru rota\u013clietu, kas nodro\u0161ina stund\u0101m ilgu izklaidi.<\/p>\n<p data-start=\"377\" data-end=\"392\"><strong data-start=\"377\" data-end=\"390\">\u012apa\u0161\u012bbas:<\/strong><\/p>\n<ul data-start=\"393\" data-end=\"494\">\n<li data-section-id=\"1nol2yz\" data-start=\"393\" data-end=\"415\">\n<p data-start=\"395\" data-end=\"415\">Krauk\u0161\u0137\u012bgas ska\u0146as<\/p>\n<\/li>\n<li data-section-id=\"1cat0mb\" data-start=\"416\" data-end=\"441\">\n<p data-start=\"418\" data-end=\"441\">Rota\u013clieta ar zvani\u0146u<\/p>\n<\/li>\n<li data-section-id=\"1rmb22q\" data-start=\"442\" data-end=\"471\">\n<p data-start=\"444\" data-end=\"471\">Stund\u0101m ilga sp\u0113\u013cu prieka<\/p>\n<\/li>\n<li data-section-id=\"fm5aa0\" data-start=\"472\" data-end=\"494\">\n<p data-start=\"474\" data-end=\"494\">Izm\u0113rs: 62 x 26 cm<\/p>\n<\/li>\n<\/ul>\n","protected":false},"featured_media":55492,"template":"","meta":[],"product_brand":[],"product_cat":[590],"product_tag":[],"class_list":{"0":"post-55491","1":"product","2":"type-product","3":"status-publish","4":"has-post-thumbnail","6":"product_cat-kaku-rotallietas","8":"first","9":"instock","10":"taxable","11":"shipping-taxable","12":"purchasable","13":"product-type-simple"},"yoast_head":"<!-- This site is optimized with the Yoast SEO plugin v27.4 - https:\/\/yoast.com\/product\/yoast-seo-wordpress\/ -->\n<title>Ka\u0137u tunelis AFP Find me, 62 cm, gai\u0161i br\u016bns - MiuMjau<\/title>\n<meta name=\"robots\" content=\"index, follow, max-snippet:-1, max-image-preview:large, max-video-preview:-1\" \/>\n<link rel=\"canonical\" href=\"https:\/\/miumjau.ee\/lv\/produkts\/kaku-tunelis-afp-find-me-62-cm-gaisi-bruns\/\" \/>\n<meta property=\"og:locale\" content=\"lv_LV\" \/>\n<meta property=\"og:type\" content=\"article\" \/>\n<meta property=\"og:title\" content=\"Ka\u0137u tunelis AFP Find me, 62 cm, gai\u0161i br\u016bns - MiuMjau\" \/>\n<meta property=\"og:description\" content=\"Ka\u0137i m\u012bl sp\u0113l\u0113ties, gul\u0113t un pasl\u0113pties. Tas viss iesp\u0113jams \u0161aj\u0101 tunel\u012b. Tunelis ir m\u012bksts, izgatavots no j\u0113ra vilnas, un aug\u0161pus\u0113 tam ir atvere. Tunel\u012b ir krauk\u0161\u0137\u012bgs materi\u0101ls un tas apr\u012bkots ar jautru rota\u013clietu, kas nodro\u0161ina stund\u0101m ilgu izklaidi. \u012apa\u0161\u012bbas:     Krauk\u0161\u0137\u012bgas ska\u0146as    Rota\u013clieta ar zvani\u0146u    Stund\u0101m ilga sp\u0113\u013cu prieka    Izm\u0113rs: 62 x 26 cm\" \/>\n<meta property=\"og:url\" content=\"https:\/\/miumjau.ee\/lv\/produkts\/kaku-tunelis-afp-find-me-62-cm-gaisi-bruns\/\" \/>\n<meta property=\"og:site_name\" content=\"MiuMjau\" \/>\n<meta property=\"article:publisher\" content=\"https:\/\/www.facebook.com\/miumjaupood\/\" \/>\n<meta property=\"og:image\" content=\"https:\/\/miumjau.ee\/wp-content\/uploads\/2024\/12\/tunnel-afp-kassile5.jpg\" \/>\n\t<meta property=\"og:image:width\" content=\"600\" \/>\n\t<meta property=\"og:image:height\" content=\"800\" \/>\n\t<meta property=\"og:image:type\" content=\"image\/jpeg\" \/>\n<meta name=\"twitter:card\" content=\"summary_large_image\" \/>\n<script type=\"application\/ld+json\" class=\"yoast-schema-graph\">{\"@context\":\"https:\\\/\\\/schema.org\",\"@graph\":[{\"@type\":\"WebPage\",\"@id\":\"https:\\\/\\\/miumjau.ee\\\/lv\\\/produkts\\\/kaku-tunelis-afp-find-me-62-cm-gaisi-bruns\\\/\",\"url\":\"https:\\\/\\\/miumjau.ee\\\/lv\\\/produkts\\\/kaku-tunelis-afp-find-me-62-cm-gaisi-bruns\\\/\",\"name\":\"Ka\u0137u tunelis AFP Find me, 62 cm, gai\u0161i br\u016bns - MiuMjau\",\"isPartOf\":{\"@id\":\"https:\\\/\\\/miumjau.ee\\\/#website\"},\"primaryImageOfPage\":{\"@id\":\"https:\\\/\\\/miumjau.ee\\\/lv\\\/produkts\\\/kaku-tunelis-afp-find-me-62-cm-gaisi-bruns\\\/#primaryimage\"},\"image\":{\"@id\":\"https:\\\/\\\/miumjau.ee\\\/lv\\\/produkts\\\/kaku-tunelis-afp-find-me-62-cm-gaisi-bruns\\\/#primaryimage\"},\"thumbnailUrl\":\"https:\\\/\\\/miumjau.ee\\\/wp-content\\\/uploads\\\/2024\\\/12\\\/tunnel-afp-kassile5.jpg\",\"datePublished\":\"2024-12-31T17:30:14+00:00\",\"breadcrumb\":{\"@id\":\"https:\\\/\\\/miumjau.ee\\\/lv\\\/produkts\\\/kaku-tunelis-afp-find-me-62-cm-gaisi-bruns\\\/#breadcrumb\"},\"inLanguage\":\"lv-LV\",\"potentialAction\":[{\"@type\":\"ReadAction\",\"target\":[\"https:\\\/\\\/miumjau.ee\\\/lv\\\/produkts\\\/kaku-tunelis-afp-find-me-62-cm-gaisi-bruns\\\/\"]}]},{\"@type\":\"ImageObject\",\"inLanguage\":\"lv-LV\",\"@id\":\"https:\\\/\\\/miumjau.ee\\\/lv\\\/produkts\\\/kaku-tunelis-afp-find-me-62-cm-gaisi-bruns\\\/#primaryimage\",\"url\":\"https:\\\/\\\/miumjau.ee\\\/wp-content\\\/uploads\\\/2024\\\/12\\\/tunnel-afp-kassile5.jpg\",\"contentUrl\":\"https:\\\/\\\/miumjau.ee\\\/wp-content\\\/uploads\\\/2024\\\/12\\\/tunnel-afp-kassile5.jpg\",\"width\":600,\"height\":800},{\"@type\":\"BreadcrumbList\",\"@id\":\"https:\\\/\\\/miumjau.ee\\\/lv\\\/produkts\\\/kaku-tunelis-afp-find-me-62-cm-gaisi-bruns\\\/#breadcrumb\",\"itemListElement\":[{\"@type\":\"ListItem\",\"position\":1,\"name\":\"Home\",\"item\":\"https:\\\/\\\/miumjau.ee\\\/lv\\\/\"},{\"@type\":\"ListItem\",\"position\":2,\"name\":\"Veikals\",\"item\":\"https:\\\/\\\/miumjau.ee\\\/lv\\\/veikals\\\/\"},{\"@type\":\"ListItem\",\"position\":3,\"name\":\"Ka\u0137u tunelis AFP Find me, 62 cm, gai\u0161i br\u016bns\"}]},{\"@type\":\"WebSite\",\"@id\":\"https:\\\/\\\/miumjau.ee\\\/#website\",\"url\":\"https:\\\/\\\/miumjau.ee\\\/\",\"name\":\"MiuMjau\",\"description\":\"Kraapimispuud kassidele\",\"publisher\":{\"@id\":\"https:\\\/\\\/miumjau.ee\\\/#organization\"},\"potentialAction\":[{\"@type\":\"SearchAction\",\"target\":{\"@type\":\"EntryPoint\",\"urlTemplate\":\"https:\\\/\\\/miumjau.ee\\\/?s={search_term_string}\"},\"query-input\":{\"@type\":\"PropertyValueSpecification\",\"valueRequired\":true,\"valueName\":\"search_term_string\"}}],\"inLanguage\":\"lv-LV\"},{\"@type\":\"Organization\",\"@id\":\"https:\\\/\\\/miumjau.ee\\\/#organization\",\"name\":\"MiuMjau O\u00dc\",\"url\":\"https:\\\/\\\/miumjau.ee\\\/\",\"logo\":{\"@type\":\"ImageObject\",\"inLanguage\":\"lv-LV\",\"@id\":\"https:\\\/\\\/miumjau.ee\\\/#\\\/schema\\\/logo\\\/image\\\/\",\"url\":\"https:\\\/\\\/miumjau.ee\\\/wp-content\\\/uploads\\\/2022\\\/04\\\/MiuMjau-logo-kollane.png\",\"contentUrl\":\"https:\\\/\\\/miumjau.ee\\\/wp-content\\\/uploads\\\/2022\\\/04\\\/MiuMjau-logo-kollane.png\",\"width\":219,\"height\":100,\"caption\":\"MiuMjau O\u00dc\"},\"image\":{\"@id\":\"https:\\\/\\\/miumjau.ee\\\/#\\\/schema\\\/logo\\\/image\\\/\"},\"sameAs\":[\"https:\\\/\\\/www.facebook.com\\\/miumjaupood\\\/\"]}]}<\/script>\n<!-- \/ Yoast SEO plugin. -->","yoast_head_json":{"title":"Ka\u0137u tunelis AFP Find me, 62 cm, gai\u0161i br\u016bns - MiuMjau","robots":{"index":"index","follow":"follow","max-snippet":"max-snippet:-1","max-image-preview":"max-image-preview:large","max-video-preview":"max-video-preview:-1"},"canonical":"https:\/\/miumjau.ee\/lv\/produkts\/kaku-tunelis-afp-find-me-62-cm-gaisi-bruns\/","og_locale":"lv_LV","og_type":"article","og_title":"Ka\u0137u tunelis AFP Find me, 62 cm, gai\u0161i br\u016bns - MiuMjau","og_description":"Ka\u0137i m\u012bl sp\u0113l\u0113ties, gul\u0113t un pasl\u0113pties. Tas viss iesp\u0113jams \u0161aj\u0101 tunel\u012b. Tunelis ir m\u012bksts, izgatavots no j\u0113ra vilnas, un aug\u0161pus\u0113 tam ir atvere. Tunel\u012b ir krauk\u0161\u0137\u012bgs materi\u0101ls un tas apr\u012bkots ar jautru rota\u013clietu, kas nodro\u0161ina stund\u0101m ilgu izklaidi. \u012apa\u0161\u012bbas:     Krauk\u0161\u0137\u012bgas ska\u0146as    Rota\u013clieta ar zvani\u0146u    Stund\u0101m ilga sp\u0113\u013cu prieka    Izm\u0113rs: 62 x 26 cm","og_url":"https:\/\/miumjau.ee\/lv\/produkts\/kaku-tunelis-afp-find-me-62-cm-gaisi-bruns\/","og_site_name":"MiuMjau","article_publisher":"https:\/\/www.facebook.com\/miumjaupood\/","og_image":[{"width":600,"height":800,"url":"https:\/\/miumjau.ee\/wp-content\/uploads\/2024\/12\/tunnel-afp-kassile5.jpg","type":"image\/jpeg"}],"twitter_card":"summary_large_image","schema":{"@context":"https:\/\/schema.org","@graph":[{"@type":"WebPage","@id":"https:\/\/miumjau.ee\/lv\/produkts\/kaku-tunelis-afp-find-me-62-cm-gaisi-bruns\/","url":"https:\/\/miumjau.ee\/lv\/produkts\/kaku-tunelis-afp-find-me-62-cm-gaisi-bruns\/","name":"Ka\u0137u tunelis AFP Find me, 62 cm, gai\u0161i br\u016bns - MiuMjau","isPartOf":{"@id":"https:\/\/miumjau.ee\/#website"},"primaryImageOfPage":{"@id":"https:\/\/miumjau.ee\/lv\/produkts\/kaku-tunelis-afp-find-me-62-cm-gaisi-bruns\/#primaryimage"},"image":{"@id":"https:\/\/miumjau.ee\/lv\/produkts\/kaku-tunelis-afp-find-me-62-cm-gaisi-bruns\/#primaryimage"},"thumbnailUrl":"https:\/\/miumjau.ee\/wp-content\/uploads\/2024\/12\/tunnel-afp-kassile5.jpg","datePublished":"2024-12-31T17:30:14+00:00","breadcrumb":{"@id":"https:\/\/miumjau.ee\/lv\/produkts\/kaku-tunelis-afp-find-me-62-cm-gaisi-bruns\/#breadcrumb"},"inLanguage":"lv-LV","potentialAction":[{"@type":"ReadAction","target":["https:\/\/miumjau.ee\/lv\/produkts\/kaku-tunelis-afp-find-me-62-cm-gaisi-bruns\/"]}]},{"@type":"ImageObject","inLanguage":"lv-LV","@id":"https:\/\/miumjau.ee\/lv\/produkts\/kaku-tunelis-afp-find-me-62-cm-gaisi-bruns\/#primaryimage","url":"https:\/\/miumjau.ee\/wp-content\/uploads\/2024\/12\/tunnel-afp-kassile5.jpg","contentUrl":"https:\/\/miumjau.ee\/wp-content\/uploads\/2024\/12\/tunnel-afp-kassile5.jpg","width":600,"height":800},{"@type":"BreadcrumbList","@id":"https:\/\/miumjau.ee\/lv\/produkts\/kaku-tunelis-afp-find-me-62-cm-gaisi-bruns\/#breadcrumb","itemListElement":[{"@type":"ListItem","position":1,"name":"Home","item":"https:\/\/miumjau.ee\/lv\/"},{"@type":"ListItem","position":2,"name":"Veikals","item":"https:\/\/miumjau.ee\/lv\/veikals\/"},{"@type":"ListItem","position":3,"name":"Ka\u0137u tunelis AFP Find me, 62 cm, gai\u0161i br\u016bns"}]},{"@type":"WebSite","@id":"https:\/\/miumjau.ee\/#website","url":"https:\/\/miumjau.ee\/","name":"MiuMjau","description":"Kraapimispuud kassidele","publisher":{"@id":"https:\/\/miumjau.ee\/#organization"},"potentialAction":[{"@type":"SearchAction","target":{"@type":"EntryPoint","urlTemplate":"https:\/\/miumjau.ee\/?s={search_term_string}"},"query-input":{"@type":"PropertyValueSpecification","valueRequired":true,"valueName":"search_term_string"}}],"inLanguage":"lv-LV"},{"@type":"Organization","@id":"https:\/\/miumjau.ee\/#organization","name":"MiuMjau O\u00dc","url":"https:\/\/miumjau.ee\/","logo":{"@type":"ImageObject","inLanguage":"lv-LV","@id":"https:\/\/miumjau.ee\/#\/schema\/logo\/image\/","url":"https:\/\/miumjau.ee\/wp-content\/uploads\/2022\/04\/MiuMjau-logo-kollane.png","contentUrl":"https:\/\/miumjau.ee\/wp-content\/uploads\/2022\/04\/MiuMjau-logo-kollane.png","width":219,"height":100,"caption":"MiuMjau O\u00dc"},"image":{"@id":"https:\/\/miumjau.ee\/#\/schema\/logo\/image\/"},"sameAs":["https:\/\/www.facebook.com\/miumjaupood\/"]}]}},"_links":{"self":[{"href":"https:\/\/miumjau.ee\/lv\/wp-json\/wp\/v2\/product\/55491","targetHints":{"allow":["GET"]}}],"collection":[{"href":"https:\/\/miumjau.ee\/lv\/wp-json\/wp\/v2\/product"}],"about":[{"href":"https:\/\/miumjau.ee\/lv\/wp-json\/wp\/v2\/types\/product"}],"wp:featuredmedia":[{"embeddable":true,"href":"https:\/\/miumjau.ee\/lv\/wp-json\/wp\/v2\/media\/55492"}],"wp:attachment":[{"href":"https:\/\/miumjau.ee\/lv\/wp-json\/wp\/v2\/media?parent=55491"}],"wp:term":[{"taxonomy":"product_brand","embeddable":true,"href":"https:\/\/miumjau.ee\/lv\/wp-json\/wp\/v2\/product_brand?post=55491"},{"taxonomy":"product_cat","embeddable":true,"href":"https:\/\/miumjau.ee\/lv\/wp-json\/wp\/v2\/product_cat?post=55491"},{"taxonomy":"product_tag","embeddable":true,"href":"https:\/\/miumjau.ee\/lv\/wp-json\/wp\/v2\/product_tag?post=55491"}],"curies":[{"name":"wp","href":"https:\/\/api.w.org\/{rel}","templated":true}]}}