{"id":55473,"date":"2024-12-31T18:56:21","date_gmt":"2024-12-31T16:56:21","guid":{"rendered":"https:\/\/miumjau.ee\/toode\/rotallieta-kakim-ar-jera-vilnu-afp-lidojosa-pele\/"},"modified":"2024-12-31T18:56:21","modified_gmt":"2024-12-31T16:56:21","slug":"rotallieta-kakim-ar-jera-vilnu-afp-lidojosa-pele","status":"publish","type":"product","link":"https:\/\/miumjau.ee\/lv\/produkts\/rotallieta-kakim-ar-jera-vilnu-afp-lidojosa-pele\/","title":{"rendered":"Rota\u013clieta ka\u0137im ar j\u0113ra vilnu AFP lidojo\u0161\u0101 pele"},"content":{"rendered":"","protected":false},"excerpt":{"rendered":"<p data-start=\"123\" data-end=\"253\">Rota\u013clieta, kas stimul\u0113 ka\u0137a med\u012bbu instinktu!<br data-start=\"169\" data-end=\"172\" \/>N\u016bji\u0146a ar vienu peles formas bumbu, kas satur ka\u0137u piparus (catnip) un spalvas.<\/p>\n<p data-start=\"255\" data-end=\"312\">Nep\u0101rsp\u0113jami ka\u0137iem!<br data-start=\"275\" data-end=\"278\" \/>Piez\u012bme: kr\u0101sa izv\u0113l\u0113ta nejau\u0161i.<\/p>\n<p data-start=\"314\" data-end=\"337\">Izm\u0113rs: 64 x 4 x 4 cm<\/p>\n","protected":false},"featured_media":55474,"template":"","meta":[],"product_brand":[],"product_cat":[590],"product_tag":[],"class_list":{"0":"post-55473","1":"product","2":"type-product","3":"status-publish","4":"has-post-thumbnail","6":"product_cat-kaku-rotallietas","7":"product_shipping_class-pakiautomaati-sobimatu-lv","9":"first","10":"instock","11":"taxable","12":"shipping-taxable","13":"purchasable","14":"product-type-simple"},"yoast_head":"<!-- This site is optimized with the Yoast SEO plugin v27.4 - https:\/\/yoast.com\/product\/yoast-seo-wordpress\/ -->\n<title>Rota\u013clieta ka\u0137im ar j\u0113ra vilnu AFP lidojo\u0161\u0101 pele - MiuMjau<\/title>\n<meta name=\"robots\" content=\"index, follow, max-snippet:-1, max-image-preview:large, max-video-preview:-1\" \/>\n<link rel=\"canonical\" href=\"https:\/\/miumjau.ee\/lv\/produkts\/rotallieta-kakim-ar-jera-vilnu-afp-lidojosa-pele\/\" \/>\n<meta property=\"og:locale\" content=\"lv_LV\" \/>\n<meta property=\"og:type\" content=\"article\" \/>\n<meta property=\"og:title\" content=\"Rota\u013clieta ka\u0137im ar j\u0113ra vilnu AFP lidojo\u0161\u0101 pele - MiuMjau\" \/>\n<meta property=\"og:description\" content=\"Rota\u013clieta, kas stimul\u0113 ka\u0137a med\u012bbu instinktu!N\u016bji\u0146a ar vienu peles formas bumbu, kas satur ka\u0137u piparus (catnip) un spalvas. Nep\u0101rsp\u0113jami ka\u0137iem!Piez\u012bme: kr\u0101sa izv\u0113l\u0113ta nejau\u0161i. Izm\u0113rs: 64 x 4 x 4 cm\" \/>\n<meta property=\"og:url\" content=\"https:\/\/miumjau.ee\/lv\/produkts\/rotallieta-kakim-ar-jera-vilnu-afp-lidojosa-pele\/\" \/>\n<meta property=\"og:site_name\" content=\"MiuMjau\" \/>\n<meta property=\"article:publisher\" content=\"https:\/\/www.facebook.com\/miumjaupood\/\" \/>\n<meta property=\"og:image\" content=\"https:\/\/miumjau.ee\/wp-content\/uploads\/2024\/12\/manguasi-kassidele-hofman1.jpg\" \/>\n\t<meta property=\"og:image:width\" content=\"600\" \/>\n\t<meta property=\"og:image:height\" content=\"800\" \/>\n\t<meta property=\"og:image:type\" content=\"image\/jpeg\" \/>\n<meta name=\"twitter:card\" content=\"summary_large_image\" \/>\n<script type=\"application\/ld+json\" class=\"yoast-schema-graph\">{\"@context\":\"https:\\\/\\\/schema.org\",\"@graph\":[{\"@type\":\"WebPage\",\"@id\":\"https:\\\/\\\/miumjau.ee\\\/lv\\\/produkts\\\/rotallieta-kakim-ar-jera-vilnu-afp-lidojosa-pele\\\/\",\"url\":\"https:\\\/\\\/miumjau.ee\\\/lv\\\/produkts\\\/rotallieta-kakim-ar-jera-vilnu-afp-lidojosa-pele\\\/\",\"name\":\"Rota\u013clieta ka\u0137im ar j\u0113ra vilnu AFP lidojo\u0161\u0101 pele - MiuMjau\",\"isPartOf\":{\"@id\":\"https:\\\/\\\/miumjau.ee\\\/#website\"},\"primaryImageOfPage\":{\"@id\":\"https:\\\/\\\/miumjau.ee\\\/lv\\\/produkts\\\/rotallieta-kakim-ar-jera-vilnu-afp-lidojosa-pele\\\/#primaryimage\"},\"image\":{\"@id\":\"https:\\\/\\\/miumjau.ee\\\/lv\\\/produkts\\\/rotallieta-kakim-ar-jera-vilnu-afp-lidojosa-pele\\\/#primaryimage\"},\"thumbnailUrl\":\"https:\\\/\\\/miumjau.ee\\\/wp-content\\\/uploads\\\/2024\\\/12\\\/manguasi-kassidele-hofman1.jpg\",\"datePublished\":\"2024-12-31T16:56:21+00:00\",\"breadcrumb\":{\"@id\":\"https:\\\/\\\/miumjau.ee\\\/lv\\\/produkts\\\/rotallieta-kakim-ar-jera-vilnu-afp-lidojosa-pele\\\/#breadcrumb\"},\"inLanguage\":\"lv-LV\",\"potentialAction\":[{\"@type\":\"ReadAction\",\"target\":[\"https:\\\/\\\/miumjau.ee\\\/lv\\\/produkts\\\/rotallieta-kakim-ar-jera-vilnu-afp-lidojosa-pele\\\/\"]}]},{\"@type\":\"ImageObject\",\"inLanguage\":\"lv-LV\",\"@id\":\"https:\\\/\\\/miumjau.ee\\\/lv\\\/produkts\\\/rotallieta-kakim-ar-jera-vilnu-afp-lidojosa-pele\\\/#primaryimage\",\"url\":\"https:\\\/\\\/miumjau.ee\\\/wp-content\\\/uploads\\\/2024\\\/12\\\/manguasi-kassidele-hofman1.jpg\",\"contentUrl\":\"https:\\\/\\\/miumjau.ee\\\/wp-content\\\/uploads\\\/2024\\\/12\\\/manguasi-kassidele-hofman1.jpg\",\"width\":600,\"height\":800},{\"@type\":\"BreadcrumbList\",\"@id\":\"https:\\\/\\\/miumjau.ee\\\/lv\\\/produkts\\\/rotallieta-kakim-ar-jera-vilnu-afp-lidojosa-pele\\\/#breadcrumb\",\"itemListElement\":[{\"@type\":\"ListItem\",\"position\":1,\"name\":\"Home\",\"item\":\"https:\\\/\\\/miumjau.ee\\\/lv\\\/\"},{\"@type\":\"ListItem\",\"position\":2,\"name\":\"Veikals\",\"item\":\"https:\\\/\\\/miumjau.ee\\\/lv\\\/veikals\\\/\"},{\"@type\":\"ListItem\",\"position\":3,\"name\":\"Rota\u013clieta ka\u0137im ar j\u0113ra vilnu AFP lidojo\u0161\u0101 pele\"}]},{\"@type\":\"WebSite\",\"@id\":\"https:\\\/\\\/miumjau.ee\\\/#website\",\"url\":\"https:\\\/\\\/miumjau.ee\\\/\",\"name\":\"MiuMjau\",\"description\":\"Kraapimispuud kassidele\",\"publisher\":{\"@id\":\"https:\\\/\\\/miumjau.ee\\\/#organization\"},\"potentialAction\":[{\"@type\":\"SearchAction\",\"target\":{\"@type\":\"EntryPoint\",\"urlTemplate\":\"https:\\\/\\\/miumjau.ee\\\/?s={search_term_string}\"},\"query-input\":{\"@type\":\"PropertyValueSpecification\",\"valueRequired\":true,\"valueName\":\"search_term_string\"}}],\"inLanguage\":\"lv-LV\"},{\"@type\":\"Organization\",\"@id\":\"https:\\\/\\\/miumjau.ee\\\/#organization\",\"name\":\"MiuMjau O\u00dc\",\"url\":\"https:\\\/\\\/miumjau.ee\\\/\",\"logo\":{\"@type\":\"ImageObject\",\"inLanguage\":\"lv-LV\",\"@id\":\"https:\\\/\\\/miumjau.ee\\\/#\\\/schema\\\/logo\\\/image\\\/\",\"url\":\"https:\\\/\\\/miumjau.ee\\\/wp-content\\\/uploads\\\/2022\\\/04\\\/MiuMjau-logo-kollane.png\",\"contentUrl\":\"https:\\\/\\\/miumjau.ee\\\/wp-content\\\/uploads\\\/2022\\\/04\\\/MiuMjau-logo-kollane.png\",\"width\":219,\"height\":100,\"caption\":\"MiuMjau O\u00dc\"},\"image\":{\"@id\":\"https:\\\/\\\/miumjau.ee\\\/#\\\/schema\\\/logo\\\/image\\\/\"},\"sameAs\":[\"https:\\\/\\\/www.facebook.com\\\/miumjaupood\\\/\"]}]}<\/script>\n<!-- \/ Yoast SEO plugin. -->","yoast_head_json":{"title":"Rota\u013clieta ka\u0137im ar j\u0113ra vilnu AFP lidojo\u0161\u0101 pele - MiuMjau","robots":{"index":"index","follow":"follow","max-snippet":"max-snippet:-1","max-image-preview":"max-image-preview:large","max-video-preview":"max-video-preview:-1"},"canonical":"https:\/\/miumjau.ee\/lv\/produkts\/rotallieta-kakim-ar-jera-vilnu-afp-lidojosa-pele\/","og_locale":"lv_LV","og_type":"article","og_title":"Rota\u013clieta ka\u0137im ar j\u0113ra vilnu AFP lidojo\u0161\u0101 pele - MiuMjau","og_description":"Rota\u013clieta, kas stimul\u0113 ka\u0137a med\u012bbu instinktu!N\u016bji\u0146a ar vienu peles formas bumbu, kas satur ka\u0137u piparus (catnip) un spalvas. Nep\u0101rsp\u0113jami ka\u0137iem!Piez\u012bme: kr\u0101sa izv\u0113l\u0113ta nejau\u0161i. Izm\u0113rs: 64 x 4 x 4 cm","og_url":"https:\/\/miumjau.ee\/lv\/produkts\/rotallieta-kakim-ar-jera-vilnu-afp-lidojosa-pele\/","og_site_name":"MiuMjau","article_publisher":"https:\/\/www.facebook.com\/miumjaupood\/","og_image":[{"width":600,"height":800,"url":"https:\/\/miumjau.ee\/wp-content\/uploads\/2024\/12\/manguasi-kassidele-hofman1.jpg","type":"image\/jpeg"}],"twitter_card":"summary_large_image","schema":{"@context":"https:\/\/schema.org","@graph":[{"@type":"WebPage","@id":"https:\/\/miumjau.ee\/lv\/produkts\/rotallieta-kakim-ar-jera-vilnu-afp-lidojosa-pele\/","url":"https:\/\/miumjau.ee\/lv\/produkts\/rotallieta-kakim-ar-jera-vilnu-afp-lidojosa-pele\/","name":"Rota\u013clieta ka\u0137im ar j\u0113ra vilnu AFP lidojo\u0161\u0101 pele - MiuMjau","isPartOf":{"@id":"https:\/\/miumjau.ee\/#website"},"primaryImageOfPage":{"@id":"https:\/\/miumjau.ee\/lv\/produkts\/rotallieta-kakim-ar-jera-vilnu-afp-lidojosa-pele\/#primaryimage"},"image":{"@id":"https:\/\/miumjau.ee\/lv\/produkts\/rotallieta-kakim-ar-jera-vilnu-afp-lidojosa-pele\/#primaryimage"},"thumbnailUrl":"https:\/\/miumjau.ee\/wp-content\/uploads\/2024\/12\/manguasi-kassidele-hofman1.jpg","datePublished":"2024-12-31T16:56:21+00:00","breadcrumb":{"@id":"https:\/\/miumjau.ee\/lv\/produkts\/rotallieta-kakim-ar-jera-vilnu-afp-lidojosa-pele\/#breadcrumb"},"inLanguage":"lv-LV","potentialAction":[{"@type":"ReadAction","target":["https:\/\/miumjau.ee\/lv\/produkts\/rotallieta-kakim-ar-jera-vilnu-afp-lidojosa-pele\/"]}]},{"@type":"ImageObject","inLanguage":"lv-LV","@id":"https:\/\/miumjau.ee\/lv\/produkts\/rotallieta-kakim-ar-jera-vilnu-afp-lidojosa-pele\/#primaryimage","url":"https:\/\/miumjau.ee\/wp-content\/uploads\/2024\/12\/manguasi-kassidele-hofman1.jpg","contentUrl":"https:\/\/miumjau.ee\/wp-content\/uploads\/2024\/12\/manguasi-kassidele-hofman1.jpg","width":600,"height":800},{"@type":"BreadcrumbList","@id":"https:\/\/miumjau.ee\/lv\/produkts\/rotallieta-kakim-ar-jera-vilnu-afp-lidojosa-pele\/#breadcrumb","itemListElement":[{"@type":"ListItem","position":1,"name":"Home","item":"https:\/\/miumjau.ee\/lv\/"},{"@type":"ListItem","position":2,"name":"Veikals","item":"https:\/\/miumjau.ee\/lv\/veikals\/"},{"@type":"ListItem","position":3,"name":"Rota\u013clieta ka\u0137im ar j\u0113ra vilnu AFP lidojo\u0161\u0101 pele"}]},{"@type":"WebSite","@id":"https:\/\/miumjau.ee\/#website","url":"https:\/\/miumjau.ee\/","name":"MiuMjau","description":"Kraapimispuud kassidele","publisher":{"@id":"https:\/\/miumjau.ee\/#organization"},"potentialAction":[{"@type":"SearchAction","target":{"@type":"EntryPoint","urlTemplate":"https:\/\/miumjau.ee\/?s={search_term_string}"},"query-input":{"@type":"PropertyValueSpecification","valueRequired":true,"valueName":"search_term_string"}}],"inLanguage":"lv-LV"},{"@type":"Organization","@id":"https:\/\/miumjau.ee\/#organization","name":"MiuMjau O\u00dc","url":"https:\/\/miumjau.ee\/","logo":{"@type":"ImageObject","inLanguage":"lv-LV","@id":"https:\/\/miumjau.ee\/#\/schema\/logo\/image\/","url":"https:\/\/miumjau.ee\/wp-content\/uploads\/2022\/04\/MiuMjau-logo-kollane.png","contentUrl":"https:\/\/miumjau.ee\/wp-content\/uploads\/2022\/04\/MiuMjau-logo-kollane.png","width":219,"height":100,"caption":"MiuMjau O\u00dc"},"image":{"@id":"https:\/\/miumjau.ee\/#\/schema\/logo\/image\/"},"sameAs":["https:\/\/www.facebook.com\/miumjaupood\/"]}]}},"_links":{"self":[{"href":"https:\/\/miumjau.ee\/lv\/wp-json\/wp\/v2\/product\/55473","targetHints":{"allow":["GET"]}}],"collection":[{"href":"https:\/\/miumjau.ee\/lv\/wp-json\/wp\/v2\/product"}],"about":[{"href":"https:\/\/miumjau.ee\/lv\/wp-json\/wp\/v2\/types\/product"}],"wp:featuredmedia":[{"embeddable":true,"href":"https:\/\/miumjau.ee\/lv\/wp-json\/wp\/v2\/media\/55474"}],"wp:attachment":[{"href":"https:\/\/miumjau.ee\/lv\/wp-json\/wp\/v2\/media?parent=55473"}],"wp:term":[{"taxonomy":"product_brand","embeddable":true,"href":"https:\/\/miumjau.ee\/lv\/wp-json\/wp\/v2\/product_brand?post=55473"},{"taxonomy":"product_cat","embeddable":true,"href":"https:\/\/miumjau.ee\/lv\/wp-json\/wp\/v2\/product_cat?post=55473"},{"taxonomy":"product_tag","embeddable":true,"href":"https:\/\/miumjau.ee\/lv\/wp-json\/wp\/v2\/product_tag?post=55473"}],"curies":[{"name":"wp","href":"https:\/\/api.w.org\/{rel}","templated":true}]}}