{"id":55460,"date":"2024-12-31T18:20:29","date_gmt":"2024-12-31T16:20:29","guid":{"rendered":"https:\/\/miumjau.ee\/toode\/rotallieta-ar-kakumetru-yeowww-zivtina-violeta\/"},"modified":"2024-12-31T18:20:29","modified_gmt":"2024-12-31T16:20:29","slug":"rotallieta-ar-kakumetru-yeowww-zivtina-violeta","status":"publish","type":"product","link":"https:\/\/miumjau.ee\/lv\/produkts\/rotallieta-ar-kakumetru-yeowww-zivtina-violeta\/","title":{"rendered":"Rota\u013clieta ar ka\u0137um\u0113tru Yeowww! Zivti\u0146a, violeta"},"content":{"rendered":"","protected":false},"excerpt":{"rendered":"<p data-start=\"123\" data-end=\"379\">Yeowww rota\u013clieta ir pild\u012bta ar dab\u012bgu ka\u0137um\u0113tru, kas pied\u0101v\u0101 ka\u0137iem jautru un stimul\u0113jo\u0161u sp\u0113les laiku. Dabiska un dro\u0161a rota\u013clieta. Ka\u0137iem \u013coti pat\u012bk to satvert ar vis\u0101m \u0137ep\u0101m, ko\u0161\u013c\u0101t un traki vicin\u0101t ar k\u0101j\u0101m. T\u0101 sniedz daudz prieka! Priec\u012bgs dizains.<\/p>\n<p data-start=\"381\" data-end=\"444\">Izm\u0113ri: aptuveni 17 x 12 cm, sp\u0101rni no krak\u0161\u0137\u0113jo\u0161a materi\u0101la.<\/p>\n","protected":false},"featured_media":55461,"template":"","meta":[],"product_brand":[],"product_cat":[590],"product_tag":[],"class_list":{"0":"post-55460","1":"product","2":"type-product","3":"status-publish","4":"has-post-thumbnail","6":"product_cat-kaku-rotallietas","8":"first","9":"instock","10":"taxable","11":"shipping-taxable","12":"purchasable","13":"product-type-simple"},"yoast_head":"<!-- This site is optimized with the Yoast SEO plugin v27.4 - https:\/\/yoast.com\/product\/yoast-seo-wordpress\/ -->\n<title>Rota\u013clieta ar ka\u0137um\u0113tru Yeowww! Zivti\u0146a, violeta - MiuMjau<\/title>\n<meta name=\"robots\" content=\"index, follow, max-snippet:-1, max-image-preview:large, max-video-preview:-1\" \/>\n<link rel=\"canonical\" href=\"https:\/\/miumjau.ee\/lv\/produkts\/rotallieta-ar-kakumetru-yeowww-zivtina-violeta\/\" \/>\n<meta property=\"og:locale\" content=\"lv_LV\" \/>\n<meta property=\"og:type\" content=\"article\" \/>\n<meta property=\"og:title\" content=\"Rota\u013clieta ar ka\u0137um\u0113tru Yeowww! Zivti\u0146a, violeta - MiuMjau\" \/>\n<meta property=\"og:description\" content=\"Yeowww rota\u013clieta ir pild\u012bta ar dab\u012bgu ka\u0137um\u0113tru, kas pied\u0101v\u0101 ka\u0137iem jautru un stimul\u0113jo\u0161u sp\u0113les laiku. Dabiska un dro\u0161a rota\u013clieta. Ka\u0137iem \u013coti pat\u012bk to satvert ar vis\u0101m \u0137ep\u0101m, ko\u0161\u013c\u0101t un traki vicin\u0101t ar k\u0101j\u0101m. T\u0101 sniedz daudz prieka! Priec\u012bgs dizains. Izm\u0113ri: aptuveni 17 x 12 cm, sp\u0101rni no krak\u0161\u0137\u0113jo\u0161a materi\u0101la.\" \/>\n<meta property=\"og:url\" content=\"https:\/\/miumjau.ee\/lv\/produkts\/rotallieta-ar-kakumetru-yeowww-zivtina-violeta\/\" \/>\n<meta property=\"og:site_name\" content=\"MiuMjau\" \/>\n<meta property=\"article:publisher\" content=\"https:\/\/www.facebook.com\/miumjaupood\/\" \/>\n<meta property=\"og:image\" content=\"https:\/\/miumjau.ee\/wp-content\/uploads\/2024\/12\/yeowww-manguasjad-kassidele2.jpg\" \/>\n\t<meta property=\"og:image:width\" content=\"600\" \/>\n\t<meta property=\"og:image:height\" content=\"800\" \/>\n\t<meta property=\"og:image:type\" content=\"image\/jpeg\" \/>\n<meta name=\"twitter:card\" content=\"summary_large_image\" \/>\n<script type=\"application\/ld+json\" class=\"yoast-schema-graph\">{\"@context\":\"https:\\\/\\\/schema.org\",\"@graph\":[{\"@type\":\"WebPage\",\"@id\":\"https:\\\/\\\/miumjau.ee\\\/lv\\\/produkts\\\/rotallieta-ar-kakumetru-yeowww-zivtina-violeta\\\/\",\"url\":\"https:\\\/\\\/miumjau.ee\\\/lv\\\/produkts\\\/rotallieta-ar-kakumetru-yeowww-zivtina-violeta\\\/\",\"name\":\"Rota\u013clieta ar ka\u0137um\u0113tru Yeowww! Zivti\u0146a, violeta - MiuMjau\",\"isPartOf\":{\"@id\":\"https:\\\/\\\/miumjau.ee\\\/#website\"},\"primaryImageOfPage\":{\"@id\":\"https:\\\/\\\/miumjau.ee\\\/lv\\\/produkts\\\/rotallieta-ar-kakumetru-yeowww-zivtina-violeta\\\/#primaryimage\"},\"image\":{\"@id\":\"https:\\\/\\\/miumjau.ee\\\/lv\\\/produkts\\\/rotallieta-ar-kakumetru-yeowww-zivtina-violeta\\\/#primaryimage\"},\"thumbnailUrl\":\"https:\\\/\\\/miumjau.ee\\\/wp-content\\\/uploads\\\/2024\\\/12\\\/yeowww-manguasjad-kassidele2.jpg\",\"datePublished\":\"2024-12-31T16:20:29+00:00\",\"breadcrumb\":{\"@id\":\"https:\\\/\\\/miumjau.ee\\\/lv\\\/produkts\\\/rotallieta-ar-kakumetru-yeowww-zivtina-violeta\\\/#breadcrumb\"},\"inLanguage\":\"lv-LV\",\"potentialAction\":[{\"@type\":\"ReadAction\",\"target\":[\"https:\\\/\\\/miumjau.ee\\\/lv\\\/produkts\\\/rotallieta-ar-kakumetru-yeowww-zivtina-violeta\\\/\"]}]},{\"@type\":\"ImageObject\",\"inLanguage\":\"lv-LV\",\"@id\":\"https:\\\/\\\/miumjau.ee\\\/lv\\\/produkts\\\/rotallieta-ar-kakumetru-yeowww-zivtina-violeta\\\/#primaryimage\",\"url\":\"https:\\\/\\\/miumjau.ee\\\/wp-content\\\/uploads\\\/2024\\\/12\\\/yeowww-manguasjad-kassidele2.jpg\",\"contentUrl\":\"https:\\\/\\\/miumjau.ee\\\/wp-content\\\/uploads\\\/2024\\\/12\\\/yeowww-manguasjad-kassidele2.jpg\",\"width\":600,\"height\":800},{\"@type\":\"BreadcrumbList\",\"@id\":\"https:\\\/\\\/miumjau.ee\\\/lv\\\/produkts\\\/rotallieta-ar-kakumetru-yeowww-zivtina-violeta\\\/#breadcrumb\",\"itemListElement\":[{\"@type\":\"ListItem\",\"position\":1,\"name\":\"Home\",\"item\":\"https:\\\/\\\/miumjau.ee\\\/lv\\\/\"},{\"@type\":\"ListItem\",\"position\":2,\"name\":\"Veikals\",\"item\":\"https:\\\/\\\/miumjau.ee\\\/lv\\\/veikals\\\/\"},{\"@type\":\"ListItem\",\"position\":3,\"name\":\"Rota\u013clieta ar ka\u0137um\u0113tru Yeowww! Zivti\u0146a, violeta\"}]},{\"@type\":\"WebSite\",\"@id\":\"https:\\\/\\\/miumjau.ee\\\/#website\",\"url\":\"https:\\\/\\\/miumjau.ee\\\/\",\"name\":\"MiuMjau\",\"description\":\"Kraapimispuud kassidele\",\"publisher\":{\"@id\":\"https:\\\/\\\/miumjau.ee\\\/#organization\"},\"potentialAction\":[{\"@type\":\"SearchAction\",\"target\":{\"@type\":\"EntryPoint\",\"urlTemplate\":\"https:\\\/\\\/miumjau.ee\\\/?s={search_term_string}\"},\"query-input\":{\"@type\":\"PropertyValueSpecification\",\"valueRequired\":true,\"valueName\":\"search_term_string\"}}],\"inLanguage\":\"lv-LV\"},{\"@type\":\"Organization\",\"@id\":\"https:\\\/\\\/miumjau.ee\\\/#organization\",\"name\":\"MiuMjau O\u00dc\",\"url\":\"https:\\\/\\\/miumjau.ee\\\/\",\"logo\":{\"@type\":\"ImageObject\",\"inLanguage\":\"lv-LV\",\"@id\":\"https:\\\/\\\/miumjau.ee\\\/#\\\/schema\\\/logo\\\/image\\\/\",\"url\":\"https:\\\/\\\/miumjau.ee\\\/wp-content\\\/uploads\\\/2022\\\/04\\\/MiuMjau-logo-kollane.png\",\"contentUrl\":\"https:\\\/\\\/miumjau.ee\\\/wp-content\\\/uploads\\\/2022\\\/04\\\/MiuMjau-logo-kollane.png\",\"width\":219,\"height\":100,\"caption\":\"MiuMjau O\u00dc\"},\"image\":{\"@id\":\"https:\\\/\\\/miumjau.ee\\\/#\\\/schema\\\/logo\\\/image\\\/\"},\"sameAs\":[\"https:\\\/\\\/www.facebook.com\\\/miumjaupood\\\/\"]}]}<\/script>\n<!-- \/ Yoast SEO plugin. -->","yoast_head_json":{"title":"Rota\u013clieta ar ka\u0137um\u0113tru Yeowww! Zivti\u0146a, violeta - MiuMjau","robots":{"index":"index","follow":"follow","max-snippet":"max-snippet:-1","max-image-preview":"max-image-preview:large","max-video-preview":"max-video-preview:-1"},"canonical":"https:\/\/miumjau.ee\/lv\/produkts\/rotallieta-ar-kakumetru-yeowww-zivtina-violeta\/","og_locale":"lv_LV","og_type":"article","og_title":"Rota\u013clieta ar ka\u0137um\u0113tru Yeowww! Zivti\u0146a, violeta - MiuMjau","og_description":"Yeowww rota\u013clieta ir pild\u012bta ar dab\u012bgu ka\u0137um\u0113tru, kas pied\u0101v\u0101 ka\u0137iem jautru un stimul\u0113jo\u0161u sp\u0113les laiku. Dabiska un dro\u0161a rota\u013clieta. Ka\u0137iem \u013coti pat\u012bk to satvert ar vis\u0101m \u0137ep\u0101m, ko\u0161\u013c\u0101t un traki vicin\u0101t ar k\u0101j\u0101m. T\u0101 sniedz daudz prieka! Priec\u012bgs dizains. Izm\u0113ri: aptuveni 17 x 12 cm, sp\u0101rni no krak\u0161\u0137\u0113jo\u0161a materi\u0101la.","og_url":"https:\/\/miumjau.ee\/lv\/produkts\/rotallieta-ar-kakumetru-yeowww-zivtina-violeta\/","og_site_name":"MiuMjau","article_publisher":"https:\/\/www.facebook.com\/miumjaupood\/","og_image":[{"width":600,"height":800,"url":"https:\/\/miumjau.ee\/wp-content\/uploads\/2024\/12\/yeowww-manguasjad-kassidele2.jpg","type":"image\/jpeg"}],"twitter_card":"summary_large_image","schema":{"@context":"https:\/\/schema.org","@graph":[{"@type":"WebPage","@id":"https:\/\/miumjau.ee\/lv\/produkts\/rotallieta-ar-kakumetru-yeowww-zivtina-violeta\/","url":"https:\/\/miumjau.ee\/lv\/produkts\/rotallieta-ar-kakumetru-yeowww-zivtina-violeta\/","name":"Rota\u013clieta ar ka\u0137um\u0113tru Yeowww! Zivti\u0146a, violeta - MiuMjau","isPartOf":{"@id":"https:\/\/miumjau.ee\/#website"},"primaryImageOfPage":{"@id":"https:\/\/miumjau.ee\/lv\/produkts\/rotallieta-ar-kakumetru-yeowww-zivtina-violeta\/#primaryimage"},"image":{"@id":"https:\/\/miumjau.ee\/lv\/produkts\/rotallieta-ar-kakumetru-yeowww-zivtina-violeta\/#primaryimage"},"thumbnailUrl":"https:\/\/miumjau.ee\/wp-content\/uploads\/2024\/12\/yeowww-manguasjad-kassidele2.jpg","datePublished":"2024-12-31T16:20:29+00:00","breadcrumb":{"@id":"https:\/\/miumjau.ee\/lv\/produkts\/rotallieta-ar-kakumetru-yeowww-zivtina-violeta\/#breadcrumb"},"inLanguage":"lv-LV","potentialAction":[{"@type":"ReadAction","target":["https:\/\/miumjau.ee\/lv\/produkts\/rotallieta-ar-kakumetru-yeowww-zivtina-violeta\/"]}]},{"@type":"ImageObject","inLanguage":"lv-LV","@id":"https:\/\/miumjau.ee\/lv\/produkts\/rotallieta-ar-kakumetru-yeowww-zivtina-violeta\/#primaryimage","url":"https:\/\/miumjau.ee\/wp-content\/uploads\/2024\/12\/yeowww-manguasjad-kassidele2.jpg","contentUrl":"https:\/\/miumjau.ee\/wp-content\/uploads\/2024\/12\/yeowww-manguasjad-kassidele2.jpg","width":600,"height":800},{"@type":"BreadcrumbList","@id":"https:\/\/miumjau.ee\/lv\/produkts\/rotallieta-ar-kakumetru-yeowww-zivtina-violeta\/#breadcrumb","itemListElement":[{"@type":"ListItem","position":1,"name":"Home","item":"https:\/\/miumjau.ee\/lv\/"},{"@type":"ListItem","position":2,"name":"Veikals","item":"https:\/\/miumjau.ee\/lv\/veikals\/"},{"@type":"ListItem","position":3,"name":"Rota\u013clieta ar ka\u0137um\u0113tru Yeowww! Zivti\u0146a, violeta"}]},{"@type":"WebSite","@id":"https:\/\/miumjau.ee\/#website","url":"https:\/\/miumjau.ee\/","name":"MiuMjau","description":"Kraapimispuud kassidele","publisher":{"@id":"https:\/\/miumjau.ee\/#organization"},"potentialAction":[{"@type":"SearchAction","target":{"@type":"EntryPoint","urlTemplate":"https:\/\/miumjau.ee\/?s={search_term_string}"},"query-input":{"@type":"PropertyValueSpecification","valueRequired":true,"valueName":"search_term_string"}}],"inLanguage":"lv-LV"},{"@type":"Organization","@id":"https:\/\/miumjau.ee\/#organization","name":"MiuMjau O\u00dc","url":"https:\/\/miumjau.ee\/","logo":{"@type":"ImageObject","inLanguage":"lv-LV","@id":"https:\/\/miumjau.ee\/#\/schema\/logo\/image\/","url":"https:\/\/miumjau.ee\/wp-content\/uploads\/2022\/04\/MiuMjau-logo-kollane.png","contentUrl":"https:\/\/miumjau.ee\/wp-content\/uploads\/2022\/04\/MiuMjau-logo-kollane.png","width":219,"height":100,"caption":"MiuMjau O\u00dc"},"image":{"@id":"https:\/\/miumjau.ee\/#\/schema\/logo\/image\/"},"sameAs":["https:\/\/www.facebook.com\/miumjaupood\/"]}]}},"_links":{"self":[{"href":"https:\/\/miumjau.ee\/lv\/wp-json\/wp\/v2\/product\/55460","targetHints":{"allow":["GET"]}}],"collection":[{"href":"https:\/\/miumjau.ee\/lv\/wp-json\/wp\/v2\/product"}],"about":[{"href":"https:\/\/miumjau.ee\/lv\/wp-json\/wp\/v2\/types\/product"}],"wp:featuredmedia":[{"embeddable":true,"href":"https:\/\/miumjau.ee\/lv\/wp-json\/wp\/v2\/media\/55461"}],"wp:attachment":[{"href":"https:\/\/miumjau.ee\/lv\/wp-json\/wp\/v2\/media?parent=55460"}],"wp:term":[{"taxonomy":"product_brand","embeddable":true,"href":"https:\/\/miumjau.ee\/lv\/wp-json\/wp\/v2\/product_brand?post=55460"},{"taxonomy":"product_cat","embeddable":true,"href":"https:\/\/miumjau.ee\/lv\/wp-json\/wp\/v2\/product_cat?post=55460"},{"taxonomy":"product_tag","embeddable":true,"href":"https:\/\/miumjau.ee\/lv\/wp-json\/wp\/v2\/product_tag?post=55460"}],"curies":[{"name":"wp","href":"https:\/\/api.w.org\/{rel}","templated":true}]}}