{"id":55446,"date":"2025-01-14T10:09:14","date_gmt":"2025-01-14T08:09:14","guid":{"rendered":"https:\/\/miumjau.ee\/toode\/churu-bites-karums-kakiem-ar-vistu-3x10g\/"},"modified":"2025-01-14T10:09:14","modified_gmt":"2025-01-14T08:09:14","slug":"churu-bites-karums-kakiem-ar-vistu-3x10g","status":"publish","type":"product","link":"https:\/\/miumjau.ee\/lv\/produkts\/churu-bites-karums-kakiem-ar-vistu-3x10g\/","title":{"rendered":"Churu Bites k\u0101rums ka\u0137iem ar vistu 3x10g"},"content":{"rendered":"","protected":false},"excerpt":{"rendered":"<p data-start=\"115\" data-end=\"301\"><strong data-start=\"115\" data-end=\"173\">GATAVOTS NO VESEL\u012aG\u0100M SAST\u0100VDA\u013b\u0100M, KAM VAR UZTIC\u0112TIES:<\/strong> Katrs INABA produkts ir gatavots no gard\u0101m kvalitat\u012bv\u0101m sast\u0101vda\u013c\u0101m, tostarp ferm\u0101 audz\u0113tas vistas un dab\u0101 nozvejotas tuncis.<\/p>\n<p data-start=\"303\" data-end=\"572\"><strong data-start=\"303\" data-end=\"327\">DIVK\u0100RT\u0112JA TEKST\u016aRA:<\/strong> katra spilvena formas kumoss s\u0101kas ar m\u012bkstu ceptu vistas pastu, kas nesatur graudus, konservantus, karag\u0113nu vai m\u0101ksl\u012bg\u0101s kr\u0101svielas. P\u0113c tam centra da\u013cas piepild\u0101m ar INABA gardo Churu pild\u012bjumu, lai j\u016bsu ka\u0137im b\u016btu divreiz lab\u0101ka tekst\u016bra.<\/p>\n<p data-start=\"574\" data-end=\"644\">Pat vissmag\u0101k izv\u0113l\u012bgais ka\u0137is \u0113d\u012bs \u0161os k\u0101rumus tie\u0161i no j\u016bsu rok\u0101m.<\/p>\n<p data-start=\"646\" data-end=\"868\"><strong data-start=\"646\" data-end=\"658\">SAST\u0100VS:<\/strong> vistas ga\u013ca, \u016bdens, tuncis, tapioka, olu baltums, n\u0101trija kasein\u0101ts, guar gumija, dab\u012bg\u0101 vistas gar\u0161a, dab\u012bgie arom\u0101ti, rauga ekstrakts, E vitam\u012bna piedeva, paprikas oleor\u0113z\u012bns (kr\u0101sa), za\u013c\u0101s t\u0113jas ekstrakts<\/p>\n","protected":false},"featured_media":55434,"template":"","meta":[],"product_brand":[],"product_cat":[570],"product_tag":[],"class_list":{"0":"post-55446","1":"product","2":"type-product","3":"status-publish","4":"has-post-thumbnail","6":"product_cat-naski","8":"first","9":"outofstock","10":"taxable","11":"shipping-taxable","12":"purchasable","13":"product-type-simple"},"yoast_head":"<!-- This site is optimized with the Yoast SEO plugin v27.4 - https:\/\/yoast.com\/product\/yoast-seo-wordpress\/ -->\n<title>Churu Bites k\u0101rums ka\u0137iem ar vistu 3x10g - MiuMjau<\/title>\n<meta name=\"robots\" content=\"index, follow, max-snippet:-1, max-image-preview:large, max-video-preview:-1\" \/>\n<link rel=\"canonical\" href=\"https:\/\/miumjau.ee\/lv\/produkts\/churu-bites-karums-kakiem-ar-vistu-3x10g\/\" \/>\n<meta property=\"og:locale\" content=\"lv_LV\" \/>\n<meta property=\"og:type\" content=\"article\" \/>\n<meta property=\"og:title\" content=\"Churu Bites k\u0101rums ka\u0137iem ar vistu 3x10g - MiuMjau\" \/>\n<meta property=\"og:description\" content=\"GATAVOTS NO VESEL\u012aG\u0100M SAST\u0100VDA\u013b\u0100M, KAM VAR UZTIC\u0112TIES: Katrs INABA produkts ir gatavots no gard\u0101m kvalitat\u012bv\u0101m sast\u0101vda\u013c\u0101m, tostarp ferm\u0101 audz\u0113tas vistas un dab\u0101 nozvejotas tuncis. DIVK\u0100RT\u0112JA TEKST\u016aRA: katra spilvena formas kumoss s\u0101kas ar m\u012bkstu ceptu vistas pastu, kas nesatur graudus, konservantus, karag\u0113nu vai m\u0101ksl\u012bg\u0101s kr\u0101svielas. P\u0113c tam centra da\u013cas piepild\u0101m ar INABA gardo Churu pild\u012bjumu, lai j\u016bsu ka\u0137im b\u016btu divreiz lab\u0101ka tekst\u016bra. Pat vissmag\u0101k izv\u0113l\u012bgais ka\u0137is \u0113d\u012bs \u0161os k\u0101rumus tie\u0161i no j\u016bsu rok\u0101m. SAST\u0100VS: vistas ga\u013ca, \u016bdens, tuncis, tapioka, olu baltums, n\u0101trija kasein\u0101ts, guar gumija, dab\u012bg\u0101 vistas gar\u0161a, dab\u012bgie arom\u0101ti, rauga ekstrakts, E vitam\u012bna piedeva, paprikas oleor\u0113z\u012bns (kr\u0101sa), za\u013c\u0101s t\u0113jas ekstrakts\" \/>\n<meta property=\"og:url\" content=\"https:\/\/miumjau.ee\/lv\/produkts\/churu-bites-karums-kakiem-ar-vistu-3x10g\/\" \/>\n<meta property=\"og:site_name\" content=\"MiuMjau\" \/>\n<meta property=\"article:publisher\" content=\"https:\/\/www.facebook.com\/miumjaupood\/\" \/>\n<meta property=\"og:image\" content=\"https:\/\/miumjau.ee\/wp-content\/uploads\/2025\/01\/churu-maiused-kassidele-uued6.jpg\" \/>\n\t<meta property=\"og:image:width\" content=\"600\" \/>\n\t<meta property=\"og:image:height\" content=\"800\" \/>\n\t<meta property=\"og:image:type\" content=\"image\/jpeg\" \/>\n<meta name=\"twitter:card\" content=\"summary_large_image\" \/>\n<script type=\"application\/ld+json\" class=\"yoast-schema-graph\">{\"@context\":\"https:\\\/\\\/schema.org\",\"@graph\":[{\"@type\":\"WebPage\",\"@id\":\"https:\\\/\\\/miumjau.ee\\\/lv\\\/produkts\\\/churu-bites-karums-kakiem-ar-vistu-3x10g\\\/\",\"url\":\"https:\\\/\\\/miumjau.ee\\\/lv\\\/produkts\\\/churu-bites-karums-kakiem-ar-vistu-3x10g\\\/\",\"name\":\"Churu Bites k\u0101rums ka\u0137iem ar vistu 3x10g - MiuMjau\",\"isPartOf\":{\"@id\":\"https:\\\/\\\/miumjau.ee\\\/#website\"},\"primaryImageOfPage\":{\"@id\":\"https:\\\/\\\/miumjau.ee\\\/lv\\\/produkts\\\/churu-bites-karums-kakiem-ar-vistu-3x10g\\\/#primaryimage\"},\"image\":{\"@id\":\"https:\\\/\\\/miumjau.ee\\\/lv\\\/produkts\\\/churu-bites-karums-kakiem-ar-vistu-3x10g\\\/#primaryimage\"},\"thumbnailUrl\":\"https:\\\/\\\/miumjau.ee\\\/wp-content\\\/uploads\\\/2025\\\/01\\\/churu-maiused-kassidele-uued6.jpg\",\"datePublished\":\"2025-01-14T08:09:14+00:00\",\"breadcrumb\":{\"@id\":\"https:\\\/\\\/miumjau.ee\\\/lv\\\/produkts\\\/churu-bites-karums-kakiem-ar-vistu-3x10g\\\/#breadcrumb\"},\"inLanguage\":\"lv-LV\",\"potentialAction\":[{\"@type\":\"ReadAction\",\"target\":[\"https:\\\/\\\/miumjau.ee\\\/lv\\\/produkts\\\/churu-bites-karums-kakiem-ar-vistu-3x10g\\\/\"]}]},{\"@type\":\"ImageObject\",\"inLanguage\":\"lv-LV\",\"@id\":\"https:\\\/\\\/miumjau.ee\\\/lv\\\/produkts\\\/churu-bites-karums-kakiem-ar-vistu-3x10g\\\/#primaryimage\",\"url\":\"https:\\\/\\\/miumjau.ee\\\/wp-content\\\/uploads\\\/2025\\\/01\\\/churu-maiused-kassidele-uued6.jpg\",\"contentUrl\":\"https:\\\/\\\/miumjau.ee\\\/wp-content\\\/uploads\\\/2025\\\/01\\\/churu-maiused-kassidele-uued6.jpg\",\"width\":600,\"height\":800},{\"@type\":\"BreadcrumbList\",\"@id\":\"https:\\\/\\\/miumjau.ee\\\/lv\\\/produkts\\\/churu-bites-karums-kakiem-ar-vistu-3x10g\\\/#breadcrumb\",\"itemListElement\":[{\"@type\":\"ListItem\",\"position\":1,\"name\":\"Home\",\"item\":\"https:\\\/\\\/miumjau.ee\\\/lv\\\/\"},{\"@type\":\"ListItem\",\"position\":2,\"name\":\"Veikals\",\"item\":\"https:\\\/\\\/miumjau.ee\\\/lv\\\/veikals\\\/\"},{\"@type\":\"ListItem\",\"position\":3,\"name\":\"Churu Bites k\u0101rums ka\u0137iem ar vistu 3x10g\"}]},{\"@type\":\"WebSite\",\"@id\":\"https:\\\/\\\/miumjau.ee\\\/#website\",\"url\":\"https:\\\/\\\/miumjau.ee\\\/\",\"name\":\"MiuMjau\",\"description\":\"Kraapimispuud kassidele\",\"publisher\":{\"@id\":\"https:\\\/\\\/miumjau.ee\\\/#organization\"},\"potentialAction\":[{\"@type\":\"SearchAction\",\"target\":{\"@type\":\"EntryPoint\",\"urlTemplate\":\"https:\\\/\\\/miumjau.ee\\\/?s={search_term_string}\"},\"query-input\":{\"@type\":\"PropertyValueSpecification\",\"valueRequired\":true,\"valueName\":\"search_term_string\"}}],\"inLanguage\":\"lv-LV\"},{\"@type\":\"Organization\",\"@id\":\"https:\\\/\\\/miumjau.ee\\\/#organization\",\"name\":\"MiuMjau O\u00dc\",\"url\":\"https:\\\/\\\/miumjau.ee\\\/\",\"logo\":{\"@type\":\"ImageObject\",\"inLanguage\":\"lv-LV\",\"@id\":\"https:\\\/\\\/miumjau.ee\\\/#\\\/schema\\\/logo\\\/image\\\/\",\"url\":\"https:\\\/\\\/miumjau.ee\\\/wp-content\\\/uploads\\\/2022\\\/04\\\/MiuMjau-logo-kollane.png\",\"contentUrl\":\"https:\\\/\\\/miumjau.ee\\\/wp-content\\\/uploads\\\/2022\\\/04\\\/MiuMjau-logo-kollane.png\",\"width\":219,\"height\":100,\"caption\":\"MiuMjau O\u00dc\"},\"image\":{\"@id\":\"https:\\\/\\\/miumjau.ee\\\/#\\\/schema\\\/logo\\\/image\\\/\"},\"sameAs\":[\"https:\\\/\\\/www.facebook.com\\\/miumjaupood\\\/\"]}]}<\/script>\n<!-- \/ Yoast SEO plugin. -->","yoast_head_json":{"title":"Churu Bites k\u0101rums ka\u0137iem ar vistu 3x10g - MiuMjau","robots":{"index":"index","follow":"follow","max-snippet":"max-snippet:-1","max-image-preview":"max-image-preview:large","max-video-preview":"max-video-preview:-1"},"canonical":"https:\/\/miumjau.ee\/lv\/produkts\/churu-bites-karums-kakiem-ar-vistu-3x10g\/","og_locale":"lv_LV","og_type":"article","og_title":"Churu Bites k\u0101rums ka\u0137iem ar vistu 3x10g - MiuMjau","og_description":"GATAVOTS NO VESEL\u012aG\u0100M SAST\u0100VDA\u013b\u0100M, KAM VAR UZTIC\u0112TIES: Katrs INABA produkts ir gatavots no gard\u0101m kvalitat\u012bv\u0101m sast\u0101vda\u013c\u0101m, tostarp ferm\u0101 audz\u0113tas vistas un dab\u0101 nozvejotas tuncis. DIVK\u0100RT\u0112JA TEKST\u016aRA: katra spilvena formas kumoss s\u0101kas ar m\u012bkstu ceptu vistas pastu, kas nesatur graudus, konservantus, karag\u0113nu vai m\u0101ksl\u012bg\u0101s kr\u0101svielas. P\u0113c tam centra da\u013cas piepild\u0101m ar INABA gardo Churu pild\u012bjumu, lai j\u016bsu ka\u0137im b\u016btu divreiz lab\u0101ka tekst\u016bra. Pat vissmag\u0101k izv\u0113l\u012bgais ka\u0137is \u0113d\u012bs \u0161os k\u0101rumus tie\u0161i no j\u016bsu rok\u0101m. SAST\u0100VS: vistas ga\u013ca, \u016bdens, tuncis, tapioka, olu baltums, n\u0101trija kasein\u0101ts, guar gumija, dab\u012bg\u0101 vistas gar\u0161a, dab\u012bgie arom\u0101ti, rauga ekstrakts, E vitam\u012bna piedeva, paprikas oleor\u0113z\u012bns (kr\u0101sa), za\u013c\u0101s t\u0113jas ekstrakts","og_url":"https:\/\/miumjau.ee\/lv\/produkts\/churu-bites-karums-kakiem-ar-vistu-3x10g\/","og_site_name":"MiuMjau","article_publisher":"https:\/\/www.facebook.com\/miumjaupood\/","og_image":[{"width":600,"height":800,"url":"https:\/\/miumjau.ee\/wp-content\/uploads\/2025\/01\/churu-maiused-kassidele-uued6.jpg","type":"image\/jpeg"}],"twitter_card":"summary_large_image","schema":{"@context":"https:\/\/schema.org","@graph":[{"@type":"WebPage","@id":"https:\/\/miumjau.ee\/lv\/produkts\/churu-bites-karums-kakiem-ar-vistu-3x10g\/","url":"https:\/\/miumjau.ee\/lv\/produkts\/churu-bites-karums-kakiem-ar-vistu-3x10g\/","name":"Churu Bites k\u0101rums ka\u0137iem ar vistu 3x10g - MiuMjau","isPartOf":{"@id":"https:\/\/miumjau.ee\/#website"},"primaryImageOfPage":{"@id":"https:\/\/miumjau.ee\/lv\/produkts\/churu-bites-karums-kakiem-ar-vistu-3x10g\/#primaryimage"},"image":{"@id":"https:\/\/miumjau.ee\/lv\/produkts\/churu-bites-karums-kakiem-ar-vistu-3x10g\/#primaryimage"},"thumbnailUrl":"https:\/\/miumjau.ee\/wp-content\/uploads\/2025\/01\/churu-maiused-kassidele-uued6.jpg","datePublished":"2025-01-14T08:09:14+00:00","breadcrumb":{"@id":"https:\/\/miumjau.ee\/lv\/produkts\/churu-bites-karums-kakiem-ar-vistu-3x10g\/#breadcrumb"},"inLanguage":"lv-LV","potentialAction":[{"@type":"ReadAction","target":["https:\/\/miumjau.ee\/lv\/produkts\/churu-bites-karums-kakiem-ar-vistu-3x10g\/"]}]},{"@type":"ImageObject","inLanguage":"lv-LV","@id":"https:\/\/miumjau.ee\/lv\/produkts\/churu-bites-karums-kakiem-ar-vistu-3x10g\/#primaryimage","url":"https:\/\/miumjau.ee\/wp-content\/uploads\/2025\/01\/churu-maiused-kassidele-uued6.jpg","contentUrl":"https:\/\/miumjau.ee\/wp-content\/uploads\/2025\/01\/churu-maiused-kassidele-uued6.jpg","width":600,"height":800},{"@type":"BreadcrumbList","@id":"https:\/\/miumjau.ee\/lv\/produkts\/churu-bites-karums-kakiem-ar-vistu-3x10g\/#breadcrumb","itemListElement":[{"@type":"ListItem","position":1,"name":"Home","item":"https:\/\/miumjau.ee\/lv\/"},{"@type":"ListItem","position":2,"name":"Veikals","item":"https:\/\/miumjau.ee\/lv\/veikals\/"},{"@type":"ListItem","position":3,"name":"Churu Bites k\u0101rums ka\u0137iem ar vistu 3x10g"}]},{"@type":"WebSite","@id":"https:\/\/miumjau.ee\/#website","url":"https:\/\/miumjau.ee\/","name":"MiuMjau","description":"Kraapimispuud kassidele","publisher":{"@id":"https:\/\/miumjau.ee\/#organization"},"potentialAction":[{"@type":"SearchAction","target":{"@type":"EntryPoint","urlTemplate":"https:\/\/miumjau.ee\/?s={search_term_string}"},"query-input":{"@type":"PropertyValueSpecification","valueRequired":true,"valueName":"search_term_string"}}],"inLanguage":"lv-LV"},{"@type":"Organization","@id":"https:\/\/miumjau.ee\/#organization","name":"MiuMjau O\u00dc","url":"https:\/\/miumjau.ee\/","logo":{"@type":"ImageObject","inLanguage":"lv-LV","@id":"https:\/\/miumjau.ee\/#\/schema\/logo\/image\/","url":"https:\/\/miumjau.ee\/wp-content\/uploads\/2022\/04\/MiuMjau-logo-kollane.png","contentUrl":"https:\/\/miumjau.ee\/wp-content\/uploads\/2022\/04\/MiuMjau-logo-kollane.png","width":219,"height":100,"caption":"MiuMjau O\u00dc"},"image":{"@id":"https:\/\/miumjau.ee\/#\/schema\/logo\/image\/"},"sameAs":["https:\/\/www.facebook.com\/miumjaupood\/"]}]}},"_links":{"self":[{"href":"https:\/\/miumjau.ee\/lv\/wp-json\/wp\/v2\/product\/55446","targetHints":{"allow":["GET"]}}],"collection":[{"href":"https:\/\/miumjau.ee\/lv\/wp-json\/wp\/v2\/product"}],"about":[{"href":"https:\/\/miumjau.ee\/lv\/wp-json\/wp\/v2\/types\/product"}],"wp:featuredmedia":[{"embeddable":true,"href":"https:\/\/miumjau.ee\/lv\/wp-json\/wp\/v2\/media\/55434"}],"wp:attachment":[{"href":"https:\/\/miumjau.ee\/lv\/wp-json\/wp\/v2\/media?parent=55446"}],"wp:term":[{"taxonomy":"product_brand","embeddable":true,"href":"https:\/\/miumjau.ee\/lv\/wp-json\/wp\/v2\/product_brand?post=55446"},{"taxonomy":"product_cat","embeddable":true,"href":"https:\/\/miumjau.ee\/lv\/wp-json\/wp\/v2\/product_cat?post=55446"},{"taxonomy":"product_tag","embeddable":true,"href":"https:\/\/miumjau.ee\/lv\/wp-json\/wp\/v2\/product_tag?post=55446"}],"curies":[{"name":"wp","href":"https:\/\/api.w.org\/{rel}","templated":true}]}}