{"id":55444,"date":"2025-01-14T10:07:20","date_gmt":"2025-01-14T08:07:20","guid":{"rendered":"https:\/\/miumjau.ee\/toode\/churu-pops-karums-kakiem-ar-vistu-4x15g\/"},"modified":"2025-01-14T10:07:20","modified_gmt":"2025-01-14T08:07:20","slug":"churu-pops-karums-kakiem-ar-vistu-4x15g","status":"publish","type":"product","link":"https:\/\/miumjau.ee\/lv\/produkts\/churu-pops-karums-kakiem-ar-vistu-4x15g\/","title":{"rendered":"Churu Pops k\u0101rums ka\u0137iem ar vistu 4x15g"},"content":{"rendered":"","protected":false},"excerpt":{"rendered":"<p data-start=\"122\" data-end=\"312\"><strong data-start=\"122\" data-end=\"180\">GATAVOTS NO VESEL\u012aG\u0100M SAST\u0100VDA\u013b\u0100M, KAM VAR UZTIC\u0112TIES:<\/strong> Katrs Inaba produkts ir gatavots no gard\u0101m kvalitat\u012bv\u0101m sast\u0101vda\u013c\u0101m, tostarp ferm\u0101 audz\u0113tas vistas un\/vai dab\u0101 nozvejotas tuncis.<\/p>\n<p data-start=\"314\" data-end=\"487\"><strong data-start=\"314\" data-end=\"351\">\u013bAUJIET VI\u0145IEM \u0112ST TIE\u0160I NO JUMS:<\/strong> \u0161o maigo un sul\u012bgo k\u0101rumu var izspiest no t\u016bbi\u0146as, lai barotu roku baro\u0161anas veid\u0101, radot jautru iesp\u0113ju mijiedarboties ar savu ka\u0137i.<\/p>\n<p data-start=\"489\" data-end=\"643\"><strong data-start=\"489\" data-end=\"501\">SAST\u0100VS:<\/strong> \u016bdens, vistas ga\u013ca, dab\u012bgie arom\u0101ti, dab\u012bg\u0101 j\u016bras gar\u0161a, agar-agar, guar gumija, ksant\u0101na gumija, E vitam\u012bna piedeva, za\u013c\u0101s t\u0113jas ekstrakts<\/p>\n","protected":false},"featured_media":55433,"template":"","meta":[],"product_brand":[],"product_cat":[570],"product_tag":[],"class_list":{"0":"post-55444","1":"product","2":"type-product","3":"status-publish","4":"has-post-thumbnail","6":"product_cat-naski","8":"first","9":"instock","10":"taxable","11":"shipping-taxable","12":"purchasable","13":"product-type-simple"},"yoast_head":"<!-- This site is optimized with the Yoast SEO plugin v27.4 - https:\/\/yoast.com\/product\/yoast-seo-wordpress\/ -->\n<title>Churu Pops k\u0101rums ka\u0137iem ar vistu 4x15g - MiuMjau<\/title>\n<meta name=\"robots\" content=\"index, follow, max-snippet:-1, max-image-preview:large, max-video-preview:-1\" \/>\n<link rel=\"canonical\" href=\"https:\/\/miumjau.ee\/lv\/produkts\/churu-pops-karums-kakiem-ar-vistu-4x15g\/\" \/>\n<meta property=\"og:locale\" content=\"lv_LV\" \/>\n<meta property=\"og:type\" content=\"article\" \/>\n<meta property=\"og:title\" content=\"Churu Pops k\u0101rums ka\u0137iem ar vistu 4x15g - MiuMjau\" \/>\n<meta property=\"og:description\" content=\"GATAVOTS NO VESEL\u012aG\u0100M SAST\u0100VDA\u013b\u0100M, KAM VAR UZTIC\u0112TIES: Katrs Inaba produkts ir gatavots no gard\u0101m kvalitat\u012bv\u0101m sast\u0101vda\u013c\u0101m, tostarp ferm\u0101 audz\u0113tas vistas un\/vai dab\u0101 nozvejotas tuncis. \u013bAUJIET VI\u0145IEM \u0112ST TIE\u0160I NO JUMS: \u0161o maigo un sul\u012bgo k\u0101rumu var izspiest no t\u016bbi\u0146as, lai barotu roku baro\u0161anas veid\u0101, radot jautru iesp\u0113ju mijiedarboties ar savu ka\u0137i. SAST\u0100VS: \u016bdens, vistas ga\u013ca, dab\u012bgie arom\u0101ti, dab\u012bg\u0101 j\u016bras gar\u0161a, agar-agar, guar gumija, ksant\u0101na gumija, E vitam\u012bna piedeva, za\u013c\u0101s t\u0113jas ekstrakts\" \/>\n<meta property=\"og:url\" content=\"https:\/\/miumjau.ee\/lv\/produkts\/churu-pops-karums-kakiem-ar-vistu-4x15g\/\" \/>\n<meta property=\"og:site_name\" content=\"MiuMjau\" \/>\n<meta property=\"article:publisher\" content=\"https:\/\/www.facebook.com\/miumjaupood\/\" \/>\n<meta property=\"og:image\" content=\"https:\/\/miumjau.ee\/wp-content\/uploads\/2025\/01\/churu-maiused-kassidele-uued4.jpg\" \/>\n\t<meta property=\"og:image:width\" content=\"600\" \/>\n\t<meta property=\"og:image:height\" content=\"800\" \/>\n\t<meta property=\"og:image:type\" content=\"image\/jpeg\" \/>\n<meta name=\"twitter:card\" content=\"summary_large_image\" \/>\n<script type=\"application\/ld+json\" class=\"yoast-schema-graph\">{\"@context\":\"https:\\\/\\\/schema.org\",\"@graph\":[{\"@type\":\"WebPage\",\"@id\":\"https:\\\/\\\/miumjau.ee\\\/lv\\\/produkts\\\/churu-pops-karums-kakiem-ar-vistu-4x15g\\\/\",\"url\":\"https:\\\/\\\/miumjau.ee\\\/lv\\\/produkts\\\/churu-pops-karums-kakiem-ar-vistu-4x15g\\\/\",\"name\":\"Churu Pops k\u0101rums ka\u0137iem ar vistu 4x15g - MiuMjau\",\"isPartOf\":{\"@id\":\"https:\\\/\\\/miumjau.ee\\\/#website\"},\"primaryImageOfPage\":{\"@id\":\"https:\\\/\\\/miumjau.ee\\\/lv\\\/produkts\\\/churu-pops-karums-kakiem-ar-vistu-4x15g\\\/#primaryimage\"},\"image\":{\"@id\":\"https:\\\/\\\/miumjau.ee\\\/lv\\\/produkts\\\/churu-pops-karums-kakiem-ar-vistu-4x15g\\\/#primaryimage\"},\"thumbnailUrl\":\"https:\\\/\\\/miumjau.ee\\\/wp-content\\\/uploads\\\/2025\\\/01\\\/churu-maiused-kassidele-uued4.jpg\",\"datePublished\":\"2025-01-14T08:07:20+00:00\",\"breadcrumb\":{\"@id\":\"https:\\\/\\\/miumjau.ee\\\/lv\\\/produkts\\\/churu-pops-karums-kakiem-ar-vistu-4x15g\\\/#breadcrumb\"},\"inLanguage\":\"lv-LV\",\"potentialAction\":[{\"@type\":\"ReadAction\",\"target\":[\"https:\\\/\\\/miumjau.ee\\\/lv\\\/produkts\\\/churu-pops-karums-kakiem-ar-vistu-4x15g\\\/\"]}]},{\"@type\":\"ImageObject\",\"inLanguage\":\"lv-LV\",\"@id\":\"https:\\\/\\\/miumjau.ee\\\/lv\\\/produkts\\\/churu-pops-karums-kakiem-ar-vistu-4x15g\\\/#primaryimage\",\"url\":\"https:\\\/\\\/miumjau.ee\\\/wp-content\\\/uploads\\\/2025\\\/01\\\/churu-maiused-kassidele-uued4.jpg\",\"contentUrl\":\"https:\\\/\\\/miumjau.ee\\\/wp-content\\\/uploads\\\/2025\\\/01\\\/churu-maiused-kassidele-uued4.jpg\",\"width\":600,\"height\":800},{\"@type\":\"BreadcrumbList\",\"@id\":\"https:\\\/\\\/miumjau.ee\\\/lv\\\/produkts\\\/churu-pops-karums-kakiem-ar-vistu-4x15g\\\/#breadcrumb\",\"itemListElement\":[{\"@type\":\"ListItem\",\"position\":1,\"name\":\"Home\",\"item\":\"https:\\\/\\\/miumjau.ee\\\/lv\\\/\"},{\"@type\":\"ListItem\",\"position\":2,\"name\":\"Veikals\",\"item\":\"https:\\\/\\\/miumjau.ee\\\/lv\\\/veikals\\\/\"},{\"@type\":\"ListItem\",\"position\":3,\"name\":\"Churu Pops k\u0101rums ka\u0137iem ar vistu 4x15g\"}]},{\"@type\":\"WebSite\",\"@id\":\"https:\\\/\\\/miumjau.ee\\\/#website\",\"url\":\"https:\\\/\\\/miumjau.ee\\\/\",\"name\":\"MiuMjau\",\"description\":\"Kraapimispuud kassidele\",\"publisher\":{\"@id\":\"https:\\\/\\\/miumjau.ee\\\/#organization\"},\"potentialAction\":[{\"@type\":\"SearchAction\",\"target\":{\"@type\":\"EntryPoint\",\"urlTemplate\":\"https:\\\/\\\/miumjau.ee\\\/?s={search_term_string}\"},\"query-input\":{\"@type\":\"PropertyValueSpecification\",\"valueRequired\":true,\"valueName\":\"search_term_string\"}}],\"inLanguage\":\"lv-LV\"},{\"@type\":\"Organization\",\"@id\":\"https:\\\/\\\/miumjau.ee\\\/#organization\",\"name\":\"MiuMjau O\u00dc\",\"url\":\"https:\\\/\\\/miumjau.ee\\\/\",\"logo\":{\"@type\":\"ImageObject\",\"inLanguage\":\"lv-LV\",\"@id\":\"https:\\\/\\\/miumjau.ee\\\/#\\\/schema\\\/logo\\\/image\\\/\",\"url\":\"https:\\\/\\\/miumjau.ee\\\/wp-content\\\/uploads\\\/2022\\\/04\\\/MiuMjau-logo-kollane.png\",\"contentUrl\":\"https:\\\/\\\/miumjau.ee\\\/wp-content\\\/uploads\\\/2022\\\/04\\\/MiuMjau-logo-kollane.png\",\"width\":219,\"height\":100,\"caption\":\"MiuMjau O\u00dc\"},\"image\":{\"@id\":\"https:\\\/\\\/miumjau.ee\\\/#\\\/schema\\\/logo\\\/image\\\/\"},\"sameAs\":[\"https:\\\/\\\/www.facebook.com\\\/miumjaupood\\\/\"]}]}<\/script>\n<!-- \/ Yoast SEO plugin. -->","yoast_head_json":{"title":"Churu Pops k\u0101rums ka\u0137iem ar vistu 4x15g - MiuMjau","robots":{"index":"index","follow":"follow","max-snippet":"max-snippet:-1","max-image-preview":"max-image-preview:large","max-video-preview":"max-video-preview:-1"},"canonical":"https:\/\/miumjau.ee\/lv\/produkts\/churu-pops-karums-kakiem-ar-vistu-4x15g\/","og_locale":"lv_LV","og_type":"article","og_title":"Churu Pops k\u0101rums ka\u0137iem ar vistu 4x15g - MiuMjau","og_description":"GATAVOTS NO VESEL\u012aG\u0100M SAST\u0100VDA\u013b\u0100M, KAM VAR UZTIC\u0112TIES: Katrs Inaba produkts ir gatavots no gard\u0101m kvalitat\u012bv\u0101m sast\u0101vda\u013c\u0101m, tostarp ferm\u0101 audz\u0113tas vistas un\/vai dab\u0101 nozvejotas tuncis. \u013bAUJIET VI\u0145IEM \u0112ST TIE\u0160I NO JUMS: \u0161o maigo un sul\u012bgo k\u0101rumu var izspiest no t\u016bbi\u0146as, lai barotu roku baro\u0161anas veid\u0101, radot jautru iesp\u0113ju mijiedarboties ar savu ka\u0137i. SAST\u0100VS: \u016bdens, vistas ga\u013ca, dab\u012bgie arom\u0101ti, dab\u012bg\u0101 j\u016bras gar\u0161a, agar-agar, guar gumija, ksant\u0101na gumija, E vitam\u012bna piedeva, za\u013c\u0101s t\u0113jas ekstrakts","og_url":"https:\/\/miumjau.ee\/lv\/produkts\/churu-pops-karums-kakiem-ar-vistu-4x15g\/","og_site_name":"MiuMjau","article_publisher":"https:\/\/www.facebook.com\/miumjaupood\/","og_image":[{"width":600,"height":800,"url":"https:\/\/miumjau.ee\/wp-content\/uploads\/2025\/01\/churu-maiused-kassidele-uued4.jpg","type":"image\/jpeg"}],"twitter_card":"summary_large_image","schema":{"@context":"https:\/\/schema.org","@graph":[{"@type":"WebPage","@id":"https:\/\/miumjau.ee\/lv\/produkts\/churu-pops-karums-kakiem-ar-vistu-4x15g\/","url":"https:\/\/miumjau.ee\/lv\/produkts\/churu-pops-karums-kakiem-ar-vistu-4x15g\/","name":"Churu Pops k\u0101rums ka\u0137iem ar vistu 4x15g - MiuMjau","isPartOf":{"@id":"https:\/\/miumjau.ee\/#website"},"primaryImageOfPage":{"@id":"https:\/\/miumjau.ee\/lv\/produkts\/churu-pops-karums-kakiem-ar-vistu-4x15g\/#primaryimage"},"image":{"@id":"https:\/\/miumjau.ee\/lv\/produkts\/churu-pops-karums-kakiem-ar-vistu-4x15g\/#primaryimage"},"thumbnailUrl":"https:\/\/miumjau.ee\/wp-content\/uploads\/2025\/01\/churu-maiused-kassidele-uued4.jpg","datePublished":"2025-01-14T08:07:20+00:00","breadcrumb":{"@id":"https:\/\/miumjau.ee\/lv\/produkts\/churu-pops-karums-kakiem-ar-vistu-4x15g\/#breadcrumb"},"inLanguage":"lv-LV","potentialAction":[{"@type":"ReadAction","target":["https:\/\/miumjau.ee\/lv\/produkts\/churu-pops-karums-kakiem-ar-vistu-4x15g\/"]}]},{"@type":"ImageObject","inLanguage":"lv-LV","@id":"https:\/\/miumjau.ee\/lv\/produkts\/churu-pops-karums-kakiem-ar-vistu-4x15g\/#primaryimage","url":"https:\/\/miumjau.ee\/wp-content\/uploads\/2025\/01\/churu-maiused-kassidele-uued4.jpg","contentUrl":"https:\/\/miumjau.ee\/wp-content\/uploads\/2025\/01\/churu-maiused-kassidele-uued4.jpg","width":600,"height":800},{"@type":"BreadcrumbList","@id":"https:\/\/miumjau.ee\/lv\/produkts\/churu-pops-karums-kakiem-ar-vistu-4x15g\/#breadcrumb","itemListElement":[{"@type":"ListItem","position":1,"name":"Home","item":"https:\/\/miumjau.ee\/lv\/"},{"@type":"ListItem","position":2,"name":"Veikals","item":"https:\/\/miumjau.ee\/lv\/veikals\/"},{"@type":"ListItem","position":3,"name":"Churu Pops k\u0101rums ka\u0137iem ar vistu 4x15g"}]},{"@type":"WebSite","@id":"https:\/\/miumjau.ee\/#website","url":"https:\/\/miumjau.ee\/","name":"MiuMjau","description":"Kraapimispuud kassidele","publisher":{"@id":"https:\/\/miumjau.ee\/#organization"},"potentialAction":[{"@type":"SearchAction","target":{"@type":"EntryPoint","urlTemplate":"https:\/\/miumjau.ee\/?s={search_term_string}"},"query-input":{"@type":"PropertyValueSpecification","valueRequired":true,"valueName":"search_term_string"}}],"inLanguage":"lv-LV"},{"@type":"Organization","@id":"https:\/\/miumjau.ee\/#organization","name":"MiuMjau O\u00dc","url":"https:\/\/miumjau.ee\/","logo":{"@type":"ImageObject","inLanguage":"lv-LV","@id":"https:\/\/miumjau.ee\/#\/schema\/logo\/image\/","url":"https:\/\/miumjau.ee\/wp-content\/uploads\/2022\/04\/MiuMjau-logo-kollane.png","contentUrl":"https:\/\/miumjau.ee\/wp-content\/uploads\/2022\/04\/MiuMjau-logo-kollane.png","width":219,"height":100,"caption":"MiuMjau O\u00dc"},"image":{"@id":"https:\/\/miumjau.ee\/#\/schema\/logo\/image\/"},"sameAs":["https:\/\/www.facebook.com\/miumjaupood\/"]}]}},"_links":{"self":[{"href":"https:\/\/miumjau.ee\/lv\/wp-json\/wp\/v2\/product\/55444","targetHints":{"allow":["GET"]}}],"collection":[{"href":"https:\/\/miumjau.ee\/lv\/wp-json\/wp\/v2\/product"}],"about":[{"href":"https:\/\/miumjau.ee\/lv\/wp-json\/wp\/v2\/types\/product"}],"wp:featuredmedia":[{"embeddable":true,"href":"https:\/\/miumjau.ee\/lv\/wp-json\/wp\/v2\/media\/55433"}],"wp:attachment":[{"href":"https:\/\/miumjau.ee\/lv\/wp-json\/wp\/v2\/media?parent=55444"}],"wp:term":[{"taxonomy":"product_brand","embeddable":true,"href":"https:\/\/miumjau.ee\/lv\/wp-json\/wp\/v2\/product_brand?post=55444"},{"taxonomy":"product_cat","embeddable":true,"href":"https:\/\/miumjau.ee\/lv\/wp-json\/wp\/v2\/product_cat?post=55444"},{"taxonomy":"product_tag","embeddable":true,"href":"https:\/\/miumjau.ee\/lv\/wp-json\/wp\/v2\/product_tag?post=55444"}],"curies":[{"name":"wp","href":"https:\/\/api.w.org\/{rel}","templated":true}]}}